{"id":1671,"date":"2024-12-23T07:00:44","date_gmt":"2024-12-23T07:00:44","guid":{"rendered":"https:\/\/fmp-components.com\/product\/cost-effective-double-acting-hydraulic-cylinder-dump-truck-telescopic-hydraulic-cylinder\/"},"modified":"2025-03-11T05:47:09","modified_gmt":"2025-03-11T05:47:09","slug":"cost-effective-double-acting-hydraulic-cylinder-dump-truck-telescopic-hydraulic-cylinder","status":"publish","type":"product","link":"https:\/\/fmp-components.com\/fr\/product\/cost-effective-double-acting-hydraulic-cylinder-dump-truck-telescopic-hydraulic-cylinder\/","title":{"rendered":"V\u00e9rin hydraulique t\u00e9lescopique \u00e0 double effet pour camion \u00e0 benne basculante"},"content":{"rendered":"<h2>Pr\u00e9sentation du v\u00e9rin hydraulique double effet \u00e9conomique pour camions-bennes<\/h2>\n<p>Le v\u00e9rin hydraulique double effet \u00e9conomique est un composant hydraulique de haute qualit\u00e9 et fiable, sp\u00e9cialement con\u00e7u pour les camions-bennes. Ce produit innovant offre des performances et une efficacit\u00e9 exceptionnelles, ce qui en fait un choix id\u00e9al pour diverses applications industrielles.<\/p>\n<p>Gr\u00e2ce \u00e0 sa technologie de pointe et \u00e0 sa construction robuste, le v\u00e9rin hydraulique double effet \u00e9conomique garantit un fonctionnement fluide et pr\u00e9cis. Con\u00e7u pour r\u00e9sister aux charges importantes et aux conditions extr\u00eames, il offre une durabilit\u00e9 et une fiabilit\u00e9 exceptionnelles.<\/p>\n<p>L'un des principaux atouts de ce v\u00e9rin hydraulique r\u00e9side dans sa conception \u00e0 double effet. Il peut ainsi g\u00e9n\u00e9rer une force dans les deux sens, garantissant un fonctionnement efficace et rapide. Que ce soit en extension ou en r\u00e9traction, ce v\u00e9rin hydraulique offre une puissance et des performances constantes.<\/p>\n<p>Le v\u00e9rin hydraulique double effet \u00e9conomique est \u00e9galement dot\u00e9 d'une conception t\u00e9lescopique permettant d'ajuster la course. Cette caract\u00e9ristique permet aux conducteurs de tombereaux d'optimiser les performances du v\u00e9rin en fonction de leurs besoins sp\u00e9cifiques. Elle garantit un meilleur contr\u00f4le du processus de d\u00e9versement, ce qui se traduit par une productivit\u00e9 et une efficacit\u00e9 accrues.<\/p>\n<p>Un autre atout de ce v\u00e9rin hydraulique r\u00e9side dans son excellent rapport qualit\u00e9-prix. Il offre un rapport qualit\u00e9-prix exceptionnel sans compromis sur la qualit\u00e9. La robustesse des mat\u00e9riaux et la pr\u00e9cision de sa conception garantissent des besoins de maintenance minimaux, r\u00e9duisant ainsi les temps d'arr\u00eat et les co\u00fbts d'exploitation globaux.<\/p>\n<table style=\"width: 100%;\" border=\"1\" width=\"100%\" cellspacing=\"0\" cellpadding=\"0\">\n<tbody>\n<tr>\n<th>Nom du produit<\/th>\n<td>Cylindre hydraulique \u00e0 double effet \u00e9conomique<\/td>\n<\/tr>\n<tr>\n<th>Condition<\/th>\n<td>Nouveau<\/td>\n<\/tr>\n<tr>\n<th>Conception<\/th>\n<td>Double action avec fonctions t\u00e9lescopiques<\/td>\n<\/tr>\n<tr>\n<th>Application<\/th>\n<td>Camions-bennes<\/td>\n<\/tr>\n<tr>\n<th>Performance<\/th>\n<td>Fiable et efficace<\/td>\n<\/tr>\n<tr>\n<th>Versatilit\u00e9<\/th>\n<td>Adapt\u00e9 \u00e0 diverses applications<\/td>\n<\/tr>\n<tr>\n<th>Valeur d'investissement<\/th>\n<td>Rentable pour les propri\u00e9taires de camions-bennes<\/td>\n<\/tr>\n<tr>\n<th>Caract\u00e9ristiques<\/th>\n<td>Technologie de pointe et hautes performances<\/td>\n<\/tr>\n<\/tbody>\n<\/table>\n<h2>Caract\u00e9ristiques du v\u00e9rin hydraulique<\/h2>\n<p>Dot\u00e9 de nombreuses fonctionnalit\u00e9s impressionnantes, ce v\u00e9rin hydraulique se distingue sur le march\u00e9. Voici ses principales caract\u00e9ristiques\u00a0:<\/p>\n<ol>\n<li>Composants principaux : Roulement, cylindre \u00e0 piston, assurant stabilit\u00e9 et durabilit\u00e9.<\/li>\n<li>Pouss\u00e9e maximale de 3000, offrant une capacit\u00e9 et une efficacit\u00e9 \u00e9lev\u00e9es.<\/li>\n<li>Fabriqu\u00e9 en acier robuste, garantissant solidit\u00e9 et long\u00e9vit\u00e9.<\/li>\n<li>Conforme \u00e0 la certification ISO9001:2000, garantissant qualit\u00e9 et s\u00e9curit\u00e9.<\/li>\n<li>Il est assorti d'une garantie d'un an, offrant ainsi une tranquillit\u00e9 d'esprit aux clients.<\/li>\n<\/ol>\n<p><img decoding=\"async\" src=\"https:\/\/hzpt.com\/wp-content\/uploads\/2023\/11\/Inverted-Telescopic-Cylinder-7.webp\" alt=\"\" title=\"\"><\/p>\n<h2>Applications du v\u00e9rin hydraulique<\/h2>\n<p>Le v\u00e9rin hydraulique est indispensable dans de nombreux secteurs industriels. Voici quelques-unes de ses principales applications\u00a0:<\/p>\n<ol>\n<li>Usines de fabrication : Pour les op\u00e9rations de machines lourdes et les processus de fabrication.<\/li>\n<li>Ateliers de r\u00e9paration de machines : Utiles pour les t\u00e2ches de r\u00e9paration et d'entretien.<\/li>\n<li>Exploitations agricoles\u00a0: Utilis\u00e9 dans divers \u00e9quipements agricoles pour des op\u00e9rations agricoles efficaces.<\/li>\n<li>\u00c9nergie et mines : Indispensable pour le levage de charges lourdes et autres proc\u00e9d\u00e9s miniers.<\/li>\n<li>Usine de machines : Indispensable pour la production et l'assemblage de pi\u00e8ces de machines.<\/li>\n<\/ol>\n<p><img decoding=\"async\" src=\"https:\/\/hzpt.com\/wp-content\/uploads\/2023\/11\/Inverted-Telescopic-Cylinder-Applications.webp\" alt=\"Applications des v\u00e9rins hydrauliques\" title=\"\"><\/p>\n<h2>Principe de fonctionnement et entretien du v\u00e9rin hydraulique<\/h2>\n<p>Le v\u00e9rin hydraulique fonctionne selon un m\u00e9canisme simple mais efficace. Voici comment il fonctionne et comment l'entretenir\u00a0:<\/p>\n<ol>\n<li style=\"list-style-type: none;\">\n<ol>\n<li>Configuration : Le cylindre comprend un piston et un palier pour un fonctionnement en douceur.<\/li>\n<li>Entr\u00e9e de fluide hydraulique\u00a0: le fluide est pomp\u00e9 dans le cylindre, ce qui provoque son extension ou sa r\u00e9traction.<\/li>\n<li>Force de sortie : La pression du fluide g\u00e9n\u00e8re une force, permettant au cylindre de soulever des charges lourdes.<\/li>\n<li>Inspections r\u00e9guli\u00e8res\u00a0: des contr\u00f4les r\u00e9guliers permettent de s\u2019assurer du bon fonctionnement des composants.<\/li>\n<li>Nettoyage et lubrification\u00a0: Un nettoyage et une lubrification r\u00e9guliers pr\u00e9viennent l\u2019usure et prolongent la dur\u00e9e de vie du cylindre.<\/li>\n<\/ol>\n<\/li>\n<\/ol>\n<p><img decoding=\"async\" src=\"https:\/\/hzpt.com\/wp-content\/uploads\/2023\/11\/Inverted-Telescopic-Cylinder-4.webp\" alt=\"\" title=\"\"><\/p>\n<h2>V\u00e9rin t\u00e9lescopique invers\u00e9<\/h2>\n<p>Un v\u00e9rin hydraulique double effet \u00e9conomique est un composant essentiel du syst\u00e8me hydraulique d'un camion-benne. Ce type de v\u00e9rin, appel\u00e9 v\u00e9rin t\u00e9lescopique invers\u00e9, est sp\u00e9cialement con\u00e7u pour fournir la force et la stabilit\u00e9 n\u00e9cessaires au bon fonctionnement d'un camion-benne. Cet article pr\u00e9sente en d\u00e9tail les caract\u00e9ristiques et les avantages du v\u00e9rin t\u00e9lescopique invers\u00e9, en soulignant son rapport qualit\u00e9-prix et ses performances sup\u00e9rieures.<\/p>\n<h3>1. Rentabilit\u00e9<\/h3>\n<p>Le v\u00e9rin t\u00e9lescopique invers\u00e9 offre une solution \u00e9conomique aux fabricants et exploitants de camions-bennes. Gr\u00e2ce \u00e0 sa conception t\u00e9lescopique, ce v\u00e9rin est plus compact que les v\u00e9rins monoblocs traditionnels. Cela permet non seulement de r\u00e9duire les co\u00fbts de fabrication, mais aussi de gagner de la place et d'all\u00e9ger le ch\u00e2ssis du camion-benne. De plus, l'utilisation de mat\u00e9riaux de haute qualit\u00e9 et une ing\u00e9nierie de pr\u00e9cision garantissent sa durabilit\u00e9 et des \u00e9conomies \u00e0 long terme en minimisant les frais de maintenance et de remplacement.<\/p>\n<h3>2. Fonctionnalit\u00e9 \u00e0 double effet<\/h3>\n<p>La fonction double effet du v\u00e9rin t\u00e9lescopique invers\u00e9 constitue un autre atout majeur. Contrairement aux v\u00e9rins simple effet, qui n'exercent une force que dans un seul sens, les v\u00e9rins double effet peuvent exercer une force aussi bien en extension qu'en r\u00e9traction. Ceci permet un contr\u00f4le et une efficacit\u00e9 accrus du syst\u00e8me hydraulique du camion-benne. En assurant une ma\u00eetrise pr\u00e9cise des mouvements de d\u00e9versement et de r\u00e9traction, le v\u00e9rin t\u00e9lescopique invers\u00e9 double effet garantit un d\u00e9versement fluide et efficace des mat\u00e9riaux, augmentant ainsi la productivit\u00e9 et r\u00e9duisant les temps de cycle.<\/p>\n<h3>3. Performances hydrauliques sup\u00e9rieures<\/h3>\n<p>Le v\u00e9rin t\u00e9lescopique invers\u00e9 est con\u00e7u pour offrir des performances hydrauliques sup\u00e9rieures, fournissant la force n\u00e9cessaire pour soulever facilement des charges lourdes. Sa conception avanc\u00e9e int\u00e8gre plusieurs \u00e9tages, chacun \u00e9tant embo\u00eet\u00e9 dans le pr\u00e9c\u00e9dent. Cette configuration permet une course plus longue tout en conservant un encombrement r\u00e9duit. De ce fait, le v\u00e9rin peut g\u00e9n\u00e9rer une force plus importante et soulever des charges plus lourdes, ce qui le rend id\u00e9al pour les camions-bennes utilis\u00e9s dans des applications exigeantes.<\/p>\n<h3>4. Application pour camion-benne<\/h3>\n<p>Le v\u00e9rin t\u00e9lescopique invers\u00e9 est sp\u00e9cialement con\u00e7u pour les camions-bennes, o\u00f9 il joue un r\u00f4le crucial dans le bon fonctionnement du syst\u00e8me hydraulique. Il assure principalement la lev\u00e9e et l'abaissement de la benne, permettant ainsi un d\u00e9chargement efficace des mat\u00e9riaux. Sa construction robuste et sa capacit\u00e9 \u00e0 r\u00e9sister \u00e0 la haute pression lui permettent d'\u00eatre parfaitement adapt\u00e9 aux conditions exigeantes rencontr\u00e9es dans les secteurs de la construction, des mines et de la gestion des d\u00e9chets.<\/p>\n<h3>5. V\u00e9rin hydraulique t\u00e9lescopique<\/h3>\n<p>Un v\u00e9rin hydraulique t\u00e9lescopique est un v\u00e9rin compos\u00e9 de plusieurs sections qui se d\u00e9ploient ou se replient comme un t\u00e9lescope. Le v\u00e9rin t\u00e9lescopique invers\u00e9 appartient \u00e0 cette cat\u00e9gorie et offre les avantages mentionn\u00e9s pr\u00e9c\u00e9demment. Ce type de v\u00e9rin est couramment utilis\u00e9 dans diverses applications n\u00e9cessitant une grande course sans compromettre l'espace disponible. Sa conception t\u00e9lescopique permet une port\u00e9e accrue tout en conservant une taille compacte, ce qui le rend extr\u00eamement polyvalent et performant.<\/p>\n<p>En conclusion, le v\u00e9rin t\u00e9lescopique invers\u00e9 est un v\u00e9rin hydraulique double effet \u00e9conomique offrant des performances sup\u00e9rieures pour les applications sur camions-bennes. Sa taille compacte, sa pr\u00e9cision de contr\u00f4le et sa capacit\u00e9 \u00e0 supporter des charges importantes en font un composant essentiel au bon fonctionnement des camions-bennes dans divers secteurs d'activit\u00e9. En optant pour cette conception de v\u00e9rin innovante, les fabricants et les exploitants de camions-bennes peuvent b\u00e9n\u00e9ficier d'une productivit\u00e9 accrue, de co\u00fbts r\u00e9duits et de performances globales am\u00e9lior\u00e9es.<\/p>\n<h3>\u00c0 propos de FMP<\/h3>\n<p>FMP est une entreprise leader sp\u00e9cialis\u00e9e dans la production et la vente de v\u00e9rins hydrauliques. Forte de nombreuses ann\u00e9es d'exp\u00e9rience dans le secteur et d'une \u00e9quipe de professionnels, elle s'engage \u00e0 fournir \u00e0 ses clients des v\u00e9rins hydrauliques fiables et de haute qualit\u00e9, ainsi que des solutions compl\u00e8tes pour leurs machines.<\/p>\n<p><img decoding=\"async\" src=\"https:\/\/fmp-components.com\/wp-content\/uploads\/2024\/12\/Adjustable-Clevis-Type-Cylinders-6.webp\" alt=\"V\u00e9rin \u00e0 chape r\u00e9glable\" width=\"837\" title=\"\"><\/p>\n<p>Voici cinq avantages cl\u00e9s de nos produits et de notre entreprise\u00a0:<\/p>\n<ol>\n<li>Large choix de solutions\u00a0: Nous proposons une gamme compl\u00e8te de v\u00e9rins hydrauliques adapt\u00e9s \u00e0 diverses applications dans le secteur des engins de chantier. Des v\u00e9rins \u00e0 chape r\u00e9glable aux mod\u00e8les plus sp\u00e9cialis\u00e9s, nous avons la solution id\u00e9ale pour r\u00e9pondre \u00e0 vos besoins sp\u00e9cifiques.<\/li>\n<li>Qualit\u00e9 sup\u00e9rieure\u00a0: Chez FMP, la qualit\u00e9 est notre priorit\u00e9. Nous veillons \u00e0 ce que tous nos v\u00e9rins hydrauliques r\u00e9pondent \u00e0 des normes de qualit\u00e9 strictes. Nos produits sont fabriqu\u00e9s \u00e0 partir de mat\u00e9riaux de premi\u00e8re qualit\u00e9 et font l\u2019objet de tests rigoureux afin de garantir leur durabilit\u00e9 et leurs performances.<\/li>\n<li>\u00c9quipe commerciale experte\u00a0: Notre \u00e9quipe commerciale exp\u00e9riment\u00e9e poss\u00e8de une connaissance approfondie du secteur des engins de construction, se tient au courant des derni\u00e8res tendances et comprend les besoins des clients. Elle est pr\u00eate \u00e0 vous fournir des conseils professionnels sur les produits et \u00e0 vous proposer des suggestions d\u2019achat judicieuses pour vous aider \u00e0 prendre des d\u00e9cisions \u00e9clair\u00e9es.<\/li>\n<li>Logistique performante\u00a0: Conscients de l\u2019importance d\u2019une livraison rapide, nous avons mis en place un syst\u00e8me de distribution logistique performant. Ce syst\u00e8me garantit \u00e0 nos clients la r\u00e9ception des v\u00e9rins hydrauliques command\u00e9s dans les meilleurs d\u00e9lais et avec pr\u00e9cision, minimisant ainsi les risques de retards ou de perturbations.<\/li>\n<li>Relations solides avec les fournisseurs\u00a0: Gr\u00e2ce \u00e0 des relations de coop\u00e9ration stables et durables avec des fournisseurs de haute qualit\u00e9, tant au niveau national qu\u2019international, nous nous approvisionnons en composants et mat\u00e9riaux de premier choix pour nos v\u00e9rins hydrauliques. Cela nous permet de garantir une qualit\u00e9 et des performances constantes pour l\u2019ensemble de notre gamme de produits.<\/li>\n<\/ol>\n<p>Choisissez FMP pour vos besoins en v\u00e9rins hydrauliques et d\u00e9couvrez la fiabilit\u00e9 et l'excellence de nos services. Contactez-nous d\u00e8s aujourd'hui pour discuter de vos besoins et \u00e9tablir un partenariat fructueux.<\/p>\n<p>Auteur : CX<\/p>","protected":false},"excerpt":{"rendered":"<p>Introducing the Cost Effective Double Acting Hydraulic Cylinder for Dump Trucks The Cost Effective Double Acting Hydraulic Cylinder is a high-quality and reliable hydraulic component specifically designed for dump trucks. This innovative product offers exceptional performance and efficiency, making it an ideal choice for various industrial applications. With its advanced technology and robust construction, the [&hellip;]<\/p>","protected":false},"featured_media":1672,"comment_status":"closed","ping_status":"closed","template":"","meta":{"_et_pb_use_builder":"","_et_pb_old_content":"","_et_gb_content_width":""},"product_brand":[],"product_cat":[45],"product_tag":[34,48],"class_list":{"0":"post-1671","1":"product","2":"type-product","3":"status-publish","4":"has-post-thumbnail","6":"product_cat-inverted-telescopic-cylinder","7":"product_tag-hydraulic-cylinder","8":"product_tag-inverted-telescopic-cylinder","10":"first","11":"instock","12":"product-type-simple"},"_links":{"self":[{"href":"https:\/\/fmp-components.com\/fr\/wp-json\/wp\/v2\/product\/1671","targetHints":{"allow":["GET"]}}],"collection":[{"href":"https:\/\/fmp-components.com\/fr\/wp-json\/wp\/v2\/product"}],"about":[{"href":"https:\/\/fmp-components.com\/fr\/wp-json\/wp\/v2\/types\/product"}],"replies":[{"embeddable":true,"href":"https:\/\/fmp-components.com\/fr\/wp-json\/wp\/v2\/comments?post=1671"}],"wp:featuredmedia":[{"embeddable":true,"href":"https:\/\/fmp-components.com\/fr\/wp-json\/wp\/v2\/media\/1672"}],"wp:attachment":[{"href":"https:\/\/fmp-components.com\/fr\/wp-json\/wp\/v2\/media?parent=1671"}],"wp:term":[{"taxonomy":"product_brand","embeddable":true,"href":"https:\/\/fmp-components.com\/fr\/wp-json\/wp\/v2\/product_brand?post=1671"},{"taxonomy":"product_cat","embeddable":true,"href":"https:\/\/fmp-components.com\/fr\/wp-json\/wp\/v2\/product_cat?post=1671"},{"taxonomy":"product_tag","embeddable":true,"href":"https:\/\/fmp-components.com\/fr\/wp-json\/wp\/v2\/product_tag?post=1671"}],"curies":[{"name":"wp","href":"https:\/\/api.w.org\/{rel}","templated":true}]}}