{"id":1659,"date":"2024-12-23T07:00:44","date_gmt":"2024-12-23T07:00:44","guid":{"rendered":"https:\/\/fmp-components.com\/product\/professional-5-ton-dump-trailer-cylinders-hydraulic\/"},"modified":"2025-03-11T06:07:13","modified_gmt":"2025-03-11T06:07:13","slug":"professional-5-ton-dump-trailer-cylinders-hydraulic","status":"publish","type":"product","link":"https:\/\/fmp-components.com\/fr\/product\/professional-5-ton-dump-trailer-cylinders-hydraulic\/","title":{"rendered":"V\u00e9rins hydrauliques professionnels pour remorques \u00e0 benne basculante de 5 tonnes"},"content":{"rendered":"<p>La benne basculante professionnelle de 5 tonnes avec v\u00e9rins hydrauliques est un produit haut de gamme con\u00e7u pour les travaux de transport et de d\u00e9chargement intensifs. Id\u00e9ale pour un usage commercial, cette benne offre des performances sup\u00e9rieures, in\u00e9gal\u00e9es par les autres remorques de sa cat\u00e9gorie.<\/p>\n<p>L'un des atouts majeurs de cette remorque benne r\u00e9side dans ses v\u00e9rins hydrauliques, qui garantissent des op\u00e9rations de levage et de d\u00e9versement fluides et fiables. Le syst\u00e8me hydraulique de la remorque est aliment\u00e9 par une pompe de haute qualit\u00e9 et est \u00e9quip\u00e9 d'une batterie performante pour une utilisation simplifi\u00e9e.<\/p>\n<p>Fabriqu\u00e9e en acier robuste, cette remorque benne est con\u00e7ue pour durer. Son grand plateau \u00e0 bords hauts la rend id\u00e9ale pour transporter de lourdes charges de terre, de roches et autres mat\u00e9riaux lourds. Elle est \u00e9galement \u00e9quip\u00e9e d'un attelage solide pour une fixation s\u00e9curis\u00e9e \u00e0 votre camion ou autre v\u00e9hicule.<\/p>\n<table style=\"width: 100%;\" border=\"1\" width=\"100%\" cellspacing=\"0\" cellpadding=\"0\">\n<tbody>\n<tr>\n<th>Nom du produit<\/th>\n<td>Remorque benne professionnelle de 5 tonnes avec v\u00e9rins hydrauliques<\/td>\n<\/tr>\n<tr>\n<th>Condition<\/th>\n<td>Nouveau<\/td>\n<\/tr>\n<tr>\n<th>Garantie<\/th>\n<td>1 an<\/td>\n<\/tr>\n<tr>\n<th>Poids (KG)<\/th>\n<td>63<\/td>\n<\/tr>\n<tr>\n<th>Mat\u00e9riau du corps<\/th>\n<td>Acier robuste<\/td>\n<\/tr>\n<tr>\n<th>Pouss\u00e9e maximale<\/th>\n<td>3000<\/td>\n<\/tr>\n<tr>\n<th>Couleur<\/th>\n<td>Noir \u00e9l\u00e9gant<\/td>\n<\/tr>\n<tr>\n<th>Conception<\/th>\n<td>Syst\u00e8me hydraulique structur\u00e9 piston-cylindre<\/td>\n<\/tr>\n<tr>\n<th>Performance<\/th>\n<td>Durable et fiable pour le transport et le d\u00e9chargement de charges lourdes<\/td>\n<\/tr>\n<tr>\n<th>Industries concern\u00e9es<\/th>\n<td>Usines de fabrication, ateliers de r\u00e9paration de machines, exploitations agricoles, \u00e9nergie et mines, fabrication de machines, usines de machines<\/td>\n<\/tr>\n<\/tbody>\n<\/table>\n<h2>Caract\u00e9ristiques exceptionnelles des v\u00e9rins hydrauliques de la remorque benne de 5 tonnes<\/h2>\n<p><img decoding=\"async\" src=\"https:\/\/hzpt.com\/wp-content\/uploads\/2023\/11\/Inverted-Telescopic-Cylinder-21.webp\" alt=\"\" title=\"\"><\/p>\n<ul>\n<li><strong>Structure standard :<\/strong> Con\u00e7u avec une structure standard, le cylindre \u00e0 piston assure la fonctionnalit\u00e9 et l'efficacit\u00e9 du produit.<\/li>\n<li><strong>Haute puissance :<\/strong> La puissance hydraulique de ce produit garantit un fonctionnement fluide et des performances \u00e9lev\u00e9es.<\/li>\n<li><strong>Mat\u00e9riau robuste :<\/strong> Fabriqu\u00e9 en acier, ce produit promet durabilit\u00e9 et long\u00e9vit\u00e9.<\/li>\n<li><strong>Pouss\u00e9e et traction \u00e9lev\u00e9es :<\/strong> Avec une pouss\u00e9e maximale de 3000 et une force de traction maximale de 20 tonnes, ce produit garantit des performances \u00e9lev\u00e9es dans toutes les conditions.<\/li>\n<li><strong>Certifi\u00e9 ISO :<\/strong> Ce produit est certifi\u00e9 ISO9001:2000, ce qui garantit sa qualit\u00e9 et sa fiabilit\u00e9.<\/li>\n<\/ul>\n<h2>Applications des v\u00e9rins hydrauliques pour benne basculante de 5 tonnes<\/h2>\n<ul>\n<li style=\"list-style-type: none;\">\n<ul>\n<li><strong>Usines de fabrication :<\/strong> Ce produit peut \u00eatre utilis\u00e9 dans les usines de fabrication pour des t\u00e2ches exigeantes.<\/li>\n<\/ul>\n<\/li>\n<\/ul>\n<ul>\n<li><strong>Ateliers de r\u00e9paration de machines :<\/strong> Il peut \u00eatre utilis\u00e9 dans les ateliers de r\u00e9paration de machines pour les r\u00e9parations et l'entretien.<\/li>\n<li><strong>Fermes:<\/strong> Ce produit convient \u00e0 diverses t\u00e2ches agricoles n\u00e9cessitant le levage et le d\u00e9versement de charges lourdes.<\/li>\n<li><strong>\u00c9nergie et mines :<\/strong> Ce produit peut \u00eatre utilis\u00e9 dans les secteurs de l'\u00e9nergie et des mines pour les travaux d'excavation et autres t\u00e2ches exigeantes.<\/li>\n<li><strong>Fabrication de machines :<\/strong> Ce produit peut \u00eatre utilis\u00e9 dans la fabrication de machines pour la production de machines lourdes.<\/li>\n<\/ul>\n<p><img decoding=\"async\" src=\"https:\/\/hzpt.com\/wp-content\/uploads\/2023\/11\/Inverted-Telescopic-Cylinder-Applications.webp\" alt=\"Applications du v\u00e9rin t\u00e9lescopique invers\u00e9\" title=\"\"><\/p>\n<h2>Principe de fonctionnement et entretien des v\u00e9rins hydrauliques de la benne basculante de 5 tonnes<\/h2>\n<ul>\n<li><strong>Configuration:<\/strong> La structure piston-cylindre du produit assure un fonctionnement fluide.<\/li>\n<li><strong>Entr\u00e9e de fluide hydraulique :<\/strong> La puissance hydraulique du produit garantit des performances et une efficacit\u00e9 optimales.<\/li>\n<li><strong>Force de sortie :<\/strong> Avec une pouss\u00e9e maximale de 3000 et une force de traction maximale de 20 tonnes, ce produit garantit des performances \u00e9lev\u00e9es dans toutes les conditions.<\/li>\n<li><strong>Inspections r\u00e9guli\u00e8res :<\/strong> Le produit n\u00e9cessite une inspection r\u00e9guli\u00e8re afin de garantir sa long\u00e9vit\u00e9 et son efficacit\u00e9.<\/li>\n<li><strong>Nettoyage et lubrification :<\/strong> Un nettoyage et une lubrification r\u00e9guliers sont n\u00e9cessaires pour assurer le bon fonctionnement du produit.<\/li>\n<\/ul>\n<p><img decoding=\"async\" src=\"https:\/\/hzpt.com\/wp-content\/uploads\/2023\/11\/Inverted-Telescopic-Cylinder-25.webp\" alt=\"\" title=\"\"><\/p>\n<h2>V\u00e9rin t\u00e9lescopique invers\u00e9<\/h2>\n<p>Les v\u00e9rins hydrauliques professionnels pour bennes basculantes de 5 tonnes sont con\u00e7us pour offrir des performances et une fiabilit\u00e9 accrues dans diverses applications hydrauliques. Parmi les types de v\u00e9rins hydrauliques les plus courants, on trouve le v\u00e9rin t\u00e9lescopique invers\u00e9, largement utilis\u00e9 dans les secteurs de la construction, du transport et de l'agriculture.<\/p>\n<h3>Conception et fonctionnalit\u00e9<\/h3>\n<p>Le v\u00e9rin t\u00e9lescopique invers\u00e9 est un type de v\u00e9rin hydraulique dont la conception unique repose sur la tige de piston situ\u00e9e en bas du v\u00e9rin, tandis que le corps du v\u00e9rin se trouve en haut. Cette conception permet d'obtenir une course plus longue tout en occupant moins d'espace, ce qui le rend id\u00e9al pour les applications o\u00f9 l'espace est limit\u00e9.<\/p>\n<p>Le v\u00e9rin se compose de deux \u00e9tages, chacun comprenant un piston et un ensemble cylindre. L'\u00e9tage de plus grand diam\u00e8tre est situ\u00e9 en haut, et celui de plus petit diam\u00e8tre en bas. Sous l'effet de la pression hydraulique, le piston de l'\u00e9tage de plus petit diam\u00e8tre se d\u00e9ploie, poussant le piston de l'\u00e9tage de plus grand diam\u00e8tre vers le haut, ce qui actionne la tige de piston.<\/p>\n<h3>Avantages<\/h3>\n<p>Le v\u00e9rin t\u00e9lescopique invers\u00e9 offre plusieurs avantages par rapport aux autres types de v\u00e9rins hydrauliques, notamment\u00a0:<\/p>\n<ul>\n<li><strong>Conception compacte :<\/strong> La conception unique du v\u00e9rin t\u00e9lescopique invers\u00e9 lui permet d'occuper moins d'espace tout en offrant une course plus longue, ce qui le rend id\u00e9al pour les applications o\u00f9 l'espace est limit\u00e9.<\/li>\n<li><strong>Efficacit\u00e9 accrue :<\/strong> La conception \u00e0 deux \u00e9tages du cylindre lui permet d'offrir une efficacit\u00e9 sup\u00e9rieure \u00e0 celle des autres types de cylindres, car elle r\u00e9duit la quantit\u00e9 de fluide n\u00e9cessaire pour \u00e9tendre la tige de piston.<\/li>\n<li><strong>Stabilit\u00e9 am\u00e9lior\u00e9e :<\/strong> Le v\u00e9rin t\u00e9lescopique invers\u00e9 offre une stabilit\u00e9 et un contr\u00f4le accrus par rapport aux autres types de v\u00e9rins gr\u00e2ce \u00e0 son centre de gravit\u00e9 bas et \u00e0 une meilleure r\u00e9partition du poids.<\/li>\n<li><strong>Entretien r\u00e9duit :<\/strong> La conception du cylindre r\u00e9duit le nombre de pi\u00e8ces mobiles, ce qui diminue la probabilit\u00e9 de panne et abaisse les co\u00fbts de maintenance.<\/li>\n<\/ul>\n<h3>Applications<\/h3>\n<p>Le cylindre t\u00e9lescopique invers\u00e9 est largement utilis\u00e9 dans diverses applications, notamment\u00a0:<\/p>\n<ul>\n<li><strong>Construction:<\/strong> Les v\u00e9rins t\u00e9lescopiques invers\u00e9s sont utilis\u00e9s dans les engins de chantier, tels que les excavatrices, les pelles r\u00e9trocaveuses et les grues, pour assurer un contr\u00f4le pr\u00e9cis des charges lourdes et des accessoires.<\/li>\n<li><strong>Transport:<\/strong> Le cylindre est utilis\u00e9 dans les \u00e9quipements de transport, tels que les camions-bennes, les remorques et les semi-remorques, pour fournir la puissance n\u00e9cessaire au d\u00e9placement de charges lourdes.<\/li>\n<li><strong>Agriculture:<\/strong> Les v\u00e9rins t\u00e9lescopiques invers\u00e9s sont utilis\u00e9s dans les \u00e9quipements agricoles, tels que les tracteurs, pour fournir la puissance n\u00e9cessaire au d\u00e9placement de charges et d'accessoires lourds.<\/li>\n<\/ul>\n<p>Globalement, le v\u00e9rin t\u00e9lescopique invers\u00e9 est un v\u00e9rin hydraulique tr\u00e8s performant et fiable qui offre de nombreux avantages par rapport aux autres types de v\u00e9rins. Sa conception unique, associ\u00e9e \u00e0 ses performances et \u00e0 sa fiabilit\u00e9 accrues, en fait un choix id\u00e9al pour une large gamme d'applications hydrauliques.<\/p>\n<h3>\u00c0 propos du v\u00e9rin hydraulique de FMP<\/h3>\n<p>FMP s'engage \u00e0 fournir des pi\u00e8ces et des solutions compl\u00e8tes pour engins de chantier de haute qualit\u00e9 et fiables. Notre v\u00e9rin hydraulique est l'un des produits les plus populaires de notre gamme. Voici cinq raisons de choisir un v\u00e9rin hydraulique FMP\u00a0:<\/p>\n<ol>\n<li><strong>Qualit\u00e9 sup\u00e9rieure :<\/strong> Notre v\u00e9rin hydraulique est fabriqu\u00e9 \u00e0 partir de mat\u00e9riaux de haute qualit\u00e9, garantissant sa durabilit\u00e9 et sa longue dur\u00e9e de vie. Con\u00e7u et fabriqu\u00e9 avec pr\u00e9cision pour r\u00e9pondre \u00e0 des normes de qualit\u00e9 strictes, il r\u00e9siste aux conditions de travail les plus difficiles.<\/li>\n<li><strong>Personnalisable :<\/strong> Notre v\u00e9rin hydraulique est personnalisable pour r\u00e9pondre \u00e0 vos besoins sp\u00e9cifiques. Nous proposons un large choix d'options, notamment en termes d'al\u00e9sage, de course et de types de montage. Notre \u00e9quipe d'experts vous propose des conseils professionnels et des suggestions d'achat avis\u00e9es pour vous aider \u00e0 choisir le v\u00e9rin hydraulique le mieux adapt\u00e9 \u00e0 vos besoins.<\/li>\n<li><strong>Installation facile :<\/strong> Notre v\u00e9rin hydraulique est con\u00e7u pour \u00eatre facile \u00e0 installer, r\u00e9duisant ainsi vos temps d'arr\u00eat et augmentant votre productivit\u00e9. Il est propos\u00e9 avec une large gamme d'options de montage pour une installation facile sur votre \u00e9quipement.<\/li>\n<li><strong>Prix \u200b\u200bcomp\u00e9titif:<\/strong> Nous proposons des prix comp\u00e9titifs sans compromettre la qualit\u00e9. Gr\u00e2ce \u00e0 des partenariats durables et stables avec de nombreux fournisseurs de qualit\u00e9, nationaux et internationaux, nous garantissons que toutes nos pi\u00e8ces r\u00e9pondent \u00e0 des normes de qualit\u00e9 strictes.<\/li>\n<li><strong>Syst\u00e8me de distribution logistique efficace :<\/strong> Nous disposons d'un syst\u00e8me de distribution logistique performant pour garantir \u00e0 nos clients la livraison rapide et pr\u00e9cise des pi\u00e8ces n\u00e9cessaires. Nous collaborons \u00e9troitement avec nos partenaires logistiques pour garantir des services de livraison rapides et fiables \u00e0 nos clients du monde entier.<\/li>\n<\/ol>\n<p><img decoding=\"async\" src=\"https:\/\/fmp-components.com\/wp-content\/uploads\/2024\/12\/Adjustable-Clevis-Type-Cylinders-6.webp\" alt=\"V\u00e9rin \u00e0 chape r\u00e9glable\" width=\"831\" title=\"\"><\/p>\n<p>Avec le v\u00e9rin hydraulique FMP, vous b\u00e9n\u00e9ficiez d'une qualit\u00e9 sup\u00e9rieure, d'une personnalisation, d'une installation facile, de prix comp\u00e9titifs et d'une distribution logistique efficace. Contactez-nous d\u00e8s aujourd'hui pour en savoir plus sur nos produits et services, et laissez-nous vous aider \u00e0 trouver le v\u00e9rin hydraulique adapt\u00e9 \u00e0 vos besoins.<\/p>\n<p>Auteur : CX<\/p>","protected":false},"excerpt":{"rendered":"<p>The Professional 5 Ton Dump Trailer with Hydraulic Cylinders is a top-of-the-line product designed for heavy-duty hauling and dumping needs. This dump trailer is perfect for commercial use and offers superior functionality that is unmatched by other trailers in its class. One of the standout features of this dump trailer is its hydraulic cylinders, which [&hellip;]<\/p>","protected":false},"featured_media":1660,"comment_status":"closed","ping_status":"closed","template":"","meta":{"_et_pb_use_builder":"","_et_pb_old_content":"","_et_gb_content_width":""},"product_brand":[],"product_cat":[45],"product_tag":[34,48],"class_list":{"0":"post-1659","1":"product","2":"type-product","3":"status-publish","4":"has-post-thumbnail","6":"product_cat-inverted-telescopic-cylinder","7":"product_tag-hydraulic-cylinder","8":"product_tag-inverted-telescopic-cylinder","10":"first","11":"instock","12":"product-type-simple"},"_links":{"self":[{"href":"https:\/\/fmp-components.com\/fr\/wp-json\/wp\/v2\/product\/1659","targetHints":{"allow":["GET"]}}],"collection":[{"href":"https:\/\/fmp-components.com\/fr\/wp-json\/wp\/v2\/product"}],"about":[{"href":"https:\/\/fmp-components.com\/fr\/wp-json\/wp\/v2\/types\/product"}],"replies":[{"embeddable":true,"href":"https:\/\/fmp-components.com\/fr\/wp-json\/wp\/v2\/comments?post=1659"}],"wp:featuredmedia":[{"embeddable":true,"href":"https:\/\/fmp-components.com\/fr\/wp-json\/wp\/v2\/media\/1660"}],"wp:attachment":[{"href":"https:\/\/fmp-components.com\/fr\/wp-json\/wp\/v2\/media?parent=1659"}],"wp:term":[{"taxonomy":"product_brand","embeddable":true,"href":"https:\/\/fmp-components.com\/fr\/wp-json\/wp\/v2\/product_brand?post=1659"},{"taxonomy":"product_cat","embeddable":true,"href":"https:\/\/fmp-components.com\/fr\/wp-json\/wp\/v2\/product_cat?post=1659"},{"taxonomy":"product_tag","embeddable":true,"href":"https:\/\/fmp-components.com\/fr\/wp-json\/wp\/v2\/product_tag?post=1659"}],"curies":[{"name":"wp","href":"https:\/\/api.w.org\/{rel}","templated":true}]}}