{"id":1657,"date":"2024-12-23T07:00:44","date_gmt":"2024-12-23T07:00:44","guid":{"rendered":"https:\/\/fmp-components.com\/product\/premium-quality-customized-hydraulic-cylinder-for-dump-truck\/"},"modified":"2025-03-11T06:07:02","modified_gmt":"2025-03-11T06:07:02","slug":"premium-quality-customized-hydraulic-cylinder-for-dump-truck","status":"publish","type":"product","link":"https:\/\/fmp-components.com\/fr\/product\/premium-quality-customized-hydraulic-cylinder-for-dump-truck\/","title":{"rendered":"V\u00e9rin hydraulique sur mesure de qualit\u00e9 sup\u00e9rieure pour camion-benne"},"content":{"rendered":"<h2>Pr\u00e9sentation du v\u00e9rin hydraulique sur mesure de qualit\u00e9 sup\u00e9rieure pour camions-bennes<\/h2>\n<p>Si vous recherchez un v\u00e9rin hydraulique fiable et de haute qualit\u00e9 pour votre camion-benne, ne cherchez pas plus loin que notre v\u00e9rin hydraulique personnalis\u00e9 de qualit\u00e9 sup\u00e9rieure.<\/p>\n<p>Notre v\u00e9rin hydraulique est sp\u00e9cialement con\u00e7u pour r\u00e9sister aux conditions difficiles d'utilisation des camions-bennes. Fabriqu\u00e9 \u00e0 partir de mat\u00e9riaux haute r\u00e9sistance, il est con\u00e7u pour durer, garantissant une durabilit\u00e9 et une long\u00e9vit\u00e9 maximales.<\/p>\n<p>Le v\u00e9rin est enti\u00e8rement personnalisable pour r\u00e9pondre \u00e0 vos besoins sp\u00e9cifiques. Gr\u00e2ce \u00e0 un large choix de diam\u00e8tres d'al\u00e9sage et de courses, vous trouverez facilement le v\u00e9rin adapt\u00e9 \u00e0 votre camion-benne.<\/p>\n<p>De plus, notre v\u00e9rin hydraulique est facile \u00e0 installer et \u00e0 entretenir. Il offre diverses options de montage et est con\u00e7u pour minimiser les temps d'arr\u00eat li\u00e9s \u00e0 la maintenance, vous permettant ainsi de r\u00e9aliser des \u00e9conomies de temps et d'argent.<\/p>\n<p>Notre entreprise est fi\u00e8re de proposer des produits haut de gamme et un service client irr\u00e9prochable. Pour toute question ou pr\u00e9occupation, notre \u00e9quipe d'experts est \u00e0 votre disposition.<\/p>\n<p>Investissez d\u00e8s aujourd'hui dans un v\u00e9rin hydraulique sur mesure de qualit\u00e9 sup\u00e9rieure pour votre camion-benne et constatez la diff\u00e9rence qu'un \u00e9quipement fiable et performant peut apporter. D\u00e9couvrez notre v\u00e9rin hydraulique sur mesure haut de gamme pour camions-bennes.<\/p>\n<p>Ce tout nouveau produit est assorti d'une garantie d'un an et s'applique \u00e0 plusieurs secteurs d'activit\u00e9, notamment les usines de fabrication, les ateliers de r\u00e9paration de machines, les exploitations agricoles, l'\u00e9nergie et les mines, et bien plus encore.<\/p>\n<p>Ce v\u00e9rin hydraulique de 78 kg est un mod\u00e8le standard \u00e0 piston, dot\u00e9 d'un corps en acier robuste. Il offre une pouss\u00e9e maximale impressionnante de 3\u00a0000 Nm et est un v\u00e9rin t\u00e9lescopique invers\u00e9.<\/p>\n<p>Avec une force de traction maximale de 20 tonnes, ce v\u00e9rin hydraulique est con\u00e7u pour offrir des performances \u00e9lev\u00e9es dans des environnements difficiles.<\/p>\n<h2>Caract\u00e9ristiques principales du v\u00e9rin hydraulique<\/h2>\n<ol>\n<li>\n<ol>\n<li><strong>Construction de qualit\u00e9 :<\/strong> Les principaux composants du cylindre sont des roulements et un piston, con\u00e7us pour une performance durable.<\/li>\n<li><strong>Haute performance :<\/strong> Avec une pouss\u00e9e maximale de 3000 et une force de traction maximale de 20 tonnes, il garantit des performances exceptionnelles.<\/li>\n<li><strong>Conforme aux normes :<\/strong> Ce produit est certifi\u00e9 ISO9001:2000, ce qui garantit sa qualit\u00e9 et sa fiabilit\u00e9.<\/li>\n<\/ol>\n<\/li>\n<\/ol>\n<p><img decoding=\"async\" src=\"https:\/\/hzpt.com\/wp-content\/uploads\/2023\/11\/Inverted-Telescopic-Cylinder-20.webp\" alt=\"Image de v\u00e9rin hydraulique\" title=\"\"><\/p>\n<ol>\n<li><strong>Personnalisable :<\/strong> L'al\u00e9sage, la longueur de la bielle, la course et le diam\u00e8tre de l'axe peuvent tous \u00eatre personnalis\u00e9s pour r\u00e9pondre \u00e0 des exigences sp\u00e9cifiques.<\/li>\n<li><strong>Large applicabilit\u00e9 :<\/strong> Il peut \u00eatre utilis\u00e9 dans divers secteurs d'activit\u00e9, notamment la fabrication, la r\u00e9paration de machines, l'agriculture, l'\u00e9nergie et l'exploitation mini\u00e8re.<\/li>\n<\/ol>\n<h2>Applications du v\u00e9rin hydraulique<\/h2>\n<ol>\n<li><strong>Usines de fabrication :<\/strong> Utilis\u00e9 dans diverses machines pour la fabrication de biens.<\/li>\n<li><strong>Ateliers de r\u00e9paration de machines :<\/strong> Indispensable pour l'entretien et la r\u00e9paration des machines lourdes.<\/li>\n<li><strong>Fermes:<\/strong> Indispensable au fonctionnement des machines et \u00e9quipements agricoles.<\/li>\n<li><strong>\u00c9nergie et mines :<\/strong> N\u00e9cessaire pour les machines lourdes utilis\u00e9es dans ces industries.<\/li>\n<li><strong>Fabrication de machines :<\/strong> Indispensable \u00e0 la production de diverses machines.<\/li>\n<\/ol>\n<p><img decoding=\"async\" src=\"https:\/\/hzpt.com\/wp-content\/uploads\/2023\/11\/Inverted-Telescopic-Cylinder-Applications.webp\" alt=\"Applications du v\u00e9rin hydraulique\" title=\"\"><\/p>\n<h2>Principe de fonctionnement et entretien du v\u00e9rin hydraulique<\/h2>\n<ol>\n<li><strong>Configuration:<\/strong> Le v\u00e9rin hydraulique est un v\u00e9rin \u00e0 piston, ce qui signifie qu'il utilise la force d'un fluide hydraulique sous pression pour g\u00e9n\u00e9rer une force.<\/li>\n<li><strong>Entr\u00e9e de fluide hydraulique :<\/strong> Le fluide hydraulique est introduit dans le cylindre, for\u00e7ant le piston \u00e0 se d\u00e9placer et \u00e0 g\u00e9n\u00e9rer une force.<\/li>\n<li><strong>Force de sortie :<\/strong> La force produite est proportionnelle \u00e0 la pression du fluide hydraulique et \u00e0 la surface du piston.<\/li>\n<li><strong>Inspections r\u00e9guli\u00e8res :<\/strong> Une inspection r\u00e9guli\u00e8re du v\u00e9rin hydraulique permet d'\u00e9viter l'aggravation de tout probl\u00e8me potentiel.<\/li>\n<li><strong>Remplacement du joint :<\/strong> Avec le temps, les joints du cylindre peuvent s'user et doivent \u00eatre remplac\u00e9s pour maintenir des performances optimales.<img decoding=\"async\" src=\"https:\/\/hzpt.com\/wp-content\/uploads\/2023\/11\/Inverted-Telescopic-Cylinder-9.webp\" alt=\"Machines hydrauliques HZPT\" title=\"\"><\/li>\n<\/ol>\n<h2>V\u00e9rin t\u00e9lescopique invers\u00e9<\/h2>\n<p>Le v\u00e9rin t\u00e9lescopique invers\u00e9 est un v\u00e9rin hydraulique haut de gamme, con\u00e7u sur mesure pour les camions-bennes. Il est largement utilis\u00e9 dans les secteurs de la construction et des mines gr\u00e2ce \u00e0 ses performances et sa fiabilit\u00e9 exceptionnelles. Cet article explore les diff\u00e9rents aspects du v\u00e9rin t\u00e9lescopique invers\u00e9 et d\u00e9taille ses caract\u00e9ristiques et avantages uniques.<\/p>\n<h3>Conception et construction<\/h3>\n<p>Le v\u00e9rin t\u00e9lescopique invers\u00e9 est con\u00e7u avec une pr\u00e9cision m\u00e9ticuleuse, int\u00e9grant des technologies et des mat\u00e9riaux de pointe pour garantir des performances optimales. Sa conception repose sur plusieurs \u00e9tages embo\u00eet\u00e9s, chaque \u00e9tage s'ins\u00e9rant dans le pr\u00e9c\u00e9dent. Cette configuration t\u00e9lescopique permet un encombrement r\u00e9duit en position r\u00e9tract\u00e9e tout en offrant une course \u00e9tendue en position d\u00e9ploy\u00e9e.<\/p>\n<p>Le cylindre est fabriqu\u00e9 en acier haute r\u00e9sistance, ce qui lui conf\u00e8re une durabilit\u00e9 et une long\u00e9vit\u00e9 exceptionnelles, m\u00eame dans des conditions d'utilisation difficiles. L'usinage de pr\u00e9cision des composants du cylindre garantit des tol\u00e9rances serr\u00e9es et un fonctionnement sans faille. Le cylindre est \u00e9galement \u00e9quip\u00e9 de joints et de racleurs de haute qualit\u00e9 pour pr\u00e9venir les fuites et la contamination, renfor\u00e7ant ainsi sa fiabilit\u00e9.<\/p>\n<h3>Principe de fonctionnement<\/h3>\n<p>Le v\u00e9rin t\u00e9lescopique invers\u00e9 fonctionne selon le principe de la pression hydraulique. Lorsqu'un fluide sous pression alimente le v\u00e9rin, il exerce une force sur le piston, provoquant son extension. \u00c0 mesure que le piston s'\u00e9tend, les \u00e9tages embo\u00eet\u00e9s du v\u00e9rin s'\u00e9tendent \u00e9galement, ce qui entra\u00eene une augmentation progressive de sa longueur totale. Cette extension permet de lever et d'incliner la benne du camion, facilitant ainsi le d\u00e9chargement efficace des mat\u00e9riaux.<\/p>\n<p>Pour r\u00e9tracter le v\u00e9rin, le fluide hydraulique est rel\u00e2ch\u00e9, permettant ainsi au poids de la benne du camion de repousser le piston dans le v\u00e9rin. Lors de la r\u00e9traction du piston, les \u00e9tages embo\u00eet\u00e9s se replient les uns sur les autres, r\u00e9duisant la longueur totale du v\u00e9rin. Cette r\u00e9traction permet d'abaisser et de niveler la benne, la pr\u00e9parant ainsi pour le prochain cycle de chargement.<\/p>\n<h3>Avantages et applications<\/h3>\n<p>Le v\u00e9rin t\u00e9lescopique invers\u00e9 pr\u00e9sente plusieurs avantages par rapport aux v\u00e9rins hydrauliques classiques. Sa conception compacte et sa course \u00e9tendue le rendent id\u00e9al pour les camions-bennes disposant d'un espace d'installation limit\u00e9. L'embo\u00eetement des \u00e9tages assure une excellente stabilit\u00e9 et une grande r\u00e9sistance aux charges lat\u00e9rales, garantissant un fonctionnement fluide et pr\u00e9cis. De plus, la conception invers\u00e9e du v\u00e9rin prot\u00e8ge ses composants internes des d\u00e9bris et contaminants ext\u00e9rieurs, minimisant ainsi les risques de dommages et de pannes du syst\u00e8me.<\/p>\n<p>Le v\u00e9rin t\u00e9lescopique invers\u00e9 est principalement utilis\u00e9 dans les camions-bennes pour le transport de mat\u00e9riaux en vrac tels que le gravier, le sable et les d\u00e9bris de construction. Sa capacit\u00e9 \u00e0 lever et incliner la benne permet un d\u00e9chargement efficace, am\u00e9liorant ainsi la productivit\u00e9 sur les chantiers et les sites miniers. De plus, sa construction robuste le rend adapt\u00e9 aux applications intensives exigeant une performance fiable et durable.<\/p>\n<p>En r\u00e9sum\u00e9, le v\u00e9rin t\u00e9lescopique invers\u00e9 est un v\u00e9rin hydraulique haut de gamme con\u00e7u sp\u00e9cifiquement pour les tombereaux. Sa conception et sa fabrication uniques, associ\u00e9es \u00e0 ses performances et \u00e0 sa fiabilit\u00e9 exceptionnelles, en font un choix id\u00e9al pour diverses applications dans les secteurs de la construction et des mines. Investir dans un v\u00e9rin hydraulique sur mesure de haute qualit\u00e9 comme le v\u00e9rin t\u00e9lescopique invers\u00e9 garantit une efficacit\u00e9, une productivit\u00e9 et une dur\u00e9e de vie optimales pour l'utilisation des tombereaux.<\/p>\n<h3>\u00c0 propos du v\u00e9rin hydraulique FMP<\/h3>\n<p>FMP est une entreprise sp\u00e9cialis\u00e9e dans la fourniture de pi\u00e8ces et de machines compl\u00e8tes de haute qualit\u00e9 pour engins de chantier. Nous sommes fiers de proposer une large gamme de produits, notamment des v\u00e9rins hydrauliques, con\u00e7us pour r\u00e9pondre aux besoins de nos clients. Forts de nombreuses ann\u00e9es d'exp\u00e9rience dans le secteur et d'une \u00e9quipe professionnelle, nous sommes convaincus de pouvoir vous fournir les meilleurs produits et services.<\/p>\n<p>Voici quelques raisons pour lesquelles vous devriez choisir le v\u00e9rin hydraulique FMP\u00a0:<\/p>\n<ol>\n<li><strong>Mat\u00e9riaux de haute qualit\u00e9:<\/strong> Nous utilisons des mat\u00e9riaux de haute qualit\u00e9 pour fabriquer nos v\u00e9rins hydrauliques, garantissant ainsi leur durabilit\u00e9 et leur long\u00e9vit\u00e9.<\/li>\n<li><strong>Solutions personnalisables :<\/strong> Nous proposons des solutions personnalisables pour r\u00e9pondre aux besoins sp\u00e9cifiques de nos clients. Nos v\u00e9rins hydrauliques sont disponibles dans une vari\u00e9t\u00e9 de tailles et de configurations.<\/li>\n<li><strong>Consultation d'experts :<\/strong> Notre \u00e9quipe commerciale exp\u00e9riment\u00e9e est toujours pr\u00eate \u00e0 vous fournir des conseils professionnels et des suggestions d'achat judicieuses. Nous comprenons les tendances de d\u00e9veloppement et les besoins des clients du secteur des engins de chantier et pouvons vous aider \u00e0 prendre des d\u00e9cisions \u00e9clair\u00e9es.<\/li>\n<li><strong>Logistique efficace :<\/strong> Nous disposons d'un syst\u00e8me de distribution logistique efficace qui garantit que vous recevez les pi\u00e8ces requises en temps opportun et avec pr\u00e9cision.<\/li>\n<li><strong>Large gamme de produits :<\/strong> En plus des v\u00e9rins hydrauliques, nous proposons \u00e9galement une vari\u00e9t\u00e9 de pi\u00e8ces de machines de construction telles que des bo\u00eetes de vitesses pour machines agricoles, des r\u00e9ducteurs plan\u00e9taires et des bo\u00eetes de vitesses industrielles, ainsi que des accessoires haut de gamme pour les assortir.<\/li>\n<\/ol>\n<p>Chez FMP, nous nous engageons \u00e0 fournir \u00e0 nos clients les meilleurs produits et services. Nos v\u00e9rins hydrauliques sont con\u00e7us pour r\u00e9pondre aux normes de qualit\u00e9 les plus strictes, et nous sommes fiers de garantir que toutes nos pi\u00e8ces r\u00e9pondent \u00e0 des normes de qualit\u00e9 strictes. Nous sommes convaincus que notre expertise et notre engagement envers la qualit\u00e9 font de nous le partenaire id\u00e9al pour vos besoins en engins de chantier.<\/p>\n<p><img decoding=\"async\" src=\"https:\/\/fmp-components.com\/wp-content\/uploads\/2024\/12\/Adjustable-Clevis-Type-Cylinders-6.webp\" alt=\"V\u00e9rin \u00e0 chape r\u00e9glable\" width=\"830\" title=\"\"><br \/>\nAuteur : CX<\/p>","protected":false},"excerpt":{"rendered":"<p>Introducing the Premium Quality Customized Hydraulic Cylinder for Dump Trucks If you&#8217;re looking for a reliable and high-quality hydraulic cylinder for your dump truck, look no further than our Premium Quality Customized Hydraulic Cylinder. Our hydraulic cylinder is specially designed to withstand the tough conditions of dump truck operations. It is made of high-strength materials [&hellip;]<\/p>","protected":false},"featured_media":1658,"comment_status":"closed","ping_status":"closed","template":"","meta":{"_et_pb_use_builder":"","_et_pb_old_content":"","_et_gb_content_width":""},"product_brand":[],"product_cat":[45],"product_tag":[34,48],"class_list":{"0":"post-1657","1":"product","2":"type-product","3":"status-publish","4":"has-post-thumbnail","6":"product_cat-inverted-telescopic-cylinder","7":"product_tag-hydraulic-cylinder","8":"product_tag-inverted-telescopic-cylinder","10":"first","11":"instock","12":"product-type-simple"},"_links":{"self":[{"href":"https:\/\/fmp-components.com\/fr\/wp-json\/wp\/v2\/product\/1657","targetHints":{"allow":["GET"]}}],"collection":[{"href":"https:\/\/fmp-components.com\/fr\/wp-json\/wp\/v2\/product"}],"about":[{"href":"https:\/\/fmp-components.com\/fr\/wp-json\/wp\/v2\/types\/product"}],"replies":[{"embeddable":true,"href":"https:\/\/fmp-components.com\/fr\/wp-json\/wp\/v2\/comments?post=1657"}],"wp:featuredmedia":[{"embeddable":true,"href":"https:\/\/fmp-components.com\/fr\/wp-json\/wp\/v2\/media\/1658"}],"wp:attachment":[{"href":"https:\/\/fmp-components.com\/fr\/wp-json\/wp\/v2\/media?parent=1657"}],"wp:term":[{"taxonomy":"product_brand","embeddable":true,"href":"https:\/\/fmp-components.com\/fr\/wp-json\/wp\/v2\/product_brand?post=1657"},{"taxonomy":"product_cat","embeddable":true,"href":"https:\/\/fmp-components.com\/fr\/wp-json\/wp\/v2\/product_cat?post=1657"},{"taxonomy":"product_tag","embeddable":true,"href":"https:\/\/fmp-components.com\/fr\/wp-json\/wp\/v2\/product_tag?post=1657"}],"curies":[{"name":"wp","href":"https:\/\/api.w.org\/{rel}","templated":true}]}}