{"id":1647,"date":"2024-12-23T07:00:44","date_gmt":"2024-12-23T07:00:44","guid":{"rendered":"https:\/\/fmp-components.com\/product\/china-factory-supply-telescopic-truck-hydraulic-ram-cylinder\/"},"modified":"2025-03-11T06:10:26","modified_gmt":"2025-03-11T06:10:26","slug":"italy-factory-supply-telescopic-truck-hydraulic-ram-cylinder","status":"publish","type":"product","link":"https:\/\/fmp-components.com\/fr\/product\/italy-factory-supply-telescopic-truck-hydraulic-ram-cylinder\/","title":{"rendered":"V\u00e9rin hydraulique pour camion t\u00e9lescopique, fournisseur d'usine en Italie"},"content":{"rendered":"<p>Le v\u00e9rin hydraulique t\u00e9lescopique Factory Supply est un v\u00e9rin de haute qualit\u00e9, con\u00e7u pour offrir des performances fiables et efficaces dans une large gamme d'applications. Ce v\u00e9rin est con\u00e7u pour r\u00e9sister aux contraintes d'une utilisation intensive et est id\u00e9al pour une utilisation dans divers environnements industriels et commerciaux.<\/p>\n<p>L'une des principales caract\u00e9ristiques de ce v\u00e9rin hydraulique est sa conception t\u00e9lescopique. Cette conception offre une plus grande amplitude de mouvement et une flexibilit\u00e9 accrue, ce qui le rend id\u00e9al pour les applications o\u00f9 l'espace est limit\u00e9. De plus, sa fabrication \u00e0 partir de mat\u00e9riaux de haute qualit\u00e9 lui conf\u00e8re une grande durabilit\u00e9.<\/p>\n<p>Ce v\u00e9rin hydraulique pr\u00e9sente un autre avantage\u00a0: sa simplicit\u00e9 d\u2019utilisation. Con\u00e7u pour une installation et un entretien faciles, il constitue un choix id\u00e9al pour ceux qui recherchent un v\u00e9rin fiable et n\u00e9cessitant peu de maintenance. De plus, sa compatibilit\u00e9 avec une large gamme de syst\u00e8mes hydrauliques lui conf\u00e8re une grande polyvalence pour de nombreuses applications.<\/p>\n<table style=\"width: 100%;\" border=\"1\" width=\"100%\" cellspacing=\"0\" cellpadding=\"0\">\n<tbody>\n<tr>\n<th>Nom du produit<\/th>\n<td>V\u00e9rin hydraulique t\u00e9lescopique pour camion, fourniture d'usine<\/td>\n<\/tr>\n<tr>\n<th>Condition<\/th>\n<td>Nouveau<\/td>\n<\/tr>\n<tr>\n<th>Garantie<\/th>\n<td>1 an<\/td>\n<\/tr>\n<tr>\n<th>Poids (KG)<\/th>\n<td>56<\/td>\n<\/tr>\n<tr>\n<th>Pouss\u00e9e maximale<\/th>\n<td>3000<\/td>\n<\/tr>\n<tr>\n<th>Traction maximale<\/th>\n<td>20 tonnes<\/td>\n<\/tr>\n<tr>\n<th>Mat\u00e9riau du corps<\/th>\n<td>Acier<\/td>\n<\/tr>\n<tr>\n<th>Taille de l&#039;al\u00e9sage<\/th>\n<td>2 \u00e0 6 pouces<\/td>\n<\/tr>\n<tr>\n<th>Taille de la tige<\/th>\n<td>1,125 \u00e0 4 pouces<\/td>\n<\/tr>\n<tr>\n<th>Taille de la course<\/th>\n<td>6 \u00e0 48 pouces<\/td>\n<\/tr>\n<tr>\n<th>Taille de la broche<\/th>\n<td>0,5 \u00e0 2 pouces<\/td>\n<\/tr>\n<tr>\n<th>Industries concern\u00e9es<\/th>\n<td>Usines de fabrication, ateliers de r\u00e9paration de machines, exploitations agricoles, \u00e9nergie, mines, usines de machines<\/td>\n<\/tr>\n<tr>\n<th>Conception<\/th>\n<td>T\u00e9lescopique pour des performances am\u00e9lior\u00e9es<\/td>\n<\/tr>\n<tr>\n<th>Performance<\/th>\n<td>Fiable et efficace<\/td>\n<\/tr>\n<\/tbody>\n<\/table>\n<h2>Caract\u00e9ristiques du v\u00e9rin hydraulique t\u00e9lescopique pour camion<\/h2>\n<p>Ce v\u00e9rin hydraulique poss\u00e8de une s\u00e9rie de caract\u00e9ristiques qui le distinguent de la concurrence\u00a0:<\/p>\n<p><img decoding=\"async\" src=\"https:\/\/hzpt.com\/wp-content\/uploads\/2023\/11\/Inverted-Telescopic-Cylinder-21.webp\" alt=\"\" title=\"\"><\/p>\n<ul>\n<li><strong>\u00c9tat neuf :<\/strong> Le produit est tout neuf, garantissant des performances optimales.<\/li>\n<li><strong>Garantie d'un an\u00a0:<\/strong> Nous garantissons la qualit\u00e9 de nos produits avec une garantie d'un an.<\/li>\n<li><strong>Certification ISO9001:2000\u00a0:<\/strong> Ce produit r\u00e9pond aux normes internationales de qualit\u00e9 et de s\u00e9curit\u00e9.<\/li>\n<li><strong>Cylindres t\u00e9lescopiques invers\u00e9s\u00a0:<\/strong> Ce produit est dot\u00e9 de cylindres t\u00e9lescopiques invers\u00e9s pour une fonctionnalit\u00e9 et une fiabilit\u00e9 accrues.<\/li>\n<li><strong>Corps en acier durable :<\/strong> Fabriqu\u00e9 avec un ch\u00e2ssis en acier robuste, ce produit promet des performances durables.<\/li>\n<\/ul>\n<h2>Applications du v\u00e9rin hydraulique t\u00e9lescopique pour camion<\/h2>\n<p>Notre v\u00e9rin hydraulique est polyvalent et peut \u00eatre utilis\u00e9 dans diverses industries et applications\u00a0:<\/p>\n<ul>\n<li><strong>Usines de fabrication :<\/strong> Id\u00e9al pour une utilisation dans les usines de fabrication de machines.<\/li>\n<li><strong>Ateliers de r\u00e9paration de machines :<\/strong> Indispensable pour la r\u00e9paration et l'entretien des machines.<\/li>\n<li><strong>Fermes:<\/strong> Fournit un service fiable en milieu agricole.<\/li>\n<li><strong>\u00c9nergie et mines :<\/strong> Suffisamment robuste pour les op\u00e9rations \u00e9nerg\u00e9tiques et mini\u00e8res exigeantes.<\/li>\n<li><strong>Usines de machines :<\/strong> Un \u00e9l\u00e9ment cl\u00e9 des usines de machines.<\/li>\n<\/ul>\n<p><img decoding=\"async\" src=\"https:\/\/hzpt.com\/wp-content\/uploads\/2023\/11\/Inverted-Telescopic-Cylinder-Applications.webp\" alt=\"Applications des v\u00e9rins hydrauliques pour camions t\u00e9lescopiques\" title=\"\"><\/p>\n<h2>Principe de fonctionnement et entretien du v\u00e9rin hydraulique du chariot t\u00e9lescopique<\/h2>\n<p>Ce v\u00e9rin hydraulique fonctionne en transformant la pression du fluide hydraulique en force, permettant ainsi de soulever des charges lourdes. Un entretien r\u00e9gulier est essentiel \u00e0 sa long\u00e9vit\u00e9 et comprend des inspections r\u00e9guli\u00e8res, le nettoyage, la lubrification, le remplacement des joints et le respect du manuel d'utilisation.<img decoding=\"async\" src=\"https:\/\/hzpt.com\/wp-content\/uploads\/2023\/11\/Inverted-Telescopic-Cylinder-3.webp\" alt=\"\" title=\"\"><\/p>\n<h2>V\u00e9rin t\u00e9lescopique invers\u00e9<\/h2>\n<p>Un v\u00e9rin t\u00e9lescopique invers\u00e9, \u00e9galement appel\u00e9 v\u00e9rin t\u00e9lescopique \u00e0 action inverse, est un type de v\u00e9rin hydraulique dont la tige, fix\u00e9e au piston, s'\u00e9tend depuis la base du v\u00e9rin. Il est couramment utilis\u00e9 dans des applications n\u00e9cessitant une force importante dans un espace r\u00e9duit, comme les engins de chantier et les nacelles \u00e9l\u00e9vatrices. Cet article pr\u00e9sente les caract\u00e9ristiques et le principe de fonctionnement d'un v\u00e9rin t\u00e9lescopique invers\u00e9.<\/p>\n<h3>Conception et caract\u00e9ristiques d'un cylindre t\u00e9lescopique invers\u00e9<\/h3>\n<p>Contrairement aux v\u00e9rins t\u00e9lescopiques classiques, un v\u00e9rin t\u00e9lescopique invers\u00e9 pr\u00e9sente un diam\u00e8tre plus petit \u00e0 sa base et plus grand \u00e0 son sommet. La base du v\u00e9rin est fix\u00e9e \u00e0 la machine, tandis que la tige de piston s'\u00e9tend vers le bas depuis le bas du v\u00e9rin.<\/p>\n<p>Le principal avantage d'un v\u00e9rin t\u00e9lescopique invers\u00e9 r\u00e9side dans sa capacit\u00e9 \u00e0 offrir une course plus importante dans un espace r\u00e9duit, gr\u00e2ce \u00e0 sa conception compacte. De plus, il est plus r\u00e9sistant que les v\u00e9rins t\u00e9lescopiques traditionnels car il est moins susceptible de se plier ou de se tordre sous la pression.<\/p>\n<p>Le v\u00e9rin t\u00e9lescopique invers\u00e9 est compos\u00e9 de plusieurs \u00e9tages, chaque \u00e9tage comprenant un piston et un cylindre. Les \u00e9tages sont reli\u00e9s par des tiges filet\u00e9es, ce qui facilite le d\u00e9montage et l'entretien.<\/p>\n<h3>Principe de fonctionnement d'un cylindre t\u00e9lescopique invers\u00e9<\/h3>\n<p>Le v\u00e9rin t\u00e9lescopique invers\u00e9 fonctionne selon le principe de Pascal, qui stipule que toute variation de pression dans un fluide incompressible se transmet uniform\u00e9ment dans ce fluide. Lorsque le fluide hydraulique est pomp\u00e9 dans le v\u00e9rin, il exerce une pression sur le piston, ce qui le fait descendre. Le mouvement du piston entra\u00eene \u00e9galement le d\u00e9placement vers le bas de la tige qui y est fix\u00e9e.<\/p>\n<p>Lorsque le piston descend, le fluide hydraulique est forc\u00e9 \u00e0 travers les orifices et dans l'\u00e9tage suivant du cylindre. Ce processus se poursuit jusqu'\u00e0 ce que le piston atteigne le fond du cylindre, moment o\u00f9 celui-ci est compl\u00e8tement d\u00e9ploy\u00e9.<\/p>\n<p>Lorsque le v\u00e9rin doit se r\u00e9tracter, le fluide hydraulique est pomp\u00e9 dans la partie sup\u00e9rieure du v\u00e9rin, ce qui provoque le d\u00e9placement du piston vers le haut. Au fur et \u00e0 mesure que le piston se d\u00e9place, le fluide hydraulique est refoul\u00e9 dans la partie inf\u00e9rieure du v\u00e9rin jusqu'\u00e0 ce que celui-ci soit compl\u00e8tement r\u00e9tract\u00e9.<\/p>\n<h3>Application du cylindre t\u00e9lescopique invers\u00e9<\/h3>\n<p>Le v\u00e9rin t\u00e9lescopique invers\u00e9 est couramment utilis\u00e9 dans les engins de chantier, tels que les pelles hydrauliques et les r\u00e9trocaveuses, en raison de sa conception compacte et de sa capacit\u00e9 \u00e0 fournir une force importante dans un espace r\u00e9duit. Il est \u00e9galement utilis\u00e9 dans les plateformes \u00e9l\u00e9vatrices, telles que les nacelles \u00e9l\u00e9vatrices, les plateformes ciseaux et les nacelles \u00e0 fl\u00e8che t\u00e9lescopique, pour les m\u00eames raisons.<\/p>\n<p>Le v\u00e9rin t\u00e9lescopique invers\u00e9 est un v\u00e9rin hydraulique de conception innovante qui offre une force importante dans un espace r\u00e9duit. Sa conception unique et son principe de fonctionnement en font un choix id\u00e9al pour les engins de chantier et les plateformes \u00e9l\u00e9vatrices. Composant fiable et durable, il repr\u00e9sente un investissement judicieux pour toute application industrielle.<\/p>\n<h3>\u00c0 propos de FMP<\/h3>\n<p>FMP est une entreprise leader sp\u00e9cialis\u00e9e dans la production et la vente de v\u00e9rins hydrauliques. Bas\u00e9e en Italie, elle s'engage \u00e0 fournir \u00e0 ses clients des v\u00e9rins hydrauliques fiables et de haute qualit\u00e9, forts de son exp\u00e9rience et de son \u00e9quipe de professionnels.<\/p>\n<p><img decoding=\"async\" src=\"https:\/\/fmp-components.com\/wp-content\/uploads\/2024\/12\/Adjustable-Clevis-Type-Cylinders-6.webp\" alt=\"V\u00e9rin \u00e0 chape r\u00e9glable\" width=\"825\" title=\"\"><\/p>\n<p>Nous sommes fiers de proposer une vaste gamme de v\u00e9rins hydrauliques de qualit\u00e9 sup\u00e9rieure et d'accessoires associ\u00e9s, r\u00e9pondant aux divers besoins du secteur des engins de construction. Voici cinq atouts et caract\u00e9ristiques cl\u00e9s de nos produits et de notre entreprise\u00a0:<\/p>\n<ol>\n<li>Qualit\u00e9 exceptionnelle : Nos v\u00e9rins hydrauliques sont fabriqu\u00e9s avec pr\u00e9cision \u00e0 partir des meilleurs mat\u00e9riaux afin de garantir durabilit\u00e9 et performance.<\/li>\n<li>Gamme de produits \u00e9tendue\u00a0: Nous proposons une s\u00e9lection compl\u00e8te de v\u00e9rins hydrauliques, notamment des v\u00e9rins \u00e0 chape r\u00e9glable, des v\u00e9rins \u00e0 tirants, des v\u00e9rins t\u00e9lescopiques, et bien plus encore, offrant des solutions pour diverses applications.<\/li>\n<li>R\u00e9seau de fournisseurs fiables : Gr\u00e2ce \u00e0 des partenariats \u00e0 long terme avec des fournisseurs r\u00e9put\u00e9s, tant au niveau national qu'international, nous garantissons l'approvisionnement en composants de premi\u00e8re qualit\u00e9 r\u00e9pondant \u00e0 des normes de qualit\u00e9 rigoureuses.<\/li>\n<li>\u00c9quipe commerciale experte\u00a0: Notre \u00e9quipe commerciale exp\u00e9riment\u00e9e poss\u00e8de une connaissance approfondie du secteur des machines de construction, ce qui lui permet de fournir des conseils professionnels sur les produits et des recommandations d\u2019achat pr\u00e9cieuses, adapt\u00e9es aux besoins sp\u00e9cifiques de nos clients.<\/li>\n<li>Logistique efficace : Nous avons mis en place un syst\u00e8me de distribution logistique efficace afin de garantir une livraison rapide et pr\u00e9cise des v\u00e9rins hydrauliques n\u00e9cessaires directement \u00e0 nos clients, minimisant ainsi les temps d'arr\u00eat et maximisant la productivit\u00e9.<\/li>\n<\/ol>\n<p>Choisissez FMP comme partenaire de confiance pour tous vos besoins en v\u00e9rins hydrauliques. Contactez-nous d\u00e8s aujourd'hui pour discuter de la mani\u00e8re dont nous pouvons vous accompagner dans vos projets de construction d'engins.<\/p>\n<p>Auteur : CX<\/p>","protected":false},"excerpt":{"rendered":"<p>Factory Supply Telescopic Truck Hydraulic Ram Cylinder is a high-quality hydraulic cylinder that is designed to provide reliable and efficient performance for a wide range of applications. This cylinder is designed to withstand the rigors of heavy use and is ideal for use in a variety of industrial and commercial settings. One of the key [&hellip;]<\/p>","protected":false},"featured_media":1648,"comment_status":"closed","ping_status":"closed","template":"","meta":{"_et_pb_use_builder":"","_et_pb_old_content":"","_et_gb_content_width":""},"product_brand":[],"product_cat":[45],"product_tag":[34,48],"class_list":{"0":"post-1647","1":"product","2":"type-product","3":"status-publish","4":"has-post-thumbnail","6":"product_cat-inverted-telescopic-cylinder","7":"product_tag-hydraulic-cylinder","8":"product_tag-inverted-telescopic-cylinder","10":"first","11":"instock","12":"product-type-simple"},"_links":{"self":[{"href":"https:\/\/fmp-components.com\/fr\/wp-json\/wp\/v2\/product\/1647","targetHints":{"allow":["GET"]}}],"collection":[{"href":"https:\/\/fmp-components.com\/fr\/wp-json\/wp\/v2\/product"}],"about":[{"href":"https:\/\/fmp-components.com\/fr\/wp-json\/wp\/v2\/types\/product"}],"replies":[{"embeddable":true,"href":"https:\/\/fmp-components.com\/fr\/wp-json\/wp\/v2\/comments?post=1647"}],"wp:featuredmedia":[{"embeddable":true,"href":"https:\/\/fmp-components.com\/fr\/wp-json\/wp\/v2\/media\/1648"}],"wp:attachment":[{"href":"https:\/\/fmp-components.com\/fr\/wp-json\/wp\/v2\/media?parent=1647"}],"wp:term":[{"taxonomy":"product_brand","embeddable":true,"href":"https:\/\/fmp-components.com\/fr\/wp-json\/wp\/v2\/product_brand?post=1647"},{"taxonomy":"product_cat","embeddable":true,"href":"https:\/\/fmp-components.com\/fr\/wp-json\/wp\/v2\/product_cat?post=1647"},{"taxonomy":"product_tag","embeddable":true,"href":"https:\/\/fmp-components.com\/fr\/wp-json\/wp\/v2\/product_tag?post=1647"}],"curies":[{"name":"wp","href":"https:\/\/api.w.org\/{rel}","templated":true}]}}