{"id":1629,"date":"2024-12-23T06:59:20","date_gmt":"2024-12-23T06:59:20","guid":{"rendered":"https:\/\/fmp-components.com\/product\/factory-provide-long-stroke-tow-truck-dump-truck-4-stage-hydraulic-cylinder\/"},"modified":"2025-05-10T12:32:36","modified_gmt":"2025-05-10T12:32:36","slug":"factory-provide-long-stroke-tow-truck-dump-truck-4-stage-hydraulic-cylinder","status":"publish","type":"product","link":"https:\/\/fmp-components.com\/fr\/product\/factory-provide-long-stroke-tow-truck-dump-truck-4-stage-hydraulic-cylinder\/","title":{"rendered":"Cylindre hydraulique \u00e0 4 \u00e9tages pour camion de remorquage \u00e0 course longue"},"content":{"rendered":"<h2>L'usine fournit un v\u00e9rin hydraulique \u00e0 4 \u00e9tages pour camion de remorquage et camion-benne \u00e0 longue course<\/h2>\n<p>Le v\u00e9rin hydraulique \u00e0 quatre \u00e9tages pour camions-bennes et d\u00e9panneuses \u00e0 longue course, fourni par Factory Provide, est un produit r\u00e9cemment lanc\u00e9 et con\u00e7u pour diverses applications industrielles, notamment les usines de fabrication, les ateliers de r\u00e9paration de machines, les exploitations agricoles et les secteurs de l'\u00e9nergie et des mines. Ce v\u00e9rin t\u00e9lescopique invers\u00e9 poss\u00e8de un corps robuste en acier et p\u00e8se 56 kg. Il offre une pouss\u00e9e maximale de 3\u00a0000 Nm et supporte une force de traction maximale de 20 tonnes. Ses principaux composants sont un palier et un piston.<\/p>\n<h2>Caract\u00e9ristiques du v\u00e9rin hydraulique \u00e0 4 \u00e9tages<\/h2>\n<p><img decoding=\"async\" src=\"https:\/\/hzpt.com\/wp-content\/uploads\/2023\/11\/Inverted-Telescopic-Cylinder-11.webp\" alt=\"\" title=\"\"><\/p>\n<p>Le cylindre pr\u00e9sente les caract\u00e9ristiques suivantes\u00a0:<\/p>\n<ul>\n<li>Calibre de 2 \u00e0 6 pouces<\/li>\n<li>Diam\u00e8tre de la tige compris entre 1,125 et 4 pouces<\/li>\n<li>Course de 6 \u00e0 48 pouces<\/li>\n<li>Diam\u00e8tre des broches compris entre 0,5 et 2 pouces<\/li>\n<li>Disponible en noir standard<\/li>\n<\/ul>\n<h2>Applications du v\u00e9rin hydraulique \u00e0 4 \u00e9tages<\/h2>\n<p>Le v\u00e9rin hydraulique \u00e0 4 \u00e9tages poss\u00e8de une large gamme d'applications, notamment\u00a0:<\/p>\n<ul>\n<li>Usines de fabrication : Pour l'utilisation de machines et d'outils lourds.<\/li>\n<li>Ateliers de r\u00e9paration de machines : Utilis\u00e9s pour l'entretien et la r\u00e9paration de divers types de machines.<\/li>\n<li>Exploitations agricoles\u00a0: Utile dans les \u00e9quipements agricoles lourds pour des op\u00e9rations agricoles efficaces.<\/li>\n<li>\u00c9nergie et exploitation mini\u00e8re : Essentiel pour les \u00e9quipements miniers et les machines de production d'\u00e9nergie.<\/li>\n<li>Usine de machines : Acteur essentiel dans la production et l'assemblage de machines neuves.<\/li>\n<\/ul>\n<p><img decoding=\"async\" src=\"https:\/\/hzpt.com\/wp-content\/uploads\/2023\/11\/Inverted-Telescopic-Cylinder-Applications.webp\" alt=\"Applications des v\u00e9rins hydrauliques\" title=\"\"><\/p>\n<h2>Principe de fonctionnement et entretien du v\u00e9rin hydraulique \u00e0 4 \u00e9tages<\/h2>\n<p>Le v\u00e9rin hydraulique \u00e0 4 \u00e9tages fonctionne selon le principe de la puissance hydraulique, o\u00f9 le fluide hydraulique g\u00e9n\u00e8re une force. Un entretien r\u00e9gulier est essentiel \u00e0 son bon fonctionnement. Cet entretien comprend des inspections r\u00e9guli\u00e8res pour d\u00e9tecter tout signe d'usure, un nettoyage pour \u00e9liminer la poussi\u00e8re et les d\u00e9bris susceptibles de perturber son fonctionnement, une lubrification pour minimiser les frottements et le remplacement des joints si n\u00e9cessaire.<\/p>\n<p><img decoding=\"async\" src=\"https:\/\/hzpt.com\/wp-content\/uploads\/2023\/11\/Inverted-Telescopic-Cylinder-24.webp\" alt=\"\" title=\"\"><\/p>\n<h2>V\u00e9rin t\u00e9lescopique invers\u00e9<\/h2>\n<p>Les v\u00e9rins hydrauliques sont des composants essentiels dans diverses applications telles que les engins de chantier, les machines industrielles et les v\u00e9hicules commerciaux. Parmi les v\u00e9rins hydrauliques ayant gagn\u00e9 en popularit\u00e9 ces derni\u00e8res ann\u00e9es, on trouve le v\u00e9rin t\u00e9lescopique invers\u00e9. Ce type de v\u00e9rin est couramment utilis\u00e9 dans les camions-bennes, les d\u00e9panneuses et autres v\u00e9hicules lourds.<\/p>\n<h3>Aper\u00e7u<\/h3>\n<p>Un v\u00e9rin t\u00e9lescopique invers\u00e9 est con\u00e7u de telle sorte que la tige de piston se trouve en bas du v\u00e9rin et le piston en haut. Cette configuration permet une course plus longue dans un espace r\u00e9duit, ce qui le rend id\u00e9al pour les applications o\u00f9 l'espace est limit\u00e9. Le v\u00e9rin est compos\u00e9 de plusieurs \u00e9tages qui s'embo\u00eetent les uns dans les autres lorsqu'ils sont r\u00e9tract\u00e9s, l'\u00e9tage le plus grand \u00e9tant l'ext\u00e9rieur et le plus petit l'int\u00e9rieur.<\/p>\n<h3>Construction<\/h3>\n<p>Le v\u00e9rin t\u00e9lescopique invers\u00e9 est g\u00e9n\u00e9ralement fabriqu\u00e9 en acier haute r\u00e9sistance, capable de supporter des charges importantes et des temp\u00e9ratures extr\u00eames. Il se compose de plusieurs \u00e9tages, chacun dot\u00e9 de son propre piston et de sa propre tige. Les \u00e9tages sont reli\u00e9s entre eux par des colliers filet\u00e9s, ce qui facilite le montage et le d\u00e9montage.<\/p>\n<p>\u00c0 la base du v\u00e9rin se trouve une plaque de fixation qui le relie au v\u00e9hicule. La tige de piston est reli\u00e9e \u00e0 son extr\u00e9mit\u00e9 par une chape ou un \u0153illet, assurant ainsi une liaison solide avec la charge ou le v\u00e9hicule.<\/p>\n<h3>Fonction<\/h3>\n<p>Le v\u00e9rin t\u00e9lescopique invers\u00e9 fonctionne gr\u00e2ce \u00e0 un fluide hydraulique qui cr\u00e9e une pression, laquelle actionne le piston de haut en bas. La tige du piston s'\u00e9tend et se r\u00e9tracte lorsque les deux parties se replient l'une sur l'autre. Ce v\u00e9rin offre une course importante, essentielle pour les applications n\u00e9cessitant une grande amplitude de mouvement.<\/p>\n<p>Le v\u00e9rin t\u00e9lescopique invers\u00e9 est couramment utilis\u00e9 sur les camions-bennes et les d\u00e9panneuses. Sur les camions-bennes, il sert \u00e0 lever la benne et \u00e0 d\u00e9charger le chargement. Sur les d\u00e9panneuses, il sert \u00e0 d\u00e9ployer la fl\u00e8che et \u00e0 soulever le v\u00e9hicule remorqu\u00e9.<\/p>\n<h3>Cylindre hydraulique \u00e0 4 \u00e9tages pour camion de remorquage \u00e0 course longue<\/h3>\n<p>Le v\u00e9rin hydraulique \u00e0 quatre \u00e9tages \u00e0 longue course pour d\u00e9panneuses et camions-bennes, fourni par Factory Provide, est un type sp\u00e9cifique de v\u00e9rin t\u00e9lescopique invers\u00e9 con\u00e7u pour ces applications. Compos\u00e9 de quatre \u00e9tages, il offre une longue course, ce qui le rend id\u00e9al pour ces usages.<\/p>\n<p>Le v\u00e9rin est fabriqu\u00e9 en acier haute r\u00e9sistance et comporte une plaque de fixation \u00e0 sa base pour une installation ais\u00e9e sur le v\u00e9hicule. La tige de piston est reli\u00e9e \u00e0 une chape ou \u00e0 un \u0153illet pour une fixation s\u00e9curis\u00e9e \u00e0 la charge ou au v\u00e9hicule.<\/p>\n<p>Le v\u00e9rin hydraulique \u00e0 quatre \u00e9tages \u00e0 longue course fourni par Factory Provide est un composant fiable et performant, indispensable au bon fonctionnement des camions-bennes et des d\u00e9panneuses. Sa capacit\u00e9 \u00e0 offrir une longue course dans un espace r\u00e9duit en fait un choix id\u00e9al pour ces applications.<\/p>\n<h3>\u00c0 propos de FMP<\/h3>\n<p>FMP est une entreprise sp\u00e9cialis\u00e9e dans la production et la vente de v\u00e9rins hydrauliques. Forts de nombreuses ann\u00e9es d'exp\u00e9rience dans le secteur et d'une \u00e9quipe professionnelle, nous fournissons \u00e0 nos clients des v\u00e9rins hydrauliques fiables et de haute qualit\u00e9 pour engins de chantier.<\/p>\n<p><img decoding=\"async\" class=\"aligncenter\" src=\"https:\/\/fmp-components.com\/wp-content\/uploads\/2024\/12\/Adjustable-Clevis-Type-Cylinders-6.webp\" alt=\"V\u00e9rin \u00e0 chape r\u00e9glable\" width=\"816\" title=\"\"><\/p>\n<p>Voici cinq raisons pour lesquelles vous devriez choisir nos v\u00e9rins hydrauliques :<\/p>\n<ol>\n<li>Large gamme d'options\u00a0: Nous proposons une gamme compl\u00e8te de v\u00e9rins hydrauliques, notamment des v\u00e9rins \u00e0 chape r\u00e9glable, des v\u00e9rins \u00e0 tirant, des v\u00e9rins soud\u00e9s, des v\u00e9rins t\u00e9lescopiques et des v\u00e9rins compacts. Quels que soient vos besoins en mati\u00e8re d'engins de chantier, nous avons le v\u00e9rin id\u00e9al.<\/li>\n<li>Qualit\u00e9 sup\u00e9rieure\u00a0: Tous nos v\u00e9rins hydrauliques sont fabriqu\u00e9s avec des mat\u00e9riaux de haute qualit\u00e9 et soumis \u00e0 des contr\u00f4les qualit\u00e9 rigoureux. Nous garantissons que chaque v\u00e9rin r\u00e9pond aux normes industrielles les plus strictes, vous garantissant ainsi des performances fiables et durables.<\/li>\n<li>Personnalisation\u00a0: Nous comprenons que chaque projet de construction a des exigences uniques. C'est pourquoi nous proposons des options de personnalisation pour nos v\u00e9rins hydrauliques. Que ce soit en termes de taille, de type de montage ou de pression nominale, nous pouvons adapter le v\u00e9rin \u00e0 vos besoins sp\u00e9cifiques.<\/li>\n<li>Conseils d'experts\u00a0: Notre \u00e9quipe commerciale exp\u00e9riment\u00e9e poss\u00e8de une solide expertise du secteur des engins de chantier. Elle vous propose des conseils professionnels sur les produits et vous aide \u00e0 choisir le v\u00e9rin hydraulique adapt\u00e9 \u00e0 votre \u00e9quipement. Nous nous engageons \u00e0 trouver les meilleures solutions pour nos clients.<\/li>\n<li>Distribution efficace\u00a0: Nous disposons d'un syst\u00e8me de distribution logistique performant pour garantir la livraison rapide et pr\u00e9cise de vos v\u00e9rins hydrauliques. Vous pouvez compter sur nous pour vous livrer les pi\u00e8ces dont vous avez besoin au moment opportun, minimisant ainsi les temps d'arr\u00eat de vos machines.<\/li>\n<\/ol>\n<p>Choisissez FMP pour vos besoins en v\u00e9rins hydrauliques et constatez la diff\u00e9rence. Contactez-nous d\u00e8s aujourd'hui pour discuter de la fa\u00e7on dont nous pouvons r\u00e9pondre \u00e0 vos besoins en mati\u00e8re d'engins de chantier.<\/p>\n<p>Auteur : CX<\/p>","protected":false},"excerpt":{"rendered":"<p>The Factory Provide Long Stroke Tow Truck Dump Truck 4 Stage Hydraulic Cylinder The Factory Provide Long Stroke Tow Truck Dump Truck 4 Stage Hydraulic Cylinder is a newly launched product designed for use in various industries, including manufacturing plants, machinery repair shops, farms, and energy and mining sectors. This inverted telescopic type cylinder has [&hellip;]<\/p>","protected":false},"featured_media":1630,"comment_status":"closed","ping_status":"closed","template":"","meta":{"_et_pb_use_builder":"","_et_pb_old_content":"","_et_gb_content_width":""},"product_brand":[],"product_cat":[45],"product_tag":[34,48],"class_list":{"0":"post-1629","1":"product","2":"type-product","3":"status-publish","4":"has-post-thumbnail","6":"product_cat-inverted-telescopic-cylinder","7":"product_tag-hydraulic-cylinder","8":"product_tag-inverted-telescopic-cylinder","10":"first","11":"instock","12":"product-type-simple"},"_links":{"self":[{"href":"https:\/\/fmp-components.com\/fr\/wp-json\/wp\/v2\/product\/1629","targetHints":{"allow":["GET"]}}],"collection":[{"href":"https:\/\/fmp-components.com\/fr\/wp-json\/wp\/v2\/product"}],"about":[{"href":"https:\/\/fmp-components.com\/fr\/wp-json\/wp\/v2\/types\/product"}],"replies":[{"embeddable":true,"href":"https:\/\/fmp-components.com\/fr\/wp-json\/wp\/v2\/comments?post=1629"}],"wp:featuredmedia":[{"embeddable":true,"href":"https:\/\/fmp-components.com\/fr\/wp-json\/wp\/v2\/media\/1630"}],"wp:attachment":[{"href":"https:\/\/fmp-components.com\/fr\/wp-json\/wp\/v2\/media?parent=1629"}],"wp:term":[{"taxonomy":"product_brand","embeddable":true,"href":"https:\/\/fmp-components.com\/fr\/wp-json\/wp\/v2\/product_brand?post=1629"},{"taxonomy":"product_cat","embeddable":true,"href":"https:\/\/fmp-components.com\/fr\/wp-json\/wp\/v2\/product_cat?post=1629"},{"taxonomy":"product_tag","embeddable":true,"href":"https:\/\/fmp-components.com\/fr\/wp-json\/wp\/v2\/product_tag?post=1629"}],"curies":[{"name":"wp","href":"https:\/\/api.w.org\/{rel}","templated":true}]}}