{"id":1627,"date":"2024-12-23T06:59:20","date_gmt":"2024-12-23T06:59:20","guid":{"rendered":"https:\/\/fmp-components.com\/product\/dump-truck-4-stage-hydraulic-cylinder-long-stroke-telescopic-hydraulic-cylinder\/"},"modified":"2024-12-23T08:30:21","modified_gmt":"2024-12-23T08:30:21","slug":"dump-truck-4-stage-hydraulic-cylinder-long-stroke-telescopic-hydraulic-cylinder","status":"publish","type":"product","link":"https:\/\/fmp-components.com\/fr\/product\/dump-truck-4-stage-hydraulic-cylinder-long-stroke-telescopic-hydraulic-cylinder\/","title":{"rendered":"V\u00e9rin hydraulique t\u00e9lescopique \u00e0 4 \u00e9tages pour camion \u00e0 benne basculante"},"content":{"rendered":"<h2>Pr\u00e9sentation du v\u00e9rin hydraulique t\u00e9lescopique \u00e0 course longue \u00e0 4 \u00e9tages pour camion \u00e0 benne basculante<\/h2>\n<p>Le v\u00e9rin hydraulique t\u00e9lescopique \u00e0 course longue pour camion benne, \u00e0 4 \u00e9tages, est un produit polyvalent et durable, con\u00e7u pour les applications lourdes. Couramment utilis\u00e9 sur les camions bennes, il est con\u00e7u pour offrir une r\u00e9sistance et des performances maximales.<\/p>\n<p>Ce v\u00e9rin hydraulique est fabriqu\u00e9 avec des mat\u00e9riaux de haute qualit\u00e9, garantissant durabilit\u00e9 et fiabilit\u00e9 \u00e0 long terme. Sa conception t\u00e9lescopique \u00e0 4 \u00e9tages permet une course plus longue, lui permettant de soulever et de d\u00e9placer des charges plus lourdes. De plus, son al\u00e9sage large optimise le d\u00e9bit hydraulique et acc\u00e9l\u00e8re le fonctionnement.<\/p>\n<p>Le v\u00e9rin hydraulique t\u00e9lescopique \u00e0 course longue pour camion-benne, \u00e0 4 \u00e9tages, est \u00e9galement con\u00e7u pour la s\u00e9curit\u00e9. Il est \u00e9quip\u00e9 d'une soupape de s\u00e9curit\u00e9 int\u00e9gr\u00e9e qui bloque automatiquement toute extension excessive du v\u00e9rin, \u00e9vitant ainsi tout dommage \u00e0 l'\u00e9quipement ou toute blessure potentielle de l'op\u00e9rateur.<\/p>\n<table style=\"width: 100%;\" border=\"1\" width=\"100%\" cellspacing=\"0\" cellpadding=\"0\">\n<tbody>\n<tr>\n<th>Nom du produit<\/th>\n<td>V\u00e9rin hydraulique t\u00e9lescopique \u00e0 4 \u00e9tages pour camion \u00e0 benne basculante<\/td>\n<\/tr>\n<tr>\n<th>Condition<\/th>\n<td>Nouveau<\/td>\n<\/tr>\n<tr>\n<th>Garantie<\/th>\n<td>1 an<\/td>\n<\/tr>\n<tr>\n<th>Poids (KG)<\/th>\n<td>56<\/td>\n<\/tr>\n<tr>\n<th>Pouss\u00e9e maximale<\/th>\n<td>3000<\/td>\n<\/tr>\n<tr>\n<th>Traction maximale<\/th>\n<td>20 tonnes<\/td>\n<\/tr>\n<tr>\n<th>Conception<\/th>\n<td>V\u00e9rin t\u00e9lescopique \u00e0 course longue \u00e0 4 \u00e9tages<\/td>\n<\/tr>\n<tr>\n<th>Performance<\/th>\n<td>Performances, durabilit\u00e9 et s\u00e9curit\u00e9 sup\u00e9rieures<\/td>\n<\/tr>\n<tr>\n<th>Industries concern\u00e9es<\/th>\n<td>Usines de fabrication, ateliers de r\u00e9paration de machines, fermes, \u00e9nergie et mines, usines de fabrication de machines<\/td>\n<\/tr>\n<\/tbody>\n<\/table>\n<h2>Caract\u00e9ristiques du v\u00e9rin hydraulique \u00e0 4 \u00e9tages<\/h2>\n<p>Le v\u00e9rin hydraulique \u00e0 4 \u00e9tages pour camions \u00e0 benne basculante est dot\u00e9 de nombreuses caract\u00e9ristiques distinctives\u00a0:<br \/>\n<img decoding=\"async\" src=\"https:\/\/hzpt.com\/wp-content\/uploads\/2023\/11\/Inverted-Telescopic-Cylinder-2.webp\" alt=\"\" title=\"\"><\/p>\n<ol>\n<li>Structure standard \u00e0 piston et cylindre<\/li>\n<li>\u00c9nergie hydraulique<\/li>\n<li>Mat\u00e9riau du corps en acier<\/li>\n<li>Type de v\u00e9rins t\u00e9lescopiques invers\u00e9s<\/li>\n<li>Certification ISO9001:2000<\/li>\n<\/ol>\n<h2>Applications du v\u00e9rin hydraulique \u00e0 4 \u00e9tages<\/h2>\n<p>Gr\u00e2ce \u00e0 sa conception polyvalente et \u00e0 sa fonctionnalit\u00e9 efficace, le v\u00e9rin hydraulique \u00e0 4 \u00e9tages peut \u00eatre appliqu\u00e9 dans une myriade d'industries :<\/p>\n<ol>\n<li>Usine de fabrication<\/li>\n<li>Ateliers de r\u00e9paration de machines<\/li>\n<li>Fermes<\/li>\n<li>\u00c9nergie et mines<\/li>\n<li>Fabrication de machines<\/li>\n<\/ol>\n<p><img decoding=\"async\" src=\"https:\/\/hzpt.com\/wp-content\/uploads\/2023\/11\/Inverted-Telescopic-Cylinder-Applications.webp\" alt=\"Applications du v\u00e9rin t\u00e9lescopique invers\u00e9\" title=\"\"><\/p>\n<h2>Principe de fonctionnement et entretien du v\u00e9rin hydraulique \u00e0 4 \u00e9tages<\/h2>\n<p>Le v\u00e9rin hydraulique \u00e0 4 \u00e9tages fonctionne gr\u00e2ce \u00e0 l'entr\u00e9e de fluide hydraulique qui g\u00e9n\u00e8re la force de sortie. Pour garantir des performances optimales, des m\u00e9thodes d'entretien r\u00e9guli\u00e8res comprennent l'inspection, le nettoyage, la lubrification, les inspections et r\u00e9parations de routine, le remplacement des joints et le respect des instructions du manuel d'utilisation.<br \/>\n<img decoding=\"async\" src=\"https:\/\/hzpt.com\/wp-content\/uploads\/2023\/11\/Inverted-Telescopic-Cylinder-20.webp\" alt=\"\" title=\"\"><\/p>\n<h2>V\u00e9rin t\u00e9lescopique invers\u00e9<\/h2>\n<h3>Introduction<\/h3>\n<p>Un v\u00e9rin t\u00e9lescopique invers\u00e9 est un v\u00e9rin hydraulique utilis\u00e9 dans diverses applications, notamment pour les camions-bennes. Sa structure et sa conception uniques le rendent id\u00e9al pour les industries exigeant des syst\u00e8mes hydrauliques de haute qualit\u00e9. Le v\u00e9rin t\u00e9lescopique invers\u00e9, \u00e9galement appel\u00e9 v\u00e9rin t\u00e9lescopique simple effet, est reconnu pour sa stabilit\u00e9 et son efficacit\u00e9.<\/p>\n<h3>Structure d'un cylindre t\u00e9lescopique invers\u00e9<\/h3>\n<p>Un v\u00e9rin t\u00e9lescopique invers\u00e9 est compos\u00e9 de plusieurs \u00e9tages imbriqu\u00e9s les uns dans les autres. L'\u00e9tage ext\u00e9rieur est le plus grand, et l'\u00e9tage int\u00e9rieur le plus petit. Les \u00e9tages sont reli\u00e9s par un piston qui se d\u00e9place verticalement \u00e0 l'int\u00e9rieur du v\u00e9rin. Ce piston est reli\u00e9 \u00e0 une tige qui s'\u00e9tend \u00e0 l'ext\u00e9rieur du v\u00e9rin.<\/p>\n<p>Le v\u00e9rin t\u00e9lescopique invers\u00e9 pr\u00e9sente une conception unique\u00a0: le piston est situ\u00e9 \u00e0 sa base. La tige qui d\u00e9passe du v\u00e9rin est reli\u00e9e \u00e0 la charge, et le poids de celle-ci est utilis\u00e9 pour d\u00e9ployer le v\u00e9rin. Cette conception rend le v\u00e9rin t\u00e9lescopique invers\u00e9 plus stable et plus efficace que les autres types de v\u00e9rins hydrauliques.<\/p>\n<h3>Applications du v\u00e9rin t\u00e9lescopique invers\u00e9<\/h3>\n<p>Le v\u00e9rin t\u00e9lescopique invers\u00e9 est largement utilis\u00e9 dans divers secteurs, notamment les camions-bennes, les grues et autres \u00e9quipements lourds. L'une de ses principales applications est celle des camions-bennes. Il permet de lever et d'abaisser la benne, permettant ainsi le transport de grands volumes de mat\u00e9riaux.<\/p>\n<h3>V\u00e9rin hydraulique \u00e0 4 \u00e9tages pour camion \u00e0 benne basculante<\/h3>\n<p>Le v\u00e9rin hydraulique \u00e0 4 \u00e9tages pour camion-benne est un v\u00e9rin t\u00e9lescopique invers\u00e9 sp\u00e9cialement con\u00e7u pour les camions-benne. Il comporte quatre \u00e9tages, ce qui lui conf\u00e8re une course plus longue et une plus grande capacit\u00e9 de levage. Il est \u00e9galement reconnu pour sa durabilit\u00e9 et sa fiabilit\u00e9, ce qui le rend id\u00e9al pour une utilisation en environnements difficiles.<\/p>\n<h3>V\u00e9rin hydraulique t\u00e9lescopique \u00e0 longue course<\/h3>\n<p>Le v\u00e9rin hydraulique t\u00e9lescopique \u00e0 longue course est un autre type de v\u00e9rin t\u00e9lescopique invers\u00e9 utilis\u00e9 dans divers secteurs, notamment celui des camions-bennes. Sa conception \u00e0 longue course permet une course plus longue, ce qui le rend id\u00e9al pour les applications n\u00e9cessitant une course plus longue. Le v\u00e9rin hydraulique t\u00e9lescopique \u00e0 longue course est \u00e9galement reconnu pour son efficacit\u00e9 et sa fiabilit\u00e9, ce qui en fait un choix populaire dans de nombreux secteurs.<\/p>\n<p>En r\u00e9sum\u00e9, le v\u00e9rin t\u00e9lescopique invers\u00e9 est un v\u00e9rin hydraulique unique, largement utilis\u00e9 dans divers secteurs, notamment celui des camions-bennes. Sa structure et sa conception uniques le rendent plus stable et efficace que les autres types de v\u00e9rins hydrauliques. Le v\u00e9rin hydraulique \u00e0 4 \u00e9tages pour camions-bennes et le v\u00e9rin hydraulique t\u00e9lescopique \u00e0 longue course sont deux exemples de v\u00e9rins t\u00e9lescopiques invers\u00e9s sp\u00e9cialement con\u00e7us pour les camions-bennes et autres \u00e9quipements lourds.<\/p>\n<h3>\u00c0 propos de FMP<\/h3>\n<p>FMP est une entreprise leader sp\u00e9cialis\u00e9e dans la production et la vente de v\u00e9rins hydrauliques. Bas\u00e9e en Italie, nous proposons \u00e0 nos clients une large gamme de v\u00e9rins hydrauliques fiables et de haute qualit\u00e9, gr\u00e2ce \u00e0 notre vaste exp\u00e9rience du secteur et \u00e0 notre \u00e9quipe de professionnels.<\/p>\n<p><strong>1. Gamme de produits diversifi\u00e9e :<\/strong> Notre gamme de produits comprend une vari\u00e9t\u00e9 de v\u00e9rins hydrauliques con\u00e7us pour diff\u00e9rentes applications, garantissant que nous pouvons r\u00e9pondre aux besoins sp\u00e9cifiques de nos clients.<\/p>\n<p><strong>2. Qualit\u00e9 sup\u00e9rieure :<\/strong> Chez FMP, la qualit\u00e9 est notre priorit\u00e9 et nous veillons \u00e0 ce que tous nos v\u00e9rins hydrauliques r\u00e9pondent \u00e0 des normes de qualit\u00e9 strictes. Nous avons \u00e9tabli des relations durables et stables avec des fournisseurs de premier ordre, nationaux et internationaux, afin de garantir l&#039;excellence de nos produits.<\/p>\n<p><strong>3. \u00c9quipe de vente experte :<\/strong> Notre \u00e9quipe commerciale exp\u00e9riment\u00e9e et comp\u00e9tente poss\u00e8de une connaissance approfondie du secteur des engins de chantier. Elle se tient inform\u00e9e des derni\u00e8res tendances et comprend les besoins de ses clients, ce qui lui permet de fournir des conseils produits professionnels et des suggestions d&#039;achat judicieuses.<\/p>\n<p><strong>4. Distribution logistique efficace :<\/strong> Nous avons mis en place un syst\u00e8me de distribution logistique efficace pour assurer une livraison rapide et pr\u00e9cise des v\u00e9rins hydrauliques requis \u00e0 nos clients, r\u00e9duisant ainsi les temps d&#039;arr\u00eat et am\u00e9liorant la productivit\u00e9.<\/p>\n<p><strong>5. Engagement envers la satisfaction du client :<\/strong> Chez FMP, la satisfaction client est notre priorit\u00e9. Nous nous effor\u00e7ons de b\u00e2tir des relations durables avec nos clients en leur proposant des produits exceptionnels et un service apr\u00e8s-vente irr\u00e9prochable.<\/p>\n<p><img decoding=\"async\" src=\"https:\/\/fmp-components.com\/wp-content\/uploads\/2024\/12\/Adjustable-Clevis-Type-Cylinders-6.webp\" alt=\"V\u00e9rin \u00e0 chape r\u00e9glable\" width=\"815\" title=\"\"><br \/>\nAuteur : CX<\/p>","protected":false},"excerpt":{"rendered":"<p>Introducing Dump Truck 4 Stage Hydraulic Cylinder Long Stroke Telescopic Hydraulic Cylinder The Dump Truck 4 Stage Hydraulic Cylinder Long Stroke Telescopic Hydraulic Cylinder is a versatile and durable product designed for heavy-duty applications. It is commonly used in dump trucks, and is engineered to provide maximum strength and performance. This hydraulic cylinder is constructed [&hellip;]<\/p>","protected":false},"featured_media":1628,"comment_status":"closed","ping_status":"closed","template":"","meta":{"_et_pb_use_builder":"","_et_pb_old_content":"","_et_gb_content_width":""},"product_brand":[],"product_cat":[45],"product_tag":[34,48],"class_list":{"0":"post-1627","1":"product","2":"type-product","3":"status-publish","4":"has-post-thumbnail","6":"product_cat-inverted-telescopic-cylinder","7":"product_tag-hydraulic-cylinder","8":"product_tag-inverted-telescopic-cylinder","10":"first","11":"instock","12":"product-type-simple"},"_links":{"self":[{"href":"https:\/\/fmp-components.com\/fr\/wp-json\/wp\/v2\/product\/1627","targetHints":{"allow":["GET"]}}],"collection":[{"href":"https:\/\/fmp-components.com\/fr\/wp-json\/wp\/v2\/product"}],"about":[{"href":"https:\/\/fmp-components.com\/fr\/wp-json\/wp\/v2\/types\/product"}],"replies":[{"embeddable":true,"href":"https:\/\/fmp-components.com\/fr\/wp-json\/wp\/v2\/comments?post=1627"}],"wp:featuredmedia":[{"embeddable":true,"href":"https:\/\/fmp-components.com\/fr\/wp-json\/wp\/v2\/media\/1628"}],"wp:attachment":[{"href":"https:\/\/fmp-components.com\/fr\/wp-json\/wp\/v2\/media?parent=1627"}],"wp:term":[{"taxonomy":"product_brand","embeddable":true,"href":"https:\/\/fmp-components.com\/fr\/wp-json\/wp\/v2\/product_brand?post=1627"},{"taxonomy":"product_cat","embeddable":true,"href":"https:\/\/fmp-components.com\/fr\/wp-json\/wp\/v2\/product_cat?post=1627"},{"taxonomy":"product_tag","embeddable":true,"href":"https:\/\/fmp-components.com\/fr\/wp-json\/wp\/v2\/product_tag?post=1627"}],"curies":[{"name":"wp","href":"https:\/\/api.w.org\/{rel}","templated":true}]}}