{"id":1615,"date":"2024-12-23T06:59:20","date_gmt":"2024-12-23T06:59:20","guid":{"rendered":"https:\/\/fmp-components.com\/product\/factory-customized-hydraulic-cylinder-double-acting-telescopic-hydraulic-cylinder-for-sale\/"},"modified":"2024-12-23T08:41:39","modified_gmt":"2024-12-23T08:41:39","slug":"factory-customized-hydraulic-cylinder-double-acting-telescopic-hydraulic-cylinder-for-sale","status":"publish","type":"product","link":"https:\/\/fmp-components.com\/fr\/product\/factory-customized-hydraulic-cylinder-double-acting-telescopic-hydraulic-cylinder-for-sale\/","title":{"rendered":"V\u00e9rin hydraulique t\u00e9lescopique \u00e0 double effet, personnalis\u00e9 en usine, \u00e0 vendre"},"content":{"rendered":"<h2>V\u00e9rin hydraulique t\u00e9lescopique \u00e0 double effet, personnalis\u00e9 en usine, \u00e0 vendre<\/h2>\n<p>Le v\u00e9rin hydraulique personnalis\u00e9 en usine est un produit de haute qualit\u00e9 con\u00e7u pour r\u00e9pondre aux besoins sp\u00e9cifiques de divers secteurs. Ce v\u00e9rin hydraulique t\u00e9lescopique \u00e0 double effet offre des performances et une fiabilit\u00e9 exceptionnelles.<\/p>\n<p>Gr\u00e2ce \u00e0 sa conception et sa construction avanc\u00e9es, ce v\u00e9rin hydraulique assure un mouvement fluide et pr\u00e9cis en phase d'extension comme de r\u00e9traction. Con\u00e7u pour r\u00e9sister \u00e0 de lourdes charges et \u00e0 des conditions d'utilisation difficiles, il convient \u00e0 un large \u00e9ventail d'applications.<\/p>\n<p>Le v\u00e9rin hydraulique personnalis\u00e9 est fabriqu\u00e9 avec des mat\u00e9riaux de premi\u00e8re qualit\u00e9, garantissant durabilit\u00e9 et long\u00e9vit\u00e9. Il est soumis \u00e0 des tests et contr\u00f4les qualit\u00e9 rigoureux pour r\u00e9pondre aux normes internationales, garantissant ainsi des performances et une s\u00e9curit\u00e9 exceptionnelles.<\/p>\n<p>Ce v\u00e9rin hydraulique est hautement personnalisable, permettant aux clients de l'adapter \u00e0 leurs besoins sp\u00e9cifiques. Course, al\u00e9sage, type de montage ou autres sp\u00e9cifications\u00a0: le v\u00e9rin hydraulique personnalis\u00e9 en usine s'adapte parfaitement \u00e0 toutes les applications.<\/p>\n<p>Outre ses performances exceptionnelles, ce v\u00e9rin hydraulique est \u00e9galement reconnu pour sa facilit\u00e9 d'installation et d'entretien. Con\u00e7u pour un fonctionnement sans souci, il minimise les temps d'arr\u00eat et optimise la productivit\u00e9.<\/p>\n<p>En mati\u00e8re de fiabilit\u00e9, de performances et de personnalisation, le v\u00e9rin hydraulique personnalis\u00e9 en usine est le choix id\u00e9al. Gr\u00e2ce \u00e0 ses caract\u00e9ristiques et avantages exceptionnels, il constitue un atout pr\u00e9cieux pour les industries exigeant une puissance hydraulique efficace et pr\u00e9cise.<\/p>\n<p>Pour plus d'informations ou pour toute demande concernant le v\u00e9rin hydraulique t\u00e9lescopique \u00e0 double effet personnalis\u00e9 en usine, veuillez nous contacter. Notre \u00e9quipe d'experts est \u00e0 votre disposition pour vous aider et vous proposer la solution la plus adapt\u00e9e \u00e0 vos besoins en \u00e9nergie hydraulique.<\/p>\n<table style=\"width: 100%;\" border=\"1\" width=\"100%\" cellspacing=\"0\" cellpadding=\"0\">\n<tbody>\n<tr>\n<th>Nom du produit<\/th>\n<td>V\u00e9rin hydraulique t\u00e9lescopique \u00e0 double effet personnalis\u00e9 en usine<\/td>\n<\/tr>\n<tr>\n<th>Condition<\/th>\n<td>Nouveau<\/td>\n<\/tr>\n<tr>\n<th>Garantie<\/th>\n<td>1 an<\/td>\n<\/tr>\n<tr>\n<th>Poids (KG)<\/th>\n<td>48<\/td>\n<\/tr>\n<tr>\n<th>Source d'\u00e9nergie<\/th>\n<td>Hydraulique<\/td>\n<\/tr>\n<tr>\n<th>Mat\u00e9riel<\/th>\n<td>Acier<\/td>\n<\/tr>\n<tr>\n<th>Pouss\u00e9e maximale<\/th>\n<td>3000<\/td>\n<\/tr>\n<tr>\n<th>Traction maximale<\/th>\n<td>20 tonnes<\/td>\n<\/tr>\n<tr>\n<th>Type de cylindre<\/th>\n<td>V\u00e9rin t\u00e9lescopique invers\u00e9<\/td>\n<\/tr>\n<tr>\n<th>Ports<\/th>\n<td>G\/SAE\/NPT\/M<\/td>\n<\/tr>\n<tr>\n<th>Taille de l&#039;al\u00e9sage<\/th>\n<td>2 \u00e0 6 pouces<\/td>\n<\/tr>\n<tr>\n<th>Taille de la tige<\/th>\n<td>1,125-4 pouces<\/td>\n<\/tr>\n<tr>\n<th>Taille de la course<\/th>\n<td>6 \u00e0 48 pouces<\/td>\n<\/tr>\n<tr>\n<th>Taille de la broche<\/th>\n<td>0,5 \u00e0 2 pouces<\/td>\n<\/tr>\n<tr>\n<th>Couleur<\/th>\n<td>Noir<\/td>\n<\/tr>\n<tr>\n<th>Certification<\/th>\n<td>ISO9001:2000<\/td>\n<\/tr>\n<tr>\n<th>Essai<\/th>\n<td>Rapport d'inspection vid\u00e9o de sortie et de test des machines inclus<\/td>\n<\/tr>\n<tr>\n<th>Industries concern\u00e9es<\/th>\n<td>Usines de fabrication, ateliers de r\u00e9paration de machines, exploitations agricoles, \u00e9nergie et mines, fabrication de machines<\/td>\n<\/tr>\n<\/tbody>\n<\/table>\n<h2>Pr\u00e9sentation de nos v\u00e9rins hydrauliques personnalis\u00e9s en usine<\/h2>\n<p>&nbsp;<\/p>\n<p><img decoding=\"async\" src=\"https:\/\/hzpt.com\/wp-content\/uploads\/2023\/11\/Inverted-Telescopic-Cylinder-19.webp\" alt=\"\" title=\"\"><\/p>\n<h2>Caract\u00e9ristiques du v\u00e9rin hydraulique t\u00e9lescopique<\/h2>\n<ul>\n<li>Double effet : il a la capacit\u00e9 d'appliquer la force dans les deux sens, ce qui augmente sa polyvalence.<\/li>\n<li>T\u00e9lescopique : Le cylindre peut s'\u00e9tendre et se r\u00e9tracter sur diff\u00e9rentes longueurs, offrant plus de flexibilit\u00e9 dans les applications.<\/li>\n<li>Capacit\u00e9 de pouss\u00e9e et de traction \u00e9lev\u00e9e : avec une pouss\u00e9e maximale de 3 000 et une traction maximale de 20 tonnes, il peut g\u00e9rer efficacement les travaux lourds.<\/li>\n<li>Certifi\u00e9 ISO9001:2000 : Le produit r\u00e9pond aux normes internationales, garantissant sa qualit\u00e9 et sa s\u00e9curit\u00e9.<\/li>\n<li>Mat\u00e9riau durable : Le corps du cylindre est en acier, garantissant sa durabilit\u00e9 et sa long\u00e9vit\u00e9.<\/li>\n<\/ul>\n<h2>Applications du v\u00e9rin hydraulique t\u00e9lescopique<\/h2>\n<p><img decoding=\"async\" src=\"https:\/\/hzpt.com\/wp-content\/uploads\/2023\/11\/Inverted-Telescopic-Cylinder-Applications.webp\" alt=\"Applications du v\u00e9rin t\u00e9lescopique invers\u00e9\" title=\"\"><\/p>\n<h2>Principe de fonctionnement et m\u00e9thodes de maintenance<\/h2>\n<p>Le v\u00e9rin hydraulique t\u00e9lescopique fonctionne selon le principe de la pression hydraulique. Le fluide sous pression \u00e0 l'int\u00e9rieur du v\u00e9rin cr\u00e9e une force qui d\u00e9place le piston, ce qui modifie la longueur du v\u00e9rin. Pour garantir la long\u00e9vit\u00e9 du v\u00e9rin, suivez les m\u00e9thodes d'entretien suivantes\u00a0:<\/p>\n<ul>\n<li>Inspection r\u00e9guli\u00e8re : Inspectez r\u00e9guli\u00e8rement le cylindre pour d\u00e9tecter tout signe de dommage ou d\u2019usure.<\/li>\n<li>Nettoyage : Maintenir le cylindre propre pour \u00e9viter que des d\u00e9bris n'interf\u00e8rent avec son fonctionnement.<\/li>\n<li>Lubrification : Lubrifiez r\u00e9guli\u00e8rement le cylindre pour assurer un fonctionnement fluide.<\/li>\n<li>Inspections et r\u00e9parations r\u00e9guli\u00e8res : planifiez des inspections r\u00e9guli\u00e8res et des r\u00e9parations imm\u00e9diates pour maintenir le cylindre en parfait \u00e9tat de fonctionnement.<\/li>\n<li>Remplacement des joints : remplacez les joints conform\u00e9ment au manuel de l'op\u00e9rateur pour \u00e9viter les fuites et maintenir un fonctionnement efficace.<\/li>\n<\/ul>\n<p><img decoding=\"async\" src=\"https:\/\/hzpt.com\/wp-content\/uploads\/2023\/11\/Inverted-Telescopic-Cylinder-16.webp\" alt=\"\" title=\"\"><\/p>\n<h2>V\u00e9rin t\u00e9lescopique invers\u00e9<\/h2>\n<p>V\u00e9rin hydraulique t\u00e9lescopique double effet sur mesure en usine \u00e0 vendre\u00a0: Un v\u00e9rin t\u00e9lescopique invers\u00e9 est un type de v\u00e9rin hydraulique utilis\u00e9 dans diverses applications industrielles. Il poss\u00e8de une tige de piston orient\u00e9e vers le bas, contrairement \u00e0 un v\u00e9rin t\u00e9lescopique traditionnel. Cette conception unique offre une plus grande flexibilit\u00e9 d'utilisation et permet une utilisation dans de nombreuses applications.<\/p>\n<h3>Conception<\/h3>\n<p>Le v\u00e9rin t\u00e9lescopique invers\u00e9 est constitu\u00e9 d'une s\u00e9rie de tubes embo\u00eet\u00e9s les uns dans les autres. Le tube int\u00e9rieur est fix\u00e9 \u00e0 la tige de piston et se d\u00e9place de haut en bas pendant le fonctionnement. Les tubes ext\u00e9rieurs sont fixes et soutiennent le tube int\u00e9rieur. Chaque tube est l\u00e9g\u00e8rement plus grand que celui qui l'entoure, ce qui leur permet de coulisser les uns dans les autres pendant le fonctionnement.<\/p>\n<p>Le v\u00e9rin est con\u00e7u pour \u00eatre \u00e0 double effet, ce qui signifie que le fluide hydraulique pousse la tige de piston dans les deux sens. Cela permet d'utiliser le v\u00e9rin dans diverses applications, notamment le levage de charges lourdes, la pouss\u00e9e et la traction d'objets, et bien plus encore.<\/p>\n<h3>Applications<\/h3>\n<p>Le v\u00e9rin t\u00e9lescopique invers\u00e9 est utilis\u00e9 dans de nombreuses applications industrielles, notamment la construction, l'agriculture et la fabrication. Parmi les utilisations courantes, on peut citer\u00a0:<\/p>\n<ul>\n<li>Lever et abaisser des charges lourdes<\/li>\n<li>D\u00e9placer de gros objets<\/li>\n<li>\u00c9quipement de pouss\u00e9e et de traction<\/li>\n<li>Contr\u00f4ler le mouvement des machines<\/li>\n<\/ul>\n<p>Gr\u00e2ce \u00e0 leur conception unique et \u00e0 leur polyvalence, les v\u00e9rins t\u00e9lescopiques invers\u00e9s sont souvent personnalis\u00e9s pour r\u00e9pondre aux besoins sp\u00e9cifiques de chaque application. Cette personnalisation peut inclure des ajustements de taille, de course et d'autres param\u00e8tres cl\u00e9s pour garantir des performances optimales dans chaque situation.<\/p>\n<h3>Avantages<\/h3>\n<p>L'un des principaux avantages du v\u00e9rin t\u00e9lescopique invers\u00e9 est sa conception compacte. Comme il se replie sur lui-m\u00eame, il occupe moins d'espace que les v\u00e9rins traditionnels. Il est donc id\u00e9al pour les espaces restreints ou les applications o\u00f9 l'espace est limit\u00e9.<\/p>\n<p>Le v\u00e9rin t\u00e9lescopique invers\u00e9 est \u00e9galement tr\u00e8s durable et r\u00e9sistant \u00e0 l'usure. Sa conception unique permet une r\u00e9partition uniforme de la charge sur l'ensemble du v\u00e9rin. Ainsi, le v\u00e9rin est moins susceptible de tomber en panne ou de subir des dommages au fil du temps, m\u00eame en cas d'utilisation intensive.<\/p>\n<h3>Conclusion<\/h3>\n<p>Le v\u00e9rin t\u00e9lescopique invers\u00e9 est un v\u00e9rin hydraulique polyvalent et tr\u00e8s efficace, utilis\u00e9 dans de nombreuses applications industrielles. Gr\u00e2ce \u00e0 sa conception unique et \u00e0 sa personnalisation pour r\u00e9pondre \u00e0 des besoins sp\u00e9cifiques, il constitue le choix id\u00e9al pour ceux qui recherchent une solution de v\u00e9rin hydraulique fiable, durable et \u00e9conomique.<\/p>\n<h3>\u00c0 propos de FMP \u2013 Vente et service professionnels de pi\u00e8ces d\u00e9tach\u00e9es et de machines compl\u00e8tes pour engins de chantier<\/h3>\n<p>FMP est une entreprise leader bas\u00e9e en Italie, sp\u00e9cialis\u00e9e dans la vente et l'entretien de pi\u00e8ces d\u00e9tach\u00e9es et de machines compl\u00e8tes pour engins de chantier. Forts de nombreuses ann\u00e9es d'exp\u00e9rience dans le secteur et d'une \u00e9quipe professionnelle, nous offrons \u00e0 nos clients des solutions fiables et de haute qualit\u00e9.<\/p>\n<h3>V\u00e9rin hydraulique \u2013 Notre produit de qualit\u00e9 sup\u00e9rieure<\/h3>\n<p>Le v\u00e9rin hydraulique est l'un de nos produits haut de gamme. Voici quelques raisons de choisir FMP pour vos besoins en v\u00e9rins hydrauliques\u00a0:<\/p>\n<ol>\n<li><strong>Mat\u00e9riaux de haute qualit\u00e9<\/strong>:Nos v\u00e9rins hydrauliques sont fabriqu\u00e9s \u00e0 partir de mat\u00e9riaux de premi\u00e8re qualit\u00e9 pour garantir durabilit\u00e9 et fiabilit\u00e9.<\/li>\n<li><strong>Options personnalisables<\/strong>:Nous proposons une gamme d'options personnalisables pour r\u00e9pondre \u00e0 vos besoins sp\u00e9cifiques, y compris des v\u00e9rins de type chape r\u00e9glable comme celui ci-dessous.<\/li>\n<li><strong>Consultation d'experts<\/strong>Notre \u00e9quipe commerciale exp\u00e9riment\u00e9e conna\u00eet les tendances de d\u00e9veloppement et les besoins des clients du secteur des engins de chantier. Elle peut vous fournir des conseils professionnels sur les produits et des suggestions d'achat judicieuses.<\/li>\n<li><strong>Syst\u00e8me de distribution logistique efficace<\/strong>:Nous disposons d'un syst\u00e8me de distribution logistique efficace pour garantir que les clients re\u00e7oivent les pi\u00e8ces requises en temps opportun et avec pr\u00e9cision.<\/li>\n<li><strong>Normes de qualit\u00e9 strictes<\/strong>:En \u00e9tablissant des relations de coop\u00e9ration stables et \u00e0 long terme avec de nombreux fournisseurs de haute qualit\u00e9 au pays et \u00e0 l'\u00e9tranger, nous garantissons que toutes les pi\u00e8ces fournies r\u00e9pondent \u00e0 des normes de qualit\u00e9 strictes.<\/li>\n<\/ol>\n<p>Choisissez FMP pour vos besoins en v\u00e9rins hydrauliques et d\u00e9couvrez la diff\u00e9rence de qualit\u00e9 et de service.<\/p>\n<p><img decoding=\"async\" src=\"https:\/\/fmp-components.com\/wp-content\/uploads\/2024\/12\/Adjustable-Clevis-Type-Cylinders-6.webp\" alt=\"V\u00e9rin \u00e0 chape r\u00e9glable\" width=\"809\" title=\"\"><br \/>\nAuteur : CX<\/p>","protected":false},"excerpt":{"rendered":"<p>Factory Customized Hydraulic Cylinder Double Acting Telescopic Hydraulic Cylinder For Sale The Factory Customized Hydraulic Cylinder is a high-quality product designed to meet the specific needs of various industries. It is a double-acting telescopic hydraulic cylinder that offers exceptional performance and reliability. With its advanced design and construction, this hydraulic cylinder provides smooth and precise [&hellip;]<\/p>","protected":false},"featured_media":1616,"comment_status":"closed","ping_status":"closed","template":"","meta":{"_et_pb_use_builder":"","_et_pb_old_content":"","_et_gb_content_width":""},"product_brand":[],"product_cat":[45],"product_tag":[34,48],"class_list":{"0":"post-1615","1":"product","2":"type-product","3":"status-publish","4":"has-post-thumbnail","6":"product_cat-inverted-telescopic-cylinder","7":"product_tag-hydraulic-cylinder","8":"product_tag-inverted-telescopic-cylinder","10":"first","11":"instock","12":"product-type-simple"},"_links":{"self":[{"href":"https:\/\/fmp-components.com\/fr\/wp-json\/wp\/v2\/product\/1615","targetHints":{"allow":["GET"]}}],"collection":[{"href":"https:\/\/fmp-components.com\/fr\/wp-json\/wp\/v2\/product"}],"about":[{"href":"https:\/\/fmp-components.com\/fr\/wp-json\/wp\/v2\/types\/product"}],"replies":[{"embeddable":true,"href":"https:\/\/fmp-components.com\/fr\/wp-json\/wp\/v2\/comments?post=1615"}],"wp:featuredmedia":[{"embeddable":true,"href":"https:\/\/fmp-components.com\/fr\/wp-json\/wp\/v2\/media\/1616"}],"wp:attachment":[{"href":"https:\/\/fmp-components.com\/fr\/wp-json\/wp\/v2\/media?parent=1615"}],"wp:term":[{"taxonomy":"product_brand","embeddable":true,"href":"https:\/\/fmp-components.com\/fr\/wp-json\/wp\/v2\/product_brand?post=1615"},{"taxonomy":"product_cat","embeddable":true,"href":"https:\/\/fmp-components.com\/fr\/wp-json\/wp\/v2\/product_cat?post=1615"},{"taxonomy":"product_tag","embeddable":true,"href":"https:\/\/fmp-components.com\/fr\/wp-json\/wp\/v2\/product_tag?post=1615"}],"curies":[{"name":"wp","href":"https:\/\/api.w.org\/{rel}","templated":true}]}}