{"id":1528,"date":"2024-12-23T05:51:36","date_gmt":"2024-12-23T05:51:36","guid":{"rendered":"https:\/\/fmp-components.com\/product\/hot-sale-stainless-steel-double-acting-hydraulic-cylinder-for-snow-plow\/"},"modified":"2024-12-23T06:00:40","modified_gmt":"2024-12-23T06:00:40","slug":"hot-sale-stainless-steel-double-acting-hydraulic-cylinder-for-snow-plow","status":"publish","type":"product","link":"https:\/\/fmp-components.com\/fr\/product\/hot-sale-stainless-steel-double-acting-hydraulic-cylinder-for-snow-plow\/","title":{"rendered":"Vente chaude en acier inoxydable double effet v\u00e9rin hydraulique pour chasse-neige"},"content":{"rendered":"<h2>Vente chaude en acier inoxydable double effet v\u00e9rin hydraulique pour chasse-neige<\/h2>\n<p>Le v\u00e9rin hydraulique double effet en acier inoxydable, tr\u00e8s demand\u00e9, est un produit de haute qualit\u00e9 con\u00e7u pour un d\u00e9neigement efficace m\u00eame dans les conditions hivernales les plus extr\u00eames. Fabriqu\u00e9 en acier inoxydable durable, ce v\u00e9rin hydraulique est con\u00e7u pour r\u00e9sister aux temp\u00e9ratures extr\u00eames et \u00e0 la corrosion.<\/p>\n<p>Le syst\u00e8me \u00e0 double effet assure un mouvement fluide et efficace dans les deux sens, facilitant ainsi le r\u00e9glage de la lame de d\u00e9neigement \u00e0 l'angle souhait\u00e9. De plus, la conception compacte du v\u00e9rin hydraulique permet une installation ais\u00e9e sur une grande vari\u00e9t\u00e9 de chasse-neige.<\/p>\n<p>Avec ses performances et sa durabilit\u00e9 exceptionnelles, le v\u00e9rin hydraulique double effet en acier inoxydable pour chasse-neige est l'accessoire id\u00e9al pour tout syst\u00e8me de d\u00e9neigement. Ne laissez pas l'hiver vous ralentir\u00a0: investissez d\u00e8s aujourd'hui dans ce v\u00e9rin hydraulique fiable et performant. Con\u00e7u pour les applications intensives, le v\u00e9rin hydraulique double effet en acier inoxydable offre des performances et une durabilit\u00e9 sup\u00e9rieures pour les op\u00e9rations de d\u00e9neigement. Neuf et garanti 1\u00a0an, ce v\u00e9rin hydraulique vous assure fiabilit\u00e9 et tranquillit\u00e9 d'esprit.<img decoding=\"async\" title=\"V\u00e9rin hydraulique pour chasse-neige\" src=\"https:\/\/hzpt.com\/wp-content\/uploads\/2023\/11\/Snow-Plow-Hydraulic-Cylinder-2.webp\" alt=\"V\u00e9rin hydraulique pour chasse-neige\" \/><\/p>\n<h2>Caract\u00e9ristiques du produit<\/h2>\n<h3>Qualit\u00e9 et design sup\u00e9rieurs<\/h3>\n<p>Fabriqu\u00e9 avec un corps robuste en acier, ce v\u00e9rin hydraulique pr\u00e9sente une structure standard \u00e0 piston. Fonctionnant \u00e0 l'aide d'un syst\u00e8me hydraulique, il offre une pouss\u00e9e maximale de 3\u00a0000 Nm et une force de traction maximale de 20 tonnes. De couleur noire \u00e9l\u00e9gante, il est \u00e9quip\u00e9 de raccords G\/SAE\/NPT\/M.<\/p>\n<h3>Dimensions<\/h3>\n<p>Le v\u00e9rin hydraulique poss\u00e8de un al\u00e9sage de 2 \u00e0 6 pouces, une tige de 1,125 \u00e0 4 pouces, une course de 4 \u00e0 100 pouces et un axe de 0,5 \u00e0 2 pouces. Cette vari\u00e9t\u00e9 de dimensions lui permet d'\u00eatre utilis\u00e9 dans une large gamme de machines et d'op\u00e9rations.<\/p>\n<h3>Assurance qualit\u00e9<\/h3>\n<p>Certifi\u00e9 ISO 9001:2000, ce v\u00e9rin hydraulique garantit une qualit\u00e9 et des performances optimales. Chaque unit\u00e9 fait l'objet d'un contr\u00f4le vid\u00e9o en sortie d'usine et est accompagn\u00e9e d'un rapport d'essai. Les composants principaux, \u00e0 savoir les roulements et le v\u00e9rin hydraulique, sont garantis 1 an.<\/p>\n<h3>Applications<\/h3>\n<p>Le v\u00e9rin hydraulique est id\u00e9al pour diverses industries, notamment les ateliers de r\u00e9paration de machines, les exploitations agricoles, l'\u00e9nergie et l'exploitation mini\u00e8re, la fabrication de machines et les usines de machines.<\/p>\n<h2>Avantages des v\u00e9rins \u00e0 chape r\u00e9glable<\/h2>\n<p>Les v\u00e9rins \u00e0 chape r\u00e9glable sont un type de v\u00e9rin hydraulique capable de produire un mouvement lin\u00e9aire gr\u00e2ce \u00e0 la pression hydraulique. Ils pr\u00e9sentent plusieurs avantages qui en font un excellent choix pour de nombreuses applications. Voici quelques-uns de ces avantages\u00a0:<\/p>\n<ul>\n<li><strong>Ajustabilit\u00e9 :<\/strong> L'un des principaux avantages des v\u00e9rins \u00e0 chape r\u00e9glable r\u00e9side dans leur capacit\u00e9 de r\u00e9glage. Ce type de v\u00e9rin permet un contr\u00f4le pr\u00e9cis de la position de la tige de piston, ce qui le rend id\u00e9al pour les applications exigeant un positionnement pr\u00e9cis. Par exemple, le v\u00e9rin hydraulique double effet en acier inoxydable, tr\u00e8s demand\u00e9, pour chasse-neige, peut \u00eatre r\u00e9gl\u00e9 afin de garantir que la lame du chasse-neige soit \u00e0 l'angle optimal pour un d\u00e9neigement efficace.<\/li>\n<li><strong>Force \u00e9lev\u00e9e :<\/strong> Les v\u00e9rins \u00e0 chape r\u00e9glable peuvent g\u00e9n\u00e9rer des forces importantes, ce qui les rend id\u00e9aux pour les applications exigeant une puissance \u00e9lev\u00e9e. En effet, les syst\u00e8mes hydrauliques peuvent g\u00e9n\u00e9rer des forces bien sup\u00e9rieures \u00e0 celles des syst\u00e8mes pneumatiques. Cette caract\u00e9ristique les rend particuli\u00e8rement adapt\u00e9s aux applications intensives telles que les \u00e9quipements miniers ou les engins de chantier.<\/li>\n<li><strong>Fiabilit\u00e9:<\/strong> Les v\u00e9rins \u00e0 chape r\u00e9glable sont extr\u00eamement fiables gr\u00e2ce \u00e0 leur conception simple. Ils comportent peu de pi\u00e8ces mobiles susceptibles de se casser ou de mal fonctionner, ce qui en fait un excellent choix pour les applications exigeant une fiabilit\u00e9 maximale.<\/li>\n<li><strong>Efficacit\u00e9:<\/strong> Les syst\u00e8mes hydrauliques sont r\u00e9put\u00e9s pour leur rendement \u00e9lev\u00e9, d\u00fb \u00e0 l'utilisation de la force hydraulique plut\u00f4t que de l'\u00e9nergie \u00e9lectrique. Ainsi, les v\u00e9rins \u00e0 chape r\u00e9glable peuvent g\u00e9n\u00e9rer une force importante en consommant tr\u00e8s peu d'\u00e9nergie, ce qui en fait un excellent choix pour les applications o\u00f9 l'efficacit\u00e9 \u00e9nerg\u00e9tique est primordiale.<\/li>\n<li><strong>Personnalisation :<\/strong> Les v\u00e9rins \u00e0 chape r\u00e9glable peuvent \u00eatre personnalis\u00e9s pour r\u00e9pondre aux exigences sp\u00e9cifiques de chaque application. Ils peuvent \u00eatre con\u00e7us pour fonctionner \u00e0 des pressions, temp\u00e9ratures et vitesses pr\u00e9cises, ce qui en fait un excellent choix pour les applications aux exigences particuli\u00e8res.<\/li>\n<\/ul>\n<p>Le v\u00e9rin hydraulique double effet en acier inoxydable, tr\u00e8s demand\u00e9, est un excellent exemple des avantages des v\u00e9rins \u00e0 chape r\u00e9glable. Ce v\u00e9rin permet d'orienter la lame du chasse-neige de mani\u00e8re optimale pour un d\u00e9neigement efficace. De plus, sa capacit\u00e9 \u00e0 g\u00e9n\u00e9rer des forces importantes le rend id\u00e9al pour les applications de d\u00e9neigement intensives. La fiabilit\u00e9 et l'efficacit\u00e9 des syst\u00e8mes hydrauliques font \u00e9galement de ce v\u00e9rin un excellent choix pour les \u00e9quipements de d\u00e9neigement.<\/p>\n<p>En conclusion, les v\u00e9rins \u00e0 chape r\u00e9glable pr\u00e9sentent plusieurs avantages qui en font un excellent choix pour de nombreuses applications. Leur capacit\u00e9 de r\u00e9glage, leur force \u00e9lev\u00e9e, leur fiabilit\u00e9, leur efficacit\u00e9 et leurs options de personnalisation les rendent particuli\u00e8rement adapt\u00e9s \u00e0 une large gamme d'applications, notamment les \u00e9quipements de d\u00e9neigement comme le v\u00e9rin hydraulique double effet en acier inoxydable, actuellement en promotion, pour chasse-neige.<\/p>\n<h3>\u00c0 propos de FMP<\/h3>\n<p>FMP est une entreprise sp\u00e9cialis\u00e9e dans la production et la vente de v\u00e9rins hydrauliques. Bas\u00e9e en Italie, notre si\u00e8ge social b\u00e9n\u00e9ficie d'une vaste exp\u00e9rience dans le secteur des engins de chantier et d'une \u00e9quipe de professionnels d\u00e9vou\u00e9s. Nous proposons des v\u00e9rins hydrauliques fiables et de haute qualit\u00e9, ainsi qu'une large gamme de pi\u00e8ces et de solutions pour engins de chantier.<\/p>\n<p><strong>1. Large gamme de produits :<\/strong> Notre gamme de produits comprend diff\u00e9rents types de v\u00e9rins hydrauliques qui r\u00e9pondent \u00e0 diff\u00e9rents besoins dans l'industrie des machines de construction.<\/p>\n<p><strong>2. Qualit\u00e9 sup\u00e9rieure :<\/strong> Nous avons \u00e9tabli des partenariats durables et stables avec des fournisseurs de qualit\u00e9, tant sur le march\u00e9 national qu'international. Ainsi, tous nos v\u00e9rins hydrauliques r\u00e9pondent \u00e0 des normes de qualit\u00e9 strictes, offrant ainsi \u00e0 nos clients des produits fiables et durables.<\/p>\n<p><strong>3. \u00c9quipe de vente professionnelle :<\/strong> Notre \u00e9quipe commerciale exp\u00e9riment\u00e9e conna\u00eet parfaitement les derni\u00e8res tendances et les besoins des clients du secteur des engins de chantier. Elle peut vous conseiller sur les produits et vous proposer des suggestions d'achat judicieuses, vous aidant ainsi \u00e0 choisir le v\u00e9rin hydraulique le mieux adapt\u00e9 \u00e0 vos besoins.<\/p>\n<p><strong>4. Distribution logistique efficace :<\/strong> Chez FMP, nous comprenons l'importance d'une livraison rapide et pr\u00e9cise. Notre syst\u00e8me de distribution logistique efficace garantit \u00e0 nos clients la livraison rapide des pi\u00e8ces n\u00e9cessaires, minimisant ainsi les temps d'arr\u00eat et maximisant la productivit\u00e9.<\/p>\n<p><strong>5. Engagement envers la satisfaction du client :<\/strong> La satisfaction de nos clients est notre priorit\u00e9 et nous nous effor\u00e7ons d'offrir un service exceptionnel. Notre \u00e9quipe s'engage \u00e0 r\u00e9pondre rapidement \u00e0 toutes vos questions et pr\u00e9occupations, garantissant ainsi une exp\u00e9rience fluide et agr\u00e9able \u00e0 nos pr\u00e9cieux clients.<\/p>\n<p><img decoding=\"async\" src=\"https:\/\/fmp-components.com\/wp-content\/uploads\/2024\/12\/Adjustable-Clevis-Type-Cylinders-6.webp\" alt=\"V\u00e9rin \u00e0 chape r\u00e9glable\" width=\"842\" title=\"\"><\/p>\n<h2>FAQ<\/h2>\n<h3>Q : \u00cates-vous une soci\u00e9t\u00e9 commerciale ou un fabricant ?<\/h3>\n<p>A: Nous sommes une usine qui fabrique des v\u00e9rins hydrauliques et autres pi\u00e8ces de machines de haute qualit\u00e9.<\/p>\n<h3>Q : Quel est le d\u00e9lai de livraison de votre v\u00e9rin hydraulique ?<\/h3>\n<p>A: G\u00e9n\u00e9ralement, le d\u00e9lai de livraison est de 25 \u00e0 35 jours.<\/p>\n<h3>Q : Pouvez-vous produire selon les \u00e9chantillons ?<\/h3>\n<p>R : Oui, nous pouvons produire \u00e0 partir de vos \u00e9chantillons ou de vos plans techniques. Nous pouvons fabriquer les moules et les montages.<\/p>\n<p>Auteur : CX<\/p>","protected":false},"excerpt":{"rendered":"<p>Hot Sale Stainless Steel Double Acting Hydraulic Cylinder for Snow Plow The Hot Sale Stainless Steel Double Acting Hydraulic Cylinder for Snow Plow is a high-quality product engineered to provide efficient plowing in the harshest winter conditions. Made with durable stainless steel, this hydraulic cylinder is designed to withstand extreme temperatures and resist corrosion. The [&hellip;]<\/p>","protected":false},"featured_media":1529,"comment_status":"closed","ping_status":"closed","template":"","meta":{"_et_pb_use_builder":"","_et_pb_old_content":"","_et_gb_content_width":""},"product_brand":[],"product_cat":[42],"product_tag":[34,44],"class_list":{"0":"post-1528","1":"product","2":"type-product","3":"status-publish","4":"has-post-thumbnail","6":"product_cat-snow-plow-hydraulic-cylinder","7":"product_tag-hydraulic-cylinder","8":"product_tag-snow-plow-hydraulic-cylinder","10":"first","11":"instock","12":"product-type-simple"},"_links":{"self":[{"href":"https:\/\/fmp-components.com\/fr\/wp-json\/wp\/v2\/product\/1528","targetHints":{"allow":["GET"]}}],"collection":[{"href":"https:\/\/fmp-components.com\/fr\/wp-json\/wp\/v2\/product"}],"about":[{"href":"https:\/\/fmp-components.com\/fr\/wp-json\/wp\/v2\/types\/product"}],"replies":[{"embeddable":true,"href":"https:\/\/fmp-components.com\/fr\/wp-json\/wp\/v2\/comments?post=1528"}],"wp:featuredmedia":[{"embeddable":true,"href":"https:\/\/fmp-components.com\/fr\/wp-json\/wp\/v2\/media\/1529"}],"wp:attachment":[{"href":"https:\/\/fmp-components.com\/fr\/wp-json\/wp\/v2\/media?parent=1528"}],"wp:term":[{"taxonomy":"product_brand","embeddable":true,"href":"https:\/\/fmp-components.com\/fr\/wp-json\/wp\/v2\/product_brand?post=1528"},{"taxonomy":"product_cat","embeddable":true,"href":"https:\/\/fmp-components.com\/fr\/wp-json\/wp\/v2\/product_cat?post=1528"},{"taxonomy":"product_tag","embeddable":true,"href":"https:\/\/fmp-components.com\/fr\/wp-json\/wp\/v2\/product_tag?post=1528"}],"curies":[{"name":"wp","href":"https:\/\/api.w.org\/{rel}","templated":true}]}}