{"id":1512,"date":"2024-12-23T05:50:37","date_gmt":"2024-12-23T05:50:37","guid":{"rendered":"https:\/\/fmp-components.com\/product\/guaranteed-quality-small-hydraulic-cylinder-double-effect-hydraulic-cylinder-for-snow-plow\/"},"modified":"2024-12-23T06:24:04","modified_gmt":"2024-12-23T06:24:04","slug":"guaranteed-quality-small-hydraulic-cylinder-double-effect-hydraulic-cylinder-for-snow-plow","status":"publish","type":"product","link":"https:\/\/fmp-components.com\/fr\/product\/guaranteed-quality-small-hydraulic-cylinder-double-effect-hydraulic-cylinder-for-snow-plow\/","title":{"rendered":"V\u00e9rin hydraulique de petite taille, qualit\u00e9 garantie, double effet, pour chasse-neige"},"content":{"rendered":"<p>V\u00e9rin hydraulique \u00e0 double effet de petit cylindre hydraulique de qualit\u00e9 garantie pour chasse-neigePr\u00e9sentation du v\u00e9rin hydraulique \u00e0 double effet de petit cylindre hydraulique de qualit\u00e9 garantie pour chasse-neige !<\/p>\n<p>Con\u00e7u avec pr\u00e9cision et qualit\u00e9, ce v\u00e9rin hydraulique est le compl\u00e9ment id\u00e9al de tout chasse-neige. Son double effet offre une efficacit\u00e9 et une puissance accrues, facilitant ainsi plus que jamais le d\u00e9neigement, m\u00eame des chutes de neige les plus importantes.<\/p>\n<p>Fabriqu\u00e9 uniquement \u00e0 partir de mat\u00e9riaux de la plus haute qualit\u00e9, ce v\u00e9rin hydraulique est con\u00e7u pour r\u00e9sister aux conditions les plus difficiles. Sa taille compacte facilite son installation, ce qui en fait le choix id\u00e9al pour tout op\u00e9rateur de chasse-neige souhaitant optimiser ses capacit\u00e9s de d\u00e9neigement.<\/p>\n<p><img decoding=\"async\" title=\"V\u00e9rin hydraulique pour chasse-neige\" src=\"https:\/\/hzpt.com\/wp-content\/uploads\/2023\/11\/Snow-Plow-Hydraulic-Cylinder-3.webp\" alt=\"V\u00e9rin hydraulique pour chasse-neige\" \/><\/p>\n<p>Avec sa qualit\u00e9 et sa fiabilit\u00e9 garanties, ce petit v\u00e9rin hydraulique est l'investissement id\u00e9al pour tout professionnel du d\u00e9neigement. Ne laissez pas l'hiver vous ralentir\u00a0! Optez pour le petit v\u00e9rin hydraulique double effet pour chasse-neige, un produit de qualit\u00e9 garantie, et r\u00e9alisez un travail impeccable \u00e0 chaque fois.<\/p>\n<h2>Avantages des v\u00e9rins \u00e0 chape r\u00e9glable<\/h2>\n<p>Les v\u00e9rins \u00e0 chape r\u00e9glable, tels que le petit v\u00e9rin hydraulique de qualit\u00e9 garantie et le v\u00e9rin hydraulique \u00e0 double effet pour chasse-neige, offrent de nombreux avantages qui en font un choix privil\u00e9gi\u00e9 pour diverses applications. Cet article les d\u00e9taille.<\/p>\n<p>1. Flexibilit\u00e9 am\u00e9lior\u00e9e :<br \/>\nLes v\u00e9rins \u00e0 chape r\u00e9glable offrent une flexibilit\u00e9 sup\u00e9rieure gr\u00e2ce \u00e0 leurs supports de chape r\u00e9glables. Cette caract\u00e9ristique facilite l'installation et le r\u00e9glage dans diff\u00e9rentes positions, les rendant ainsi adapt\u00e9s \u00e0 une large gamme d'applications. Qu'il s'agisse d'un chasse-neige ou de tout autre \u00e9quipement, la possibilit\u00e9 d'ajuster la position du v\u00e9rin garantit des performances optimales.<\/p>\n<p>2. Contr\u00f4le pr\u00e9cis :<br \/>\nCes v\u00e9rins offrent un contr\u00f4le pr\u00e9cis du mouvement et du positionnement de divers \u00e9quipements. Gr\u00e2ce \u00e0 leurs courses r\u00e9glables et \u00e0 leurs capacit\u00e9s de positionnement pr\u00e9cises, ils permettent d'ajuster pr\u00e9cis\u00e9ment le fonctionnement en fonction des besoins sp\u00e9cifiques. Ce niveau de contr\u00f4le est crucial dans les applications o\u00f9 la pr\u00e9cision est primordiale, comme dans le secteur de la construction ou des machines industrielles.<\/p>\n<p>3. Durabilit\u00e9 et fiabilit\u00e9 :<br \/>\nLes petits v\u00e9rins hydrauliques et les v\u00e9rins hydrauliques \u00e0 double effet pour chasse-neige, de qualit\u00e9 garantie, sont con\u00e7us pour r\u00e9sister aux conditions les plus exigeantes. Fabriqu\u00e9s \u00e0 partir de mat\u00e9riaux de haute qualit\u00e9 et con\u00e7us pour supporter de lourdes charges, ces v\u00e9rins offrent une durabilit\u00e9 et une fiabilit\u00e9 exceptionnelles. Ils peuvent ainsi affronter les t\u00e2ches les plus exigeantes sans compromettre leurs performances.<\/p>\n<p>4. Transmission d'\u00e9nergie efficace :<br \/>\nLa conception des v\u00e9rins \u00e0 chape r\u00e9glable optimise la transmission de puissance, pour un fonctionnement efficace. L'utilisation d'une technologie hydraulique avanc\u00e9e assure un mouvement fluide et constant, minimisant ainsi les pertes d'\u00e9nergie. Cette efficacit\u00e9 am\u00e9liore non seulement les performances globales, mais contribue \u00e9galement \u00e0 des \u00e9conomies \u00e0 long terme.<\/p>\n<p>5. Applications polyvalentes :<br \/>\nGr\u00e2ce \u00e0 leur conception polyvalente, les v\u00e9rins \u00e0 chape r\u00e9glable trouvent des applications dans un large \u00e9ventail de secteurs. De l'agriculture \u00e0 la construction, en passant par la manutention et le transport, ces v\u00e9rins peuvent \u00eatre int\u00e9gr\u00e9s \u00e0 divers \u00e9quipements et machines. Leur adaptabilit\u00e9 en fait une solution \u00e9conomique pour r\u00e9pondre \u00e0 diff\u00e9rents besoins op\u00e9rationnels.<\/p>\n<p>En conclusion, les v\u00e9rins \u00e0 chape r\u00e9glable, notamment le petit v\u00e9rin hydraulique de qualit\u00e9 garantie et le v\u00e9rin hydraulique \u00e0 double effet pour chasse-neige, offrent de nombreux avantages. Leur flexibilit\u00e9, leur contr\u00f4le pr\u00e9cis, leur durabilit\u00e9, leur transmission de puissance efficace et leur polyvalence en font un excellent choix pour diverses applications. En int\u00e9grant ces v\u00e9rins \u00e0 leurs \u00e9quipements ou machines, les entreprises peuvent optimiser leurs performances, augmenter leur productivit\u00e9 et atteindre efficacement leurs objectifs op\u00e9rationnels.<\/p>\n<h3>\u00c0 propos de FMP<\/h3>\n<p>FMP est une entreprise leader en Italie, sp\u00e9cialis\u00e9e dans la vente et l'entretien de pi\u00e8ces d\u00e9tach\u00e9es et de machines compl\u00e8tes pour engins de chantier. Forts de nombreuses ann\u00e9es d'exp\u00e9rience dans le secteur et d'une \u00e9quipe de professionnels, nous offrons \u00e0 nos clients des solutions fiables et de haute qualit\u00e9.<\/p>\n<h3>V\u00e9rin hydraulique<\/h3>\n<p>Le v\u00e9rin hydraulique est l'un de nos principaux produits. Fabriqu\u00e9s \u00e0 partir de mat\u00e9riaux de haute qualit\u00e9, nos v\u00e9rins sont con\u00e7us pour r\u00e9sister \u00e0 des pressions extr\u00eames et \u00e0 de lourdes charges. Voici cinq raisons de choisir le v\u00e9rin hydraulique FMP\u00a0:<\/p>\n<ol>\n<li><strong>Mat\u00e9riaux de haute qualit\u00e9:<\/strong> Nos v\u00e9rins hydrauliques sont fabriqu\u00e9s \u00e0 partir de mat\u00e9riaux de haute qualit\u00e9 qui garantissent durabilit\u00e9 et performances durables. Nous utilisons exclusivement les meilleurs mat\u00e9riaux pour garantir que nos v\u00e9rins r\u00e9sistent aux conditions les plus difficiles.<\/li>\n<li><strong>Personnalisable :<\/strong> Nous proposons une large gamme de v\u00e9rins hydrauliques personnalisables pour r\u00e9pondre \u00e0 vos besoins sp\u00e9cifiques. Nos v\u00e9rins sont disponibles en diff\u00e9rentes tailles, formes et conceptions, et nous pouvons vous aider \u00e0 choisir celui qui convient le mieux \u00e0 votre application.<\/li>\n<li><strong>Fiabilit\u00e9:<\/strong> Nos v\u00e9rins hydrauliques sont con\u00e7us pour offrir des performances fiables, m\u00eame dans les conditions les plus difficiles. Nous comprenons l'importance de la fiabilit\u00e9 et prenons toutes les mesures n\u00e9cessaires pour garantir que nos v\u00e9rins soient \u00e0 la hauteur de vos exigences.<\/li>\n<li><strong>Consultation d'experts :<\/strong> Notre \u00e9quipe commerciale est compos\u00e9e d'experts du secteur des engins de chantier. Ils connaissent les derni\u00e8res tendances et peuvent vous conseiller professionnellement sur le v\u00e9rin hydraulique le mieux adapt\u00e9 \u00e0 vos besoins.<\/li>\n<li><strong>Logistique efficace :<\/strong> Notre syst\u00e8me de distribution logistique efficace garantit une livraison rapide et pr\u00e9cise de votre v\u00e9rin hydraulique. Conscients de l'importance d'une livraison rapide, nous prenons toutes les mesures n\u00e9cessaires pour garantir la livraison de votre commande \u00e0 temps.<\/li>\n<\/ol>\n<p>Si vous recherchez un v\u00e9rin hydraulique fiable et de haute qualit\u00e9, ne cherchez plus : FMP est fait pour vous. Nous poss\u00e9dons l'exp\u00e9rience et l'expertise n\u00e9cessaires pour vous offrir la solution id\u00e9ale.<\/p>\n<p><img decoding=\"async\" src=\"https:\/\/fmp-components.com\/wp-content\/uploads\/2024\/12\/Adjustable-Clevis-Type-Cylinders-6.webp\" alt=\"V\u00e9rin \u00e0 chape r\u00e9glable\" width=\"834\" title=\"\"><\/p>\n<h2>FAQ<\/h2>\n<h3>\u00cates-vous une soci\u00e9t\u00e9 commerciale ou un fabricant ?<\/h3>\n<p>Nous sommes un fabricant avec notre propre usine.<\/p>\n<h3>Quel est votre d\u00e9lai de livraison ?<\/h3>\n<p>Notre d\u00e9lai de livraison est g\u00e9n\u00e9ralement de 25 \u00e0 35 jours.<\/p>\n<h3>Fournissez-vous des \u00e9chantillons\u00a0? Sont-ils gratuits ou en suppl\u00e9ment\u00a0?<\/h3>\n<p>Bien que nous fournissions des \u00e9chantillons, ils ne sont pas gratuits.<\/p>\n<p><img decoding=\"async\" title=\"V\u00e9rin hydraulique pour chasse-neige\" src=\"https:\/\/hzpt.com\/wp-content\/uploads\/2023\/11\/Snow-Plow-Hydraulic-Cylinder-1.webp\" alt=\"V\u00e9rin hydraulique pour chasse-neige\" \/><\/p>\n<p>Auteur : CX<\/p>","protected":false},"excerpt":{"rendered":"<p>Guaranteed Quality Small Hydraulic Cylinder Double Effect Hydraulic Cylinder For Snow PlowIntroducing the Guaranteed Quality Small Hydraulic Cylinder Double Effect Hydraulic Cylinder for Snow Plow! Designed with precision and quality in mind, this hydraulic cylinder is the perfect addition to any snow plow. Its double effect capability means increased efficiency and power, making it easier [&hellip;]<\/p>","protected":false},"featured_media":1513,"comment_status":"closed","ping_status":"closed","template":"","meta":{"_et_pb_use_builder":"","_et_pb_old_content":"","_et_gb_content_width":""},"product_brand":[],"product_cat":[42],"product_tag":[34,44],"class_list":{"0":"post-1512","1":"product","2":"type-product","3":"status-publish","4":"has-post-thumbnail","6":"product_cat-snow-plow-hydraulic-cylinder","7":"product_tag-hydraulic-cylinder","8":"product_tag-snow-plow-hydraulic-cylinder","10":"first","11":"instock","12":"product-type-simple"},"_links":{"self":[{"href":"https:\/\/fmp-components.com\/fr\/wp-json\/wp\/v2\/product\/1512","targetHints":{"allow":["GET"]}}],"collection":[{"href":"https:\/\/fmp-components.com\/fr\/wp-json\/wp\/v2\/product"}],"about":[{"href":"https:\/\/fmp-components.com\/fr\/wp-json\/wp\/v2\/types\/product"}],"replies":[{"embeddable":true,"href":"https:\/\/fmp-components.com\/fr\/wp-json\/wp\/v2\/comments?post=1512"}],"wp:featuredmedia":[{"embeddable":true,"href":"https:\/\/fmp-components.com\/fr\/wp-json\/wp\/v2\/media\/1513"}],"wp:attachment":[{"href":"https:\/\/fmp-components.com\/fr\/wp-json\/wp\/v2\/media?parent=1512"}],"wp:term":[{"taxonomy":"product_brand","embeddable":true,"href":"https:\/\/fmp-components.com\/fr\/wp-json\/wp\/v2\/product_brand?post=1512"},{"taxonomy":"product_cat","embeddable":true,"href":"https:\/\/fmp-components.com\/fr\/wp-json\/wp\/v2\/product_cat?post=1512"},{"taxonomy":"product_tag","embeddable":true,"href":"https:\/\/fmp-components.com\/fr\/wp-json\/wp\/v2\/product_tag?post=1512"}],"curies":[{"name":"wp","href":"https:\/\/api.w.org\/{rel}","templated":true}]}}