{"id":1508,"date":"2024-12-23T05:50:37","date_gmt":"2024-12-23T05:50:37","guid":{"rendered":"https:\/\/fmp-components.com\/product\/cost-effective-customized-stainless-steel-hydraulic-cylinder-double-acting-hydraulic-cylinder\/"},"modified":"2024-12-23T06:24:34","modified_gmt":"2024-12-23T06:24:34","slug":"cost-effective-customized-stainless-steel-hydraulic-cylinder-double-acting-hydraulic-cylinder","status":"publish","type":"product","link":"https:\/\/fmp-components.com\/fr\/product\/cost-effective-customized-stainless-steel-hydraulic-cylinder-double-acting-hydraulic-cylinder\/","title":{"rendered":"V\u00e9rin hydraulique en acier inoxydable personnalis\u00e9 \u00e9conomique V\u00e9rin hydraulique \u00e0 double effet"},"content":{"rendered":"<p>V\u00e9rin hydraulique double effet en acier inoxydable, \u00e9conomique et sur mesure. Ce v\u00e9rin hydraulique double effet est un v\u00e9rin hydraulique de haute qualit\u00e9 con\u00e7u pour r\u00e9pondre \u00e0 divers besoins industriels. Fabriqu\u00e9 en acier inoxydable, il garantit durabilit\u00e9 et r\u00e9sistance \u00e0 la corrosion. Il est \u00e9galement personnalisable pour r\u00e9pondre aux exigences sp\u00e9cifiques du client.<\/p>\n<p>L'une des caract\u00e9ristiques les plus remarquables de ce v\u00e9rin hydraulique est son double effet. Cela signifie qu'il peut g\u00e9n\u00e9rer une force dans les deux sens, ce qui le rend plus efficace et polyvalent que les v\u00e9rins \u00e0 simple effet. Il convient \u00e0 un large \u00e9ventail d'applications industrielles, telles que la construction, l'exploitation mini\u00e8re et la fabrication.<\/p>\n<p>Le v\u00e9rin hydraulique double effet en acier inoxydable, sur mesure et \u00e9conomique, est con\u00e7u pour \u00eatre \u00e9conomique et offre un excellent rapport qualit\u00e9-prix. Con\u00e7u pour durer, il n\u00e9cessite un entretien minimal, ce qui contribue \u00e0 r\u00e9duire les co\u00fbts \u00e0 long terme. De plus, sa conception sur mesure permet de l'adapter aux besoins sp\u00e9cifiques du client, minimisant ainsi les d\u00e9chets et optimisant l'efficacit\u00e9.<\/p>\n<p>En r\u00e9sum\u00e9, le v\u00e9rin hydraulique double effet en acier inoxydable, \u00e9conomique et personnalis\u00e9, est un v\u00e9rin hydraulique fiable et polyvalent, con\u00e7u pour r\u00e9pondre \u00e0 divers besoins industriels. Sa construction en acier inoxydable, sa fonction double effet et sa conception personnalisable en font une solution \u00e9conomique pour les industries exigeant des v\u00e9rins hydrauliques de haute qualit\u00e9.<\/p>\n<div>\n<h2>V\u00e9rin hydraulique en acier inoxydable personnalis\u00e9 et \u00e9conomique pour vos besoins hydrauliques<\/h2>\n<p>D\u00e9couvrez notre v\u00e9rin hydraulique double effet en acier inoxydable sur mesure\u00a0: la solution id\u00e9ale pour vos besoins hydrauliques. Con\u00e7u pour allier pr\u00e9cision, durabilit\u00e9 et qualit\u00e9, notre produit est id\u00e9al pour divers secteurs d'activit\u00e9, tels que les ateliers de r\u00e9paration de machines, les exploitations agricoles, les secteurs de l'\u00e9nergie et des mines, la fabrication de machines et les usines de fabrication.<\/p>\n<p><img decoding=\"async\" title=\"V\u00e9rin hydraulique pour chasse-neige\" src=\"https:\/\/hzpt.com\/wp-content\/uploads\/2023\/11\/Snow-Plow-Hydraulic-Cylinder-3.webp\" alt=\"V\u00e9rin hydraulique pour chasse-neige\" \/><\/p>\n<h2>Caract\u00e9ristiques du produit<\/h2>\n<p>Notre v\u00e9rin hydraulique pr\u00e9sente de nombreuses caract\u00e9ristiques qui le distinguent de la concurrence. Fabriqu\u00e9 en acier inoxydable robuste, il garantit des performances durables et un entretien minimal. Personnalisable, il s'adapte \u00e0 vos besoins sp\u00e9cifiques.<\/p>\n<ul>\n<li><b>Condition:<\/b> Nouveau<\/li>\n<li><b>Garantie:<\/b> 1 an<\/li>\n<li><b>Pouss\u00e9e maximale :<\/b> 3000<\/li>\n<li><b>Traction maximale :<\/b> 20 tonnes<\/li>\n<li><b>Certification:<\/b> ISO9001:2000<\/li>\n<li><b>Al\u00e9sage :<\/b> 2 \u00e0 6 pouces<\/li>\n<li><b>Taille de la tige :<\/b> 1,125-4 pouces<\/li>\n<li><b>Taille du trait :<\/b> 4 \u00e0 100 pouces<\/li>\n<li><b>Taille de la broche :<\/b> 0,5 \u00e0 2 pouces<\/li>\n<\/ul>\n<\/div>\n<h2>Avantages des v\u00e9rins \u00e0 chape r\u00e9glable<\/h2>\n<p>Les v\u00e9rins \u00e0 chape r\u00e9glable sont un composant essentiel des syst\u00e8mes hydrauliques. Ils servent \u00e0 convertir l'\u00e9nergie hydraulique en force m\u00e9canique. On les retrouve couramment dans diverses applications, notamment la construction, l'industrie manufacturi\u00e8re et le transport. Cet article pr\u00e9sente leurs avantages.<\/p>\n<p>1. <b>Rentable<\/b><\/p>\n<p>L'un des principaux avantages des v\u00e9rins \u00e0 chape r\u00e9glable est leur rentabilit\u00e9. Con\u00e7us pour durer, ils n\u00e9cessitent moins d'entretien et de r\u00e9parations au fil du temps. De plus, ils sont fabriqu\u00e9s avec des mat\u00e9riaux de haute qualit\u00e9, comme l'acier inoxydable, ce qui contribue \u00e0 leur long\u00e9vit\u00e9 et \u00e0 leur fiabilit\u00e9.<\/p>\n<p>2. <b>Personnalisable<\/b><\/p>\n<p>Un autre avantage des v\u00e9rins \u00e0 chape r\u00e9glable est leur personnalisation pour r\u00e9pondre \u00e0 des exigences industrielles ou commerciales sp\u00e9cifiques. Les fabricants peuvent modifier la taille, la forme et les caract\u00e9ristiques de ces v\u00e9rins, par exemple en ajoutant des orifices et des options de montage, pour r\u00e9pondre aux besoins de leurs clients. Cette personnalisation garantit l'optimisation des v\u00e9rins pour les applications pr\u00e9vues, ce qui accro\u00eet leur efficacit\u00e9.<\/p>\n<p>3. <b>Construction en acier inoxydable<\/b><\/p>\n<p>Les v\u00e9rins \u00e0 chape r\u00e9glable sont souvent fabriqu\u00e9s en acier inoxydable, un mat\u00e9riau offrant une durabilit\u00e9, une r\u00e9sistance \u00e0 la corrosion et une robustesse sup\u00e9rieures. Gr\u00e2ce \u00e0 l'acier inoxydable, ces v\u00e9rins peuvent r\u00e9sister \u00e0 des conditions environnementales difficiles, telles que des temp\u00e9ratures \u00e9lev\u00e9es et une exposition aux produits chimiques. De plus, ils sont faciles \u00e0 nettoyer et \u00e0 entretenir, ce qui contribue \u00e0 prolonger leur dur\u00e9e de vie.<\/p>\n<p>4. <b>Double effet<\/b><\/p>\n<p>Les v\u00e9rins \u00e0 chape r\u00e9glable peuvent \u00eatre con\u00e7us comme des v\u00e9rins \u00e0 double effet, ce qui signifie qu'ils peuvent g\u00e9n\u00e9rer une force dans les deux sens. Cette caract\u00e9ristique est utile dans les applications exigeant un contr\u00f4le et un mouvement pr\u00e9cis, comme dans les secteurs de la fabrication et de la construction. Les v\u00e9rins \u00e0 double effet sont \u00e9galement plus efficaces que les v\u00e9rins \u00e0 simple effet, ce qui peut contribuer \u00e0 des \u00e9conomies globales.<\/p>\n<p>En conclusion, les v\u00e9rins \u00e0 chape r\u00e9glable offrent plusieurs avantages par rapport aux autres types de v\u00e9rins hydrauliques. \u00c9conomiques, personnalisables, fabriqu\u00e9s en acier inoxydable et pouvant \u00eatre con\u00e7us comme v\u00e9rins \u00e0 double effet, ils constituent un excellent choix pour les applications industrielles et commerciales exigeant des v\u00e9rins hydrauliques fiables, efficaces et durables.<\/p>\n<h3>\u00c0 propos de FMP<\/h3>\n<p>FMP est une entreprise leader sp\u00e9cialis\u00e9e dans la production et la vente de v\u00e9rins hydrauliques. Forts de notre vaste exp\u00e9rience dans le secteur et de notre \u00e9quipe de professionnels, nous nous engageons \u00e0 fournir \u00e0 nos clients des solutions de v\u00e9rins hydrauliques fiables et de haute qualit\u00e9.<\/p>\n<p>Voici 5 avantages cl\u00e9s de nos produits et de notre entreprise :<\/p>\n<p>1. Large gamme de produits : Nous proposons une gamme diversifi\u00e9e de v\u00e9rins hydrauliques, y compris des v\u00e9rins \u00e0 chape r\u00e9glable, comme indiqu\u00e9 ci-dessous :<\/p>\n<p><img decoding=\"async\" src=\"https:\/\/fmp-components.com\/wp-content\/uploads\/2024\/12\/Adjustable-Clevis-Type-Cylinders-6.webp\" alt=\"V\u00e9rin \u00e0 chape r\u00e9glable\" width=\"832\" title=\"\"><\/p>\n<p>2. Qualit\u00e9 sup\u00e9rieure\u00a0: Nous avons \u00e9tabli des relations de coop\u00e9ration durables et stables avec des fournisseurs de haute qualit\u00e9, garantissant que tous nos v\u00e9rins hydrauliques r\u00e9pondent \u00e0 des normes de qualit\u00e9 strictes. Notre engagement envers la qualit\u00e9 nous distingue de la concurrence.<\/p>\n<p>3. \u00c9quipe commerciale professionnelle\u00a0: Notre \u00e9quipe commerciale exp\u00e9riment\u00e9e et comp\u00e9tente conna\u00eet parfaitement les tendances de d\u00e9veloppement et les besoins des clients du secteur des v\u00e9rins hydrauliques. Elle se consacre \u00e0 fournir des conseils professionnels sur les produits et des suggestions d'achat judicieuses.<\/p>\n<p>4. Distribution logistique efficace\u00a0: Nous comprenons l'importance de livraisons ponctuelles et pr\u00e9cises. Gr\u00e2ce \u00e0 notre syst\u00e8me de distribution logistique performant, nous garantissons \u00e0 nos clients une livraison rapide des v\u00e9rins hydrauliques n\u00e9cessaires.<\/p>\n<p>5. Solutions compl\u00e8tes\u00a0: Outre les v\u00e9rins hydrauliques, nous proposons une large gamme de pi\u00e8ces d\u00e9tach\u00e9es pour engins de chantier et de solutions compl\u00e8tes. Nos clients peuvent ainsi trouver tous les composants et accessoires n\u00e9cessaires au m\u00eame endroit, ce qui leur permet de gagner du temps et de l'\u00e9nergie.<\/p>\n<p>Nous vous invitons \u00e0 collaborer avec nous et \u00e0 d\u00e9couvrir l'excellence des v\u00e9rins hydrauliques FMP. Contactez-nous d\u00e8s aujourd'hui pour discuter de vos besoins sp\u00e9cifiques et laissez notre \u00e9quipe vous accompagner dans la recherche de la solution de v\u00e9rin hydraulique id\u00e9ale.<\/p>\n<h2>FAQ<\/h2>\n<h3>Q : \u00cates-vous une soci\u00e9t\u00e9 commerciale ou un fabricant ?<\/h3>\n<p>R : Nous sommes une usine de fabrication de v\u00e9rins hydrauliques et d\u2019autres pi\u00e8ces de machines agricoles.<\/p>\n<h3>Q : Quel est votre d\u00e9lai de livraison ?<\/h3>\n<p>R : Notre d\u00e9lai de livraison standard est de 25 \u00e0 35 jours.<\/p>\n<h3>Q\u00a0: Fournissez-vous des \u00e9chantillons\u00a0? Sont-ils gratuits ou en suppl\u00e9ment\u00a0?<\/h3>\n<p>R : Oui, nous fournissons des \u00e9chantillons mais ils ne sont pas gratuits.<\/p>\n<p>Auteur : CX<\/p>","protected":false},"excerpt":{"rendered":"<p>Cost Effective Customized Stainless Steel Hydraulic Cylinder Double Acting Hydraulic CylinderCost Effective Customized Stainless Steel Hydraulic Cylinder Double Acting Hydraulic Cylinder is a high-quality hydraulic cylinder designed to meet various industrial needs. This product is made of stainless steel, which ensures durability and resistance to corrosion. It is also customized to meet the specific requirements [&hellip;]<\/p>","protected":false},"featured_media":1509,"comment_status":"closed","ping_status":"closed","template":"","meta":{"_et_pb_use_builder":"","_et_pb_old_content":"","_et_gb_content_width":""},"product_brand":[],"product_cat":[42],"product_tag":[34,44],"class_list":{"0":"post-1508","1":"product","2":"type-product","3":"status-publish","4":"has-post-thumbnail","6":"product_cat-snow-plow-hydraulic-cylinder","7":"product_tag-hydraulic-cylinder","8":"product_tag-snow-plow-hydraulic-cylinder","10":"first","11":"instock","12":"product-type-simple"},"_links":{"self":[{"href":"https:\/\/fmp-components.com\/fr\/wp-json\/wp\/v2\/product\/1508","targetHints":{"allow":["GET"]}}],"collection":[{"href":"https:\/\/fmp-components.com\/fr\/wp-json\/wp\/v2\/product"}],"about":[{"href":"https:\/\/fmp-components.com\/fr\/wp-json\/wp\/v2\/types\/product"}],"replies":[{"embeddable":true,"href":"https:\/\/fmp-components.com\/fr\/wp-json\/wp\/v2\/comments?post=1508"}],"wp:featuredmedia":[{"embeddable":true,"href":"https:\/\/fmp-components.com\/fr\/wp-json\/wp\/v2\/media\/1509"}],"wp:attachment":[{"href":"https:\/\/fmp-components.com\/fr\/wp-json\/wp\/v2\/media?parent=1508"}],"wp:term":[{"taxonomy":"product_brand","embeddable":true,"href":"https:\/\/fmp-components.com\/fr\/wp-json\/wp\/v2\/product_brand?post=1508"},{"taxonomy":"product_cat","embeddable":true,"href":"https:\/\/fmp-components.com\/fr\/wp-json\/wp\/v2\/product_cat?post=1508"},{"taxonomy":"product_tag","embeddable":true,"href":"https:\/\/fmp-components.com\/fr\/wp-json\/wp\/v2\/product_tag?post=1508"}],"curies":[{"name":"wp","href":"https:\/\/api.w.org\/{rel}","templated":true}]}}