{"id":1492,"date":"2024-12-23T05:50:37","date_gmt":"2024-12-23T05:50:37","guid":{"rendered":"https:\/\/fmp-components.com\/product\/new-arrival-snow-plow-stainless-steel-hydraulic-oil-cylinder\/"},"modified":"2024-12-23T06:27:49","modified_gmt":"2024-12-23T06:27:49","slug":"new-arrival-snow-plow-stainless-steel-hydraulic-oil-cylinder","status":"publish","type":"product","link":"https:\/\/fmp-components.com\/fr\/product\/new-arrival-snow-plow-stainless-steel-hydraulic-oil-cylinder\/","title":{"rendered":"V\u00e9rin hydraulique \u00e0 huile en acier inoxydable pour chasse-neige, nouvelle collection"},"content":{"rendered":"<h2>V\u00e9rin hydraulique \u00e0 huile en acier inoxydable pour chasse-neige, nouvelle collection<\/h2>\n<p>Le nouveau v\u00e9rin hydraulique en acier inoxydable pour chasse-neige est un produit de pointe con\u00e7u sp\u00e9cifiquement pour les chasse-neige. Fabriqu\u00e9 en acier inoxydable de haute qualit\u00e9, ce v\u00e9rin hydraulique offre une durabilit\u00e9 et une long\u00e9vit\u00e9 exceptionnelles, lui permettant de r\u00e9sister aux conditions hivernales les plus rigoureuses.<\/p>\n<p>Dot\u00e9 d'une technologie hydraulique de pointe, ce v\u00e9rin hydraulique offre des performances puissantes et fiables, garantissant un d\u00e9neigement efficace. Son syst\u00e8me hydraulique assure un fonctionnement fluide et pr\u00e9cis, permettant \u00e0 l'utilisateur de contr\u00f4ler la lame avec aisance et pr\u00e9cision.<\/p>\n<p>La construction en acier inoxydable de ce v\u00e9rin hydraulique lui conf\u00e8re une excellente r\u00e9sistance \u00e0 la corrosion, \u00e0 la rouille et \u00e0 l'usure, ce qui le rend id\u00e9al pour une utilisation dans des environnements enneig\u00e9s et verglac\u00e9s. Ainsi, le v\u00e9rin reste en parfait \u00e9tat tout au long de sa dur\u00e9e de vie, garantissant des performances constantes et fiables ann\u00e9e apr\u00e8s ann\u00e9e.<\/p>\n<p>Con\u00e7u pour une utilisation simplifi\u00e9e, le v\u00e9rin hydraulique en acier inoxydable pour chasse-neige New Arrival est facile \u00e0 installer et \u00e0 utiliser. Son format compact et l\u00e9ger permet une installation ais\u00e9e, et ses commandes intuitives rendent son utilisation simple et directe.<\/p>\n<p>Gr\u00e2ce \u00e0 sa qualit\u00e9 et \u00e0 ses performances sup\u00e9rieures, le nouveau v\u00e9rin hydraulique en acier inoxydable pour chasse-neige est un outil indispensable pour tout utilisateur de chasse-neige. Que vous soyez un professionnel ou un particulier souhaitant d\u00e9neiger votre all\u00e9e, ce produit r\u00e9pondra \u00e0 toutes vos attentes et facilitera grandement le d\u00e9neigement.<\/p>\n<p>Investissez d\u00e8s aujourd'hui dans le nouveau v\u00e9rin hydraulique en acier inoxydable pour chasse-neige et constatez la diff\u00e9rence qu'il peut apporter \u00e0 vos efforts de d\u00e9neigement. Anticipez les intemp\u00e9ries hivernales et assurez la s\u00e9curit\u00e9 de vos abords gr\u00e2ce \u00e0 ce v\u00e9rin hydraulique haut de gamme.<\/p>\n<div>\n<h2>Pr\u00e9sentation du v\u00e9rin hydraulique en acier inoxydable pour chasse-neige<\/h2>\n<p>Le v\u00e9rin hydraulique en acier inoxydable pour chasse-neige est un dispositif innovant qui r\u00e9volutionnera votre fa\u00e7on de d\u00e9neiger. Ce v\u00e9rin haut de gamme est con\u00e7u pour offrir efficacit\u00e9, durabilit\u00e9 et performances optimales. Bien plus qu'un simple outil, il repr\u00e9sente un v\u00e9ritable investissement qui simplifiera et optimisera vos travaux de d\u00e9neigement.<\/p>\n<h2>Caract\u00e9ristiques du produit<\/h2>\n<ul>\n<li>Cylindre \u00e0 piston haut de gamme, de taille standard, fonctionnant \u00e0 l'\u00e9nergie hydraulique<\/li>\n<li>Bo\u00eetier en acier pour une durabilit\u00e9 et des performances durables<\/li>\n<li>Pouss\u00e9e maximale de 3000 et force de traction maximale de 20 tonnes pour effectuer les t\u00e2ches de d\u00e9neigement les plus exigeantes<\/li>\n<li>Le diam\u00e8tre d'al\u00e9sage varie de 2 \u00e0 6 pouces, le diam\u00e8tre de la tige de 1,125 \u00e0 4 pouces et la course de 4 \u00e0 100 pouces.<\/li>\n<li>Diam\u00e8tre des broches compris entre 0,5 et 2 pouces pour une installation, une utilisation et un entretien faciles<\/li>\n<li>Le noyau comprend un roulement et un v\u00e9rin hydraulique, tous deux couverts par une garantie d'un an.<\/li>\n<\/ul>\n<\/div>\n<h2>Avantages des v\u00e9rins \u00e0 chape r\u00e9glable<\/h2>\n<ul>\n<li style=\"list-style-type: none;\">\n<ul>\n<li><strong>Personnalisation :<\/strong> L'un des principaux avantages des v\u00e9rins \u00e0 chape r\u00e9glable r\u00e9side dans leur capacit\u00e9 \u00e0 \u00eatre adapt\u00e9s \u00e0 des applications hydrauliques sp\u00e9cifiques. Gr\u00e2ce \u00e0 leur conception \u00e0 chape r\u00e9glable, ils s'adaptent facilement \u00e0 diff\u00e9rentes configurations de montage, ce qui les rend polyvalents et adapt\u00e9s \u00e0 une large gamme d'applications.<\/li>\n<\/ul>\n<\/li>\n<\/ul>\n<p>Par exemple, le nouveau v\u00e9rin hydraulique en acier inoxydable pour chasse-neige est un excellent exemple de v\u00e9rin \u00e0 chape r\u00e9glable con\u00e7u sp\u00e9cifiquement pour les chasse-neige. Fabriqu\u00e9 en acier inoxydable, il est extr\u00eamement r\u00e9sistant \u00e0 la corrosion et con\u00e7u pour supporter les conditions hivernales les plus rigoureuses. Sa chape r\u00e9glable permet \u00e9galement un montage ais\u00e9 sur diff\u00e9rents types de chasse-neige, ce qui en fait une solution polyvalente pour le d\u00e9neigement.<\/p>\n<ul>\n<li style=\"list-style-type: none;\">\n<ul>\n<li><strong>Tr\u00e8s efficace :<\/strong> Un autre avantage des v\u00e9rins \u00e0 chape r\u00e9glables r\u00e9side dans leur haute efficacit\u00e9. Gr\u00e2ce \u00e0 leur conception de pr\u00e9cision et \u00e0 la qualit\u00e9 des mat\u00e9riaux utilis\u00e9s, ils offrent des performances constantes et fiables, m\u00eame dans des applications exigeantes.<\/li>\n<\/ul>\n<\/li>\n<\/ul>\n<p>Le nouveau v\u00e9rin hydraulique en acier inoxydable pour chasse-neige, par exemple, est con\u00e7u pour fournir une force de levage maximale avec un minimum d'effort. Son syst\u00e8me hydraulique haute pression lui permet de soulever facilement les chasse-neige lourds, tandis que sa conception \u00e0 chape r\u00e9glable assure un contr\u00f4le pr\u00e9cis de l'angle et de la position de la lame, garantissant ainsi des performances de d\u00e9neigement optimales.<\/p>\n<ul>\n<li style=\"list-style-type: none;\">\n<ul>\n<li><strong>Durable:<\/strong> Les v\u00e9rins \u00e0 chape r\u00e9glable sont \u00e9galement r\u00e9put\u00e9s pour leur robustesse et leur long\u00e9vit\u00e9. Con\u00e7us pour r\u00e9sister aux conditions environnementales difficiles, aux temp\u00e9ratures extr\u00eames et aux charges importantes, ils sont parfaitement adapt\u00e9s \u00e0 de nombreuses applications industrielles.<\/li>\n<\/ul>\n<\/li>\n<\/ul>\n<p>Le nouveau v\u00e9rin hydraulique en acier inoxydable pour chasse-neige est fabriqu\u00e9 en acier inoxydable de haute qualit\u00e9, offrant une r\u00e9sistance exceptionnelle \u00e0 la corrosion, ainsi qu'une robustesse et une durabilit\u00e9 remarquables. De plus, sa conception de pr\u00e9cision et ses mat\u00e9riaux haut de gamme lui permettent de supporter des temp\u00e9ratures extr\u00eames et des charges importantes, ce qui en fait une solution fiable et durable pour le d\u00e9neigement.<\/p>\n<ul>\n<li style=\"list-style-type: none;\">\n<ul>\n<li><strong>Facilit\u00e9 d'entretien :<\/strong> Enfin, les v\u00e9rins \u00e0 chape r\u00e9glable sont con\u00e7us pour faciliter l'entretien. Gr\u00e2ce \u00e0 leur conception simple et robuste, ils se d\u00e9montent et se r\u00e9parent ais\u00e9ment, permettant ainsi des r\u00e9parations et une maintenance rapides et efficaces.<\/li>\n<\/ul>\n<\/li>\n<\/ul>\n<p>Le nouveau v\u00e9rin hydraulique en acier inoxydable pour chasse-neige, par exemple, est con\u00e7u selon une structure modulaire facilitant le d\u00e9montage et le remplacement des composants individuels. Ses mat\u00e9riaux de haute qualit\u00e9 garantissent \u00e9galement un entretien minimal, ce qui en fait une solution \u00e9conomique pour le d\u00e9neigement.<\/p>\n<p>En conclusion, les v\u00e9rins \u00e0 chape r\u00e9glable offrent de nombreux avantages, notamment la personnalisation, l'efficacit\u00e9, la durabilit\u00e9 et la facilit\u00e9 d'entretien. Le nouveau v\u00e9rin hydraulique en acier inoxydable pour chasse-neige est un excellent exemple de v\u00e9rin \u00e0 chape r\u00e9glable con\u00e7u sp\u00e9cifiquement pour les chasse-neige, offrant des performances et une fiabilit\u00e9 exceptionnelles dans les conditions hivernales les plus rigoureuses.<\/p>\n<h3>\u00c0 propos de FMP \u2013 Fabricant et fournisseur professionnel de v\u00e9rins hydrauliques<\/h3>\n<p>FMP est une entreprise sp\u00e9cialis\u00e9e dans la production et la vente de pi\u00e8ces d\u00e9tach\u00e9es et de machines compl\u00e8tes de haute qualit\u00e9 et fiables pour le secteur de la construction. Forte de nombreuses ann\u00e9es d'exp\u00e9rience dans le secteur, notre \u00e9quipe de professionnels s'engage \u00e0 fournir \u00e0 nos clients des produits et services de premier ordre.<\/p>\n<p>Notre v\u00e9rin hydraulique est l'un de nos produits les plus populaires, et ce n'est pas sans raison. Voici quelques raisons pour lesquelles vous devriez choisir FMP comme fournisseur de v\u00e9rins hydrauliques\u00a0:<\/p>\n<p>1. Mat\u00e9riaux de haute qualit\u00e9 \u2013 Nous utilisons exclusivement des mat\u00e9riaux de la plus haute qualit\u00e9 pour la fabrication de nos v\u00e9rins hydrauliques. Ceci garantit leur durabilit\u00e9, leur fiabilit\u00e9 et leur long\u00e9vit\u00e9.<\/p>\n<p>2. Large choix de mod\u00e8les \u2013 Nous proposons une vaste gamme de v\u00e9rins hydrauliques, notamment des v\u00e9rins \u00e0 chape r\u00e9glable, des v\u00e9rins \u00e0 double effet et des v\u00e9rins soud\u00e9s. Ainsi, nos clients peuvent choisir le v\u00e9rin le mieux adapt\u00e9 \u00e0 leurs besoins.<\/p>\n<p>3. Personnalisation \u2013 Nous comprenons que chaque client a des exigences uniques, c\u2019est pourquoi nous proposons des v\u00e9rins hydrauliques personnalis\u00e9s pour r\u00e9pondre \u00e0 des besoins sp\u00e9cifiques.<\/p>\n<p>4. \u00c9quipe de vente professionnelle \u2013 Notre \u00e9quipe de vente exp\u00e9riment\u00e9e et comp\u00e9tente est toujours pr\u00eate \u00e0 fournir des conseils professionnels sur les produits et \u00e0 proposer des suggestions d'achat judicieuses aux clients.<\/p>\n<p>5. Syst\u00e8me de distribution logistique efficace \u2013 Nous disposons d'un syst\u00e8me de distribution logistique efficace qui garantit que les clients re\u00e7oivent leurs v\u00e9rins hydrauliques requis de mani\u00e8re rapide et pr\u00e9cise.<\/p>\n<p><img decoding=\"async\" src=\"https:\/\/fmp-components.com\/wp-content\/uploads\/2024\/12\/Adjustable-Clevis-Type-Cylinders-6.webp\" alt=\"V\u00e9rin \u00e0 chape r\u00e9glable\" width=\"824\" title=\"\"><\/p>\n<p>Outre ces avantages, FMP s'engage \u00e0 \u00e9tablir des relations de coop\u00e9ration stables et durables avec des fournisseurs de haute qualit\u00e9, tant au niveau national qu'international, afin de garantir que toutes les pi\u00e8ces fournies r\u00e9pondent \u00e0 des normes de qualit\u00e9 strictes. Nous vous assurons ainsi que nos v\u00e9rins hydrauliques sont de la plus haute qualit\u00e9 et r\u00e9pondront \u00e0 vos besoins.<\/p>\n<p>Choisissez FMP comme fabricant et fournisseur de v\u00e9rins hydrauliques. Contactez-nous d\u00e8s aujourd'hui pour en savoir plus sur nos produits et services.<\/p>\n<h2>FAQ<\/h2>\n<h3>Q : \u00cates-vous une soci\u00e9t\u00e9 commerciale ou un fabricant ?<\/h3>\n<p>A: Nous sommes une usine qui fabrique nos propres produits.<\/p>\n<h3>Q : Quel est votre d\u00e9lai de livraison ?<\/h3>\n<p>R : G\u00e9n\u00e9ralement, notre d\u00e9lai de livraison est de 25 \u00e0 35 jours.<\/p>\n<h3>Q : Fournissez-vous des \u00e9chantillons ?<\/h3>\n<p>R : Oui, nous fournissons des \u00e9chantillons, mais ils ne sont pas gratuits.<\/p>\n<p><img decoding=\"async\" title=\"V\u00e9rin hydraulique pour chasse-neige\" src=\"https:\/\/hzpt.com\/wp-content\/uploads\/2023\/11\/Snow-Plow-Hydraulic-Cylinder-3.webp\" alt=\"V\u00e9rin hydraulique pour chasse-neige\" \/><\/p>\n<p>Auteur : CX<\/p>","protected":false},"excerpt":{"rendered":"<p>New Arrival Snow Plow Stainless Steel Hydraulic Oil Cylinder The New Arrival Snow Plow Stainless Steel Hydraulic Oil Cylinder is a cutting-edge product designed specifically for snow plows. Made from high-quality stainless steel, this hydraulic oil cylinder offers exceptional durability and longevity, ensuring it can withstand even the harshest winter conditions. Equipped with advanced hydraulic [&hellip;]<\/p>","protected":false},"featured_media":1493,"comment_status":"closed","ping_status":"closed","template":"","meta":{"_et_pb_use_builder":"","_et_pb_old_content":"","_et_gb_content_width":""},"product_brand":[],"product_cat":[42],"product_tag":[34,44],"class_list":{"0":"post-1492","1":"product","2":"type-product","3":"status-publish","4":"has-post-thumbnail","6":"product_cat-snow-plow-hydraulic-cylinder","7":"product_tag-hydraulic-cylinder","8":"product_tag-snow-plow-hydraulic-cylinder","10":"first","11":"instock","12":"product-type-simple"},"_links":{"self":[{"href":"https:\/\/fmp-components.com\/fr\/wp-json\/wp\/v2\/product\/1492","targetHints":{"allow":["GET"]}}],"collection":[{"href":"https:\/\/fmp-components.com\/fr\/wp-json\/wp\/v2\/product"}],"about":[{"href":"https:\/\/fmp-components.com\/fr\/wp-json\/wp\/v2\/types\/product"}],"replies":[{"embeddable":true,"href":"https:\/\/fmp-components.com\/fr\/wp-json\/wp\/v2\/comments?post=1492"}],"wp:featuredmedia":[{"embeddable":true,"href":"https:\/\/fmp-components.com\/fr\/wp-json\/wp\/v2\/media\/1493"}],"wp:attachment":[{"href":"https:\/\/fmp-components.com\/fr\/wp-json\/wp\/v2\/media?parent=1492"}],"wp:term":[{"taxonomy":"product_brand","embeddable":true,"href":"https:\/\/fmp-components.com\/fr\/wp-json\/wp\/v2\/product_brand?post=1492"},{"taxonomy":"product_cat","embeddable":true,"href":"https:\/\/fmp-components.com\/fr\/wp-json\/wp\/v2\/product_cat?post=1492"},{"taxonomy":"product_tag","embeddable":true,"href":"https:\/\/fmp-components.com\/fr\/wp-json\/wp\/v2\/product_tag?post=1492"}],"curies":[{"name":"wp","href":"https:\/\/api.w.org\/{rel}","templated":true}]}}