{"id":1476,"date":"2024-12-23T05:49:26","date_gmt":"2024-12-23T05:49:26","guid":{"rendered":"https:\/\/fmp-components.com\/product\/superior-quality-small-welded-hydraulic-oil-cylinder\/"},"modified":"2024-12-23T06:35:24","modified_gmt":"2024-12-23T06:35:24","slug":"superior-quality-small-welded-hydraulic-oil-cylinder","status":"publish","type":"product","link":"https:\/\/fmp-components.com\/fr\/product\/superior-quality-small-welded-hydraulic-oil-cylinder\/","title":{"rendered":"Petit v\u00e9rin hydraulique soud\u00e9 de qualit\u00e9 sup\u00e9rieure"},"content":{"rendered":"<h2>Petit v\u00e9rin hydraulique soud\u00e9 de qualit\u00e9 sup\u00e9rieure<\/h2>\n<p>Pr\u00e9sentation du petit v\u00e9rin hydraulique soud\u00e9 de qualit\u00e9 sup\u00e9rieure :<\/p>\n<p>Le petit v\u00e9rin hydraulique soud\u00e9 de qualit\u00e9 sup\u00e9rieure est un produit hautement fiable et performant, con\u00e7u pour diverses applications industrielles. Gr\u00e2ce \u00e0 sa technologie de pointe et \u00e0 sa fabrication de pointe, ce v\u00e9rin hydraulique est con\u00e7u pour offrir des performances et une long\u00e9vit\u00e9 exceptionnelles.<\/p>\n<p>Ce v\u00e9rin hydraulique est fabriqu\u00e9 avec expertise \u00e0 partir de mat\u00e9riaux de haute qualit\u00e9, garantissant durabilit\u00e9 et r\u00e9sistance \u00e0 l'usure. Sa conception soud\u00e9e lui conf\u00e8re une r\u00e9sistance et une stabilit\u00e9 sup\u00e9rieures, le rendant ainsi adapt\u00e9 aux syst\u00e8mes hydrauliques les plus exigeants.<\/p>\n<p>Dot\u00e9 d'une technologie hydraulique de pointe, ce v\u00e9rin offre un contr\u00f4le pr\u00e9cis et un fonctionnement fluide. Il assure une transmission de force efficace, permettant un mouvement fluide et des performances optimales pour les machines hydrauliques.<\/p>\n<p>Le petit v\u00e9rin hydraulique soud\u00e9 de qualit\u00e9 sup\u00e9rieure est reconnu pour sa capacit\u00e9 de charge impressionnante et sa r\u00e9sistance aux hautes pressions. Il est donc id\u00e9al pour les applications exigeantes n\u00e9cessitant un syst\u00e8me hydraulique fiable et robuste.<\/p>\n<p>De plus, ce v\u00e9rin hydraulique est rigoureusement test\u00e9 et inspect\u00e9 pour r\u00e9pondre aux normes de qualit\u00e9 les plus strictes. Il est soumis \u00e0 des \u00e9valuations de performance rigoureuses afin de garantir sa fonctionnalit\u00e9 et sa fiabilit\u00e9 dans diverses conditions d'utilisation.<\/p>\n<p>En r\u00e9sum\u00e9, le petit v\u00e9rin hydraulique soud\u00e9 de qualit\u00e9 sup\u00e9rieure est un produit haut de gamme con\u00e7u pour offrir des performances et une durabilit\u00e9 exceptionnelles. Gr\u00e2ce \u00e0 sa technologie avanc\u00e9e, son contr\u00f4le pr\u00e9cis et sa r\u00e9sistance sup\u00e9rieure, il constitue un excellent choix pour les applications industrielles exigeant des syst\u00e8mes hydrauliques fiables.<\/p>\n<p><img decoding=\"async\" title=\"V\u00e9rin hydraulique pour chasse-neige\" src=\"https:\/\/hzpt.com\/wp-content\/uploads\/2023\/11\/Snow-Plow-Hydraulic-Cylinder-3.webp\" alt=\"V\u00e9rin hydraulique pour chasse-neige\" \/><\/p>\n<h2>Pr\u00e9sentation du petit v\u00e9rin hydraulique soud\u00e9 de qualit\u00e9 sup\u00e9rieure<\/h2>\n<p>D\u00e9couvrez le petit v\u00e9rin hydraulique soud\u00e9 de qualit\u00e9 sup\u00e9rieure, un composant de machinerie haut de gamme con\u00e7u pour r\u00e9pondre aux exigences rigoureuses de nombreux secteurs industriels. Ce v\u00e9rin hydraulique neuf, extr\u00eamement fiable, b\u00e9n\u00e9ficie d'une garantie d'un an, gage de notre engagement envers la qualit\u00e9 et la fiabilit\u00e9.<\/p>\n<h2>Caract\u00e9ristiques du produit<\/h2>\n<p>Le v\u00e9rin hydraulique \u00e0 huile est fabriqu\u00e9 en acier robuste et con\u00e7u selon une structure de v\u00e9rin \u00e0 piston standard, id\u00e9al pour les ateliers de r\u00e9paration de machines, les exploitations agricoles, les secteurs de l'\u00e9nergie et des mines, la fabrication de machines et les usines. Avec un poids de 12 kg, ce v\u00e9rin hydraulique est facile \u00e0 manipuler. Ses principaux composants comprennent un roulement et un v\u00e9rin hydraulique, garantis un an. Le v\u00e9rin fonctionne sous \u00e9nergie hydraulique et peut supporter une pouss\u00e9e maximale de 3\u00a0000 tonnes et une traction maximale de 20 tonnes, ce qui en fait une option robuste et fiable pour les industries soumises \u00e0 des pressions \u00e9lev\u00e9es.<\/p>\n<h2>Sp\u00e9cifications techniques<\/h2>\n<ul>\n<li>Standard ou non standard : Standard<\/li>\n<li>Structure : Cylindre \u00e0 piston<\/li>\n<li>Puissance : hydraulique<\/li>\n<li>Mat\u00e9riau du corps : acier<\/li>\n<li>Pouss\u00e9e maximale : 3000<\/li>\n<li>Traction maximale : 20 tonnes<\/li>\n<li>Avantages : G\/SAE\/NPT\/M<\/li>\n<li>Al\u00e9sage : 2 \u00e0 6 pouces<\/li>\n<li>Taille de la tige : 1,125 \u00e0 4 pouces<\/li>\n<li>Taille de la course : 4 \u00e0 100 pouces<\/li>\n<li>Taille de la broche : 0,5 \u00e0 2 pouces<\/li>\n<\/ul>\n<h2>Avantages des v\u00e9rins \u00e0 chape r\u00e9glable<\/h2>\n<p>Les v\u00e9rins \u00e0 chape r\u00e9glable gagnent en popularit\u00e9 dans diverses applications industrielles gr\u00e2ce \u00e0 leurs nombreux avantages. Dans cet article, nous explorerons les avantages de ces v\u00e9rins et leur sup\u00e9riorit\u00e9 par rapport aux autres types de v\u00e9rins hydrauliques.<\/p>\n<h3>1. Polyvalence<\/h3>\n<p>L'un des principaux avantages des v\u00e9rins \u00e0 chape r\u00e9glable r\u00e9side dans leur polyvalence. Ces v\u00e9rins peuvent \u00eatre utilis\u00e9s dans une large gamme d'applications, des engins de chantier aux machines agricoles. Cette polyvalence est due \u00e0 leur facilit\u00e9 d'adaptation aux exigences sp\u00e9cifiques, ce qui en fait un choix id\u00e9al pour les applications o\u00f9 la flexibilit\u00e9 est essentielle.<\/p>\n<h3>2. Pr\u00e9cision<\/h3>\n<p>Un autre avantage des v\u00e9rins \u00e0 chape r\u00e9glable est leur pr\u00e9cision. Con\u00e7us pour un contr\u00f4le pr\u00e9cis et fiable, ils sont parfaits pour les applications exigeant un mouvement pr\u00e9cis. Cette pr\u00e9cision est obtenue gr\u00e2ce \u00e0 l'utilisation de mat\u00e9riaux de haute qualit\u00e9 et \u00e0 des techniques de fabrication avanc\u00e9es, ce qui permet d'obtenir des v\u00e9rins hydrauliques compacts et soud\u00e9s de qualit\u00e9 sup\u00e9rieure.<\/p>\n<h3>3. Durabilit\u00e9<\/h3>\n<p>Les v\u00e9rins \u00e0 chape r\u00e9glable sont \u00e9galement r\u00e9put\u00e9s pour leur durabilit\u00e9. Con\u00e7us pour r\u00e9sister aux environnements et conditions les plus difficiles, ils sont parfaitement adapt\u00e9s aux applications exigeantes. Cette durabilit\u00e9 est due \u00e0 l'utilisation de mat\u00e9riaux de haute qualit\u00e9 et \u00e0 des techniques de fabrication avanc\u00e9es, garantissant ainsi leur long\u00e9vit\u00e9.<\/p>\n<h3>4. Efficacit\u00e9<\/h3>\n<p>L'efficacit\u00e9 est un autre avantage des v\u00e9rins \u00e0 chape r\u00e9glable. Con\u00e7us pour fournir une puissance maximale avec une consommation d'\u00e9nergie minimale, ces v\u00e9rins constituent une solution \u00e9co\u00e9nerg\u00e9tique pour une large gamme d'applications. Cette efficacit\u00e9 est obtenue gr\u00e2ce \u00e0 l'utilisation de syst\u00e8mes hydrauliques avanc\u00e9s et d'autres caract\u00e9ristiques de conception qui optimisent les performances et minimisent le gaspillage d'\u00e9nergie.<\/p>\n<h3>5. Personnalisation<\/h3>\n<p>Enfin, les v\u00e9rins \u00e0 chape r\u00e9glable offrent un haut degr\u00e9 de personnalisation. Facilement adaptables \u00e0 des exigences sp\u00e9cifiques, ils constituent un choix id\u00e9al pour les applications n\u00e9cessitant une personnalisation. Cette personnalisation peut inclure des modifications de l'al\u00e9sage, de la course et des options de montage, entre autres, garantissant ainsi une adaptation parfaite aux besoins de l'application.<\/p>\n<p>En conclusion, les v\u00e9rins \u00e0 chape r\u00e9glable offrent de nombreux avantages qui en font un choix id\u00e9al pour diverses applications industrielles. De leur polyvalence et de leur pr\u00e9cision \u00e0 leur durabilit\u00e9, leur efficacit\u00e9 et leurs possibilit\u00e9s de personnalisation, ces v\u00e9rins offrent des performances et une fiabilit\u00e9 sup\u00e9rieures, ce qui en fait une option privil\u00e9gi\u00e9e dans l'industrie.<\/p>\n<h3>\u00c0 propos de FMP<\/h3>\n<p>FMP est une entreprise sp\u00e9cialis\u00e9e dans la production et la vente de v\u00e9rins hydrauliques. Forts de nombreuses ann\u00e9es d'exp\u00e9rience dans le secteur et d'une \u00e9quipe professionnelle, nous fournissons \u00e0 nos clients des v\u00e9rins hydrauliques fiables et de haute qualit\u00e9 pour engins de chantier.<\/p>\n<p><img decoding=\"async\" src=\"https:\/\/fmp-components.com\/wp-content\/uploads\/2024\/12\/Adjustable-Clevis-Type-Cylinders-6.webp\" alt=\"V\u00e9rin \u00e0 chape r\u00e9glable\" width=\"816\" title=\"\"><\/p>\n<p>Voici cinq raisons pour lesquelles vous devriez choisir nos v\u00e9rins hydrauliques :<\/p>\n<ol>\n<li>Large gamme d'options\u00a0: Nous proposons une gamme compl\u00e8te de v\u00e9rins hydrauliques, notamment des v\u00e9rins \u00e0 chape r\u00e9glable, des v\u00e9rins \u00e0 tirant, des v\u00e9rins soud\u00e9s, des v\u00e9rins t\u00e9lescopiques et des v\u00e9rins compacts. Quels que soient vos besoins en mati\u00e8re d'engins de chantier, nous avons le v\u00e9rin id\u00e9al.<\/li>\n<li>Qualit\u00e9 sup\u00e9rieure\u00a0: Tous nos v\u00e9rins hydrauliques sont fabriqu\u00e9s avec des mat\u00e9riaux de haute qualit\u00e9 et soumis \u00e0 des contr\u00f4les qualit\u00e9 rigoureux. Nous garantissons que chaque v\u00e9rin r\u00e9pond aux normes industrielles les plus strictes, vous garantissant ainsi des performances fiables et durables.<\/li>\n<li>Personnalisation\u00a0: Nous comprenons que chaque projet de construction a des exigences uniques. C'est pourquoi nous proposons des options de personnalisation pour nos v\u00e9rins hydrauliques. Que ce soit en termes de taille, de type de montage ou de pression nominale, nous pouvons adapter le v\u00e9rin \u00e0 vos besoins sp\u00e9cifiques.<\/li>\n<li>Conseils d'experts\u00a0: Notre \u00e9quipe commerciale exp\u00e9riment\u00e9e poss\u00e8de une solide expertise du secteur des engins de chantier. Elle vous propose des conseils professionnels sur les produits et vous aide \u00e0 choisir le v\u00e9rin hydraulique adapt\u00e9 \u00e0 votre \u00e9quipement. Nous nous engageons \u00e0 trouver les meilleures solutions pour nos clients.<\/li>\n<li>Distribution efficace\u00a0: Nous disposons d'un syst\u00e8me de distribution logistique performant pour garantir la livraison rapide et pr\u00e9cise de vos v\u00e9rins hydrauliques. Vous pouvez compter sur nous pour vous livrer les pi\u00e8ces dont vous avez besoin au moment opportun, minimisant ainsi les temps d'arr\u00eat de vos machines.<\/li>\n<\/ol>\n<p>Choisissez FMP pour vos besoins en v\u00e9rins hydrauliques et constatez la diff\u00e9rence. Contactez-nous d\u00e8s aujourd'hui pour discuter de la fa\u00e7on dont nous pouvons r\u00e9pondre \u00e0 vos besoins en mati\u00e8re d'engins de chantier.<\/p>\n<h2>FAQ<\/h2>\n<h3>Q : \u00cates-vous une soci\u00e9t\u00e9 commerciale ou un fabricant ?<\/h3>\n<p>R : Nous sommes une usine et nous fabriquons nos produits.<\/p>\n<h3>Q : Quel est votre d\u00e9lai de livraison ?<\/h3>\n<p>R : G\u00e9n\u00e9ralement, notre d\u00e9lai de livraison est de 25 \u00e0 35 jours.<\/p>\n<h3>Q : Pouvez-vous produire selon les \u00e9chantillons ?<\/h3>\n<p>R : Oui, nous pouvons produire \u00e0 partir de vos \u00e9chantillons ou de vos plans techniques. Nous pouvons fabriquer les moules et les montages.<\/p>\n<p><img decoding=\"async\" src=\"https:\/\/hzpt.com\/wp-content\/uploads\/2023\/11\/Snow-Plow-Hydraulic-Cylinder-4Factory.webp\" alt=\"Usine de transmission Ever-Power\" title=\"\"><\/p>\n<p>Auteur : CX<\/p>","protected":false},"excerpt":{"rendered":"<p>Superior Quality Small Welded Hydraulic Oil Cylinder Introducing the Superior Quality Small Welded Hydraulic Oil Cylinder: The Superior Quality Small Welded Hydraulic Oil Cylinder is a highly reliable and efficient product designed for various industrial applications. With its advanced technology and top-notch craftsmanship, this hydraulic cylinder is built to deliver exceptional performance and longevity. This [&hellip;]<\/p>","protected":false},"featured_media":1477,"comment_status":"closed","ping_status":"closed","template":"","meta":{"_et_pb_use_builder":"","_et_pb_old_content":"","_et_gb_content_width":""},"product_brand":[],"product_cat":[42],"product_tag":[34,44],"class_list":{"0":"post-1476","1":"product","2":"type-product","3":"status-publish","4":"has-post-thumbnail","6":"product_cat-snow-plow-hydraulic-cylinder","7":"product_tag-hydraulic-cylinder","8":"product_tag-snow-plow-hydraulic-cylinder","10":"first","11":"instock","12":"product-type-simple"},"_links":{"self":[{"href":"https:\/\/fmp-components.com\/fr\/wp-json\/wp\/v2\/product\/1476","targetHints":{"allow":["GET"]}}],"collection":[{"href":"https:\/\/fmp-components.com\/fr\/wp-json\/wp\/v2\/product"}],"about":[{"href":"https:\/\/fmp-components.com\/fr\/wp-json\/wp\/v2\/types\/product"}],"replies":[{"embeddable":true,"href":"https:\/\/fmp-components.com\/fr\/wp-json\/wp\/v2\/comments?post=1476"}],"wp:featuredmedia":[{"embeddable":true,"href":"https:\/\/fmp-components.com\/fr\/wp-json\/wp\/v2\/media\/1477"}],"wp:attachment":[{"href":"https:\/\/fmp-components.com\/fr\/wp-json\/wp\/v2\/media?parent=1476"}],"wp:term":[{"taxonomy":"product_brand","embeddable":true,"href":"https:\/\/fmp-components.com\/fr\/wp-json\/wp\/v2\/product_brand?post=1476"},{"taxonomy":"product_cat","embeddable":true,"href":"https:\/\/fmp-components.com\/fr\/wp-json\/wp\/v2\/product_cat?post=1476"},{"taxonomy":"product_tag","embeddable":true,"href":"https:\/\/fmp-components.com\/fr\/wp-json\/wp\/v2\/product_tag?post=1476"}],"curies":[{"name":"wp","href":"https:\/\/api.w.org\/{rel}","templated":true}]}}