{"id":1458,"date":"2024-12-23T05:49:26","date_gmt":"2024-12-23T05:49:26","guid":{"rendered":"https:\/\/fmp-components.com\/product\/factory-serving-small-hydraulic-cylinder-double-acting-hydraulic-cylinder-for-snow-plow\/"},"modified":"2024-12-23T06:39:29","modified_gmt":"2024-12-23T06:39:29","slug":"factory-serving-small-hydraulic-cylinder-double-acting-hydraulic-cylinder-for-snow-plow","status":"publish","type":"product","link":"https:\/\/fmp-components.com\/fr\/product\/factory-serving-small-hydraulic-cylinder-double-acting-hydraulic-cylinder-for-snow-plow\/","title":{"rendered":"Usine servant de petit v\u00e9rin hydraulique \u00e0 double effet pour chasse-neige"},"content":{"rendered":"<h2>Usine servant de petit v\u00e9rin hydraulique \u00e0 double effet pour chasse-neige<\/h2>\n<p>Le petit v\u00e9rin hydraulique \u00e0 double effet pour chasse-neige, fabriqu\u00e9 en usine, est un v\u00e9rin hydraulique de haute qualit\u00e9, sp\u00e9cialement con\u00e7u pour les chasse-neige. Gr\u00e2ce \u00e0 son double effet, ce v\u00e9rin offre des performances puissantes et fiables, permettant de d\u00e9gager la neige et la glace rapidement et efficacement.<\/p>\n<p>Fabriqu\u00e9 \u00e0 partir de mat\u00e9riaux haut de gamme, ce v\u00e9rin hydraulique est con\u00e7u pour durer. Sa taille compacte en fait un choix id\u00e9al pour les petits mod\u00e8les de chasse-neige, offrant une solution peu encombrante sans compromettre les performances. Sa conception \u00e0 double effet assure un fonctionnement fluide et constant, pour un contr\u00f4le pr\u00e9cis et une efficacit\u00e9 maximale.<\/p>\n<p><img decoding=\"async\" title=\"V\u00e9rin hydraulique pour chasse-neige\" src=\"https:\/\/hzpt.com\/wp-content\/uploads\/2023\/11\/Snow-Plow-Hydraulic-Cylinder-1.webp\" alt=\"V\u00e9rin hydraulique pour chasse-neige\" \/><\/p>\n<p>Que vous soyez un professionnel du d\u00e9neigement ou un particulier \u00e0 la recherche d&#039;un moyen efficace de d\u00e9neiger son all\u00e9e, le petit v\u00e9rin hydraulique \u00e0 double effet pour chasse-neige Factory Serving est une solution fiable et efficace. Gr\u00e2ce \u00e0 sa construction robuste et \u00e0 ses fonctionnalit\u00e9s avanc\u00e9es, ce v\u00e9rin hydraulique saura r\u00e9pondre aux exigences les plus rigoureuses des conditions hivernales.<\/p>\n<div>\n<h2>D\u00e9couvrez le v\u00e9rin hydraulique \u00e0 double effet haute performance pour votre chasse-neige<\/h2>\n<p>Vous recherchez un v\u00e9rin hydraulique fiable et performant pour votre chasse-neige\u00a0? Notre usine est faite pour vous\u00a0! Nous proposons des v\u00e9rins hydrauliques neufs et durables, garantis un an, adapt\u00e9s \u00e0 divers secteurs d&#039;activit\u00e9, notamment les ateliers de r\u00e9paration de machines, les exploitations agricoles, les secteurs de l&#039;\u00e9nergie et des mines, la fabrication de machines et les usines de fabrication.<\/p>\n<h2>Caract\u00e9ristiques du produit<\/h2>\n<ul>\n<li>Poids : 5,4 kg<\/li>\n<li>Construit en acier durable<\/li>\n<li>Alimentation hydraulique pour des performances et une fiabilit\u00e9 sup\u00e9rieures<\/li>\n<li>Pouss\u00e9e maximale : 3000<\/li>\n<li>Traction maximale : 20 tonnes<\/li>\n<li>Al\u00e9sage : 2 \u00e0 6 pouces<\/li>\n<li>Taille de la tige : 1,125 \u00e0 4 pouces<\/li>\n<li>Taille de la course : 4 \u00e0 100 pouces<\/li>\n<li>Taille de la broche : 0,5 \u00e0 2 pouces<\/li>\n<li>Couleur : noir<\/li>\n<li>Certification : ISO9001:2000<\/li>\n<li>Emballage : caisse en fer, caisse en contreplaqu\u00e9 ou bo\u00eete en carton<\/li>\n<\/ul>\n<p><img decoding=\"async\" src=\"https:\/\/hzpt.com\/wp-content\/uploads\/2023\/11\/Snow-Plow-Hydraulic-Cylinder-4Factory.webp\" alt=\"Photo d&#039;usine\" title=\"\"><\/p>\n<\/div>\n<h2>Avantages des v\u00e9rins \u00e0 chape r\u00e9glable<\/h2>\n<p>Les v\u00e9rins \u00e0 chape r\u00e9glable sont largement utilis\u00e9s dans divers secteurs industriels en raison de leur polyvalence et de leurs avantages. Voici quelques-uns de leurs principaux avantages\u00a0:<\/p>\n<h3>1. Polyvalence<\/h3>\n<p>L&#039;un des principaux avantages des v\u00e9rins \u00e0 chape r\u00e9glable est leur polyvalence. Ces v\u00e9rins peuvent \u00eatre utilis\u00e9s dans une large gamme d&#039;applications, ce qui en fait un choix id\u00e9al pour de nombreux secteurs. Ils sont couramment utilis\u00e9s dans des applications telles que la manutention, les engins de chantier et les machines agricoles.<\/p>\n<h3>2. Longueur de course r\u00e9glable<\/h3>\n<p>Un autre avantage majeur des v\u00e9rins \u00e0 chape r\u00e9glable est leur course r\u00e9glable. Cela signifie que la course du v\u00e9rin peut \u00eatre facilement ajust\u00e9e pour r\u00e9pondre aux besoins sp\u00e9cifiques de l&#039;application. Ceci est particuli\u00e8rement avantageux lorsque le v\u00e9rin est utilis\u00e9 dans diff\u00e9rentes applications aux exigences variables.<\/p>\n<h3>3. Capacit\u00e9 de charge \u00e9lev\u00e9e<\/h3>\n<p>Les v\u00e9rins \u00e0 chape r\u00e9glable sont con\u00e7us pour offrir une capacit\u00e9 de charge \u00e9lev\u00e9e, ce qui les rend adapt\u00e9s aux applications lourdes. Ils sont couramment utilis\u00e9s dans les applications exigeant une force et une pression \u00e9lev\u00e9es, comme dans la construction de machines lourdes.<\/p>\n<h3>4. Double effet ou simple effet<\/h3>\n<p>Les v\u00e9rins \u00e0 chape r\u00e9glable peuvent \u00eatre con\u00e7us en double ou simple effet, selon les exigences de l&#039;application. Les v\u00e9rins \u00e0 double effet sont couramment utilis\u00e9s pour les applications n\u00e9cessitant des forces de pouss\u00e9e et de traction, tandis que les v\u00e9rins \u00e0 simple effet sont utilis\u00e9s pour les applications n\u00e9cessitant une seule force directionnelle.<\/p>\n<h3>5. Usine servant de petit v\u00e9rin hydraulique<\/h3>\n<p>Les v\u00e9rins \u00e0 chape r\u00e9glable sont disponibles dans une large gamme de tailles, ce qui les rend adapt\u00e9s \u00e0 diverses applications, y compris celles n\u00e9cessitant de petits v\u00e9rins hydrauliques. Ils sont couramment utilis\u00e9s dans les applications exigeant une grande pr\u00e9cision, comme les \u00e9quipements m\u00e9dicaux et les instruments de laboratoire.<\/p>\n<h3>6. V\u00e9rin hydraulique \u00e0 double effet pour chasse-neige<\/h3>\n<p>Les v\u00e9rins \u00e0 chape r\u00e9glable sont couramment utilis\u00e9s sur les chasse-neige en raison de leur capacit\u00e9 \u00e0 fournir une force et une pression \u00e9lev\u00e9es. Les v\u00e9rins hydrauliques \u00e0 double effet permettent de lever et d&#039;abaisser la lame, tout en fournissant la force n\u00e9cessaire pour la d\u00e9placer lat\u00e9ralement.<\/p>\n<p>En conclusion, les v\u00e9rins \u00e0 chape r\u00e9glable offrent de nombreux avantages qui en font un choix id\u00e9al pour de nombreuses applications. Leur polyvalence, leur course r\u00e9glable, leur capacit\u00e9 de charge \u00e9lev\u00e9e et leur possibilit\u00e9 de conception en v\u00e9rins \u00e0 double ou simple effet les rendent adapt\u00e9s \u00e0 un large \u00e9ventail de secteurs et d&#039;applications. De plus, leur possibilit\u00e9 de fabrication dans diverses tailles, y compris en petits v\u00e9rins hydrauliques, en fait un choix populaire pour les applications de pr\u00e9cision.<\/p>\n<h3>\u00c0 propos de FMP \u2013 V\u00e9rin hydraulique<\/h3>\n<p>FMP est une entreprise leader dans la vente et l&#039;entretien de pi\u00e8ces d\u00e9tach\u00e9es et de machines compl\u00e8tes pour engins de chantier. Forts de nombreuses ann\u00e9es d&#039;exp\u00e9rience dans le secteur, nous disposons d&#039;une \u00e9quipe d&#039;experts professionnels qui fournissent des pi\u00e8ces d\u00e9tach\u00e9es et des solutions compl\u00e8tes de haute qualit\u00e9 et fiables. Notre large gamme de produits comprend des bo\u00eetes de vitesses pour machines agricoles, des r\u00e9ducteurs plan\u00e9taires, des bo\u00eetes de vitesses industrielles, des pi\u00e8ces d\u00e9tach\u00e9es pour machines agricoles et une s\u00e9rie d&#039;accessoires haut de gamme. Nous nous engageons \u00e0 fournir \u00e0 nos clients les meilleurs produits et services. Voici quelques raisons de choisir FMP pour vos v\u00e9rins hydrauliques\u00a0:<\/p>\n<ol>\n<li><strong>Des produits de haute qualit\u00e9 et fiables :<\/strong> Chez FMP, la qualit\u00e9 de nos produits est notre priorit\u00e9. Nous \u00e9tablissons des relations de coop\u00e9ration durables et stables avec des fournisseurs de premier ordre du monde entier. Toutes nos pi\u00e8ces r\u00e9pondent \u00e0 des normes de qualit\u00e9 strictes.<\/li>\n<li><strong>Large gamme de produits :<\/strong> Nous proposons une large gamme de v\u00e9rins hydrauliques, standard et sur mesure. Notre v\u00e9rin \u00e0 chape r\u00e9glable est un produit populaire, tr\u00e8s r\u00e9sistant et adaptable pour r\u00e9pondre \u00e0 diff\u00e9rents besoins.<\/li>\n<li><strong>\u00c9quipe de vente professionnelle :<\/strong> Notre \u00e9quipe commerciale est exp\u00e9riment\u00e9e et comp\u00e9tente dans le secteur des engins de chantier. Elle conna\u00eet les derni\u00e8res tendances et les besoins des clients et peut vous fournir des conseils professionnels sur les produits et des suggestions d&#039;achat judicieuses.<\/li>\n<li><strong>Distribution logistique efficace :<\/strong> Nous comprenons que la livraison dans les d\u00e9lais est essentielle pour nos clients. C&#039;est pourquoi nous avons mis en place un syst\u00e8me de distribution logistique efficace pour garantir que nos clients re\u00e7oivent les pi\u00e8ces requises dans les d\u00e9lais et avec pr\u00e9cision.<\/li>\n<li><strong>Prix comp\u00e9titifs :<\/strong> Chez FMP, nous proposons des prix comp\u00e9titifs sans compromis sur la qualit\u00e9. Nous nous effor\u00e7ons d&#039;offrir \u00e0 nos clients le meilleur rapport qualit\u00e9-prix.<\/li>\n<\/ol>\n<p><img decoding=\"async\" src=\"https:\/\/fmp-components.com\/wp-content\/uploads\/2024\/12\/Adjustable-Clevis-Type-Cylinders-6.webp\" alt=\"V\u00e9rin \u00e0 chape r\u00e9glable\" width=\"807\" title=\"\"><\/p>\n<p>Nous nous engageons \u00e0 fournir \u00e0 nos clients des produits et services de haute qualit\u00e9 et sommes convaincus de pouvoir r\u00e9pondre \u00e0 vos besoins en v\u00e9rins hydrauliques. N&#039;h\u00e9sitez pas \u00e0 nous contacter pour toute demande de renseignements ou pour passer commande.<\/p>\n<p>Auteur : CX<\/p>","protected":false},"excerpt":{"rendered":"<p>Factory Serving Small Hydraulic Cylinder Double Acting Hydraulic Cylinder For Snow Plow Factory Serving Small Hydraulic Cylinder Double Acting Hydraulic Cylinder For Snow Plow is a high-quality hydraulic cylinder designed specifically for use in snow plows. With its double acting capability, this cylinder delivers powerful and reliable performance, helping to clear snow and ice quickly [&hellip;]<\/p>","protected":false},"featured_media":1459,"comment_status":"closed","ping_status":"closed","template":"","meta":{"_et_pb_use_builder":"","_et_pb_old_content":"","_et_gb_content_width":""},"product_brand":[],"product_cat":[42],"product_tag":[34,44],"class_list":{"0":"post-1458","1":"product","2":"type-product","3":"status-publish","4":"has-post-thumbnail","6":"product_cat-snow-plow-hydraulic-cylinder","7":"product_tag-hydraulic-cylinder","8":"product_tag-snow-plow-hydraulic-cylinder","10":"first","11":"instock","12":"product-type-simple"},"_links":{"self":[{"href":"https:\/\/fmp-components.com\/fr\/wp-json\/wp\/v2\/product\/1458","targetHints":{"allow":["GET"]}}],"collection":[{"href":"https:\/\/fmp-components.com\/fr\/wp-json\/wp\/v2\/product"}],"about":[{"href":"https:\/\/fmp-components.com\/fr\/wp-json\/wp\/v2\/types\/product"}],"replies":[{"embeddable":true,"href":"https:\/\/fmp-components.com\/fr\/wp-json\/wp\/v2\/comments?post=1458"}],"wp:featuredmedia":[{"embeddable":true,"href":"https:\/\/fmp-components.com\/fr\/wp-json\/wp\/v2\/media\/1459"}],"wp:attachment":[{"href":"https:\/\/fmp-components.com\/fr\/wp-json\/wp\/v2\/media?parent=1458"}],"wp:term":[{"taxonomy":"product_brand","embeddable":true,"href":"https:\/\/fmp-components.com\/fr\/wp-json\/wp\/v2\/product_brand?post=1458"},{"taxonomy":"product_cat","embeddable":true,"href":"https:\/\/fmp-components.com\/fr\/wp-json\/wp\/v2\/product_cat?post=1458"},{"taxonomy":"product_tag","embeddable":true,"href":"https:\/\/fmp-components.com\/fr\/wp-json\/wp\/v2\/product_tag?post=1458"}],"curies":[{"name":"wp","href":"https:\/\/api.w.org\/{rel}","templated":true}]}}