{"id":1391,"date":"2024-12-23T02:19:41","date_gmt":"2024-12-23T02:19:41","guid":{"rendered":"https:\/\/fmp-components.com\/product\/china-factory-supply-custom-hydraulic-cylinder-double-acting-mini-hydraulic-cylinders\/"},"modified":"2024-12-23T08:50:06","modified_gmt":"2024-12-23T08:50:06","slug":"italy-factory-supply-custom-hydraulic-cylinder-double-acting-mini-hydraulic-cylinders","status":"publish","type":"product","link":"https:\/\/fmp-components.com\/fr\/product\/italy-factory-supply-custom-hydraulic-cylinder-double-acting-mini-hydraulic-cylinders\/","title":{"rendered":"Fournisseur italien de v\u00e9rins hydrauliques sur mesure \u00e0 double effet et mini-v\u00e9rins hydrauliques"},"content":{"rendered":"<h2>Fournisseur italien de v\u00e9rins hydrauliques sur mesure \u00e0 double effet et mini-v\u00e9rins hydrauliques<\/h2>\n<p>Fabriqu\u00e9s en Italie, les mini-v\u00e9rins hydrauliques \u00e0 double effet sont la solution id\u00e9ale pour les applications hydrauliques de petite taille. Leur conception compacte leur permet de fournir une force \u00e9lev\u00e9e dans un format r\u00e9duit, ce qui les rend parfaits pour une utilisation dans des espaces restreints.<\/p>\n<p>Fabriqu\u00e9s \u00e0 partir de mat\u00e9riaux de haute qualit\u00e9, ces v\u00e9rins hydrauliques sont con\u00e7us pour durer. Leur conception \u00e0 double effet permet un contr\u00f4le pr\u00e9cis du mouvement, tandis que leur fabrication sur mesure garantit une adaptation parfaite \u00e0 votre application sp\u00e9cifique.<\/p>\n<p>Avec un large choix de tailles et de performances, les mini-v\u00e9rins hydrauliques \u00e0 double effet fabriqu\u00e9s sur mesure par Italy Factory Supply sont la solution id\u00e9ale pour tous vos projets hydrauliques de petite envergure. Que vous ayez besoin d'un v\u00e9rin puissant pour le levage de charges lourdes ou d'un v\u00e9rin de pr\u00e9cision pour des machines d\u00e9licates, ces v\u00e9rins r\u00e9pondront \u00e0 tous vos besoins.<\/p>\n<p><img loading=\"lazy\" decoding=\"async\" class=\"alignnone size-full wp-image-1334\" src=\"https:\/\/fmp-components.com\/wp-content\/uploads\/2024\/12\/Adjustable-Clevis-Type-Cylinders-4.webp\" alt=\"V\u00e9rins \u00e0 chape r\u00e9glable\" width=\"800\" height=\"800\" title=\"\" srcset=\"https:\/\/fmp-components.com\/wp-content\/uploads\/2024\/12\/Adjustable-Clevis-Type-Cylinders-4.webp 800w, https:\/\/fmp-components.com\/wp-content\/uploads\/2024\/12\/Adjustable-Clevis-Type-Cylinders-4-480x480.webp 480w\" sizes=\"(min-width: 0px) and (max-width: 480px) 480px, (min-width: 481px) 800px, 100vw\" \/><\/p>\n<p>Investissez dans des mini-v\u00e9rins hydrauliques double effet sur mesure, fournis directement par une usine italienne, pour une puissance hydraulique fiable et performante dans un format compact.<\/p>\n<p>D\u00e9couvrez notre nouvelle gamme de v\u00e9rins hydrauliques, directement issus de notre usine ultramoderne en Italie. Ces mini-v\u00e9rins hydrauliques double effet, fabriqu\u00e9s sur mesure, sont parfaitement adapt\u00e9s \u00e0 de nombreux secteurs d'activit\u00e9, tels que la r\u00e9paration de machines, l'agriculture, l'\u00e9nergie, l'exploitation mini\u00e8re, la construction m\u00e9canique, et bien plus encore. B\u00e9n\u00e9ficiant d'une garantie d'un an, de composants essentiels (roulements et v\u00e9rin lui-m\u00eame) et d'un poids de 30 kg, ces v\u00e9rins sont con\u00e7us pour \u00eatre robustes, fiables et durables.<\/p>\n<h2>Avantages des v\u00e9rins \u00e0 chape r\u00e9glable<\/h2>\n<p>Les v\u00e9rins \u00e0 chape r\u00e9glable sont tr\u00e8s r\u00e9pandus dans le domaine de la transmission de puissance hydraulique. Leurs nombreux avantages en font un choix id\u00e9al pour diverses applications. Cet article explore en d\u00e9tail les atouts des v\u00e9rins \u00e0 chape r\u00e9glable.<\/p>\n<h3>1. Polyvalence<\/h3>\n<p>L'un des principaux avantages des v\u00e9rins \u00e0 chape r\u00e9glable r\u00e9side dans leur polyvalence. Ces v\u00e9rins peuvent \u00eatre personnalis\u00e9s pour s'adapter \u00e0 une vaste gamme d'applications, ce qui en fait un choix privil\u00e9gi\u00e9 pour de nombreux secteurs industriels. Des engins de chantier lourds aux machines de production \u00e0 petite \u00e9chelle, les v\u00e9rins \u00e0 chape r\u00e9glable peuvent \u00eatre adapt\u00e9s aux besoins sp\u00e9cifiques de chaque projet.<\/p>\n<h3>2. Am\u00e9lioration de l'efficacit\u00e9<\/h3>\n<p>Un autre avantage majeur des v\u00e9rins \u00e0 chape r\u00e9glable r\u00e9side dans leur capacit\u00e9 \u00e0 accro\u00eetre l'efficacit\u00e9. Con\u00e7us pour fournir une force et une puissance \u00e9lev\u00e9es tout en optimisant l'efficacit\u00e9 \u00e9nerg\u00e9tique, ces v\u00e9rins contribuent \u00e0 r\u00e9duire la consommation \u00e9nerg\u00e9tique globale, ce qui peut engendrer des \u00e9conomies substantielles \u00e0 long terme.<\/p>\n<h3>3. S\u00e9curit\u00e9 am\u00e9lior\u00e9e<\/h3>\n<p>Les v\u00e9rins \u00e0 chape r\u00e9glable sont \u00e9galement con\u00e7us dans un souci de s\u00e9curit\u00e9. Ils sont \u00e9quip\u00e9s de divers dispositifs de s\u00e9curit\u00e9, tels que des soupapes de d\u00e9charge de pression et des syst\u00e8mes de protection contre les surcharges, qui contribuent \u00e0 pr\u00e9venir les accidents et les blessures. C'est pourquoi ils sont privil\u00e9gi\u00e9s dans les secteurs o\u00f9 la s\u00e9curit\u00e9 est primordiale, comme la fabrication et la construction.<\/p>\n<h3>4. Durabilit\u00e9<\/h3>\n<p>Un autre avantage cl\u00e9 des v\u00e9rins \u00e0 chape r\u00e9glable r\u00e9side dans leur durabilit\u00e9. Con\u00e7us pour r\u00e9sister aux conditions de travail les plus extr\u00eames, ces v\u00e9rins sont faits pour durer de nombreuses ann\u00e9es avec un minimum d'entretien. De ce fait, ils constituent un choix rentable sur le long terme, car ils n\u00e9cessitent des r\u00e9parations et des remplacements moins fr\u00e9quents que les autres types de v\u00e9rins hydrauliques.<\/p>\n<h3>5. Personnalisation<\/h3>\n<p>Enfin, les v\u00e9rins \u00e0 chape r\u00e9glable sont hautement personnalisables. Ils peuvent \u00eatre con\u00e7us pour r\u00e9pondre \u00e0 un large \u00e9ventail de sp\u00e9cifications et d'exigences, notamment en termes de dimensions, de forme et de performances. Cela en fait un choix id\u00e9al pour les projets o\u00f9 les v\u00e9rins hydrauliques standard ne conviennent pas, comme les machines et \u00e9quipements sur mesure.<\/p>\n<p>En conclusion, les v\u00e9rins \u00e0 chape r\u00e9glable offrent de nombreux avantages qui en font un choix privil\u00e9gi\u00e9 dans le domaine de la transmission de puissance hydraulique. De l'efficacit\u00e9 accrue \u00e0 la s\u00e9curit\u00e9 renforc\u00e9e, en passant par la polyvalence et la personnalisation, ces v\u00e9rins r\u00e9pondent \u00e0 une large gamme d'applications. Si vous recherchez des v\u00e9rins hydrauliques de haute qualit\u00e9, les mini-v\u00e9rins hydrauliques \u00e0 double effet sur mesure d'Italy Factory Supply constituent une excellente option\u00a0!<img decoding=\"async\" src=\"https:\/\/fmp-components.com\/wp-content\/uploads\/2024\/12\/Adjustable-Clevis-Type-Cylinders5.webp\" alt=\"V\u00e9rin \u00e0 chape r\u00e9glable\" width=\"800\" title=\"\"><\/p>\n<h2>Application des v\u00e9rins \u00e0 chape r\u00e9glable<\/h2>\n<p>Les v\u00e9rins \u00e0 chape r\u00e9glable, \u00e9galement appel\u00e9s v\u00e9rins hydrauliques sur mesure ou mini-v\u00e9rins hydrauliques \u00e0 double effet, sont des composants essentiels dans de nombreux secteurs industriels gr\u00e2ce \u00e0 leur polyvalence et leur efficacit\u00e9. Offrant un large \u00e9ventail d'applications et d'avantages, ils sont tr\u00e8s recherch\u00e9s sur le march\u00e9. Cet article explore certaines de leurs principales applications et les d\u00e9crit en d\u00e9tail.<\/p>\n<h3>1. Automatisation industrielle<\/h3>\n<p>Dans le domaine de l'automatisation industrielle, les v\u00e9rins \u00e0 chape r\u00e9glable jouent un r\u00f4le crucial dans l'am\u00e9lioration de la productivit\u00e9 et la rationalisation des op\u00e9rations. Fr\u00e9quemment utilis\u00e9s dans les syst\u00e8mes robotis\u00e9s exigeant des mouvements pr\u00e9cis et contr\u00f4l\u00e9s, ces v\u00e9rins permettent aux robots d'ex\u00e9cuter des t\u00e2ches complexes avec exactitude et efficacit\u00e9 gr\u00e2ce \u00e0 leur capacit\u00e9 \u00e0 offrir des courses r\u00e9glables et un positionnement pr\u00e9cis. Italy Factory Supply Custom Hydraulic Cylinder est un fournisseur reconnu de v\u00e9rins \u00e0 chape r\u00e9glable, proposant des solutions de haute qualit\u00e9 r\u00e9pondant aux exigences de l'automatisation industrielle.<\/p>\n<h3>2. Manutention des mat\u00e9riaux<\/h3>\n<p>Les v\u00e9rins \u00e0 chape r\u00e9glable sont largement utilis\u00e9s dans les \u00e9quipements de manutention, tels que les chariots \u00e9l\u00e9vateurs, les grues et les convoyeurs. Ces v\u00e9rins permettent de lever, d'abaisser et de positionner en douceur les charges lourdes, garantissant ainsi un transport de mat\u00e9riaux s\u00fbr et efficace. Leur double effet permet des actions de pouss\u00e9e et de traction, offrant une grande polyvalence pour diverses applications de manutention. Italy Factory Supply Custom Hydraulic Cylinder propose une vaste gamme de v\u00e9rins hydrauliques sur mesure, adapt\u00e9s aux exigences sp\u00e9cifiques de la manutention.<\/p>\n<h3>3. Machines de construction<\/h3>\n<p>Les engins de chantier d\u00e9pendent fortement des v\u00e9rins \u00e0 chape r\u00e9glable pour leur robustesse et leur adaptabilit\u00e9. Ces v\u00e9rins \u00e9quipent couramment les pelles hydrauliques, les chargeuses et les bulldozers, o\u00f9 ils fournissent la force et la pr\u00e9cision n\u00e9cessaires pour creuser, lever et d\u00e9placer des mat\u00e9riaux lourds. Leur durabilit\u00e9 et leur capacit\u00e9 \u00e0 r\u00e9sister aux conditions de travail difficiles les rendent id\u00e9aux pour les chantiers exigeants. Les mini-v\u00e9rins hydrauliques \u00e0 double effet, fabriqu\u00e9s sur mesure par Italy Factory Supply, offrent des solutions fiables r\u00e9pondant aux normes rigoureuses du secteur de la construction.<\/p>\n<h3>4. Mat\u00e9riel agricole<\/h3>\n<p>Le secteur agricole tire un grand profit de l'utilisation de v\u00e9rins \u00e0 chape r\u00e9glables. Ces v\u00e9rins \u00e9quipent divers engins agricoles, tels que les tracteurs, les moissonneuses-batteuses et les pulv\u00e9risateurs. Ils facilitent des op\u00e9rations essentielles comme le labour, le semis et la r\u00e9colte en fournissant la puissance et le contr\u00f4le n\u00e9cessaires. La possibilit\u00e9 d'ajuster la course et d'optimiser les performances garantit un fonctionnement efficace dans diff\u00e9rents environnements agricoles. Italy Factory Supply Custom Hydraulic Cylinder est sp\u00e9cialis\u00e9e dans les v\u00e9rins hydrauliques sur mesure pour engins agricoles et propose des solutions fiables pour une productivit\u00e9 accrue.<\/p>\n<h3>5. \u00c9quipement mobile<\/h3>\n<p>Les v\u00e9rins \u00e0 chape r\u00e9glable sont largement utilis\u00e9s dans les \u00e9quipements mobiles tels que les nacelles \u00e9l\u00e9vatrices, les plateformes \u00e9l\u00e9vatrices \u00e0 ciseaux et les plates-formes d'acc\u00e8s. Ces v\u00e9rins permettent un mouvement fluide et pr\u00e9cis, garantissant la s\u00e9curit\u00e9 et l'efficacit\u00e9 de l'op\u00e9rateur. Gr\u00e2ce \u00e0 leur conception compacte et leur capacit\u00e9 de charge \u00e9lev\u00e9e, ils sont parfaitement adapt\u00e9s aux applications mobiles o\u00f9 l'espace est limit\u00e9. Les mini-v\u00e9rins hydrauliques \u00e0 double effet, fabriqu\u00e9s en Italie, offrent des solutions sur mesure pour r\u00e9pondre aux exigences des diff\u00e9rents \u00e9quipements mobiles, en garantissant des performances et une fiabilit\u00e9 optimales.<\/p>\n<p>En conclusion, les v\u00e9rins \u00e0 chape r\u00e9glable trouvent de nombreuses applications dans divers secteurs industriels. Leur polyvalence, leur pr\u00e9cision et leur robustesse en font des composants indispensables \u00e0 l'automatisation industrielle, la manutention, les engins de chantier, le mat\u00e9riel agricole et les \u00e9quipements mobiles. Italy Factory Supply Custom Hydraulic Cylinder propose une vaste gamme de v\u00e9rins hydrauliques sur mesure, notamment des mini-v\u00e9rins hydrauliques \u00e0 double effet, afin de r\u00e9pondre aux besoins sp\u00e9cifiques de ces industries. Gr\u00e2ce aux avantages des v\u00e9rins \u00e0 chape r\u00e9glable, les entreprises peuvent optimiser leurs op\u00e9rations, am\u00e9liorer leur productivit\u00e9 et gagner en efficacit\u00e9.<\/p>\n<p><img decoding=\"async\" src=\"https:\/\/fmp-components.com\/wp-content\/uploads\/2024\/12\/Application-of-Adjustable-Clevis-Type-Cylinders.webp\" alt=\"V\u00e9rin \u00e0 chape r\u00e9glable\" width=\"800\" title=\"\"><\/p>\n<h3>\u00c0 propos de FMP \u2013 V\u00e9rin hydraulique<\/h3>\n<p>Chez FMP, nous sommes sp\u00e9cialis\u00e9s dans la vente et l&#039;entretien de pi\u00e8ces et de machines compl\u00e8tes de haute qualit\u00e9 pour engins de chantier. Notre v\u00e9rin hydraulique est l&#039;un de nos produits les plus populaires, et pour cause. Voici cinq raisons pour lesquelles le v\u00e9rin hydraulique FMP est le meilleur choix pour vos besoins en engins de chantier\u00a0:<\/p>\n<p>1. <strong>Mat\u00e9riaux de qualit\u00e9 sup\u00e9rieure<\/strong>:Notre v\u00e9rin hydraulique est fabriqu\u00e9 \u00e0 partir de mat\u00e9riaux durables et fiables, garantissant des performances durables et des exigences de maintenance minimales.<\/p>\n<p>2. <strong>Options personnalisables<\/strong>Nous proposons des v\u00e9rins \u00e0 chape r\u00e9glable, ainsi que d&#039;autres options personnalisables pour r\u00e9pondre \u00e0 vos besoins sp\u00e9cifiques. Gr\u00e2ce \u00e0 notre expertise en pi\u00e8ces d\u00e9tach\u00e9es pour engins de chantier, nous pouvons collaborer avec vous pour trouver la solution la plus adapt\u00e9e \u00e0 votre \u00e9quipement.<\/p>\n<p>3. <strong>\u00c9quipe d&#039;experts<\/strong>Notre \u00e9quipe commerciale exp\u00e9riment\u00e9e et comp\u00e9tente conna\u00eet les derni\u00e8res tendances du secteur et les besoins des clients dans le secteur des engins de chantier. Elle peut vous fournir des conseils professionnels sur les produits et des suggestions d&#039;achat judicieuses pour vous aider \u00e0 prendre la meilleure d\u00e9cision pour votre entreprise.<\/p>\n<p>4. <strong>Logistique efficace<\/strong>: Nous disposons d&#039;un syst\u00e8me de distribution logistique efficace pour garantir \u00e0 nos clients la livraison rapide et pr\u00e9cise des pi\u00e8ces n\u00e9cessaires. Cela se traduit par un temps d&#039;arr\u00eat minimal de vos engins de construction et un fonctionnement fluide de votre entreprise.<\/p>\n<p>5. <strong>Contr\u00f4le de qualit\u00e9 strict<\/strong>: Nous \u00e9tablissons des relations de coop\u00e9ration stables et \u00e0 long terme avec de nombreux fournisseurs de haute qualit\u00e9 au pays et \u00e0 l&#039;\u00e9tranger, garantissant que toutes les pi\u00e8ces fournies, y compris notre v\u00e9rin hydraulique, r\u00e9pondent \u00e0 des normes de qualit\u00e9 strictes.<\/p>\n<p>Avec les v\u00e9rins hydrauliques FMP, vous pouvez compter sur la qualit\u00e9 et la fiabilit\u00e9 de vos engins de chantier. Contactez-nous d\u00e8s aujourd&#039;hui pour en savoir plus sur nos produits et d\u00e9couvrir comment nous pouvons vous aider \u00e0 trouver les solutions les mieux adapt\u00e9es \u00e0 vos besoins.<\/p>\n<p><img decoding=\"async\" src=\"https:\/\/fmp-components.com\/wp-content\/uploads\/2024\/12\/Adjustable-Clevis-Type-Cylinders-6.webp\" alt=\"V\u00e9rin \u00e0 chape r\u00e9glable\" width=\"853\" title=\"\"><\/p>\n<h2>FAQ<\/h2>\n<p><b>Q : Quel est le d\u00e9lai de livraison de vos v\u00e9rins hydrauliques ?<\/b><\/p>\n<p>A: Le d\u00e9lai de livraison standard pour nos v\u00e9rins hydrauliques est de 25 \u00e0 35 jours.<\/p>\n<p><b>Q : Proposez-vous des \u00e9chantillons de vos v\u00e9rins hydrauliques ?<\/b><\/p>\n<p>R : Oui, nous proposons des \u00e9chantillons de nos v\u00e9rins hydrauliques, mais ils ne sont pas gratuits.<\/p>\n<p><b>Q : Puis-je personnaliser mes v\u00e9rins hydrauliques en fonction de mes besoins ?<\/b><\/p>\n<p>R : Absolument ! Nous proposons des options de personnalisation compl\u00e8tes pour nos v\u00e9rins hydrauliques. Vous pouvez sp\u00e9cifier vos exigences concernant le diam\u00e8tre d'al\u00e9sage, la course, la pression nominale, la capacit\u00e9 de charge, et bien plus encore.<\/p>\n<p><img decoding=\"async\" src=\"https:\/\/img.jiansujichilun.com\/img\/hydrauliccylinders\/C_hydrauliccylinders-5.webp\" alt=\"v\u00e9rin hydraulique\" width=\"800\" title=\"\"><\/p>\n<p>Auteur : CX<\/p>","protected":false},"excerpt":{"rendered":"<p>Italy Factory Supply Custom Hydraulic Cylinder Double Acting Mini Hydraulic Cylinders Italy Factory Supply Custom Hydraulic Cylinder Double Acting Mini Hydraulic Cylinders are the perfect solution for small scale hydraulic applications. These compact cylinders are designed to provide high force in a small package, making them ideal for use in tight spaces. Made from high-quality [&hellip;]<\/p>","protected":false},"featured_media":1340,"comment_status":"closed","ping_status":"closed","template":"","meta":{"_et_pb_use_builder":"","_et_pb_old_content":"","_et_gb_content_width":""},"product_brand":[],"product_cat":[39],"product_tag":[41,34],"class_list":{"0":"post-1391","1":"product","2":"type-product","3":"status-publish","4":"has-post-thumbnail","6":"product_cat-adjustable-clevis-type-cylinders","7":"product_tag-adjustable-clevis-type-cylinders","8":"product_tag-hydraulic-cylinder","10":"first","11":"instock","12":"product-type-simple"},"_links":{"self":[{"href":"https:\/\/fmp-components.com\/fr\/wp-json\/wp\/v2\/product\/1391","targetHints":{"allow":["GET"]}}],"collection":[{"href":"https:\/\/fmp-components.com\/fr\/wp-json\/wp\/v2\/product"}],"about":[{"href":"https:\/\/fmp-components.com\/fr\/wp-json\/wp\/v2\/types\/product"}],"replies":[{"embeddable":true,"href":"https:\/\/fmp-components.com\/fr\/wp-json\/wp\/v2\/comments?post=1391"}],"wp:featuredmedia":[{"embeddable":true,"href":"https:\/\/fmp-components.com\/fr\/wp-json\/wp\/v2\/media\/1340"}],"wp:attachment":[{"href":"https:\/\/fmp-components.com\/fr\/wp-json\/wp\/v2\/media?parent=1391"}],"wp:term":[{"taxonomy":"product_brand","embeddable":true,"href":"https:\/\/fmp-components.com\/fr\/wp-json\/wp\/v2\/product_brand?post=1391"},{"taxonomy":"product_cat","embeddable":true,"href":"https:\/\/fmp-components.com\/fr\/wp-json\/wp\/v2\/product_cat?post=1391"},{"taxonomy":"product_tag","embeddable":true,"href":"https:\/\/fmp-components.com\/fr\/wp-json\/wp\/v2\/product_tag?post=1391"}],"curies":[{"name":"wp","href":"https:\/\/api.w.org\/{rel}","templated":true}]}}