{"id":1388,"date":"2024-12-23T02:19:41","date_gmt":"2024-12-23T02:19:41","guid":{"rendered":"https:\/\/fmp-components.com\/product\/quality-assurance-double-acting-cylinder-welded-hydraulic-cylinder-for-tractor\/"},"modified":"2024-12-23T02:48:34","modified_gmt":"2024-12-23T02:48:34","slug":"quality-assurance-double-acting-cylinder-welded-hydraulic-cylinder-for-tractor","status":"publish","type":"product","link":"https:\/\/fmp-components.com\/fr\/product\/quality-assurance-double-acting-cylinder-welded-hydraulic-cylinder-for-tractor\/","title":{"rendered":"V\u00e9rin hydraulique \u00e0 double effet soud\u00e9, assurance qualit\u00e9, pour tracteur"},"content":{"rendered":"<p>Le v\u00e9rin hydraulique soud\u00e9 \u00e0 double effet pour tracteur, garanti qualit\u00e9, est un v\u00e9rin hydraulique de haute qualit\u00e9 con\u00e7u pour les tracteurs. Sa conception \u00e0 double effet permet un fonctionnement efficace dans les deux sens. De plus, sa soudure assure une durabilit\u00e9 et une r\u00e9sistance accrues, garantissant une longue dur\u00e9e de vie, m\u00eame dans des conditions d'utilisation difficiles.<\/p>\n<p>L'un des principaux avantages de ce v\u00e9rin hydraulique est son assurance qualit\u00e9. Il a \u00e9t\u00e9 rigoureusement test\u00e9 pour garantir sa conformit\u00e9 \u00e0 toutes les normes industrielles en mati\u00e8re de performance, de s\u00e9curit\u00e9 et de fiabilit\u00e9. Vous pouvez donc compter sur lui pour des performances optimales et le bon fonctionnement de votre tracteur.<\/p>\n<p>Une autre caract\u00e9ristique importante de ce v\u00e9rin hydraulique est sa facilit\u00e9 d'installation. Con\u00e7u pour s'adapter parfaitement \u00e0 la plupart des mod\u00e8les de tracteurs, il ne n\u00e9cessite que des modifications minimales. Vous pouvez ainsi facilement mettre \u00e0 niveau le syst\u00e8me hydraulique de votre tracteur et b\u00e9n\u00e9ficier des avantages de ce v\u00e9rin de haute qualit\u00e9.<\/p>\n<p><img loading=\"lazy\" decoding=\"async\" class=\"alignnone size-full wp-image-1334\" src=\"https:\/\/fmp-components.com\/wp-content\/uploads\/2024\/12\/Adjustable-Clevis-Type-Cylinders-4.webp\" alt=\"V\u00e9rins \u00e0 chape r\u00e9glable\" width=\"800\" height=\"800\" title=\"\" srcset=\"https:\/\/fmp-components.com\/wp-content\/uploads\/2024\/12\/Adjustable-Clevis-Type-Cylinders-4.webp 800w, https:\/\/fmp-components.com\/wp-content\/uploads\/2024\/12\/Adjustable-Clevis-Type-Cylinders-4-480x480.webp 480w\" sizes=\"(min-width: 0px) and (max-width: 480px) 480px, (min-width: 481px) 800px, 100vw\" \/><\/p>\n<p>Globalement, le v\u00e9rin hydraulique soud\u00e9 \u00e0 double effet pour tracteur, garanti qualit\u00e9, est un excellent choix pour quiconque souhaite moderniser le syst\u00e8me hydraulique de son tracteur. Gr\u00e2ce \u00e0 sa conception \u00e0 double effet, sa construction soud\u00e9e et son contr\u00f4le qualit\u00e9 rigoureux, ce v\u00e9rin offre des performances fiables et une durabilit\u00e9 \u00e0 long terme.<\/p>\n<table style=\"width: 100%;\" border=\"1\" width=\"100%\" cellspacing=\"0\" cellpadding=\"0\">\n<tbody>\n<tr>\n<th>Nom du produit<\/th>\n<td>V\u00e9rin \u00e0 double effet avec assurance qualit\u00e9<\/td>\n<\/tr>\n<tr>\n<th>Taper<\/th>\n<td>V\u00e9rin hydraulique soud\u00e9<\/td>\n<\/tr>\n<tr>\n<th>Application<\/th>\n<td>Tracteurs<\/td>\n<\/tr>\n<tr>\n<th>Condition<\/th>\n<td>Nouveau<\/td>\n<\/tr>\n<tr>\n<th>Garantie<\/th>\n<td>1 an<\/td>\n<\/tr>\n<tr>\n<th>Industries concern\u00e9es<\/th>\n<td>Ateliers de r\u00e9paration de machines, exploitations agricoles, \u00e9nergie et mines, fabrication de machines, usines<\/td>\n<\/tr>\n<tr>\n<th>Poids (KG)<\/th>\n<td>47<\/td>\n<\/tr>\n<tr>\n<th>Inspection vid\u00e9o de sortie<\/th>\n<td>Fourni<\/td>\n<\/tr>\n<tr>\n<th>Rapport d'essai des machines<\/th>\n<td>Fourni<\/td>\n<\/tr>\n<tr>\n<th>Type de cylindre<\/th>\n<td>Cylindre \u00e0 piston standard<\/td>\n<\/tr>\n<tr>\n<th>Mat\u00e9riau du corps<\/th>\n<td>Acier<\/td>\n<\/tr>\n<tr>\n<th>Pouss\u00e9e maximale<\/th>\n<td>3000<\/td>\n<\/tr>\n<tr>\n<th>Taper<\/th>\n<td>Type de chape r\u00e9glable<\/td>\n<\/tr>\n<tr>\n<th>Ports<\/th>\n<td>G\/SAE\/NPT\/M<\/td>\n<\/tr>\n<tr>\n<th>Capacit\u00e9 de traction maximale<\/th>\n<td>20 tonnes<\/td>\n<\/tr>\n<tr>\n<th>Certification<\/th>\n<td>ISO9001:2000<\/td>\n<\/tr>\n<tr>\n<th>Taille de l&#039;al\u00e9sage<\/th>\n<td>2 \u00e0 6 pouces<\/td>\n<\/tr>\n<tr>\n<th>Taille de la tige<\/th>\n<td>1,125 \u00e0 4 pouces<\/td>\n<\/tr>\n<tr>\n<th>Taille de la course<\/th>\n<td>4 \u00e0 100 pouces<\/td>\n<\/tr>\n<tr>\n<th>Taille de la broche<\/th>\n<td>0,5 \u00e0 2 pouces<\/td>\n<\/tr>\n<tr>\n<th>Couleur<\/th>\n<td>Noir<\/td>\n<\/tr>\n<tr>\n<th>D\u00e9tails de l'emballage<\/th>\n<td>Caisse en fer, caisse en contreplaqu\u00e9 ou bo\u00eete en carton<\/td>\n<\/tr>\n<tr>\n<th><\/th>\n<td><\/td>\n<\/tr>\n<\/tbody>\n<\/table>\n<p><span style=\"color: #333333; font-size: 26px;\">Options de personnalisation et conseils de maintenance<\/span><\/p>\n<div>\n<p>Nous comprenons que chaque client puisse avoir des exigences uniques et proposons donc des options de personnalisation pour nos v\u00e9rins hydrauliques. Nos clients peuvent sp\u00e9cifier leurs besoins et nous pouvons personnaliser les produits pour qu'ils r\u00e9pondent parfaitement \u00e0 leurs besoins. Nos v\u00e9rins hydrauliques sont con\u00e7us pour une maintenance facile. Un contr\u00f4le r\u00e9gulier des joints et une d\u00e9tection des fuites garantissent la long\u00e9vit\u00e9 du produit. De plus, une lubrification r\u00e9guli\u00e8re assure un fonctionnement optimal du v\u00e9rin.<\/p>\n<p><img decoding=\"async\" src=\"https:\/\/img.jiansujichilun.com\/img\/hydrauliccylinders\/B_hydrauliccylinders-1.webp\" alt=\"v\u00e9rin hydraulique\" width=\"800\" title=\"\"><\/p>\n<\/div>\n<h2>Avantages des v\u00e9rins \u00e0 chape r\u00e9glable<\/h2>\n<p>Les v\u00e9rins \u00e0 chape r\u00e9glable sont des composants hydrauliques utilis\u00e9s pour convertir la puissance d'un fluide en mouvement lin\u00e9aire et en force. Ils sont largement utilis\u00e9s dans divers secteurs, notamment la construction, l'agriculture et l'industrie manufacturi\u00e8re. Dans cet article, nous aborderons les avantages des v\u00e9rins \u00e0 chape r\u00e9glable et leur popularit\u00e9 dans de nombreuses applications.<\/p>\n<h3>1. Polyvalence<\/h3>\n<p>L'un des principaux avantages des v\u00e9rins \u00e0 chape r\u00e9glable r\u00e9side dans leur polyvalence. Ces v\u00e9rins conviennent \u00e0 une large gamme d'applications, des travaux l\u00e9gers aux travaux intensifs. Ils sont disponibles en diff\u00e9rentes tailles, courses et configurations de montage pour r\u00e9pondre \u00e0 des exigences sp\u00e9cifiques. De plus, ils conviennent aux syst\u00e8mes simple et double effet, ce qui les rend adapt\u00e9s \u00e0 divers syst\u00e8mes hydrauliques.<\/p>\n<h3>2. Pr\u00e9cision<\/h3>\n<p>Les v\u00e9rins \u00e0 chape r\u00e9glable offrent une pr\u00e9cision de contr\u00f4le et de performance. Con\u00e7us pour un contr\u00f4le pr\u00e9cis et r\u00e9p\u00e9table des mouvements, essentiel dans de nombreuses applications, ils permettent un positionnement pr\u00e9cis des charges, ce qui les rend id\u00e9aux pour les applications exigeant une manutention de pr\u00e9cision.<\/p>\n<h3>3. Durabilit\u00e9<\/h3>\n<p>Un autre avantage des v\u00e9rins \u00e0 chape r\u00e9glable est leur durabilit\u00e9. Ces v\u00e9rins sont con\u00e7us pour r\u00e9sister aux environnements difficiles et aux charges lourdes. Fabriqu\u00e9s \u00e0 partir de mat\u00e9riaux de haute qualit\u00e9, tels que l'acier et l'aluminium, ils sont con\u00e7us pour r\u00e9sister \u00e0 des pressions et des temp\u00e9ratures \u00e9lev\u00e9es. L'assurance qualit\u00e9 est essentielle \u00e0 la production de ces v\u00e9rins, garantissant des performances fiables et durables.<\/p>\n<h3>4. Entretien facile<\/h3>\n<p>Les v\u00e9rins \u00e0 chape r\u00e9glable sont con\u00e7us pour un entretien ais\u00e9. Leur conception simple facilite leur d\u00e9montage et leur remontage. De plus, leur nombre r\u00e9duit de composants r\u00e9duit les besoins d'entretien. De plus, ils peuvent \u00eatre r\u00e9par\u00e9s sur site, ce qui r\u00e9duit les temps d'arr\u00eat et augmente la productivit\u00e9.<\/p>\n<h3>5. Rentable<\/h3>\n<p>Enfin, les v\u00e9rins \u00e0 chape r\u00e9glable sont \u00e9conomiques. Leur prix abordable par rapport aux autres composants hydrauliques en fait un choix populaire pour de nombreuses applications. De plus, leur faible consommation d'\u00e9nergie permet de r\u00e9duire les co\u00fbts d'exploitation \u00e0 long terme.<\/p>\n<p>En conclusion, les v\u00e9rins \u00e0 chape r\u00e9glable offrent de nombreux avantages qui en font un choix populaire pour de nombreuses applications. Leur polyvalence, leur pr\u00e9cision, leur durabilit\u00e9, leur facilit\u00e9 d'entretien et leur rentabilit\u00e9 contribuent \u00e0 leur popularit\u00e9. L'assurance qualit\u00e9 de ces v\u00e9rins, comme les v\u00e9rins \u00e0 double effet et les v\u00e9rins hydrauliques soud\u00e9s pour tracteurs, garantit des performances fiables et durables.<img decoding=\"async\" src=\"https:\/\/fmp-components.com\/wp-content\/uploads\/2024\/12\/Adjustable-Clevis-Type-Cylinders5.webp\" alt=\"V\u00e9rin \u00e0 chape r\u00e9glable\" width=\"800\" title=\"\"><\/p>\n<h2>Application des v\u00e9rins \u00e0 chape r\u00e9glable<\/h2>\n<p>Les v\u00e9rins \u00e0 chape r\u00e9glable sont des v\u00e9rins hydrauliques polyvalents, largement utilis\u00e9s dans divers secteurs. Leurs caract\u00e9ristiques et avantages uniques en font un choix privil\u00e9gi\u00e9 pour de nombreuses applications. Dans cet article, nous explorerons les diff\u00e9rentes applications des v\u00e9rins \u00e0 chape r\u00e9glable et d\u00e9taillerons leurs avantages.<\/p>\n<h3>1. Machines industrielles<\/h3>\n<p>Les v\u00e9rins \u00e0 chape r\u00e9glable sont largement utilis\u00e9s dans les machines industrielles pour diverses applications. Ils offrent un mouvement lin\u00e9aire pr\u00e9cis et contr\u00f4l\u00e9, ce qui les rend adapt\u00e9s \u00e0 des applications telles que la manutention, le positionnement d'\u00e9quipements et l'automatisation des cha\u00eenes de montage. Leur construction robuste et les mat\u00e9riaux de haute qualit\u00e9 utilis\u00e9s garantissent des performances fiables et une longue dur\u00e9e de vie, m\u00eame dans les environnements industriels exigeants.<\/p>\n<h3>2. \u00c9quipement agricole<\/h3>\n<p>Les v\u00e9rins \u00e0 chape r\u00e9glable sont largement utilis\u00e9s dans les \u00e9quipements agricoles, notamment pour les accessoires de tracteurs. Ils jouent un r\u00f4le crucial dans diverses op\u00e9rations agricoles, comme le labourage, le labourage, la r\u00e9colte et le levage de charges lourdes. Gr\u00e2ce \u00e0 leur double effet, ces v\u00e9rins offrent une r\u00e9sistance et une puissance exceptionnelles, permettant un fonctionnement efficace et efficient des machines agricoles.<\/p>\n<h3>3. Machines de construction<\/h3>\n<p>Les v\u00e9rins \u00e0 chape r\u00e9glable sont \u00e9galement largement utilis\u00e9s sur les engins de chantier. On les retrouve couramment sur des \u00e9quipements tels que les excavatrices, les bulldozers et les grues. Leur capacit\u00e9 \u00e0 supporter de lourdes charges et des conditions de travail difficiles les rend id\u00e9aux pour des applications telles que le creusement, le levage, la pouss\u00e9e et la traction. L'assurance qualit\u00e9 exceptionnelle de ces v\u00e9rins garantit des performances et une s\u00e9curit\u00e9 optimales sur les chantiers.<\/p>\n<h3>4. Industrie automobile<\/h3>\n<p>L'industrie automobile b\u00e9n\u00e9ficie de l'utilisation de v\u00e9rins \u00e0 chape r\u00e9glable dans diverses applications. Ces v\u00e9rins sont utilis\u00e9s dans les ponts \u00e9l\u00e9vateurs, les rampes de v\u00e9hicules et autres syst\u00e8mes de levage. Ils assurent un mouvement vertical fiable et pr\u00e9cis, facilitant l'entretien, la r\u00e9paration et l'inspection des v\u00e9hicules. Leur construction hydraulique soud\u00e9e garantit durabilit\u00e9 et capacit\u00e9 de charge \u00e9lev\u00e9e, ce qui les rend parfaitement adapt\u00e9s aux applications automobiles lourdes.<\/p>\n<h3>5. Applications marines et offshore<\/h3>\n<p>Dans les industries maritime et offshore, les v\u00e9rins \u00e0 chape r\u00e9glable sont largement utilis\u00e9s dans des \u00e9quipements tels que les grues, les treuils et les syst\u00e8mes hydrauliques. Con\u00e7us pour r\u00e9sister aux environnements corrosifs de l'eau sal\u00e9e, ces v\u00e9rins offrent des performances fiables en conditions marines. Leur conception \u00e0 chape r\u00e9glable facilite leur installation et leur int\u00e9gration dans divers syst\u00e8mes marins, am\u00e9liorant ainsi l'efficacit\u00e9 et la s\u00e9curit\u00e9 op\u00e9rationnelles.<\/p>\n<p>En conclusion, les v\u00e9rins \u00e0 chape r\u00e9glable conviennent \u00e0 un large \u00e9ventail d'applications dans de nombreux secteurs, notamment les machines industrielles, les \u00e9quipements agricoles, les engins de chantier, l'industrie automobile et les applications marines\/offshore. Ces v\u00e9rins offrent une qualit\u00e9 exceptionnelle, un double effet et une construction hydraulique soud\u00e9e, ce qui les rend fiables, durables et efficaces dans leurs applications respectives. Qu'il s'agisse de mouvements lin\u00e9aires pr\u00e9cis, de levage de charges lourdes ou de r\u00e9sistance aux environnements difficiles, les v\u00e9rins \u00e0 chape r\u00e9glable constituent un excellent choix pour r\u00e9pondre aux exigences vari\u00e9es des syst\u00e8mes hydrauliques.<img decoding=\"async\" src=\"https:\/\/fmp-components.com\/wp-content\/uploads\/2024\/12\/Application-of-Adjustable-Clevis-Type-Cylinders.webp\" alt=\"V\u00e9rin \u00e0 chape r\u00e9glable\" width=\"800\" title=\"\"><\/p>\n<h3>\u00c0 propos de FMP<\/h3>\n<p>FMP est une entreprise r\u00e9put\u00e9e sp\u00e9cialis\u00e9e dans la production et la vente de v\u00e9rins hydrauliques. Nous nous engageons \u00e0 fournir \u00e0 nos clients des v\u00e9rins hydrauliques fiables et de haute qualit\u00e9 pour engins de chantier. Fort de nombreuses ann\u00e9es d'exp\u00e9rience dans le secteur et d'une \u00e9quipe professionnelle, FMP est votre partenaire de confiance pour tous vos besoins en v\u00e9rins hydrauliques.<\/p>\n<p><img decoding=\"async\" src=\"https:\/\/fmp-components.com\/wp-content\/uploads\/2024\/12\/Adjustable-Clevis-Type-Cylinders-6.webp\" alt=\"V\u00e9rin \u00e0 chape r\u00e9glable\" width=\"850\" title=\"\"><\/p>\n<p>Voici 5 raisons pour lesquelles vous devriez choisir FMP pour vos besoins en v\u00e9rins hydrauliques\u00a0:<\/p>\n<p>1. Large gamme de produits\u00a0: FMP propose une gamme diversifi\u00e9e de v\u00e9rins hydrauliques r\u00e9pondant aux diff\u00e9rents besoins des engins de chantier. Des v\u00e9rins standards aux solutions sur mesure, nous avons le produit id\u00e9al pour r\u00e9pondre \u00e0 vos besoins sp\u00e9cifiques.<\/p>\n<p>2. Qualit\u00e9 sup\u00e9rieure\u00a0: Nous accordons une grande importance \u00e0 la qualit\u00e9 dans toutes nos activit\u00e9s. Tous nos v\u00e9rins hydrauliques sont fabriqu\u00e9s avec des mat\u00e9riaux haut de gamme et r\u00e9pondent \u00e0 des normes de qualit\u00e9 strictes. Cela garantit la durabilit\u00e9, la fiabilit\u00e9 et le fonctionnement optimal de nos produits dans des conditions exigeantes.<\/p>\n<p>3. Expertise et exp\u00e9rience\u00a0: Gr\u00e2ce \u00e0 notre connaissance approfondie du secteur et \u00e0 notre exp\u00e9rience, nous comprenons les d\u00e9fis et les exigences sp\u00e9cifiques du secteur des engins de chantier. Notre \u00e9quipe d'experts est parfaitement outill\u00e9e pour vous fournir un accompagnement professionnel et des solutions sur mesure pour r\u00e9pondre \u00e0 vos besoins sp\u00e9cifiques.<\/p>\n<p>4. Solides relations avec les fournisseurs\u00a0: FMP a \u00e9tabli des partenariats durables et stables avec des fournisseurs r\u00e9put\u00e9s, tant au niveau national qu'international. Cela nous permet de nous approvisionner en composants et mat\u00e9riaux de haute qualit\u00e9, garantissant ainsi la fiabilit\u00e9 et les performances de nos v\u00e9rins hydrauliques.<\/p>\n<p>5. Logistique efficace et livraison rapide\u00a0: Nous reconnaissons l'importance d'une livraison rapide pour le bon d\u00e9roulement de vos projets. FMP dispose d'un syst\u00e8me de distribution logistique performant pour garantir la livraison rapide et pr\u00e9cise des v\u00e9rins hydrauliques dont vous avez besoin, minimisant ainsi les temps d'arr\u00eat et maximisant la productivit\u00e9.<\/p>\n<p>Choisissez FMP pour vos besoins en v\u00e9rins hydrauliques et constatez la diff\u00e9rence en termes de qualit\u00e9, de fiabilit\u00e9 et de satisfaction client. Faites \u00e9quipe avec nous d\u00e8s aujourd'hui pour une exp\u00e9rience optimale en mati\u00e8re d'engins de chantier.<\/p>\n<h2>FAQ<\/h2>\n<p><b>Q : Quel est le d\u00e9lai de livraison du v\u00e9rin \u00e0 double effet ?<\/b><br \/>\nR : Le d\u00e9lai de livraison g\u00e9n\u00e9ral est de 25 \u00e0 35 jours.<\/p>\n<p><b>Q\u00a0:\u00a0Des \u00e9chantillons du v\u00e9rin \u00e0 double effet sont-ils disponibles\u00a0?<\/b><br \/>\nR : Oui, nous proposons des \u00e9chantillons, mais ils ne sont pas gratuits.<\/p>\n<p><b>Q\u00a0: Le v\u00e9rin \u00e0 double effet peut-il \u00eatre personnalis\u00e9 selon des exigences sp\u00e9cifiques\u00a0?<\/b><br \/>\nR : Oui, nous pouvons fabriquer le produit selon vos \u00e9chantillons ou dessins techniques.<\/p>\n<p>&nbsp;<\/p>\n<p>Auteur : CX<\/p>","protected":false},"excerpt":{"rendered":"<p>The Quality Assurance Double Acting Cylinder Welded Hydraulic Cylinder For Tractor is a high-quality hydraulic cylinder designed for use in tractors. This cylinder features a double-acting design, which allows for efficient operation in both directions. The cylinder is also welded for added durability and strength, ensuring a long service life even in rough operating conditions. [&hellip;]<\/p>","protected":false},"featured_media":1340,"comment_status":"closed","ping_status":"closed","template":"","meta":{"_et_pb_use_builder":"","_et_pb_old_content":"","_et_gb_content_width":""},"product_brand":[],"product_cat":[39],"product_tag":[41,34],"class_list":{"0":"post-1388","1":"product","2":"type-product","3":"status-publish","4":"has-post-thumbnail","6":"product_cat-adjustable-clevis-type-cylinders","7":"product_tag-adjustable-clevis-type-cylinders","8":"product_tag-hydraulic-cylinder","10":"first","11":"instock","12":"product-type-simple"},"_links":{"self":[{"href":"https:\/\/fmp-components.com\/fr\/wp-json\/wp\/v2\/product\/1388","targetHints":{"allow":["GET"]}}],"collection":[{"href":"https:\/\/fmp-components.com\/fr\/wp-json\/wp\/v2\/product"}],"about":[{"href":"https:\/\/fmp-components.com\/fr\/wp-json\/wp\/v2\/types\/product"}],"replies":[{"embeddable":true,"href":"https:\/\/fmp-components.com\/fr\/wp-json\/wp\/v2\/comments?post=1388"}],"wp:featuredmedia":[{"embeddable":true,"href":"https:\/\/fmp-components.com\/fr\/wp-json\/wp\/v2\/media\/1340"}],"wp:attachment":[{"href":"https:\/\/fmp-components.com\/fr\/wp-json\/wp\/v2\/media?parent=1388"}],"wp:term":[{"taxonomy":"product_brand","embeddable":true,"href":"https:\/\/fmp-components.com\/fr\/wp-json\/wp\/v2\/product_brand?post=1388"},{"taxonomy":"product_cat","embeddable":true,"href":"https:\/\/fmp-components.com\/fr\/wp-json\/wp\/v2\/product_cat?post=1388"},{"taxonomy":"product_tag","embeddable":true,"href":"https:\/\/fmp-components.com\/fr\/wp-json\/wp\/v2\/product_tag?post=1388"}],"curies":[{"name":"wp","href":"https:\/\/api.w.org\/{rel}","templated":true}]}}