{"id":1386,"date":"2024-12-23T02:19:41","date_gmt":"2024-12-23T02:19:41","guid":{"rendered":"https:\/\/fmp-components.com\/product\/customized-stainless-steel-hydraulic-cylinder-for-trailer\/"},"modified":"2024-12-23T02:48:23","modified_gmt":"2024-12-23T02:48:23","slug":"customized-stainless-steel-hydraulic-cylinder-for-trailer","status":"publish","type":"product","link":"https:\/\/fmp-components.com\/fr\/product\/customized-stainless-steel-hydraulic-cylinder-for-trailer\/","title":{"rendered":"V\u00e9rin hydraulique en acier inoxydable personnalis\u00e9 pour remorque"},"content":{"rendered":"<h2>Pr\u00e9sentation du v\u00e9rin hydraulique en acier inoxydable personnalis\u00e9 pour remorque\u00a0:<\/h2>\n<p>Le v\u00e9rin hydraulique personnalis\u00e9 en acier inoxydable est un produit de haute qualit\u00e9 sp\u00e9cialement con\u00e7u pour les remorques. Fabriqu\u00e9 en acier inoxydable robuste, il garantit sa long\u00e9vit\u00e9 et sa r\u00e9sistance \u00e0 la rouille et \u00e0 la corrosion.<\/p>\n<p>Gr\u00e2ce \u00e0 sa conception sur mesure, ce v\u00e9rin hydraulique convient \u00e0 de nombreuses applications de remorques. Il est sp\u00e9cialement con\u00e7u pour un fonctionnement fluide et efficace, permettant un contr\u00f4le pr\u00e9cis et une stabilit\u00e9 optimale pendant le transport.<\/p>\n<p>La construction en acier inoxydable am\u00e9liore la r\u00e9sistance et la durabilit\u00e9 du v\u00e9rin, lui permettant de supporter de lourdes charges et des conditions difficiles. Cela garantit un fonctionnement fiable et efficace du v\u00e9rin tout au long de sa dur\u00e9e de vie.<\/p>\n<p><img loading=\"lazy\" decoding=\"async\" class=\"alignnone size-full wp-image-1334\" src=\"https:\/\/fmp-components.com\/wp-content\/uploads\/2024\/12\/Adjustable-Clevis-Type-Cylinders-4.webp\" alt=\"V\u00e9rins \u00e0 chape r\u00e9glable\" width=\"800\" height=\"800\" title=\"\" srcset=\"https:\/\/fmp-components.com\/wp-content\/uploads\/2024\/12\/Adjustable-Clevis-Type-Cylinders-4.webp 800w, https:\/\/fmp-components.com\/wp-content\/uploads\/2024\/12\/Adjustable-Clevis-Type-Cylinders-4-480x480.webp 480w\" sizes=\"(min-width: 0px) and (max-width: 480px) 480px, (min-width: 481px) 800px, 100vw\" \/><\/p>\n<p>Le v\u00e9rin hydraulique personnalis\u00e9 en acier inoxydable est dot\u00e9 de fonctionnalit\u00e9s avanc\u00e9es qui optimisent ses performances. Il comprend un syst\u00e8me hydraulique permettant un r\u00e9glage simple et pratique de la course et de la pression du v\u00e9rin, garantissant ainsi une fonctionnalit\u00e9 optimale pour les diff\u00e9rentes exigences des remorques.<\/p>\n<p>De plus, ce v\u00e9rin hydraulique est con\u00e7u pour \u00eatre facile \u00e0 installer et \u00e0 entretenir. Ses fonctionnalit\u00e9s intuitives permettent une installation rapide et sans tracas sur les remorques. Sa conception \u00e0 faible entretien r\u00e9duit les besoins d'entretien fr\u00e9quents, permettant ainsi un gain de temps et d'argent.<\/p>\n<p>En r\u00e9sum\u00e9, le v\u00e9rin hydraulique personnalis\u00e9 en acier inoxydable pour remorque est un produit haut de gamme offrant des performances et une fiabilit\u00e9 exceptionnelles. Sa construction de qualit\u00e9 sup\u00e9rieure, ses fonctionnalit\u00e9s avanc\u00e9es et sa simplicit\u00e9 d'utilisation en font un choix id\u00e9al pour toute application de remorque. Investissez dans ce v\u00e9rin hydraulique pour garantir le fonctionnement fluide et efficace de votre remorque, am\u00e9liorant ainsi votre productivit\u00e9 et votre confort.<\/p>\n<table style=\"width: 100%;\" border=\"1\" width=\"100%\" cellspacing=\"0\" cellpadding=\"0\">\n<tbody>\n<tr>\n<th>Description du produit<\/th>\n<td>V\u00e9rin hydraulique en acier inoxydable personnalis\u00e9 pour remorques<\/td>\n<\/tr>\n<tr>\n<th>Condition<\/th>\n<td>Nouveau<\/td>\n<\/tr>\n<tr>\n<th>Garantie<\/th>\n<td>1 an<\/td>\n<\/tr>\n<tr>\n<th>Industries concern\u00e9es<\/th>\n<td>Ateliers de r\u00e9paration de machines, exploitations agricoles, \u00e9nergie et mines, fabrication de machines, usine de machines<\/td>\n<\/tr>\n<tr>\n<th>Poids (KG)<\/th>\n<td>47<\/td>\n<\/tr>\n<tr>\n<th>Mat\u00e9riel<\/th>\n<td>Acier inoxydable<\/td>\n<\/tr>\n<tr>\n<th>Pouss\u00e9e maximale<\/th>\n<td>3000<\/td>\n<\/tr>\n<tr>\n<th>Taper<\/th>\n<td>V\u00e9rin \u00e0 chape r\u00e9glable<\/td>\n<\/tr>\n<tr>\n<th>Ports<\/th>\n<td>G\/SAE\/NPT\/M<\/td>\n<\/tr>\n<tr>\n<th>Capacit\u00e9 de traction maximale<\/th>\n<td>20 tonnes<\/td>\n<\/tr>\n<tr>\n<th>Certification<\/th>\n<td>ISO9001:2000<\/td>\n<\/tr>\n<tr>\n<th>Couleur<\/th>\n<td>Noir<\/td>\n<\/tr>\n<tr>\n<th>Taille de l&#039;al\u00e9sage<\/th>\n<td>2 \u00e0 6 pouces<\/td>\n<\/tr>\n<tr>\n<th>Taille de la tige<\/th>\n<td>1,125-4 pouces<\/td>\n<\/tr>\n<tr>\n<th>Taille de la course<\/th>\n<td>4 \u00e0 100 pouces<\/td>\n<\/tr>\n<tr>\n<th>Taille de la broche<\/th>\n<td>0,5 \u00e0 2 pouces<\/td>\n<\/tr>\n<\/tbody>\n<\/table>\n<p>&nbsp;<\/p>\n<h2>D\u00e9tail du v\u00e9rin hydraulique<\/h2>\n<p>Notre v\u00e9rin hydraulique personnalis\u00e9 en acier inoxydable est l'un des produits uniques de notre gamme. Il est disponible en version \u00e0 chape r\u00e9glable, reconnue pour sa polyvalence et sa stabilit\u00e9. Son al\u00e9sage varie de 5 \u00e0 15 cm, offrant une large plage de r\u00e9glage pour r\u00e9pondre \u00e0 diff\u00e9rents besoins. La course, qui mesure le mouvement total du piston dans le v\u00e9rin, varie de 10 \u00e0 254 cm. Cela permet une grande amplitude de mouvement, id\u00e9ale pour les applications exigeantes. La tige mesure de 28 \u00e0 10 cm, et l'axe de 12,7 \u00e0 5 cm. Ce v\u00e9rin hydraulique peut exercer une pouss\u00e9e maximale de 3\u00a0000 Nm et tirer jusqu'\u00e0 20 tonnes, d\u00e9montrant ainsi sa puissance impressionnante.<\/p>\n<p>Le v\u00e9rin hydraulique est fabriqu\u00e9 en acier inoxydable de haute qualit\u00e9, gage de durabilit\u00e9 et de fiabilit\u00e9. Son corps en acier est r\u00e9sistant \u00e0 la corrosion et aux conditions difficiles, ce qui le rend id\u00e9al pour les machines lourdes et les applications industrielles. Sa couleur noire lui conf\u00e8re un aspect professionnel et son corps en acier assure sa robustesse.<\/p>\n<p>Nos v\u00e9rins hydrauliques trouvent leurs applications dans un large \u00e9ventail de secteurs. Ils sont utilis\u00e9s dans les ateliers de r\u00e9paration de machines, les exploitations agricoles, les industries \u00e9nerg\u00e9tiques et mini\u00e8res, la fabrication de machines et les usines de machines. Leur polyvalence et leur puissance les rendent parfaitement adapt\u00e9s aux t\u00e2ches exigeantes de ces secteurs.<\/p>\n<h2>Avantages des v\u00e9rins \u00e0 chape r\u00e9glable<\/h2>\n<p>Les v\u00e9rins \u00e0 chape r\u00e9glable sont des composants essentiels des syst\u00e8mes hydrauliques des machines lourdes, notamment les \u00e9quipements agricoles, les engins de chantier et les camions. Voici quelques avantages de leur utilisation dans ces applications\u00a0:<\/p>\n<h3>1. Performances am\u00e9lior\u00e9es<\/h3>\n<p>Les v\u00e9rins \u00e0 chape r\u00e9glable sont con\u00e7us pour offrir des performances \u00e9lev\u00e9es dans les environnements exigeants. Fabriqu\u00e9s \u00e0 partir de mat\u00e9riaux durables, notamment de l'acier inoxydable sur mesure, ils offrent une grande robustesse, une r\u00e9sistance \u00e0 la corrosion et une durabilit\u00e9 accrues. Gr\u00e2ce \u00e0 leurs hautes performances, les v\u00e9rins \u00e0 chape r\u00e9glable contribuent \u00e0 l'efficacit\u00e9 et \u00e0 la rentabilit\u00e9 des machines lourdes.<\/p>\n<h3>2. Options de conception personnalis\u00e9es<\/h3>\n<p>L'un des principaux avantages des v\u00e9rins \u00e0 chape r\u00e9glable r\u00e9side dans leur personnalisation pour r\u00e9pondre \u00e0 des applications sp\u00e9cifiques. Cette personnalisation inclut le choix des mat\u00e9riaux, la taille du v\u00e9rin et la configuration des options de montage. Cette flexibilit\u00e9 de conception permet une int\u00e9gration parfaite du v\u00e9rin dans la machine, facilitant ainsi son utilisation et son exploitation.<\/p>\n<h3>3. S\u00e9curit\u00e9 am\u00e9lior\u00e9e<\/h3>\n<p>Un autre avantage des v\u00e9rins \u00e0 chape r\u00e9glable est leur contribution \u00e0 la s\u00e9curit\u00e9 des machines lourdes. Con\u00e7us pour supporter des charges et des pressions \u00e9lev\u00e9es, ces v\u00e9rins sont id\u00e9aux pour les machines o\u00f9 la s\u00e9curit\u00e9 est une pr\u00e9occupation majeure. Gr\u00e2ce \u00e0 leur r\u00e9sistance et leur durabilit\u00e9 \u00e9lev\u00e9es, ils contribuent \u00e0 r\u00e9duire les risques de pannes, sources d'accidents ou de blessures.<\/p>\n<h3>4. Co\u00fbts de maintenance r\u00e9duits<\/h3>\n<p>Les v\u00e9rins \u00e0 chape r\u00e9glable sont con\u00e7us pour n\u00e9cessiter peu d'entretien. Gr\u00e2ce \u00e0 leurs mat\u00e9riaux durables et \u00e0 leur conception robuste, ces v\u00e9rins n\u00e9cessitent un entretien minimal, r\u00e9duisant ainsi les co\u00fbts de maintenance et les temps d'arr\u00eat. Cette caract\u00e9ristique les rend id\u00e9aux pour une utilisation dans des environnements isol\u00e9s ou difficiles o\u00f9 la maintenance est complexe ou co\u00fbteuse.<\/p>\n<h3>5. Efficacit\u00e9 accrue<\/h3>\n<p>La nature r\u00e9glable des v\u00e9rins \u00e0 chape permet un contr\u00f4le pr\u00e9cis des machines sur lesquelles ils sont install\u00e9s. Cette caract\u00e9ristique facilite l'utilisation efficace des \u00e9quipements, r\u00e9duit la consommation de carburant et am\u00e9liore les performances globales. La possibilit\u00e9 de contr\u00f4ler les mouvements des machines r\u00e9duit \u00e9galement les risques de dommages dus \u00e0 une surcharge ou \u00e0 un surmenage.<\/p>\n<p>En conclusion, les v\u00e9rins \u00e0 chape r\u00e9glable offrent de nombreux avantages aux machines lourdes, notamment des performances accrues, des options de conception personnalis\u00e9es, une s\u00e9curit\u00e9 accrue, des co\u00fbts de maintenance r\u00e9duits et une efficacit\u00e9 accrue. Gr\u00e2ce \u00e0 leur r\u00e9sistance et leur durabilit\u00e9 \u00e9lev\u00e9es, ces v\u00e9rins sont parfaitement adapt\u00e9s aux environnements exigeants, garantissant un fonctionnement fiable et efficace.<img decoding=\"async\" src=\"https:\/\/fmp-components.com\/wp-content\/uploads\/2024\/12\/Adjustable-Clevis-Type-Cylinders5.webp\" alt=\"V\u00e9rin \u00e0 chape r\u00e9glable\" width=\"800\" title=\"\"><\/p>\n<h2>Application des v\u00e9rins \u00e0 chape r\u00e9glable<\/h2>\n<p>Les v\u00e9rins \u00e0 chape r\u00e9glable sont largement utilis\u00e9s dans divers secteurs industriels gr\u00e2ce \u00e0 leur capacit\u00e9 \u00e0 soulever des charges lourdes et \u00e0 maintenir une pression constante. Ils sont particuli\u00e8rement utiles dans les applications exigeant pr\u00e9cision et contr\u00f4le, comme dans la construction, l'automobile et l'industrie manufacturi\u00e8re.<\/p>\n<p>Voici quelques-unes des applications courantes des v\u00e9rins \u00e0 chape r\u00e9glable\u00a0:<\/p>\n<h3>1. Machinerie lourde<\/h3>\n<p>Les v\u00e9rins \u00e0 chape r\u00e9glable sont fr\u00e9quemment utilis\u00e9s sur les machines lourdes telles que les excavatrices, les grues et les chargeuses. Ces machines n\u00e9cessitent une puissance importante pour soulever des objets lourds et effectuer diverses t\u00e2ches. Ils fournissent la puissance et le contr\u00f4le n\u00e9cessaires pour d\u00e9placer efficacement les machines. Le v\u00e9rin hydraulique en acier inoxydable sur mesure pour remorque est un exemple de v\u00e9rin \u00e0 chape r\u00e9glable utilis\u00e9 sur les machines lourdes.<\/p>\n<h3>2. Construction<\/h3>\n<p>Le secteur de la construction utilise largement les v\u00e9rins \u00e0 chape r\u00e9glable pour diverses applications telles que le forage, la d\u00e9molition et l'excavation. Ces v\u00e9rins fournissent la force n\u00e9cessaire pour percer le b\u00e9ton et autres mat\u00e9riaux de construction. Ils servent \u00e9galement \u00e0 soulever des charges lourdes telles que des poutres en acier et d'autres mat\u00e9riaux de construction.<\/p>\n<h3>3. Automobile<\/h3>\n<p>Les v\u00e9rins \u00e0 chape r\u00e9glable sont largement utilis\u00e9s dans l'industrie automobile pour diverses applications, telles que le levage de v\u00e9hicules lourds et le d\u00e9placement de composants lourds. Ils sont \u00e9galement utilis\u00e9s dans les processus de fabrication pour l'assemblage de pi\u00e8ces et d'autres t\u00e2ches. Ces v\u00e9rins sont con\u00e7us pour \u00eatre durables et r\u00e9sister aux conditions difficiles de l'industrie automobile.<\/p>\n<h3>4. Fabrication<\/h3>\n<p>Les v\u00e9rins \u00e0 chape r\u00e9glable sont largement utilis\u00e9s dans l'industrie manufacturi\u00e8re pour diverses applications telles que le pressage, le serrage et le formage. Ces v\u00e9rins appliquent une pression constante sur les mat\u00e9riaux afin de cr\u00e9er des formes pr\u00e9cises. Ils servent \u00e9galement \u00e0 soulever des charges lourdes et \u00e0 d\u00e9placer des mat\u00e9riaux dans l'atelier de fabrication.<\/p>\n<p>En conclusion, les v\u00e9rins \u00e0 chape r\u00e9glable sont des outils polyvalents et utiles, largement utilis\u00e9s dans divers secteurs. Ils fournissent la puissance et le contr\u00f4le n\u00e9cessaires pour effectuer diverses t\u00e2ches, telles que le levage de charges lourdes, le per\u00e7age du b\u00e9ton et le formage de formes pr\u00e9cises. Le v\u00e9rin hydraulique en acier inoxydable sur mesure pour remorque est un exemple de v\u00e9rin utilis\u00e9 dans les machines lourdes. Que vous soyez dans le b\u00e2timent, l'automobile ou la fabrication, les v\u00e9rins \u00e0 chape r\u00e9glable peuvent vous aider \u00e0 accomplir vos t\u00e2ches avec plus d'efficacit\u00e9.<img decoding=\"async\" src=\"https:\/\/fmp-components.com\/wp-content\/uploads\/2024\/12\/Application-of-Adjustable-Clevis-Type-Cylinders.webp\" alt=\"V\u00e9rin \u00e0 chape r\u00e9glable\" width=\"800\" title=\"\"><\/p>\n<h3>\u00c0 propos de FMP \u2013 V\u00e9rin hydraulique<\/h3>\n<p>Si vous recherchez des v\u00e9rins hydrauliques fiables et de haute qualit\u00e9, vous \u00eates au bon endroit. FMP est une entreprise r\u00e9put\u00e9e, sp\u00e9cialis\u00e9e dans la vente et l'entretien de pi\u00e8ces d\u00e9tach\u00e9es et de machines compl\u00e8tes pour engins de chantier. Forts de nombreuses ann\u00e9es d'exp\u00e9rience dans le secteur et d'une \u00e9quipe professionnelle, nous fournissons \u00e0 nos clients des v\u00e9rins hydrauliques haut de gamme, con\u00e7us pour r\u00e9pondre \u00e0 leurs besoins sp\u00e9cifiques.<\/p>\n<p>Voici cinq raisons pour lesquelles vous devriez choisir FMP pour vos besoins en v\u00e9rins hydrauliques\u00a0:<\/p>\n<p>1. Large gamme de produits\u00a0: Chez FMP, nous proposons une large gamme de v\u00e9rins hydrauliques, notamment des v\u00e9rins \u00e0 chape r\u00e9glable, des v\u00e9rins \u00e0 chape soud\u00e9e, et bien d'autres. Nos produits conviennent \u00e0 divers types d'engins de chantier, notamment les machines agricoles et industrielles.<\/p>\n<p>2. Mat\u00e9riaux de qualit\u00e9 sup\u00e9rieure\u00a0: Nous utilisons exclusivement des mat\u00e9riaux de premi\u00e8re qualit\u00e9 pour nos produits, garantissant ainsi leur conformit\u00e9 \u00e0 des normes de qualit\u00e9 strictes. Nos v\u00e9rins hydrauliques sont fabriqu\u00e9s en acier de haute qualit\u00e9, gage de durabilit\u00e9 et de performances durables.<\/p>\n<p>3. Conseils professionnels\u00a0: Notre \u00e9quipe commerciale exp\u00e9riment\u00e9e est toujours pr\u00eate \u00e0 vous conseiller. Nous comprenons les tendances de d\u00e9veloppement et les besoins des clients du secteur des engins de chantier et pouvons vous aider \u00e0 choisir le v\u00e9rin hydraulique le mieux adapt\u00e9 \u00e0 vos besoins.<\/p>\n<p>4. Syst\u00e8me de distribution logistique efficace\u00a0: Notre syst\u00e8me de distribution logistique performant garantit \u00e0 nos clients la livraison rapide et pr\u00e9cise des pi\u00e8ces n\u00e9cessaires. Vous pouvez donc compter sur nous pour livrer votre v\u00e9rin hydraulique quand vous en avez besoin.<\/p>\n<p>5. Prix comp\u00e9titifs\u00a0: Chez FMP, nous proposons nos produits \u00e0 des prix comp\u00e9titifs, sans compromis sur la qualit\u00e9. Nous pensons que chacun devrait avoir acc\u00e8s \u00e0 des v\u00e9rins hydrauliques de qualit\u00e9 sup\u00e9rieure \u00e0 un prix abordable.<\/p>\n<p>Si vous recherchez un fournisseur fiable et professionnel de v\u00e9rins hydrauliques, ne cherchez plus\u00a0: FMP est fait pour vous. Contactez-nous d\u00e8s aujourd'hui pour en savoir plus sur nos produits et services.<\/p>\n<p><img decoding=\"async\" src=\"https:\/\/fmp-components.com\/wp-content\/uploads\/2024\/12\/Adjustable-Clevis-Type-Cylinders-6.webp\" alt=\"V\u00e9rin \u00e0 chape r\u00e9glable\" width=\"848\" title=\"\"><\/p>\n<h2>Questions fr\u00e9quemment pos\u00e9es<\/h2>\n<p><b>Q : Quelle est la capacit\u00e9 de charge maximale du v\u00e9rin hydraulique ?<\/b><br \/>\nR : Le v\u00e9rin hydraulique peut tirer jusqu\u2019\u00e0 une charge maximale de 20 tonnes.<\/p>\n<p><b>Q : Quelle est la p\u00e9riode de garantie du v\u00e9rin hydraulique ?<\/b><br \/>\nR : Le v\u00e9rin hydraulique est livr\u00e9 avec une garantie d'un an.<\/p>\n<p><b>Q : Le v\u00e9rin hydraulique peut-il \u00eatre personnalis\u00e9 selon des exigences sp\u00e9cifiques ?<\/b><br \/>\nR : Oui, nous proposons des options de personnalisation pour r\u00e9pondre \u00e0 vos besoins sp\u00e9cifiques.<\/p>\n<p><img decoding=\"async\" src=\"https:\/\/img.jiansujichilun.com\/img\/hydrauliccylinders\/T_hydrauliccylinders-3.webp\" alt=\"v\u00e9rin hydraulique\" width=\"800\" title=\"\"><\/p>\n<p>Auteur : CX<\/p>","protected":false},"excerpt":{"rendered":"<p>Introducing the Customized Stainless Steel Hydraulic Cylinder For Trailer: The Customized Stainless Steel Hydraulic Cylinder is a high-quality product designed specifically for trailers. This hydraulic cylinder is made from durable stainless steel, ensuring its longevity and resistance to rust and corrosion. With its customized design, this hydraulic cylinder is suitable for a variety of trailer [&hellip;]<\/p>","protected":false},"featured_media":1336,"comment_status":"closed","ping_status":"closed","template":"","meta":{"_et_pb_use_builder":"","_et_pb_old_content":"","_et_gb_content_width":""},"product_brand":[],"product_cat":[39],"product_tag":[41,34],"class_list":{"0":"post-1386","1":"product","2":"type-product","3":"status-publish","4":"has-post-thumbnail","6":"product_cat-adjustable-clevis-type-cylinders","7":"product_tag-adjustable-clevis-type-cylinders","8":"product_tag-hydraulic-cylinder","10":"first","11":"instock","12":"product-type-simple"},"_links":{"self":[{"href":"https:\/\/fmp-components.com\/fr\/wp-json\/wp\/v2\/product\/1386","targetHints":{"allow":["GET"]}}],"collection":[{"href":"https:\/\/fmp-components.com\/fr\/wp-json\/wp\/v2\/product"}],"about":[{"href":"https:\/\/fmp-components.com\/fr\/wp-json\/wp\/v2\/types\/product"}],"replies":[{"embeddable":true,"href":"https:\/\/fmp-components.com\/fr\/wp-json\/wp\/v2\/comments?post=1386"}],"wp:featuredmedia":[{"embeddable":true,"href":"https:\/\/fmp-components.com\/fr\/wp-json\/wp\/v2\/media\/1336"}],"wp:attachment":[{"href":"https:\/\/fmp-components.com\/fr\/wp-json\/wp\/v2\/media?parent=1386"}],"wp:term":[{"taxonomy":"product_brand","embeddable":true,"href":"https:\/\/fmp-components.com\/fr\/wp-json\/wp\/v2\/product_brand?post=1386"},{"taxonomy":"product_cat","embeddable":true,"href":"https:\/\/fmp-components.com\/fr\/wp-json\/wp\/v2\/product_cat?post=1386"},{"taxonomy":"product_tag","embeddable":true,"href":"https:\/\/fmp-components.com\/fr\/wp-json\/wp\/v2\/product_tag?post=1386"}],"curies":[{"name":"wp","href":"https:\/\/api.w.org\/{rel}","templated":true}]}}