{"id":1384,"date":"2024-12-23T02:19:41","date_gmt":"2024-12-23T02:19:41","guid":{"rendered":"https:\/\/fmp-components.com\/product\/high-quality-small-adjustable-welded-hydraulic-cylinder\/"},"modified":"2024-12-23T02:36:07","modified_gmt":"2024-12-23T02:36:07","slug":"high-quality-small-adjustable-welded-hydraulic-cylinder","status":"publish","type":"product","link":"https:\/\/fmp-components.com\/fr\/product\/high-quality-small-adjustable-welded-hydraulic-cylinder\/","title":{"rendered":"Cylindre hydraulique soud\u00e9 r\u00e9glable de petite taille et de haute qualit\u00e9"},"content":{"rendered":"<p>Le petit v\u00e9rin hydraulique soud\u00e9 r\u00e9glable de haute qualit\u00e9 est un incontournable pour quiconque a besoin d'un syst\u00e8me hydraulique fiable. Sa conception r\u00e9glable permet une personnalisation ais\u00e9e pour r\u00e9pondre \u00e0 vos besoins sp\u00e9cifiques, et sa construction soud\u00e9e garantit une durabilit\u00e9 et une long\u00e9vit\u00e9 maximales.<\/p>\n<p>Gr\u00e2ce \u00e0 ses dimensions compactes, ce v\u00e9rin hydraulique est id\u00e9al pour les espaces restreints o\u00f9 l'utilisation de v\u00e9rins plus volumineux serait peu pratique. La qualit\u00e9 de ses mat\u00e9riaux de fabrication lui permet de supporter les applications les plus exigeantes, ce qui en fait une solution polyvalente pour une large gamme de besoins hydrauliques.<\/p>\n<p>Que vous souhaitiez am\u00e9liorer les performances de votre syst\u00e8me hydraulique existant ou que vous ayez besoin d'un nouveau v\u00e9rin hydraulique, le petit v\u00e9rin hydraulique soud\u00e9 r\u00e9glable de haute qualit\u00e9 est un excellent choix. Sa qualit\u00e9 exceptionnelle, sa fiabilit\u00e9 et ses performances d\u00e9passeront vos attentes et vous fourniront le syst\u00e8me hydraulique durable et performant dont vous avez besoin pour un travail bien fait.<\/p>\n<p><img loading=\"lazy\" decoding=\"async\" class=\"alignnone size-full wp-image-1334\" src=\"https:\/\/fmp-components.com\/wp-content\/uploads\/2024\/12\/Adjustable-Clevis-Type-Cylinders-4.webp\" alt=\"V\u00e9rins \u00e0 chape r\u00e9glable\" width=\"800\" height=\"800\" title=\"\" srcset=\"https:\/\/fmp-components.com\/wp-content\/uploads\/2024\/12\/Adjustable-Clevis-Type-Cylinders-4.webp 800w, https:\/\/fmp-components.com\/wp-content\/uploads\/2024\/12\/Adjustable-Clevis-Type-Cylinders-4-480x480.webp 480w\" sizes=\"(min-width: 0px) and (max-width: 480px) 480px, (min-width: 481px) 800px, 100vw\" \/><\/p>\n<h2>Avantages des v\u00e9rins \u00e0 chape r\u00e9glable<\/h2>\n<p>Les v\u00e9rins \u00e0 chape r\u00e9glable, notamment les petits v\u00e9rins hydrauliques soud\u00e9s r\u00e9glables de haute qualit\u00e9, offrent de nombreux avantages par rapport aux autres types de v\u00e9rins. Voici quelques avantages li\u00e9s \u00e0 l'utilisation de v\u00e9rins \u00e0 chape r\u00e9glable\u00a0:<\/p>\n<ol>\n<li><strong>Flexibilit\u00e9:<\/strong> La chape r\u00e9glable offre une grande flexibilit\u00e9 de montage gr\u00e2ce \u00e0 sa rotation \u00e0 360 degr\u00e9s. Il est ainsi facile d'orienter le cylindre dans toutes les directions, ce qui est id\u00e9al pour les applications o\u00f9 l'espace est limit\u00e9 ou lorsque diff\u00e9rents angles de montage sont n\u00e9cessaires.<\/li>\n<li><strong>Ajustabilit\u00e9 :<\/strong> Comme son nom l'indique, le v\u00e9rin \u00e0 chape r\u00e9glable s'adapte \u00e0 des applications sp\u00e9cifiques. La chape peut en effet \u00eatre d\u00e9plac\u00e9e verticalement le long de la tige de piston, permettant un r\u00e9glage pr\u00e9cis de la course. Ainsi, ce v\u00e9rin peut \u00eatre personnalis\u00e9 pour r\u00e9pondre \u00e0 diff\u00e9rentes exigences d'installation, ce qui le rend plus polyvalent que d'autres types de v\u00e9rins.<\/li>\n<li><strong>Haute pr\u00e9cision :<\/strong> Les v\u00e9rins \u00e0 chape r\u00e9glable sont con\u00e7us pour une pr\u00e9cision extr\u00eame, avec une r\u00e9p\u00e9tabilit\u00e9 et une exactitude \u00e9lev\u00e9es. Ceci est d\u00fb \u00e0 l'utilisation de mat\u00e9riaux de haute qualit\u00e9 et de techniques de fabrication avanc\u00e9es, qui garantissent un fonctionnement fluide et fiable du v\u00e9rin, m\u00eame dans des environnements difficiles.<\/li>\n<li><strong>Efficace:<\/strong> Les v\u00e9rins \u00e0 chape r\u00e9glable sont tr\u00e8s performants, car ils fournissent une puissance importante en consommant moins d'\u00e9nergie que les autres types de v\u00e9rins. Leur conception minimise les frottements et l'usure, r\u00e9duisant ainsi l'\u00e9nergie n\u00e9cessaire \u00e0 leur fonctionnement. Ils sont donc parfaitement adapt\u00e9s aux applications o\u00f9 l'efficacit\u00e9 \u00e9nerg\u00e9tique est primordiale.<\/li>\n<li><strong>Durable:<\/strong> Ces petits v\u00e9rins hydrauliques soud\u00e9s r\u00e9glables de haute qualit\u00e9 sont con\u00e7us pour durer, gr\u00e2ce \u00e0 une construction robuste et des mat\u00e9riaux de haute qualit\u00e9 capables de r\u00e9sister aux conditions d'utilisation les plus difficiles. R\u00e9sistants \u00e0 la corrosion, \u00e0 l'usure et aux temp\u00e9ratures extr\u00eames, ils sont parfaitement adapt\u00e9s \u00e0 une large gamme d'applications industrielles.<\/li>\n<\/ol>\n<p>En conclusion, les v\u00e9rins \u00e0 chape r\u00e9glable offrent une flexibilit\u00e9, une capacit\u00e9 de r\u00e9glage, une pr\u00e9cision, une efficacit\u00e9 et une durabilit\u00e9 in\u00e9gal\u00e9es. Id\u00e9aux pour une vaste gamme d'applications industrielles et commerciales, ils sont particuli\u00e8rement adapt\u00e9s aux applications exigeant une pr\u00e9cision et une efficacit\u00e9 \u00e9lev\u00e9es. Lors du choix de v\u00e9rins \u00e0 chape r\u00e9glables, privil\u00e9giez les petits v\u00e9rins hydrauliques soud\u00e9s r\u00e9glables de haute qualit\u00e9, gage de performances et de long\u00e9vit\u00e9 optimales.<img decoding=\"async\" src=\"https:\/\/fmp-components.com\/wp-content\/uploads\/2024\/12\/Adjustable-Clevis-Type-Cylinders5.webp\" alt=\"V\u00e9rin \u00e0 chape r\u00e9glable\" width=\"800\" title=\"\"><\/p>\n<h2>Application des v\u00e9rins \u00e0 chape r\u00e9glable<\/h2>\n<p>Les v\u00e9rins \u00e0 chape r\u00e9glable sont des v\u00e9rins hydrauliques dont la position de montage peut \u00eatre ajust\u00e9e. Ils sont utilis\u00e9s dans de nombreux secteurs industriels pour diverses applications. Voici quelques-unes des applications les plus courantes des v\u00e9rins \u00e0 chape r\u00e9glable\u00a0:<\/p>\n<ul>\n<li style=\"list-style-type: none;\">\n<ul>\n<li><strong>Automatisation industrielle<\/strong><\/li>\n<\/ul>\n<\/li>\n<\/ul>\n<p>Les v\u00e9rins \u00e0 chape r\u00e9glable sont utilis\u00e9s dans divers proc\u00e9d\u00e9s d'automatisation industrielle. Largement employ\u00e9s pour le serrage, le pressage et le poin\u00e7onnage, ils s'adaptent facilement \u00e0 diff\u00e9rentes positions de montage, ce qui les rend compatibles avec diverses machines et \u00e9quipements.<\/p>\n<ul>\n<li style=\"list-style-type: none;\">\n<ul>\n<li><strong>Machines de construction<\/strong><\/li>\n<\/ul>\n<\/li>\n<\/ul>\n<p>Les petits v\u00e9rins hydrauliques soud\u00e9s r\u00e9glables de haute qualit\u00e9 sont couramment utilis\u00e9s dans les engins de chantier. On les retrouve notamment dans des machines telles que les excavatrices, les bulldozers et les chargeuses. Ils servent \u00e0 des op\u00e9rations de terrassement, de nivellement et de levage de charges lourdes.<\/p>\n<ul>\n<li style=\"list-style-type: none;\">\n<ul>\n<li><strong>Machines agricoles<\/strong><\/li>\n<\/ul>\n<\/li>\n<\/ul>\n<p>Les v\u00e9rins \u00e0 chape r\u00e9glable sont utilis\u00e9s dans les machines agricoles telles que les tracteurs, les moissonneuses-batteuses et les cultivateurs. Ils servent notamment \u00e0 lever et abaisser diff\u00e9rentes parties des machines, \u00e0 r\u00e9gler la hauteur de la charrue et \u00e0 contr\u00f4ler le d\u00e9bit des fluides utilis\u00e9s dans les machines.<\/p>\n<ul>\n<li style=\"list-style-type: none;\">\n<ul>\n<li><strong>\u00c9quipements de manutention<\/strong><\/li>\n<\/ul>\n<\/li>\n<\/ul>\n<p>Les v\u00e9rins \u00e0 chape r\u00e9glable sont \u00e9galement utilis\u00e9s dans les \u00e9quipements de manutention tels que les chariots \u00e9l\u00e9vateurs et les grues. Ils servent notamment \u00e0 lever et abaisser des charges lourdes, \u00e0 incliner les fourches et \u00e0 contr\u00f4ler le mouvement du bras de la grue.<\/p>\n<ul>\n<li style=\"list-style-type: none;\">\n<ul>\n<li><strong>\u00c9quipements marins et offshore<\/strong><\/li>\n<\/ul>\n<\/li>\n<\/ul>\n<p>Les v\u00e9rins \u00e0 chape r\u00e9glable sont utilis\u00e9s dans les \u00e9quipements maritimes et offshore, tels que les navires et les plateformes p\u00e9troli\u00e8res. Ils servent notamment \u00e0 l'ouverture et \u00e0 la fermeture des vannes, \u00e0 la commande du gouvernail du navire et \u00e0 la commande des mouvements de la grue utilis\u00e9e sur la plateforme.<\/p>\n<p>En conclusion, les v\u00e9rins \u00e0 chape r\u00e9glable sont des v\u00e9rins hydrauliques polyvalents utilis\u00e9s dans divers secteurs industriels pour diff\u00e9rentes applications. Leur capacit\u00e9 d'adaptation \u00e0 diff\u00e9rentes positions de montage les rend compatibles avec une grande vari\u00e9t\u00e9 de machines et d'\u00e9quipements. L'utilisation de petits v\u00e9rins hydrauliques soud\u00e9s r\u00e9glables de haute qualit\u00e9 garantit leur durabilit\u00e9 et leur fiabilit\u00e9, les rendant ainsi adapt\u00e9s aux environnements difficiles et exigeants.<img decoding=\"async\" src=\"https:\/\/fmp-components.com\/wp-content\/uploads\/2024\/12\/Application-of-Adjustable-Clevis-Type-Cylinders.webp\" alt=\"V\u00e9rin \u00e0 chape r\u00e9glable\" width=\"800\" title=\"\"><\/p>\n<h3>\u00c0 propos du v\u00e9rin hydraulique FMP<\/h3>\n<p>FMP est une entreprise leader sp\u00e9cialis\u00e9e dans la vente et l'entretien de pi\u00e8ces d\u00e9tach\u00e9es et de machines compl\u00e8tes pour engins de chantier. Nous sommes fiers de proposer des solutions de v\u00e9rins hydrauliques de haute qualit\u00e9 \u00e0 nos clients du monde entier.<\/p>\n<p>Voici quelques-uns des principaux avantages du choix d'un v\u00e9rin hydraulique FMP\u00a0:<\/p>\n<ul>\n<li><strong>Mat\u00e9riaux de haute qualit\u00e9:<\/strong> Nous utilisons exclusivement des mat\u00e9riaux de haute qualit\u00e9 pour la fabrication de nos v\u00e9rins hydrauliques, garantissant ainsi leur durabilit\u00e9 et leur fiabilit\u00e9 \u00e0 long terme. Nos produits sont con\u00e7us pour r\u00e9sister aux conditions de travail les plus extr\u00eames.<\/li>\n<li><strong>Large gamme d'options :<\/strong> Notre gamme de v\u00e9rins hydrauliques comprend diff\u00e9rents types de v\u00e9rins, tels que les v\u00e9rins \u00e0 tirants, les v\u00e9rins soud\u00e9s et les v\u00e9rins \u00e0 chape r\u00e9glable, etc. Nous proposons \u00e9galement des solutions sur mesure pour r\u00e9pondre aux exigences sp\u00e9cifiques de nos clients.<\/li>\n<li><strong>Contr\u00f4le qualit\u00e9 rigoureux :<\/strong> Nous avons \u00e9tabli des relations de coop\u00e9ration stables et durables avec de nombreux fournisseurs de haute qualit\u00e9, tant au niveau national qu'international, garantissant ainsi que toutes les pi\u00e8ces fournies r\u00e9pondent \u00e0 des normes de qualit\u00e9 strictes. De plus, nos v\u00e9rins hydrauliques sont soumis \u00e0 des tests rigoureux afin de garantir leur conformit\u00e9 \u00e0 nos exigences de qualit\u00e9 \u00e9lev\u00e9es avant livraison.<\/li>\n<li><strong>\u00c9quipe commerciale exp\u00e9riment\u00e9e :<\/strong> Notre \u00e9quipe commerciale poss\u00e8de une solide exp\u00e9rience et une connaissance approfondie du secteur des engins de construction et peut fournir des conseils professionnels et des suggestions d'achat judicieuses \u00e0 nos clients.<\/li>\n<li><strong>Distribution logistique efficace :<\/strong> Nous disposons d'un syst\u00e8me de distribution logistique performant pour garantir \u00e0 nos clients la r\u00e9ception de leurs pi\u00e8ces d\u00e9tach\u00e9es dans les meilleurs d\u00e9lais et avec pr\u00e9cision. Notre service de livraison fiable contribue au bon d\u00e9roulement de leurs projets.<\/li>\n<\/ul>\n<p>Chez FMP, nous avons \u00e0 c\u0153ur de fournir \u00e0 nos clients des solutions de v\u00e9rins hydrauliques fiables et de haute qualit\u00e9. Forts de nombreuses ann\u00e9es d'exp\u00e9rience dans le secteur et d'une \u00e9quipe de professionnels comp\u00e9tents, nous proposons des solutions personnalis\u00e9es r\u00e9pondant \u00e0 leurs besoins sp\u00e9cifiques. Contactez-nous d\u00e8s aujourd'hui pour en savoir plus sur nos produits et services\u00a0!<\/p>\n<p><img decoding=\"async\" src=\"https:\/\/fmp-components.com\/wp-content\/uploads\/2024\/12\/Adjustable-Clevis-Type-Cylinders-6.webp\" alt=\"V\u00e9rin \u00e0 chape r\u00e9glable\" width=\"846\" title=\"\"><\/p>\n<h2>FAQ<\/h2>\n<p><b>Q : Quel est le d\u00e9lai de livraison pour le v\u00e9rin hydraulique soud\u00e9 r\u00e9glable de petite taille et de haute qualit\u00e9 ?<\/b><br \/>\nR : Le d\u00e9lai de livraison g\u00e9n\u00e9ral est de 25 \u00e0 35 jours.<\/p>\n<p><b>Q : Puis-je obtenir un \u00e9chantillon du petit v\u00e9rin hydraulique soud\u00e9 r\u00e9glable de haute qualit\u00e9 ?<\/b><br \/>\nR : Oui, nous proposons des \u00e9chantillons, mais ils ne sont pas gratuits.<\/p>\n<p><b>Q : Le petit v\u00e9rin hydraulique soud\u00e9 r\u00e9glable de haute qualit\u00e9 peut-il \u00eatre personnalis\u00e9 selon mes besoins ?<\/b><br \/>\nR : Oui, nous pouvons fabriquer des cylindres selon vos \u00e9chantillons ou vos dessins techniques. Nous pouvons \u00e9galement cr\u00e9er des moules et des outillages pour r\u00e9pondre \u00e0 vos exigences sp\u00e9cifiques.<\/p>\n<p><img decoding=\"async\" src=\"https:\/\/img.jiansujichilun.com\/img\/hydrauliccylinders\/T_hydrauliccylinders-5.webp\" alt=\"v\u00e9rin hydraulique\" width=\"800\" title=\"\"><\/p>\n<p>Auteur : CX<\/p>","protected":false},"excerpt":{"rendered":"<p>Le petit v\u00e9rin hydraulique soud\u00e9 r\u00e9glable de haute qualit\u00e9 est un incontournable pour quiconque a besoin d'un syst\u00e8me hydraulique fiable. Sa conception r\u00e9glable permet une personnalisation facile pour r\u00e9pondre \u00e0 vos besoins sp\u00e9cifiques, et sa construction soud\u00e9e garantit une durabilit\u00e9 et une long\u00e9vit\u00e9 maximales. Gr\u00e2ce \u00e0 sa taille compacte, ce v\u00e9rin hydraulique est parfait pour une utilisation dans les espaces restreints [\u2026]<\/p>","protected":false},"featured_media":1338,"comment_status":"closed","ping_status":"closed","template":"","meta":{"_et_pb_use_builder":"","_et_pb_old_content":"","_et_gb_content_width":""},"product_brand":[],"product_cat":[39],"product_tag":[41,34],"class_list":{"0":"post-1384","1":"product","2":"type-product","3":"status-publish","4":"has-post-thumbnail","6":"product_cat-adjustable-clevis-type-cylinders","7":"product_tag-adjustable-clevis-type-cylinders","8":"product_tag-hydraulic-cylinder","10":"first","11":"instock","12":"product-type-simple"},"_links":{"self":[{"href":"https:\/\/fmp-components.com\/fr\/wp-json\/wp\/v2\/product\/1384","targetHints":{"allow":["GET"]}}],"collection":[{"href":"https:\/\/fmp-components.com\/fr\/wp-json\/wp\/v2\/product"}],"about":[{"href":"https:\/\/fmp-components.com\/fr\/wp-json\/wp\/v2\/types\/product"}],"replies":[{"embeddable":true,"href":"https:\/\/fmp-components.com\/fr\/wp-json\/wp\/v2\/comments?post=1384"}],"wp:featuredmedia":[{"embeddable":true,"href":"https:\/\/fmp-components.com\/fr\/wp-json\/wp\/v2\/media\/1338"}],"wp:attachment":[{"href":"https:\/\/fmp-components.com\/fr\/wp-json\/wp\/v2\/media?parent=1384"}],"wp:term":[{"taxonomy":"product_brand","embeddable":true,"href":"https:\/\/fmp-components.com\/fr\/wp-json\/wp\/v2\/product_brand?post=1384"},{"taxonomy":"product_cat","embeddable":true,"href":"https:\/\/fmp-components.com\/fr\/wp-json\/wp\/v2\/product_cat?post=1384"},{"taxonomy":"product_tag","embeddable":true,"href":"https:\/\/fmp-components.com\/fr\/wp-json\/wp\/v2\/product_tag?post=1384"}],"curies":[{"name":"wp","href":"https:\/\/api.w.org\/{rel}","templated":true}]}}