{"id":1372,"date":"2024-12-23T02:18:57","date_gmt":"2024-12-23T02:18:57","guid":{"rendered":"https:\/\/fmp-components.com\/product\/customized-double-acting-cylinder-truck-hydraulic-cylinder-for-trailer\/"},"modified":"2025-03-18T00:55:48","modified_gmt":"2025-03-18T00:55:48","slug":"customized-double-acting-cylinder-truck-hydraulic-cylinder-for-trailer","status":"publish","type":"product","link":"https:\/\/fmp-components.com\/fr\/product\/customized-double-acting-cylinder-truck-hydraulic-cylinder-for-trailer\/","title":{"rendered":"V\u00e9rin hydraulique \u00e0 double effet personnalis\u00e9 pour camion et remorque"},"content":{"rendered":"<h2>Pr\u00e9sentation du v\u00e9rin hydraulique \u00e0 double effet personnalis\u00e9 pour camion et remorque<\/h2>\n<p>Le v\u00e9rin hydraulique double effet personnalis\u00e9 pour remorque est un produit haut de gamme con\u00e7u pour r\u00e9pondre \u00e0 tous vos besoins hydrauliques. Sp\u00e9cialement con\u00e7u pour les remorques, il offre des performances et une durabilit\u00e9 in\u00e9gal\u00e9es.<\/p>\n<p>Fabriqu\u00e9 avec des mat\u00e9riaux de haute qualit\u00e9 et un savoir-faire artisanal, ce v\u00e9rin hydraulique est con\u00e7u pour r\u00e9sister aux conditions les plus difficiles. Sa conception \u00e0 double effet lui permet de fonctionner dans les deux sens, ce qui lui conf\u00e8re une polyvalence exceptionnelle.<\/p>\n<p><img loading=\"lazy\" decoding=\"async\" class=\"alignnone size-full wp-image-1334\" src=\"https:\/\/fmp-components.com\/wp-content\/uploads\/2024\/12\/Adjustable-Clevis-Type-Cylinders-4.webp\" alt=\"V\u00e9rins \u00e0 chape r\u00e9glable\" width=\"800\" height=\"800\" title=\"\" srcset=\"https:\/\/fmp-components.com\/wp-content\/uploads\/2024\/12\/Adjustable-Clevis-Type-Cylinders-4.webp 800w, https:\/\/fmp-components.com\/wp-content\/uploads\/2024\/12\/Adjustable-Clevis-Type-Cylinders-4-480x480.webp 480w\" sizes=\"(min-width: 0px) and (max-width: 480px) 480px, (min-width: 481px) 800px, 100vw\" \/><\/p>\n<p>Le v\u00e9rin hydraulique double effet personnalis\u00e9 pour remorque est \u00e9galement hautement personnalisable. Gr\u00e2ce aux options d'al\u00e9sage, de course et de montage, vous pouvez l'adapter \u00e0 vos besoins sp\u00e9cifiques. De plus, gr\u00e2ce \u00e0 une gamme d'options de joints, vous avez l'assurance d'un fonctionnement optimal.<\/p>\n<p>Que vous transportiez de lourdes charges ou que vous ayez besoin d'un v\u00e9rin pour des applications industrielles, le v\u00e9rin hydraulique double effet personnalis\u00e9 pour camion et remorque est la solution id\u00e9ale. Investissez d\u00e8s aujourd'hui dans ce v\u00e9rin hydraulique de haute qualit\u00e9 et constatez son impact positif sur vos op\u00e9rations.<\/p>\n<h2>Avantages des v\u00e9rins \u00e0 chape r\u00e9glable<\/h2>\n<ol>\n<li style=\"list-style-type: none;\">\n<ol>\n<li><strong>Personnalisation :<\/strong> L'un des principaux avantages des v\u00e9rins \u00e0 chape r\u00e9glable r\u00e9side dans leur personnalisation pour r\u00e9pondre aux besoins sp\u00e9cifiques de l'application. Ainsi, la longueur, la course, l'al\u00e9sage et les options de montage peuvent \u00eatre adapt\u00e9s aux exigences de la t\u00e2che \u00e0 accomplir. Ce niveau de personnalisation garantit un fonctionnement optimal du v\u00e9rin, ce qui se traduit par une efficacit\u00e9 et une productivit\u00e9 accrues.<\/li>\n<\/ol>\n<\/li>\n<\/ol>\n<p>Par exemple, le <em>V\u00e9rin hydraulique \u00e0 double effet personnalis\u00e9 pour camion et remorque<\/em> Il s'agit d'un v\u00e9rin \u00e0 chape r\u00e9glable sp\u00e9cialement con\u00e7u pour les remorques. Son al\u00e9sage, sa longueur et ses options de montage sont personnalisables. Cela permet de l'optimiser pour diff\u00e9rents types de remorques et garantit un fonctionnement optimal.<\/p>\n<ol>\n<li style=\"list-style-type: none;\">\n<ol>\n<li><strong>Ajustabilit\u00e9 :<\/strong> Un autre avantage des v\u00e9rins \u00e0 chape r\u00e9glable r\u00e9side dans leur adaptabilit\u00e9. Ces v\u00e9rins sont dot\u00e9s d'une chape r\u00e9glable en diff\u00e9rentes positions, ce qui offre une plus grande flexibilit\u00e9 de montage et d'installation. Cette adaptabilit\u00e9 permet \u00e9galement de repositionner facilement le v\u00e9rin si n\u00e9cessaire, ce qui peut s'av\u00e9rer utile lorsque les exigences de l'application \u00e9voluent.<\/li>\n<\/ol>\n<\/li>\n<\/ol>\n<p>La possibilit\u00e9 de r\u00e9glage des v\u00e9rins \u00e0 chape r\u00e9glable est particuli\u00e8rement utile dans les situations o\u00f9 l'espace est limit\u00e9 ou lorsque l'application requiert une configuration de montage sp\u00e9cifique. Par exemple, pour une remorque o\u00f9 l'espace est limit\u00e9, la possibilit\u00e9 de r\u00e9glage de la chape permet de monter le v\u00e9rin de mani\u00e8re \u00e0 optimiser l'espace disponible.<\/p>\n<ol>\n<li style=\"list-style-type: none;\">\n<ol>\n<li><strong>Capacit\u00e9 de charge \u00e9lev\u00e9e :<\/strong> Les v\u00e9rins \u00e0 chape r\u00e9glable sont \u00e9galement r\u00e9put\u00e9s pour leur capacit\u00e9 de charge \u00e9lev\u00e9e. Con\u00e7us pour supporter des charges lourdes et des pressions \u00e9lev\u00e9es sans d\u00e9faillance, ils sont parfaitement adapt\u00e9s aux applications n\u00e9cessitant le d\u00e9placement ou le levage de charges lourdes.<\/li>\n<\/ol>\n<\/li>\n<\/ol>\n<p>Le <em>V\u00e9rin hydraulique \u00e0 double effet personnalis\u00e9 pour camion et remorque<\/em> est un bon exemple de v\u00e9rin \u00e0 chape r\u00e9glable offrant une capacit\u00e9 de charge \u00e9lev\u00e9e. Ce v\u00e9rin est con\u00e7u pour supporter des charges allant jusqu'\u00e0 20 tonnes et peut fonctionner \u00e0 des pressions allant jusqu'\u00e0 250 bars. Il est donc adapt\u00e9 \u00e0 une large gamme d'applications de remorques n\u00e9cessitant le d\u00e9placement ou le levage de charges lourdes.<\/p>\n<ol>\n<li style=\"list-style-type: none;\">\n<ol>\n<li><strong>Durabilit\u00e9:<\/strong> Les v\u00e9rins \u00e0 chape r\u00e9glable sont r\u00e9put\u00e9s pour leur durabilit\u00e9 et leur longue dur\u00e9e de vie. Ils sont g\u00e9n\u00e9ralement fabriqu\u00e9s \u00e0 partir de mat\u00e9riaux de haute qualit\u00e9, con\u00e7us pour r\u00e9sister \u00e0 des conditions d'utilisation difficiles et \u00e0 une utilisation fr\u00e9quente. Ils n\u00e9cessitent donc un entretien minimal et peuvent offrir des performances fiables pendant de nombreuses ann\u00e9es.<\/li>\n<\/ol>\n<\/li>\n<\/ol>\n<p>Le <em>V\u00e9rin hydraulique \u00e0 double effet personnalis\u00e9 pour camion et remorque<\/em> Con\u00e7u pour une durabilit\u00e9 accrue, il est fabriqu\u00e9 \u00e0 partir de mat\u00e9riaux de haute qualit\u00e9 r\u00e9sistants \u00e0 l'usure, \u00e0 la corrosion et \u00e0 d'autres dommages. Il garantit ainsi des performances fiables, m\u00eame dans les applications de remorques les plus exigeantes.<\/p>\n<p><img decoding=\"async\" src=\"https:\/\/fmp-components.com\/wp-content\/uploads\/2024\/12\/Adjustable-Clevis-Type-Cylinders5.webp\" alt=\"V\u00e9rin \u00e0 chape r\u00e9glable\" width=\"800\" title=\"\"><\/p>\n<h2>Application des v\u00e9rins \u00e0 chape r\u00e9glable<\/h2>\n<p>Les v\u00e9rins \u00e0 chape r\u00e9glable sont un composant essentiel de nombreux syst\u00e8mes hydrauliques. Ils sont reconnus pour leur polyvalence, leur durabilit\u00e9 et leur pr\u00e9cision. Dans cet article, nous aborderons leurs diff\u00e9rentes applications et soulignerons leurs avantages.<\/p>\n<p>1. V\u00e9rin \u00e0 double effet personnalis\u00e9<\/p>\n<p>L'une des principales applications des v\u00e9rins \u00e0 chape r\u00e9glable est la fabrication de v\u00e9rins double effet sur mesure. Ces v\u00e9rins sont utilis\u00e9s dans un large \u00e9ventail de secteurs, notamment la construction, l'agriculture, l'exploitation mini\u00e8re et le transport. Leur personnalisation garantit leur conformit\u00e9 aux besoins et exigences sp\u00e9cifiques de chaque secteur.<\/p>\n<p>Le v\u00e9rin double effet personnalis\u00e9 est dot\u00e9 d'une chape r\u00e9glable, facilitant l'installation et le retrait de la tige de piston. Cette caract\u00e9ristique est essentielle pour acc\u00e9l\u00e9rer l'entretien et le remplacement des composants us\u00e9s, r\u00e9duisant ainsi les temps d'arr\u00eat.<\/p>\n<p>2. V\u00e9rin hydraulique pour camion et remorque<\/p>\n<p>Les v\u00e9rins \u00e0 chape r\u00e9glable sont \u00e9galement utilis\u00e9s dans la fabrication de v\u00e9rins hydrauliques pour remorques de camions. Ces v\u00e9rins servent au levage et \u00e0 la descente de charges lourdes, telles que des conteneurs, sur les remorques. La chape r\u00e9glable facilite la fixation et le d\u00e9montage du v\u00e9rin de la remorque, ce qui simplifie son utilisation.<\/p>\n<p>Le v\u00e9rin hydraulique pour remorques est con\u00e7u avec des mat\u00e9riaux haute r\u00e9sistance capables de supporter de lourdes charges et des conditions d'utilisation difficiles. Il est \u00e9galement con\u00e7u pour \u00eatre \u00e9tanche, garantissant ainsi un fonctionnement efficace et performant.<\/p>\n<p>3. \u00c9quipement agricole<\/p>\n<p>Les v\u00e9rins \u00e0 chape r\u00e9glable sont \u00e9galement tr\u00e8s utilis\u00e9s dans le secteur agricole. Ils sont utilis\u00e9s dans la fabrication de divers \u00e9quipements agricoles, tels que les charrues, les cultivateurs et les semoirs. Ils permettent de contr\u00f4ler le mouvement des \u00e9quipements et d'en garantir le bon fonctionnement.<\/p>\n<p>La chape r\u00e9glable de ces v\u00e9rins facilite leur raccordement \u00e0 l'\u00e9quipement, facilitant ainsi le remplacement des composants us\u00e9s. Les mat\u00e9riaux haute r\u00e9sistance utilis\u00e9s pour leur fabrication garantissent leur r\u00e9sistance aux conditions d'utilisation difficiles du secteur agricole.<\/p>\n<p>En conclusion, les v\u00e9rins \u00e0 chape r\u00e9glable trouvent de nombreuses applications dans divers secteurs. Les v\u00e9rins double effet sur mesure, les v\u00e9rins hydrauliques pour remorques de camions et les \u00e9quipements agricoles ne sont que quelques-unes de leurs nombreuses applications. Leur pr\u00e9cision, leur durabilit\u00e9 et leur polyvalence en font un composant essentiel des syst\u00e8mes hydrauliques.<img decoding=\"async\" src=\"https:\/\/fmp-components.com\/wp-content\/uploads\/2024\/12\/Application-of-Adjustable-Clevis-Type-Cylinders.webp\" alt=\"V\u00e9rin \u00e0 chape r\u00e9glable\" width=\"800\" title=\"\"><\/p>\n<h3>\u00c0 propos de FMP<\/h3>\n<p>FMP est une entreprise leader en Italie, sp\u00e9cialis\u00e9e dans la vente et l'entretien de pi\u00e8ces d\u00e9tach\u00e9es et de machines compl\u00e8tes pour engins de chantier. Forts de nombreuses ann\u00e9es d'exp\u00e9rience dans le secteur et d'une \u00e9quipe de professionnels, nous offrons \u00e0 nos clients des solutions fiables et de haute qualit\u00e9.<\/p>\n<h3>V\u00e9rin hydraulique<\/h3>\n<p>Le v\u00e9rin hydraulique est l'un de nos principaux produits. Fabriqu\u00e9s \u00e0 partir de mat\u00e9riaux de haute qualit\u00e9, nos v\u00e9rins sont con\u00e7us pour r\u00e9sister \u00e0 des pressions extr\u00eames et \u00e0 de lourdes charges. Voici cinq raisons de choisir le v\u00e9rin hydraulique FMP\u00a0:<\/p>\n<ol>\n<li><strong>Mat\u00e9riaux de haute qualit\u00e9:<\/strong> Nos v\u00e9rins hydrauliques sont fabriqu\u00e9s \u00e0 partir de mat\u00e9riaux de haute qualit\u00e9 qui garantissent durabilit\u00e9 et performances durables. Nous utilisons exclusivement les meilleurs mat\u00e9riaux pour garantir que nos v\u00e9rins r\u00e9sistent aux conditions les plus difficiles.<\/li>\n<li><strong>Personnalisable :<\/strong> Nous proposons une large gamme de v\u00e9rins hydrauliques personnalisables pour r\u00e9pondre \u00e0 vos besoins sp\u00e9cifiques. Nos v\u00e9rins sont disponibles en diff\u00e9rentes tailles, formes et conceptions, et nous pouvons vous aider \u00e0 choisir celui qui convient le mieux \u00e0 votre application.<\/li>\n<li><strong>Fiabilit\u00e9:<\/strong> Nos v\u00e9rins hydrauliques sont con\u00e7us pour offrir des performances fiables, m\u00eame dans les conditions les plus difficiles. Nous comprenons l'importance de la fiabilit\u00e9 et prenons toutes les mesures n\u00e9cessaires pour garantir que nos v\u00e9rins soient \u00e0 la hauteur de vos exigences.<\/li>\n<li><strong>Consultation d'experts :<\/strong> Notre \u00e9quipe commerciale est compos\u00e9e d'experts du secteur des engins de chantier. Ils connaissent les derni\u00e8res tendances et peuvent vous conseiller professionnellement sur le v\u00e9rin hydraulique le mieux adapt\u00e9 \u00e0 vos besoins.<\/li>\n<li><strong>Logistique efficace :<\/strong> Notre syst\u00e8me de distribution logistique efficace garantit une livraison rapide et pr\u00e9cise de votre v\u00e9rin hydraulique. Conscients de l'importance d'une livraison rapide, nous prenons toutes les mesures n\u00e9cessaires pour garantir la livraison de votre commande \u00e0 temps.<\/li>\n<\/ol>\n<p>Si vous recherchez un v\u00e9rin hydraulique fiable et de haute qualit\u00e9, ne cherchez plus : FMP est fait pour vous. Nous poss\u00e9dons l'exp\u00e9rience et l'expertise n\u00e9cessaires pour vous offrir la solution id\u00e9ale.<\/p>\n<p><img decoding=\"async\" src=\"https:\/\/fmp-components.com\/wp-content\/uploads\/2024\/12\/Adjustable-Clevis-Type-Cylinders-6.webp\" alt=\"V\u00e9rin \u00e0 chape r\u00e9glable\" width=\"834\" title=\"\"><\/p>\n<h2>FAQ<\/h2>\n<p><strong>Q\u00a0:\u00a0Quels sont les secteurs concern\u00e9s par ce v\u00e9rin hydraulique\u00a0?<\/strong><br \/>\nR : Ce cylindre est id\u00e9al pour les ateliers de r\u00e9paration de machines, les fermes, l\u2019\u00e9nergie et l\u2019exploitation mini\u00e8re et la fabrication de machines.<\/p>\n<p><strong>Q : Quelle est la p\u00e9riode de garantie pour ce v\u00e9rin hydraulique ?<\/strong><br \/>\nR : Ce v\u00e9rin hydraulique est livr\u00e9 avec une garantie d'un an.<\/p>\n<p><img decoding=\"async\" src=\"https:\/\/img.jiansujichilun.com\/img\/hydrauliccylinders\/B_hydrauliccylinders-2.webp\" alt=\"v\u00e9rin hydraulique\" width=\"800\" title=\"\"><\/p>\n<p>Auteur : CX<\/p>","protected":false},"excerpt":{"rendered":"<p>Introducing Customized Double Acting Cylinder Truck Hydraulic Cylinder For Trailer The Customized Double Acting Cylinder Truck Hydraulic Cylinder For Trailer is a top-of-the-line product designed to meet all your hydraulic cylinder needs. This cylinder is specifically tailored for use on trailers, providing unmatched performance and durability. Constructed with high-quality materials and expert craftsmanship, this hydraulic [&hellip;]<\/p>","protected":false},"featured_media":1338,"comment_status":"closed","ping_status":"closed","template":"","meta":{"_et_pb_use_builder":"","_et_pb_old_content":"","_et_gb_content_width":""},"product_brand":[],"product_cat":[39],"product_tag":[41,34],"class_list":{"0":"post-1372","1":"product","2":"type-product","3":"status-publish","4":"has-post-thumbnail","6":"product_cat-adjustable-clevis-type-cylinders","7":"product_tag-adjustable-clevis-type-cylinders","8":"product_tag-hydraulic-cylinder","10":"first","11":"instock","12":"product-type-simple"},"_links":{"self":[{"href":"https:\/\/fmp-components.com\/fr\/wp-json\/wp\/v2\/product\/1372","targetHints":{"allow":["GET"]}}],"collection":[{"href":"https:\/\/fmp-components.com\/fr\/wp-json\/wp\/v2\/product"}],"about":[{"href":"https:\/\/fmp-components.com\/fr\/wp-json\/wp\/v2\/types\/product"}],"replies":[{"embeddable":true,"href":"https:\/\/fmp-components.com\/fr\/wp-json\/wp\/v2\/comments?post=1372"}],"wp:featuredmedia":[{"embeddable":true,"href":"https:\/\/fmp-components.com\/fr\/wp-json\/wp\/v2\/media\/1338"}],"wp:attachment":[{"href":"https:\/\/fmp-components.com\/fr\/wp-json\/wp\/v2\/media?parent=1372"}],"wp:term":[{"taxonomy":"product_brand","embeddable":true,"href":"https:\/\/fmp-components.com\/fr\/wp-json\/wp\/v2\/product_brand?post=1372"},{"taxonomy":"product_cat","embeddable":true,"href":"https:\/\/fmp-components.com\/fr\/wp-json\/wp\/v2\/product_cat?post=1372"},{"taxonomy":"product_tag","embeddable":true,"href":"https:\/\/fmp-components.com\/fr\/wp-json\/wp\/v2\/product_tag?post=1372"}],"curies":[{"name":"wp","href":"https:\/\/api.w.org\/{rel}","templated":true}]}}