{"id":1356,"date":"2024-12-23T02:18:07","date_gmt":"2024-12-23T02:18:07","guid":{"rendered":"https:\/\/fmp-components.com\/product\/the-latest-design-small-welded-hydraulic-cylinder-hydraulic-piston-cylinder-for-trailer\/"},"modified":"2024-12-23T03:39:19","modified_gmt":"2024-12-23T03:39:19","slug":"the-latest-design-small-welded-hydraulic-cylinder-hydraulic-piston-cylinder-for-trailer","status":"publish","type":"product","link":"https:\/\/fmp-components.com\/fr\/product\/the-latest-design-small-welded-hydraulic-cylinder-hydraulic-piston-cylinder-for-trailer\/","title":{"rendered":"Le dernier mod\u00e8le de petit v\u00e9rin hydraulique soud\u00e9, v\u00e9rin \u00e0 piston hydraulique pour remorque"},"content":{"rendered":"<h2>Le dernier design de petit cylindre hydraulique soud\u00e9 Cylindre \u00e0 piston hydraulique pour remorque :<\/h2>\n<p>Le petit v\u00e9rin hydraulique soud\u00e9 de derni\u00e8re g\u00e9n\u00e9ration pour remorque est un v\u00e9rin hydraulique de haute qualit\u00e9, sp\u00e9cialement con\u00e7u pour les remorques. Gr\u00e2ce \u00e0 sa conception innovante, il offre des performances et une fiabilit\u00e9 sup\u00e9rieures.<\/p>\n<p>Ce v\u00e9rin hydraulique est fabriqu\u00e9 \u00e0 l'aide de techniques de soudage avanc\u00e9es, garantissant durabilit\u00e9 et r\u00e9sistance. Con\u00e7u pour supporter de lourdes charges et des conditions de travail difficiles, il est id\u00e9al pour les applications sur remorques.<\/p>\n<p>Le piston de ce v\u00e9rin hydraulique est soigneusement con\u00e7u pour assurer un contr\u00f4le fluide et pr\u00e9cis du mouvement. Il offre une force et une vitesse exceptionnelles, permettant un fonctionnement efficace de la remorque.<\/p>\n<p><img loading=\"lazy\" decoding=\"async\" class=\"alignnone size-full wp-image-1334\" src=\"https:\/\/fmp-components.com\/wp-content\/uploads\/2024\/12\/Adjustable-Clevis-Type-Cylinders-4.webp\" alt=\"V\u00e9rins \u00e0 chape r\u00e9glable\" width=\"800\" height=\"800\" title=\"\" srcset=\"https:\/\/fmp-components.com\/wp-content\/uploads\/2024\/12\/Adjustable-Clevis-Type-Cylinders-4.webp 800w, https:\/\/fmp-components.com\/wp-content\/uploads\/2024\/12\/Adjustable-Clevis-Type-Cylinders-4-480x480.webp 480w\" sizes=\"(min-width: 0px) and (max-width: 480px) 480px, (min-width: 481px) 800px, 100vw\" \/><\/p>\n<p>L'une des principales caract\u00e9ristiques de ce v\u00e9rin hydraulique est sa compacit\u00e9. Sa conception compacte facilite son installation et son int\u00e9gration au syst\u00e8me de remorque sans compromettre ses performances.<\/p>\n<p>Le v\u00e9rin hydraulique \u00e0 piston soud\u00e9 de derni\u00e8re g\u00e9n\u00e9ration pour remorque est tr\u00e8s polyvalent et convient \u00e0 diverses applications de remorques, notamment les remorques \u00e0 benne basculante, les remorques \u00e0 plateau et les remorques utilitaires. Il est con\u00e7u pour am\u00e9liorer la fonctionnalit\u00e9 et l'efficacit\u00e9 globales de la remorque.<\/p>\n<p>En conclusion, le petit v\u00e9rin hydraulique soud\u00e9 de derni\u00e8re g\u00e9n\u00e9ration pour remorque est un produit haut de gamme offrant des performances et une fiabilit\u00e9 exceptionnelles. Ses fonctionnalit\u00e9s avanc\u00e9es et sa conception compacte en font un excellent choix pour toute application sur remorque.<\/p>\n<table style=\"width: 100%;\" border=\"1\" width=\"100%\" cellspacing=\"0\" cellpadding=\"0\">\n<tbody>\n<tr>\n<th>Nom du produit<\/th>\n<td>Petit v\u00e9rin hydraulique soud\u00e9 pour remorques<\/td>\n<\/tr>\n<tr>\n<th>Garantie<\/th>\n<td>1 an<\/td>\n<\/tr>\n<tr>\n<th>Industries concern\u00e9es<\/th>\n<td>Ateliers de r\u00e9paration de machines, exploitations agricoles, \u00e9nergie et mines, fabrication de machines<\/td>\n<\/tr>\n<tr>\n<th>Poids (KG)<\/th>\n<td>85<\/td>\n<\/tr>\n<tr>\n<th>Pouss\u00e9e maximale<\/th>\n<td>3000<\/td>\n<\/tr>\n<tr>\n<th>Traction maximale<\/th>\n<td>20 tonnes<\/td>\n<\/tr>\n<tr>\n<th>Taper<\/th>\n<td>V\u00e9rin \u00e0 chape r\u00e9glable<\/td>\n<\/tr>\n<tr>\n<th>Ports<\/th>\n<td>G\/SAE\/NPT\/M<\/td>\n<\/tr>\n<tr>\n<th>Mat\u00e9riau du corps<\/th>\n<td>Acier durable<\/td>\n<\/tr>\n<tr>\n<th>Couleur<\/th>\n<td>Noir \u00e9l\u00e9gant<\/td>\n<\/tr>\n<tr>\n<th>Taille de l&#039;al\u00e9sage<\/th>\n<td>2 \u00e0 6 pouces<\/td>\n<\/tr>\n<tr>\n<th>Taille de la tige<\/th>\n<td>1,125 \u2013 4 pouces<\/td>\n<\/tr>\n<tr>\n<th>Taille de la course<\/th>\n<td>4 \u00e0 100 pouces<\/td>\n<\/tr>\n<tr>\n<th>Taille de la broche<\/th>\n<td>0,5 \u00e0 2 pouces<\/td>\n<\/tr>\n<tr>\n<th>Inspection vid\u00e9o de sortie<\/th>\n<td>Fourni<\/td>\n<\/tr>\n<tr>\n<th>Rapport d'essai des machines<\/th>\n<td>Fourni<\/td>\n<\/tr>\n<tr>\n<th>Certification<\/th>\n<td>ISO 9001:2000<\/td>\n<\/tr>\n<tr>\n<th>Structure<\/th>\n<td>Cylindre \u00e0 piston standard<\/td>\n<\/tr>\n<tr>\n<th>Pouvoir<\/th>\n<td>Hydraulique<\/td>\n<\/tr>\n<\/tbody>\n<\/table>\n<h2>Avantages des v\u00e9rins \u00e0 chape r\u00e9glable<\/h2>\n<p>Les v\u00e9rins \u00e0 chape r\u00e9glable offrent plusieurs avantages par rapport aux autres types de v\u00e9rins, tels que les v\u00e9rins \u00e0 tirants ou les v\u00e9rins soud\u00e9s. Ces atouts en font un choix populaire pour de nombreuses applications, notamment dans les secteurs de la construction, de l'agriculture et du transport. Dans cet article, nous explorerons les avantages des v\u00e9rins \u00e0 chape r\u00e9glable et les raisons pour lesquelles ils sont devenus le choix privil\u00e9gi\u00e9 de nombreux professionnels.<\/p>\n<h3>1. Le dernier mod\u00e8le de petit v\u00e9rin hydraulique soud\u00e9<\/h3>\n<p>L'un des principaux avantages des v\u00e9rins \u00e0 chape r\u00e9glable r\u00e9side dans leur conception la plus r\u00e9cente en mati\u00e8re de petits v\u00e9rins hydrauliques soud\u00e9s. Ils sont ainsi fabriqu\u00e9s avec les techniques et mat\u00e9riaux de fabrication les plus avanc\u00e9s, pour une robustesse et une fiabilit\u00e9 accrues. Ce petit v\u00e9rin hydraulique soud\u00e9 de derni\u00e8re g\u00e9n\u00e9ration est \u00e9galement plus performant que les anciens mod\u00e8les, ce qui lui conf\u00e8re une meilleure performance et une dur\u00e9e de vie accrue sous forte charge.<\/p>\n<h3>2. V\u00e9rin \u00e0 piston hydraulique pour remorque<\/h3>\n<p>Un autre avantage des v\u00e9rins \u00e0 chape r\u00e9glable est leur grande personnalisation, ce qui les rend id\u00e9aux pour de nombreuses applications. Par exemple, ils sont fr\u00e9quemment utilis\u00e9s comme v\u00e9rins hydrauliques \u00e0 piston pour remorques. La chape r\u00e9glable facilite l'installation et le r\u00e9glage, permettant ainsi d'adapter facilement le v\u00e9rin aux besoins sp\u00e9cifiques de la remorque.<\/p>\n<h3>3. Durabilit\u00e9 am\u00e9lior\u00e9e<\/h3>\n<p>Les v\u00e9rins \u00e0 chape r\u00e9glable sont \u00e9galement tr\u00e8s durables gr\u00e2ce \u00e0 leur conception et \u00e0 leurs mat\u00e9riaux robustes. Fabriqu\u00e9s en acier de haute qualit\u00e9, trait\u00e9 pour r\u00e9sister \u00e0 la corrosion et \u00e0 l'usure, ils dureront des ann\u00e9es. De plus, leur conception r\u00e9glable r\u00e9duit les risques de dommages dus \u00e0 un mauvais alignement ou \u00e0 une installation incorrecte.<\/p>\n<h3>4. Bon fonctionnement<\/h3>\n<p>Un autre avantage des v\u00e9rins \u00e0 chape r\u00e9glable est leur fonctionnement fluide, avec un minimum de frottements et de r\u00e9sistance. Ceci est d\u00fb \u00e0 leur conception avanc\u00e9e, qui inclut des caract\u00e9ristiques telles que des tubes rod\u00e9s, un usinage de pr\u00e9cision et des joints de haute qualit\u00e9. Il en r\u00e9sulte un v\u00e9rin hydraulique fonctionnant de mani\u00e8re fluide et efficace, sans \u00e0-coups ni h\u00e9sitations.<\/p>\n<h3>5. Polyvalence<\/h3>\n<p>Enfin, l'un des principaux avantages des v\u00e9rins \u00e0 chape r\u00e9glable r\u00e9side dans leur polyvalence. Ils conviennent \u00e0 une large gamme d'applications, des machines lourdes aux \u00e9quipements agricoles en passant par les v\u00e9hicules de transport. Leur conception ajustable permet de les adapter facilement aux besoins sp\u00e9cifiques de l'application, ce qui en fait un choix polyvalent et flexible pour tout projet.<\/p>\n<p>En conclusion, les v\u00e9rins \u00e0 chape r\u00e9glable offrent plusieurs avantages par rapport aux autres types de v\u00e9rins, notamment une durabilit\u00e9 accrue, un fonctionnement fluide, une polyvalence accrue et une conception de pointe pour les petits v\u00e9rins hydrauliques soud\u00e9s. Leur conception ajustable et leurs fonctionnalit\u00e9s personnalisables en font un choix id\u00e9al pour de nombreuses applications. Leurs techniques de fabrication avanc\u00e9es et leurs mat\u00e9riaux de haute qualit\u00e9 garantissent une longue dur\u00e9e de vie. Que vous travailliez dans le b\u00e2timent, l'agriculture ou le transport, les v\u00e9rins \u00e0 chape r\u00e9glable constituent un choix fiable et efficace pour vos besoins en v\u00e9rins hydrauliques.<img decoding=\"async\" src=\"https:\/\/fmp-components.com\/wp-content\/uploads\/2024\/12\/Adjustable-Clevis-Type-Cylinders5.webp\" alt=\"V\u00e9rin \u00e0 chape r\u00e9glable\" width=\"800\" title=\"\"><\/p>\n<h2>Application des v\u00e9rins \u00e0 chape r\u00e9glable<\/h2>\n<p>Le dernier mod\u00e8le de petit v\u00e9rin hydraulique soud\u00e9, v\u00e9rin \u00e0 piston hydraulique pour remorque<\/p>\n<p>Les v\u00e9rins \u00e0 chape r\u00e9glable sont des dispositifs hydrauliques polyvalents qui trouvent de nombreuses applications dans divers secteurs. Ces v\u00e9rins hydrauliques innovants, comme le v\u00e9rin \u00e0 piston hydraulique soud\u00e9 de derni\u00e8re g\u00e9n\u00e9ration pour remorques, offrent des performances et une fiabilit\u00e9 exceptionnelles. Dans cet article, nous explorerons les diff\u00e9rentes applications des v\u00e9rins \u00e0 chape r\u00e9glable et d\u00e9taillerons leurs fonctionnalit\u00e9s et leurs avantages.<\/p>\n<p><strong>1. Automatisation industrielle :<\/strong><\/p>\n<p>Les v\u00e9rins \u00e0 chape r\u00e9glable jouent un r\u00f4le crucial dans les syst\u00e8mes d'automatisation industrielle. Capables d'assurer un mouvement lin\u00e9aire pr\u00e9cis, ils sont parfaitement adapt\u00e9s aux applications exigeant un positionnement pr\u00e9cis et un mouvement contr\u00f4l\u00e9. Gr\u00e2ce \u00e0 leur conception \u00e0 chape r\u00e9glable, ces v\u00e9rins offrent une grande flexibilit\u00e9 de montage, permettant une int\u00e9gration transparente \u00e0 divers processus automatis\u00e9s.<\/p>\n<p><strong>2. \u00c9quipement de manutention :<\/strong><\/p>\n<p>Le v\u00e9rin hydraulique \u00e0 piston pour remorques est largement utilis\u00e9 dans les \u00e9quipements de manutention, tels que les chariots \u00e9l\u00e9vateurs, les grues et les chargeuses. Il offre la force et la stabilit\u00e9 n\u00e9cessaires pour soulever et d\u00e9placer facilement des charges lourdes. La chape r\u00e9glable facilite l'installation et le r\u00e9glage, garantissant ainsi des performances et une s\u00e9curit\u00e9 optimales lors des op\u00e9rations de manutention.<\/p>\n<p><strong>3. Engins de chantier :<\/strong><\/p>\n<p>Les engins de chantier utilisent des v\u00e9rins \u00e0 chape r\u00e9glable pour r\u00e9aliser une grande vari\u00e9t\u00e9 de t\u00e2ches. Des excavatrices aux bulldozers, ces v\u00e9rins sont des composants essentiels pour un contr\u00f4le pr\u00e9cis et un fonctionnement efficace. Le nouveau v\u00e9rin hydraulique compact soud\u00e9 offre une r\u00e9sistance et une durabilit\u00e9 accrues, lui permettant de r\u00e9sister aux rigueurs des environnements de construction exigeants.<\/p>\n<p><strong>4. \u00c9quipement agricole :<\/strong><\/p>\n<p>Dans le secteur agricole, les v\u00e9rins \u00e0 chape r\u00e9glable sont couramment utilis\u00e9s sur divers \u00e9quipements agricoles. Ils fournissent la puissance n\u00e9cessaire pour des t\u00e2ches telles que le labour, le semis et la r\u00e9colte. Le v\u00e9rin hydraulique \u00e0 piston pour remorque, gr\u00e2ce \u00e0 sa conception compacte et ses hautes performances, am\u00e9liore l'efficacit\u00e9 et la productivit\u00e9 des machines agricoles.<\/p>\n<p><strong>5. Applications mobiles :<\/strong><\/p>\n<p>Les v\u00e9rins \u00e0 chape r\u00e9glable sont \u00e9galement utilis\u00e9s dans les \u00e9quipements mobiles, notamment les camions, les remorques et les grues mobiles. Ils assurent un mouvement fluide et contr\u00f4l\u00e9 de diff\u00e9rentes pi\u00e8ces, telles que les m\u00e9canismes de levage et les syst\u00e8mes de direction. Ce petit v\u00e9rin hydraulique soud\u00e9 de derni\u00e8re g\u00e9n\u00e9ration, dot\u00e9 de fonctionnalit\u00e9s avanc\u00e9es et de performances fiables, est un choix privil\u00e9gi\u00e9 pour les applications mobiles o\u00f9 les contraintes d'espace et de poids sont critiques.<\/p>\n<p>En conclusion, les v\u00e9rins \u00e0 chape r\u00e9glable, notamment le petit v\u00e9rin hydraulique soud\u00e9 de derni\u00e8re g\u00e9n\u00e9ration pour remorques, sont utilis\u00e9s dans de nombreux secteurs. Leur polyvalence, leur contr\u00f4le pr\u00e9cis des mouvements et leur robustesse en font des composants indispensables pour l'automatisation industrielle, la manutention, les engins de chantier, les \u00e9quipements agricoles et les applications mobiles. Gr\u00e2ce \u00e0 leurs fonctionnalit\u00e9s avanc\u00e9es et \u00e0 leur conformit\u00e9 aux normes professionnelles, ces v\u00e9rins continuent de r\u00e9volutionner les syst\u00e8mes hydrauliques et contribuent \u00e0 optimiser l'efficacit\u00e9 op\u00e9rationnelle dans diff\u00e9rents secteurs.<\/p>\n<p><img decoding=\"async\" src=\"https:\/\/fmp-components.com\/wp-content\/uploads\/2024\/12\/Application-of-Adjustable-Clevis-Type-Cylinders.webp\" alt=\"V\u00e9rin \u00e0 chape r\u00e9glable\" width=\"800\" title=\"\"><\/p>\n<h3>\u00c0 propos de FMP<\/h3>\n<p>FMP est une entreprise sp\u00e9cialis\u00e9e dans la production et la vente de v\u00e9rins hydrauliques. Implant\u00e9e en Italie, nous b\u00e9n\u00e9ficions de nombreuses ann\u00e9es d'exp\u00e9rience dans le secteur des engins de chantier et d'une \u00e9quipe de professionnels d\u00e9vou\u00e9s \u00e0 la fourniture de produits et services fiables et de haute qualit\u00e9.<\/p>\n<p><img decoding=\"async\" src=\"https:\/\/fmp-components.com\/wp-content\/uploads\/2024\/12\/Adjustable-Clevis-Type-Cylinders-6.webp\" alt=\"V\u00e9rin \u00e0 chape r\u00e9glable\" width=\"818\" title=\"\"><\/p>\n<p>Voici cinq raisons pour lesquelles vous devriez choisir FMP pour vos besoins en v\u00e9rins hydrauliques\u00a0:<\/p>\n<ol>\n<li>Large gamme de produits\u00a0: Nous proposons une gamme compl\u00e8te de v\u00e9rins hydrauliques, notamment des v\u00e9rins \u00e0 chape r\u00e9glable, des v\u00e9rins \u00e0 tirants, des v\u00e9rins soud\u00e9s, et bien plus encore. Quels que soient vos besoins sp\u00e9cifiques, nous avons le v\u00e9rin qu'il vous faut.<\/li>\n<li>Qualit\u00e9 exceptionnelle\u00a0: Tous nos v\u00e9rins hydrauliques sont fabriqu\u00e9s avec des mat\u00e9riaux de premi\u00e8re qualit\u00e9 et une technologie de pointe. Nous adh\u00e9rons \u00e0 des normes de qualit\u00e9 strictes afin de garantir que nos produits r\u00e9pondent aux attentes de nos clients, voire les d\u00e9passent.<\/li>\n<li>Performances fiables\u00a0: Nos v\u00e9rins hydrauliques sont con\u00e7us pour offrir des performances fiables et constantes, m\u00eame dans des conditions difficiles. Ils sont con\u00e7us pour supporter de lourdes charges et assurer un fonctionnement fluide et efficace.<\/li>\n<li>Conseil d'expert\u00a0: Notre \u00e9quipe commerciale exp\u00e9riment\u00e9e ma\u00eetrise parfaitement le secteur des engins de chantier. Elle conna\u00eet les derni\u00e8res tendances et les besoins des clients et peut vous fournir des conseils professionnels sur les produits pour vous aider \u00e0 faire le bon choix pour vos projets.<\/li>\n<li>Livraison efficace\u00a0: Nous comprenons l'importance d'une livraison rapide. Gr\u00e2ce \u00e0 notre syst\u00e8me de distribution logistique performant, nous garantissons la livraison rapide et pr\u00e9cise des v\u00e9rins hydrauliques dont vous avez besoin, minimisant ainsi les temps d'arr\u00eat et assurant le bon d\u00e9roulement de vos projets.<\/li>\n<\/ol>\n<p>Faites appel \u00e0 FMP pour vos besoins en v\u00e9rins hydrauliques et d\u00e9couvrez la diff\u00e9rence. Contactez-nous d\u00e8s aujourd'hui pour discuter de vos besoins et trouver la solution id\u00e9ale pour vos engins de chantier.<\/p>\n<h2>FAQ<\/h2>\n<p><strong>Q : Quelles industries peuvent b\u00e9n\u00e9ficier de votre derni\u00e8re conception de petit v\u00e9rin \u00e0 piston hydraulique soud\u00e9 pour remorques ?<\/strong><br \/>\nR : Notre v\u00e9rin \u00e0 piston hydraulique est polyvalent et peut \u00eatre utilis\u00e9 dans un large \u00e9ventail d\u2019industries, notamment les ateliers de r\u00e9paration de machines, les fermes, l\u2019\u00e9nergie et l\u2019exploitation mini\u00e8re et la fabrication de machines.<\/p>\n<p><strong>Q\u00a0:\u00a0Quelle est la pouss\u00e9e maximale et la traction maximale du cylindre\u00a0?<\/strong><br \/>\nR : Le v\u00e9rin offre une pouss\u00e9e maximale de 3 000 et une traction maximale de 20 tonnes, ce qui le rend adapt\u00e9 aux travaux lourds.<\/p>\n<p><strong>Q\u00a0:\u00a0Puis-je b\u00e9n\u00e9ficier d\u2019une assistance produit pour l\u2019installation et la maintenance du cylindre\u00a0?<\/strong><br \/>\nR : Oui, nous fournissons une assistance produit compl\u00e8te, y compris des conseils sur les proc\u00e9dures d\u2019installation, des conseils de maintenance et les meilleures pratiques pour garantir la long\u00e9vit\u00e9 et les performances optimales de nos cylindres.<\/p>\n<p><img decoding=\"async\" src=\"https:\/\/img.jiansujichilun.com\/img\/hydrauliccylinders\/C_hydrauliccylinders-5.webp\" alt=\"v\u00e9rin hydraulique\" width=\"800\" title=\"\"><\/p>\n<p>Auteur : CX<\/p>","protected":false},"excerpt":{"rendered":"<p>The Latest Design Small Welded Hydraulic Cylinder Hydraulic Piston Cylinder For Trailer: The Latest Design Small Welded Hydraulic Cylinder Hydraulic Piston Cylinder For Trailer is a high-quality hydraulic cylinder designed specifically for trailers. With its innovative design, this hydraulic cylinder offers superior performance and reliability. This hydraulic cylinder is constructed using advanced welding techniques, ensuring [&hellip;]<\/p>","protected":false},"featured_media":1336,"comment_status":"closed","ping_status":"closed","template":"","meta":{"_et_pb_use_builder":"","_et_pb_old_content":"","_et_gb_content_width":""},"product_brand":[],"product_cat":[39],"product_tag":[41,34],"class_list":{"0":"post-1356","1":"product","2":"type-product","3":"status-publish","4":"has-post-thumbnail","6":"product_cat-adjustable-clevis-type-cylinders","7":"product_tag-adjustable-clevis-type-cylinders","8":"product_tag-hydraulic-cylinder","10":"first","11":"instock","12":"product-type-simple"},"_links":{"self":[{"href":"https:\/\/fmp-components.com\/fr\/wp-json\/wp\/v2\/product\/1356","targetHints":{"allow":["GET"]}}],"collection":[{"href":"https:\/\/fmp-components.com\/fr\/wp-json\/wp\/v2\/product"}],"about":[{"href":"https:\/\/fmp-components.com\/fr\/wp-json\/wp\/v2\/types\/product"}],"replies":[{"embeddable":true,"href":"https:\/\/fmp-components.com\/fr\/wp-json\/wp\/v2\/comments?post=1356"}],"wp:featuredmedia":[{"embeddable":true,"href":"https:\/\/fmp-components.com\/fr\/wp-json\/wp\/v2\/media\/1336"}],"wp:attachment":[{"href":"https:\/\/fmp-components.com\/fr\/wp-json\/wp\/v2\/media?parent=1356"}],"wp:term":[{"taxonomy":"product_brand","embeddable":true,"href":"https:\/\/fmp-components.com\/fr\/wp-json\/wp\/v2\/product_brand?post=1356"},{"taxonomy":"product_cat","embeddable":true,"href":"https:\/\/fmp-components.com\/fr\/wp-json\/wp\/v2\/product_cat?post=1356"},{"taxonomy":"product_tag","embeddable":true,"href":"https:\/\/fmp-components.com\/fr\/wp-json\/wp\/v2\/product_tag?post=1356"}],"curies":[{"name":"wp","href":"https:\/\/api.w.org\/{rel}","templated":true}]}}