{"id":1355,"date":"2024-12-23T02:18:07","date_gmt":"2024-12-23T02:18:07","guid":{"rendered":"https:\/\/fmp-components.com\/product\/factory-direct-sale-hydraulic-cylinder-small-trailer-hydraulic-cylinder-for-sale\/"},"modified":"2024-12-23T03:39:26","modified_gmt":"2024-12-23T03:39:26","slug":"factory-direct-sale-hydraulic-cylinder-small-trailer-hydraulic-cylinder-for-sale","status":"publish","type":"product","link":"https:\/\/fmp-components.com\/fr\/product\/factory-direct-sale-hydraulic-cylinder-small-trailer-hydraulic-cylinder-for-sale\/","title":{"rendered":"Vente directe d'usine : v\u00e9rin hydraulique pour petite remorque."},"content":{"rendered":"<p>Le v\u00e9rin hydraulique vendu directement par l'usine est un v\u00e9rin de haute qualit\u00e9 con\u00e7u sp\u00e9cifiquement pour les petites remorques. Gr\u00e2ce \u00e0 sa construction robuste et \u00e0 ses performances fiables, ce v\u00e9rin hydraulique est id\u00e9al pour diverses applications dans les secteurs industriel et commercial.<\/p>\n<p>L'un des principaux atouts de ce v\u00e9rin hydraulique r\u00e9side dans son impressionnante capacit\u00e9 de levage. Capable de g\u00e9n\u00e9rer une force consid\u00e9rable, il permet de soulever et de d\u00e9placer des charges lourdes avec aisance. Qu'il s'agisse de mat\u00e9riaux de construction, d'\u00e9quipements industriels ou de machines agricoles, ce v\u00e9rin hydraulique s'acquittera efficacement de la t\u00e2che.<\/p>\n<p>Un autre atout majeur de ce v\u00e9rin hydraulique est sa compacit\u00e9. Malgr\u00e9 son faible encombrement, il offre une puissance et des performances exceptionnelles. Il constitue ainsi un choix id\u00e9al pour les applications o\u00f9 l'espace est limit\u00e9 mais o\u00f9 une alimentation hydraulique fiable est essentielle.<\/p>\n<p><img loading=\"lazy\" decoding=\"async\" class=\"alignnone size-full wp-image-1334\" src=\"https:\/\/fmp-components.com\/wp-content\/uploads\/2024\/12\/Adjustable-Clevis-Type-Cylinders-4.webp\" alt=\"V\u00e9rins \u00e0 chape r\u00e9glable\" width=\"800\" height=\"800\" title=\"\" srcset=\"https:\/\/fmp-components.com\/wp-content\/uploads\/2024\/12\/Adjustable-Clevis-Type-Cylinders-4.webp 800w, https:\/\/fmp-components.com\/wp-content\/uploads\/2024\/12\/Adjustable-Clevis-Type-Cylinders-4-480x480.webp 480w\" sizes=\"(min-width: 0px) and (max-width: 480px) 480px, (min-width: 481px) 800px, 100vw\" \/><\/p>\n<p>Le v\u00e9rin hydraulique vendu directement par l'usine est con\u00e7u pour des mouvements fluides et pr\u00e9cis. Gr\u00e2ce \u00e0 sa technologie hydraulique de pointe, il garantit une pr\u00e9cision optimale lors des op\u00e9rations de levage et d'abaissement. Ceci am\u00e9liore l'efficacit\u00e9 tout en r\u00e9duisant les risques d'accidents et d'endommagement de la charge ou du mat\u00e9riel d\u00e9plac\u00e9.<\/p>\n<p>De plus, ce v\u00e9rin hydraulique est con\u00e7u pour une durabilit\u00e9 et une long\u00e9vit\u00e9 optimales. Fabriqu\u00e9 \u00e0 partir de mat\u00e9riaux de haute qualit\u00e9, il r\u00e9siste \u00e0 une utilisation intensive et aux conditions environnementales difficiles. Ainsi, il reste fiable et fonctionnel pendant longtemps, minimisant les co\u00fbts de maintenance et de remplacement.<\/p>\n<p>En conclusion, le v\u00e9rin hydraulique vendu directement par l'usine est un v\u00e9rin haut de gamme offrant une excellente capacit\u00e9 de levage, une taille compacte, des mouvements fluides et une grande durabilit\u00e9. Que vous travailliez dans le BTP, l'industrie ou l'agriculture, ce v\u00e9rin hydraulique est un choix fiable qui r\u00e9pondra efficacement \u00e0 vos besoins en puissance hydraulique.<\/p>\n<table style=\"width: 100%;\" border=\"1\" width=\"100%\" cellspacing=\"0\" cellpadding=\"0\">\n<tbody>\n<tr>\n<th>Condition<\/th>\n<td>Nouveau<\/td>\n<\/tr>\n<tr>\n<th>Garantie<\/th>\n<td>1 an<\/td>\n<\/tr>\n<tr>\n<th>Industries concern\u00e9es<\/th>\n<td>Ateliers de r\u00e9paration de machines, exploitations agricoles, \u00e9nergie et mines, fabrication de machines, usine de machines<\/td>\n<\/tr>\n<tr>\n<th>Poids (KG)<\/th>\n<td>85<\/td>\n<\/tr>\n<tr>\n<th>Inspection vid\u00e9o de sortie<\/th>\n<td>Fourni<\/td>\n<\/tr>\n<tr>\n<th>Rapport d'essai des machines<\/th>\n<td>Fourni<\/td>\n<\/tr>\n<tr>\n<th>Type de marketing<\/th>\n<td>Nouveau produit 2023<\/td>\n<\/tr>\n<tr>\n<th>Garantie des composants de base<\/th>\n<td>1 an<\/td>\n<\/tr>\n<tr>\n<th>Composants de base<\/th>\n<td>Roulement, v\u00e9rin hydraulique<\/td>\n<\/tr>\n<tr>\n<th>Standard ou non standard<\/th>\n<td>Standard<\/td>\n<\/tr>\n<tr>\n<th>Structure<\/th>\n<td>Cylindre \u00e0 piston<\/td>\n<\/tr>\n<tr>\n<th>Pouvoir<\/th>\n<td>Hydraulique<\/td>\n<\/tr>\n<tr>\n<th>Mat\u00e9riau du corps<\/th>\n<td>Acier<\/td>\n<\/tr>\n<tr>\n<th>Pouss\u00e9e maximale<\/th>\n<td>3000<\/td>\n<\/tr>\n<tr>\n<th>Taper<\/th>\n<td>V\u00e9rins \u00e0 chape r\u00e9glable<\/td>\n<\/tr>\n<tr>\n<th>Ports<\/th>\n<td>G\/SAE\/NPT\/M<\/td>\n<\/tr>\n<tr>\n<th>Traction maximale<\/th>\n<td>20 tonnes<\/td>\n<\/tr>\n<tr>\n<th>Certification<\/th>\n<td>ISO 9001:2000<\/td>\n<\/tr>\n<tr>\n<th>Taille de l&#039;al\u00e9sage<\/th>\n<td>2 \u00e0 6 pouces<\/td>\n<\/tr>\n<tr>\n<th>Taille de la tige<\/th>\n<td>1,125 \u2013 4 pouces<\/td>\n<\/tr>\n<tr>\n<th>Taille de la course<\/th>\n<td>4 \u00e0 100 pouces<\/td>\n<\/tr>\n<tr>\n<th>Taille de la broche<\/th>\n<td>0,5 \u00e0 2 pouces<\/td>\n<\/tr>\n<tr>\n<th>Couleur<\/th>\n<td>Noir<\/td>\n<\/tr>\n<tr>\n<th>D\u00e9tails de l'emballage<\/th>\n<td>Caisse en fer, caisse en contreplaqu\u00e9 ou bo\u00eete en carton<\/td>\n<\/tr>\n<\/tbody>\n<\/table>\n<p>&nbsp;<\/p>\n<h2>Avantages des v\u00e9rins \u00e0 chape r\u00e9glable<\/h2>\n<p>Les v\u00e9rins \u00e0 chape r\u00e9glable sont largement utilis\u00e9s dans divers secteurs industriels gr\u00e2ce \u00e0 leur flexibilit\u00e9 et leur robustesse. Ils pr\u00e9sentent de nombreux avantages par rapport aux autres types de v\u00e9rins. Cet article explore les atouts des v\u00e9rins \u00e0 chape r\u00e9glable et explique leur popularit\u00e9 dans de nombreuses applications.<\/p>\n<h3>1. Polyvalence<\/h3>\n<p>L'un des principaux avantages des v\u00e9rins \u00e0 chape r\u00e9glable r\u00e9side dans leur polyvalence. Ces v\u00e9rins s'adaptent \u00e0 une grande vari\u00e9t\u00e9 d'applications, des petits v\u00e9rins hydrauliques pour remorques aux grandes machines industrielles. Ils sont con\u00e7us pour fonctionner dans des conditions extr\u00eames, notamment \u00e0 hautes temp\u00e9ratures et sous pressions extr\u00eames.<\/p>\n<h3>2. Personnalisation<\/h3>\n<p>Un autre avantage des v\u00e9rins \u00e0 chape r\u00e9glable r\u00e9side dans leur personnalisation. Ces v\u00e9rins peuvent \u00eatre adapt\u00e9s aux besoins sp\u00e9cifiques de diff\u00e9rentes applications. Les fabricants proposent un large \u00e9ventail d'options, notamment diff\u00e9rents diam\u00e8tres d'al\u00e9sage, longueurs de course et types de montage. Cela permet aux utilisateurs de choisir le v\u00e9rin id\u00e9al pour leur application.<\/p>\n<h3>3. Durabilit\u00e9<\/h3>\n<p>Les v\u00e9rins \u00e0 chape r\u00e9glable sont r\u00e9put\u00e9s pour leur robustesse. Con\u00e7us pour r\u00e9sister aux conditions d'utilisation les plus exigeantes, notamment les hautes temp\u00e9ratures, les pressions extr\u00eames et les charges importantes, ils sont fabriqu\u00e9s \u00e0 partir de mat\u00e9riaux de haute qualit\u00e9, comme l'acier, qui leur conf\u00e8re une excellente r\u00e9sistance \u00e0 l'usure. De ce fait, ils ont une longue dur\u00e9e de vie et n\u00e9cessitent un entretien minimal.<\/p>\n<h3>4. Fonctionnement efficace<\/h3>\n<p>Les v\u00e9rins \u00e0 chape r\u00e9glable sont \u00e9galement reconnus pour leur efficacit\u00e9. Con\u00e7us pour un fonctionnement fluide et pr\u00e9cis, ils sont dot\u00e9s de fonctionnalit\u00e9s avanc\u00e9es, comme un amortissement r\u00e9glable, permettant un contr\u00f4le pr\u00e9cis de leur mouvement. Il en r\u00e9sulte une efficacit\u00e9 accrue et une consommation d'\u00e9nergie r\u00e9duite.<\/p>\n<h3>5. Rentable<\/h3>\n<p>Enfin, les v\u00e9rins \u00e0 chape r\u00e9glable sont \u00e9conomiques. Disponibles \u00e0 prix direct usine, ils constituent une solution abordable pour de nombreuses applications. De plus, leur longue dur\u00e9e de vie et leurs faibles besoins d'entretien en font un investissement rentable sur le long terme.<\/p>\n<p>En conclusion, les v\u00e9rins \u00e0 chape r\u00e9glable constituent un choix polyvalent, personnalisable, durable, performant et \u00e9conomique pour de nombreuses applications. Qu'il s'agisse d'un petit v\u00e9rin hydraulique pour remorque ou d'un grand v\u00e9rin pour machine industrielle, les v\u00e9rins \u00e0 chape r\u00e9glable repr\u00e9sentent une solution fiable et efficace.<img decoding=\"async\" src=\"https:\/\/fmp-components.com\/wp-content\/uploads\/2024\/12\/Adjustable-Clevis-Type-Cylinders5.webp\" alt=\"V\u00e9rin \u00e0 chape r\u00e9glable\" width=\"800\" title=\"\"><\/p>\n<h2>Application des v\u00e9rins \u00e0 chape r\u00e9glable<\/h2>\n<p>Les v\u00e9rins \u00e0 chape r\u00e9glable, tels que les v\u00e9rins hydrauliques vendus directement par le fabricant et les petits v\u00e9rins hydrauliques pour remorques, sont des dispositifs hydrauliques polyvalents utilis\u00e9s dans de nombreux secteurs industriels. Leur conception sp\u00e9cifique leur conf\u00e8re des caract\u00e9ristiques et des avantages uniques, ce qui en fait un choix id\u00e9al pour des applications particuli\u00e8res. Examinons quelques-unes de leurs principales applications\u00a0:<\/p>\n<h3>1. Automatisation industrielle<\/h3>\n<p>Dans les processus d'automatisation industrielle, les v\u00e9rins \u00e0 chape r\u00e9glable jouent un r\u00f4le crucial en assurant un mouvement lin\u00e9aire pr\u00e9cis et contr\u00f4l\u00e9. Ces v\u00e9rins sont couramment utilis\u00e9s dans les syst\u00e8mes robotis\u00e9s, les cha\u00eenes de montage et les \u00e9quipements de manutention. La conception unique de la chape r\u00e9glable facilite son installation et son r\u00e9glage, ce qui simplifie son int\u00e9gration dans les syst\u00e8mes automatis\u00e9s.<\/p>\n<p>Par exemple, dans une application de soudage robotis\u00e9, le v\u00e9rin \u00e0 chape r\u00e9glable assure un positionnement pr\u00e9cis de l'outil de soudage, permettant ainsi des soudures pr\u00e9cises et r\u00e9guli\u00e8res. La possibilit\u00e9 d'ajuster la position de la chape du v\u00e9rin offre une grande flexibilit\u00e9 pour s'adapter \u00e0 des pi\u00e8ces de dimensions et de formes vari\u00e9es.<\/p>\n<h3>2. Construction et engins lourds<\/h3>\n<p>Les v\u00e9rins \u00e0 chape r\u00e9glable sont largement utilis\u00e9s dans le secteur de la construction et des engins de chantier, o\u00f9 ils contribuent au bon fonctionnement des \u00e9quipements. On les retrouve fr\u00e9quemment sur les pelles hydrauliques, les chargeuses et les bulldozers pour contr\u00f4ler les mouvements de fl\u00e8che, l'inclinaison du godet et d'autres applications n\u00e9cessitant un mouvement lin\u00e9aire puissant et pr\u00e9cis.<\/p>\n<p>Par exemple, sur une pelle hydraulique, le v\u00e9rin \u00e0 chape r\u00e9glable commande l'extension et la r\u00e9traction du bras, ainsi que l'ouverture et la fermeture du godet. La possibilit\u00e9 d'ajuster la longueur de la chape permet un r\u00e9glage pr\u00e9cis de la profondeur de creusement et une optimisation des performances de la machine.<\/p>\n<h3>3. Machines agricoles<\/h3>\n<p>Le secteur agricole tire profit des v\u00e9rins \u00e0 chape r\u00e9glables pour diverses op\u00e9rations agricoles. Ces v\u00e9rins sont couramment utilis\u00e9s dans les machines agricoles telles que les tracteurs, les charrues et les moissonneuses-batteuses, o\u00f9 ils permettent notamment de contr\u00f4ler la hauteur de travail des outils, d'ajuster la profondeur de travail du sol ou d'ouvrir et de fermer les tr\u00e9mies \u00e0 semences.<\/p>\n<p>Par exemple, dans un semoir, le cylindre \u00e0 chape r\u00e9glable permet de contr\u00f4ler la profondeur de semis. Ceci permet aux agriculteurs d'adapter la profondeur de semis aux conditions du sol, optimisant ainsi la germination et le rendement des cultures.<\/p>\n<h3>4. \u00c9quipement mobile<\/h3>\n<p>Les v\u00e9rins \u00e0 chape r\u00e9glable sont \u00e9galement utilis\u00e9s dans les engins mobiles, tels que les remorques, les camions-bennes et les plateformes \u00e9l\u00e9vatrices. Ces v\u00e9rins assurent des fonctions de levage, d'inclinaison et d'extension fiables et pr\u00e9cises, am\u00e9liorant ainsi la fonctionnalit\u00e9 et la s\u00e9curit\u00e9 globales de l'\u00e9quipement.<\/p>\n<p>Par exemple, dans un syst\u00e8me hydraulique de petite remorque, un v\u00e9rin \u00e0 chape r\u00e9glable est utilis\u00e9 pour commander le levage et l'abaissement du plateau. Ceci permet un chargement et un d\u00e9chargement efficaces, offrant ainsi confort et gain de temps aux utilisateurs.<\/p>\n<p>En conclusion, les v\u00e9rins \u00e0 chape r\u00e9glable, tels que les v\u00e9rins hydrauliques vendus directement par l'usine et les petits v\u00e9rins hydrauliques pour remorques, trouvent de nombreuses applications dans divers secteurs industriels. Leur capacit\u00e9 \u00e0 fournir un mouvement lin\u00e9aire pr\u00e9cis et contr\u00f4l\u00e9, associ\u00e9e \u00e0 leur facilit\u00e9 de r\u00e9glage, les rend indispensables dans l'automatisation industrielle, la construction, l'agriculture et les engins mobiles. Gr\u00e2ce \u00e0 leurs performances sup\u00e9rieures et \u00e0 leur polyvalence, ces v\u00e9rins contribuent \u00e0 l'efficacit\u00e9, \u00e0 la fiabilit\u00e9 et \u00e0 la s\u00e9curit\u00e9 de nombreux processus et op\u00e9rations.<\/p>\n<p><img decoding=\"async\" src=\"https:\/\/fmp-components.com\/wp-content\/uploads\/2024\/12\/Application-of-Adjustable-Clevis-Type-Cylinders.webp\" alt=\"V\u00e9rin \u00e0 chape r\u00e9glable\" width=\"800\" title=\"\"><\/p>\n<h3>\u00c0 propos de FMP<\/h3>\n<p>FMP est une entreprise sp\u00e9cialis\u00e9e dans la production et la vente de v\u00e9rins hydrauliques. Bas\u00e9e en Italie, elle propose des v\u00e9rins hydrauliques fiables et de haute qualit\u00e9, forts de nombreuses ann\u00e9es d'exp\u00e9rience et d'une \u00e9quipe de professionnels.<\/p>\n<p><img decoding=\"async\" src=\"https:\/\/fmp-components.com\/wp-content\/uploads\/2024\/12\/Adjustable-Clevis-Type-Cylinders-6.webp\" alt=\"V\u00e9rin \u00e0 chape r\u00e9glable\" width=\"817\" title=\"\"><\/p>\n<ol>\n<li>Large gamme de produits\u00a0: Nous proposons une gamme diversifi\u00e9e de v\u00e9rins hydrauliques adapt\u00e9s \u00e0 diverses applications dans le secteur des engins de construction.<\/li>\n<li>Qualit\u00e9 sup\u00e9rieure : Tous nos v\u00e9rins hydrauliques sont fabriqu\u00e9s \u00e0 partir de mat\u00e9riaux de premi\u00e8re qualit\u00e9 et font l'objet de contr\u00f4les de qualit\u00e9 rigoureux afin de garantir leur durabilit\u00e9 et leurs performances.<\/li>\n<li>Options de personnalisation\u00a0: Nous proposons des services de personnalisation pour r\u00e9pondre aux exigences sp\u00e9cifiques de nos clients, en leur fournissant des solutions sur mesure pour leurs besoins en machines de construction.<\/li>\n<li>\u00c9quipe commerciale experte\u00a0: Notre \u00e9quipe commerciale exp\u00e9riment\u00e9e poss\u00e8de une connaissance approfondie du secteur des machines de construction et peut fournir des conseils professionnels sur les produits afin d\u2019aider les clients \u00e0 prendre des d\u00e9cisions d\u2019achat \u00e9clair\u00e9es.<\/li>\n<li>Logistique efficace : Gr\u00e2ce \u00e0 notre syst\u00e8me de distribution logistique performant, nous garantissons une livraison rapide et pr\u00e9cise des v\u00e9rins hydrauliques \u00e0 nos clients, assurant ainsi le bon d\u00e9roulement de leurs projets sans retard.<\/li>\n<\/ol>\n<p>Pour tous vos besoins en v\u00e9rins hydrauliques, faites confiance \u00e0 FMP et d\u00e9couvrez la fiabilit\u00e9, la qualit\u00e9 et le professionnalisme qui nous distinguent dans le secteur des machines de construction.<\/p>\n<p>Auteur : CX<\/p>","protected":false},"excerpt":{"rendered":"<p>The Factory Direct Sale Hydraulic Cylinder is a high-quality hydraulic cylinder designed specifically for small trailers. With its durable construction and reliable performance, this hydraulic cylinder is perfect for various applications in the industrial and commercial sectors. One of the key features of this hydraulic cylinder is its impressive lifting capacity. It is capable of [&hellip;]<\/p>","protected":false},"featured_media":1340,"comment_status":"closed","ping_status":"closed","template":"","meta":{"_et_pb_use_builder":"","_et_pb_old_content":"","_et_gb_content_width":""},"product_brand":[],"product_cat":[39],"product_tag":[41,34],"class_list":{"0":"post-1355","1":"product","2":"type-product","3":"status-publish","4":"has-post-thumbnail","6":"product_cat-adjustable-clevis-type-cylinders","7":"product_tag-adjustable-clevis-type-cylinders","8":"product_tag-hydraulic-cylinder","10":"first","11":"instock","12":"product-type-simple"},"_links":{"self":[{"href":"https:\/\/fmp-components.com\/fr\/wp-json\/wp\/v2\/product\/1355","targetHints":{"allow":["GET"]}}],"collection":[{"href":"https:\/\/fmp-components.com\/fr\/wp-json\/wp\/v2\/product"}],"about":[{"href":"https:\/\/fmp-components.com\/fr\/wp-json\/wp\/v2\/types\/product"}],"replies":[{"embeddable":true,"href":"https:\/\/fmp-components.com\/fr\/wp-json\/wp\/v2\/comments?post=1355"}],"wp:featuredmedia":[{"embeddable":true,"href":"https:\/\/fmp-components.com\/fr\/wp-json\/wp\/v2\/media\/1340"}],"wp:attachment":[{"href":"https:\/\/fmp-components.com\/fr\/wp-json\/wp\/v2\/media?parent=1355"}],"wp:term":[{"taxonomy":"product_brand","embeddable":true,"href":"https:\/\/fmp-components.com\/fr\/wp-json\/wp\/v2\/product_brand?post=1355"},{"taxonomy":"product_cat","embeddable":true,"href":"https:\/\/fmp-components.com\/fr\/wp-json\/wp\/v2\/product_cat?post=1355"},{"taxonomy":"product_tag","embeddable":true,"href":"https:\/\/fmp-components.com\/fr\/wp-json\/wp\/v2\/product_tag?post=1355"}],"curies":[{"name":"wp","href":"https:\/\/api.w.org\/{rel}","templated":true}]}}