{"id":1354,"date":"2024-12-23T02:18:07","date_gmt":"2024-12-23T02:18:07","guid":{"rendered":"https:\/\/fmp-components.com\/product\/hot-sale-double-acting-20-ton-hydraulic-cylinder-welded-hydraulic-cylinder\/"},"modified":"2025-03-18T00:57:00","modified_gmt":"2025-03-18T00:57:00","slug":"hot-sale-double-acting-20-ton-hydraulic-cylinder-welded-hydraulic-cylinder","status":"publish","type":"product","link":"https:\/\/fmp-components.com\/fr\/product\/hot-sale-double-acting-20-ton-hydraulic-cylinder-welded-hydraulic-cylinder\/","title":{"rendered":"Vente chaude double effet v\u00e9rin hydraulique 20 tonnes v\u00e9rin hydraulique soud\u00e9"},"content":{"rendered":"<h2>Pr\u00e9sentation du v\u00e9rin hydraulique double effet 20 tonnes soud\u00e9, en promotion :<\/h2>\n<p>Le v\u00e9rin hydraulique double effet de 20 tonnes, en promotion, est un produit de haute qualit\u00e9 con\u00e7u pour les applications intensives. Gr\u00e2ce \u00e0 sa conception \u00e0 double effet, il offre un fonctionnement efficace et fiable en extension comme en r\u00e9traction.<\/p>\n<p>Ce v\u00e9rin hydraulique est con\u00e7u pour r\u00e9sister aux conditions les plus exigeantes et offrir des performances exceptionnelles. Sa construction robuste comprend un corps de v\u00e9rin soud\u00e9, garantissant durabilit\u00e9 et r\u00e9sistance aux hautes pressions. Capable de g\u00e9n\u00e9rer une force maximale de 20 tonnes, il convient \u00e0 diverses applications industrielles.<\/p>\n<p>Le v\u00e9rin hydraulique double effet de 20 tonnes, \u00e0 prix tr\u00e8s attractif, est con\u00e7u pour une installation et une utilisation simplifi\u00e9es. Son syst\u00e8me de montage polyvalent permet une int\u00e9gration flexible dans diff\u00e9rents syst\u00e8mes. Il est \u00e9galement fourni avec un large choix d'embouts de tige et d'accessoires de montage, assurant ainsi sa compatibilit\u00e9 avec de nombreuses applications.<\/p>\n<p>En mati\u00e8re de s\u00e9curit\u00e9 et d'efficacit\u00e9, ce v\u00e9rin hydraulique est \u00e9quip\u00e9 de joints de haute qualit\u00e9 et de composants de pr\u00e9cision. Il garantit une \u00e9tanch\u00e9it\u00e9 optimale et un fonctionnement fluide, optimisant ainsi les performances et r\u00e9duisant les besoins de maintenance.<\/p>\n<p>Que ce soit pour la construction, l'agriculture ou d'autres industries exigeantes, le v\u00e9rin hydraulique double effet de 20 tonnes, soud\u00e9 et en promotion, s'av\u00e8re une solution fiable et performante. Sa construction robuste, sa conception polyvalente et ses performances sup\u00e9rieures en font un excellent choix pour tout syst\u00e8me hydraulique.<\/p>\n<p><img loading=\"lazy\" decoding=\"async\" class=\"alignnone size-full wp-image-1334\" src=\"https:\/\/fmp-components.com\/wp-content\/uploads\/2024\/12\/Adjustable-Clevis-Type-Cylinders-4.webp\" alt=\"V\u00e9rins \u00e0 chape r\u00e9glable\" width=\"800\" height=\"800\" title=\"\" srcset=\"https:\/\/fmp-components.com\/wp-content\/uploads\/2024\/12\/Adjustable-Clevis-Type-Cylinders-4.webp 800w, https:\/\/fmp-components.com\/wp-content\/uploads\/2024\/12\/Adjustable-Clevis-Type-Cylinders-4-480x480.webp 480w\" sizes=\"(min-width: 0px) and (max-width: 480px) 480px, (min-width: 481px) 800px, 100vw\" \/><\/p>\n<p>Choisissez le v\u00e9rin hydraulique double effet 20 tonnes soud\u00e9, en promotion, et d\u00e9couvrez sa puissance et sa durabilit\u00e9.<\/p>\n<p>D\u00e9couvrez le nouveau v\u00e9rin hydraulique double effet de 20 tonnes, d\u00e9sormais disponible \u00e0 l'achat. Ce v\u00e9rin soud\u00e9 est con\u00e7u pour une durabilit\u00e9 et une robustesse exceptionnelles gr\u00e2ce \u00e0 sa construction solide en acier de haute qualit\u00e9. Son al\u00e9sage est r\u00e9glable de 2 \u00e0 6 pouces, son diam\u00e8tre de tige de 1,125 \u00e0 4 pouces et sa course de 4 \u00e0 100 pouces, ce qui le rend adapt\u00e9 \u00e0 diverses applications dans des secteurs tels que la r\u00e9paration de machines, l'agriculture, l'\u00e9nergie et les mines, la fabrication de machines et les usines de m\u00e9canique. Avec une pouss\u00e9e maximale de 3\u00a0000 Nm et une force de traction maximale de 20 tonnes, ce v\u00e9rin hydraulique offre des performances remarquables.<\/p>\n<p>Notre produit fait partie de la gamme premium de FMP Hydraulic Machinery, acteur majeur du secteur depuis 2002. Sp\u00e9cialis\u00e9s dans la production et l'exportation de v\u00e9rins hydrauliques, nous b\u00e9n\u00e9ficions d'une excellente r\u00e9putation gr\u00e2ce \u00e0 la qualit\u00e9 de nos produits et \u00e0 notre service client irr\u00e9prochable. Notre v\u00e9rin hydraulique double effet de 20 tonnes ne fait pas exception et t\u00e9moigne de notre engagement \u00e0 fournir le meilleur des \u00e9quipements hydrauliques. Il est assorti d'une garantie d'un an sur ses composants principaux, notamment le roulement et le v\u00e9rin lui-m\u00eame, vous assurant ainsi qualit\u00e9 et fiabilit\u00e9.<\/p>\n<p>Pour garantir la satisfaction de nos clients, nous fournissons pour chaque produit un rapport d'inspection vid\u00e9o et un rapport d'essai machine. Le cylindre est disponible en noir \u00e9l\u00e9gant et conditionn\u00e9 dans une caisse en fer, une caisse en contreplaqu\u00e9 ou un carton.<\/p>\n<h2>Avantages des v\u00e9rins \u00e0 chape r\u00e9glable<\/h2>\n<p>Les v\u00e9rins \u00e0 chape r\u00e9glable, tels que le v\u00e9rin hydraulique double effet de 20 tonnes, tr\u00e8s demand\u00e9, et le v\u00e9rin hydraulique soud\u00e9, offrent de nombreux avantages pour diverses applications industrielles. Con\u00e7us pour un contr\u00f4le pr\u00e9cis et une grande fiabilit\u00e9, ces v\u00e9rins constituent un excellent choix pour de nombreux syst\u00e8mes hydrauliques.<\/p>\n<ol>\n<li><strong>Flexibilit\u00e9 am\u00e9lior\u00e9e :<\/strong> L'un des principaux avantages des v\u00e9rins \u00e0 chape r\u00e9glable r\u00e9side dans leur capacit\u00e9 \u00e0 offrir une flexibilit\u00e9 accrue aux syst\u00e8mes hydrauliques. Gr\u00e2ce \u00e0 leur chape r\u00e9glable, ces v\u00e9rins s'adaptent facilement \u00e0 diff\u00e9rentes positions et orientations de montage, ce qui leur conf\u00e8re une plus grande polyvalence dans diverses applications.<\/li>\n<li><strong>Performance optimale :<\/strong> Les v\u00e9rins \u00e0 chape r\u00e9glable sont sp\u00e9cialement con\u00e7us pour offrir des performances optimales. Leur conception et leur fabrication avanc\u00e9es garantissent un fonctionnement fluide et efficace, ce qui se traduit par une productivit\u00e9 accrue et des temps d'arr\u00eat r\u00e9duits. L'utilisation de mat\u00e9riaux de haute qualit\u00e9 et de techniques de fabrication de pr\u00e9cision renforce encore leurs performances et leur fiabilit\u00e9.<\/li>\n<li><strong>Positionnement pr\u00e9cis :<\/strong> Ces v\u00e9rins sont r\u00e9put\u00e9s pour leur contr\u00f4le pr\u00e9cis et leur positionnement exact. La conception \u00e0 chape r\u00e9glable permet un r\u00e9glage fin de la course et de la position de montage, assurant ainsi un contr\u00f4le pr\u00e9cis du mouvement et du positionnement des charges. Ce niveau de contr\u00f4le est essentiel dans les applications exigeant une grande pr\u00e9cision, telles que l'automatisation industrielle et les syst\u00e8mes de manutention.<\/li>\n<li><strong>Construction durable :<\/strong> Les v\u00e9rins \u00e0 chape r\u00e9glable sont con\u00e7us pour r\u00e9sister aux conditions d'utilisation les plus exigeantes. Fabriqu\u00e9s g\u00e9n\u00e9ralement \u00e0 partir de mat\u00e9riaux robustes comme l'acier haute r\u00e9sistance, ils offrent une durabilit\u00e9 et une long\u00e9vit\u00e9 exceptionnelles. Le v\u00e9rin hydraulique soud\u00e9, en particulier, pr\u00e9sente une excellente int\u00e9grit\u00e9 structurelle et une grande r\u00e9sistance \u00e0 l'usure, ce qui le rend id\u00e9al pour les applications intensives.<\/li>\n<li><strong>Entretien facile :<\/strong> Ces v\u00e9rins sont con\u00e7us pour faciliter la maintenance. Leur conception modulaire permet un d\u00e9montage et un remontage ais\u00e9s lors des op\u00e9rations d'entretien ou de r\u00e9paration. De plus, leur construction robuste minimise les risques de dommages et allonge les intervalles entre les interventions de maintenance, ce qui r\u00e9duit les co\u00fbts globaux d'entretien.<\/li>\n<\/ol>\n<p>De mani\u00e8re g\u00e9n\u00e9rale, les v\u00e9rins \u00e0 chape r\u00e9glable, notamment le v\u00e9rin hydraulique double effet de 20 tonnes, un produit phare, et le v\u00e9rin hydraulique soud\u00e9, offrent de nombreux avantages en termes de flexibilit\u00e9, de performance, de pr\u00e9cision de positionnement, de durabilit\u00e9 et de facilit\u00e9 d'entretien. Ces v\u00e9rins jouent un r\u00f4le essentiel dans divers secteurs industriels, en fournissant une puissance hydraulique fiable et efficace pour une large gamme d'applications.<\/p>\n<p><img decoding=\"async\" src=\"https:\/\/fmp-components.com\/wp-content\/uploads\/2024\/12\/Adjustable-Clevis-Type-Cylinders5.webp\" alt=\"V\u00e9rin \u00e0 chape r\u00e9glable\" width=\"800\" title=\"\"><\/p>\n<h2>Application des v\u00e9rins \u00e0 chape r\u00e9glable<\/h2>\n<p>Les v\u00e9rins \u00e0 chape r\u00e9glable sont des dispositifs hydrauliques polyvalents largement utilis\u00e9s dans divers secteurs industriels. Offrant des performances exceptionnelles, ils peuvent \u00eatre r\u00e9gl\u00e9s pour r\u00e9pondre \u00e0 des exigences sp\u00e9cifiques. Cet article explore les diff\u00e9rentes applications des v\u00e9rins \u00e0 chape r\u00e9glable et d\u00e9taille leurs caract\u00e9ristiques et avantages.<\/p>\n<h3>1. Automatisation et machines industrielles<\/h3>\n<p>L'une des principales applications des v\u00e9rins \u00e0 chape r\u00e9glable r\u00e9side dans l'automatisation industrielle et la construction de machines. Ces v\u00e9rins jouent un r\u00f4le crucial dans le contr\u00f4le du mouvement de divers composants m\u00e9caniques, tels que les convoyeurs, les bras robotis\u00e9s et les \u00e9quipements de cha\u00eenes de montage. Gr\u00e2ce \u00e0 leur r\u00e9glage pr\u00e9cis, ils garantissent un fonctionnement fluide et pr\u00e9cis, contribuant ainsi \u00e0 une productivit\u00e9 et une efficacit\u00e9 accrues.<\/p>\n<h3>2. Industrie de la construction et du b\u00e2timent<\/h3>\n<p>Le secteur de la construction et du b\u00e2timent utilise \u00e9galement beaucoup de v\u00e9rins \u00e0 chape r\u00e9glables. Ces v\u00e9rins sont utilis\u00e9s dans de nombreuses applications, notamment pour les engins lourds tels que les grues, les excavatrices et les chargeuses. Leur r\u00e9glage permet un positionnement pr\u00e9cis, ce qui les rend id\u00e9aux pour les t\u00e2ches n\u00e9cessitant un levage, une pouss\u00e9e ou une traction contr\u00f4l\u00e9s. Leur construction robuste garantit leur durabilit\u00e9, m\u00eame dans les environnements de chantier les plus difficiles.<\/p>\n<h3>3. Machines agricoles<\/h3>\n<p>Les machines agricoles n\u00e9cessitent souvent une alimentation hydraulique pour r\u00e9aliser efficacement diverses t\u00e2ches. Les v\u00e9rins \u00e0 chape r\u00e9glable sont couramment utilis\u00e9s dans les \u00e9quipements agricoles tels que les tracteurs, les moissonneuses-batteuses et les pulv\u00e9risateurs. Ces v\u00e9rins assurent un mouvement fluide et contr\u00f4l\u00e9, permettant aux agriculteurs d'effectuer des t\u00e2ches avec pr\u00e9cision, comme le r\u00e9glage des lames, le contr\u00f4le de l'angle des outils et la lev\u00e9e ou l'abaissement des instruments.<\/p>\n<h3>4. Manutention et logistique<\/h3>\n<p>Le secteur de la manutention et de la logistique utilise largement les v\u00e9rins \u00e0 chape r\u00e9glable pour ses \u00e9quipements de levage et de manutention. Ces v\u00e9rins \u00e9quipent les chariots \u00e9l\u00e9vateurs, les transpalettes et les convoyeurs pour contr\u00f4ler le levage et le positionnement des marchandises. La possibilit\u00e9 d'ajuster la longueur du v\u00e9rin facilite l'adaptation aux diff\u00e9rentes tailles et hauteurs de charge, optimisant ainsi l'efficacit\u00e9 globale du processus de manutention.<\/p>\n<h3>5. Automobile et transport<\/h3>\n<p>Les v\u00e9rins \u00e0 chape r\u00e9glable sont \u00e9galement largement utilis\u00e9s dans l'industrie automobile et des transports. Ils jouent un r\u00f4le essentiel dans les syst\u00e8mes de suspension des v\u00e9hicules, garantissant une conduite souple et confortable. De plus, ils sont employ\u00e9s dans divers composants automobiles, tels que les syst\u00e8mes de direction, de freinage et de levage hydrauliques. Leur adaptabilit\u00e9 et leur fiabilit\u00e9 les rendent indispensables au maintien de performances et d'une s\u00e9curit\u00e9 optimales dans les applications automobiles.<\/p>\n<p>De mani\u00e8re g\u00e9n\u00e9rale, les v\u00e9rins \u00e0 chape r\u00e9glable sont utilis\u00e9s dans de nombreux secteurs industriels, contribuant \u00e0 am\u00e9liorer l'efficacit\u00e9, la pr\u00e9cision et la s\u00e9curit\u00e9. Leur capacit\u00e9 de r\u00e9glage unique, associ\u00e9e \u00e0 leur construction robuste, en fait un choix privil\u00e9gi\u00e9 pour de nombreuses applications hydrauliques.<\/p>\n<p>Mots-cl\u00e9s\u00a0: V\u00e9rin hydraulique double effet 20 tonnes en promotion, V\u00e9rin hydraulique soud\u00e9<\/p>\n<p><img decoding=\"async\" src=\"https:\/\/fmp-components.com\/wp-content\/uploads\/2024\/12\/Application-of-Adjustable-Clevis-Type-Cylinders.webp\" alt=\"V\u00e9rin \u00e0 chape r\u00e9glable\" width=\"800\" title=\"\"><\/p>\n<h3>\u00c0 propos de FMP<\/h3>\n<p>FMP est une entreprise sp\u00e9cialis\u00e9e dans la production et la vente de v\u00e9rins hydrauliques. Forts de nombreuses ann\u00e9es d'exp\u00e9rience dans le secteur et d'une \u00e9quipe professionnelle, nous fournissons \u00e0 nos clients des v\u00e9rins hydrauliques fiables et de haute qualit\u00e9 pour engins de chantier.<\/p>\n<p><img decoding=\"async\" src=\"https:\/\/fmp-components.com\/wp-content\/uploads\/2024\/12\/Adjustable-Clevis-Type-Cylinders-6.webp\" alt=\"V\u00e9rin \u00e0 chape r\u00e9glable\" width=\"816\" title=\"\"><\/p>\n<p>Voici cinq raisons pour lesquelles vous devriez choisir nos v\u00e9rins hydrauliques :<\/p>\n<ol>\n<li>Large gamme d'options\u00a0: Nous proposons une gamme compl\u00e8te de v\u00e9rins hydrauliques, notamment des v\u00e9rins \u00e0 chape r\u00e9glable, des v\u00e9rins \u00e0 tirant, des v\u00e9rins soud\u00e9s, des v\u00e9rins t\u00e9lescopiques et des v\u00e9rins compacts. Quels que soient vos besoins en mati\u00e8re d'engins de chantier, nous avons le v\u00e9rin id\u00e9al.<\/li>\n<li>Qualit\u00e9 sup\u00e9rieure\u00a0: Tous nos v\u00e9rins hydrauliques sont fabriqu\u00e9s avec des mat\u00e9riaux de haute qualit\u00e9 et soumis \u00e0 des contr\u00f4les qualit\u00e9 rigoureux. Nous garantissons que chaque v\u00e9rin r\u00e9pond aux normes industrielles les plus strictes, vous garantissant ainsi des performances fiables et durables.<\/li>\n<li>Personnalisation\u00a0: Nous comprenons que chaque projet de construction a des exigences uniques. C'est pourquoi nous proposons des options de personnalisation pour nos v\u00e9rins hydrauliques. Que ce soit en termes de taille, de type de montage ou de pression nominale, nous pouvons adapter le v\u00e9rin \u00e0 vos besoins sp\u00e9cifiques.<\/li>\n<li>Conseils d'experts\u00a0: Notre \u00e9quipe commerciale exp\u00e9riment\u00e9e poss\u00e8de une solide expertise du secteur des engins de chantier. Elle vous propose des conseils professionnels sur les produits et vous aide \u00e0 choisir le v\u00e9rin hydraulique adapt\u00e9 \u00e0 votre \u00e9quipement. Nous nous engageons \u00e0 trouver les meilleures solutions pour nos clients.<\/li>\n<li>Distribution efficace\u00a0: Nous disposons d'un syst\u00e8me de distribution logistique performant pour garantir la livraison rapide et pr\u00e9cise de vos v\u00e9rins hydrauliques. Vous pouvez compter sur nous pour vous livrer les pi\u00e8ces dont vous avez besoin au moment opportun, minimisant ainsi les temps d'arr\u00eat de vos machines.<\/li>\n<\/ol>\n<p>Choisissez FMP pour vos besoins en v\u00e9rins hydrauliques et constatez la diff\u00e9rence. Contactez-nous d\u00e8s aujourd'hui pour discuter de la fa\u00e7on dont nous pouvons r\u00e9pondre \u00e0 vos besoins en mati\u00e8re d'engins de chantier.<\/p>\n<h3>FAQ<\/h3>\n<p><b>Q : Quel est le d\u00e9lai de livraison pour le v\u00e9rin hydraulique double effet de 20 tonnes ? <\/b><br \/>\nA: Le d\u00e9lai de livraison habituel est de 25 \u00e0 35 jours.<\/p>\n<p><b>Q : Des \u00e9chantillons du v\u00e9rin hydraulique double effet de 20 tonnes sont-ils disponibles ? <\/b><br \/>\nR : Oui, nous fournissons des \u00e9chantillons, mais ils ne sont pas gratuits.<\/p>\n<p><b>Q : FMP peut-il fabriquer des v\u00e9rins hydrauliques sur mesure ? <\/b><br \/>\nR : Absolument, nous pouvons fabriquer des cylindres selon vos \u00e9chantillons ou vos dessins techniques. Nous pouvons cr\u00e9er des moules et des outillages sur mesure, selon vos sp\u00e9cifications.<\/p>\n<p>Auteur : CX<\/p>","protected":false},"excerpt":{"rendered":"<p>Introducing the Hot Sale Double Acting 20 Ton Hydraulic Cylinder Welded Hydraulic Cylinder: The Hot Sale Double Acting 20 Ton Hydraulic Cylinder Welded Hydraulic Cylinder is a high-quality product designed for heavy-duty applications. With its double-acting design, it offers efficient and reliable operation in both extending and retracting movements. This hydraulic cylinder is built to [&hellip;]<\/p>","protected":false},"featured_media":1338,"comment_status":"closed","ping_status":"closed","template":"","meta":{"_et_pb_use_builder":"","_et_pb_old_content":"","_et_gb_content_width":""},"product_brand":[],"product_cat":[39],"product_tag":[41,34],"class_list":{"0":"post-1354","1":"product","2":"type-product","3":"status-publish","4":"has-post-thumbnail","6":"product_cat-adjustable-clevis-type-cylinders","7":"product_tag-adjustable-clevis-type-cylinders","8":"product_tag-hydraulic-cylinder","10":"first","11":"instock","12":"product-type-simple"},"_links":{"self":[{"href":"https:\/\/fmp-components.com\/fr\/wp-json\/wp\/v2\/product\/1354","targetHints":{"allow":["GET"]}}],"collection":[{"href":"https:\/\/fmp-components.com\/fr\/wp-json\/wp\/v2\/product"}],"about":[{"href":"https:\/\/fmp-components.com\/fr\/wp-json\/wp\/v2\/types\/product"}],"replies":[{"embeddable":true,"href":"https:\/\/fmp-components.com\/fr\/wp-json\/wp\/v2\/comments?post=1354"}],"wp:featuredmedia":[{"embeddable":true,"href":"https:\/\/fmp-components.com\/fr\/wp-json\/wp\/v2\/media\/1338"}],"wp:attachment":[{"href":"https:\/\/fmp-components.com\/fr\/wp-json\/wp\/v2\/media?parent=1354"}],"wp:term":[{"taxonomy":"product_brand","embeddable":true,"href":"https:\/\/fmp-components.com\/fr\/wp-json\/wp\/v2\/product_brand?post=1354"},{"taxonomy":"product_cat","embeddable":true,"href":"https:\/\/fmp-components.com\/fr\/wp-json\/wp\/v2\/product_cat?post=1354"},{"taxonomy":"product_tag","embeddable":true,"href":"https:\/\/fmp-components.com\/fr\/wp-json\/wp\/v2\/product_tag?post=1354"}],"curies":[{"name":"wp","href":"https:\/\/api.w.org\/{rel}","templated":true}]}}