{"id":1042,"date":"2024-12-19T06:17:09","date_gmt":"2024-12-19T06:17:09","guid":{"rendered":"https:\/\/fmp-components.com\/product\/10034-professional-craftsmanship-small-trailer-hydraulic-piston-cylinder\/"},"modified":"2024-12-24T00:39:03","modified_gmt":"2024-12-24T00:39:03","slug":"10034-professional-craftsmanship-small-trailer-hydraulic-piston-cylinder","status":"publish","type":"product","link":"https:\/\/fmp-components.com\/fr\/product\/10034-professional-craftsmanship-small-trailer-hydraulic-piston-cylinder\/","title":{"rendered":"Cylindre \u00e0 piston hydraulique pour petite remorque, fabrication professionnelle, 10034"},"content":{"rendered":"<h2>Pr\u00e9sentation du produit 10034 : Cylindre \u00e0 piston hydraulique pour petite remorque, de fabrication professionnelle<\/h2>\n<p>Le v\u00e9rin hydraulique \u00e0 piston 10034 Professional Craftsmanship pour petites remorques est un composant hydraulique de haute qualit\u00e9, con\u00e7u sp\u00e9cifiquement pour les petites remorques. Sa fabrication soign\u00e9e, r\u00e9alis\u00e9e selon des techniques de pointe, garantit des performances et une durabilit\u00e9 sup\u00e9rieures.<\/p>\n<p>Ce cylindre \u00e0 piston pr\u00e9sente une conception compacte id\u00e9ale pour les applications dans des espaces restreints. Fabriqu\u00e9 avec pr\u00e9cision et souci du d\u00e9tail, il garantit un fonctionnement fluide et une efficacit\u00e9 optimale.<\/p>\n<p>Gr\u00e2ce \u00e0 sa puissance hydraulique, ce v\u00e9rin \u00e0 piston assure des man\u0153uvres de levage et d'abaissement fluides et fiables pour les petites remorques. Que vous ayez besoin de transporter des charges lourdes ou de man\u0153uvrer dans des espaces restreints, ce v\u00e9rin \u00e0 piston hydraulique est une solution fiable et performante.<\/p>\n<p>Le v\u00e9rin hydraulique \u00e0 piston pour petites remorques de fabrication professionnelle est con\u00e7u pour r\u00e9sister aux conditions difficiles et \u00e0 une utilisation intensive. Fabriqu\u00e9 \u00e0 partir de mat\u00e9riaux de haute qualit\u00e9, il est r\u00e9sistant \u00e0 la corrosion et \u00e0 l'usure, ce qui lui assure une longue dur\u00e9e de vie et un entretien minimal.<\/p>\n<p>De plus, ce v\u00e9rin \u00e0 piston est con\u00e7u pour une utilisation simplifi\u00e9e. Facile \u00e0 installer et \u00e0 utiliser, il s'int\u00e8gre rapidement et sans probl\u00e8me \u00e0 votre syst\u00e8me de remorque. Son format compact facilite \u00e9galement son transport et son rangement.<\/p>\n<p>En conclusion, le v\u00e9rin hydraulique \u00e0 piston 10034 Professional Craftsmanship pour petites remorques est un composant hydraulique haut de gamme offrant des performances exceptionnelles, une grande durabilit\u00e9 et une facilit\u00e9 d'utilisation remarquable. Ses caract\u00e9ristiques sup\u00e9rieures en font le choix id\u00e9al pour les petites remorques, assurant des mouvements de levage et d'abaissement efficaces. Investissez d\u00e8s aujourd'hui dans ce v\u00e9rin \u00e0 piston pour optimiser la fonctionnalit\u00e9 et la fiabilit\u00e9 de votre petite remorque.<\/p>\n<p><img decoding=\"async\" src=\"https:\/\/hzpt.com\/wp-content\/uploads\/2023\/12\/insert-4.webp?v=1694163707\" alt=\"\" title=\"\"><\/p>\n<h2>\u00c0 propos du v\u00e9rin hydraulique<\/h2>\n<p>Le v\u00e9rin hydraulique poss\u00e8de une longue histoire et se cat\u00e9gorise selon sa construction, son fonctionnement et son installation. Il pr\u00e9sente de nombreux avantages, notamment une installation facile, un entretien r\u00e9duit et une longue dur\u00e9e de vie.<\/p>\n<p>Le choix de l'huile hydraulique et du joint d'\u00e9tanch\u00e9it\u00e9 appropri\u00e9s est crucial pour le bon fonctionnement du v\u00e9rin hydraulique. Un remplacement p\u00e9riodique et une mesure pr\u00e9cise sont \u00e9galement essentiels \u00e0 son efficacit\u00e9.<\/p>\n<h2>Avantages du v\u00e9rin \u00e0 chape soud\u00e9e<\/h2>\n<p>Les v\u00e9rins \u00e0 chape soud\u00e9e sont un choix populaire pour de nombreuses applications industrielles en raison de leurs avantages uniques. Voici quelques-uns de leurs principaux avantages\u00a0:<\/p>\n<h3>1. R\u00e9sistance et durabilit\u00e9 accrues<\/h3>\n<p>Les v\u00e9rins \u00e0 chape soud\u00e9e sont dot\u00e9s d&#039;un embout soud\u00e9, ce qui leur conf\u00e8re une r\u00e9sistance et une durabilit\u00e9 accrues par rapport aux autres types de v\u00e9rins. Ils sont donc parfaitement adapt\u00e9s aux applications exigeantes, notamment en termes de r\u00e9sistance et de durabilit\u00e9.<\/p>\n<p>De plus, la conception soud\u00e9e de ces cylindres signifie qu&#039;ils sont moins susceptibles de fuir ou de tomber en panne, ce qui peut contribuer \u00e0 r\u00e9duire les temps d&#039;arr\u00eat et les co\u00fbts de maintenance.<\/p>\n<h3>2. Capacit\u00e9 \u00e0 g\u00e9rer une pression \u00e9lev\u00e9e<\/h3>\n<p>Les v\u00e9rins \u00e0 chape soud\u00e9e sont \u00e9galement capables de supporter des applications haute pression, ce qui en fait un choix populaire dans des secteurs tels que la construction, l&#039;exploitation mini\u00e8re et le p\u00e9trole et le gaz. Leur capacit\u00e9 \u00e0 supporter des pressions \u00e9lev\u00e9es garantit des performances fiables dans des environnements exigeants.<\/p>\n<h3>3. Conception personnalisable<\/h3>\n<p>Les v\u00e9rins \u00e0 chape soud\u00e9e peuvent \u00eatre con\u00e7us sur mesure pour r\u00e9pondre aux besoins sp\u00e9cifiques d&#039;une application. Ils peuvent ainsi \u00eatre adapt\u00e9s \u00e0 une taille, une forme ou des performances sp\u00e9cifiques. Cette conception personnalisable offre \u00e9galement une plus grande flexibilit\u00e9 dans le processus de fabrication, ce qui peut engendrer des \u00e9conomies.<\/p>\n<h3>4. Installation facile<\/h3>\n<p>Les v\u00e9rins \u00e0 chape soud\u00e9e sont con\u00e7us pour une installation facile, ce qui r\u00e9duit le temps de pr\u00e9paration et les co\u00fbts de main-d&#039;\u0153uvre. Ils sont g\u00e9n\u00e9ralement pr\u00e9-assembl\u00e9s et pr\u00eats \u00e0 l&#039;emploi, ce qui minimise le besoin de pi\u00e8ces ou de composants suppl\u00e9mentaires.<\/p>\n<h3>5. Performances am\u00e9lior\u00e9es<\/h3>\n<p>La conception des v\u00e9rins \u00e0 chape soud\u00e9e offre des performances sup\u00e9rieures \u00e0 celles des autres types de v\u00e9rins. Ils sont capables de g\u00e9n\u00e9rer plus de force par unit\u00e9 de pression, ce qui contribue \u00e0 am\u00e9liorer l&#039;efficacit\u00e9 et la productivit\u00e9 des applications industrielles.<\/p>\n<p>Globalement, les v\u00e9rins \u00e0 chape soud\u00e9e offrent de nombreux avantages qui en font un choix populaire pour de nombreuses applications industrielles. Leur r\u00e9sistance et leur durabilit\u00e9 accrues, leur capacit\u00e9 \u00e0 supporter des pressions \u00e9lev\u00e9es, leur conception personnalisable, leur facilit\u00e9 d&#039;installation et leurs performances am\u00e9lior\u00e9es en font un choix id\u00e9al pour les environnements exigeants o\u00f9 fiabilit\u00e9 et performance sont essentielles.<\/p>\n<h2>Application du v\u00e9rin \u00e0 chape soud\u00e9e<\/h2>\n<ul>\n<li><strong>Machines industrielles :<\/strong> Les v\u00e9rins \u00e0 chape soud\u00e9e sont largement utilis\u00e9s dans diverses machines industrielles pour des applications lourdes. Ils sont capables de produire une force \u00e9lev\u00e9e pour le levage et le pressage des composants des machines. Leur conception \u00e0 chape soud\u00e9e facilite leur installation et leur fonctionnement efficace, ce qui en fait un choix populaire aupr\u00e8s des fabricants.\n<ul>\n<li>Dans l&#039;industrie manufacturi\u00e8re, les v\u00e9rins \u00e0 chape soud\u00e9e sont utilis\u00e9s dans les presses hydrauliques, les machines de moulage par injection et les \u00e9quipements d&#039;emboutissage des m\u00e9taux pour fournir la force n\u00e9cessaire au formage et au fa\u00e7onnage des t\u00f4les.<\/li>\n<li>Dans l&#039;industrie automobile, ces cylindres sont utilis\u00e9s dans les crics de voiture, les \u00e9l\u00e9vateurs et les machines d&#039;assemblage pour soulever des composants lourds pendant le processus de fabrication.<\/li>\n<li>Dans l&#039;industrie de la construction, les v\u00e9rins \u00e0 chape soud\u00e9e sont utilis\u00e9s dans les grues, les excavatrices et les bulldozers pour alimenter les syst\u00e8mes hydrauliques qui soul\u00e8vent et d\u00e9placent des charges lourdes.<\/li>\n<\/ul>\n<\/li>\n<li><strong>Machines agricoles :<\/strong> Le secteur des machines agricoles est l&#039;un des principaux secteurs d&#039;utilisation des v\u00e9rins \u00e0 chape soud\u00e9e. Ces v\u00e9rins \u00e9quipent diverses machines agricoles, notamment les tracteurs, les moissonneuses-batteuses et les charrues, pour fournir la force n\u00e9cessaire \u00e0 la pr\u00e9paration du sol, \u00e0 la plantation et \u00e0 la r\u00e9colte.\n<ul>\n<li>Dans l&#039;industrie agricole, les v\u00e9rins \u00e0 chape soud\u00e9e sont utilis\u00e9s dans les charrues, les cultivateurs et les semoirs pour fournir la force n\u00e9cessaire \u00e0 la pr\u00e9paration du sol et \u00e0 la plantation des graines.<\/li>\n<li>Dans l&#039;industrie de la r\u00e9colte, ces v\u00e9rins sont utilis\u00e9s dans les moissonneuses-batteuses, les presses \u00e0 balles et les tondeuses pour alimenter les syst\u00e8mes hydrauliques qui collectent et transportent les r\u00e9coltes.<\/li>\n<\/ul>\n<\/li>\n<li><strong>A\u00e9rospatiale et D\u00e9fense :<\/strong> Les v\u00e9rins \u00e0 chape soud\u00e9e sont \u00e9galement utilis\u00e9s dans l&#039;industrie a\u00e9rospatiale et de la d\u00e9fense, o\u00f9 ils sont utilis\u00e9s dans une large gamme d&#039;applications pour les avions, les fus\u00e9es, les missiles et les syst\u00e8mes de d\u00e9fense.\n<ul>\n<li>Dans l&#039;industrie a\u00e9rospatiale, les v\u00e9rins \u00e0 chape soud\u00e9e sont utilis\u00e9s dans les trains d&#039;atterrissage, les volets et les freins des avions pour fournir la force n\u00e9cessaire au d\u00e9collage et \u00e0 l&#039;atterrissage.<\/li>\n<li>Dans l&#039;industrie de la d\u00e9fense, ces cylindres sont utilis\u00e9s dans les lanceurs de missiles, les tourelles de canon et les syst\u00e8mes de chars pour alimenter les syst\u00e8mes hydrauliques qui contr\u00f4lent le mouvement des armes et des munitions.<\/li>\n<\/ul>\n<\/li>\n<li><strong>Industrie maritime :<\/strong> Les v\u00e9rins \u00e0 chape soud\u00e9e sont \u00e9galement largement utilis\u00e9s dans l&#039;industrie maritime, o\u00f9 ils sont utilis\u00e9s dans une vari\u00e9t\u00e9 d&#039;applications pour les navires, les bateaux et les v\u00e9hicules sous-marins.\n<ul>\n<li>Dans l&#039;industrie du transport maritime, les v\u00e9rins \u00e0 chape soud\u00e9e sont utilis\u00e9s dans les grues, les treuils et les \u00e9quipements de manutention de marchandises pour fournir la force n\u00e9cessaire au chargement et au d\u00e9chargement de la cargaison.<\/li>\n<li>Dans l&#039;industrie nautique, ces cylindres sont utilis\u00e9s dans les syst\u00e8mes de direction, les h\u00e9lices et les syst\u00e8mes d&#039;ancrage pour fournir la force n\u00e9cessaire au contr\u00f4le du mouvement des bateaux et des navires.<\/li>\n<li>Dans l&#039;industrie des v\u00e9hicules sous-marins, les v\u00e9rins \u00e0 chape soud\u00e9e sont utilis\u00e9s dans les submersibles, les v\u00e9hicules t\u00e9l\u00e9command\u00e9s (ROV) et les \u00e9quipements de plong\u00e9e pour fournir la force n\u00e9cessaire aux op\u00e9rations sous-marines.<\/li>\n<\/ul>\n<\/li>\n<li><strong>Industrie mini\u00e8re :<\/strong> Les v\u00e9rins \u00e0 chape soud\u00e9e sont \u00e9galement utilis\u00e9s dans l&#039;industrie mini\u00e8re, o\u00f9 ils sont utilis\u00e9s dans une vari\u00e9t\u00e9 d&#039;applications pour l&#039;extraction de min\u00e9raux et la manutention de mat\u00e9riaux.\n<ul>\n<li>Dans l&#039;industrie mini\u00e8re, les v\u00e9rins \u00e0 chape soud\u00e9e sont utilis\u00e9s dans les syst\u00e8mes de convoyeurs, les machines de forage et les pelles hydrauliques pour fournir la force n\u00e9cessaire \u00e0 l&#039;extraction des min\u00e9raux et des mat\u00e9riaux des mines et des carri\u00e8res.<\/li>\n<\/ul>\n<\/li>\n<\/ul>\n<h3>\u00c0 propos de FMP<\/h3>\n<p>FMP est un leader sur le march\u00e9 italien des v\u00e9rins hydrauliques pour engins mobiles. Nous proposons une large gamme de produits, notamment des v\u00e9rins d'inclinaison, de direction et de levage hydrauliques. Notre capacit\u00e9 de production est de 200\u00a0000 unit\u00e9s et nous disposons de 300 lignes de production CNC enti\u00e8rement automatis\u00e9es, ainsi que d'une ligne d'assemblage de v\u00e9rins hydrauliques \u00e9galement enti\u00e8rement automatis\u00e9e.<\/p>\n<p>Outre les produits mentionn\u00e9s ci-dessus, nous fournissons \u00e9galement des v\u00e9rins pour plateformes de travail a\u00e9riennes, des v\u00e9rins hydrauliques pour v\u00e9hicules industriels, des v\u00e9rins pour foreuses rotatives, des v\u00e9rins pour grues sur camion, des v\u00e9rins hydrauliques pour engins de chantier, <b>V\u00e9rins hydrauliques pour chariots \u00e9l\u00e9vateurs<\/b>Nous fabriquons des v\u00e9rins pour camions-bennes miniers et des v\u00e9rins hydrauliques pour engins de voirie. Nous acceptons les demandes de personnalisation selon vos sp\u00e9cifications.<\/p>\n<p><img decoding=\"async\" src=\"https:\/\/hzpt.com\/wp-content\/uploads\/2023\/12\/insert-5.webp\" alt=\"\" title=\"\"><\/p>\n<h2>Questions fr\u00e9quemment pos\u00e9es<\/h2>\n<ol>\n<li>Q : Quelle est la fonction d'un v\u00e9rin hydraulique ? R : Il est utilis\u00e9 pour cr\u00e9er une force en ligne droite pour diverses applications industrielles.<\/li>\n<li>Q : Quels sont les avantages de ce produit ? R : Il offre efficacit\u00e9 \u00e9nerg\u00e9tique, hautes performances et s\u00e9curit\u00e9.<\/li>\n<li>Q : Dans quels secteurs ce produit peut-il \u00eatre utilis\u00e9 ? R : Il est utilis\u00e9 dans divers secteurs, notamment la construction, la fabrication et le transport.<\/li>\n<li>Q : \u00c0 quelle fr\u00e9quence dois-je remplacer l'huile hydraulique et le joint d'huile ? R : Cela d\u00e9pend de l'utilisation et des conditions de fonctionnement.<\/li>\n<li>Q : Puis-je personnaliser ma commande selon mes sp\u00e9cifications ? R : Oui, nous acceptons les demandes de personnalisation.<\/li>\n<\/ol>\n<p>Auteur : CX<\/p>","protected":false},"excerpt":{"rendered":"<p>Introducing Product 10034 Professional Craftsmanship Small Trailer Hydraulic Piston Cylinder The 10034 Professional Craftsmanship Small Trailer Hydraulic Piston Cylinder is a high-quality hydraulic component designed specifically for small trailers. It is meticulously crafted using advanced manufacturing techniques, ensuring superior performance and durability. This piston cylinder features a compact design that makes it perfect for use [&hellip;]<\/p>","protected":false},"featured_media":1127,"comment_status":"closed","ping_status":"closed","template":"","meta":{"_et_pb_use_builder":"","_et_pb_old_content":"","_et_gb_content_width":""},"product_brand":[],"product_cat":[36],"product_tag":[34,38],"class_list":{"0":"post-1042","1":"product","2":"type-product","3":"status-publish","4":"has-post-thumbnail","6":"product_cat-welded-clevis-type-cylinder","7":"product_tag-hydraulic-cylinder","8":"product_tag-welded-clevis-type-cylinder","10":"first","11":"instock","12":"product-type-simple"},"_links":{"self":[{"href":"https:\/\/fmp-components.com\/fr\/wp-json\/wp\/v2\/product\/1042","targetHints":{"allow":["GET"]}}],"collection":[{"href":"https:\/\/fmp-components.com\/fr\/wp-json\/wp\/v2\/product"}],"about":[{"href":"https:\/\/fmp-components.com\/fr\/wp-json\/wp\/v2\/types\/product"}],"replies":[{"embeddable":true,"href":"https:\/\/fmp-components.com\/fr\/wp-json\/wp\/v2\/comments?post=1042"}],"wp:featuredmedia":[{"embeddable":true,"href":"https:\/\/fmp-components.com\/fr\/wp-json\/wp\/v2\/media\/1127"}],"wp:attachment":[{"href":"https:\/\/fmp-components.com\/fr\/wp-json\/wp\/v2\/media?parent=1042"}],"wp:term":[{"taxonomy":"product_brand","embeddable":true,"href":"https:\/\/fmp-components.com\/fr\/wp-json\/wp\/v2\/product_brand?post=1042"},{"taxonomy":"product_cat","embeddable":true,"href":"https:\/\/fmp-components.com\/fr\/wp-json\/wp\/v2\/product_cat?post=1042"},{"taxonomy":"product_tag","embeddable":true,"href":"https:\/\/fmp-components.com\/fr\/wp-json\/wp\/v2\/product_tag?post=1042"}],"curies":[{"name":"wp","href":"https:\/\/api.w.org\/{rel}","templated":true}]}}