{"id":1040,"date":"2024-12-19T06:17:09","date_gmt":"2024-12-19T06:17:09","guid":{"rendered":"https:\/\/fmp-components.com\/product\/10032-mini-hydraulic-cylinder-tractor-hydraulic-cylinder-double-acting\/"},"modified":"2025-03-18T00:46:19","modified_gmt":"2025-03-18T00:46:19","slug":"10032-mini-hydraulic-cylinder-tractor-hydraulic-cylinder-double-acting","status":"publish","type":"product","link":"https:\/\/fmp-components.com\/fr\/product\/10032-mini-hydraulic-cylinder-tractor-hydraulic-cylinder-double-acting\/","title":{"rendered":"10032 Mini v\u00e9rin hydraulique pour tracteur, v\u00e9rin hydraulique \u00e0 double effet"},"content":{"rendered":"<h2>Produit 10032 Mini v\u00e9rin hydraulique pour tracteur, v\u00e9rin hydraulique double effet\u00a0:<\/h2>\n<p>Le v\u00e9rin hydraulique double effet 10032 Mini est un v\u00e9rin de haute qualit\u00e9 con\u00e7u pour les tracteurs et autres machines agricoles. Sa conception robuste lui permet de r\u00e9sister \u00e0 des charges et des pressions \u00e9lev\u00e9es, ce qui le rend id\u00e9al pour les applications exigeantes.<\/p>\n<p>L'une des principales caract\u00e9ristiques de ce v\u00e9rin hydraulique est sa conception \u00e0 double effet. Il peut ainsi s'\u00e9tendre et se r\u00e9tracter gr\u00e2ce \u00e0 la pression hydraulique dans les deux sens, garantissant un fonctionnement efficace et fiable. De plus, sa fabrication \u00e0 partir de mat\u00e9riaux de haute qualit\u00e9 lui assure une durabilit\u00e9 et des performances optimales.<\/p>\n<p>Gr\u00e2ce \u00e0 ses dimensions compactes, le mini-v\u00e9rin hydraulique double effet 10032 est id\u00e9al pour les espaces restreints et les petites machines. Malgr\u00e9 sa petite taille, il offre des performances et une puissance de levage impressionnantes.<\/p>\n<p>En r\u00e9sum\u00e9, le mini-v\u00e9rin hydraulique double effet 10032 est un v\u00e9rin de haute qualit\u00e9 con\u00e7u pour les tracteurs et autres machines agricoles. Gr\u00e2ce \u00e0 sa conception double effet, sa construction robuste et sa taille compacte, il est id\u00e9al pour les applications exigeantes o\u00f9 fiabilit\u00e9 et performance sont essentielles.<\/p>\n<p><img loading=\"lazy\" decoding=\"async\" class=\"alignnone size-full wp-image-7061\" src=\"https:\/\/fmp-components.com\/wp-content\/uploads\/2024\/12\/hydarulic-cylinder.webp\" alt=\"v\u00e9rin hydraulique\" width=\"800\" height=\"800\" title=\"\" srcset=\"https:\/\/fmp-components.com\/wp-content\/uploads\/2024\/12\/hydarulic-cylinder.webp 800w, https:\/\/fmp-components.com\/wp-content\/uploads\/2024\/12\/hydarulic-cylinder-480x480.webp 480w\" sizes=\"(min-width: 0px) and (max-width: 480px) 480px, (min-width: 481px) 800px, 100vw\" \/><\/p>\n<h2>Pr\u00e9sentation du produit<\/h2>\n<p>Fond\u00e9e en Italie, FMP est devenue un acteur majeur du march\u00e9 italien des v\u00e9rins hydrauliques pour engins mobiles. Nos principaux produits sont le mini-v\u00e9rin hydraulique et le v\u00e9rin hydraulique pour tracteur, tous deux \u00e0 double effet.<\/p>\n<h2>Fonction et importance<\/h2>\n<p>Nos v\u00e9rins hydrauliques sont des composants essentiels de nombreuses machines, fournissant la force n\u00e9cessaire \u00e0 la plupart des mouvements m\u00e9caniques. Ils servent \u00e0 cr\u00e9er une force en ligne droite, notamment pour pousser, tirer, soulever et abaisser.<\/p>\n<h2>D\u00e9tails du produit<\/h2>\n<p>Les param\u00e8tres techniques de nos v\u00e9rins hydrauliques varient selon leurs applications sp\u00e9cifiques. Cependant, ils partagent tous des caract\u00e9ristiques communes telles qu'une capacit\u00e9 \u00e9lev\u00e9e, une excellente endurance et des dimensions pr\u00e9cises.<\/p>\n<h3>Caract\u00e9ristiques et avantages uniques<\/h3>\n<ul>\n<li>Efficacit\u00e9 \u00e9nerg\u00e9tique<\/li>\n<li>Tr\u00e8s efficace<\/li>\n<li>S\u00e9curit\u00e9 garantie<\/li>\n<\/ul>\n<h2>Syst\u00e8me hydraulique et principe de fonctionnement<\/h2>\n<p>Un v\u00e9rin hydraulique fonctionne gr\u00e2ce \u00e0 un fluide hydraulique sous pression qui actionne la tige \u00e0 l'int\u00e9rieur du v\u00e9rin, laquelle effectue le travail. Ce syst\u00e8me garantit des performances optimales \u00e0 nos v\u00e9rins hydrauliques pour leurs applications respectives.<\/p>\n<h2>Sc\u00e9narios d'application<\/h2>\n<p>Nos v\u00e9rins hydrauliques sont largement utilis\u00e9s dans les engins de construction, les engins miniers, les appareils de levage et autres \u00e9quipements industriels.<\/p>\n<h2>\u00c0 propos de FMP<\/h2>\n<p>FMP dispose d'une capacit\u00e9 de conception de 200\u00a0000 unit\u00e9s, de 300 machines de production CNC automatis\u00e9es et d'une ligne d'assemblage de v\u00e9rins hydrauliques enti\u00e8rement automatis\u00e9e. Nous proposons des produits de haute qualit\u00e9, des prix comp\u00e9titifs et un service irr\u00e9prochable.<\/p>\n<h3>Produits suppl\u00e9mentaires<\/h3>\n<p>Outre les v\u00e9rins hydrauliques mentionn\u00e9s, nous fournissons \u00e9galement des v\u00e9rins pour plateformes \u00e9l\u00e9vatrices, v\u00e9hicules industriels, foreuses rotatives, grues automobiles, engins de chantier, chariots \u00e9l\u00e9vateurs, camions-bennes miniers et engins de voirie. Les commandes personnalis\u00e9es \u00e0 partir de sch\u00e9mas et d'\u00e9chantillons fournis sont les bienvenues. Veuillez consulter l'image ci-dessous pour plus d'informations\u00a0:<\/p>\n<p><img decoding=\"async\" src=\"https:\/\/hzpt.com\/wp-content\/uploads\/2023\/12\/insert-5.webp\" alt=\"Usine FMP\" title=\"\"><\/p>\n<h2>Questions et r\u00e9ponses<\/h2>\n<ol>\n<li>Q : Quelle est la capacit\u00e9 de vos v\u00e9rins hydrauliques ? R : Nos v\u00e9rins hydrauliques ont des capacit\u00e9s diff\u00e9rentes en fonction de leurs applications sp\u00e9cifiques.<\/li>\n<li>Q : Vos v\u00e9rins hydrauliques sont-ils \u00e9conomes en \u00e9nergie ? R : Oui, nos v\u00e9rins hydrauliques sont con\u00e7us pour \u00eatre \u00e9conomes en \u00e9nergie.<\/li>\n<li>Q : Dans quels types de machines vos v\u00e9rins hydrauliques peuvent-ils \u00eatre utilis\u00e9s ? R : Nos v\u00e9rins hydrauliques peuvent \u00eatre utilis\u00e9s dans la construction, les mines, les engins de levage et autres \u00e9quipements industriels.<\/li>\n<li>Q : Proposez-vous des services de personnalisation ? R : Oui, nous acceptons les personnalisations bas\u00e9es sur les sch\u00e9mas et les \u00e9chantillons fournis.<\/li>\n<li>Q : Comment fonctionne un v\u00e9rin hydraulique ? R : Un v\u00e9rin hydraulique fonctionne gr\u00e2ce \u00e0 un fluide hydraulique sous pression qui provoque le d\u00e9placement de la tige \u00e0 l'int\u00e9rieur du v\u00e9rin.<\/li>\n<\/ol>\n<h2>Avantages du v\u00e9rin \u00e0 chape soud\u00e9e<\/h2>\n<p>Les v\u00e9rins \u00e0 chape soud\u00e9e sont un choix populaire pour de nombreuses applications industrielles en raison de leurs avantages uniques. Voici quelques-uns de leurs principaux avantages\u00a0:<\/p>\n<h3>1. R\u00e9sistance et durabilit\u00e9 accrues<\/h3>\n<p>Les v\u00e9rins \u00e0 chape soud\u00e9e sont dot\u00e9s d&#039;un embout soud\u00e9, ce qui leur conf\u00e8re une r\u00e9sistance et une durabilit\u00e9 accrues par rapport aux autres types de v\u00e9rins. Ils sont donc parfaitement adapt\u00e9s aux applications exigeantes, notamment en termes de r\u00e9sistance et de durabilit\u00e9.<\/p>\n<p>De plus, la conception soud\u00e9e de ces cylindres signifie qu&#039;ils sont moins susceptibles de fuir ou de tomber en panne, ce qui peut contribuer \u00e0 r\u00e9duire les temps d&#039;arr\u00eat et les co\u00fbts de maintenance.<\/p>\n<h3>2. Capacit\u00e9 \u00e0 g\u00e9rer une pression \u00e9lev\u00e9e<\/h3>\n<p>Les v\u00e9rins \u00e0 chape soud\u00e9e sont \u00e9galement capables de supporter des applications haute pression, ce qui en fait un choix populaire dans des secteurs tels que la construction, l&#039;exploitation mini\u00e8re et le p\u00e9trole et le gaz. Leur capacit\u00e9 \u00e0 supporter des pressions \u00e9lev\u00e9es garantit des performances fiables dans des environnements exigeants.<\/p>\n<h3>3. Conception personnalisable<\/h3>\n<p>Les v\u00e9rins \u00e0 chape soud\u00e9e peuvent \u00eatre con\u00e7us sur mesure pour r\u00e9pondre aux besoins sp\u00e9cifiques d&#039;une application. Ils peuvent ainsi \u00eatre adapt\u00e9s \u00e0 une taille, une forme ou des performances sp\u00e9cifiques. Cette conception personnalisable offre \u00e9galement une plus grande flexibilit\u00e9 dans le processus de fabrication, ce qui peut engendrer des \u00e9conomies.<\/p>\n<h3>4. Installation facile<\/h3>\n<p>Les v\u00e9rins \u00e0 chape soud\u00e9e sont con\u00e7us pour une installation facile, ce qui r\u00e9duit le temps de pr\u00e9paration et les co\u00fbts de main-d&#039;\u0153uvre. Ils sont g\u00e9n\u00e9ralement pr\u00e9-assembl\u00e9s et pr\u00eats \u00e0 l&#039;emploi, ce qui minimise le besoin de pi\u00e8ces ou de composants suppl\u00e9mentaires.<\/p>\n<h3>5. Performances am\u00e9lior\u00e9es<\/h3>\n<p>La conception des v\u00e9rins \u00e0 chape soud\u00e9e offre des performances sup\u00e9rieures \u00e0 celles des autres types de v\u00e9rins. Ils sont capables de g\u00e9n\u00e9rer plus de force par unit\u00e9 de pression, ce qui contribue \u00e0 am\u00e9liorer l&#039;efficacit\u00e9 et la productivit\u00e9 des applications industrielles.<\/p>\n<p>Globalement, les v\u00e9rins \u00e0 chape soud\u00e9e offrent de nombreux avantages qui en font un choix populaire pour de nombreuses applications industrielles. Leur r\u00e9sistance et leur durabilit\u00e9 accrues, leur capacit\u00e9 \u00e0 supporter des pressions \u00e9lev\u00e9es, leur conception personnalisable, leur facilit\u00e9 d&#039;installation et leurs performances am\u00e9lior\u00e9es en font un choix id\u00e9al pour les environnements exigeants o\u00f9 fiabilit\u00e9 et performance sont essentielles.<\/p>\n<h2>Application du v\u00e9rin \u00e0 chape soud\u00e9e<\/h2>\n<ul>\n<li><strong>Machines industrielles :<\/strong> Les v\u00e9rins \u00e0 chape soud\u00e9e sont largement utilis\u00e9s dans diverses machines industrielles pour des applications lourdes. Ils sont capables de produire une force \u00e9lev\u00e9e pour le levage et le pressage des composants des machines. Leur conception \u00e0 chape soud\u00e9e facilite leur installation et leur fonctionnement efficace, ce qui en fait un choix populaire aupr\u00e8s des fabricants.\n<ul>\n<li>Dans l&#039;industrie manufacturi\u00e8re, les v\u00e9rins \u00e0 chape soud\u00e9e sont utilis\u00e9s dans les presses hydrauliques, les machines de moulage par injection et les \u00e9quipements d&#039;emboutissage des m\u00e9taux pour fournir la force n\u00e9cessaire au formage et au fa\u00e7onnage des t\u00f4les.<\/li>\n<li>Dans l&#039;industrie automobile, ces cylindres sont utilis\u00e9s dans les crics de voiture, les \u00e9l\u00e9vateurs et les machines d&#039;assemblage pour soulever des composants lourds pendant le processus de fabrication.<\/li>\n<li>Dans l&#039;industrie de la construction, les v\u00e9rins \u00e0 chape soud\u00e9e sont utilis\u00e9s dans les grues, les excavatrices et les bulldozers pour alimenter les syst\u00e8mes hydrauliques qui soul\u00e8vent et d\u00e9placent des charges lourdes.<\/li>\n<\/ul>\n<\/li>\n<li><strong>Machines agricoles :<\/strong> Le secteur des machines agricoles est l&#039;un des principaux secteurs d&#039;utilisation des v\u00e9rins \u00e0 chape soud\u00e9e. Ces v\u00e9rins \u00e9quipent diverses machines agricoles, notamment les tracteurs, les moissonneuses-batteuses et les charrues, pour fournir la force n\u00e9cessaire \u00e0 la pr\u00e9paration du sol, \u00e0 la plantation et \u00e0 la r\u00e9colte.\n<ul>\n<li>Dans l&#039;industrie agricole, les v\u00e9rins \u00e0 chape soud\u00e9e sont utilis\u00e9s dans les charrues, les cultivateurs et les semoirs pour fournir la force n\u00e9cessaire \u00e0 la pr\u00e9paration du sol et \u00e0 la plantation des graines.<\/li>\n<li>Dans l&#039;industrie de la r\u00e9colte, ces v\u00e9rins sont utilis\u00e9s dans les moissonneuses-batteuses, les presses \u00e0 balles et les tondeuses pour alimenter les syst\u00e8mes hydrauliques qui collectent et transportent les r\u00e9coltes.<\/li>\n<\/ul>\n<\/li>\n<li><strong>A\u00e9rospatiale et D\u00e9fense :<\/strong> Les v\u00e9rins \u00e0 chape soud\u00e9e sont \u00e9galement utilis\u00e9s dans l&#039;industrie a\u00e9rospatiale et de la d\u00e9fense, o\u00f9 ils sont utilis\u00e9s dans une large gamme d&#039;applications pour les avions, les fus\u00e9es, les missiles et les syst\u00e8mes de d\u00e9fense.\n<ul>\n<li>Dans l&#039;industrie a\u00e9rospatiale, les v\u00e9rins \u00e0 chape soud\u00e9e sont utilis\u00e9s dans les trains d&#039;atterrissage, les volets et les freins des avions pour fournir la force n\u00e9cessaire au d\u00e9collage et \u00e0 l&#039;atterrissage.<\/li>\n<li>Dans l&#039;industrie de la d\u00e9fense, ces cylindres sont utilis\u00e9s dans les lanceurs de missiles, les tourelles de canon et les syst\u00e8mes de chars pour alimenter les syst\u00e8mes hydrauliques qui contr\u00f4lent le mouvement des armes et des munitions.<\/li>\n<\/ul>\n<\/li>\n<li><strong>Industrie maritime :<\/strong> Les v\u00e9rins \u00e0 chape soud\u00e9e sont \u00e9galement largement utilis\u00e9s dans l&#039;industrie maritime, o\u00f9 ils sont utilis\u00e9s dans une vari\u00e9t\u00e9 d&#039;applications pour les navires, les bateaux et les v\u00e9hicules sous-marins.\n<ul>\n<li>Dans l&#039;industrie du transport maritime, les v\u00e9rins \u00e0 chape soud\u00e9e sont utilis\u00e9s dans les grues, les treuils et les \u00e9quipements de manutention de marchandises pour fournir la force n\u00e9cessaire au chargement et au d\u00e9chargement de la cargaison.<\/li>\n<li>Dans l&#039;industrie nautique, ces cylindres sont utilis\u00e9s dans les syst\u00e8mes de direction, les h\u00e9lices et les syst\u00e8mes d&#039;ancrage pour fournir la force n\u00e9cessaire au contr\u00f4le du mouvement des bateaux et des navires.<\/li>\n<li>Dans l&#039;industrie des v\u00e9hicules sous-marins, les v\u00e9rins \u00e0 chape soud\u00e9e sont utilis\u00e9s dans les submersibles, les v\u00e9hicules t\u00e9l\u00e9command\u00e9s (ROV) et les \u00e9quipements de plong\u00e9e pour fournir la force n\u00e9cessaire aux op\u00e9rations sous-marines.<\/li>\n<\/ul>\n<\/li>\n<li><strong>Industrie mini\u00e8re :<\/strong> Les v\u00e9rins \u00e0 chape soud\u00e9e sont \u00e9galement utilis\u00e9s dans l&#039;industrie mini\u00e8re, o\u00f9 ils sont utilis\u00e9s dans une vari\u00e9t\u00e9 d&#039;applications pour l&#039;extraction de min\u00e9raux et la manutention de mat\u00e9riaux.\n<ul>\n<li>Dans l&#039;industrie mini\u00e8re, les v\u00e9rins \u00e0 chape soud\u00e9e sont utilis\u00e9s dans les syst\u00e8mes de convoyeurs, les machines de forage et les pelles hydrauliques pour fournir la force n\u00e9cessaire \u00e0 l&#039;extraction des min\u00e9raux et des mat\u00e9riaux des mines et des carri\u00e8res.<\/li>\n<\/ul>\n<\/li>\n<\/ul>\n<p>Auteur : CX<\/p>","protected":false},"excerpt":{"rendered":"<p>Product 10032 Mini Hydraulic Cylinder Tractor Hydraulic Cylinder Double Acting: The product 10032 Mini Hydraulic Cylinder Tractor Hydraulic Cylinder Double Acting is a high-quality hydraulic cylinder that is designed for use in tractors and other agricultural machinery. This cylinder is built to withstand heavy loads and high pressures, making it ideal for use in demanding [&hellip;]<\/p>","protected":false},"featured_media":1127,"comment_status":"closed","ping_status":"closed","template":"","meta":{"_et_pb_use_builder":"","_et_pb_old_content":"","_et_gb_content_width":""},"product_brand":[],"product_cat":[36],"product_tag":[34,38],"class_list":{"0":"post-1040","1":"product","2":"type-product","3":"status-publish","4":"has-post-thumbnail","6":"product_cat-welded-clevis-type-cylinder","7":"product_tag-hydraulic-cylinder","8":"product_tag-welded-clevis-type-cylinder","10":"first","11":"instock","12":"product-type-simple"},"_links":{"self":[{"href":"https:\/\/fmp-components.com\/fr\/wp-json\/wp\/v2\/product\/1040","targetHints":{"allow":["GET"]}}],"collection":[{"href":"https:\/\/fmp-components.com\/fr\/wp-json\/wp\/v2\/product"}],"about":[{"href":"https:\/\/fmp-components.com\/fr\/wp-json\/wp\/v2\/types\/product"}],"replies":[{"embeddable":true,"href":"https:\/\/fmp-components.com\/fr\/wp-json\/wp\/v2\/comments?post=1040"}],"wp:featuredmedia":[{"embeddable":true,"href":"https:\/\/fmp-components.com\/fr\/wp-json\/wp\/v2\/media\/1127"}],"wp:attachment":[{"href":"https:\/\/fmp-components.com\/fr\/wp-json\/wp\/v2\/media?parent=1040"}],"wp:term":[{"taxonomy":"product_brand","embeddable":true,"href":"https:\/\/fmp-components.com\/fr\/wp-json\/wp\/v2\/product_brand?post=1040"},{"taxonomy":"product_cat","embeddable":true,"href":"https:\/\/fmp-components.com\/fr\/wp-json\/wp\/v2\/product_cat?post=1040"},{"taxonomy":"product_tag","embeddable":true,"href":"https:\/\/fmp-components.com\/fr\/wp-json\/wp\/v2\/product_tag?post=1040"}],"curies":[{"name":"wp","href":"https:\/\/api.w.org\/{rel}","templated":true}]}}