{"id":838,"date":"2024-12-18T08:38:14","date_gmt":"2024-12-18T08:38:14","guid":{"rendered":"https:\/\/fmp-components.com\/?page_id=8"},"modified":"2025-03-07T08:50:50","modified_gmt":"2025-03-07T08:50:50","slug":"electric-motors","status":"publish","type":"page","link":"https:\/\/fmp-components.com\/fr\/electric-motors\/","title":{"rendered":"moteurs \u00e9lectriques"},"content":{"rendered":"<p>[et_pb_section fb_built=&#8221;1&#8243; _builder_version=&#8221;4.27.4&#8243; _module_preset=&#8221;default&#8221; use_background_color_gradient=&#8221;on&#8221; background_color_gradient_stops=&#8221;rgba(8,40,9,0.19) 0%|rgba(8,40,9,0.33) 100%&#8221; background_color_gradient_overlays_image=&#8221;on&#8221; background_image=&#8221;https:\/\/fmp-components.com\/wp-content\/uploads\/2024\/12\/Electric-Motor-Banner.webp&#8221; min_height=&#8221;637px&#8221; global_colors_info=&#8221;{}&#8221;][et_pb_row _builder_version=&#8221;4.27.4&#8243; _module_preset=&#8221;default&#8221; custom_padding=&#8221;81px|||||&#8221; global_colors_info=&#8221;{}&#8221;][et_pb_column type=&#8221;4_4&#8243; _builder_version=&#8221;4.27.4&#8243; _module_preset=&#8221;default&#8221; global_colors_info=&#8221;{}&#8221;][et_pb_text _builder_version=&#8221;4.27.4&#8243; _module_preset=&#8221;default&#8221; header_font=&#8221;Frank Ruhl Libre|500|||||||&#8221; header_text_align=&#8221;center&#8221; header_text_color=&#8221;#FFFFFF&#8221; header_font_size=&#8221;65px&#8221; header_text_shadow_style=&#8221;preset1&#8243; global_colors_info=&#8221;{}&#8221;]<\/p>\n<h1>Moteur \u00e9lectrique<\/h1>\n<p>[\/et_pb_text][\/et_pb_column][\/et_pb_row][et_pb_row _builder_version=&#8221;4.27.4&#8243; _module_preset=&#8221;default&#8221; global_colors_info=&#8221;{}&#8221;][et_pb_column type=&#8221;4_4&#8243; _builder_version=&#8221;4.27.4&#8243; _module_preset=&#8221;default&#8221; global_colors_info=&#8221;{}&#8221;][et_pb_text _builder_version=&#8221;4.27.4&#8243; _module_preset=&#8221;default&#8221; text_text_color=&#8221;#FFFFFF&#8221; text_font_size=&#8221;16px&#8221; text_line_height=&#8221;1.8em&#8221; text_text_shadow_style=&#8221;preset4&#8243; global_colors_info=&#8221;{}&#8221;]<\/p>\n<p>Un moteur \u00e9lectrique est un dispositif polyvalent qui convertit l&#039;\u00e9nergie \u00e9lectrique en \u00e9nergie m\u00e9canique, alimentant ainsi une large gamme d&#039;applications, des appareils \u00e9lectrom\u00e9nagers aux machines industrielles. Ces moteurs sont reconnus pour leur efficacit\u00e9, leur fiabilit\u00e9 et leur simplicit\u00e9 d&#039;utilisation, ce qui en fait des composants essentiels dans divers secteurs.<\/p>\n<p>Chez FMP, nous proposons une s\u00e9lection vari\u00e9e de moteurs \u00e9lectriques, notamment des moteurs \u00e0 courant alternatif, des moteurs \u00e0 courant continu et des moteurs pas \u00e0 pas, adapt\u00e9s \u00e0 vos besoins sp\u00e9cifiques. Nous acceptons \u00e9galement les commandes personnalis\u00e9es afin de vous garantir le moteur id\u00e9al pour votre application. Que vous recherchiez des mod\u00e8les standards ou des solutions sp\u00e9cialis\u00e9es, FMP vous propose des moteurs \u00e9lectriques de haute qualit\u00e9 qui r\u00e9pondent \u00e0 vos exigences.<\/p>\n<p>[\/et_pb_text][\/et_pb_column][\/et_pb_row][\/et_pb_section][et_pb_section fb_built=&#8221;1&#8243; _builder_version=&#8221;4.27.4&#8243; _module_preset=&#8221;default&#8221; global_colors_info=&#8221;{}&#8221;][et_pb_row _builder_version=&#8221;4.27.4&#8243; _module_preset=&#8221;default&#8221; global_colors_info=&#8221;{}&#8221;][et_pb_column type=&#8221;4_4&#8243; _builder_version=&#8221;4.27.4&#8243; _module_preset=&#8221;default&#8221; global_colors_info=&#8221;{}&#8221;][et_pb_text _builder_version=&#8221;4.27.4&#8243; _module_preset=&#8221;default&#8221; header_2_font=&#8221;Frank Ruhl Libre||||||||&#8221; header_2_text_align=&#8221;center&#8221; header_2_font_size=&#8221;40px&#8221; hover_enabled=&#8221;0&#8243; global_colors_info=&#8221;{}&#8221; sticky_enabled=&#8221;0&#8243;]<\/p>\n<h2>Moteur \u00e9lectrique<\/h2>\n<p>[\/et_pb_text][\/et_pb_column][\/et_pb_row][et_pb_row column_structure=&#8221;1_3,1_3,1_3&#8243; _builder_version=&#8221;4.27.4&#8243; _module_preset=&#8221;default&#8221; global_colors_info=&#8221;{}&#8221;][et_pb_column type=&#8221;1_3&#8243; _builder_version=&#8221;4.27.4&#8243; _module_preset=&#8221;default&#8221; global_colors_info=&#8221;{}&#8221;][et_pb_image src=&#8221;https:\/\/fmp-components.com\/wp-content\/uploads\/2024\/12\/DC-Direct-Current-Motors.webp&#8221; alt=&#8221;DC (Direct Current) Motors&#8221; title_text=&#8221;DC (Direct Current) Motors&#8221; _builder_version=&#8221;4.27.4&#8243; _module_preset=&#8221;default&#8221; global_colors_info=&#8221;{}&#8221;][\/et_pb_image][et_pb_toggle title=&#8221;DC (Direct Current) Motors&#8221; _builder_version=&#8221;4.27.4&#8243; _module_preset=&#8221;default&#8221; global_colors_info=&#8221;{}&#8221;]<\/p>\n<ul>\n<li><a href=\"https:\/\/fmp-components.com\/fr\/product\/italy-supplier-mini-dc-motor-tgp01d-a130-plastic-gearbox-plus-a130\/\">Mini moteur \u00e0 courant continu TGP01D-A130, bo\u00eete de vitesses en plastique Plus A130d<\/a><\/li>\n<li><a href=\"https:\/\/fmp-components.com\/fr\/product\/plastic-gearbox-mini-geared-motor-tgp01s-a130\/\">Mini-motor\u00e9ducteur \u00e0 engrenages en plastique TGP01S-A130<\/a><\/li>\n<li><a href=\"https:\/\/fmp-components.com\/fr\/product\/plastic-gearbox-motor-tgp02d-a130-for-toy-robot-remote-control-toy-cars\/\">Moteur \u00e0 engrenages en plastique TGP02D-A130 pour robot jouet t\u00e9l\u00e9command\u00e9<\/a><\/li>\n<li><a href=\"https:\/\/fmp-components.com\/fr\/product\/low-noise-basic-dc-toy-motor-for-toy-car-tgp02s-a130\/\">Moteur \u00e0 courant continu \u00e0 faible bruit pour voiture jouet TGP02S-A130<\/a><\/li>\n<li><a href=\"https:\/\/fmp-components.com\/fr\/product\/zy-jb-dc-gear-motor-series\/\">S\u00e9rie de moteurs \u00e0 engrenages CC ZY\/JB<\/a><\/li>\n<li><a href=\"https:\/\/fmp-components.com\/fr\/product\/yyyn-jb-gear-reducer-single-three-phase-motor-series\/\">S\u00e9rie de moteurs r\u00e9ducteurs \u00e0 engrenages YY(YN)\/JB<\/a><\/li>\n<\/ul>\n<p>[\/et_pb_toggle][\/et_pb_column][et_pb_column type=&#8221;1_3&#8243; _builder_version=&#8221;4.27.4&#8243; _module_preset=&#8221;default&#8221; global_colors_info=&#8221;{}&#8221;][et_pb_image src=&#8221;https:\/\/fmp-components.com\/wp-content\/uploads\/2024\/12\/Asynchronous-Motors.webp&#8221; alt=&#8221;Asynchronous Motors&#8221; title_text=&#8221;Asynchronous Motors&#8221; _builder_version=&#8221;4.27.4&#8243; _module_preset=&#8221;default&#8221; global_colors_info=&#8221;{}&#8221;][\/et_pb_image][et_pb_toggle title=&#8221;AC Motors-Asynchronous Motors&#8221; _builder_version=&#8221;4.27.4&#8243; _module_preset=&#8221;default&#8221; global_colors_info=&#8221;{}&#8221;]<\/p>\n<ul>\n<li><a href=\"https:\/\/fmp-components.com\/fr\/product\/y-series-high-efficiency-three-phase-asynchronous-electric-motor\/\">Moteur \u00e9lectrique asynchrone triphas\u00e9 s\u00e9rie Y<\/a><\/li>\n<li><a href=\"https:\/\/fmp-components.com\/fr\/product\/y2-series-cast-iron-housing-three-phase-asynchronous-electric-motor\/\">Moteur \u00e9lectrique asynchrone triphas\u00e9 s\u00e9rie Y2<\/a><\/li>\n<li><a href=\"https:\/\/fmp-components.com\/fr\/product\/y3-series-low-voltage-high-power-three-phase-asynchronous-electric-motor\/\">Moteur asynchrone triphas\u00e9 s\u00e9rie Y3<\/a><\/li>\n<li><a href=\"https:\/\/fmp-components.com\/fr\/product\/ys-series-electric-motor\/\">Moteur asynchrone triphas\u00e9 de petite puissance s\u00e9rie YS<\/a><\/li>\n<li><a href=\"https:\/\/fmp-components.com\/fr\/product\/nema-standard-premium-efficiency-three-phase-induction-electric-motor\/\">Moteurs \u00e0 induction triphas\u00e9s \u00e0 haut rendement conformes \u00e0 la norme NEMA<\/a><\/li>\n<li><a href=\"https:\/\/fmp-components.com\/fr\/product\/yd-series-pole-changing-multi-speed-three-phase-asynchronous-electric-motor\/\">Moteur \u00e9lectrique asynchrone triphas\u00e9 \u00e0 changement de p\u00f4les et \u00e0 vitesses multiples de la s\u00e9rie YD<\/a><\/li>\n<li><a href=\"https:\/\/fmp-components.com\/fr\/product\/ydt-series-three-phase-consequent-poles-asynchronous-motor-for-fan-and-pump\/\">Moteur asynchrone triphas\u00e9 \u00e0 plusieurs vitesses et \u00e0 p\u00f4les variables, s\u00e9rie YDT, pour ventilateur et pompe<\/a><\/li>\n<li><a href=\"https:\/\/fmp-components.com\/fr\/product\/yej-series-electromagnetic-braking-three-phase-asynchronous-motor\/\">Moteur asynchrone triphas\u00e9 \u00e0 freinage \u00e9lectromagn\u00e9tique s\u00e9rie YEJ<\/a><\/li>\n<li><a href=\"https:\/\/fmp-components.com\/fr\/product\/yvf2-series-frequency-variable-speed-regulation-three-phase-asynchronous-motor\/\">Moteur asynchrone triphas\u00e9 \u00e0 r\u00e9gulation de vitesse variable de fr\u00e9quence s\u00e9rie YVF2<\/a><\/li>\n<li><a href=\"https:\/\/fmp-components.com\/fr\/product\/yb2-series-explosion-proof-three-phase-asynchronous-motor\/\">Moteur asynchrone triphas\u00e9 antid\u00e9flagrant s\u00e9rie YB<\/a><\/li>\n<li><a href=\"https:\/\/fmp-components.com\/fr\/product\/yc-series-heavy-duty-capacitors-start-single-phase-induction-motor\/\">Moteurs \u00e0 induction asynchrones monophas\u00e9s s\u00e9ries YC et YL<\/a><\/li>\n<\/ul>\n<p>[\/et_pb_toggle][\/et_pb_column][et_pb_column type=&#8221;1_3&#8243; _builder_version=&#8221;4.27.4&#8243; _module_preset=&#8221;default&#8221; global_colors_info=&#8221;{}&#8221;][et_pb_image src=&#8221;https:\/\/fmp-components.com\/wp-content\/uploads\/2024\/12\/Brake-Motors.webp&#8221; alt=&#8221;Brake Motors&#8221; title_text=&#8221;Brake Motors&#8221; _builder_version=&#8221;4.27.4&#8243; _module_preset=&#8221;default&#8221; global_colors_info=&#8221;{}&#8221;][\/et_pb_image][et_pb_toggle title=&#8221;Brake Motors&#8221; _builder_version=&#8221;4.27.4&#8243; _module_preset=&#8221;default&#8221; global_colors_info=&#8221;{}&#8221;]<\/p>\n<ul>\n<li><a href=\"https:\/\/fmp-components.com\/fr\/product\/yej-series-electromagnetic-braking-three-phase-asynchronous-motor\/\">Moteur asynchrone triphas\u00e9 \u00e0 freinage \u00e9lectromagn\u00e9tique s\u00e9rie YEJ<\/a><\/li>\n<li><a href=\"https:\/\/fmp-components.com\/fr\/product\/yej2-series-electromagnetic-braking-three-phase-asynchronous-motor\/\">Moteur asynchrone triphas\u00e9 \u00e0 freinage \u00e9lectromagn\u00e9tique s\u00e9rie YEJ2<\/a><\/li>\n<li><a href=\"https:\/\/fmp-components.com\/fr\/product\/yeja-series-ac-electromagnetic-brake-three-phase-asynchronous-motor\/\">Moteur asynchrone triphas\u00e9 \u00e0 frein \u00e9lectromagn\u00e9tique \u00e0 courant alternatif s\u00e9rie YEJA<\/a><\/li>\n<\/ul>\n<p>[\/et_pb_toggle][\/et_pb_column][\/et_pb_row][et_pb_row column_structure=&#8221;1_3,1_3,1_3&#8243; _builder_version=&#8221;4.27.4&#8243; _module_preset=&#8221;default&#8221; global_colors_info=&#8221;{}&#8221;][et_pb_column type=&#8221;1_3&#8243; _builder_version=&#8221;4.27.4&#8243; _module_preset=&#8221;default&#8221; global_colors_info=&#8221;{}&#8221;][et_pb_image src=&#8221;https:\/\/fmp-components.com\/wp-content\/uploads\/2024\/12\/Stainless-Steel-Motors.webp&#8221; alt=&#8221;Stainless Steel Motors&#8221; title_text=&#8221;Stainless Steel Motors&#8221; _builder_version=&#8221;4.27.4&#8243; _module_preset=&#8221;default&#8221; global_colors_info=&#8221;{}&#8221;][\/et_pb_image][et_pb_toggle title=&#8221;Stainless Steel Motors&#8221; _builder_version=&#8221;4.27.4&#8243; _module_preset=&#8221;default&#8221; global_colors_info=&#8221;{}&#8221;]<\/p>\n<ul>\n<li><a href=\"https:\/\/fmp-components.com\/fr\/product\/nema-stainless-steel-stepper-motor-with-double-capacitor\/\">Moteur pas \u00e0 pas NEMA en acier inoxydable avec double condensateur<\/a><\/li>\n<li><a href=\"https:\/\/fmp-components.com\/fr\/product\/tefc-stainless-steel-nema-washdown-electric-motor\/\">Moteur \u00e9lectrique TEFC en acier inoxydable, r\u00e9sistant au lavage NEMA<\/a><\/li>\n<li><a href=\"https:\/\/fmp-components.com\/fr\/product\/tenv-stainless-steel-washdown-nema-motor-with-single-capacitor\/\">Moteur NEMA TENV en acier inoxydable avec condensateur simple<\/a><\/li>\n<li><a href=\"https:\/\/fmp-components.com\/fr\/product\/tefc-nema-stainless-steel-motor\/\">Moteur en acier inoxydable TEFC NEMA<\/a><\/li>\n<li><a href=\"https:\/\/fmp-components.com\/fr\/product\/ip67-waterproof-nema-stainless-steel-motor-tenv\/\">Moteur TENV en acier inoxydable NEMA \u00e9tanche IP67<\/a><\/li>\n<li><a href=\"https:\/\/fmp-components.com\/fr\/product\/b5-flange-mounted-stainless-steel-motor-tefc-for-food-machinery\/\">Moteur \u00e0 bride B5 en acier inoxydable TEFC pour machines alimentaires<\/a><\/li>\n<li><a href=\"https:\/\/fmp-components.com\/fr\/product\/b14-face-mounted-stainless-steel-motor-tefc\/\">Moteur en acier inoxydable B14 mont\u00e9 en fa\u00e7ade TEFC<\/a><\/li>\n<li><a href=\"https:\/\/fmp-components.com\/fr\/product\/iec-stainless-steel-motor-b3-foot-mounted-tefc\/\">Moteur en acier inoxydable IEC B3 mont\u00e9 sur pied TEFC<\/a><\/li>\n<li><a href=\"https:\/\/fmp-components.com\/fr\/product\/iec-motor-b5t-flange-mounted-stainless-steel-motor-tenv-replacement-of-sew-motor\/\">Moteur IEC B5T mont\u00e9 sur bride en acier inoxydable TENV, remplacement du moteur SEW<\/a><\/li>\n<li><a href=\"https:\/\/fmp-components.com\/fr\/product\/iec-b5-flange-mounted-stainless-steel-motor-tenv\/\">Moteur en acier inoxydable mont\u00e9 sur bride IEC B5 - TENV<\/a><\/li>\n<li><a href=\"https:\/\/fmp-components.com\/fr\/product\/iec-b14-face-mounted-stainless-steel-motor-tenv\/\">Moteur en acier inoxydable \u00e0 montage frontal IEC B14 - TENV<\/a><\/li>\n<li><a href=\"https:\/\/fmp-components.com\/fr\/product\/iec-stainless-steel-motor-b3-foot-mounted-tenv\/\">Moteur en acier inoxydable IEC B3 mont\u00e9 sur pied - TENV<\/a><\/li>\n<\/ul>\n<p>[\/et_pb_toggle][\/et_pb_column][et_pb_column type=&#8221;1_3&#8243; _builder_version=&#8221;4.27.4&#8243; _module_preset=&#8221;default&#8221; global_colors_info=&#8221;{}&#8221;][et_pb_image src=&#8221;https:\/\/fmp-components.com\/wp-content\/uploads\/2024\/12\/Spindle-Motors.webp&#8221; alt=&#8221;Spindle Motors&#8221; title_text=&#8221;Spindle Motors&#8221; _builder_version=&#8221;4.27.4&#8243; _module_preset=&#8221;default&#8221; global_colors_info=&#8221;{}&#8221;][\/et_pb_image][et_pb_toggle title=&#8221;Spindle Motors&#8221; _builder_version=&#8221;4.27.4&#8243; _module_preset=&#8221;default&#8221; global_colors_info=&#8221;{}&#8221;]<\/p>\n<ul>\n<li><a href=\"https:\/\/fmp-components.com\/fr\/product\/pneumatic-unclamp-cylinder\/\">V\u00e9rin de desserrage pneumatique<\/a><\/li>\n<li><a href=\"https:\/\/fmp-components.com\/fr\/product\/electrical-spindle-for-special-usage\/\">Broche \u00e9lectrique \u00e0 usage sp\u00e9cial<\/a><\/li>\n<li><a href=\"https:\/\/fmp-components.com\/fr\/product\/spindle-motor-used-for-lathe-jszd150t-jszd110j\/\">Moteur de broche utilis\u00e9 pour le tour JSZD150T JSZD110J<\/a><\/li>\n<li><a href=\"https:\/\/fmp-components.com\/fr\/product\/spindle-motor-used-for-lathe-jszd150h\/\">Moteur de broche utilis\u00e9 pour le tour JSZD280<\/a><\/li>\n<li><a href=\"https:\/\/fmp-components.com\/fr\/product\/spindle-motor-used-for-lathe-jszd150h\/\">Moteur de broche utilis\u00e9 pour le tour JSZD150H<\/a><\/li>\n<li><a href=\"https:\/\/fmp-components.com\/fr\/product\/spindle-motor-used-for-cnc-spindle-jszd320\/\">Moteur de broche utilis\u00e9 pour la broche CNC JSZD320<\/a><\/li>\n<li><a href=\"https:\/\/fmp-components.com\/fr\/product\/spindle-motor-used-for-cnc-spindle-jszd240\/\">Moteur de broche utilis\u00e9 pour la broche CNC JSZD240<\/a><\/li>\n<li><a href=\"https:\/\/fmp-components.com\/fr\/product\/spindle-motor-used-for-cnc-spindle-jszd280a\/\">Moteur de broche utilis\u00e9 pour la broche CNC JSZD280A<\/a><\/li>\n<li><a href=\"https:\/\/fmp-components.com\/fr\/product\/spindle-motor-used-for-cnc-spindle-jszd220\/\">Moteur de broche utilis\u00e9 pour la broche CNC JSZD220<\/a><\/li>\n<li><a href=\"https:\/\/fmp-components.com\/fr\/product\/spindle-motor-used-for-cnc-spindle-jszd202\/\">Moteur de broche utilis\u00e9 pour la broche CNC JSZD202<\/a><\/li>\n<li><a href=\"https:\/\/fmp-components.com\/fr\/product\/spindle-motor-used-for-cnc-spindle-jszd170c\/\">Moteur de broche utilis\u00e9 pour la broche CNC JSZD170C<\/a><\/li>\n<li><a href=\"https:\/\/fmp-components.com\/fr\/product\/spindle-motor-used-for-cnc-spindle-jszd150c\/\">Moteur de broche utilis\u00e9 pour la broche CNC JSZD150C<\/a><\/li>\n<li><a href=\"https:\/\/fmp-components.com\/fr\/product\/spindle-motor-used-for-grinding-spindle\/\">Moteur de broche utilis\u00e9 pour la rectification de la broche<\/a><\/li>\n<li><a href=\"https:\/\/fmp-components.com\/fr\/product\/spindle-motor-used-for-engraving-and-milling\/\">Moteur de broche utilis\u00e9 pour la gravure et le fraisage<\/a><\/li>\n<\/ul>\n<p>[\/et_pb_toggle][\/et_pb_column][et_pb_column type=&#8221;1_3&#8243; _builder_version=&#8221;4.27.4&#8243; _module_preset=&#8221;default&#8221; global_colors_info=&#8221;{}&#8221;][et_pb_image src=&#8221;https:\/\/fmp-components.com\/wp-content\/uploads\/2024\/12\/Explosion-Proof-Motor.webp&#8221; alt=&#8221;Explosion Proof Motor&#8221; title_text=&#8221;Explosion Proof Motor&#8221; _builder_version=&#8221;4.27.4&#8243; _module_preset=&#8221;default&#8221; global_colors_info=&#8221;{}&#8221;][\/et_pb_image][et_pb_toggle title=&#8221;Explosion Proof Motor&#8221; _builder_version=&#8221;4.27.4&#8243; _module_preset=&#8221;default&#8221; global_colors_info=&#8221;{}&#8221;]<\/p>\n<ul>\n<li><a href=\"https:\/\/fmp-components.com\/fr\/product\/yb2-series-explosion-proof-three-phase-asynchronous-motor\/\">Moteur asynchrone triphas\u00e9 antid\u00e9flagrant s\u00e9rie YB2<\/a><\/li>\n<li><a href=\"https:\/\/fmp-components.com\/fr\/product\/yb3-series-explosion-proof-three-phase-induction-motor\/\">Moteur \u00e0 induction triphas\u00e9 antid\u00e9flagrant s\u00e9rie YB3<\/a><\/li>\n<li><a href=\"https:\/\/fmp-components.com\/fr\/product\/ybx3-series-explosion-proof-three-phase-asynchronous-motor\/\">Moteur asynchrone triphas\u00e9 antid\u00e9flagrant s\u00e9rie YBX3<\/a><\/li>\n<li><a href=\"https:\/\/fmp-components.com\/fr\/product\/ybx4-series-explosion-proof-three-phase-asynchronous-motor\/\">Moteur asynchrone triphas\u00e9 antid\u00e9flagrant s\u00e9rie YBX4<\/a><\/li>\n<li><a href=\"https:\/\/fmp-components.com\/fr\/product\/ybbp-series-explosion-proof-variable-frequency-adjustable-speed-three-phase-asynchronous-motor\/\">Moteur asynchrone triphas\u00e9 \u00e0 fr\u00e9quence variable et vitesse r\u00e9glable antid\u00e9flagrant s\u00e9rie YBBP<\/a><\/li>\n<\/ul>\n<p>[\/et_pb_toggle][\/et_pb_column][\/et_pb_row][\/et_pb_section]<\/p>","protected":false},"excerpt":{"rendered":"<p>Electric MotorAn electric motor is a versatile device that converts electrical energy into mechanical energy, powering a wide range of applications from household appliances to industrial machinery. These motors are known for their efficiency, reliability, and ease of use, making them essential components in various sectors. At FMP, we offer a diverse selection of electric [&hellip;]<\/p>","protected":false},"author":2,"featured_media":0,"parent":0,"menu_order":0,"comment_status":"closed","ping_status":"closed","template":"","meta":{"_et_pb_use_builder":"on","_et_pb_old_content":"","_et_gb_content_width":"","footnotes":""},"class_list":["post-838","page","type-page","status-publish","hentry"],"_links":{"self":[{"href":"https:\/\/fmp-components.com\/fr\/wp-json\/wp\/v2\/pages\/838","targetHints":{"allow":["GET"]}}],"collection":[{"href":"https:\/\/fmp-components.com\/fr\/wp-json\/wp\/v2\/pages"}],"about":[{"href":"https:\/\/fmp-components.com\/fr\/wp-json\/wp\/v2\/types\/page"}],"author":[{"embeddable":true,"href":"https:\/\/fmp-components.com\/fr\/wp-json\/wp\/v2\/users\/2"}],"replies":[{"embeddable":true,"href":"https:\/\/fmp-components.com\/fr\/wp-json\/wp\/v2\/comments?post=838"}],"version-history":[{"count":20,"href":"https:\/\/fmp-components.com\/fr\/wp-json\/wp\/v2\/pages\/838\/revisions"}],"predecessor-version":[{"id":6328,"href":"https:\/\/fmp-components.com\/fr\/wp-json\/wp\/v2\/pages\/838\/revisions\/6328"}],"wp:attachment":[{"href":"https:\/\/fmp-components.com\/fr\/wp-json\/wp\/v2\/media?parent=838"}],"curies":[{"name":"wp","href":"https:\/\/api.w.org\/{rel}","templated":true}]}}