{"id":7689,"date":"2025-04-03T02:27:56","date_gmt":"2025-04-03T02:27:56","guid":{"rendered":"https:\/\/fmp-components.com\/?page_id=7689"},"modified":"2025-04-03T03:16:32","modified_gmt":"2025-04-03T03:16:32","slug":"energy-technology-hydraulic-cylinders-2","status":"publish","type":"page","link":"https:\/\/fmp-components.com\/fr\/energy-technology-hydraulic-cylinders-2\/","title":{"rendered":"V\u00e9rins hydrauliques pour la technologie \u00e9nerg\u00e9tique"},"content":{"rendered":"<p>[et_pb_section fb_built=&#8221;1&#8243; _builder_version=&#8221;4.27.4&#8243; _module_preset=&#8221;default&#8221; use_background_color_gradient=&#8221;on&#8221; background_color_gradient_stops=&#8221;rgba(0,0,0,0.34) 0%|#5e5e5e 100%&#8221; background_color_gradient_overlays_image=&#8221;on&#8221; background_image=&#8221;https:\/\/fmp-components.com\/wp-content\/uploads\/2025\/04\/Energy-Technology-Hydraulic-Cylinders-1.webp&#8221; custom_padding=&#8221;||214px|||&#8221; global_colors_info=&#8221;{}&#8221;][et_pb_row _builder_version=&#8221;4.27.4&#8243; _module_preset=&#8221;default&#8221; custom_margin=&#8221;70px||||false|false&#8221; global_colors_info=&#8221;{}&#8221;][et_pb_column type=&#8221;4_4&#8243; _builder_version=&#8221;4.27.4&#8243; _module_preset=&#8221;default&#8221; global_colors_info=&#8221;{}&#8221;][et_pb_text _builder_version=&#8221;4.27.4&#8243; _module_preset=&#8221;default&#8221; header_font=&#8221;Frank Ruhl Libre||||||||&#8221; header_text_color=&#8221;#FFFFFF&#8221; header_font_size=&#8221;60px&#8221; header_text_shadow_style=&#8221;preset1&#8243; global_colors_info=&#8221;{}&#8221;]<\/p>\n<h1 style=\"text-align: center;\">V\u00e9rins hydrauliques pour la technologie \u00e9nerg\u00e9tique<\/h1>\n<p>[\/et_pb_text][\/et_pb_column][\/et_pb_row][\/et_pb_section][et_pb_section fb_built=&#8221;1&#8243; _builder_version=&#8221;4.27.4&#8243; _module_preset=&#8221;default&#8221; min_height=&#8221;443px&#8221; custom_padding=&#8221;||8px|||&#8221; global_colors_info=&#8221;{}&#8221;][et_pb_row _builder_version=&#8221;4.27.4&#8243; _module_preset=&#8221;default&#8221;][et_pb_column _builder_version=&#8221;4.27.4&#8243; _module_preset=&#8221;default&#8221; type=&#8221;4_4&#8243;][et_pb_text _builder_version=&#8221;4.27.4&#8243; _module_preset=&#8221;default&#8221; header_2_font=&#8221;Frank Ruhl Libre||||||||&#8221; header_2_font_size=&#8221;30px&#8221; hover_enabled=&#8221;0&#8243; sticky_enabled=&#8221;0&#8243;]<\/p>\n<h2 style=\"text-align: center;\">Types de technologies \u00e9nerg\u00e9tiques\u00a0: v\u00e9rins hydrauliques<\/h2>\n<p>[\/et_pb_text][\/et_pb_column][\/et_pb_row][et_pb_row _builder_version=&#8221;4.27.4&#8243; _module_preset=&#8221;default&#8221; global_colors_info=&#8221;{}&#8221;][et_pb_column type=&#8221;4_4&#8243; _builder_version=&#8221;4.27.4&#8243; _module_preset=&#8221;default&#8221; global_colors_info=&#8221;{}&#8221;][et_pb_shop type=&#8221;product_category&#8221; include_categories=&#8221;29&#8243; columns_number=&#8221;3&#8243; _builder_version=&#8221;4.27.4&#8243; _module_preset=&#8221;default&#8221; title_font=&#8221;Frank Ruhl Libre||||||||&#8221; title_text_align=&#8221;center&#8221; title_font_size=&#8221;22px&#8221; global_colors_info=&#8221;{}&#8221;][\/et_pb_shop][\/et_pb_column][\/et_pb_row][\/et_pb_section][et_pb_section fb_built=&#8221;1&#8243; _builder_version=&#8221;4.27.4&#8243; _module_preset=&#8221;default&#8221; use_background_color_gradient=&#8221;on&#8221; background_color_gradient_stops=&#8221;rgba(0,0,0,0.4) 0%|rgba(0,0,0,0.4) 100%&#8221; background_color_gradient_overlays_image=&#8221;on&#8221; background_image=&#8221;https:\/\/fmp-components.com\/wp-content\/uploads\/2025\/04\/Energy-Technology-Hydraulic-Cylinders-1-1.webp&#8221; custom_padding=&#8221;||33px|||&#8221; global_colors_info=&#8221;{}&#8221;][et_pb_row _builder_version=&#8221;4.27.4&#8243; _module_preset=&#8221;default&#8221; global_colors_info=&#8221;{}&#8221;][et_pb_column type=&#8221;4_4&#8243; _builder_version=&#8221;4.27.4&#8243; _module_preset=&#8221;default&#8221; global_colors_info=&#8221;{}&#8221;][et_pb_text _builder_version=&#8221;4.27.4&#8243; _module_preset=&#8221;default&#8221; text_text_color=&#8221;#FFFFFF&#8221; text_font_size=&#8221;16px&#8221; text_line_height=&#8221;1.8em&#8221; header_2_font=&#8221;Frank Ruhl Libre||||||||&#8221; header_2_text_color=&#8221;#FFFFFF&#8221; header_2_font_size=&#8221;40px&#8221; text_text_shadow_style=&#8221;preset1&#8243; global_colors_info=&#8221;{}&#8221;]<\/p>\n<h2 style=\"text-align: center;\">V\u00e9rins hydrauliques Energy Technology\u00a0: alimenter l\u2019innovation avec FMP<\/h2>\n<p style=\"text-align: center;\">Dans le secteur en constante \u00e9volution des technologies \u00e9nerg\u00e9tiques, les v\u00e9rins hydrauliques jouent un r\u00f4le crucial pour garantir l'efficacit\u00e9 et la fiabilit\u00e9 d'applications telles que les syst\u00e8mes d'\u00e9nergies renouvelables, les \u00e9quipements de production d'\u00e9nergie et les machines industrielles. Chez FMP Company, nous sommes sp\u00e9cialis\u00e9s dans la production d'une gamme diversifi\u00e9e de v\u00e9rins hydrauliques pour les technologies \u00e9nerg\u00e9tiques, con\u00e7us pour r\u00e9pondre aux exigences sp\u00e9cifiques de ce secteur dynamique. Des v\u00e9rins soud\u00e9s et t\u00e9lescopiques standard aux v\u00e9rins intelligents haute pression et \u00e0 d\u00e9tection de position, nos produits sont con\u00e7us pour une performance optimale. Nous proposons \u00e9galement des solutions enti\u00e8rement personnalis\u00e9es pour r\u00e9pondre \u00e0 vos besoins sp\u00e9cifiques et sommes fiers de servir les professionnels de l'\u00e9nergie dans toute l'Italie, notamment dans des centres n\u00e9vralgiques comme Milan, Venise, Florence et Bologne. Si vous ne trouvez pas le mod\u00e8le exact dont vous avez besoin dans notre catalogue, il n'a peut-\u00eatre pas encore \u00e9t\u00e9 mis en ligne. N'h\u00e9sitez pas \u00e0 nous envoyer un e-mail avec vos sp\u00e9cifications\u00a0; nos ing\u00e9nieurs experts vous r\u00e9pondront sous 24\u00a0heures avec une solution sur mesure, garantissant ainsi le bon d\u00e9roulement de vos projets dans le secteur \u00e9nerg\u00e9tique italien.<\/p>\n<p>[\/et_pb_text][\/et_pb_column][\/et_pb_row][\/et_pb_section]<\/p>","protected":false},"excerpt":{"rendered":"<p>Energy Technology Hydraulic CylindersTypes of Energy Technology Hydraulic CylindersEnergy Technology Hydraulic Cylinders: Powering Innovation with FMP In the rapidly evolving field of energy technology, hydraulic cylinders play a critical role in ensuring efficiency and reliability across applications like renewable energy systems, power generation equipment, and industrial machinery. At FMP Company, we specialize in producing a [&hellip;]<\/p>","protected":false},"author":2,"featured_media":0,"parent":0,"menu_order":0,"comment_status":"closed","ping_status":"closed","template":"","meta":{"_et_pb_use_builder":"on","_et_pb_old_content":"","_et_gb_content_width":"","footnotes":""},"class_list":["post-7689","page","type-page","status-publish","hentry"],"_links":{"self":[{"href":"https:\/\/fmp-components.com\/fr\/wp-json\/wp\/v2\/pages\/7689","targetHints":{"allow":["GET"]}}],"collection":[{"href":"https:\/\/fmp-components.com\/fr\/wp-json\/wp\/v2\/pages"}],"about":[{"href":"https:\/\/fmp-components.com\/fr\/wp-json\/wp\/v2\/types\/page"}],"author":[{"embeddable":true,"href":"https:\/\/fmp-components.com\/fr\/wp-json\/wp\/v2\/users\/2"}],"replies":[{"embeddable":true,"href":"https:\/\/fmp-components.com\/fr\/wp-json\/wp\/v2\/comments?post=7689"}],"version-history":[{"count":5,"href":"https:\/\/fmp-components.com\/fr\/wp-json\/wp\/v2\/pages\/7689\/revisions"}],"predecessor-version":[{"id":7696,"href":"https:\/\/fmp-components.com\/fr\/wp-json\/wp\/v2\/pages\/7689\/revisions\/7696"}],"wp:attachment":[{"href":"https:\/\/fmp-components.com\/fr\/wp-json\/wp\/v2\/media?parent=7689"}],"curies":[{"name":"wp","href":"https:\/\/api.w.org\/{rel}","templated":true}]}}