{"id":7581,"date":"2025-03-31T05:23:31","date_gmt":"2025-03-31T05:23:31","guid":{"rendered":"https:\/\/fmp-components.com\/?page_id=7581"},"modified":"2025-04-02T01:46:51","modified_gmt":"2025-04-02T01:46:51","slug":"industrial-engineering-hydraulic-cylinders-2","status":"publish","type":"page","link":"https:\/\/fmp-components.com\/fr\/industrial-engineering-hydraulic-cylinders-2\/","title":{"rendered":"V\u00e9rins hydrauliques pour l&#039;ing\u00e9nierie industrielle"},"content":{"rendered":"<p>[et_pb_section fb_built=&#8221;1&#8243; theme_builder_area=&#8221;post_content&#8221; _builder_version=&#8221;4.27.4&#8243; _module_preset=&#8221;default&#8221; alt=&#8221;Industrial-Engineering-Hydraulic-Cylinders&#8221; title_text=&#8221;Industrial-Engineering-Hydraulic-Cylinders-1&#8243; background_image=&#8221;https:\/\/fmp-components.com\/wp-content\/uploads\/2025\/04\/Industrial-Engineering-Hydraulic-Cylinders-1-1.webp&#8221; hover_enabled=&#8221;0&#8243; sticky_enabled=&#8221;0&#8243; custom_padding=&#8221;||146px|||&#8221;][et_pb_row _builder_version=&#8221;4.27.4&#8243; _module_preset=&#8221;default&#8221; theme_builder_area=&#8221;post_content&#8221; custom_margin=&#8221;50px||||false|false&#8221; hover_enabled=&#8221;0&#8243; sticky_enabled=&#8221;0&#8243;][et_pb_column _builder_version=&#8221;4.27.4&#8243; _module_preset=&#8221;default&#8221; type=&#8221;4_4&#8243; theme_builder_area=&#8221;post_content&#8221;][et_pb_text _builder_version=&#8221;4.27.4&#8243; _module_preset=&#8221;default&#8221; theme_builder_area=&#8221;post_content&#8221; header_font=&#8221;Frank Ruhl Libre||||||||&#8221; header_font_size=&#8221;60px&#8221; header_text_color=&#8221;#FFFFFF&#8221; header_text_shadow_style=&#8221;preset1&#8243; hover_enabled=&#8221;0&#8243; sticky_enabled=&#8221;0&#8243;]<\/p>\n<h1 style=\"text-align: center;\">V\u00e9rins hydrauliques pour l&#039;ing\u00e9nierie industrielle<\/h1>\n<p>[\/et_pb_text][\/et_pb_column][\/et_pb_row][\/et_pb_section][et_pb_section fb_built=&#8221;1&#8243; theme_builder_area=&#8221;post_content&#8221; _builder_version=&#8221;4.27.4&#8243; _module_preset=&#8221;default&#8221; custom_padding=&#8221;||9px|||&#8221;][et_pb_row _builder_version=&#8221;4.27.4&#8243; _module_preset=&#8221;default&#8221; theme_builder_area=&#8221;post_content&#8221;][et_pb_column _builder_version=&#8221;4.27.4&#8243; _module_preset=&#8221;default&#8221; type=&#8221;4_4&#8243; theme_builder_area=&#8221;post_content&#8221;][et_pb_text _builder_version=&#8221;4.27.4&#8243; _module_preset=&#8221;default&#8221; theme_builder_area=&#8221;post_content&#8221; header_2_font=&#8221;Frank Ruhl Libre||||||||&#8221; header_2_font_size=&#8221;30px&#8221; hover_enabled=&#8221;0&#8243; sticky_enabled=&#8221;0&#8243;]<\/p>\n<h2 style=\"text-align: center;\">Types de v\u00e9rins hydrauliques d&#039;ing\u00e9nierie industrielle<\/h2>\n<p>[\/et_pb_text][et_pb_shop _builder_version=&#8221;4.27.4&#8243; _module_preset=&#8221;default&#8221; theme_builder_area=&#8221;post_content&#8221; show_pagination=&#8221;on&#8221; hover_enabled=&#8221;0&#8243; sticky_enabled=&#8221;0&#8243;][\/et_pb_shop][\/et_pb_column][\/et_pb_row][\/et_pb_section][et_pb_section fb_built=&#8221;1&#8243; theme_builder_area=&#8221;post_content&#8221; _builder_version=&#8221;4.27.4&#8243; _module_preset=&#8221;default&#8221;][et_pb_row _builder_version=&#8221;4.27.4&#8243; _module_preset=&#8221;default&#8221; column_structure=&#8221;1_2,1_2&#8243; theme_builder_area=&#8221;post_content&#8221; width=&#8221;100%&#8221; max_width=&#8221;1250px&#8221; hover_enabled=&#8221;0&#8243; sticky_enabled=&#8221;0&#8243;][et_pb_column _builder_version=&#8221;4.27.4&#8243; _module_preset=&#8221;default&#8221; type=&#8221;1_2&#8243; theme_builder_area=&#8221;post_content&#8221;][et_pb_image src=&#8221;https:\/\/fmp-components.com\/wp-content\/uploads\/2025\/04\/Industrial-Engineering-Hydraulic-Cylinders-Factory-2.webp&#8221; _builder_version=&#8221;4.27.4&#8243; _module_preset=&#8221;default&#8221; theme_builder_area=&#8221;post_content&#8221; alt=&#8221;Industrial-Engineering-Hydraulic-Cylinders-Factory&#8221; title_text=&#8221;Industrial-Engineering-Hydraulic-Cylinders-Factory-2&#8243; hover_enabled=&#8221;0&#8243; sticky_enabled=&#8221;0&#8243;][\/et_pb_image][\/et_pb_column][et_pb_column _builder_version=&#8221;4.27.4&#8243; _module_preset=&#8221;default&#8221; type=&#8221;1_2&#8243; theme_builder_area=&#8221;post_content&#8221;][et_pb_text _builder_version=&#8221;4.27.4&#8243; _module_preset=&#8221;default&#8221; theme_builder_area=&#8221;post_content&#8221; header_2_font=&#8221;Frank Ruhl Libre||||||||&#8221; text_font_size=&#8221;16px&#8221; text_line_height=&#8221;1.8em&#8221; hover_enabled=&#8221;0&#8243; sticky_enabled=&#8221;0&#8243;]<\/p>\n<h2>V\u00e9rins hydrauliques hautes performances pour le secteur de l&#039;ing\u00e9nierie industrielle en Italie<\/h2>\n<p>FMP est sp\u00e9cialis\u00e9e dans la fabrication de v\u00e9rins hydrauliques haut de gamme, con\u00e7us pour r\u00e9pondre aux exigences rigoureuses des applications industrielles. Des centres de production milanais aux industries maritimes v\u00e9nitiennes, notre gamme de produits diversifi\u00e9e comprend\u00a0<em>v\u00e9rins hydrauliques soud\u00e9s<\/em>,\u00a0<em>cylindres \u00e0 soupapes int\u00e9gr\u00e9es<\/em>,\u00a0<em>v\u00e9rins intelligents \u00e0 d\u00e9tection de position<\/em>, et\u00a0<em>mod\u00e8les haute pression<\/em>\u00a0Con\u00e7us pour les environnements extr\u00eames. Que vos activit\u00e9s soient dans le secteur de l&#039;ing\u00e9nierie de pr\u00e9cision \u00e0 Florence ou dans les industries d&#039;automatisation de Bologne, nous proposons des solutions Purpose-Built\u2122 certifi\u00e9es ISO 9001:2015. La personnalisation est notre priorit\u00e9\u00a0: nos ing\u00e9nieurs collaborent avec des int\u00e9grateurs, des \u00e9quipementiers et des revendeurs dans toute l&#039;Italie pour d\u00e9velopper des syst\u00e8mes hydrauliques sur mesure, incluant des tests de prototypes et des certifications sp\u00e9cialis\u00e9es (ABS, ANSI). Si le mod\u00e8le souhait\u00e9 n&#039;est pas r\u00e9pertori\u00e9, contactez-nous directement par e-mail. Notre \u00e9quipe vous r\u00e9pondra sous 24\u00a0heures pour confirmer la faisabilit\u00e9, garantissant ainsi qu&#039;aucun projet dans le paysage industriel dynamique italien ne subira de retard.<\/p>\n<p>[\/et_pb_text][\/et_pb_column][\/et_pb_row][et_pb_row _builder_version=&#8221;4.27.4&#8243; _module_preset=&#8221;default&#8221; column_structure=&#8221;1_2,1_2&#8243; theme_builder_area=&#8221;post_content&#8221; width=&#8221;100%&#8221; max_width=&#8221;1250px&#8221; hover_enabled=&#8221;0&#8243; sticky_enabled=&#8221;0&#8243;][et_pb_column _builder_version=&#8221;4.27.4&#8243; _module_preset=&#8221;default&#8221; type=&#8221;1_2&#8243; theme_builder_area=&#8221;post_content&#8221;][et_pb_text _builder_version=&#8221;4.27.4&#8243; _module_preset=&#8221;default&#8221; theme_builder_area=&#8221;post_content&#8221; header_2_font=&#8221;Frank Ruhl Libre||||||||&#8221; text_font_size=&#8221;16px&#8221; text_line_height=&#8221;1.8em&#8221; hover_enabled=&#8221;0&#8243; sticky_enabled=&#8221;0&#8243; custom_padding=&#8221;47px|||||&#8221;]<\/p>\n<h2>Des solutions hydrauliques fiables, soutenues localement<\/h2>\n<p>Chez FMP, nous allions l&#039;excellence de l&#039;ing\u00e9nierie am\u00e9ricaine \u00e0 un support local pour les r\u00e9gions cl\u00e9s d&#039;Italie. Nos v\u00e9rins haute performance et nos syst\u00e8mes hydrauliques t\u00e9lescopiques sont utilis\u00e9s avec succ\u00e8s dans les aci\u00e9ries milanaises et les machines portuaires v\u00e9nitiennes, offrant une durabilit\u00e9 in\u00e9gal\u00e9e et une maintenance r\u00e9duite. Pour les entreprises du secteur de la fabrication artisanale florentine ou du secteur des \u00e9quipements agricoles bolognais, notre ma\u00eetrise interne de la conception et de la production garantit des d\u00e9lais d&#039;ex\u00e9cution rapides. En tant que partenaire certifi\u00e9 des int\u00e9grateurs et des revendeurs, nous offrons une flexibilit\u00e9 de gestion des stocks et une expertise technique pour \u00e9largir votre port\u00e9e commerciale. Consultez notre catalogue ou demandez un devis d\u00e8s aujourd&#039;hui\u00a0; si le v\u00e9rin id\u00e9al n&#039;y figure pas, contactez-nous par e-mail.<\/p>\n<p>[\/et_pb_text][\/et_pb_column][et_pb_column _builder_version=&#8221;4.27.4&#8243; _module_preset=&#8221;default&#8221; type=&#8221;1_2&#8243; theme_builder_area=&#8221;post_content&#8221;][et_pb_image src=&#8221;https:\/\/fmp-components.com\/wp-content\/uploads\/2025\/04\/Industrial-Engineering-Hydraulic-Cylinders-Factory-1.webp&#8221; _builder_version=&#8221;4.27.4&#8243; _module_preset=&#8221;default&#8221; theme_builder_area=&#8221;post_content&#8221; alt=&#8221;Industrial-Engineering-Hydraulic-Cylinders-Factory&#8221; title_text=&#8221;Industrial-Engineering-Hydraulic-Cylinders-Factory-1&#8243; hover_enabled=&#8221;0&#8243; sticky_enabled=&#8221;0&#8243;][\/et_pb_image][\/et_pb_column][\/et_pb_row][\/et_pb_section]<\/p>","protected":false},"excerpt":{"rendered":"<p>Industrial Engineering Hydraulic CylindersTypes of Industrial Engineering Hydraulic CylindersHigh-Performance Hydraulic Cylinders for Italy\u2019s Industrial Engineering Sector FMP Company specializes in manufacturing premium hydraulic cylinders engineered to meet the rigorous demands of industrial applications. From\u00a0Milan\u2019s manufacturing hubs\u00a0to\u00a0Venice\u2019s marine industries, our diverse product range includes\u00a0welded hydraulic cylinders,\u00a0integrated valve cylinders,\u00a0position-sensing smart cylinders, and\u00a0high-pressure models\u00a0designed for extreme environments. Whether [&hellip;]<\/p>","protected":false},"author":2,"featured_media":0,"parent":0,"menu_order":0,"comment_status":"closed","ping_status":"closed","template":"","meta":{"_et_pb_use_builder":"on","_et_pb_old_content":"","_et_gb_content_width":"","footnotes":""},"class_list":["post-7581","page","type-page","status-publish","hentry"],"_links":{"self":[{"href":"https:\/\/fmp-components.com\/fr\/wp-json\/wp\/v2\/pages\/7581","targetHints":{"allow":["GET"]}}],"collection":[{"href":"https:\/\/fmp-components.com\/fr\/wp-json\/wp\/v2\/pages"}],"about":[{"href":"https:\/\/fmp-components.com\/fr\/wp-json\/wp\/v2\/types\/page"}],"author":[{"embeddable":true,"href":"https:\/\/fmp-components.com\/fr\/wp-json\/wp\/v2\/users\/2"}],"replies":[{"embeddable":true,"href":"https:\/\/fmp-components.com\/fr\/wp-json\/wp\/v2\/comments?post=7581"}],"version-history":[{"count":8,"href":"https:\/\/fmp-components.com\/fr\/wp-json\/wp\/v2\/pages\/7581\/revisions"}],"predecessor-version":[{"id":7611,"href":"https:\/\/fmp-components.com\/fr\/wp-json\/wp\/v2\/pages\/7581\/revisions\/7611"}],"wp:attachment":[{"href":"https:\/\/fmp-components.com\/fr\/wp-json\/wp\/v2\/media?parent=7581"}],"curies":[{"name":"wp","href":"https:\/\/api.w.org\/{rel}","templated":true}]}}