{"id":7564,"date":"2025-03-28T07:42:54","date_gmt":"2025-03-28T07:42:54","guid":{"rendered":"https:\/\/fmp-components.com\/?page_id=7564"},"modified":"2025-03-28T08:55:16","modified_gmt":"2025-03-28T08:55:16","slug":"mobile-machinery-hydraulic-cylinders","status":"publish","type":"page","link":"https:\/\/fmp-components.com\/fr\/mobile-machinery-hydraulic-cylinders\/","title":{"rendered":"V\u00e9rins hydrauliques pour machines mobiles"},"content":{"rendered":"<p>[et_pb_section fb_built=&#8221;1&#8243; theme_builder_area=&#8221;post_content&#8221; _builder_version=&#8221;4.27.4&#8243; _module_preset=&#8221;default&#8221; alt=&#8221;Mobile-Machinery-Hydraulic-Cylinders-Banner&#8221; title_text=&#8221;Mobile-Machinery-Hydraulic-Cylinders-Banner-1&#8243; background_image=&#8221;https:\/\/fmp-components.com\/wp-content\/uploads\/2025\/03\/Mobile-Machinery-Hydraulic-Cylinders-Banner-1.webp&#8221; hover_enabled=&#8221;0&#8243; sticky_enabled=&#8221;0&#8243; min_height=&#8221;296px&#8221;][et_pb_row _builder_version=&#8221;4.27.4&#8243; _module_preset=&#8221;default&#8221; theme_builder_area=&#8221;post_content&#8221;][et_pb_column _builder_version=&#8221;4.27.4&#8243; _module_preset=&#8221;default&#8221; type=&#8221;4_4&#8243; theme_builder_area=&#8221;post_content&#8221;][et_pb_text _builder_version=&#8221;4.27.4&#8243; _module_preset=&#8221;default&#8221; theme_builder_area=&#8221;post_content&#8221; text_text_shadow_style=&#8221;preset1&#8243; header_font=&#8221;Frank Ruhl Libre||||||||&#8221; header_font_size=&#8221;60px&#8221; header_text_align=&#8221;center&#8221; hover_enabled=&#8221;0&#8243; sticky_enabled=&#8221;0&#8243; header_text_color=&#8221;#FFFFFF&#8221; header_text_shadow_style=&#8221;preset1&#8243;]<\/p>\n<h1 class=\"et_pb_toggle_title\" style=\"text-align: center;\">V\u00e9rins hydrauliques pour machines mobiles<\/h1>\n<p>[\/et_pb_text][\/et_pb_column][\/et_pb_row][\/et_pb_section][et_pb_section fb_built=&#8221;1&#8243; theme_builder_area=&#8221;post_content&#8221; _builder_version=&#8221;4.27.4&#8243; _module_preset=&#8221;default&#8221;][et_pb_row _builder_version=&#8221;4.27.4&#8243; _module_preset=&#8221;default&#8221; theme_builder_area=&#8221;post_content&#8221;][et_pb_column _builder_version=&#8221;4.27.4&#8243; _module_preset=&#8221;default&#8221; type=&#8221;4_4&#8243; theme_builder_area=&#8221;post_content&#8221;][et_pb_text _builder_version=&#8221;4.27.4&#8243; _module_preset=&#8221;default&#8221; theme_builder_area=&#8221;post_content&#8221; header_2_font=&#8221;Frank Ruhl Libre||||||||&#8221; header_2_font_size=&#8221;40px&#8221; hover_enabled=&#8221;0&#8243; sticky_enabled=&#8221;0&#8243;]<\/p>\n<h2 style=\"text-align: center;\">Types de v\u00e9rins hydrauliques pour engins mobiles<\/h2>\n<p>[\/et_pb_text][et_pb_shop _builder_version=&#8221;4.27.4&#8243; _module_preset=&#8221;default&#8221; theme_builder_area=&#8221;post_content&#8221; type=&#8221;product_category&#8221; include_categories=&#8221;25&#8243; columns_number=&#8221;3&#8243; hover_enabled=&#8221;0&#8243; sticky_enabled=&#8221;0&#8243; title_font=&#8221;Frank Ruhl Libre||||||||&#8221; title_text_align=&#8221;center&#8221; title_font_size=&#8221;20px&#8221;][\/et_pb_shop][\/et_pb_column][\/et_pb_row][\/et_pb_section][et_pb_section fb_built=&#8221;1&#8243; theme_builder_area=&#8221;post_content&#8221; _builder_version=&#8221;4.27.4&#8243; _module_preset=&#8221;default&#8221;][et_pb_row _builder_version=&#8221;4.27.4&#8243; _module_preset=&#8221;default&#8221; theme_builder_area=&#8221;post_content&#8221;][et_pb_column _builder_version=&#8221;4.27.4&#8243; _module_preset=&#8221;default&#8221; type=&#8221;4_4&#8243; theme_builder_area=&#8221;post_content&#8221;][et_pb_text _builder_version=&#8221;4.27.4&#8243; _module_preset=&#8221;default&#8221; theme_builder_area=&#8221;post_content&#8221; header_2_font=&#8221;Frank Ruhl Libre||||||||&#8221; header_2_font_size=&#8221;30px&#8221; hover_enabled=&#8221;0&#8243; sticky_enabled=&#8221;0&#8243;]<\/p>\n<h2 style=\"text-align: center;\">V\u00e9rins hydrauliques pour engins mobiles\u00a0: alimenter les machines dans tous les secteurs d\u2019activit\u00e9<\/h2>\n<p>[\/et_pb_text][\/et_pb_column][\/et_pb_row][et_pb_row _builder_version=&#8221;4.27.4&#8243; _module_preset=&#8221;default&#8221; column_structure=&#8221;1_2,1_2&#8243; theme_builder_area=&#8221;post_content&#8221; use_custom_gutter=&#8221;on&#8221; gutter_width=&#8221;2&#8243; hover_enabled=&#8221;0&#8243; sticky_enabled=&#8221;0&#8243; width=&#8221;100%&#8221; max_width=&#8221;1200px&#8221;][et_pb_column _builder_version=&#8221;4.27.4&#8243; _module_preset=&#8221;default&#8221; type=&#8221;1_2&#8243; theme_builder_area=&#8221;post_content&#8221;][et_pb_text _builder_version=&#8221;4.27.4&#8243; _module_preset=&#8221;default&#8221; theme_builder_area=&#8221;post_content&#8221; text_font_size=&#8221;16px&#8221; text_line_height=&#8221;1.8em&#8221; hover_enabled=&#8221;0&#8243; sticky_enabled=&#8221;0&#8243;]<\/p>\n<div>\n<p class=\"break-words\">Les v\u00e9rins hydrauliques sont comme les muscles puissants des engins mobiles. Ils leur conf\u00e8rent la puissance et la pr\u00e9cision n\u00e9cessaires pour accomplir des t\u00e2ches exigeantes dans tous types d'environnements. En Italie, des chantiers anim\u00e9s de Milan aux champs agricoles pr\u00e8s de Florence, ces pi\u00e8ces sont essentielles au bon fonctionnement d'engins tels que les pelles m\u00e9caniques, les camions-bennes et les tracteurs. Les v\u00e9rins hydrauliques sont con\u00e7us pour r\u00e9sister aux fortes pressions, aux temp\u00e9ratures extr\u00eames et \u00e0 la poussi\u00e8re. Ainsi, les machines fonctionnent de mani\u00e8re optimale et sans panne.<\/p>\n<p class=\"break-words\">Par exemple, dans le secteur de la construction, les v\u00e9rins hydrauliques permettent \u00e0 des engins comme les pelles m\u00e9caniques et les grues de soulever des charges lourdes et de les positionner avec pr\u00e9cision. Dans les exploitations agricoles pr\u00e8s de Venise, ils optimisent le fonctionnement des moissonneuses-batteuses et des semoirs, permettant ainsi aux agriculteurs d'accomplir leurs t\u00e2ches plus rapidement. Leur conception robuste les rend parfaitement adapt\u00e9s \u00e0 ces applications exigeantes.<\/p>\n<p>Mais les v\u00e9rins hydrauliques ne servent pas uniquement au b\u00e2timent et \u00e0 l'agriculture. Dans une ville anim\u00e9e comme Bologne, ils actionnent les ponts \u00e9l\u00e9vateurs des garages et les machines des a\u00e9roports qui pr\u00e9parent les avions au d\u00e9collage. Dans les for\u00eats pr\u00e8s de Florence, ils permettent aux machines d'abattage d'arbres, et dans les usines de Milan, ils facilitent le d\u00e9placement de charges lourdes par les chariots \u00e9l\u00e9vateurs. Qu'il s'agisse de soulever, de pousser ou de d\u00e9placer des objets, les v\u00e9rins hydrauliques sont polyvalents. Ils sont parfaitement adapt\u00e9s aux villes et aux campagnes italiennes, assurant le bon fonctionnement des engins mobiles.<\/p>\n<\/div>\n<p>[\/et_pb_text][\/et_pb_column][et_pb_column _builder_version=&#8221;4.27.4&#8243; _module_preset=&#8221;default&#8221; type=&#8221;1_2&#8243; theme_builder_area=&#8221;post_content&#8221;][et_pb_image src=&#8221;https:\/\/fmp-components.com\/wp-content\/uploads\/2025\/03\/Mobile-Machinery-Hydraulic-Cylinders-3.webp&#8221; _builder_version=&#8221;4.27.4&#8243; _module_preset=&#8221;default&#8221; theme_builder_area=&#8221;post_content&#8221; alt=&#8221;Mobile-Machinery-Hydraulic-Cylinders&#8221; title_text=&#8221;Mobile-Machinery-Hydraulic-Cylinders-3&#8243; hover_enabled=&#8221;0&#8243; sticky_enabled=&#8221;0&#8243;][\/et_pb_image][\/et_pb_column][\/et_pb_row][et_pb_row _builder_version=&#8221;4.27.4&#8243; _module_preset=&#8221;default&#8221; column_structure=&#8221;2_5,3_5&#8243; theme_builder_area=&#8221;post_content&#8221; use_custom_gutter=&#8221;on&#8221; gutter_width=&#8221;2&#8243; width=&#8221;100%&#8221; max_width=&#8221;1200px&#8221; hover_enabled=&#8221;0&#8243; sticky_enabled=&#8221;0&#8243;][et_pb_column _builder_version=&#8221;4.27.4&#8243; _module_preset=&#8221;default&#8221; type=&#8221;2_5&#8243; theme_builder_area=&#8221;post_content&#8221;][et_pb_image src=&#8221;https:\/\/fmp-components.com\/wp-content\/uploads\/2025\/03\/Mobile-Machinery-Hydraulic-Cylinders-4-1.webp&#8221; _builder_version=&#8221;4.27.4&#8243; _module_preset=&#8221;default&#8221; theme_builder_area=&#8221;post_content&#8221; alt=&#8221;Mobile-Machinery-Hydraulic-Cylinders&#8221; title_text=&#8221;Mobile-Machinery-Hydraulic-Cylinders-4&#8243; hover_enabled=&#8221;0&#8243; sticky_enabled=&#8221;0&#8243;][\/et_pb_image][\/et_pb_column][et_pb_column _builder_version=&#8221;4.27.4&#8243; _module_preset=&#8221;default&#8221; type=&#8221;3_5&#8243; theme_builder_area=&#8221;post_content&#8221;][et_pb_text _builder_version=&#8221;4.27.4&#8243; _module_preset=&#8221;default&#8221; theme_builder_area=&#8221;post_content&#8221; hover_enabled=&#8221;0&#8243; sticky_enabled=&#8221;0&#8243; text_font_size=&#8221;16px&#8221; text_line_height=&#8221;1.8em&#8221; header_2_font=&#8221;Frank Ruhl Libre||||||||&#8221; custom_padding=&#8221;34px|||||&#8221;]<\/p>\n<div>\n<h2>FMP Company : Votre partenaire privil\u00e9gi\u00e9 pour les v\u00e9rins hydrauliques<\/h2>\n<p class=\"break-words\">Chez FMP Company, nous fabriquons une large gamme de v\u00e9rins hydrauliques pour engins mobiles, et nous intervenons de Venise \u00e0 Bologne. Nous proposons des v\u00e9rins robustes \u00e0 tiges soud\u00e9es et pouvons m\u00eame r\u00e9aliser des mod\u00e8les sur mesure pour vos machines. Vos \u00e9quipements fonctionnent ainsi mieux et durent plus longtemps. Si vous ne trouvez pas le produit qu'il vous faut dans notre catalogue, pas d'inqui\u00e9tude\u00a0: nous l'enrichissons constamment\u00a0! Envoyez-nous simplement un e-mail avec votre demande, et notre \u00e9quipe vous r\u00e9pondra sous 24\u00a0h avec une solution personnalis\u00e9e. Avec FMP Company, vous avez l'assurance de recevoir des v\u00e9rins hydrauliques performants et de haute qualit\u00e9, garantissant le bon fonctionnement de vos engins mobiles, partout en Italie.<\/p>\n<\/div>\n<p>[\/et_pb_text][\/et_pb_column][\/et_pb_row][\/et_pb_section]<\/p>","protected":false},"excerpt":{"rendered":"<p>Mobile Machinery Hydraulic CylindersTypes of Mobile Machinery Hydraulic CylindersMobile Machinery Hydraulic Cylinders: Powering Machines Across Industries Hydraulic cylinders are like the strong muscles inside mobile machinery. They give machines the power and control they need to do hard jobs in all kinds of places. In Italy, from the busy building sites in Milan to the [&hellip;]<\/p>","protected":false},"author":2,"featured_media":0,"parent":0,"menu_order":0,"comment_status":"closed","ping_status":"closed","template":"","meta":{"_et_pb_use_builder":"on","_et_pb_old_content":"","_et_gb_content_width":"","footnotes":""},"class_list":["post-7564","page","type-page","status-publish","hentry"],"_links":{"self":[{"href":"https:\/\/fmp-components.com\/fr\/wp-json\/wp\/v2\/pages\/7564","targetHints":{"allow":["GET"]}}],"collection":[{"href":"https:\/\/fmp-components.com\/fr\/wp-json\/wp\/v2\/pages"}],"about":[{"href":"https:\/\/fmp-components.com\/fr\/wp-json\/wp\/v2\/types\/page"}],"author":[{"embeddable":true,"href":"https:\/\/fmp-components.com\/fr\/wp-json\/wp\/v2\/users\/2"}],"replies":[{"embeddable":true,"href":"https:\/\/fmp-components.com\/fr\/wp-json\/wp\/v2\/comments?post=7564"}],"version-history":[{"count":7,"href":"https:\/\/fmp-components.com\/fr\/wp-json\/wp\/v2\/pages\/7564\/revisions"}],"predecessor-version":[{"id":7579,"href":"https:\/\/fmp-components.com\/fr\/wp-json\/wp\/v2\/pages\/7564\/revisions\/7579"}],"wp:attachment":[{"href":"https:\/\/fmp-components.com\/fr\/wp-json\/wp\/v2\/media?parent=7564"}],"curies":[{"name":"wp","href":"https:\/\/api.w.org\/{rel}","templated":true}]}}