{"id":7276,"date":"2025-03-21T06:23:21","date_gmt":"2025-03-21T06:23:21","guid":{"rendered":"https:\/\/fmp-components.com\/?page_id=7276"},"modified":"2025-03-21T07:44:30","modified_gmt":"2025-03-21T07:44:30","slug":"telescopic-hydraulic-cylinders-2","status":"publish","type":"page","link":"https:\/\/fmp-components.com\/fr\/telescopic-hydraulic-cylinders-2\/","title":{"rendered":"V\u00e9rins hydrauliques t\u00e9lescopiques"},"content":{"rendered":"<p>[et_pb_section fb_built=&#8221;1&#8243; theme_builder_area=&#8221;post_content&#8221; _builder_version=&#8221;4.27.4&#8243; _module_preset=&#8221;default&#8221; alt=&#8221;Telescopic-Hydraulic-Cylinders-banner&#8221; title_text=&#8221;Telescopic-Hydraulic-Cylinders-banner-1&#8243; background_image=&#8221;https:\/\/fmp-components.com\/wp-content\/uploads\/2025\/03\/Telescopic-Hydraulic-Cylinders-banner-1.webp&#8221; hover_enabled=&#8221;0&#8243; sticky_enabled=&#8221;0&#8243; min_height=&#8221;299px&#8221;][et_pb_row _builder_version=&#8221;4.27.4&#8243; _module_preset=&#8221;default&#8221; theme_builder_area=&#8221;post_content&#8221;][et_pb_column _builder_version=&#8221;4.27.4&#8243; _module_preset=&#8221;default&#8221; type=&#8221;4_4&#8243; theme_builder_area=&#8221;post_content&#8221;][et_pb_text _builder_version=&#8221;4.27.4&#8243; _module_preset=&#8221;default&#8221; theme_builder_area=&#8221;post_content&#8221; header_font=&#8221;Frank Ruhl Libre||||||||&#8221; header_font_size=&#8221;60px&#8221; header_text_shadow_style=&#8221;preset1&#8243; header_text_color=&#8221;#FFFFFF&#8221; hover_enabled=&#8221;0&#8243; sticky_enabled=&#8221;0&#8243;]<\/p>\n<h1 style=\"text-align: center;\">V\u00e9rins hydrauliques t\u00e9lescopiques<\/h1>\n<p>[\/et_pb_text][\/et_pb_column][\/et_pb_row][\/et_pb_section][et_pb_section fb_built=&#8221;1&#8243; theme_builder_area=&#8221;post_content&#8221; _builder_version=&#8221;4.27.4&#8243; _module_preset=&#8221;default&#8221;][et_pb_row _builder_version=&#8221;4.27.4&#8243; _module_preset=&#8221;default&#8221; theme_builder_area=&#8221;post_content&#8221;][et_pb_column _builder_version=&#8221;4.27.4&#8243; _module_preset=&#8221;default&#8221; type=&#8221;4_4&#8243; theme_builder_area=&#8221;post_content&#8221;][et_pb_shop _builder_version=&#8221;4.27.4&#8243; _module_preset=&#8221;default&#8221; theme_builder_area=&#8221;post_content&#8221; type=&#8221;product_category&#8221; include_categories=&#8221;103&#8243; show_pagination=&#8221;on&#8221; hover_enabled=&#8221;0&#8243; sticky_enabled=&#8221;0&#8243;][\/et_pb_shop][\/et_pb_column][\/et_pb_row][\/et_pb_section][et_pb_section fb_built=&#8221;1&#8243; theme_builder_area=&#8221;post_content&#8221; _builder_version=&#8221;4.27.4&#8243; _module_preset=&#8221;default&#8221;][et_pb_row _builder_version=&#8221;4.27.4&#8243; _module_preset=&#8221;default&#8221; theme_builder_area=&#8221;post_content&#8221;][et_pb_column _builder_version=&#8221;4.27.4&#8243; _module_preset=&#8221;default&#8221; type=&#8221;4_4&#8243; theme_builder_area=&#8221;post_content&#8221;][et_pb_text _builder_version=&#8221;4.27.4&#8243; _module_preset=&#8221;default&#8221; theme_builder_area=&#8221;post_content&#8221; header_2_font=&#8221;Frank Ruhl Libre||||||||&#8221; header_2_font_size=&#8221;45px&#8221; text_font_size=&#8221;16px&#8221; text_line_height=&#8221;1.8em&#8221; hover_enabled=&#8221;0&#8243; sticky_enabled=&#8221;0&#8243;]<\/p>\n<div>\n<h2>V\u00e9rins hydrauliques t\u00e9lescopiques\u00a0: puissance et pr\u00e9cision de FMP Company<\/h2>\n<p class=\"break-words\">Dans le domaine des syst\u00e8mes hydrauliques, les v\u00e9rins hydrauliques t\u00e9lescopiques sont r\u00e9put\u00e9s pour leur capacit\u00e9 \u00e0 offrir une port\u00e9e \u00e9tendue dans un format compact. Ces composants polyvalents sont essentiels pour les applications n\u00e9cessitant de longues courses dans des espaces restreints, ce qui les rend indispensables dans divers secteurs. Chez FMP, nous sommes fiers d'\u00eatre un fabricant leader de v\u00e9rins hydrauliques t\u00e9lescopiques de haute qualit\u00e9, au service de clients dans toute l'Italie, notamment dans des villes dynamiques comme Milan, la Venise historique, la Florence artistique et la Bologne industrielle. Notre engagement envers la qualit\u00e9, l'innovation et la satisfaction client fait de nous votre partenaire de confiance pour vos solutions hydrauliques.<\/p>\n<\/div>\n<p>[\/et_pb_text][\/et_pb_column][\/et_pb_row][et_pb_row _builder_version=&#8221;4.27.4&#8243; _module_preset=&#8221;default&#8221; column_structure=&#8221;1_2,1_2&#8243; theme_builder_area=&#8221;post_content&#8221; use_custom_gutter=&#8221;on&#8221; gutter_width=&#8221;2&#8243; hover_enabled=&#8221;0&#8243; sticky_enabled=&#8221;0&#8243; custom_padding=&#8221;||1px|||&#8221;][et_pb_column _builder_version=&#8221;4.27.4&#8243; _module_preset=&#8221;default&#8221; type=&#8221;1_2&#8243; theme_builder_area=&#8221;post_content&#8221;][et_pb_image src=&#8221;https:\/\/fmp-components.com\/wp-content\/uploads\/2025\/03\/Telescopic-Hydraulic-Cylinders-product-1.webp&#8221; _builder_version=&#8221;4.27.4&#8243; _module_preset=&#8221;default&#8221; theme_builder_area=&#8221;post_content&#8221; alt=&#8221;Telescopic-Hydraulic-Cylinders&#8221; title_text=&#8221;Telescopic-Hydraulic-Cylinders-product-1&#8243; hover_enabled=&#8221;0&#8243; sticky_enabled=&#8221;0&#8243;][\/et_pb_image][\/et_pb_column][et_pb_column _builder_version=&#8221;4.27.4&#8243; _module_preset=&#8221;default&#8221; type=&#8221;1_2&#8243; theme_builder_area=&#8221;post_content&#8221;][et_pb_image src=&#8221;https:\/\/fmp-components.com\/wp-content\/uploads\/2025\/03\/Telescopic-Hydraulic-Cylinders-product-2.webp&#8221; _builder_version=&#8221;4.27.4&#8243; _module_preset=&#8221;default&#8221; theme_builder_area=&#8221;post_content&#8221; alt=&#8221;Telescopic-Hydraulic-Cylinders&#8221; title_text=&#8221;Telescopic-Hydraulic-Cylinders-product-2&#8243; hover_enabled=&#8221;0&#8243; sticky_enabled=&#8221;0&#8243;][\/et_pb_image][\/et_pb_column][\/et_pb_row][et_pb_row _builder_version=&#8221;4.27.4&#8243; _module_preset=&#8221;default&#8221; column_structure=&#8221;1_2,1_2&#8243; theme_builder_area=&#8221;post_content&#8221; use_custom_gutter=&#8221;on&#8221; gutter_width=&#8221;2&#8243; hover_enabled=&#8221;0&#8243; sticky_enabled=&#8221;0&#8243; custom_padding=&#8221;10px|||||&#8221;][et_pb_column _builder_version=&#8221;4.27.4&#8243; _module_preset=&#8221;default&#8221; type=&#8221;1_2&#8243; theme_builder_area=&#8221;post_content&#8221;][et_pb_image src=&#8221;https:\/\/fmp-components.com\/wp-content\/uploads\/2025\/03\/Telescopic-Hydraulic-Cylinders-product-3.webp&#8221; _builder_version=&#8221;4.27.4&#8243; _module_preset=&#8221;default&#8221; theme_builder_area=&#8221;post_content&#8221; alt=&#8221;Telescopic-Hydraulic-Cylinders&#8221; title_text=&#8221;Telescopic-Hydraulic-Cylinders-product-3&#8243; hover_enabled=&#8221;0&#8243; sticky_enabled=&#8221;0&#8243;][\/et_pb_image][\/et_pb_column][et_pb_column _builder_version=&#8221;4.27.4&#8243; _module_preset=&#8221;default&#8221; type=&#8221;1_2&#8243; theme_builder_area=&#8221;post_content&#8221;][et_pb_image src=&#8221;https:\/\/fmp-components.com\/wp-content\/uploads\/2025\/03\/Telescopic-Hydraulic-Cylinders-product-4.webp&#8221; _builder_version=&#8221;4.27.4&#8243; _module_preset=&#8221;default&#8221; theme_builder_area=&#8221;post_content&#8221; alt=&#8221;Telescopic-Hydraulic-Cylinders&#8221; title_text=&#8221;Telescopic-Hydraulic-Cylinders-product-4&#8243; hover_enabled=&#8221;0&#8243; sticky_enabled=&#8221;0&#8243;][\/et_pb_image][\/et_pb_column][\/et_pb_row][et_pb_row _builder_version=&#8221;4.27.4&#8243; _module_preset=&#8221;default&#8221; theme_builder_area=&#8221;post_content&#8221;][et_pb_column _builder_version=&#8221;4.27.4&#8243; _module_preset=&#8221;default&#8221; type=&#8221;4_4&#8243; theme_builder_area=&#8221;post_content&#8221;][et_pb_text _builder_version=&#8221;4.27.4&#8243; _module_preset=&#8221;default&#8221; theme_builder_area=&#8221;post_content&#8221; header_2_font=&#8221;Frank Ruhl Libre||||||||&#8221; header_2_font_size=&#8221;40px&#8221; text_font_size=&#8221;16px&#8221; text_line_height=&#8221;1.8em&#8221; hover_enabled=&#8221;0&#8243; sticky_enabled=&#8221;0&#8243;]<\/p>\n<div>\n<h2>Applications des v\u00e9rins hydrauliques t\u00e9lescopiques<\/h2>\n<p class=\"break-words\">Les v\u00e9rins hydrauliques t\u00e9lescopiques sont incroyablement polyvalents et alimentent une large gamme d'\u00e9quipements dans de nombreux secteurs.<\/p>\n<p class=\"break-words\">En Italie, ces v\u00e9rins jouent un r\u00f4le essentiel dans les industries locales. \u00c0 Milan, haut lieu de la construction, ils actionnent les grues qui fa\u00e7onnent le paysage urbain. Dans les r\u00e9gions agricoles proches de Florence, ils alimentent les machines qui assurent la productivit\u00e9 des exploitations agricoles. \u00c0 Venise, o\u00f9 les rues \u00e9troites exigent des solutions compactes, ils sont essentiels aux v\u00e9hicules de gestion des d\u00e9chets. Le secteur manufacturier de Bologne, quant \u00e0 lui, s'appuie sur eux pour la robustesse de ses \u00e9quipements.<\/p>\n<\/div>\n<p>[\/et_pb_text][\/et_pb_column][\/et_pb_row][et_pb_row _builder_version=&#8221;4.27.4&#8243; _module_preset=&#8221;default&#8221; column_structure=&#8221;1_2,1_2&#8243; theme_builder_area=&#8221;post_content&#8221;][et_pb_column _builder_version=&#8221;4.27.4&#8243; _module_preset=&#8221;default&#8221; type=&#8221;1_2&#8243; theme_builder_area=&#8221;post_content&#8221;][et_pb_blurb title=&#8221;Construction&#8221; image=&#8221;https:\/\/fmp-components.com\/wp-content\/uploads\/2025\/03\/excavators.webp&#8221; _builder_version=&#8221;4.27.4&#8243; _module_preset=&#8221;default&#8221; theme_builder_area=&#8221;post_content&#8221; header_text_align=&#8221;center&#8221; text_orientation=&#8221;center&#8221; alt=&#8221;excavators&#8221; title_text=&#8221;excavators&#8221; hover_enabled=&#8221;0&#8243; sticky_enabled=&#8221;0&#8243;]<\/p>\n<p>Utilis\u00e9 dans les grues et les excavatrices pour les capacit\u00e9s de levage et d'atteinte.<\/p>\n<p>[\/et_pb_blurb][\/et_pb_column][et_pb_column _builder_version=&#8221;4.27.4&#8243; _module_preset=&#8221;default&#8221; type=&#8221;1_2&#8243; theme_builder_area=&#8221;post_content&#8221;][et_pb_blurb title=&#8221;Agriculture&#8221; image=&#8221;https:\/\/fmp-components.com\/wp-content\/uploads\/2025\/03\/Agriculture-harvester.webp&#8221; _builder_version=&#8221;4.27.4&#8243; _module_preset=&#8221;default&#8221; theme_builder_area=&#8221;post_content&#8221; header_text_align=&#8221;center&#8221; text_orientation=&#8221;center&#8221; alt=&#8221;Agriculture-harvester&#8221; title_text=&#8221;Agriculture-harvester&#8221; hover_enabled=&#8221;0&#8243; sticky_enabled=&#8221;0&#8243;]<\/p>\n<p>On le retrouve dans les moissonneuses-batteuses et les chargeuses pour une manutention efficace des mat\u00e9riaux.<\/p>\n<p>[\/et_pb_blurb][\/et_pb_column][\/et_pb_row][et_pb_row _builder_version=&#8221;4.27.4&#8243; _module_preset=&#8221;default&#8221; column_structure=&#8221;1_2,1_2&#8243; theme_builder_area=&#8221;post_content&#8221;][et_pb_column _builder_version=&#8221;4.27.4&#8243; _module_preset=&#8221;default&#8221; type=&#8221;1_2&#8243; theme_builder_area=&#8221;post_content&#8221;][et_pb_blurb title=&#8221;Waste Management&#8221; image=&#8221;https:\/\/fmp-components.com\/wp-content\/uploads\/2025\/03\/garbage-trucks.webp&#8221; _builder_version=&#8221;4.27.4&#8243; _module_preset=&#8221;default&#8221; theme_builder_area=&#8221;post_content&#8221; header_text_align=&#8221;center&#8221; text_orientation=&#8221;center&#8221; alt=&#8221;garbage-trucks&#8221; title_text=&#8221;garbage-trucks&#8221; hover_enabled=&#8221;0&#8243; sticky_enabled=&#8221;0&#8243;]<\/p>\n<p>Utilis\u00e9 dans les camions \u00e0 ordures et les compacteurs pour un fonctionnement compact mais puissant.<\/p>\n<p>[\/et_pb_blurb][\/et_pb_column][et_pb_column _builder_version=&#8221;4.27.4&#8243; _module_preset=&#8221;default&#8221; type=&#8221;1_2&#8243; theme_builder_area=&#8221;post_content&#8221;][et_pb_blurb title=&#8221;Transportation&#8221; image=&#8221;https:\/\/fmp-components.com\/wp-content\/uploads\/2025\/03\/dump-trucks.webp&#8221; _builder_version=&#8221;4.27.4&#8243; _module_preset=&#8221;default&#8221; theme_builder_area=&#8221;post_content&#8221; header_text_align=&#8221;center&#8221; text_orientation=&#8221;center&#8221; alt=&#8221;dump-trucks&#8221; title_text=&#8221;dump-trucks&#8221; hover_enabled=&#8221;0&#8243; sticky_enabled=&#8221;0&#8243;]<\/p>\n<p>Int\u00e9gral aux camions \u00e0 benne basculante et aux remorques de transfert pour la manutention de charges lourdes.<\/p>\n<p>[\/et_pb_blurb][\/et_pb_column][\/et_pb_row][\/et_pb_section][et_pb_section fb_built=&#8221;1&#8243; theme_builder_area=&#8221;post_content&#8221; _builder_version=&#8221;4.27.4&#8243; _module_preset=&#8221;default&#8221;][et_pb_row _builder_version=&#8221;4.27.4&#8243; _module_preset=&#8221;default&#8221; theme_builder_area=&#8221;post_content&#8221; max_width=&#8221;1250px&#8221; width=&#8221;100%&#8221; hover_enabled=&#8221;0&#8243; sticky_enabled=&#8221;0&#8243;][et_pb_column _builder_version=&#8221;4.27.4&#8243; _module_preset=&#8221;default&#8221; type=&#8221;4_4&#8243; theme_builder_area=&#8221;post_content&#8221;][et_pb_text _builder_version=&#8221;4.27.4&#8243; _module_preset=&#8221;default&#8221; theme_builder_area=&#8221;post_content&#8221; hover_enabled=&#8221;0&#8243; sticky_enabled=&#8221;0&#8243; text_font_size=&#8221;16px&#8221; text_line_height=&#8221;1.8em&#8221;]<\/p>\n<div>\n<h2>V\u00e9rins hydrauliques t\u00e9lescopiques de FMP<\/h2>\n<p class=\"break-words\">Chez FMP, nous proposons une vaste gamme de v\u00e9rins hydrauliques t\u00e9lescopiques adapt\u00e9s pour r\u00e9pondre \u00e0 divers besoins :<\/p>\n<ul class=\"marker:text-secondary\">\n<li class=\"break-words\"><strong>V\u00e9rins \u00e0 simple effet<\/strong>:Parfait pour les applications o\u00f9 la r\u00e9traction est facilit\u00e9e par la gravit\u00e9 ou des forces externes, comme les camions \u00e0 benne basculante.<\/li>\n<li class=\"break-words\"><strong>V\u00e9rins \u00e0 double effet<\/strong>:Con\u00e7u pour la pr\u00e9cision, utilisant la puissance hydraulique pour l'extension et la r\u00e9traction, id\u00e9al pour les \u00e9quipements de construction.<\/li>\n<li class=\"break-words\"><strong>Cylindres combin\u00e9s<\/strong>:Combiner les avantages des deux types pour des applications sp\u00e9cialis\u00e9es.<\/li>\n<\/ul>\n<p class=\"break-words\">Nos cylindres pr\u00e9sentent des sp\u00e9cifications impressionnantes :<\/p>\n<ul class=\"marker:text-secondary\">\n<li class=\"break-words\">Al\u00e9sages jusqu'\u00e0 15 pouces.<\/li>\n<li class=\"break-words\">Longueurs de course jusqu'\u00e0 500 pouces.<\/li>\n<li class=\"break-words\">Jusqu'\u00e0 5 \u00e9tapes.<\/li>\n<li class=\"break-words\">Pressions de fonctionnement jusqu'\u00e0 2 000 psi, avec options personnalis\u00e9es pour des pressions plus \u00e9lev\u00e9es.<\/li>\n<\/ul>\n<p class=\"break-words\">Fabriqu\u00e9s en acier haute r\u00e9sistance, avec des \u00e9tages chrom\u00e9s durs et des joints durables, nos v\u00e9rins sont con\u00e7us pour r\u00e9sister aux conditions les plus exigeantes. Des caract\u00e9ristiques telles que la garniture en V r\u00e9glable et les options de montage (tube transversal ou tourillon) garantissent leur adaptabilit\u00e9 \u00e0 votre \u00e9quipement.<\/p>\n<h3>La personnalisation \u00e0 port\u00e9e de main<\/h3>\n<p class=\"break-words\">L'un de nos atouts majeurs est notre capacit\u00e9 \u00e0 fournir des v\u00e9rins hydrauliques t\u00e9lescopiques sur mesure. Que vous ayez besoin d'un al\u00e9sage, d'une course ou d'une configuration de montage sp\u00e9cifiques, notre \u00e9quipe d'ing\u00e9nieurs exp\u00e9riment\u00e9s collabore avec vous pour concevoir une solution parfaitement adapt\u00e9e \u00e0 votre application, qu'il s'agisse d'un camion-poubelle \u00e0 Florence ou d'une grue \u00e0 Milan. Notre rapidit\u00e9 d'ex\u00e9cution, souvent inf\u00e9rieure \u00e0 un mois, nous distingue et vous garantit un v\u00e9rin sur mesure plus rapidement que la norme du secteur.<\/p>\n<p class=\"break-words\">Si vous ne trouvez pas le mod\u00e8le exact dont vous avez besoin dans notre liste de produits, pas d'inqui\u00e9tude\u00a0; il est probable que nous ne l'ayons pas encore r\u00e9pertori\u00e9. Envoyez-nous simplement un e-mail avec vos sp\u00e9cifications et nos ing\u00e9nieurs vous r\u00e9pondront sous 24\u00a0heures avec une solution personnalis\u00e9e.<\/p>\n<\/div>\n<p>[\/et_pb_text][\/et_pb_column][\/et_pb_row][et_pb_row _builder_version=&#8221;4.27.4&#8243; _module_preset=&#8221;default&#8221; column_structure=&#8221;1_2,1_2&#8243; theme_builder_area=&#8221;post_content&#8221; use_custom_gutter=&#8221;on&#8221; gutter_width=&#8221;2&#8243; hover_enabled=&#8221;0&#8243; sticky_enabled=&#8221;0&#8243; max_width=&#8221;1250px&#8221; width=&#8221;100%&#8221;][et_pb_column _builder_version=&#8221;4.27.4&#8243; _module_preset=&#8221;default&#8221; type=&#8221;1_2&#8243; theme_builder_area=&#8221;post_content&#8221;][et_pb_image src=&#8221;https:\/\/fmp-components.com\/wp-content\/uploads\/2025\/03\/fmp-hydraulic-cylinder-factory.webp&#8221; _builder_version=&#8221;4.27.4&#8243; _module_preset=&#8221;default&#8221; theme_builder_area=&#8221;post_content&#8221; alt=&#8221;fmp-hydraulic-cylinder-factory&#8221; title_text=&#8221;fmp-hydraulic-cylinder-factory&#8221; hover_enabled=&#8221;0&#8243; sticky_enabled=&#8221;0&#8243;][\/et_pb_image][\/et_pb_column][et_pb_column _builder_version=&#8221;4.27.4&#8243; _module_preset=&#8221;default&#8221; type=&#8221;1_2&#8243; theme_builder_area=&#8221;post_content&#8221;][et_pb_image src=&#8221;https:\/\/fmp-components.com\/wp-content\/uploads\/2025\/03\/fmp-hydraulic-cylinder-factory2.webp&#8221; _builder_version=&#8221;4.27.4&#8243; _module_preset=&#8221;default&#8221; theme_builder_area=&#8221;post_content&#8221; alt=&#8221;fmp-hydraulic-cylinder-factory2&#8243; title_text=&#8221;fmp-hydraulic-cylinder-factory2&#8243; hover_enabled=&#8221;0&#8243; sticky_enabled=&#8221;0&#8243;][\/et_pb_image][\/et_pb_column][\/et_pb_row][\/et_pb_section]<\/p>","protected":false},"excerpt":{"rendered":"<p>Telescopic Hydraulic Cylinders Telescopic Hydraulic Cylinders: Power and Precision from FMP Company In the realm of hydraulic systems, telescopic hydraulic cylinders are renowned for their ability to provide extended reach within a compact design. These versatile components are vital for applications requiring long strokes in limited spaces, making them indispensable across various industries. At FMP, [&hellip;]<\/p>","protected":false},"author":2,"featured_media":0,"parent":0,"menu_order":0,"comment_status":"closed","ping_status":"closed","template":"","meta":{"_et_pb_use_builder":"on","_et_pb_old_content":"","_et_gb_content_width":"","footnotes":""},"class_list":["post-7276","page","type-page","status-publish","hentry"],"_links":{"self":[{"href":"https:\/\/fmp-components.com\/fr\/wp-json\/wp\/v2\/pages\/7276","targetHints":{"allow":["GET"]}}],"collection":[{"href":"https:\/\/fmp-components.com\/fr\/wp-json\/wp\/v2\/pages"}],"about":[{"href":"https:\/\/fmp-components.com\/fr\/wp-json\/wp\/v2\/types\/page"}],"author":[{"embeddable":true,"href":"https:\/\/fmp-components.com\/fr\/wp-json\/wp\/v2\/users\/2"}],"replies":[{"embeddable":true,"href":"https:\/\/fmp-components.com\/fr\/wp-json\/wp\/v2\/comments?post=7276"}],"version-history":[{"count":12,"href":"https:\/\/fmp-components.com\/fr\/wp-json\/wp\/v2\/pages\/7276\/revisions"}],"predecessor-version":[{"id":7304,"href":"https:\/\/fmp-components.com\/fr\/wp-json\/wp\/v2\/pages\/7276\/revisions\/7304"}],"wp:attachment":[{"href":"https:\/\/fmp-components.com\/fr\/wp-json\/wp\/v2\/media?parent=7276"}],"curies":[{"name":"wp","href":"https:\/\/api.w.org\/{rel}","templated":true}]}}