{"id":6269,"date":"2025-03-07T03:38:27","date_gmt":"2025-03-07T03:38:27","guid":{"rendered":"https:\/\/fmp-components.com\/?page_id=6269"},"modified":"2025-03-07T06:14:40","modified_gmt":"2025-03-07T06:14:40","slug":"steel-2","status":"publish","type":"page","link":"https:\/\/fmp-components.com\/fr\/steel-2\/","title":{"rendered":"Acier"},"content":{"rendered":"<p>[et_pb_section fb_built=&#8221;1&#8243; theme_builder_area=&#8221;post_content&#8221; _builder_version=&#8221;4.27.4&#8243; _module_preset=&#8221;default&#8221; alt=&#8221;Steel&#8221; title_text=&#8221;steel-banner&#8221; background_image=&#8221;https:\/\/fmp-components.com\/wp-content\/uploads\/2025\/03\/steel-banner.webp&#8221; hover_enabled=&#8221;0&#8243; sticky_enabled=&#8221;0&#8243; min_height=&#8221;447px&#8221; use_background_color_gradient=&#8221;on&#8221; background_color_gradient_stops=&#8221;rgba(0,0,0,0.2) 0%|rgba(0,0,0,0.15) 100%&#8221; background_color_gradient_overlays_image=&#8221;on&#8221;][et_pb_row _builder_version=&#8221;4.27.4&#8243; _module_preset=&#8221;default&#8221; theme_builder_area=&#8221;post_content&#8221;][et_pb_column _builder_version=&#8221;4.27.4&#8243; _module_preset=&#8221;default&#8221; type=&#8221;4_4&#8243; theme_builder_area=&#8221;post_content&#8221;][et_pb_text _builder_version=&#8221;4.27.4&#8243; _module_preset=&#8221;default&#8221; theme_builder_area=&#8221;post_content&#8221; text_orientation=&#8221;center&#8221; text_text_color=&#8221;#FFFFFF&#8221; header_font=&#8221;Frank Ruhl Libre||||||||&#8221; header_text_align=&#8221;center&#8221; header_text_color=&#8221;#FFFFFF&#8221; header_font_size=&#8221;70px&#8221; header_text_shadow_style=&#8221;preset1&#8243; hover_enabled=&#8221;0&#8243; sticky_enabled=&#8221;0&#8243;]<\/p>\n<h1 style=\"text-align: center;\">Acier<\/h1>\n<p>[\/et_pb_text][\/et_pb_column][\/et_pb_row][\/et_pb_section][et_pb_section fb_built=&#8221;1&#8243; theme_builder_area=&#8221;post_content&#8221; _builder_version=&#8221;4.27.4&#8243; _module_preset=&#8221;default&#8221;][et_pb_row _builder_version=&#8221;4.27.4&#8243; _module_preset=&#8221;default&#8221; theme_builder_area=&#8221;post_content&#8221;][et_pb_column _builder_version=&#8221;4.27.4&#8243; _module_preset=&#8221;default&#8221; type=&#8221;4_4&#8243; theme_builder_area=&#8221;post_content&#8221;][et_pb_text _builder_version=&#8221;4.27.4&#8243; _module_preset=&#8221;default&#8221; theme_builder_area=&#8221;post_content&#8221; header_font=&#8221;Frank Ruhl Libre||||||||&#8221; header_2_font=&#8221;Frank Ruhl Libre||||||||&#8221; header_2_font_size=&#8221;35px&#8221; hover_enabled=&#8221;0&#8243; sticky_enabled=&#8221;0&#8243;]<\/p>\n<h2>Solutions sid\u00e9rurgiques par FMP\u00a0: au service des industries italiennes gr\u00e2ce \u00e0 la qualit\u00e9 et \u00e0 la pr\u00e9cision<\/h2>\n<p>[\/et_pb_text][et_pb_text _builder_version=&#8221;4.27.4&#8243; _module_preset=&#8221;default&#8221; theme_builder_area=&#8221;post_content&#8221; text_font_size=&#8221;16px&#8221; text_line_height=&#8221;1.8em&#8221; hover_enabled=&#8221;0&#8243; sticky_enabled=&#8221;0&#8243;]<\/p>\n<p>En mati\u00e8re d'acier, FMP Company est un acteur majeur et reconnu en Italie, proposant une vaste gamme de produits sid\u00e9rurgiques de haute qualit\u00e9 r\u00e9pondant aux besoins des industries, des artisans et des innovateurs de toute la p\u00e9ninsule. L'acier, alliage de fer et de carbone pouvant atteindre 2%, est l'\u00e9l\u00e9ment fondamental des infrastructures modernes, des gratte-ciel milanais aux machines complexes des ateliers toscans. Chez FMP, nous offrons une gamme compl\u00e8te d'aciers, incluant l'acier au carbone, l'acier alli\u00e9, l'acier inoxydable et l'acier \u00e0 outils, con\u00e7us pour s'adapter aux diverses applications en Italie.<\/p>\n<p>[\/et_pb_text][\/et_pb_column][\/et_pb_row][et_pb_row _builder_version=&#8221;4.27.4&#8243; _module_preset=&#8221;default&#8221; theme_builder_area=&#8221;post_content&#8221;][et_pb_column _builder_version=&#8221;4.27.4&#8243; _module_preset=&#8221;default&#8221; type=&#8221;4_4&#8243; theme_builder_area=&#8221;post_content&#8221;][et_pb_text _builder_version=&#8221;4.27.4&#8243; _module_preset=&#8221;default&#8221; theme_builder_area=&#8221;post_content&#8221; header_font=&#8221;Frank Ruhl Libre||||||||&#8221; header_2_font=&#8221;Frank Ruhl Libre||||||||&#8221; header_2_font_size=&#8221;35px&#8221; hover_enabled=&#8221;0&#8243; sticky_enabled=&#8221;0&#8243;]<\/p>\n<h2>Pourquoi l'acier est-il essentiel ?<\/h2>\n<p>[\/et_pb_text][et_pb_text _builder_version=&#8221;4.27.4&#8243; _module_preset=&#8221;default&#8221; theme_builder_area=&#8221;post_content&#8221; text_font_size=&#8221;16px&#8221; text_line_height=&#8221;1.8em&#8221; hover_enabled=&#8221;0&#8243; sticky_enabled=&#8221;0&#8243;]<\/p>\n<p>La polyvalence de l'acier provient de sa composition unique\u00a0: le fer, l'un des \u00e9l\u00e9ments les plus abondants sur Terre, combin\u00e9 au carbone pour cr\u00e9er un mat\u00e9riau plus r\u00e9sistant et plus durable que le fer pur. Avec une production mondiale de 1,6\u00a0milliard de tonnes en 2013 (contre seulement 47\u00a0millions de tonnes d'aluminium, le deuxi\u00e8me m\u00e9tal le plus important utilis\u00e9 en ing\u00e9nierie), l'acier domine le march\u00e9 mondial. Il sert \u00e0 fabriquer une multitude d'objets, des aiguilles \u00e0 coudre aux p\u00e9troliers, en passant par les outils n\u00e9cessaires \u00e0 leur fabrication. Chez FMP, nous exploitons les propri\u00e9t\u00e9s m\u00e9caniques exceptionnelles de l'acier, gr\u00e2ce \u00e0 ses structures cristallines telles que la ferrite, l'aust\u00e9nite et la martensite, pour proposer des produits adapt\u00e9s aux exigences industrielles et cr\u00e9atives de l'Italie.<\/p>\n<p>[\/et_pb_text][\/et_pb_column][\/et_pb_row][et_pb_row _builder_version=&#8221;4.27.4&#8243; _module_preset=&#8221;default&#8221; theme_builder_area=&#8221;post_content&#8221;][et_pb_column _builder_version=&#8221;4.27.4&#8243; _module_preset=&#8221;default&#8221; type=&#8221;4_4&#8243; theme_builder_area=&#8221;post_content&#8221;][et_pb_image src=&#8221;https:\/\/fmp-components.com\/wp-content\/uploads\/2025\/03\/steel-product.webp&#8221; _builder_version=&#8221;4.27.4&#8243; _module_preset=&#8221;default&#8221; theme_builder_area=&#8221;post_content&#8221; alt=&#8221;steel product&#8221; title_text=&#8221;steel-product&#8221; hover_enabled=&#8221;0&#8243; sticky_enabled=&#8221;0&#8243; align=&#8221;center&#8221;][\/et_pb_image][\/et_pb_column][\/et_pb_row][et_pb_row _builder_version=&#8221;4.27.4&#8243; _module_preset=&#8221;default&#8221; theme_builder_area=&#8221;post_content&#8221; custom_padding=&#8221;||3px|||&#8221;][et_pb_column _builder_version=&#8221;4.27.4&#8243; _module_preset=&#8221;default&#8221; type=&#8221;4_4&#8243; theme_builder_area=&#8221;post_content&#8221;][et_pb_text _builder_version=&#8221;4.27.4&#8243; _module_preset=&#8221;default&#8221; theme_builder_area=&#8221;post_content&#8221; header_2_font=&#8221;Frank Ruhl Libre||||||||&#8221; header_2_font_size=&#8221;35px&#8221; hover_enabled=&#8221;0&#8243; sticky_enabled=&#8221;0&#8243;]<\/p>\n<h2 style=\"text-align: center;\">Pourquoi choisir les produits en acier FMP en Italie ?<\/h2>\n<p>[\/et_pb_text][\/et_pb_column][\/et_pb_row][et_pb_row _builder_version=&#8221;4.27.4&#8243; _module_preset=&#8221;default&#8221; column_structure=&#8221;1_3,1_3,1_3&#8243; theme_builder_area=&#8221;post_content&#8221; use_custom_gutter=&#8221;on&#8221; gutter_width=&#8221;2&#8243; width=&#8221;100%&#8221; max_width=&#8221;1100px&#8221; hover_enabled=&#8221;0&#8243; sticky_enabled=&#8221;0&#8243;][et_pb_column _builder_version=&#8221;4.27.4&#8243; _module_preset=&#8221;default&#8221; type=&#8221;1_3&#8243; theme_builder_area=&#8221;post_content&#8221;][et_pb_text _builder_version=&#8221;4.27.4&#8243; _module_preset=&#8221;default&#8221; theme_builder_area=&#8221;post_content&#8221; header_3_font=&#8221;Frank Ruhl Libre||||||||&#8221; hover_enabled=&#8221;0&#8243; sticky_enabled=&#8221;0&#8243;]<\/p>\n<h3>Portefeuille complet d'acier<\/h3>\n<div>\n<p>Chez FMP, nous sommes fiers de proposer une large gamme d'aciers pour r\u00e9pondre \u00e0 tous les besoins\u00a0:<\/p>\n<ul class=\"marker:text-secondary\">\n<li class=\"break-words\"><strong>Aciers au carbone<\/strong>: De faibles \u00e9missions de carbone (0,05-0,19%) pour les panneaux automobiles \u00e0 fortes \u00e9missions de carbone (plus de 0,5%) pour les rails de chemin de fer.<\/li>\n<li class=\"break-words\"><strong>Aciers alli\u00e9s<\/strong>Enrichi en \u00e9l\u00e9ments tels que le nickel, le chrome et le molybd\u00e8ne pour une r\u00e9sistance et une protection contre la corrosion sup\u00e9rieures.<\/li>\n<li class=\"break-words\"><strong>Aciers inoxydables<\/strong>Parfait pour les secteurs agroalimentaire et m\u00e9dical italiens, r\u00e9sistant \u00e0 la rouille dans les climats humides comme celui de Venise.<\/li>\n<li class=\"break-words\"><strong>Aciers \u00e0 outils<\/strong>Tremp\u00e9 pour les outils de coupe de pr\u00e9cision utilis\u00e9s dans les ateliers d'ing\u00e9nierie de Bologne.<br \/>Notre gamme s'\u00e9tend des fils \u00e9tir\u00e9s d'une \u00e9paisseur minimale de 0,013 mm aux barres forg\u00e9es jusqu'\u00e0 1\u00a0100 mm de diam\u00e8tre, vous assurant ainsi de disposer de l'acier adapt\u00e9 \u00e0 votre projet.<\/li>\n<\/ul>\n<\/div>\n<p>[\/et_pb_text][\/et_pb_column][et_pb_column _builder_version=&#8221;4.27.4&#8243; _module_preset=&#8221;default&#8221; type=&#8221;1_3&#8243; theme_builder_area=&#8221;post_content&#8221;][et_pb_text _builder_version=&#8221;4.27.4&#8243; _module_preset=&#8221;default&#8221; theme_builder_area=&#8221;post_content&#8221; header_3_font=&#8221;Frank Ruhl Libre||||||||&#8221; hover_enabled=&#8221;0&#8243; sticky_enabled=&#8221;0&#8243;]<\/p>\n<h3>Expertise en fabrication de pointe<\/h3>\n<div>\n<p>La r\u00e9sistance de l'acier provient de sa microstructure\u00a0: la ferrite cubique centr\u00e9e (bcc) en dessous de 912\u00a0\u00b0C ou l'aust\u00e9nite cubique \u00e0 faces centr\u00e9es (fcc) entre 912\u00a0\u00b0C et 1\u00a0394\u00a0\u00b0C. Chez FMP, nous ma\u00eetrisons ces transformations gr\u00e2ce \u00e0 des traitements thermiques pr\u00e9cis, tels que la trempe et le revenu, pour produire de la martensite (d'une duret\u00e9 allant jusqu'\u00e0 1\u00a0000\u00a0DPH) ou de la perlite, un acier tr\u00e8s r\u00e9sistant (environ 200\u00a0DPH). Nos installations ultramodernes en Italie garantissent que chaque produit en acier r\u00e9pond aux normes internationales, comme l'ISO\u00a04184, assurant ainsi la fiabilit\u00e9 de vos applications.<\/p>\n<\/div>\n<p>[\/et_pb_text][\/et_pb_column][et_pb_column _builder_version=&#8221;4.27.4&#8243; _module_preset=&#8221;default&#8221; type=&#8221;1_3&#8243; theme_builder_area=&#8221;post_content&#8221;][et_pb_text _builder_version=&#8221;4.27.4&#8243; _module_preset=&#8221;default&#8221; theme_builder_area=&#8221;post_content&#8221; header_3_font=&#8221;Frank Ruhl Libre||||||||&#8221; hover_enabled=&#8221;0&#8243; sticky_enabled=&#8221;0&#8243;]<\/p>\n<h3>Personnalisation pour r\u00e9pondre aux besoins italiens<\/h3>\n<div>\n<p>Vous ne trouvez pas l'acier qu'il vous faut\u00a0? FMP est sp\u00e9cialis\u00e9 dans les solutions sur mesure. Que vous ayez besoin d'un acier \u00e0 faible teneur en carbone et \u00e0 haute soudabilit\u00e9 pour un chantier naval \u00e0 Naples ou d'un alliage \u00e0 haute r\u00e9sistance pour un projet a\u00e9rospatial \u00e0 Turin, nous adaptons notre acier \u00e0 vos sp\u00e9cifications. Contactez-nous \u00e0 <a href=\"mailto:info@fmpcomponents.it\">info@fmpcomponents.it<\/a>et nos ing\u00e9nieurs concevront un produit qui correspondra exactement \u00e0 vos exigences, jusqu'\u00e0 la taille des grains et la composition de l'alliage.<\/p>\n<\/div>\n<p>[\/et_pb_text][\/et_pb_column][\/et_pb_row][et_pb_row _builder_version=&#8221;4.27.4&#8243; _module_preset=&#8221;default&#8221; column_structure=&#8221;1_3,1_3,1_3&#8243; theme_builder_area=&#8221;post_content&#8221; use_custom_gutter=&#8221;on&#8221; gutter_width=&#8221;2&#8243; width=&#8221;100%&#8221; max_width=&#8221;1100px&#8221; hover_enabled=&#8221;0&#8243; sticky_enabled=&#8221;0&#8243;][et_pb_column _builder_version=&#8221;4.27.4&#8243; _module_preset=&#8221;default&#8221; type=&#8221;1_3&#8243; theme_builder_area=&#8221;post_content&#8221;][et_pb_text _builder_version=&#8221;4.27.4&#8243; _module_preset=&#8221;default&#8221; theme_builder_area=&#8221;post_content&#8221; header_3_font=&#8221;Frank Ruhl Libre||||||||&#8221; hover_enabled=&#8221;0&#8243; sticky_enabled=&#8221;0&#8243;]<\/p>\n<h3>Engagement local italien<\/h3>\n<div>\n<p>Implant\u00e9s en Italie, nous disposons d'une \u00e9quipe de service client parfaitement italophone. Nos experts vous accompagnent concr\u00e8tement, du choix de la nuance d'acier la plus adapt\u00e9e aux conseils d'installation et de maintenance. Vous recherchez de l'acier pour un projet durable \u00e0 Florence\u00a0? Fabriqu\u00e9s \u00e0 partir de jusqu'\u00e0 941\u00a0TP4T de ferraille recycl\u00e9e et selon un proc\u00e9d\u00e9 \u00e0 faibles \u00e9missions de CO2, nos aciers verts r\u00e9duisent l'empreinte environnementale de 831\u00a0TP4T \u2013 une solution id\u00e9ale pour un avenir soucieux de l'environnement en Italie.<\/p>\n<\/div>\n<p>[\/et_pb_text][\/et_pb_column][et_pb_column _builder_version=&#8221;4.27.4&#8243; _module_preset=&#8221;default&#8221; type=&#8221;1_3&#8243; theme_builder_area=&#8221;post_content&#8221;][et_pb_text _builder_version=&#8221;4.27.4&#8243; _module_preset=&#8221;default&#8221; theme_builder_area=&#8221;post_content&#8221; header_3_font=&#8221;Frank Ruhl Libre||||||||&#8221; hover_enabled=&#8221;0&#8243; sticky_enabled=&#8221;0&#8243;]<\/p>\n<h3>Durabilit\u00e9 et propri\u00e9t\u00e9s in\u00e9gal\u00e9es<\/h3>\n<div>\n<p>Les propri\u00e9t\u00e9s de l'acier sont optimis\u00e9es par l'ajout de carbone et d'\u00e9l\u00e9ments d'alliage. Par exemple, l'incorporation de 0,77% de carbone permet la formation de perlite, tandis qu'un refroidissement rapide favorise la formation de martensite pour une duret\u00e9 maximale. Chez FMP, nous utilisons \u00e9galement des alliages tels que le titane, le vanadium et le mangan\u00e8se pour am\u00e9liorer la r\u00e9sistance, la trempabilit\u00e9 et la r\u00e9sistance \u00e0 l'usure, des propri\u00e9t\u00e9s id\u00e9ales pour les secteurs italiens de la construction, de l'automobile et de l'\u00e9nergie. Notre acier r\u00e9siste aux contraintes m\u00e9caniques des pressoirs \u00e0 olives des Pouilles et \u00e0 l'air marin corrosif de la Ligurie.<\/p>\n<\/div>\n<p>[\/et_pb_text][\/et_pb_column][et_pb_column _builder_version=&#8221;4.27.4&#8243; _module_preset=&#8221;default&#8221; type=&#8221;1_3&#8243; theme_builder_area=&#8221;post_content&#8221;][et_pb_text _builder_version=&#8221;4.27.4&#8243; _module_preset=&#8221;default&#8221; theme_builder_area=&#8221;post_content&#8221; header_3_font=&#8221;Frank Ruhl Libre||||||||&#8221; hover_enabled=&#8221;0&#8243; sticky_enabled=&#8221;0&#8243;]<\/p>\n<h3>Approuv\u00e9 par les industries italiennes<\/h3>\n<div>\n<p>De l'agriculture sicilienne \u00e0 la construction m\u00e9canique en \u00c9milie-Romagne, l'acier FMP est un pilier des secteurs cl\u00e9s italiens. Nos aciers faiblement alli\u00e9s \u00e0 haute r\u00e9sistance (HSLA) sont utilis\u00e9s pour les pipelines et les structures offshore, tandis que nos aciers de d\u00e9colletage contenant du soufre et du plomb am\u00e9liorent la dur\u00e9e de vie des outils pour les fabricants de Brescia. Forts de plus de 20 ans d'expertise, nous avons gagn\u00e9 la confiance des professionnels italiens en leur offrant qualit\u00e9, pr\u00e9cision et innovation.<\/p>\n<\/div>\n<p>[\/et_pb_text][\/et_pb_column][\/et_pb_row][et_pb_row _builder_version=&#8221;4.27.4&#8243; _module_preset=&#8221;default&#8221; theme_builder_area=&#8221;post_content&#8221;][et_pb_column _builder_version=&#8221;4.27.4&#8243; _module_preset=&#8221;default&#8221; type=&#8221;4_4&#8243; theme_builder_area=&#8221;post_content&#8221;][et_pb_image src=&#8221;https:\/\/fmp-components.com\/wp-content\/uploads\/2025\/03\/steel-product-1.webp&#8221; _builder_version=&#8221;4.27.4&#8243; _module_preset=&#8221;default&#8221; theme_builder_area=&#8221;post_content&#8221; alt=&#8221;steel product&#8221; title_text=&#8221;steel-product-1&#8243; hover_enabled=&#8221;0&#8243; sticky_enabled=&#8221;0&#8243; align=&#8221;center&#8221;][\/et_pb_image][\/et_pb_column][\/et_pb_row][et_pb_row _builder_version=&#8221;4.27.4&#8243; _module_preset=&#8221;default&#8221; theme_builder_area=&#8221;post_content&#8221; column_structure=&#8221;1_2,1_2&#8243;][et_pb_column _builder_version=&#8221;4.27.4&#8243; _module_preset=&#8221;default&#8221; type=&#8221;1_2&#8243; theme_builder_area=&#8221;post_content&#8221;][et_pb_text _builder_version=&#8221;4.27.4&#8243; _module_preset=&#8221;default&#8221; theme_builder_area=&#8221;post_content&#8221; header_2_font=&#8221;Frank Ruhl Libre||||||||&#8221; header_2_font_size=&#8221;30px&#8221; header_2_text_align=&#8221;left&#8221; text_font_size=&#8221;16px&#8221; text_line_height=&#8221;1.8em&#8221; hover_enabled=&#8221;0&#8243; sticky_enabled=&#8221;0&#8243;]<\/p>\n<h2 style=\"text-align: left;\">Applications de l'acier \u00e0 travers l'Italie<\/h2>\n<p>La polyvalence de l'acier brille dans la diversit\u00e9 des paysages italiens :<\/p>\n<p>Construction : Des plaques d'acier \u00e0 teneur moyenne en carbone servent \u00e0 construire des ponts \u00e0 G\u00eanes et des gratte-ciel \u00e0 Milan.<br \/>Industrie automobile : Dans les usines de Turin, des t\u00f4les \u00e0 faible empreinte carbone servent \u00e0 la fabrication des carrosseries.<br \/>Agriculture : Les aciers \u00e0 outils servent \u00e0 fabriquer des \u00e9quipements durables pour les vignobles d'Ombrie.<br \/>\u00c9nergie : Les \u00e9oliennes le long de la c\u00f4te adriatique sont renforc\u00e9es par des aciers alli\u00e9s.<\/p>\n<p>[\/et_pb_text][\/et_pb_column][et_pb_column _builder_version=&#8221;4.27.4&#8243; _module_preset=&#8221;default&#8221; type=&#8221;1_2&#8243; theme_builder_area=&#8221;post_content&#8221;][et_pb_text _builder_version=&#8221;4.27.4&#8243; _module_preset=&#8221;default&#8221; theme_builder_area=&#8221;post_content&#8221; header_2_font=&#8221;Frank Ruhl Libre||||||||&#8221; header_2_font_size=&#8221;30px&#8221; header_2_text_align=&#8221;left&#8221; text_font_size=&#8221;16px&#8221; text_line_height=&#8221;1.8em&#8221; hover_enabled=&#8221;0&#8243; sticky_enabled=&#8221;0&#8243;]<\/p>\n<h2 style=\"text-align: left;\">Comment le FMP am\u00e9liore les performances de l'acier<\/h2>\n<p>Nous ne nous contentons pas de fournir de l'acier\u00a0: nous l'optimisons. Nos traitements thermiques ajustent la vitesse de diffusion du carbone, cr\u00e9ant ainsi des microstructures fines pour une r\u00e9sistance et une ductilit\u00e9 accrues. Des \u00e9l\u00e9ments d'alliage comme le nickel et le chrome renforcent la r\u00e9sistance \u00e0 la corrosion, tandis que le durcissement structural par le titane ou le niobium assure une granulom\u00e9trie fine pour une t\u00e9nacit\u00e9 optimale. Notre logiciel de conception 3D concr\u00e9tise vos id\u00e9es, qui sont ensuite fabriqu\u00e9es avec pr\u00e9cision et livr\u00e9es.<\/p>\n<p>[\/et_pb_text][\/et_pb_column][\/et_pb_row][\/et_pb_section][et_pb_section fb_built=&#8221;1&#8243; theme_builder_area=&#8221;post_content&#8221; _builder_version=&#8221;4.27.4&#8243; _module_preset=&#8221;default&#8221; alt=&#8221;Steel Product&#8221; title_text=&#8221;steel-product-2&#8243; background_image=&#8221;https:\/\/fmp-components.com\/wp-content\/uploads\/2025\/03\/steel-product-2.webp&#8221; use_background_color_gradient=&#8221;on&#8221; background_color_gradient_stops=&#8221;rgba(0,0,0,0.28) 0%|rgba(0,0,0,0.68) 100%&#8221; background_color_gradient_overlays_image=&#8221;on&#8221; hover_enabled=&#8221;0&#8243; sticky_enabled=&#8221;0&#8243; min_height=&#8221;754px&#8221;][et_pb_row _builder_version=&#8221;4.27.4&#8243; _module_preset=&#8221;default&#8221; theme_builder_area=&#8221;post_content&#8221; custom_margin=&#8221;100px||||false|false&#8221; hover_enabled=&#8221;0&#8243; sticky_enabled=&#8221;0&#8243;][et_pb_column _builder_version=&#8221;4.27.4&#8243; _module_preset=&#8221;default&#8221; type=&#8221;4_4&#8243; theme_builder_area=&#8221;post_content&#8221;][et_pb_text _builder_version=&#8221;4.27.4&#8243; _module_preset=&#8221;default&#8221; theme_builder_area=&#8221;post_content&#8221; header_2_font=&#8221;Frank Ruhl Libre||||||||&#8221; header_2_text_color=&#8221;#FFFFFF&#8221; header_2_text_align=&#8221;center&#8221; header_2_font_size=&#8221;45px&#8221; header_2_text_shadow_style=&#8221;preset1&#8243; hover_enabled=&#8221;0&#8243; sticky_enabled=&#8221;0&#8243;]<\/p>\n<h2>Obtenez votre solution en acier d\u00e8s aujourd'hui\u00a0!<\/h2>\n<p>[\/et_pb_text][et_pb_text _builder_version=&#8221;4.27.4&#8243; _module_preset=&#8221;default&#8221; theme_builder_area=&#8221;post_content&#8221; text_text_color=&#8221;#FFFFFF&#8221; text_font_size=&#8221;16px&#8221; text_line_height=&#8221;1.8em&#8221; text_orientation=&#8221;center&#8221; hover_enabled=&#8221;0&#8243; sticky_enabled=&#8221;0&#8243;]<\/p>\n<p>Vous recherchez l'acier id\u00e9al pour votre prochain projet\u00a0? D\u00e9couvrez la vaste gamme de produits FMP ou contactez-nous pour une commande personnalis\u00e9e. <a href=\"mailto:info@fmpcomponents.it\">info@fmpcomponents.it<\/a>Si vous ne trouvez pas ce qu'il vous faut, il est probablement en production\u00a0: n'h\u00e9sitez pas \u00e0 demander\u00a0! De l'acier vert durable aux alliages haute performance, FMP est l\u00e0 pour fournir aux industries italiennes les meilleures solutions sid\u00e9rurgiques. Construisons ensemble quelque chose d'extraordinaire\u00a0!<\/p>\n<p>[\/et_pb_text][\/et_pb_column][\/et_pb_row][\/et_pb_section]<\/p>","protected":false},"excerpt":{"rendered":"<p>SteelSteel Solutions by FMP: Powering Italy\u2019s Industries with Quality and PrecisionWhen it comes to steel, FMP Company stands as a trusted leader in Italy, delivering a vast range of high-quality steel products to meet the needs of industries, artisans, and innovators across the peninsula. Steel\u2014an alloy of iron and carbon with up to 2% carbon [&hellip;]<\/p>","protected":false},"author":2,"featured_media":0,"parent":0,"menu_order":0,"comment_status":"closed","ping_status":"closed","template":"","meta":{"_et_pb_use_builder":"on","_et_pb_old_content":"","_et_gb_content_width":"","footnotes":""},"class_list":["post-6269","page","type-page","status-publish","hentry"],"_links":{"self":[{"href":"https:\/\/fmp-components.com\/fr\/wp-json\/wp\/v2\/pages\/6269","targetHints":{"allow":["GET"]}}],"collection":[{"href":"https:\/\/fmp-components.com\/fr\/wp-json\/wp\/v2\/pages"}],"about":[{"href":"https:\/\/fmp-components.com\/fr\/wp-json\/wp\/v2\/types\/page"}],"author":[{"embeddable":true,"href":"https:\/\/fmp-components.com\/fr\/wp-json\/wp\/v2\/users\/2"}],"replies":[{"embeddable":true,"href":"https:\/\/fmp-components.com\/fr\/wp-json\/wp\/v2\/comments?post=6269"}],"version-history":[{"count":4,"href":"https:\/\/fmp-components.com\/fr\/wp-json\/wp\/v2\/pages\/6269\/revisions"}],"predecessor-version":[{"id":6306,"href":"https:\/\/fmp-components.com\/fr\/wp-json\/wp\/v2\/pages\/6269\/revisions\/6306"}],"wp:attachment":[{"href":"https:\/\/fmp-components.com\/fr\/wp-json\/wp\/v2\/media?parent=6269"}],"curies":[{"name":"wp","href":"https:\/\/api.w.org\/{rel}","templated":true}]}}