{"id":6080,"date":"2025-03-05T01:37:33","date_gmt":"2025-03-05T01:37:33","guid":{"rendered":"https:\/\/fmp-components.com\/?page_id=6080"},"modified":"2025-03-07T08:36:14","modified_gmt":"2025-03-07T08:36:14","slug":"timing-pulleys","status":"publish","type":"page","link":"https:\/\/fmp-components.com\/fr\/timing-pulleys\/","title":{"rendered":"Poulies de distribution"},"content":{"rendered":"<p>[et_pb_section fb_built=\u201d1\u2033 _builder_version=\u201d4.27.4\u2033 _module_preset=\u201ddefault\u201d use_background_color_gradient=\u201don\u201d background_color_gradient_stops=\u201drgba(0,0,0,0.3) 0%|rgba(0,0,0,0.22) 100%\u201d background_color_gradient_overlays_image=\u201don\u201d background_image=\u201dhttps:\/\/fmp-components.com\/wp-content\/uploads\/2025\/03\/timing-pulley-1.webp\u201d min_height=\u201d512px\u201d global_colors_info=\u201d{}\u201d][et_pb_row _builder_version=\u201d4.27.4\u2033 _module_preset=\u201ddefault\u201d global_colors_info=\u201d{}\u201d][et_pb_column type=\u201d4_4\u2033 _builder_version=\u201d4.27.4\u2033 _module_preset=\u201ddefault\u201d global_colors_info=\u201d{}\u201d][et_pb_text _builder_version=\u201d4.27.4\u2033 _module_preset=\u201ddefault\u201d header_font=\u201dFrank Ruhl Libre||||||||\u201d header_text_color=\u201d#FFFFFF\u201d header_font_size=\u201d75px\u201d header_text_shadow_style=\u201dpreset1\u2033 global_colors_info=\u201d{}\u201d]<\/p>\n<h1 style=\"text-align: center;\">Poulies de distribution<\/h1>\n<p>[et_pb_text][et_pb_text _builder_version=\u201d4.27.4\u2033 _module_preset=\u201ddefault\u201d text_text_color=\u201d#FFFFFF\u201d text_font_size=\u201d16px\u201d global_colors_info=\u201d{}\u201d]<\/p>\n<p style=\"text-align: center;\">Chez FMP Company, nous sommes sp\u00e9cialis\u00e9s dans la production d&#039;une grande vari\u00e9t\u00e9 de poulies synchrones pour r\u00e9pondre \u00e0 divers besoins industriels. Nous proposons \u00e9galement des services de personnalisation pour vous garantir les sp\u00e9cifications exactes de votre projet. Si vous ne trouvez pas le mod\u00e8le dont vous avez besoin dans notre liste de produits, cela signifie simplement que nous ne l&#039;avons pas encore mis en ligne. N&#039;h\u00e9sitez pas \u00e0 nous contacter par e-mail pour nous renseigner sur le mod\u00e8le sp\u00e9cifique que vous recherchez\u00a0!<\/p>\n<p>[\/et_pb_text][\/et_pb_column][\/et_pb_row][\/et_pb_section][et_pb_section fb_built=\u201d1\u2033 _builder_version=\u201d4.27.4\u2033 _module_preset=\u201ddefault\u201d global_colors_info=\u201d{}\u201d][et_pb_row _builder_version=\u201d4.27.4\u2033 _module_preset=\u201ddefault\u201d global_colors_info=\u201d{}\u201d][et_pb_column type=\u201d4_4\u2033 _builder_version=\u201d4.27.4\u2033 _module_preset=\u201ddefault\u201d global_colors_info=\u201d{}\u201d][et_pb_text _builder_version=\u201d4.27.4\u2033 _module_preset=\u201ddefault\u201d header_2_font=\u201dFrank Ruhl Libre||||||||\u201d taille_de_police_header_2=\u201d40px\u201d activation_survol=\u201d0\u2033 info_couleurs_globales=\u201d{}\u201d activation_fixe=\u201d0\u2033]<\/p>\n<h2 style=\"text-align: center;\">Poulie de distribution<\/h2>\n<p>[\/et_pb_text][\/et_pb_column][\/et_pb_row][et_pb_row column_structure=&#8221;1_3,1_3,1_3&#8243; _builder_version=&#8221;4.27.4&#8243; _module_preset=&#8221;default&#8221; global_colors_info=&#8221;{}&#8221;][et_pb_column type=&#8221;1_3&#8243; _builder_version=&#8221;4.27.4&#8243; _module_preset=&#8221;default&#8221; global_colors_info=&#8221;{}&#8221;][et_pb_blurb title=&#8221;Timing Belt Pulleys with Pilot Bores&#8221; image=&#8221;https:\/\/fmp-components.com\/wp-content\/uploads\/2025\/03\/timing-belt-pulleys-with-pilot-bores-1.webp&#8221; alt=&#8221;timing-belt-pulleys-with-pilot-bores&#8221; _builder_version=&#8221;4.27.4&#8243; _module_preset=&#8221;default&#8221; header_level=&#8221;h3&#8243; header_font=&#8221;Frank Ruhl Libre||||||||&#8221; header_text_align=&#8221;center&#8221; global_colors_info=&#8221;{}&#8221;][\/et_pb_blurb][\/et_pb_column][et_pb_column type=&#8221;1_3&#8243; _builder_version=&#8221;4.27.4&#8243; _module_preset=&#8221;default&#8221; global_colors_info=&#8221;{}&#8221;][et_pb_blurb title=&#8221;Standard Toothed Bars&#8221; image=&#8221;https:\/\/fmp-components.com\/wp-content\/uploads\/2025\/03\/standard-toothed-bars.webp&#8221; alt=&#8221;standard-toothed-bars&#8221; _builder_version=&#8221;4.27.4&#8243; _module_preset=&#8221;default&#8221; header_level=&#8221;h3&#8243; header_font=&#8221;Frank Ruhl Libre||||||||&#8221; header_text_align=&#8221;center&#8221; global_colors_info=&#8221;{}&#8221;][\/et_pb_blurb][\/et_pb_column][et_pb_column type=&#8221;1_3&#8243; _builder_version=&#8221;4.27.4&#8243; _module_preset=&#8221;default&#8221; global_colors_info=&#8221;{}&#8221;][et_pb_blurb title=&#8221;Timing Belt Pulleys with Taper Bores&#8221; image=&#8221;https:\/\/fmp-components.com\/wp-content\/uploads\/2025\/03\/taper-bore-timing-pulleys.webp&#8221; alt=&#8221;taper-bore-timing-pulleys&#8221; _builder_version=&#8221;4.27.4&#8243; _module_preset=&#8221;default&#8221; header_level=&#8221;h3&#8243; header_font=&#8221;Frank Ruhl Libre||||||||&#8221; header_text_align=&#8221;center&#8221; global_colors_info=&#8221;{}&#8221;][\/et_pb_blurb][\/et_pb_column][\/et_pb_row][et_pb_row column_structure=&#8221;1_3,1_3,1_3&#8243; _builder_version=&#8221;4.27.4&#8243; _module_preset=&#8221;default&#8221; global_colors_info=&#8221;{}&#8221;][et_pb_column type=&#8221;1_3&#8243; _builder_version=&#8221;4.27.4&#8243; _module_preset=&#8221;default&#8221; global_colors_info=&#8221;{}&#8221;][et_pb_blurb title=&#8221;Metric Pitch Timing Belt Pulleys with Pilot Bores&#8221; image=&#8221;https:\/\/fmp-components.com\/wp-content\/uploads\/2025\/03\/metric-pitch-timing-pulleys.webp&#8221; alt=&#8221;metric-pitch-timing-pulleys&#8221; _builder_version=&#8221;4.27.4&#8243; _module_preset=&#8221;default&#8221; header_level=&#8221;h3&#8243; header_font=&#8221;Frank Ruhl Libre||||||||&#8221; header_text_align=&#8221;center&#8221; global_colors_info=&#8221;{}&#8221;][\/et_pb_blurb][\/et_pb_column][et_pb_column type=&#8221;1_3&#8243; _builder_version=&#8221;4.27.4&#8243; _module_preset=&#8221;default&#8221; global_colors_info=&#8221;{}&#8221;][et_pb_blurb title=&#8221;Metric Pitch Standard Toothed Bars&#8221; image=&#8221;https:\/\/fmp-components.com\/wp-content\/uploads\/2025\/03\/standard-toothed-bars.webp&#8221; alt=&#8221;standard-toothed-bars&#8221; _builder_version=&#8221;4.27.4&#8243; _module_preset=&#8221;default&#8221; header_level=&#8221;h3&#8243; header_font=&#8221;Frank Ruhl Libre||||||||&#8221; header_text_align=&#8221;center&#8221; global_colors_info=&#8221;{}&#8221;][\/et_pb_blurb][\/et_pb_column][et_pb_column type=&#8221;1_3&#8243; _builder_version=&#8221;4.27.4&#8243; _module_preset=&#8221;default&#8221; global_colors_info=&#8221;{}&#8221;][et_pb_blurb title=&#8221;Metric Pitch for \u201cAT\u201d Belts&#8221; image=&#8221;https:\/\/fmp-components.com\/wp-content\/uploads\/2025\/03\/metric-pitch-for-at-belts.webp&#8221; alt=&#8221;metric-pitch-for-at-belts&#8221; _builder_version=&#8221;4.27.4&#8243; _module_preset=&#8221;default&#8221; header_level=&#8221;h3&#8243; header_font=&#8221;Frank Ruhl Libre||||||||&#8221; header_text_align=&#8221;center&#8221; global_colors_info=&#8221;{}&#8221;][\/et_pb_blurb][\/et_pb_column][\/et_pb_row][et_pb_row column_structure=&#8221;1_3,1_3,1_3&#8243; _builder_version=&#8221;4.27.4&#8243; _module_preset=&#8221;default&#8221; global_colors_info=&#8221;{}&#8221;][et_pb_column type=&#8221;1_3&#8243; _builder_version=&#8221;4.27.4&#8243; _module_preset=&#8221;default&#8221; global_colors_info=&#8221;{}&#8221;][et_pb_blurb title=&#8221;Metric Pitch \u201cAT\u201d Standard Toothed Bars&#8221; image=&#8221;https:\/\/fmp-components.com\/wp-content\/uploads\/2025\/03\/standard-toothed-bars.webp&#8221; alt=&#8221;standard-toothed-bars&#8221; _builder_version=&#8221;4.27.4&#8243; _module_preset=&#8221;default&#8221; header_level=&#8221;h3&#8243; header_font=&#8221;Frank Ruhl Libre||||||||&#8221; header_text_align=&#8221;center&#8221; global_colors_info=&#8221;{}&#8221;][\/et_pb_blurb][\/et_pb_column][et_pb_column type=&#8221;1_3&#8243; _builder_version=&#8221;4.27.4&#8243; _module_preset=&#8221;default&#8221; global_colors_info=&#8221;{}&#8221;][et_pb_blurb title=&#8221;HTD Timing Belt Pulleys with Pilot Bores&#8221; image=&#8221;https:\/\/fmp-components.com\/wp-content\/uploads\/2025\/03\/htd-timing-belt-pulleys.webp&#8221; alt=&#8221;htd-timing-belt-pulleys&#8221; _builder_version=&#8221;4.27.4&#8243; _module_preset=&#8221;default&#8221; header_level=&#8221;h3&#8243; header_font=&#8221;Frank Ruhl Libre||||||||&#8221; header_text_align=&#8221;center&#8221; global_colors_info=&#8221;{}&#8221;][\/et_pb_blurb][\/et_pb_column][et_pb_column type=&#8221;1_3&#8243; _builder_version=&#8221;4.27.4&#8243; _module_preset=&#8221;default&#8221; global_colors_info=&#8221;{}&#8221;][et_pb_blurb title=&#8221;HTD Standard Toothed Bars&#8221; image=&#8221;https:\/\/fmp-components.com\/wp-content\/uploads\/2025\/03\/standard-toothed-bars.webp&#8221; alt=&#8221;standard-toothed-bars&#8221; _builder_version=&#8221;4.27.4&#8243; _module_preset=&#8221;default&#8221; header_level=&#8221;h3&#8243; header_font=&#8221;Frank Ruhl Libre||||||||&#8221; header_text_align=&#8221;center&#8221; global_colors_info=&#8221;{}&#8221;][\/et_pb_blurb][\/et_pb_column][\/et_pb_row][et_pb_row column_structure=&#8221;1_3,1_3,1_3&#8243; _builder_version=&#8221;4.27.4&#8243; _module_preset=&#8221;default&#8221; global_colors_info=&#8221;{}&#8221;][et_pb_column type=&#8221;1_3&#8243; _builder_version=&#8221;4.27.4&#8243; _module_preset=&#8221;default&#8221; global_colors_info=&#8221;{}&#8221;][et_pb_blurb title=&#8221;HTD Timing Belt Pulleys with Taper Bores&#8221; image=&#8221;https:\/\/fmp-components.com\/wp-content\/uploads\/2025\/03\/taper-bore-timing-pulleys.webp&#8221; alt=&#8221;taper-bore-timing-pulleys&#8221; _builder_version=&#8221;4.27.4&#8243; _module_preset=&#8221;default&#8221; header_level=&#8221;h3&#8243; header_font=&#8221;Frank Ruhl Libre||||||||&#8221; header_text_align=&#8221;center&#8221; global_colors_info=&#8221;{}&#8221;][\/et_pb_blurb][\/et_pb_column][et_pb_column type=&#8221;1_3&#8243; _builder_version=&#8221;4.27.4&#8243; _module_preset=&#8221;default&#8221; global_colors_info=&#8221;{}&#8221;][\/et_pb_column][et_pb_column type=&#8221;1_3&#8243; _builder_version=&#8221;4.27.4&#8243; _module_preset=&#8221;default&#8221; global_colors_info=&#8221;{}&#8221;][\/et_pb_column][\/et_pb_row][et_pb_row make_equal=&#8221;on&#8221; _builder_version=&#8221;4.27.4&#8243; _module_preset=&#8221;default&#8221; width=&#8221;100%&#8221; max_width=&#8221;1500px&#8221; global_colors_info=&#8221;{}&#8221;][et_pb_column type=&#8221;4_4&#8243; _builder_version=&#8221;4.27.4&#8243; _module_preset=&#8221;default&#8221; global_colors_info=&#8221;{}&#8221;][et_pb_divider color=&#8221;gcid-1df04c5f-e996-4504-8faa-0a9ef0da2d4d&#8221; _builder_version=&#8221;4.27.4&#8243; _module_preset=&#8221;default&#8221; global_colors_info=&#8221;{%22gcid-1df04c5f-e996-4504-8faa-0a9ef0da2d4d%22:%91%22color%22%93}&#8221;][\/et_pb_divider][\/et_pb_column][\/et_pb_row][et_pb_row _builder_version=&#8221;4.27.4&#8243; _module_preset=&#8221;default&#8221; global_colors_info=&#8221;{}&#8221;][et_pb_column type=&#8221;4_4&#8243; _builder_version=&#8221;4.27.4&#8243; _module_preset=&#8221;default&#8221; global_colors_info=&#8221;{}&#8221;][et_pb_text _builder_version=&#8221;4.27.4&#8243; _module_preset=&#8221;default&#8221; header_3_font=&#8221;Frank Ruhl Libre||||||||&#8221; header_3_text_align=&#8221;center&#8221; header_3_font_size=&#8221;35px&#8221; global_colors_info=&#8221;{}&#8221;]<\/p>\n<h3 style=\"text-align: center;\"><span>Poulies de distribution standard am\u00e9ricaines<\/span><\/h3>\n<p>[\/et_pb_text][et_pb_text _builder_version=\u201d4.27.4\u2033 _module_preset=\u201ddefault\u201d global_colors_info=\u201d{}\u201d]<\/p>\n<table style=\"border-collapse: collapse; width: 100%;\">\n<tbody>\n<tr>\n<td align=\"center\" width=\"23%\">\n<p align=\"center\"><strong>Taper<\/strong><\/p>\n<\/td>\n<td align=\"center\" width=\"19%\">\n<p align=\"center\"><strong>Dents n\u00b0\u00a0<\/strong><\/p>\n<\/td>\n<td align=\"center\" width=\"24%\">\n<p align=\"center\"><strong>Taper<\/strong><\/p>\n<\/td>\n<td align=\"center\" width=\"17%\">\n<p align=\"center\"><strong>Dents n\u00b0\u00a0<\/strong><\/p>\n<\/td>\n<\/tr>\n<tr>\n<td colspan=\"2\" align=\"center\" width=\"23%\"><em><strong>XL 1\/5\u201d Pas<\/strong><\/em><\/td>\n<td colspan=\"2\" align=\"center\" width=\"24%\"><em><strong>Pas H 1\/2&#039;&#039;<\/strong><\/em><\/td>\n<\/tr>\n<tr>\n<td align=\"center\" width=\"23%\">\n<p align=\"center\">XL037 Al\u00e9sage lisse minimum<\/p>\n<\/td>\n<td align=\"center\" width=\"19%\">\n<p align=\"center\">10~72<\/p>\n<\/td>\n<td align=\"center\" width=\"24%\">Al\u00e9sage lisse minimum H100<\/td>\n<td align=\"center\" width=\"17%\">14~28<\/td>\n<\/tr>\n<tr>\n<td colspan=\"2\" align=\"center\" width=\"23%\">\n<p align=\"center\"><em><strong>Pas de 3\/8 po<\/strong><\/em><\/p>\n<\/td>\n<td align=\"center\" width=\"24%\">Type H100 QD<\/td>\n<td align=\"center\" width=\"17%\">14~120<\/td>\n<\/tr>\n<tr>\n<td align=\"center\" width=\"23%\">\n<p align=\"center\">Al\u00e9sage lisse minimum L050<\/p>\n<\/td>\n<td align=\"center\" width=\"19%\">\n<p align=\"center\">10~32<\/p>\n<\/td>\n<td>\n<p align=\"center\">Type \u00e0 douille conique H100<\/p>\n<\/td>\n<td>\n<p align=\"center\">14~60<\/p>\n<\/td>\n<\/tr>\n<tr>\n<td align=\"center\" width=\"23%\">\n<p align=\"center\">Type L050 QD<\/p>\n<\/td>\n<td align=\"center\" width=\"19%\">\n<p align=\"center\">18~84<\/p>\n<\/td>\n<td align=\"center\" width=\"24%\">Al\u00e9sage lisse minimum H150<\/td>\n<td align=\"center\" width=\"17%\">14~26<\/td>\n<\/tr>\n<tr>\n<td>\n<p align=\"center\">Type \u00e0 douille conique L050<\/p>\n<\/td>\n<td>\n<p align=\"center\">18~60<\/p>\n<\/td>\n<td align=\"center\" width=\"24%\">Type H150 QD<\/td>\n<td align=\"center\" width=\"17%\">14~120<\/td>\n<\/tr>\n<tr>\n<td>\n<p align=\"center\">Al\u00e9sage lisse minimum L075<\/p>\n<\/td>\n<td>\n<p align=\"center\">12~32<\/p>\n<\/td>\n<td>\n<p align=\"center\">Type \u00e0 douille conique H150<\/p>\n<\/td>\n<td>\n<p align=\"center\">14~60<\/p>\n<\/td>\n<\/tr>\n<tr>\n<td>\n<p align=\"center\">Type L075 QD<\/p>\n<\/td>\n<td>\n<p align=\"center\">18~84<\/p>\n<\/td>\n<td align=\"center\" width=\"24%\">Al\u00e9sage lisse minimum H200<\/td>\n<td align=\"center\" width=\"17%\">14~26<\/td>\n<\/tr>\n<tr>\n<td>\n<p align=\"center\">Type \u00e0 douille conique L075<\/p>\n<\/td>\n<td>\n<p align=\"center\">18~60<\/p>\n<\/td>\n<td align=\"center\" width=\"24%\">Type H200 QD<\/td>\n<td align=\"center\" width=\"17%\">16~120<\/td>\n<\/tr>\n<tr>\n<td align=\"center\" width=\"23%\">\n<p align=\"center\">Al\u00e9sage lisse minimum L100<\/p>\n<\/td>\n<td align=\"center\" width=\"19%\">\n<p align=\"center\">14~32<\/p>\n<\/td>\n<td>\n<p align=\"center\">Type \u00e0 douille conique H200<\/p>\n<\/td>\n<td>\n<p align=\"center\">16~60<\/p>\n<\/td>\n<\/tr>\n<tr>\n<td>\n<p align=\"center\">Type L100 QD<\/p>\n<\/td>\n<td>\n<p align=\"center\">18~84<\/p>\n<\/td>\n<td align=\"center\" width=\"24%\">Al\u00e9sage lisse minimum H300<\/td>\n<td align=\"center\" width=\"17%\">16<\/td>\n<\/tr>\n<tr>\n<td>\n<p align=\"center\">Type \u00e0 douille conique L100<\/p>\n<\/td>\n<td>\n<p align=\"center\">18~60<\/p>\n<\/td>\n<td align=\"center\" width=\"24%\">Type H300 QD<\/td>\n<td align=\"center\" width=\"17%\">22~120<\/td>\n<\/tr>\n<tr>\n<td>\n<p align=\"center\">\n<\/td>\n<td>\n<p align=\"center\">\n<\/td>\n<td>\n<p align=\"center\">Type \u00e0 douille conique H300<\/p>\n<\/td>\n<td>\n<p align=\"center\">18~60<\/p>\n<\/td>\n<\/tr>\n<tr>\n<td colspan=\"4\">\n<p align=\"center\"><em><strong>XH 7\/8\u201d Pas<\/strong><\/em><\/p>\n<\/td>\n<\/tr>\n<tr>\n<td>\n<p align=\"center\">XH200 Al\u00e9sage lisse minimum<\/p>\n<\/td>\n<td>\n<p align=\"center\">18~20<\/p>\n<\/td>\n<td>XH300 Al\u00e9sage lisse minimum<\/td>\n<td>18~20<\/td>\n<\/tr>\n<tr>\n<td>\n<p align=\"center\">Type \u00e0 douille conique XH200<\/p>\n<\/td>\n<td>\n<p align=\"center\">22~60<\/p>\n<\/td>\n<td>\n<p align=\"center\">Type \u00e0 douille conique XH300<\/p>\n<\/td>\n<td>\n<p align=\"center\">22~60<\/p>\n<\/td>\n<\/tr>\n<tr>\n<td>\n<p align=\"center\">\n<\/td>\n<td>\n<p align=\"center\">\n<\/td>\n<td>\n<p align=\"center\">Type XH400 QD<\/p>\n<\/td>\n<td>\n<p align=\"center\">20~120<\/p>\n<\/td>\n<\/tr>\n<\/tbody>\n<\/table>\n<p>[\/et_pb_text][\/et_pb_column][\/et_pb_row][et_pb_row _builder_version=&#8221;4.27.4&#8243; _module_preset=&#8221;default&#8221; width=&#8221;100%&#8221; max_width=&#8221;1500px&#8221; global_colors_info=&#8221;{}&#8221;][et_pb_column type=&#8221;4_4&#8243; _builder_version=&#8221;4.27.4&#8243; _module_preset=&#8221;default&#8221; global_colors_info=&#8221;{}&#8221;][et_pb_divider color=&#8221;gcid-1df04c5f-e996-4504-8faa-0a9ef0da2d4d&#8221; _builder_version=&#8221;4.27.4&#8243; _module_preset=&#8221;default&#8221; global_colors_info=&#8221;{%22gcid-1df04c5f-e996-4504-8faa-0a9ef0da2d4d%22:%91%22color%22%93}&#8221;][\/et_pb_divider][\/et_pb_column][\/et_pb_row][et_pb_row _builder_version=&#8221;4.27.4&#8243; _module_preset=&#8221;default&#8221; global_colors_info=&#8221;{}&#8221;][et_pb_column type=&#8221;4_4&#8243; _builder_version=&#8221;4.27.4&#8243; _module_preset=&#8221;default&#8221; global_colors_info=&#8221;{}&#8221;][et_pb_text _builder_version=&#8221;4.27.4&#8243; _module_preset=&#8221;default&#8221; header_3_font=&#8221;Frank Ruhl Libre||||||||&#8221; header_3_text_align=&#8221;center&#8221; header_3_font_size=&#8221;35px&#8221; global_colors_info=&#8221;{}&#8221;]<\/p>\n<h3 style=\"text-align: center;\">Type de poulies de courroie de distribution<\/h3>\n<p>[\/et_pb_text][et_pb_text _builder_version=\u201d4.27.4\u2033 _module_preset=\u201ddefault\u201d global_colors_info=\u201d{}\u201d]<\/p>\n<table style=\"border-collapse: collapse; width: 100%; height: 96px;\">\n<tbody>\n<tr style=\"height: 24px;\">\n<td style=\"height: 24px;\">Poulie de courroie de distribution type MXL<\/td>\n<td style=\"height: 24px;\">Poulie de courroie de distribution type S2M<\/td>\n<td style=\"height: 24px;\">Poulie de courroie de distribution type HTD3M<\/td>\n<td style=\"height: 24px;\">Type P2M\/P3M\/P8M<\/td>\n<\/tr>\n<tr style=\"height: 24px;\">\n<td style=\"height: 24px;\">Poulie de courroie de distribution type XL<\/td>\n<td style=\"height: 24px;\">Poulie de courroie de distribution type S3M<\/td>\n<td style=\"height: 24px;\">Poulie de courroie de distribution type HTD5M<\/td>\n<td style=\"height: 24px;\">Type 2GT\/3GT\/5GT<\/td>\n<\/tr>\n<tr style=\"height: 24px;\">\n<td style=\"height: 24px;\">Poulie de courroie de distribution type L<\/td>\n<td style=\"height: 24px;\">Poulie de courroie de distribution type S5M<\/td>\n<td style=\"height: 24px;\">Poulie de courroie de distribution type HTD8M<\/td>\n<td style=\"height: 24px;\">Type T5\/T10\/T20<\/td>\n<\/tr>\n<tr style=\"height: 24px;\">\n<td style=\"height: 24px;\">Poulie de courroie de distribution type H<\/td>\n<td style=\"height: 24px;\">Poulie de courroie de distribution type S8M<\/td>\n<td style=\"height: 24px;\"><\/td>\n<td style=\"height: 24px;\">Type AT5\/AT10\/AT20<\/td>\n<\/tr>\n<\/tbody>\n<\/table>\n<p>[et_pb_text][\/et_pb_column][\/et_pb_row][\/et_pb_section][et_pb_section fb_built=\u201d1\u2033 _builder_version=\u201d4.27.4\u2033 _module_preset=\u201ddefault\u201d global_colors_info=\u201d{}\u201d][et_pb_row _builder_version=\u201d4.27.4\u2033 _module_preset=\u201ddefault\u201d global_colors_info=\u201d{}\u201d][et_pb_column type=\u201d4_4\u2033 _builder_version=\u201d4.27.4\u2033 _module_preset=\u201ddefault\u201d global_colors_info=\u201d{}\u201d][et_pb_image src=\u201dhttps:\/\/fmp-components.com\/wp-content\/uploads\/2025\/03\/timing-pulley-2.webp\u201d alt=\u201dCalage Poulie\u201d title_text=\u201dtiming-pulley-2\u2033 _builder_version=\u201d4.27.4\u2033 _module_preset=\u201ddefault\u201d global_colors_info=\u201d{}\u201d][\/et_pb_image][\/et_pb_column][\/et_pb_row][\/et_pb_section]<\/p>","protected":false},"excerpt":{"rendered":"<p>Chez FMP Company, nous sommes sp\u00e9cialis\u00e9s dans la production d'une large gamme de poulies de distribution pour r\u00e9pondre \u00e0 divers besoins industriels. Nous proposons \u00e9galement des services de personnalisation afin de vous garantir les sp\u00e9cifications exactes requises pour votre projet. Si vous ne trouvez pas le mod\u00e8le dont vous avez besoin dans notre catalogue, cela signifie simplement que nous n'avons pas encore eu l'occasion de le fabriquer.<\/p>","protected":false},"author":2,"featured_media":0,"parent":0,"menu_order":0,"comment_status":"closed","ping_status":"closed","template":"","meta":{"_et_pb_use_builder":"on","_et_pb_old_content":"","_et_gb_content_width":"","footnotes":""},"class_list":["post-6080","page","type-page","status-publish","hentry"],"_links":{"self":[{"href":"https:\/\/fmp-components.com\/fr\/wp-json\/wp\/v2\/pages\/6080","targetHints":{"allow":["GET"]}}],"collection":[{"href":"https:\/\/fmp-components.com\/fr\/wp-json\/wp\/v2\/pages"}],"about":[{"href":"https:\/\/fmp-components.com\/fr\/wp-json\/wp\/v2\/types\/page"}],"author":[{"embeddable":true,"href":"https:\/\/fmp-components.com\/fr\/wp-json\/wp\/v2\/users\/2"}],"replies":[{"embeddable":true,"href":"https:\/\/fmp-components.com\/fr\/wp-json\/wp\/v2\/comments?post=6080"}],"version-history":[{"count":15,"href":"https:\/\/fmp-components.com\/fr\/wp-json\/wp\/v2\/pages\/6080\/revisions"}],"predecessor-version":[{"id":6325,"href":"https:\/\/fmp-components.com\/fr\/wp-json\/wp\/v2\/pages\/6080\/revisions\/6325"}],"wp:attachment":[{"href":"https:\/\/fmp-components.com\/fr\/wp-json\/wp\/v2\/media?parent=6080"}],"curies":[{"name":"wp","href":"https:\/\/api.w.org\/{rel}","templated":true}]}}