{"id":286,"date":"2024-12-09T03:50:21","date_gmt":"2024-12-09T03:50:21","guid":{"rendered":"https:\/\/fmp-components.com\/?page_id=8"},"modified":"2025-03-27T05:37:54","modified_gmt":"2025-03-27T05:37:54","slug":"forklift-hydraulic-cylinders-2","status":"publish","type":"page","link":"https:\/\/fmp-components.com\/fr\/forklift-hydraulic-cylinders-2\/","title":{"rendered":"V\u00e9rins hydrauliques pour chariots \u00e9l\u00e9vateurs"},"content":{"rendered":"<p>[et_pb_section fb_built=&#8221;1&#8243; _builder_version=&#8221;4.27.4&#8243; _module_preset=&#8221;default&#8221; use_background_color_gradient=&#8221;on&#8221; background_color_gradient_stops=&#8221;rgba(0,0,0,0.14) 0%|rgba(0,0,0,0.16) 100%&#8221; background_color_gradient_overlays_image=&#8221;on&#8221; background_image=&#8221;https:\/\/fmp-components.com\/wp-content\/uploads\/2025\/03\/Forklift-Hydraulic-Cylinders.webp&#8221; custom_padding=&#8221;||157px|||&#8221; global_colors_info=&#8221;{}&#8221;][et_pb_row _builder_version=&#8221;4.27.4&#8243; _module_preset=&#8221;default&#8221; global_colors_info=&#8221;{}&#8221;][et_pb_column type=&#8221;4_4&#8243; _builder_version=&#8221;4.27.4&#8243; _module_preset=&#8221;default&#8221; global_colors_info=&#8221;{}&#8221;][et_pb_text _builder_version=&#8221;4.27.4&#8243; _module_preset=&#8221;default&#8221; header_font=&#8221;Frank Ruhl Libre||||||||&#8221; header_text_color=&#8221;#FFFFFF&#8221; header_font_size=&#8221;70px&#8221; header_text_shadow_style=&#8221;preset1&#8243; global_colors_info=&#8221;{}&#8221;]<\/p>\n<h1 style=\"text-align: center;\">V\u00e9rins hydrauliques pour chariots \u00e9l\u00e9vateurs<\/h1>\n<p>[\/et_pb_text][\/et_pb_column][\/et_pb_row][et_pb_row _builder_version=&#8221;4.27.4&#8243; _module_preset=&#8221;default&#8221; global_colors_info=&#8221;{}&#8221;][et_pb_column type=&#8221;4_4&#8243; _builder_version=&#8221;4.27.4&#8243; _module_preset=&#8221;default&#8221; global_colors_info=&#8221;{}&#8221;][et_pb_text _builder_version=&#8221;4.27.4&#8243; _module_preset=&#8221;default&#8221; text_text_color=&#8221;#FFFFFF&#8221; text_font_size=&#8221;16px&#8221; text_line_height=&#8221;1.8em&#8221; text_orientation=&#8221;center&#8221; text_text_shadow_style=&#8221;preset1&#8243; global_colors_info=&#8221;{}&#8221;]<\/p>\n<p>Chez FMP Company, nous sommes sp\u00e9cialis\u00e9s dans la production d&#039;une grande vari\u00e9t\u00e9 de v\u00e9rins hydrauliques pour chariots \u00e9l\u00e9vateurs. Ces composants essentiels offrent la puissance et la pr\u00e9cision n\u00e9cessaires pour lever et abaisser efficacement des charges lourdes. Notre vaste gamme propose divers types et sp\u00e9cifications pour s&#039;adapter aux diff\u00e9rents mod\u00e8les de chariots \u00e9l\u00e9vateurs et aux besoins de l&#039;industrie. Nous proposons \u00e9galement des services de personnalisation pour r\u00e9pondre \u00e0 des exigences sp\u00e9cifiques, garantissant ainsi \u00e0 chaque client une solution sur mesure. Si vous ne trouvez pas le mod\u00e8le dont vous avez besoin dans notre liste de produits, cela signifie simplement que nous ne l&#039;avons pas encore r\u00e9pertori\u00e9. Envoyez-nous un e-mail avec vos besoins\u00a0; nos ing\u00e9nieurs qualifi\u00e9s vous r\u00e9pondront sous 24\u00a0heures pour vous aider \u00e0 trouver ou \u00e0 cr\u00e9er le v\u00e9rin hydraulique id\u00e9al pour votre chariot \u00e9l\u00e9vateur.<\/p>\n<p>[\/et_pb_text][\/et_pb_column][\/et_pb_row][\/et_pb_section][et_pb_section fb_built=&#8221;1&#8243; _builder_version=&#8221;4.27.4&#8243; _module_preset=&#8221;default&#8221; global_colors_info=&#8221;{}&#8221;][et_pb_row _builder_version=&#8221;4.27.4&#8243; _module_preset=&#8221;default&#8221; global_colors_info=&#8221;{}&#8221;][et_pb_column type=&#8221;4_4&#8243; _builder_version=&#8221;4.27.4&#8243; _module_preset=&#8221;default&#8221; global_colors_info=&#8221;{}&#8221;][et_pb_shop type=&#8221;product_category&#8221; include_categories=&#8221;20&#8243; columns_number=&#8221;3&#8243; _builder_version=&#8221;4.27.4&#8243; _module_preset=&#8221;default&#8221; global_colors_info=&#8221;{}&#8221;][\/et_pb_shop][\/et_pb_column][\/et_pb_row][et_pb_row _builder_version=&#8221;4.27.4&#8243; _module_preset=&#8221;default&#8221; column_structure=&#8221;1_2,1_2&#8243;][et_pb_column _builder_version=&#8221;4.27.4&#8243; _module_preset=&#8221;default&#8221; type=&#8221;1_2&#8243;][et_pb_image src=&#8221;https:\/\/fmp-components.com\/wp-content\/uploads\/2025\/03\/Forklift-Hydraulic-Cylinders-3.webp&#8221; _builder_version=&#8221;4.27.4&#8243; _module_preset=&#8221;default&#8221; alt=&#8221;Forklift-Hydraulic-Cylinders&#8221; title_text=&#8221;Forklift-Hydraulic-Cylinders-3&#8243; hover_enabled=&#8221;0&#8243; sticky_enabled=&#8221;0&#8243;][\/et_pb_image][\/et_pb_column][et_pb_column _builder_version=&#8221;4.27.4&#8243; _module_preset=&#8221;default&#8221; type=&#8221;1_2&#8243;][et_pb_text _builder_version=&#8221;4.27.4&#8243; _module_preset=&#8221;default&#8221; header_2_font=&#8221;Frank Ruhl Libre||||||||&#8221; header_2_font_size=&#8221;30px&#8221; header_3_font=&#8221;Frank Ruhl Libre||||||||&#8221; hover_enabled=&#8221;0&#8243; sticky_enabled=&#8221;0&#8243;]<\/p>\n<h2>Une gamme compl\u00e8te de v\u00e9rins hydrauliques<\/h2>\n<p>Nous proposons une vaste s\u00e9lection de v\u00e9rins hydrauliques pour chariots \u00e9l\u00e9vateurs, con\u00e7us pour r\u00e9pondre \u00e0 diverses applications. Notre gamme de produits comprend\u00a0:<\/p>\n<p><strong>V\u00e9rins \u00e0 simple effet :<\/strong> Id\u00e9al pour les t\u00e2ches de levage simples.<br \/><strong>V\u00e9rins \u00e0 double effet :<\/strong> Parfait pour les applications n\u00e9cessitant une force dans les deux sens.<br \/><strong>V\u00e9rins t\u00e9lescopiques :<\/strong> Excellent pour une port\u00e9e \u00e9tendue et un stockage compact.<br \/><strong>V\u00e9rins tandem :<\/strong> Con\u00e7u pour une puissance et une stabilit\u00e9 accrues dans les op\u00e9rations exigeantes.<br \/>Disponibles dans une large gamme de formes et de tailles, nos v\u00e9rins sont con\u00e7us pour r\u00e9pondre \u00e0 divers besoins d&#039;\u00e9quipements, qu&#039;il s&#039;agisse de levage, d&#039;inclinaison ou de d\u00e9placement lat\u00e9ral. Quelle que soit votre application, FMP a la solution id\u00e9ale.<\/p>\n<p>[\/et_pb_text][\/et_pb_column][\/et_pb_row][et_pb_row _builder_version=&#8221;4.27.4&#8243; _module_preset=&#8221;default&#8221;][et_pb_column _builder_version=&#8221;4.27.4&#8243; _module_preset=&#8221;default&#8221; type=&#8221;4_4&#8243;][et_pb_text _builder_version=&#8221;4.27.4&#8243; _module_preset=&#8221;default&#8221; hover_enabled=&#8221;0&#8243; sticky_enabled=&#8221;0&#8243; header_3_font=&#8221;Frank Ruhl Libre||||||||&#8221; header_3_font_size=&#8221;25px&#8221; text_font_size=&#8221;15px&#8221;]<\/p>\n<h3>Livraison rapide et inventaire complet<\/h3>\n<p>Les temps d&#039;arr\u00eat co\u00fbtent cher, et chez FMP, nous nous engageons \u00e0 assurer le bon fonctionnement de vos op\u00e9rations. Nous disposons d&#039;un vaste stock de v\u00e9rins hydrauliques, de pi\u00e8ces d\u00e9tach\u00e9es et d&#039;accessoires, garantissant une livraison rapide pour r\u00e9pondre \u00e0 vos besoins urgents. En choisissant FMP, vous pouvez compter sur un service rapide et fiable \u00e0 chaque fois.<\/p>\n<p>[\/et_pb_text][\/et_pb_column][\/et_pb_row][\/et_pb_section][et_pb_section fb_built=&#8221;1&#8243; theme_builder_area=&#8221;post_content&#8221; _builder_version=&#8221;4.27.4&#8243; _module_preset=&#8221;default&#8221; alt=&#8221;Forklift-Hydraulic-Cylinders&#8221; title_text=&#8221;Forklift-Hydraulic-Cylinders-1&#8243; background_image=&#8221;https:\/\/fmp-components.com\/wp-content\/uploads\/2025\/03\/Forklift-Hydraulic-Cylinders-1.webp&#8221; hover_enabled=&#8221;0&#8243; sticky_enabled=&#8221;0&#8243; min_height=&#8221;320px&#8221;][et_pb_row _builder_version=&#8221;4.27.4&#8243; _module_preset=&#8221;default&#8221; theme_builder_area=&#8221;post_content&#8221; background_color=&#8221;rgba(0,0,0,0.28)&#8221; hover_enabled=&#8221;0&#8243; sticky_enabled=&#8221;0&#8243;][et_pb_column _builder_version=&#8221;4.27.4&#8243; _module_preset=&#8221;default&#8221; type=&#8221;4_4&#8243; theme_builder_area=&#8221;post_content&#8221;][et_pb_text _builder_version=&#8221;4.27.4&#8243; _module_preset=&#8221;default&#8221; theme_builder_area=&#8221;post_content&#8221; text_font_size=&#8221;16px&#8221; text_line_height=&#8221;2em&#8221; text_text_color=&#8221;#FFFFFF&#8221; hover_enabled=&#8221;0&#8243; sticky_enabled=&#8221;0&#8243; header_3_font=&#8221;Frank Ruhl Libre||||||||&#8221; header_3_text_color=&#8221;#FFFFFF&#8221; custom_margin=&#8221;0px|||30px|false|false&#8221; header_3_font_size=&#8221;30px&#8221;]<\/p>\n<h3 style=\"text-align: center;\">Pourquoi choisir FMP?<\/h3>\n<p style=\"text-align: left;\"><strong>Fabriqu\u00e9 en Italie :<\/strong>\u00a0 Fabrication artisanale sup\u00e9rieure de notre usine italienne.<br \/>Options polyvalentes : une large gamme de v\u00e9rins pour chaque application.<br \/><strong>Conseils d&#039;experts :\u00a0<\/strong> Un soutien professionnel de notre \u00e9quipe comp\u00e9tente.<br \/><strong>Service rapide :<\/strong>\u00a0 Stock important et livraison rapide pour minimiser les temps d&#039;arr\u00eat.<br \/><strong>Ajustement personnalis\u00e9 :<\/strong>\u00a0 Des solutions sur mesure adapt\u00e9es \u00e0 votre \u00e9quipement et \u00e0 votre secteur d&#039;activit\u00e9.<br \/>Pour des v\u00e9rins hydrauliques hautes performances pour chariots \u00e9l\u00e9vateurs, b\u00e9n\u00e9ficiant de l&#039;expertise italienne, choisissez FMP. Contactez-nous d\u00e8s aujourd&#039;hui pour d\u00e9couvrir notre gamme et d\u00e9couvrir comment nous pouvons accompagner votre entreprise avec des produits de qualit\u00e9 et un service exceptionnel\u00a0!<\/p>\n<p>[\/et_pb_text][\/et_pb_column][\/et_pb_row][\/et_pb_section]<\/p>","protected":false},"excerpt":{"rendered":"<p>Forklift Hydraulic CylindersAt FMP Company, we specialize in producing a wide variety of Forklift Hydraulic Cylinders, critical components that deliver the power and precision required to lift and lower heavy loads efficiently. Our extensive range features diverse types and specifications to suit different forklift models and industry needs. We also offer customization services to meet [&hellip;]<\/p>","protected":false},"author":2,"featured_media":0,"parent":0,"menu_order":0,"comment_status":"closed","ping_status":"closed","template":"","meta":{"_et_pb_use_builder":"on","_et_pb_old_content":"","_et_gb_content_width":"","footnotes":""},"class_list":["post-286","page","type-page","status-publish","hentry"],"_links":{"self":[{"href":"https:\/\/fmp-components.com\/fr\/wp-json\/wp\/v2\/pages\/286","targetHints":{"allow":["GET"]}}],"collection":[{"href":"https:\/\/fmp-components.com\/fr\/wp-json\/wp\/v2\/pages"}],"about":[{"href":"https:\/\/fmp-components.com\/fr\/wp-json\/wp\/v2\/types\/page"}],"author":[{"embeddable":true,"href":"https:\/\/fmp-components.com\/fr\/wp-json\/wp\/v2\/users\/2"}],"replies":[{"embeddable":true,"href":"https:\/\/fmp-components.com\/fr\/wp-json\/wp\/v2\/comments?post=286"}],"version-history":[{"count":10,"href":"https:\/\/fmp-components.com\/fr\/wp-json\/wp\/v2\/pages\/286\/revisions"}],"predecessor-version":[{"id":7508,"href":"https:\/\/fmp-components.com\/fr\/wp-json\/wp\/v2\/pages\/286\/revisions\/7508"}],"wp:attachment":[{"href":"https:\/\/fmp-components.com\/fr\/wp-json\/wp\/v2\/media?parent=286"}],"curies":[{"name":"wp","href":"https:\/\/api.w.org\/{rel}","templated":true}]}}