{"id":1265,"date":"2024-12-22T07:23:49","date_gmt":"2024-12-22T07:23:49","guid":{"rendered":"https:\/\/fmp-components.com\/?page_id=8"},"modified":"2025-03-10T06:50:43","modified_gmt":"2025-03-10T06:50:43","slug":"coupling-2","status":"publish","type":"page","link":"https:\/\/fmp-components.com\/fr\/coupling-2\/","title":{"rendered":"Couplage"},"content":{"rendered":"<p>[et_pb_section fb_built=\u201d1\u2033 _builder_version=\u201d4.27.4\u2033 _module_preset=\u201ddefault\u201d use_background_color_gradient=\u201don\u201d background_color_gradient_stops=\u201drgba(8,40,9,0.07) 0%|rgba(8,40,9,0.33) 100%\u201d background_color_gradient_overlays_image=\u201don\u201d background_image=\u201dhttps:\/\/fmp-components.com\/wp-content\/uploads\/2024\/12\/coupling-banner.webp\u201d min_height=\u201d497px\u201d global_colors_info=\u201d{}\u201d][et_pb_row _builder_version=\u201d4.27.4\u2033 _module_preset=\u201ddefault\u201d global_colors_info=\u201d{}\u201d][et_pb_column type=\u201d4_4\u2033 _builder_version=\u201d4.27.4\u2033 _module_preset=\u201ddefault\u201d global_colors_info=\u201d{}\u201d][et_pb_text _builder_version=\u201d4.27.4\u2033 _module_preset=\u201ddefault\u201d header_font=\u201dFrank Ruhl Libre|500|||||||\u201d header_text_color=\u201d#FFFFFF\u201d header_font_size=\u201d60px\u201d header_text_shadow_style=\u201dpreset1\u2033 global_colors_info=\u201d{}\u201d]<\/p>\n<h1 style=\"text-align: center;\">Couplage<\/h1>\n<p>[\/et_pb_text][\/et_pb_column][\/et_pb_row][et_pb_row _builder_version=\u201d4.27.4\u2033 _module_preset=\u201ddefault\u201d global_colors_info=\u201d{}\u201d][et_pb_column type=\u201d4_4\u2033 _builder_version=\u201d4.27.4\u2033 _module_preset=\u201ddefault\u201d global_colors_info=\u201d{}\u201d][et_pb_text _builder_version=\u201d4.27.4\u2033 _module_preset=\u201ddefault\u201d text_text_color=\u201d#FFFFFF\u201d text_font_size=\u201d16px\u201d text_line_height=\u201d1.8em\u201d text_text_shadow_style=\u201dpreset1\u2033 global_colors_info=\u201d{}\u201d]<\/p>\n<p>Un accouplement est un dispositif m\u00e9canique permettant de relier deux arbres afin de transmettre de la puissance tout en autorisant un certain d\u00e9salignement et un certain mouvement. Les accouplements sont essentiels dans diverses applications, notamment les moteurs, les pompes et les machines industrielles, car ils contribuent \u00e0 r\u00e9duire les vibrations, \u00e0 compenser les d\u00e9salignements et \u00e0 assurer la flexibilit\u00e9 du syst\u00e8me.<\/p>\n<p style=\"text-align: left;\">Chez FMP, nous proposons une large gamme d'accouplements adapt\u00e9s \u00e0 diverses applications industrielles. Nous acceptons \u00e9galement les commandes personnalis\u00e9es afin de vous proposer des solutions sur mesure r\u00e9pondant \u00e0 vos besoins sp\u00e9cifiques. Que vous ayez besoin d'accouplements standards ou de mod\u00e8les sp\u00e9cifiques, FMP s'engage \u00e0 vous fournir des produits de haute qualit\u00e9 qui optimisent les performances de vos machines.<\/p>\n<p>[\/et_pb_text][\/et_pb_column][\/et_pb_row][\/et_pb_section][et_pb_section fb_built=\u201d1\u2033 _builder_version=\u201d4.27.4\u2033 _module_preset=\u201ddefault\u201d global_colors_info=\u201d{}\u201d][et_pb_row _builder_version=\u201d4.27.4\u2033 _module_preset=\u201ddefault\u201d global_colors_info=\u201d{}\u201d][et_pb_column type=\u201d4_4\u2033 _builder_version=\u201d4.27.4\u2033 _module_preset=\u201ddefault\u201d global_colors_info=\u201d{}\u201d][et_pb_text _builder_version=\u201d4.27.4\u2033 _module_preset=\u201ddefault\u201d header_2_font=\u201dFrank Ruhl Libre||||||||\u201d header_2_font_size=\u201d40px\u201d global_colors_info=\u201d{}\u201d]<\/p>\n<h2 style=\"text-align: center;\">Types d'accouplement<\/h2>\n<p>[\/et_pb_text][\/et_pb_column][\/et_pb_row][et_pb_row column_structure=\u201d1_3,1_3,1_3\u2033 _builder_version=\u201d4.27.4\u2033 _module_preset=\u201ddefault\u201d global_colors_info=\u201d{}\u201d][et_pb_column type=\u201d1_3\u2033 _builder_version=\u201d4.27.4\u2033 _module_preset=\u201ddefault\u201d global_colors_info=\u201d{}\u201d][et_pb_blurb title=\u201d Accouplements hydrauliques\u201d image=\u201dhttps:\/\/fmp-components.com\/wp-content\/uploads\/2024\/12\/Fluid-Couplings.webp\u201d alt=\u201d<br \/>\nAccouplements hydrauliques\u201d _builder_version=\u201d4.27.4\u2033 _module_preset=\u201ddefault\u201d header_font=\u201d\u2013et_global_heading_font|500|||||||\u201d header_text_align=\u201dcenter\u201d hover_enabled=\u201d0\u2033 global_colors_info=\u201d{}\u201d url=\u201dhttps:\/\/fmp-components.com\/en\/product\/fluid-couplings\u201d sticky_enabled=\u201d0\u2033][\/et_pb_blurb][\/et_pb_column][et_pb_column type=\u201d1_3\u2033 _builder_version=\u201d4.27.4\u2033 _module_preset=\u201ddefault\u201d global_colors_info=\u201d{}\u201d][et_pb_blurb title=\u201dRaccords flexibles \u00e0 brides\u201d image=\u201dhttps:\/\/fmp-components.com\/wp-content\/uploads\/2024\/12\/Flange-Flexible-Couplings.webp\u201d alt=\u201dRaccords flexibles \u00e0 brides\u201d _builder_version=\u201d4.27.4\u2033 _module_preset=\"default\" header_font=\"\u2013et_global_heading_font|500|||||||\" header_text_align=\u201dcenter\u201d hover_enabled=\u201d0\u2033 global_colors_info=\u201d{}\u201d url=\u201dhttps:\/\/fmp-components.com\/en\/product\/flange-flexible-couplings\u201d sticky_enabled=\u201d0\u2033][\/et_pb_blurb][\/et_pb_column][et_pb_column type=\u201d1_3\u2033 _builder_version=\u201d4.27.4\u2033 _module_preset=\u201ddefault\u201d global_colors_info=\u201d{}\u201d][et_pb_blurb title=\u201dAccouplement \u00e0 cha\u00eene\u201d image=\u201dhttps:\/\/fmp-components.com\/wp-content\/uploads\/2024\/12\/chain-coupling.webp\u201d alt=\u201dAccouplement \u00e0 cha\u00eene\u201d _builder_version=\u201d4.27.4\u2033 _module_preset=\u201ddefault\u201d header_font=\"\u2013et_global_heading_font|500|||||||\" header_text_align=\u201dcenter\u201d hover_enabled=\u201d0\u2033 global_colors_info=\u201d{}\u201d url=\u201dhttps:\/\/fmp-components.com\/en\/product\/chain-couplings\u201d sticky_enabled=\u201d0\u2033][\/et_pb_blurb][\/et_pb_column][\/et_pb_row][et_pb_row column_structure=\u201d1_3,1_3,1_3\u2033 _builder_version=\u201d4.27.4\u2033 _module_preset=\u201ddefault\u201d global_colors_info=\u201d{}\u201d][et_pb_column type=\u201d1_3\u2033 _builder_version=\u201d4.27.4\u2033 _module_preset=\u201ddefault\u201d global_colors_info=\u201d{}\u201d][et_pb_blurb title=\u201dAccouplements HRC\u201d image=\"https:\/\/fmp-components.com\/wp-content\/uploads\/2024\/12\/hrc-coupling.webp\" alt=\"Accouplements HRC\" _builder_version=\"4.27.4\" _module_preset=\"default\" header_font=\"\u2013et_global_heading_font|500|||||||\" header_text_align=\u201dcenter\u201d hover_enabled=\u201d0\u2033 global_colors_info=\u201d{}\u201d url=\u201dhttps:\/\/fmp-components.com\/en\/product\/hrc-couplings\u201d sticky_enabled=\u201d0\u2033][\/et_pb_blurb][\/et_pb_column][et_pb_column type=\u201d1_3\u2033 _builder_version=\u201d4.27.4\u2033 _module_preset=\u201ddefault\u201d global_colors_info=\u201d{}\u201d][et_pb_blurb title=\u201dRaccords d\u2019espacement Fenaflex\u201d image=\u201dhttps:\/\/fmp-components.com\/wp-content\/uploads\/2024\/12\/Fenaflex-Spacer-Couplings.webp\u201d alt=\u201dRaccords d\u2019espacement Fenaflex\u201d _builder_version=\u201d4.27.4\u2033 _module_preset=\"default\" header_font=\"\u2013et_global_heading_font|500|||||||\" header_text_align=\u201dcenter\u201d hover_enabled=\u201d0\u2033 global_colors_info=\u201d{}\u201d url=\u201dhttps:\/\/fmp-components.com\/en\/product\/spacer-couplings-replacement-of-fenaflex-spacer-couplings\u201d sticky_enabled=\u201d0\u2033][\/et_pb_blurb][\/et_pb_column][et_pb_column type=\u201d1_3\u2033 _builder_version=\u201d4.27.4\u2033 _module_preset=\u201ddefault\u201d global_colors_info=\u201d{}\u201d][et_pb_blurb title=\u201dRaccords PIN\u201d image=\u201dhttps:\/\/fmp-components.com\/wp-content\/uploads\/2024\/12\/PIN-Couplings.webp\u201d alt=\u201dRaccords PIN\u201d _builder_version=\"4.27.4\" _module_preset=\"default\" header_font=\"\u2013et_global_heading_font|500|||||||\" header_text_align=\u201dcenter\u201d hover_enabled=\u201d0\u2033 global_colors_info=\u201d{}\u201d url=\u201dhttps:\/\/fmp-components.com\/en\/product\/pin-couplings\u201d sticky_enabled=\u201d0\u2033][\/et_pb_blurb][\/et_pb_column][\/et_pb_row][et_pb_row column_structure=\u201d1_3,1_3,1_3\u2033 _builder_version=\u201d4.27.4\u2033 _module_preset=\u201ddefault\u201d global_colors_info=\u201d{}\u201d][et_pb_column type=\u201d1_3\u2033 _builder_version=\u201d4.27.4\u2033 _module_preset=\u201ddefault\u201d global_colors_info=\u201d{}\u201d][et_pb_blurb title=\u201dRaccords MH\u201d image=\"https:\/\/fmp-components.com\/wp-content\/uploads\/2024\/12\/MH-Couplings.webp\" alt=\"Accouplements MH\" _builder_version=\"4.27.4\" _module_preset=\"default\" header_font=\"\u2013et_global_heading_font|500|||||||\" header_text_align=\u201dcenter\u201d hover_enabled=\u201d0\u2033 global_colors_info=\u201d{}\u201d url=\u201dhttps:\/\/fmp-components.com\/en\/product\/mh-couplings\u201d sticky_enabled=\u201d0\u2033][\/et_pb_blurb][\/et_pb_column][et_pb_column type=\u201d1_3\u2033 _builder_version=\u201d4.27.4\u2033 _module_preset=\u201ddefault\u201d global_colors_info=\u201d{}\u201d][et_pb_blurb title=\u201dAccouplements flexibles\u201d image=\u201dhttps:\/\/fmp-components.com\/wp-content\/uploads\/2024\/12\/Flexible-Couplings.webp\u201d alt=\u201dAccouplements flexibles\u201d _builder_version=\u201d4.27.4\u2033 _module_preset=\"default\" header_font=\"\u2013et_global_heading_font|500|||||||\" header_text_align=\u201dcenter\u201d hover_enabled=\u201d0\u2033 global_colors_info=\u201d{}\u201d url=\u201dhttps:\/\/fmp-components.com\/en\/product\/flexible-couplings\u201d sticky_enabled=\u201d0\u2033][\/et_pb_blurb][\/et_pb_column][et_pb_column type=\u201d1_3\u2033 _builder_version=\u201d4.27.4\u2033 _module_preset=\u201ddefault\u201d global_colors_info=\u201d{}\u201d][et_pb_blurb title=\u201dAccouplements rigides\u201d image=\u201dhttps:\/\/fmp-components.com\/wp-content\/uploads\/2024\/12\/Rigid-Couplings.webp\u201d alt=\u201dAccouplements rigides\u201d _builder_version=\u201d4.27.4\u2033 _module_preset=\"default\" header_font=\"\u2013et_global_heading_font|500|||||||\" header_text_align=\u201dcenter\u201d hover_enabled=\u201d0\u2033 global_colors_info=\u201d{}\u201d url=\u201dhttps:\/\/fmp-components.com\/en\/product\/rigid-couplings\u201d sticky_enabled=\u201d0\u2033][\/et_pb_blurb][\/et_pb_column][\/et_pb_row][et_pb_row column_structure=\u201d1_3,1_3,1_3\u2033 _builder_version=\u201d4.27.4\u2033 _module_preset=\u201ddefault\u201d global_colors_info=\u201d{}\u201d][et_pb_column type=\u201d1_3\u2033 _builder_version=\u201d4.27.4\u2033 _module_preset=\u201ddefault\u201d global_colors_info=\u201d{}\u201d][et_pb_blurb title=\u201dAccouplements NM\u201d image=\"https:\/\/fmp-components.com\/wp-content\/uploads\/2024\/12\/NM-Couplings.webp\" alt=\"Accouplements NM\" _builder_version=\"4.27.4\" _module_preset=\"default\" header_font=\"\u2013et_global_heading_font|500|||||||\" header_text_align=\u201dcenter\u201d hover_enabled=\u201d0\u2033 global_colors_info=\u201d{}\u201d url=\u201dhttps:\/\/fmp-components.com\/en\/product\/nm-couplings\u201d sticky_enabled=\u201d0\u2033][\/et_pb_blurb][\/et_pb_column][et_pb_column type=\u201d1_3\u2033 _builder_version=\u201d4.27.4\u2033 _module_preset=\u201ddefault\u201d global_colors_info=\u201d{}\u201d][et_pb_blurb title=\u201dAccouplements d\u2019espacement\u201d image=\u201dhttps:\/\/fmp-components.com\/wp-content\/uploads\/2024\/12\/Spacer-Couplings.webp\u201d alt=\u201dAccouplements d\u2019espacement\u201d _builder_version=\u201d4.27.4\u2033 _module_preset=\"default\" header_font=\"\u2013et_global_heading_font|500|||||||\" header_text_align=\u201dcenter\u201d hover_enabled=\u201d0\u2033 global_colors_info=\u201d{}\u201d url=\u201dhttps:\/\/fmp-components.com\/en\/product\/spacer-couplings\u201d sticky_enabled=\u201d0\u2033][\/et_pb_blurb][\/et_pb_column][et_pb_column type=\u201d1_3\u2033 _builder_version=\u201d4.27.4\u2033 _module_preset=\u201ddefault\u201d global_colors_info=\u201d{}\u201d][et_pb_blurb title=\u201dAccouplements \u00e0 m\u00e2choires\u201d image=\u201dhttps:\/\/fmp-components.com\/wp-content\/uploads\/2024\/12\/Jaw-Couplings.webp\u201d alt=\u201dAccouplements \u00e0 m\u00e2choires\u201d _builder_version=\u201d4.27.4\u2033 _module_preset=\u201ddefault\u201d header_font=\"\u2013et_global_heading_font|500|||||||\" header_text_align=\u201dcenter\u201d hover_enabled=\u201d0\u2033 global_colors_info=\u201d{}\u201d url=\u201dhttps:\/\/fmp-components.com\/en\/product\/jaw-couplings\u201d sticky_enabled=\u201d0\u2033][\/et_pb_blurb][\/et_pb_column][\/et_pb_row][et_pb_row column_structure=\u201d1_3,1_3,1_3\u2033 _builder_version=\u201d4.27.4\u2033 _module_preset=\u201ddefault\u201d global_colors_info=\u201d{}\u201d][et_pb_column type=\u201d1_3\u2033 _builder_version=\u201d4.27.4\u2033 _module_preset=\u201ddefault\u201d global_colors_info=\u201d{}\u201d][et_pb_blurb title=\u201dAccouplements d\u2019engrenages\u201d image=\"https:\/\/fmp-components.com\/wp-content\/uploads\/2024\/12\/gear-coupling.webp\" alt=\"Accouplements d'engrenages\" _builder_version=\"4.27.4\" _module_preset=\"default\" header_font=\"\u2013et_global_heading_font|500|||||||\" header_text_align=\"center\" hover_enabled=\"0\" global_colors_info=\"{}\" url=\"https:\/\/fmp-components.com\/en\/product\/gicl-series-gear-couplings\" sticky_enabled=\"0\"][\/et_pb_blurb][\/et_pb_column][et_pb_column type=\"1_3\" _builder_version=\"4.27.4\" _module_preset=\"default\" global_colors_info=\"{}\"][\/et_pb_column][et_pb_column type=\"1_3\" _builder_version=\"4.27.4\" _module_preset=\"default\" global_colors_info=\"{}\"][\/et_pb_column][\/et_pb_row][\/et_pb_section]<\/p>","protected":false},"excerpt":{"rendered":"<p>Un accouplement est un dispositif m\u00e9canique permettant de relier deux arbres afin de transmettre de la puissance tout en tol\u00e9rant certains d\u00e9fauts d'alignement et mouvements. Les accouplements sont essentiels dans de nombreuses applications, notamment les moteurs, les pompes et les machines industrielles, car ils contribuent \u00e0 r\u00e9duire les vibrations, \u00e0 compenser les d\u00e9fauts d'alignement et \u00e0 apporter de la flexibilit\u00e9 au syst\u00e8me. Chez FMP, nous proposons [\u2026]<\/p>","protected":false},"author":2,"featured_media":0,"parent":0,"menu_order":0,"comment_status":"closed","ping_status":"closed","template":"","meta":{"_et_pb_use_builder":"on","_et_pb_old_content":"","_et_gb_content_width":"","footnotes":""},"class_list":["post-1265","page","type-page","status-publish","hentry"],"_links":{"self":[{"href":"https:\/\/fmp-components.com\/fr\/wp-json\/wp\/v2\/pages\/1265","targetHints":{"allow":["GET"]}}],"collection":[{"href":"https:\/\/fmp-components.com\/fr\/wp-json\/wp\/v2\/pages"}],"about":[{"href":"https:\/\/fmp-components.com\/fr\/wp-json\/wp\/v2\/types\/page"}],"author":[{"embeddable":true,"href":"https:\/\/fmp-components.com\/fr\/wp-json\/wp\/v2\/users\/2"}],"replies":[{"embeddable":true,"href":"https:\/\/fmp-components.com\/fr\/wp-json\/wp\/v2\/comments?post=1265"}],"version-history":[{"count":6,"href":"https:\/\/fmp-components.com\/fr\/wp-json\/wp\/v2\/pages\/1265\/revisions"}],"predecessor-version":[{"id":6439,"href":"https:\/\/fmp-components.com\/fr\/wp-json\/wp\/v2\/pages\/1265\/revisions\/6439"}],"wp:attachment":[{"href":"https:\/\/fmp-components.com\/fr\/wp-json\/wp\/v2\/media?parent=1265"}],"curies":[{"name":"wp","href":"https:\/\/api.w.org\/{rel}","templated":true}]}}