{"id":1162,"date":"2024-12-20T01:38:48","date_gmt":"2024-12-20T01:38:48","guid":{"rendered":"https:\/\/fmp-components.com\/?page_id=8"},"modified":"2025-07-22T03:14:30","modified_gmt":"2025-07-22T03:14:30","slug":"planetary-gearbox","status":"publish","type":"page","link":"https:\/\/fmp-components.com\/fr\/planetary-gearbox\/","title":{"rendered":"R\u00e9ducteur plan\u00e9taire"},"content":{"rendered":"<p>[et_pb_section fb_built=&#8221;1&#8243; _builder_version=&#8221;4.27.4&#8243; _module_preset=&#8221;default&#8221; use_background_color_gradient=&#8221;on&#8221; background_color_gradient_stops=&#8221;rgba(4,40,4,0.07) 0%|rgba(8,40,9,0.33) 100%&#8221; background_color_gradient_overlays_image=&#8221;on&#8221; background_image=&#8221;https:\/\/fmp-components.com\/wp-content\/uploads\/2024\/12\/planetary-gearbox-banner.webp&#8221; min_height=&#8221;509px&#8221; global_colors_info=&#8221;{}&#8221;][et_pb_row _builder_version=&#8221;4.27.4&#8243; _module_preset=&#8221;default&#8221; global_colors_info=&#8221;{}&#8221;][et_pb_column type=&#8221;4_4&#8243; _builder_version=&#8221;4.27.4&#8243; _module_preset=&#8221;default&#8221; global_colors_info=&#8221;{}&#8221;][et_pb_text _builder_version=&#8221;4.27.4&#8243; _module_preset=&#8221;default&#8221; header_font=&#8221;Frank Ruhl Libre|500|||||||&#8221; header_text_align=&#8221;center&#8221; header_text_color=&#8221;#FFFFFF&#8221; header_font_size=&#8221;65px&#8221; header_text_shadow_style=&#8221;preset1&#8243; global_colors_info=&#8221;{}&#8221;]<\/p>\n<h1>R\u00e9ducteur plan\u00e9taire<\/h1>\n<p>[\/et_pb_text][\/et_pb_column][\/et_pb_row][et_pb_row _builder_version=\u201d4.27.4\u2033 _module_preset=\u201ddefault\u201d global_colors_info=\u201d{}\u201d][et_pb_column type=\u201d4_4\u2033 _builder_version=\u201d4.27.4\u2033 _module_preset=\u201ddefault\u201d global_colors_info=\u201d{}\u201d][et_pb_text _builder_version=\u201d4.27.4\u2033 _module_preset=\u201ddefault\u201d text_text_color=\u201d#FFFFFF\u201d text_font_size=\u201d16px\u201d text_line_height=\u201d1.8em\u201d text_text_shadow_style=\u201dpreset1\u2033 global_colors_info=\u201d{}\u201d]<\/p>\n<p>Un r\u00e9ducteur plan\u00e9taire est compos\u00e9 d&#039;un plan\u00e9taire central, de plusieurs satellites et d&#039;une couronne ext\u00e9rieure, offrant une densit\u00e9 de couple \u00e9lev\u00e9e et une conception compacte. Cette configuration le rend id\u00e9al pour les applications n\u00e9cessitant une r\u00e9duction pr\u00e9cise de la vitesse et une augmentation du couple, couramment utilis\u00e9es en robotique, dans l&#039;automobile et les machines industrielles.<\/p>\n<p>Chez FMP, nous proposons une large gamme de r\u00e9ducteurs plan\u00e9taires et acceptons les commandes personnalis\u00e9es pour r\u00e9pondre \u00e0 vos besoins sp\u00e9cifiques. Que vous ayez besoin de solutions standard ou sp\u00e9cialis\u00e9es, FMP s&#039;engage \u00e0 vous fournir des r\u00e9ducteurs de haute qualit\u00e9, adapt\u00e9s \u00e0 vos besoins.<\/p>\n<p>[\/et_pb_text][\/et_pb_column][\/et_pb_row][\/et_pb_section][et_pb_section fb_built=&#8221;1&#8243; _builder_version=&#8221;4.27.4&#8243; _module_preset=&#8221;default&#8221; custom_padding=&#8221;||5px|||&#8221; global_colors_info=&#8221;{}&#8221;][et_pb_row _builder_version=&#8221;4.27.4&#8243; _module_preset=&#8221;default&#8221; global_colors_info=&#8221;{}&#8221;][et_pb_column type=&#8221;4_4&#8243; _builder_version=&#8221;4.27.4&#8243; _module_preset=&#8221;default&#8221; global_colors_info=&#8221;{}&#8221;][et_pb_text _builder_version=&#8221;4.27.4&#8243; _module_preset=&#8221;default&#8221; header_2_font=&#8221;Frank Ruhl Libre||||||||&#8221; header_2_text_align=&#8221;center&#8221; header_2_font_size=&#8221;40px&#8221; global_colors_info=&#8221;{}&#8221;]<\/p>\n<h2>R\u00e9ducteur plan\u00e9taire<\/h2>\n<p>[\/et_pb_text][\/et_pb_column][\/et_pb_row][et_pb_row column_structure=&#8221;1_3,1_3,1_3&#8243; _builder_version=&#8221;4.27.4&#8243; _module_preset=&#8221;default&#8221; global_colors_info=&#8221;{}&#8221;][et_pb_column type=&#8221;1_3&#8243; _builder_version=&#8221;4.27.4&#8243; _module_preset=&#8221;default&#8221; global_colors_info=&#8221;{}&#8221;][et_pb_image src=&#8221;https:\/\/fmp-components.com\/wp-content\/uploads\/2025\/01\/Track-Drive.webp&#8221; alt=&#8221;Track-Drive&#8221; title_text=&#8221;Track-Drive&#8221; _builder_version=&#8221;4.27.4&#8243; _module_preset=&#8221;default&#8221; global_colors_info=&#8221;{}&#8221;][\/et_pb_image][et_pb_toggle title=&#8221;Track Drive&#8221; _builder_version=&#8221;4.27.4&#8243; _module_preset=&#8221;default&#8221; global_colors_info=&#8221;{}&#8221;]<\/p>\n<ul>\n<li><a href=\"https:\/\/fmp-components.com\/fr\/product\/wheel-drive-planetary-gearbox-reducer-for-access-plateform\/\">R\u00e9ducteur plan\u00e9taire pour plateforme d&#039;acc\u00e8s<\/a><\/li>\n<li><a href=\"https:\/\/fmp-components.com\/fr\/product\/wheel-drive-planetary-gearbox-reducer-for-rough-terrain-scissor-lift3679\/\">R\u00e9ducteur plan\u00e9taire pour terrain accident\u00e9 <\/a><a href=\"https:\/\/fmp-components.com\/fr\/product\/wheel-drive-planetary-gearbox-reducer-for-road-reclaimers-and-grades\/\">Ciseaux<\/a><\/li>\n<li><a href=\"https:\/\/fmp-components.com\/fr\/product\/wheel-drive-planetary-gearbox-reducer-for-road-reclaimers-and-grades\/\">R\u00e9ducteur plan\u00e9taire pour r\u00e9cup\u00e9rateurs de chauss\u00e9es et niveleuses<\/a><\/li>\n<li><a href=\"https:\/\/fmp-components.com\/fr\/product\/wheel-drive-planetary-gearbox-reducer-for-land-clearing-stone-crusher\/\">R\u00e9ducteur plan\u00e9taire pour concasseur de pierres de d\u00e9frichement<\/a><\/li>\n<li><a href=\"https:\/\/fmp-components.com\/fr\/product\/wheel-drive-planetary-gearbox-reducer-for-cranes\/\">R\u00e9ducteur plan\u00e9taire pour grues<\/a><\/li>\n<\/ul>\n<p>[\/et_pb_toggle][\/et_pb_column][et_pb_column type=&#8221;1_3&#8243; _builder_version=&#8221;4.27.4&#8243; _module_preset=&#8221;default&#8221; global_colors_info=&#8221;{}&#8221;][et_pb_image src=&#8221;https:\/\/fmp-components.com\/wp-content\/uploads\/2024\/12\/Winch-Drive.webp&#8221; alt=&#8221;Winch Drive&#8221; title_text=&#8221;Winch Drive&#8221; _builder_version=&#8221;4.27.4&#8243; _module_preset=&#8221;default&#8221; global_colors_info=&#8221;{}&#8221;][\/et_pb_image][et_pb_toggle title=&#8221;Winch Drive&#8221; _builder_version=&#8221;4.27.4&#8243; _module_preset=&#8221;default&#8221; global_colors_info=&#8221;{}&#8221;]<\/p>\n<ul>\n<li>R\u00e9ducteur plan\u00e9taire pour guindeau<\/li>\n<li>R\u00e9ducteur plan\u00e9taire pour treuil de remorque<\/li>\n<li>R\u00e9ducteur plan\u00e9taire pour navire de construction offshore<\/li>\n<li>R\u00e9ducteur plan\u00e9taire pour plateforme offshore<\/li>\n<li>R\u00e9ducteur plan\u00e9taire pour appareils de forage<\/li>\n<li>R\u00e9ducteur plan\u00e9taire pour treuil forestier et forestier<\/li>\n<li>R\u00e9ducteur plan\u00e9taire pour entrep\u00f4ts 3D<\/li>\n<li>R\u00e9ducteur plan\u00e9taire pour \u00e9quipement de levage minier<\/li>\n<li>R\u00e9ducteur plan\u00e9taire pour ascenseur<\/li>\n<li>R\u00e9ducteur plan\u00e9taire pour poseurs de canalisations<\/li>\n<li>R\u00e9ducteur plan\u00e9taire pour grue mont\u00e9e sur camion<\/li>\n<li>R\u00e9ducteur plan\u00e9taire pour convoyeur \u00e0 godets<\/li>\n<li>R\u00e9ducteur plan\u00e9taire pour l&#039;ouverture de la porte du four<\/li>\n<li>R\u00e9ducteur plan\u00e9taire pour treuils d&#039;incendie et de sauvetage<\/li>\n<\/ul>\n<p>[\/et_pb_toggle][\/et_pb_column][et_pb_column type=&#8221;1_3&#8243; _builder_version=&#8221;4.27.4&#8243; _module_preset=&#8221;default&#8221; global_colors_info=&#8221;{}&#8221;][et_pb_image src=&#8221;https:\/\/fmp-components.com\/wp-content\/uploads\/2024\/12\/Wheel-Drive.webp&#8221; alt=&#8221;Wheel Drive&#8221; title_text=&#8221;Wheel Drive&#8221; _builder_version=&#8221;4.27.4&#8243; _module_preset=&#8221;default&#8221; global_colors_info=&#8221;{}&#8221;][\/et_pb_image][et_pb_toggle title=&#8221;Wheel Drive&#8221; _builder_version=&#8221;4.27.4&#8243; _module_preset=&#8221;default&#8221; global_colors_info=&#8221;{}&#8221;]<\/p>\n<ul>\n<li>R\u00e9ducteur plan\u00e9taire pour r\u00e9colteuse de pommes<\/li>\n<li>R\u00e9ducteur plan\u00e9taire pour ensileuse<\/li>\n<li>R\u00e9ducteur plan\u00e9taire pour arracheuse de pommes de terre<\/li>\n<li>R\u00e9ducteur plan\u00e9taire pour machine \u00e0 vendanger<\/li>\n<li>R\u00e9ducteur plan\u00e9taire pour r\u00e9colteuse de sucre<\/li>\n<li>R\u00e9ducteur plan\u00e9taire pour m\u00e9langeur d&#039;aliments<\/li>\n<li>R\u00e9ducteur plan\u00e9taire pour terre<br \/>Concasseur \u00e0 pierre de d\u00e9blaiement<\/li>\n<li>R\u00e9ducteur plan\u00e9taire pour irrigation \u00e0 mouvement lin\u00e9aire<\/li>\n<li>R\u00e9ducteur plan\u00e9taire pour semoir<\/li>\n<li>R\u00e9ducteur plan\u00e9taire pour engrais<\/li>\n<li>R\u00e9ducteur plan\u00e9taire pour plateforme d&#039;acc\u00e8s<\/li>\n<li>R\u00e9ducteur plan\u00e9taire pour \u00e9l\u00e9vateur \u00e0 ciseaux tout-terrain<\/li>\n<li>R\u00e9ducteur plan\u00e9taire pour r\u00e9cup\u00e9rateurs de chauss\u00e9es et niveleuses<\/li>\n<li>R\u00e9ducteur plan\u00e9taire pour bulldozer<\/li>\n<li>R\u00e9ducteur plan\u00e9taire pour grues<\/li>\n<li>R\u00e9ducteur plan\u00e9taire pour camions malaxeurs \u00e0 b\u00e9ton<\/li>\n<li>R\u00e9ducteur plan\u00e9taire pour niveleuses<\/li>\n<li>R\u00e9ducteur plan\u00e9taire pour rouleaux<\/li>\n<li>R\u00e9ducteur plan\u00e9taire pour chargeuses<\/li>\n<li>R\u00e9ducteur plan\u00e9taire pour excavatrices<\/li>\n<li>R\u00e9ducteur plan\u00e9taire pour jumbos de forage souterrain<\/li>\n<li>R\u00e9ducteur plan\u00e9taire pour chargeuses souterraines\/chargeuses \u00e0 direction \u00e0 glissement<\/li>\n<li>R\u00e9ducteur plan\u00e9taire pour installations mobiles de concassage et de criblage<\/li>\n<li>R\u00e9ducteur plan\u00e9taire pour camions miniers<\/li>\n<li>R\u00e9ducteur plan\u00e9taire pour chariots \u00e9l\u00e9vateurs<\/li>\n<li>R\u00e9ducteur plan\u00e9taire pour grues \u00e0 conteneurs<\/li>\n<li>R\u00e9ducteur plan\u00e9taire pour v\u00e9hicules \u00e0 guidage automatique (AGV)<\/li>\n<li>R\u00e9ducteur plan\u00e9taire pour Reach Stackers<\/li>\n<li>R\u00e9ducteur plan\u00e9taire pour grue \u00e0 portique sur pneus, RTG<\/li>\n<\/ul>\n<p>[\/et_pb_toggle][\/et_pb_column][\/et_pb_row][et_pb_row column_structure=&#8221;1_3,1_3,1_3&#8243; _builder_version=&#8221;4.27.4&#8243; _module_preset=&#8221;default&#8221; global_colors_info=&#8221;{}&#8221;][et_pb_column type=&#8221;1_3&#8243; _builder_version=&#8221;4.27.4&#8243; _module_preset=&#8221;default&#8221; global_colors_info=&#8221;{}&#8221;][et_pb_image src=&#8221;https:\/\/fmp-components.com\/wp-content\/uploads\/2024\/12\/Slewing-Drive.webp&#8221; alt=&#8221;Slewing Drive&#8221; title_text=&#8221;Slewing Drive&#8221; _builder_version=&#8221;4.27.4&#8243; _module_preset=&#8221;default&#8221; global_colors_info=&#8221;{}&#8221;][\/et_pb_image][et_pb_toggle title=&#8221;Slewing Drive&#8221; _builder_version=&#8221;4.27.4&#8243; _module_preset=&#8221;default&#8221; global_colors_info=&#8221;{}&#8221;]<\/p>\n<ul>\n<li>R\u00e9ducteur plan\u00e9taire pour \u00e9olienne<\/li>\n<li>R\u00e9ducteur plan\u00e9taire pour syst\u00e8me de suivi solaire<\/li>\n<li>R\u00e9ducteur plan\u00e9taire pour pompe \u00e0 b\u00e9ton mont\u00e9e sur camion<\/li>\n<li>R\u00e9ducteur plan\u00e9taire pour v\u00e9hicules de travail a\u00e9rien<\/li>\n<li>R\u00e9ducteur plan\u00e9taire pour plates-formes de forage offshore<\/li>\n<li>R\u00e9ducteur plan\u00e9taire pour antenne radar<\/li>\n<li>R\u00e9ducteur plan\u00e9taire pour t\u00eate de coupe TBM<\/li>\n<li>R\u00e9ducteur plan\u00e9taire pour excavatrices<\/li>\n<li>R\u00e9ducteur plan\u00e9taire pour grue \u00e0 tour<\/li>\n<li>R\u00e9ducteur plan\u00e9taire pour grue \u00e0 conteneurs portuaire<\/li>\n<li>R\u00e9ducteur plan\u00e9taire pour grue sur chenilles<\/li>\n<li>R\u00e9ducteur plan\u00e9taire pour grue mont\u00e9e sur camion<\/li>\n<li>R\u00e9ducteur plan\u00e9taire pour grue tout-terrain<\/li>\n<\/ul>\n<p>[\/et_pb_toggle][\/et_pb_column][et_pb_column type=&#8221;1_3&#8243; _builder_version=&#8221;4.27.4&#8243; _module_preset=&#8221;default&#8221; global_colors_info=&#8221;{}&#8221;][et_pb_image src=&#8221;https:\/\/fmp-components.com\/wp-content\/uploads\/2024\/12\/Swing-Gearbox.webp&#8221; alt=&#8221;Swing Gearbox&#8221; title_text=&#8221;Swing Gearbox&#8221; _builder_version=&#8221;4.27.4&#8243; _module_preset=&#8221;default&#8221; global_colors_info=&#8221;{}&#8221;][\/et_pb_image][et_pb_toggle title=&#8221;Swing Gearbox&#8221; _builder_version=&#8221;4.27.4&#8243; _module_preset=&#8221;default&#8221; global_colors_info=&#8221;{}&#8221;]<\/p>\n<ul>\n<li>R\u00e9ducteur plan\u00e9taire pour <span>Kobelco SK350-8<\/span><\/li>\n<li>R\u00e9ducteur plan\u00e9taire pour excavatrice Yuchai YC60-7<\/li>\n<li>R\u00e9ducteur plan\u00e9taire pour r\u00e9cup\u00e9rateurs de chauss\u00e9es et niveleuses<\/li>\n<li>R\u00e9ducteur plan\u00e9taire pour pelle Hitachi ZX70<\/li>\n<li>R\u00e9ducteur plan\u00e9taire pour pelle CASE CX130<\/li>\n<li>R\u00e9ducteur plan\u00e9taire pour excavatrice <span>DX380<\/span><\/li>\n<li>R\u00e9ducteur plan\u00e9taire pour excavatrice Caterpillar E307B<\/li>\n<li>R\u00e9ducteur plan\u00e9taire pour excavatrice Caterpillar E336D<\/li>\n<li>R\u00e9ducteur plan\u00e9taire pour excavatrice <span>EC360<\/span><\/li>\n<li>R\u00e9ducteur plan\u00e9taire pour pelle Volvo EC460<\/li>\n<li>R\u00e9ducteur plan\u00e9taire pour excavatrice <span>EC700<\/span><\/li>\n<li>R\u00e9ducteur plan\u00e9taire pour pelle Volvo EC360<\/li>\n<li>R\u00e9ducteur plan\u00e9taire pour pelle Volvo EC460<\/li>\n<li>R\u00e9ducteur plan\u00e9taire pour excavatrice <span>EC700<\/span><\/li>\n<li>R\u00e9ducteur plan\u00e9taire pour pelle Komatsu PC40<\/li>\n<li>R\u00e9ducteur plan\u00e9taire pour pelle Komatsu PC56-7<\/li>\n<li>R\u00e9ducteur plan\u00e9taire pour pelle Komatsu PC300-7<\/li>\n<li>R\u00e9ducteur plan\u00e9taire pour pelle Komatsu PC400-7<\/li>\n<li>R\u00e9ducteur plan\u00e9taire pour excavatrice Kobelco SK60-6<\/li>\n<li>R\u00e9ducteur plan\u00e9taire pour excavatrice Kobelco SK135<\/li>\n<li>R\u00e9ducteur plan\u00e9taire pour excavatrice Kobelco SK200-8<\/li>\n<li>R\u00e9ducteur plan\u00e9taire pour pelle Daewoo DH300-7<\/li>\n<\/ul>\n<p>[\/et_pb_toggle][\/et_pb_column][et_pb_column type=&#8221;1_3&#8243; _builder_version=&#8221;4.27.4&#8243; _module_preset=&#8221;default&#8221; global_colors_info=&#8221;{}&#8221;][et_pb_image src=&#8221;https:\/\/fmp-components.com\/wp-content\/uploads\/2024\/12\/In-line-Planetary-Gearbox.webp&#8221; alt=&#8221;In-line Planetary Gearbox&#8221; title_text=&#8221;In-line Planetary Gearbox&#8221; _builder_version=&#8221;4.27.4&#8243; _module_preset=&#8221;default&#8221; global_colors_info=&#8221;{}&#8221;][\/et_pb_image][et_pb_toggle title=&#8221;In-line Planetary Gearbox&#8221; _builder_version=&#8221;4.27.4&#8243; _module_preset=&#8221;default&#8221; global_colors_info=&#8221;{}&#8221;]<\/p>\n<ul>\n<li>R\u00e9ducteur plan\u00e9taire industriel s\u00e9rie S<\/li>\n<li>R\u00e9ducteur plan\u00e9taire s\u00e9rie E<\/li>\n<li>R\u00e9ducteur plan\u00e9taire s\u00e9rie 311<\/li>\n<li>R\u00e9ducteur plan\u00e9taire s\u00e9rie 310<\/li>\n<li>R\u00e9ducteur plan\u00e9taire s\u00e9rie 306<\/li>\n<li>R\u00e9ducteur plan\u00e9taire s\u00e9rie 301<\/li>\n<\/ul>\n<p>[\/et_pb_toggle][\/et_pb_column][\/et_pb_row][et_pb_row column_structure=&#8221;1_3,1_3,1_3&#8243; _builder_version=&#8221;4.27.4&#8243; _module_preset=&#8221;default&#8221; global_colors_info=&#8221;{}&#8221;][et_pb_column type=&#8221;1_3&#8243; _builder_version=&#8221;4.27.4&#8243; _module_preset=&#8221;default&#8221; global_colors_info=&#8221;{}&#8221;][et_pb_image src=&#8221;https:\/\/fmp-components.com\/wp-content\/uploads\/2024\/12\/Right-Angle-Planetary-Gearbox.webp&#8221; alt=&#8221;Right Angle Planetary Gearbox&#8221; title_text=&#8221;Right Angle Planetary Gearbox&#8221; _builder_version=&#8221;4.27.4&#8243; _module_preset=&#8221;default&#8221; global_colors_info=&#8221;{}&#8221;][\/et_pb_image][et_pb_toggle title=&#8221;Right Angle Planetary Gearbox&#8221; _builder_version=&#8221;4.27.4&#8243; _module_preset=&#8221;default&#8221; global_colors_info=&#8221;{}&#8221;]<\/p>\n<ul>\n<li>R\u00e9ducteur plan\u00e9taire s\u00e9rie 307<\/li>\n<\/ul>\n<p>[\/et_pb_toggle][\/et_pb_column][et_pb_column type=&#8221;1_3&#8243; _builder_version=&#8221;4.27.4&#8243; _module_preset=&#8221;default&#8221; global_colors_info=&#8221;{}&#8221;][et_pb_image src=&#8221;https:\/\/fmp-components.com\/wp-content\/uploads\/2024\/12\/Planetary-Gearbox-for-Feed-Mixer.webp&#8221; alt=&#8221;Planetary Gearbox for Feed Mixer&#8221; title_text=&#8221;Planetary Gearbox for Feed Mixer&#8221; _builder_version=&#8221;4.27.4&#8243; _module_preset=&#8221;default&#8221; global_colors_info=&#8221;{}&#8221;][\/et_pb_image][et_pb_toggle title=&#8221;Planetary Gearbox for Feed Mixer&#8221; _builder_version=&#8221;4.27.4&#8243; _module_preset=&#8221;default&#8221; global_colors_info=&#8221;{}&#8221;]<\/p>\n<ul>\n<li>R\u00e9ducteur de m\u00e9langeur d&#039;aliments C3A, 1:1, 1,8:1<\/li>\n<li>Bo\u00eete de vitesses C-3A pour m\u00e9langeurs d&#039;aliments<\/li>\n<li>M\u00e9langeurs d&#039;aliments pour animaux, bo\u00eete de vitesses D-732A 1:1\/1,41:1<\/li>\n<li>R\u00e9ducteur de m\u00e9langeur horizontal D732A 1:1\/1,93:1<\/li>\n<li>R\u00e9ducteur de m\u00e9langeur horizontal C3A 1:1<\/li>\n<li>Bo\u00eete de vitesses pour m\u00e9langeur TMR EP RMG<\/li>\n<li>Bo\u00eete de vitesses pour m\u00e9langeur d&#039;aliments PGA-1202VM<\/li>\n<li>Bo\u00eete de vitesses pour m\u00e9langeurs d&#039;aliments PGA-1602<\/li>\n<li>Bo\u00eete de vitesses pour m\u00e9langeur vertical PGA1202VM<\/li>\n<li>Bo\u00eete de vitesses pour m\u00e9langeur vertical PGA1602VM<\/li>\n<\/ul>\n<p>[\/et_pb_toggle][\/et_pb_column][et_pb_column type=&#8221;1_3&#8243; _builder_version=&#8221;4.27.4&#8243; _module_preset=&#8221;default&#8221; global_colors_info=&#8221;{}&#8221;][et_pb_image src=&#8221;https:\/\/fmp-components.com\/wp-content\/uploads\/2024\/12\/Planetary-Gearbox-for-Wind-Turbine.webp&#8221; alt=&#8221;Planetary Gearbox for Wind Turbine&#8221; title_text=&#8221;Planetary Gearbox for Wind Turbine&#8221; _builder_version=&#8221;4.27.4&#8243; _module_preset=&#8221;default&#8221; global_colors_info=&#8221;{}&#8221;][\/et_pb_image][et_pb_toggle title=&#8221;Planetary Gearbox for Wind Turbine&#8221; _builder_version=&#8221;4.27.4&#8243; _module_preset=&#8221;default&#8221; global_colors_info=&#8221;{}&#8221;]<\/p>\n<ul>\n<li>R\u00e9ducteur plan\u00e9taire \u00e0 entra\u00eenement rotatif mobile s\u00e9rie SD<\/li>\n<li>S\u00e9rie NB <span>Bo\u00eete de vitesses d&#039;entra\u00eenement en lacet<\/span><\/li>\n<\/ul>\n<p>[\/et_pb_toggle][\/et_pb_column][\/et_pb_row][\/et_pb_section][et_pb_section fb_built=&#8221;1&#8243; _builder_version=&#8221;4.27.4&#8243; _module_preset=&#8221;default&#8221; global_colors_info=&#8221;{}&#8221;][et_pb_row _builder_version=&#8221;4.27.4&#8243; _module_preset=&#8221;default&#8221; global_colors_info=&#8221;{}&#8221;][et_pb_column type=&#8221;4_4&#8243; _builder_version=&#8221;4.27.4&#8243; _module_preset=&#8221;default&#8221; global_colors_info=&#8221;{}&#8221;][et_pb_text _builder_version=&#8221;4.27.4&#8243; _module_preset=&#8221;default&#8221; header_2_font=&#8221;Frank Ruhl Libre||||||||&#8221; header_2_font_size=&#8221;38px&#8221; global_colors_info=&#8221;{}&#8221;]<\/p>\n<h2 style=\"text-align: center;\">Produits connexes \u2013 Engrenage plan\u00e9taire<\/h2>\n<p>[\/et_pb_text][\/et_pb_column][\/et_pb_row][et_pb_row column_structure=&#8221;1_4,1_4,1_4,1_4&#8243; _builder_version=&#8221;4.27.4&#8243; _module_preset=&#8221;default&#8221; global_colors_info=&#8221;{}&#8221;][et_pb_column type=&#8221;1_4&#8243; _builder_version=&#8221;4.27.4&#8243; _module_preset=&#8221;default&#8221; global_colors_info=&#8221;{}&#8221;][et_pb_blurb title=&#8221;Planetary Gear Sets&#8221; url=&#8221;https:\/\/fmp-components.com\/en\/product\/planetary-gear-sets&#8221; url_new_window=&#8221;on&#8221; image=&#8221;https:\/\/fmp-components.com\/wp-content\/uploads\/2025\/01\/Planetary-Gear-set.webp&#8221; alt=&#8221;Planetary Gear set&#8221; _builder_version=&#8221;4.27.4&#8243; _module_preset=&#8221;default&#8221; header_level=&#8221;h3&#8243; header_font=&#8221;Frank Ruhl Libre||||||||&#8221; header_text_align=&#8221;center&#8221; header_font_size=&#8221;20px&#8221; global_colors_info=&#8221;{}&#8221;][\/et_pb_blurb][\/et_pb_column][et_pb_column type=&#8221;1_4&#8243; _builder_version=&#8221;4.27.4&#8243; _module_preset=&#8221;default&#8221; global_colors_info=&#8221;{}&#8221;][et_pb_blurb title=&#8221;Internal Planetary Gear&#8221; url=&#8221;https:\/\/fmp-components.com\/en\/product\/internal-planetary-gear&#8221; url_new_window=&#8221;on&#8221; image=&#8221;https:\/\/fmp-components.com\/wp-content\/uploads\/2025\/01\/Internal-Planetary-Gear.webp&#8221; alt=&#8221;Internal Planetary Gear&#8221; _builder_version=&#8221;4.27.4&#8243; _module_preset=&#8221;default&#8221; header_level=&#8221;h3&#8243; header_font=&#8221;Frank Ruhl Libre||||||||&#8221; header_text_align=&#8221;center&#8221; header_font_size=&#8221;20px&#8221; global_colors_info=&#8221;{}&#8221;][\/et_pb_blurb][\/et_pb_column][et_pb_column type=&#8221;1_4&#8243; _builder_version=&#8221;4.27.4&#8243; _module_preset=&#8221;default&#8221; global_colors_info=&#8221;{}&#8221;][et_pb_blurb title=&#8221;Internal Planetary Gear Kit&#8221; url=&#8221;https:\/\/fmp-components.com\/en\/product\/internal-planetary-gear-kit&#8221; url_new_window=&#8221;on&#8221; image=&#8221;https:\/\/fmp-components.com\/wp-content\/uploads\/2025\/01\/Internal-Planetary-Gear-Kit.webp&#8221; alt=&#8221;Internal Planetary Gear Kit&#8221; _builder_version=&#8221;4.27.4&#8243; _module_preset=&#8221;default&#8221; header_level=&#8221;h3&#8243; header_font=&#8221;Frank Ruhl Libre||||||||&#8221; header_text_align=&#8221;center&#8221; header_font_size=&#8221;20px&#8221; global_colors_info=&#8221;{}&#8221;][\/et_pb_blurb][\/et_pb_column][et_pb_column type=&#8221;1_4&#8243; _builder_version=&#8221;4.27.4&#8243; _module_preset=&#8221;default&#8221; global_colors_info=&#8221;{}&#8221;][et_pb_blurb title=&#8221;Planetary Ring Gear&#8221; url=&#8221;https:\/\/fmp-components.com\/en\/product\/planetary-ring-gear&#8221; url_new_window=&#8221;on&#8221; image=&#8221;https:\/\/fmp-components.com\/wp-content\/uploads\/2025\/01\/Planetary-Ring-Gear.webp&#8221; alt=&#8221;Planetary Ring Gear&#8221; _builder_version=&#8221;4.27.4&#8243; _module_preset=&#8221;default&#8221; header_level=&#8221;h3&#8243; header_font=&#8221;Frank Ruhl Libre||||||||&#8221; header_text_align=&#8221;center&#8221; header_font_size=&#8221;20px&#8221; global_colors_info=&#8221;{}&#8221;][\/et_pb_blurb][\/et_pb_column][\/et_pb_row][\/et_pb_section]<\/p>","protected":false},"excerpt":{"rendered":"<p>Planetary GearboxA planetary gearbox consists of a central sun gear, multiple planet gears, and an outer ring gear, offering high torque density and compact design. This configuration makes it ideal for applications needing precise speed reduction and increased torque, commonly used in robotics, automotive, and industrial machinery. At FMP, we provide a wide range of [&hellip;]<\/p>","protected":false},"author":2,"featured_media":0,"parent":0,"menu_order":0,"comment_status":"closed","ping_status":"closed","template":"","meta":{"_et_pb_use_builder":"on","_et_pb_old_content":"","_et_gb_content_width":"","footnotes":""},"class_list":["post-1162","page","type-page","status-publish","hentry"],"_links":{"self":[{"href":"https:\/\/fmp-components.com\/fr\/wp-json\/wp\/v2\/pages\/1162","targetHints":{"allow":["GET"]}}],"collection":[{"href":"https:\/\/fmp-components.com\/fr\/wp-json\/wp\/v2\/pages"}],"about":[{"href":"https:\/\/fmp-components.com\/fr\/wp-json\/wp\/v2\/types\/page"}],"author":[{"embeddable":true,"href":"https:\/\/fmp-components.com\/fr\/wp-json\/wp\/v2\/users\/2"}],"replies":[{"embeddable":true,"href":"https:\/\/fmp-components.com\/fr\/wp-json\/wp\/v2\/comments?post=1162"}],"version-history":[{"count":30,"href":"https:\/\/fmp-components.com\/fr\/wp-json\/wp\/v2\/pages\/1162\/revisions"}],"predecessor-version":[{"id":8188,"href":"https:\/\/fmp-components.com\/fr\/wp-json\/wp\/v2\/pages\/1162\/revisions\/8188"}],"wp:attachment":[{"href":"https:\/\/fmp-components.com\/fr\/wp-json\/wp\/v2\/media?parent=1162"}],"curies":[{"name":"wp","href":"https:\/\/api.w.org\/{rel}","templated":true}]}}