{"id":965,"date":"2024-12-19T03:40:23","date_gmt":"2024-12-19T03:40:23","guid":{"rendered":"https:\/\/fmp-components.com\/product\/10045-double-acting-stainless-steel-hydraulic-cylinder-for-agriculture\/"},"modified":"2024-12-19T08:41:57","modified_gmt":"2024-12-19T08:41:57","slug":"10045-double-acting-stainless-steel-hydraulic-cylinder-for-agriculture","status":"publish","type":"product","link":"https:\/\/fmp-components.com\/fi\/product\/10045-double-acting-stainless-steel-hydraulic-cylinder-for-agriculture\/","title":{"rendered":"10045 Kaksitoiminen ruostumattomasta ter\u00e4ksest\u00e4 valmistettu hydraulisylinteri maatalouteen"},"content":{"rendered":"<p>Esittelyss\u00e4 FMP:n 10045 kaksitoiminen ruostumattomasta ter\u00e4ksest\u00e4 valmistettu hydraulisylinteri, joka on erityisesti suunniteltu maatalousk\u00e4ytt\u00f6\u00f6n. Ensiluokkaisesta ruostumattomasta ter\u00e4ksest\u00e4 valmistettu eritt\u00e4in kest\u00e4v\u00e4 ja kest\u00e4v\u00e4 sylinteri takaa pitk\u00e4ik\u00e4isen suorituskyvyn jopa vaikeimmissa olosuhteissa.<\/p>\n<p>T\u00e4m\u00e4n hydraulisylinterin keskeisiin ominaisuuksiin kuuluvat vaihtelevat mitat, suuri kapasiteetti ja optimaalinen kuormituskapasiteetti. Sen ainutlaatuiset edut ovat energiatehokkuus, korkea suorituskyky ja turvallisuusominaisuudet, jotka tekev\u00e4t siit\u00e4 kustannustehokkaan valinnan maatalouteen liittyviin hydraulij\u00e4rjestelmiin.<\/p>\n<p>Nestevoiman periaatteella toimiva hydraulisylinteri muuttaa paineen lineaariseksi liikkeeksi ja luo mekaanisen voiman paineistetun hydraulinesteen avulla.<\/p>\n<p>10045-merkkist\u00e4 kaksitoimista ruostumattomasta ter\u00e4ksest\u00e4 valmistettua hydraulisylinteri\u00e4 k\u00e4ytet\u00e4\u00e4n laajalti erilaisissa maatalouskoneissa, kuten traktoreissa, puimureissa ja kynt\u00f6koneissa.<\/p>\n<p>FMP on sittemmin erikoistunut hydraulisten sylinterien valmistukseen. Tuotteemme on suunniteltu helpoksi asentaa, huoltaa ja korjata nopeasti, mik\u00e4 varmistaa maatalouskoneidesi maksimaalisen k\u00e4ytt\u00f6ajan.<\/p>\n<p><img loading=\"lazy\" decoding=\"async\" class=\"alignnone size-full wp-image-976\" src=\"https:\/\/fmp-components.com\/wp-content\/uploads\/2024\/12\/Welded-Tee-Type-Cylinder2.webp\" alt=\"Hitsattu T-tyyppinen sylinteri\" width=\"764\" height=\"675\" title=\"\" srcset=\"https:\/\/fmp-components.com\/wp-content\/uploads\/2024\/12\/Welded-Tee-Type-Cylinder2.webp 764w, https:\/\/fmp-components.com\/wp-content\/uploads\/2024\/12\/Welded-Tee-Type-Cylinder2-480x424.webp 480w\" sizes=\"(min-width: 0px) and (max-width: 480px) 480px, (min-width: 481px) 764px, 100vw\" \/><\/p>\n<p>Valitaksesi tarpeisiisi sopivan hydraulisylinterin, ota huomioon tekij\u00e4t, kuten tarvittavan hydrauli\u00f6ljyn ja \u00f6ljytiivisteiden tyyppi, vaihtotarve, sylinterin mittaustapa ja toimintatapa.<\/p>\n<p>FMP tarjoaa laajan valikoiman hydraulisylintereit\u00e4 erilaisiin k\u00e4ytt\u00f6tarkoituksiin, mukaan lukien henkil\u00f6nostinten sylinterit, teollisuusajoneuvojen hydraulisylinterit, porauslauttojen sylinterit ja autonostureiden sylinterit. Tarjoamme r\u00e4\u00e4t\u00e4l\u00f6inti\u00e4 erityisvaatimustesi mukaan.<\/p>\n<p>Yhteenvetona voidaan todeta, ett\u00e4 FMP lupaa toimittaa korkealaatuisia tuotteita, kilpailukykyisi\u00e4 hintoja ja huomaavaisia \u200b\u200bpalveluita kaikkien hydraulisylinteritarpeidesi tyydytt\u00e4miseksi.<\/p>\n<h2>Hitsatun T-tyyppisen sylinterin edut<\/h2>\n<ul>\n<li style=\"list-style-type: none;\">\n<ul>\n<li><strong>Lis\u00e4\u00e4ntynyt voima:<\/strong> Hitsatut T-tyyppiset sylinterit tunnetaan suuresta lujuudestaan, mink\u00e4 ansiosta ne sopivat raskasta nostoa vaativiin sovelluksiin. N\u00e4iden sylinterien valmistuksessa k\u00e4ytetty hitsausprosessi varmistaa, ett\u00e4 sylinteriss\u00e4 ei ole heikkoja kohtia ja se kest\u00e4\u00e4 suurta painetta ja rasitusta.<\/li>\n<\/ul>\n<\/li>\n<\/ul>\n<p>Kun sylinteriin kohdistetaan painetta, se jakautuu tasaisesti koko pinnalle, mik\u00e4 tekee siit\u00e4 kest\u00e4v\u00e4n muodonmuutokselle. T\u00e4m\u00e4 ominaisuus varmistaa, ett\u00e4 sylinteri s\u00e4ilytt\u00e4\u00e4 muotonsa ja rakenteellisen eheytens\u00e4 my\u00f6s \u00e4\u00e4rimm\u00e4isiss\u00e4 olosuhteissa.<\/p>\n<ul>\n<li style=\"list-style-type: none;\">\n<ul>\n<li><strong>Vuotojen ehk\u00e4isy:<\/strong> Hitsatut T-tyyppiset sylinterit on suunniteltu est\u00e4m\u00e4\u00e4n vuodot. Valmistusprosessissa k\u00e4ytetty hitsausprosessi varmistaa, ett\u00e4 sylinteri on t\u00e4ysin tiivis ja vapaa mahdollisista vuodoista. T\u00e4m\u00e4 ominaisuus tekee niist\u00e4 sopivia k\u00e4ytett\u00e4v\u00e4ksi sovelluksissa, joissa vuoto voi aiheuttaa vakavia vaurioita tai vammoja.<\/li>\n<\/ul>\n<\/li>\n<\/ul>\n<p>Hitsatut liitokset ovat sileit\u00e4, ilman rakoja tai uria, joihin roskat tai lika voisivat ker\u00e4\u00e4nty\u00e4, mik\u00e4 v\u00e4hent\u00e4\u00e4 korroosion ja sylinterin vaurioitumisen riski\u00e4.<\/p>\n<ul>\n<li style=\"list-style-type: none;\">\n<ul>\n<li><strong>Mukautettava:<\/strong> Hitsattuja T-tyyppisi\u00e4 sylintereit\u00e4 voidaan r\u00e4\u00e4t\u00e4l\u00f6id\u00e4 tiettyihin sovelluksiin. Sylintereit\u00e4 on saatavana eri kokoisina ja muotoisina, ja ne voidaan valmistaa vastaamaan sovelluksen erityisvaatimuksia.<\/li>\n<\/ul>\n<\/li>\n<\/ul>\n<p>R\u00e4\u00e4t\u00e4l\u00f6intiprosessi mahdollistaa sylinterin suorituskyvyn optimoinnin varmistaen, ett\u00e4 se sopii aiottuun k\u00e4ytt\u00f6tarkoitukseen. T\u00e4m\u00e4 ominaisuus tekee hitsatuista T-tyyppisist\u00e4 sylintereist\u00e4 ihanteellisia k\u00e4ytett\u00e4v\u00e4ksi erilaisissa teollisissa sovelluksissa, kuten rakentamisessa, kaivostoiminnassa ja materiaalink\u00e4sittelyss\u00e4.<\/p>\n<ul>\n<li style=\"list-style-type: none;\">\n<ul>\n<li><strong>Kustannustehokas:<\/strong> Hitsatut T-tyyppiset sylinterit ovat kustannustehokkaita verrattuna muuntyyppisiin sylintereihin. N\u00e4iden sylinterien valmistuksessa k\u00e4ytetty valmistusprosessi on yksinkertainen, mink\u00e4 ansiosta ne ovat halvempia kuin muuntyyppiset sylinterit.<\/li>\n<\/ul>\n<\/li>\n<\/ul>\n<p>Lis\u00e4ksi hitsattujen T-tyyppisten sylinterien korkea lujuus ja kest\u00e4vyys v\u00e4hent\u00e4v\u00e4t usein teht\u00e4vien korjausten ja vaihtojen tarvetta, mik\u00e4 s\u00e4\u00e4st\u00e4\u00e4 yll\u00e4pitokustannuksissa. T\u00e4m\u00e4 ominaisuus tekee niist\u00e4 suositun valinnan monilla toimialoilla, erityisesti niill\u00e4, joilla on rajallinen budjetti.<\/p>\n<ul>\n<li style=\"list-style-type: none;\">\n<ul>\n<li><strong>Lis\u00e4\u00e4ntynyt tehokkuus:<\/strong> Hitsatut T-tyyppiset sylinterit ovat eritt\u00e4in tehokkaita ja toimivia. Sylinterin rakenne varmistaa, ett\u00e4 k\u00e4ytetty voima siirtyy suoraan kuormaan, mik\u00e4 v\u00e4hent\u00e4\u00e4 energiah\u00e4vi\u00f6t\u00e4 ja lis\u00e4\u00e4 tehokkuutta.<\/li>\n<\/ul>\n<\/li>\n<\/ul>\n<p>Hitsatut liitokset ovat vahvoja ja j\u00e4ykki\u00e4, mik\u00e4 minimoi taipuman ja varmistaa, ett\u00e4 sylinteri s\u00e4ilytt\u00e4\u00e4 muotonsa ja rakenteellisen eheytens\u00e4 my\u00f6s \u00e4\u00e4rimm\u00e4isiss\u00e4 olosuhteissa. T\u00e4m\u00e4 ominaisuus tekee hitsatuista T-tyyppisist\u00e4 sylintereist\u00e4 ihanteellisia k\u00e4ytett\u00e4v\u00e4ksi sovelluksissa, jotka vaativat korkeaa hy\u00f6tysuhdetta ja luotettavuutta.<\/p>\n<p><img loading=\"lazy\" decoding=\"async\" class=\"alignnone size-full wp-image-975\" src=\"https:\/\/fmp-components.com\/wp-content\/uploads\/2024\/12\/Welded-Tee-Type-Cylinder1.webp\" alt=\"Hitsattu T-tyyppinen sylinteri\" width=\"759\" height=\"761\" title=\"\" srcset=\"https:\/\/fmp-components.com\/wp-content\/uploads\/2024\/12\/Welded-Tee-Type-Cylinder1.webp 759w, https:\/\/fmp-components.com\/wp-content\/uploads\/2024\/12\/Welded-Tee-Type-Cylinder1-480x481.webp 480w\" sizes=\"(min-width: 0px) and (max-width: 480px) 480px, (min-width: 481px) 759px, 100vw\" \/><\/p>\n<h2>Hitsatun T-tyyppisen sylinterin k\u00e4ytt\u00f6<\/h2>\n<ul>\n<li>\n<h3>Teollisuuskoneet ja -laitteet<\/h3>\n<p>Hitsattua T-tyyppist\u00e4 sylinteri\u00e4 k\u00e4ytet\u00e4\u00e4n laajalti teollisuuskoneissa ja -laitteissa, erityisesti hydraulij\u00e4rjestelmiss\u00e4. Sylinteri koostuu m\u00e4nn\u00e4st\u00e4 ja sylinteriputkesta, jotka on hitsattu yhteen yhdeksi yksik\u00f6ksi. T\u00e4ll\u00e4 rakenteella on useita etuja muihin sylintereihin verrattuna, kuten parempi kest\u00e4vyys, suurempi lujuus ja suurempi tarkkuus.<\/p>\n<p>Yksi hitsatun T-tyyppisen sylinterin t\u00e4rkeimmist\u00e4 sovelluksista teollisuuskoneissa on sen kyky tuottaa tasaista ja tarkkaa voimaa. T\u00e4m\u00e4 on olennaista monissa valmistusprosesseissa, joissa tarvitaan tarkkaa ohjausta lopputuotteen laadun varmistamiseksi. Hitsattua T-tyyppist\u00e4 sylinteri\u00e4 voidaan k\u00e4ytt\u00e4\u00e4 my\u00f6s nesteiden virtauksen s\u00e4\u00e4t\u00e4miseen hydraulij\u00e4rjestelmiss\u00e4, mik\u00e4 mahdollistaa paremman tehokkuuden ja luotettavuuden useissa teollisissa sovelluksissa.<\/li>\n<li>\n<h3>Maatalouskoneet<\/h3>\n<p>Hitsattua T-tyyppist\u00e4 sylinteri\u00e4 k\u00e4ytet\u00e4\u00e4n yleisesti my\u00f6s maatalouskoneissa, kuten traktoreissa ja puimureissa. N\u00e4m\u00e4 koneet vaativat tehokkaat ja luotettavat hydrauliikkaj\u00e4rjestelm\u00e4t toimiakseen tehokkaasti, ja hitsattu T-tyyppinen sylinteri on ihanteellinen valinta t\u00e4h\u00e4n tarkoitukseen.<\/p>\n<p>Sylinterin kest\u00e4v\u00e4 rakenne ja suuri lujuus tekev\u00e4t siit\u00e4 eritt\u00e4in kulumiskest\u00e4v\u00e4n jopa ankarissa k\u00e4ytt\u00f6olosuhteissa. T\u00e4m\u00e4 tekee siit\u00e4 ihanteellisen valinnan maatalouskoneisiin, joissa kest\u00e4vyys on keskeinen kriteeri. Hitsattua T-tyyppist\u00e4 sylinteri\u00e4 voidaan k\u00e4ytt\u00e4\u00e4 my\u00f6s monien maatalousprosessien, kuten istutuksen, sadonkorjuun ja kastelun, vaatimaan tarkkaan ohjaukseen.<\/li>\n<li>\n<h3>Rakennuslaitteet<\/h3>\n<p>Hitsattua T-tyyppist\u00e4 sylinteri\u00e4 k\u00e4ytet\u00e4\u00e4n my\u00f6s laajalti rakennuslaitteissa, kuten kaivinkoneissa, traktorikaivureissa ja puskutraktoreissa. N\u00e4m\u00e4 koneet tarvitsevat tehokkaita ja luotettavia hydraulij\u00e4rjestelmi\u00e4 raskaiden teht\u00e4vien, kuten kaivamisen, nostamisen ja raskaiden kuormien ty\u00f6nt\u00e4misen, suorittamiseen.<\/p>\n<p>Hitsatun T-tyyppisen sylinterin korkea lujuus ja kest\u00e4vyys tekev\u00e4t siit\u00e4 ihanteellisen valinnan k\u00e4ytett\u00e4v\u00e4ksi rakennuslaitteissa. Sen kyky tarjota tarkkaa ohjausta ja tasaista voimaa on olennaista monissa rakennusprosesseissa, kuten kaivamisessa, tasoituksessa ja p\u00e4\u00e4llystyksess\u00e4. Hitsattua T-tyyppist\u00e4 sylinteri\u00e4 voidaan k\u00e4ytt\u00e4\u00e4 my\u00f6s nesteiden virtauksen s\u00e4\u00e4t\u00e4miseen hydraulij\u00e4rjestelmiss\u00e4, mik\u00e4 parantaa rakennuslaitteiden tehokkuutta ja luotettavuutta useissa eri sovelluksissa.<\/li>\n<\/ul>\n<h3>Tietoja FMP:st\u00e4<\/h3>\n<p>Yli 30 vuotta sitten perustettu FMP on johtava hydraulisylintereiden valmistaja ja toimittaja. Teollisuusalueemme sijaitsee Italiassa, ja olemme ylpeit\u00e4 huippumoderneista laitoksistamme, joissa on yli 100 edistynytt\u00e4 konetta.<\/p>\n<p>Laaja tuotevalikoimamme sis\u00e4lt\u00e4\u00e4:<\/p>\n<ol>\n<li>Automaattinen kaasusuojattu hitsauskone: Varmistaa tarkat ja tehokkaat hitsausprosessit.<\/li>\n<li>Syv\u00e4n rei\u00e4n porauskone: Mahdollistaa tarkan ja syv\u00e4n rei\u00e4n poraamisen erilaisiin sovelluksiin.<\/li>\n<li>CNC-sorvi: Tarjoaa monimutkaisten hydrauliikkakomponenttien tarkkaa koneistusta.<\/li>\n<li>Sylinterim\u00e4inen hiomakone: Tarjoaa hienon viimeistelyn ja mittatarkkuuden hydraulisylintereillemme.<\/li>\n<li>Automaattinen pesukone: Varmistaa puhtauden ja poistaa tuotteistamme kaikki ep\u00e4puhtaudet.<\/li>\n<\/ol>\n<p>FMP:ll\u00e4 olemme sitoutuneet toimittamaan asiakkaillemme huippulaatuisia hydraulisylintereit\u00e4. T\u00e4ss\u00e4 on joitakin tuotteidemme ja palveluidemme valitsemisen t\u00e4rkeimpi\u00e4 etuja:<\/p>\n<p>1) Suunnittelupalvelu: Kokenut suunnittelutiimimme on omistautunut t\u00e4ytt\u00e4m\u00e4\u00e4n erityisvaatimuksesi. Tarvitsetpa sitten uutta tuotetta tai parannuksia, olemme t\u00e4\u00e4ll\u00e4 tukemassa sinua koko suunnittelu- ja kehitysprosessin ajan.<\/p>\n<p>2) Tuotepalvelu: Noudatamme kattavaa tuotantoprosessia, joka sis\u00e4lt\u00e4\u00e4 raaka-aineiden valinnan, leikkaamisen, karkean k\u00e4sittelyn, testauksen, puhdistuksen, kokoonpanon, pakkauksen ja kuljetuksen. T\u00e4m\u00e4 varmistaa, ett\u00e4 tuotteemme t\u00e4ytt\u00e4v\u00e4t korkeimmat laatu- ja luotettavuusstandardit.<\/p>\n<p>3) N\u00e4yteprosessi: Tarjoamme n\u00e4ytekehityst\u00e4 tarpeidesi mukaan ja muokkaamme niit\u00e4 jatkuvasti tarpeidesi mukaan. N\u00e4in voit testata ja arvioida tuotteitamme ennen lopullisen p\u00e4\u00e4t\u00f6ksen tekemist\u00e4.<\/p>\n<p>4) Tutkimus ja kehitys: Markkinatrendien kehittyess\u00e4 pysymme kehityksen k\u00e4rjess\u00e4 tutkimalla uusia markkinatarpeita ja kehitt\u00e4m\u00e4ll\u00e4 innovatiivisia hydraulisylinterimalleja. N\u00e4in voimme tarjota asiakkaillemme uusimpia ja tehokkaimpia tuotteita.<\/p>\n<p>5) R\u00e4\u00e4t\u00e4l\u00f6inti: Olemme erikoistuneet erityyppisten hydraulisylintereiden valmistukseen ja myyntiin, ja otamme mielell\u00e4mme vastaan \u200b\u200b\u200b\u200berikoistilauksia. Tiimimme on omistautunut t\u00e4ytt\u00e4m\u00e4\u00e4n ainutlaatuiset vaatimuksesi ja toimittamaan r\u00e4\u00e4t\u00e4l\u00f6ityj\u00e4 ratkaisuja.<\/p>\n<p><img decoding=\"async\" src=\"https:\/\/fmp-components.com\/wp-content\/uploads\/2024\/12\/fmp-factory-4.webp\" alt=\"FMP-tehdas\" width=\"800\" title=\"\"><\/p>\n<p>Tekij\u00e4: CX<\/p>","protected":false},"excerpt":{"rendered":"<p>Esittelyss\u00e4 FMP:n 10045 kaksitoiminen ruostumattomasta ter\u00e4ksest\u00e4 valmistettu hydraulisylinteri, joka on erityisesti suunniteltu maatalousk\u00e4ytt\u00f6\u00f6n. Ensiluokkaisesta ruostumattomasta ter\u00e4ksest\u00e4 valmistettu eritt\u00e4in kest\u00e4v\u00e4 ja kest\u00e4v\u00e4 sylinteri takaa pitk\u00e4ik\u00e4isen suorituskyvyn jopa vaikeimmissa olosuhteissa. T\u00e4m\u00e4n hydraulisylinterin t\u00e4rkeimpi\u00e4 ominaisuuksia ovat vaihtelevat mitat, suuri kapasiteetti ja optimaalinen kuormituskapasiteetti. Sen ainutlaatuiset edut ovat sen energiatehokkuus [\u2026]<\/p>","protected":false},"featured_media":1132,"comment_status":"closed","ping_status":"closed","template":"","meta":{"_et_pb_use_builder":"","_et_pb_old_content":"","_et_gb_content_width":""},"product_brand":[],"product_cat":[31],"product_tag":[34,35],"class_list":{"0":"post-965","1":"product","2":"type-product","3":"status-publish","4":"has-post-thumbnail","6":"product_cat-welded-tee-type-cylinder","7":"product_tag-hydraulic-cylinder","8":"product_tag-welded-tee-type-cylinder","10":"first","11":"instock","12":"product-type-simple"},"_links":{"self":[{"href":"https:\/\/fmp-components.com\/fi\/wp-json\/wp\/v2\/product\/965","targetHints":{"allow":["GET"]}}],"collection":[{"href":"https:\/\/fmp-components.com\/fi\/wp-json\/wp\/v2\/product"}],"about":[{"href":"https:\/\/fmp-components.com\/fi\/wp-json\/wp\/v2\/types\/product"}],"replies":[{"embeddable":true,"href":"https:\/\/fmp-components.com\/fi\/wp-json\/wp\/v2\/comments?post=965"}],"wp:featuredmedia":[{"embeddable":true,"href":"https:\/\/fmp-components.com\/fi\/wp-json\/wp\/v2\/media\/1132"}],"wp:attachment":[{"href":"https:\/\/fmp-components.com\/fi\/wp-json\/wp\/v2\/media?parent=965"}],"wp:term":[{"taxonomy":"product_brand","embeddable":true,"href":"https:\/\/fmp-components.com\/fi\/wp-json\/wp\/v2\/product_brand?post=965"},{"taxonomy":"product_cat","embeddable":true,"href":"https:\/\/fmp-components.com\/fi\/wp-json\/wp\/v2\/product_cat?post=965"},{"taxonomy":"product_tag","embeddable":true,"href":"https:\/\/fmp-components.com\/fi\/wp-json\/wp\/v2\/product_tag?post=965"}],"curies":[{"name":"wp","href":"https:\/\/api.w.org\/{rel}","templated":true}]}}