{"id":961,"date":"2024-12-19T03:40:23","date_gmt":"2024-12-19T03:40:23","guid":{"rendered":"https:\/\/fmp-components.com\/product\/10041-chinese-factory-custom-hydraulic-cylinder-double-acting\/"},"modified":"2025-03-18T02:31:33","modified_gmt":"2025-03-18T02:31:33","slug":"10041-italian-factory-custom-hydraulic-cylinder-double-acting","status":"publish","type":"product","link":"https:\/\/fmp-components.com\/fi\/product\/10041-italian-factory-custom-hydraulic-cylinder-double-acting\/","title":{"rendered":"10041 Italialainen tehtaan mittatilausty\u00f6n\u00e4 valmistettu hydraulisylinteri, kaksitoiminen"},"content":{"rendered":"<p>Italialainen tehtaan mittatilausty\u00f6n\u00e4 valmistama kaksitoiminen hydraulisylinteri 10041 on suunniteltu vastaamaan monipuolisiin teollisuuden tarpeisiin tarkkuudella ja luotettavuudella. T\u00e4m\u00e4 korkealaatuinen hydraulisylinteri on suunniteltu optimaalista suorituskyky\u00e4 varten erilaisissa sovelluksissa, kuten rakentamisessa, maataloudessa ja teollisuudessa.<\/p>\n<h4>T\u00e4rkeimm\u00e4t ominaisuudet:<\/h4>\n<ul>\n<li><strong>Kaksitoiminen mekanismi<\/strong>Mahdollistaa tehokkaan hydraulisen toiminnan sek\u00e4 pidennyksess\u00e4 ett\u00e4 sis\u00e4\u00e4nvedossa, mik\u00e4 parantaa tuottavuutta kaikissa teht\u00e4viss\u00e4.<\/li>\n<li><strong>Mukautettu valmistus<\/strong>Saatavilla mukautettavissa kokoina ja eritelmin\u00e4, jotka sopivat tiettyihin sovellusvaatimuksiin ja operatiivisiin tarpeisiin.<\/li>\n<li><strong>Kest\u00e4v\u00e4 muotoilu<\/strong>Valmistettu korkealaatuisista materiaaleista kest\u00e4vyyden varmistamiseksi ja kest\u00e4m\u00e4\u00e4n raskaita kuormia ja ankaria ymp\u00e4rist\u00f6j\u00e4.<\/li>\n<li><strong>Korroosionkest\u00e4v\u00e4 pinnoite<\/strong>K\u00e4sitelty suojaavilla pinnoitteilla ruosteen est\u00e4miseksi ja sylinterin k\u00e4ytt\u00f6i\u00e4n pident\u00e4miseksi.<\/li>\n<li><strong>Helppo asennus<\/strong>Suunniteltu suoraviivaiseen integrointiin olemassa oleviin j\u00e4rjestelmiin, mik\u00e4 helpottaa asennusta ja k\u00e4ytt\u00f6\u00e4.<\/li>\n<\/ul>\n<p><img decoding=\"async\" class=\"aligncenter\" src=\"https:\/\/hzpt.com\/wp-content\/uploads\/2023\/12\/random-5.webp\" alt=\"\" title=\"\"><\/p>\n<h4>Edut:<\/h4>\n<ul>\n<li><strong>Parannettu tehokkuus<\/strong>Optimoi suorituskyvyn erilaisissa sovelluksissa tarjoamalla tehokkaan ja tasaisen hydraulisen toiminnan.<\/li>\n<li><strong>Monipuolinen k\u00e4ytt\u00f6<\/strong>Ihanteellinen monille eri teollisuudenaloille, joten se on monipuolinen valinta hydraulij\u00e4rjestelmiin.<\/li>\n<li><strong>Kustannustehokas<\/strong>Kest\u00e4v\u00e4 rakenne v\u00e4hent\u00e4\u00e4 huoltotarvetta ja parantaa kokonaisarvoa.<\/li>\n<\/ul>\n<p>Italialainen tehtaan mittatilausty\u00f6n\u00e4 valmistama kaksitoiminen hydraulisylinteri 10041 on luotettava ratkaisu niille, jotka etsiv\u00e4t tarpeisiinsa r\u00e4\u00e4t\u00e4l\u00f6ity\u00e4 tehokasta hydraulisylinteri\u00e4. Kest\u00e4v\u00e4n rakenteensa ja mukautettavien ominaisuuksiensa ansiosta se sopii hyvin vaativiin ymp\u00e4rist\u00f6ihin ja erilaisiin k\u00e4ytt\u00f6tarkoituksiin.<img decoding=\"async\" src=\"https:\/\/hzpt.com\/wp-content\/uploads\/2023\/12\/random-2.webp\" alt=\"\" title=\"\"><\/p>\n<dl>\n<dt>Kysymys 4?<\/dt>\n<dd>Vastaus 4<\/dd>\n<dt>Kysymys 5?<\/dt>\n<dd>Vastaus 5<\/dd>\n<\/dl>\n<h2>Hitsatun T-tyyppisen sylinterin edut<\/h2>\n<ul>\n<li style=\"list-style-type: none;\">\n<ul>\n<li><strong>Lis\u00e4\u00e4ntynyt voima:<\/strong> Hitsatut T-tyyppiset sylinterit tunnetaan suuresta lujuudestaan, mink\u00e4 ansiosta ne sopivat raskasta nostoa vaativiin sovelluksiin. N\u00e4iden sylinterien valmistuksessa k\u00e4ytetty hitsausprosessi varmistaa, ett\u00e4 sylinteriss\u00e4 ei ole heikkoja kohtia ja se kest\u00e4\u00e4 suurta painetta ja rasitusta.<\/li>\n<\/ul>\n<\/li>\n<\/ul>\n<p>Kun sylinteriin kohdistetaan painetta, se jakautuu tasaisesti koko pinnalle, mik\u00e4 tekee siit\u00e4 kest\u00e4v\u00e4n muodonmuutokselle. T\u00e4m\u00e4 ominaisuus varmistaa, ett\u00e4 sylinteri s\u00e4ilytt\u00e4\u00e4 muotonsa ja rakenteellisen eheytens\u00e4 my\u00f6s \u00e4\u00e4rimm\u00e4isiss\u00e4 olosuhteissa.<\/p>\n<ul>\n<li style=\"list-style-type: none;\">\n<ul>\n<li><strong>Vuotojen ehk\u00e4isy:<\/strong> Hitsatut T-tyyppiset sylinterit on suunniteltu est\u00e4m\u00e4\u00e4n vuodot. Valmistusprosessissa k\u00e4ytetty hitsausprosessi varmistaa, ett\u00e4 sylinteri on t\u00e4ysin tiivis ja vapaa mahdollisista vuodoista. T\u00e4m\u00e4 ominaisuus tekee niist\u00e4 sopivia k\u00e4ytett\u00e4v\u00e4ksi sovelluksissa, joissa vuoto voi aiheuttaa vakavia vaurioita tai vammoja.<\/li>\n<\/ul>\n<\/li>\n<\/ul>\n<p>Hitsatut liitokset ovat sileit\u00e4, ilman rakoja tai uria, joihin roskat tai lika voisivat ker\u00e4\u00e4nty\u00e4, mik\u00e4 v\u00e4hent\u00e4\u00e4 korroosion ja sylinterin vaurioitumisen riski\u00e4.<\/p>\n<ul>\n<li style=\"list-style-type: none;\">\n<ul>\n<li><strong>Mukautettava:<\/strong> Hitsattuja T-tyyppisi\u00e4 sylintereit\u00e4 voidaan r\u00e4\u00e4t\u00e4l\u00f6id\u00e4 tiettyihin sovelluksiin. Sylintereit\u00e4 on saatavana eri kokoisina ja muotoisina, ja ne voidaan valmistaa vastaamaan sovelluksen erityisvaatimuksia.<\/li>\n<\/ul>\n<\/li>\n<\/ul>\n<p>R\u00e4\u00e4t\u00e4l\u00f6intiprosessi mahdollistaa sylinterin suorituskyvyn optimoinnin varmistaen, ett\u00e4 se sopii aiottuun k\u00e4ytt\u00f6tarkoitukseen. T\u00e4m\u00e4 ominaisuus tekee hitsatuista T-tyyppisist\u00e4 sylintereist\u00e4 ihanteellisia k\u00e4ytett\u00e4v\u00e4ksi erilaisissa teollisissa sovelluksissa, kuten rakentamisessa, kaivostoiminnassa ja materiaalink\u00e4sittelyss\u00e4.<\/p>\n<ul>\n<li style=\"list-style-type: none;\">\n<ul>\n<li><strong>Kustannustehokas:<\/strong> Hitsatut T-tyyppiset sylinterit ovat kustannustehokkaita verrattuna muuntyyppisiin sylintereihin. N\u00e4iden sylinterien valmistuksessa k\u00e4ytetty valmistusprosessi on yksinkertainen, mink\u00e4 ansiosta ne ovat halvempia kuin muuntyyppiset sylinterit.<\/li>\n<\/ul>\n<\/li>\n<\/ul>\n<p>Lis\u00e4ksi hitsattujen T-tyyppisten sylinterien korkea lujuus ja kest\u00e4vyys v\u00e4hent\u00e4v\u00e4t usein teht\u00e4vien korjausten ja vaihtojen tarvetta, mik\u00e4 s\u00e4\u00e4st\u00e4\u00e4 yll\u00e4pitokustannuksissa. T\u00e4m\u00e4 ominaisuus tekee niist\u00e4 suositun valinnan monilla toimialoilla, erityisesti niill\u00e4, joilla on rajallinen budjetti.<\/p>\n<ul>\n<li style=\"list-style-type: none;\">\n<ul>\n<li><strong>Lis\u00e4\u00e4ntynyt tehokkuus:<\/strong> Hitsatut T-tyyppiset sylinterit ovat eritt\u00e4in tehokkaita ja toimivia. Sylinterin rakenne varmistaa, ett\u00e4 k\u00e4ytetty voima siirtyy suoraan kuormaan, mik\u00e4 v\u00e4hent\u00e4\u00e4 energiah\u00e4vi\u00f6t\u00e4 ja lis\u00e4\u00e4 tehokkuutta.<\/li>\n<\/ul>\n<\/li>\n<\/ul>\n<p>Hitsatut liitokset ovat vahvoja ja j\u00e4ykki\u00e4, mik\u00e4 minimoi taipuman ja varmistaa, ett\u00e4 sylinteri s\u00e4ilytt\u00e4\u00e4 muotonsa ja rakenteellisen eheytens\u00e4 my\u00f6s \u00e4\u00e4rimm\u00e4isiss\u00e4 olosuhteissa. T\u00e4m\u00e4 ominaisuus tekee hitsatuista T-tyyppisist\u00e4 sylintereist\u00e4 ihanteellisia k\u00e4ytett\u00e4v\u00e4ksi sovelluksissa, jotka vaativat korkeaa hy\u00f6tysuhdetta ja luotettavuutta.<\/p>\n<h2>Hitsatun T-tyyppisen sylinterin k\u00e4ytt\u00f6<\/h2>\n<ul>\n<li>\n<h3>Teollisuuskoneet ja -laitteet<\/h3>\n<p>Hitsattua T-tyyppist\u00e4 sylinteri\u00e4 k\u00e4ytet\u00e4\u00e4n laajalti teollisuuskoneissa ja -laitteissa, erityisesti hydraulij\u00e4rjestelmiss\u00e4. Sylinteri koostuu m\u00e4nn\u00e4st\u00e4 ja sylinteriputkesta, jotka on hitsattu yhteen yhdeksi yksik\u00f6ksi. T\u00e4ll\u00e4 rakenteella on useita etuja muihin sylintereihin verrattuna, kuten parempi kest\u00e4vyys, suurempi lujuus ja suurempi tarkkuus.<\/p>\n<p>Yksi hitsatun T-tyyppisen sylinterin t\u00e4rkeimmist\u00e4 sovelluksista teollisuuskoneissa on sen kyky tuottaa tasaista ja tarkkaa voimaa. T\u00e4m\u00e4 on olennaista monissa valmistusprosesseissa, joissa tarvitaan tarkkaa ohjausta lopputuotteen laadun varmistamiseksi. Hitsattua T-tyyppist\u00e4 sylinteri\u00e4 voidaan k\u00e4ytt\u00e4\u00e4 my\u00f6s nesteiden virtauksen s\u00e4\u00e4t\u00e4miseen hydraulij\u00e4rjestelmiss\u00e4, mik\u00e4 mahdollistaa paremman tehokkuuden ja luotettavuuden useissa teollisissa sovelluksissa.<\/li>\n<li>\n<h3>Maatalouskoneet<\/h3>\n<p>Hitsattua T-tyyppist\u00e4 sylinteri\u00e4 k\u00e4ytet\u00e4\u00e4n yleisesti my\u00f6s maatalouskoneissa, kuten traktoreissa ja puimureissa. N\u00e4m\u00e4 koneet vaativat tehokkaat ja luotettavat hydrauliikkaj\u00e4rjestelm\u00e4t toimiakseen tehokkaasti, ja hitsattu T-tyyppinen sylinteri on ihanteellinen valinta t\u00e4h\u00e4n tarkoitukseen.<\/p>\n<p>Sylinterin kest\u00e4v\u00e4 rakenne ja suuri lujuus tekev\u00e4t siit\u00e4 eritt\u00e4in kulumiskest\u00e4v\u00e4n jopa ankarissa k\u00e4ytt\u00f6olosuhteissa. T\u00e4m\u00e4 tekee siit\u00e4 ihanteellisen valinnan maatalouskoneisiin, joissa kest\u00e4vyys on keskeinen kriteeri. Hitsattua T-tyyppist\u00e4 sylinteri\u00e4 voidaan k\u00e4ytt\u00e4\u00e4 my\u00f6s monien maatalousprosessien, kuten istutuksen, sadonkorjuun ja kastelun, vaatimaan tarkkaan ohjaukseen.<\/li>\n<li>\n<h3>Rakennuslaitteet<\/h3>\n<p>Hitsattua T-tyyppist\u00e4 sylinteri\u00e4 k\u00e4ytet\u00e4\u00e4n my\u00f6s laajalti rakennuslaitteissa, kuten kaivinkoneissa, traktorikaivureissa ja puskutraktoreissa. N\u00e4m\u00e4 koneet tarvitsevat tehokkaita ja luotettavia hydraulij\u00e4rjestelmi\u00e4 raskaiden teht\u00e4vien, kuten kaivamisen, nostamisen ja raskaiden kuormien ty\u00f6nt\u00e4misen, suorittamiseen.<\/p>\n<p>Hitsatun T-tyyppisen sylinterin korkea lujuus ja kest\u00e4vyys tekev\u00e4t siit\u00e4 ihanteellisen valinnan k\u00e4ytett\u00e4v\u00e4ksi rakennuslaitteissa. Sen kyky tarjota tarkkaa ohjausta ja tasaista voimaa on olennaista monissa rakennusprosesseissa, kuten kaivamisessa, tasoituksessa ja p\u00e4\u00e4llystyksess\u00e4. Hitsattua T-tyyppist\u00e4 sylinteri\u00e4 voidaan k\u00e4ytt\u00e4\u00e4 my\u00f6s nesteiden virtauksen s\u00e4\u00e4t\u00e4miseen hydraulij\u00e4rjestelmiss\u00e4, mik\u00e4 parantaa rakennuslaitteiden tehokkuutta ja luotettavuutta useissa eri sovelluksissa.<\/li>\n<\/ul>\n<h3>Tietoja FMP:st\u00e4<\/h3>\n<p>FMP on yli 30 vuoden kokemuksella johtava hydraulisylintereiden valmistaja ja toimittaja. Teollisuusalueemme sijaitsee Italiassa ja siell\u00e4 on yli 100 laitetta, mukaan lukien automaattiset kaasusuojatut hitsauskoneet, syv\u00e4reik\u00e4porauskoneet, CNC-sorvit, sylinterihiomakoneet, automaattiset puhdistuskoneet, automaattiset asennuskoneet, automaattiset hydraulisylintereiden suorituskyvyn testauspenkit ja automaattiset maalauslinjat.<\/p>\n<p><img decoding=\"async\" class=\"aligncenter\" src=\"https:\/\/fmp-components.com\/wp-content\/uploads\/2024\/12\/fmp-factory-4.webp\" alt=\"FMP-tehdas\" width=\"800\" title=\"\"><\/p>\n<p>Olemme ylpeit\u00e4 jokaisen hydraulisylinterin huolellisesta k\u00e4sittelyst\u00e4 ja tarkastuksesta varmistaaksemme asiakkaillemme huippulaadun. Tuotevalikoimaamme kuuluvat:<\/p>\n<ol>\n<li><strong>Hydraulisylinteri:<\/strong> Hydraulisylinterimme on suunniteltu ja valmistettu vastaamaan erilaisiin vaatimuksiin. Ne tunnetaan luotettavuudestaan \u200b\u200bja kest\u00e4vyydest\u00e4\u00e4n.<\/li>\n<li><strong>Korvakorujen sylinteri:<\/strong> Korvakorusylinterimme on erityisesti suunniteltu tehokkaaseen ja turvalliseen kiinnitykseen erilaisiin k\u00e4ytt\u00f6tarkoituksiin. Ne tarjoavat erinomaisen suorituskyvyn ja helpon asennuksen.<\/li>\n<li><strong>Kaksisuuntainen automaattinen teleskooppinen hydraulisylinteri:<\/strong> Kaksisuuntaiset automaattiset teleskooppiset hydrauliikkasylinterimme ovat monipuolisia ja tarjoavat sujuvan ja tarkan toiminnan. Ne sopivat ihanteellisesti sovelluksiin, jotka vaativat pitki\u00e4 ja sis\u00e4\u00e4nvedett\u00e4vi\u00e4 liikkeit\u00e4.<\/li>\n<li><strong>Suunnittelupalvelu:<\/strong> Kokenut suunnittelutiimimme on valmiina tukemaan sinua uusien tuotteiden kehitt\u00e4misess\u00e4 tai olemassa olevien parantamisessa vastaamaan erityisvaatimuksiasi.<\/li>\n<li><strong>Tuotepalvelu:<\/strong> Raaka-aineista kuljetukseen, virtaviivaistettu prosessimme varmistaa laadun jokaisessa vaiheessa \u2013 leikkaamisessa, karkeassa k\u00e4sittelyss\u00e4, testauksessa, puhdistuksessa, kokoonpanossa, pakkauksessa ja toimituksessa.<\/li>\n<\/ol>\n<p>Lis\u00e4ksi tarjoamme mallikappaleiden kehityspalveluita prototyyppien luomiseksi tarpeidesi mukaan. Muokkaamme n\u00e4ytteit\u00e4 jatkuvasti varmistaaksemme, ett\u00e4 ne t\u00e4ytt\u00e4v\u00e4t tarkat spesifikaatiosi.<\/p>\n<p>Pysy\u00e4kseen markkinoiden kysynn\u00e4n mukana omistautunut tutkimus- ja kehitystiimimme tutkii uusia trendej\u00e4 ja suunnittelee uusia malleja vastaamaan asiakkaidemme kehittyviin tarpeisiin.<\/p>\n<p>Valitse FMP hydraulisylinteritarpeisiisi. Olemme sitoutuneet toimittamaan poikkeuksellisia tuotteita ja erinomaista asiakaspalvelua. Ota meihin yhteytt\u00e4 jo t\u00e4n\u00e4\u00e4n keskustellaksesi vaatimuksistasi ja koe FMP:n edut.<\/p>\n<p>Tekij\u00e4: CX<\/p>","protected":false},"excerpt":{"rendered":"<p>The 10041 Italian Factory Custom Hydraulic Cylinder Double Acting is designed to meet diverse industrial needs with precision and reliability. This high-quality hydraulic cylinder is engineered for optimal performance in a variety of applications, including construction, agriculture, and manufacturing. Key Features: Double Acting Mechanism: Enables efficient hydraulic operation in both extension and retraction, enhancing productivity [&hellip;]<\/p>","protected":false},"featured_media":1133,"comment_status":"closed","ping_status":"closed","template":"","meta":{"_et_pb_use_builder":"","_et_pb_old_content":"","_et_gb_content_width":""},"product_brand":[],"product_cat":[31],"product_tag":[34,35],"class_list":{"0":"post-961","1":"product","2":"type-product","3":"status-publish","4":"has-post-thumbnail","6":"product_cat-welded-tee-type-cylinder","7":"product_tag-hydraulic-cylinder","8":"product_tag-welded-tee-type-cylinder","10":"first","11":"instock","12":"product-type-simple"},"_links":{"self":[{"href":"https:\/\/fmp-components.com\/fi\/wp-json\/wp\/v2\/product\/961","targetHints":{"allow":["GET"]}}],"collection":[{"href":"https:\/\/fmp-components.com\/fi\/wp-json\/wp\/v2\/product"}],"about":[{"href":"https:\/\/fmp-components.com\/fi\/wp-json\/wp\/v2\/types\/product"}],"replies":[{"embeddable":true,"href":"https:\/\/fmp-components.com\/fi\/wp-json\/wp\/v2\/comments?post=961"}],"wp:featuredmedia":[{"embeddable":true,"href":"https:\/\/fmp-components.com\/fi\/wp-json\/wp\/v2\/media\/1133"}],"wp:attachment":[{"href":"https:\/\/fmp-components.com\/fi\/wp-json\/wp\/v2\/media?parent=961"}],"wp:term":[{"taxonomy":"product_brand","embeddable":true,"href":"https:\/\/fmp-components.com\/fi\/wp-json\/wp\/v2\/product_brand?post=961"},{"taxonomy":"product_cat","embeddable":true,"href":"https:\/\/fmp-components.com\/fi\/wp-json\/wp\/v2\/product_cat?post=961"},{"taxonomy":"product_tag","embeddable":true,"href":"https:\/\/fmp-components.com\/fi\/wp-json\/wp\/v2\/product_tag?post=961"}],"curies":[{"name":"wp","href":"https:\/\/api.w.org\/{rel}","templated":true}]}}