{"id":960,"date":"2024-12-19T03:40:23","date_gmt":"2024-12-19T03:40:23","guid":{"rendered":"https:\/\/fmp-components.com\/product\/10040-professional-small-piston-hydraulic-cylinders-for-agriculture\/"},"modified":"2024-12-19T08:39:23","modified_gmt":"2024-12-19T08:39:23","slug":"10040-professional-small-piston-hydraulic-cylinders-for-agriculture","status":"publish","type":"product","link":"https:\/\/fmp-components.com\/fi\/product\/10040-professional-small-piston-hydraulic-cylinders-for-agriculture\/","title":{"rendered":"10040 ammattimaista pienm\u00e4nt\u00e4hydraulista sylinteri\u00e4 maatalouteen"},"content":{"rendered":"<p>10040 Professional -pienm\u00e4nt\u00e4hydraulisylinterit on suunniteltu maatalousk\u00e4ytt\u00f6\u00f6n, ja ne tarjoavat luotettavaa suorituskyky\u00e4 ja kest\u00e4vyytt\u00e4. N\u00e4m\u00e4 hydraulisylinterit on suunniteltu nostamaan, ty\u00f6nt\u00e4m\u00e4\u00e4n ja vet\u00e4m\u00e4\u00e4n raskaita kuormia tehokkaasti, joten ne sopivat ihanteellisesti erilaisiin maatalouskoneisiin, kuten traktoreihin, puimureihin ja muihin koneisiin.<\/p>\n<h4>T\u00e4rkeimm\u00e4t ominaisuudet:<\/h4>\n<ul>\n<li><strong>Kompakti muotoilu<\/strong>Pienen m\u00e4nn\u00e4n ansiosta se on helppo integroida ahtaisiin tiloihin s\u00e4ilytt\u00e4en samalla vankan nostokyvyn.<\/li>\n<li><strong>Korkea hy\u00f6tysuhde<\/strong>Suunniteltu optimoimaan hydraulinesteen virtaus ja varmistamaan sujuva ja tehokas toiminta.<\/li>\n<li><strong>Kest\u00e4v\u00e4 rakenne<\/strong>Valmistettu korkealaatuisista materiaaleista, jotka kest\u00e4v\u00e4t kulutusta ja varmistavat pitk\u00e4n k\u00e4ytt\u00f6i\u00e4n vaativissakin olosuhteissa.<\/li>\n<li><strong>Monipuoliset sovellukset<\/strong>Sopii monenlaisiin maatalousteht\u00e4viin ty\u00f6koneiden nostamisesta hydrauliikkaj\u00e4rjestelmien voimanl\u00e4hteeseen.<\/li>\n<li><strong>Helppo asennus<\/strong>K\u00e4ytt\u00e4j\u00e4yst\u00e4v\u00e4llinen muotoilu ja yksinkertaiset kiinnitysvaihtoehdot vaivatonta asennusta varten.<\/li>\n<\/ul>\n<p><img decoding=\"async\" src=\"https:\/\/hzpt.com\/wp-content\/uploads\/2023\/12\/random-1.webp?v=1694163707\" alt=\"\" title=\"\"><\/p>\n<h4>Edut:<\/h4>\n<ul>\n<li><strong>Lis\u00e4\u00e4ntynyt tuottavuus<\/strong>Paranna maatalousteht\u00e4vien toiminnan tehokkuutta.<\/li>\n<li><strong>Kustannustehokas<\/strong>V\u00e4hent\u00e4\u00e4 laajan huollon tarvetta kest\u00e4v\u00e4n rakenteensa ansiosta.<\/li>\n<li><strong>Turvaominaisuudet<\/strong>Sis\u00e4lt\u00e4\u00e4 turvamekanismeja ylikuormituksen est\u00e4miseksi ja turvallisen toiminnan varmistamiseksi.<\/li>\n<\/ul>\n<p>N\u00e4m\u00e4 hydraulisylinterit ovat olennainen osa nykyaikaisia \u200b\u200bmaatalousk\u00e4yt\u00e4nt\u00f6j\u00e4, ja ne tarjoavat suorituskyky\u00e4 ja luotettavuutta, jota tarvitset menestyksekk\u00e4\u00e4seen maataloustoimintaan.<\/p>\n<h2>Hitsatun T-tyyppisen sylinterin edut<\/h2>\n<ul>\n<li style=\"list-style-type: none;\">\n<ul>\n<li><strong>Lis\u00e4\u00e4ntynyt voima:<\/strong> Hitsatut T-tyyppiset sylinterit tunnetaan suuresta lujuudestaan, mink\u00e4 ansiosta ne sopivat raskasta nostoa vaativiin sovelluksiin. N\u00e4iden sylinterien valmistuksessa k\u00e4ytetty hitsausprosessi varmistaa, ett\u00e4 sylinteriss\u00e4 ei ole heikkoja kohtia ja se kest\u00e4\u00e4 suurta painetta ja rasitusta.<\/li>\n<\/ul>\n<\/li>\n<\/ul>\n<p>Kun sylinteriin kohdistetaan painetta, se jakautuu tasaisesti koko pinnalle, mik\u00e4 tekee siit\u00e4 kest\u00e4v\u00e4n muodonmuutokselle. T\u00e4m\u00e4 ominaisuus varmistaa, ett\u00e4 sylinteri s\u00e4ilytt\u00e4\u00e4 muotonsa ja rakenteellisen eheytens\u00e4 my\u00f6s \u00e4\u00e4rimm\u00e4isiss\u00e4 olosuhteissa.<\/p>\n<ul>\n<li style=\"list-style-type: none;\">\n<ul>\n<li><strong>Vuotojen ehk\u00e4isy:<\/strong> Hitsatut T-tyyppiset sylinterit on suunniteltu est\u00e4m\u00e4\u00e4n vuodot. Valmistusprosessissa k\u00e4ytetty hitsausprosessi varmistaa, ett\u00e4 sylinteri on t\u00e4ysin tiivis ja vapaa mahdollisista vuodoista. T\u00e4m\u00e4 ominaisuus tekee niist\u00e4 sopivia k\u00e4ytett\u00e4v\u00e4ksi sovelluksissa, joissa vuoto voi aiheuttaa vakavia vaurioita tai vammoja.<\/li>\n<\/ul>\n<\/li>\n<\/ul>\n<p>Hitsatut liitokset ovat sileit\u00e4, ilman rakoja tai uria, joihin roskat tai lika voisivat ker\u00e4\u00e4nty\u00e4, mik\u00e4 v\u00e4hent\u00e4\u00e4 korroosion ja sylinterin vaurioitumisen riski\u00e4.<\/p>\n<ul>\n<li style=\"list-style-type: none;\">\n<ul>\n<li><strong>Mukautettava:<\/strong> Hitsattuja T-tyyppisi\u00e4 sylintereit\u00e4 voidaan r\u00e4\u00e4t\u00e4l\u00f6id\u00e4 tiettyihin sovelluksiin. Sylintereit\u00e4 on saatavana eri kokoisina ja muotoisina, ja ne voidaan valmistaa vastaamaan sovelluksen erityisvaatimuksia.<\/li>\n<\/ul>\n<\/li>\n<\/ul>\n<p>R\u00e4\u00e4t\u00e4l\u00f6intiprosessi mahdollistaa sylinterin suorituskyvyn optimoinnin varmistaen, ett\u00e4 se sopii aiottuun k\u00e4ytt\u00f6tarkoitukseen. T\u00e4m\u00e4 ominaisuus tekee hitsatuista T-tyyppisist\u00e4 sylintereist\u00e4 ihanteellisia k\u00e4ytett\u00e4v\u00e4ksi erilaisissa teollisissa sovelluksissa, kuten rakentamisessa, kaivostoiminnassa ja materiaalink\u00e4sittelyss\u00e4.<\/p>\n<ul>\n<li style=\"list-style-type: none;\">\n<ul>\n<li><strong>Kustannustehokas:<\/strong> Hitsatut T-tyyppiset sylinterit ovat kustannustehokkaita verrattuna muuntyyppisiin sylintereihin. N\u00e4iden sylinterien valmistuksessa k\u00e4ytetty valmistusprosessi on yksinkertainen, mink\u00e4 ansiosta ne ovat halvempia kuin muuntyyppiset sylinterit.<\/li>\n<\/ul>\n<\/li>\n<\/ul>\n<p>Lis\u00e4ksi hitsattujen T-tyyppisten sylinterien korkea lujuus ja kest\u00e4vyys v\u00e4hent\u00e4v\u00e4t usein teht\u00e4vien korjausten ja vaihtojen tarvetta, mik\u00e4 s\u00e4\u00e4st\u00e4\u00e4 yll\u00e4pitokustannuksissa. T\u00e4m\u00e4 ominaisuus tekee niist\u00e4 suositun valinnan monilla toimialoilla, erityisesti niill\u00e4, joilla on rajallinen budjetti.<\/p>\n<ul>\n<li style=\"list-style-type: none;\">\n<ul>\n<li><strong>Lis\u00e4\u00e4ntynyt tehokkuus:<\/strong> Hitsatut T-tyyppiset sylinterit ovat eritt\u00e4in tehokkaita ja toimivia. Sylinterin rakenne varmistaa, ett\u00e4 k\u00e4ytetty voima siirtyy suoraan kuormaan, mik\u00e4 v\u00e4hent\u00e4\u00e4 energiah\u00e4vi\u00f6t\u00e4 ja lis\u00e4\u00e4 tehokkuutta.<\/li>\n<\/ul>\n<\/li>\n<\/ul>\n<p>Hitsatut liitokset ovat vahvoja ja j\u00e4ykki\u00e4, mik\u00e4 minimoi taipuman ja varmistaa, ett\u00e4 sylinteri s\u00e4ilytt\u00e4\u00e4 muotonsa ja rakenteellisen eheytens\u00e4 my\u00f6s \u00e4\u00e4rimm\u00e4isiss\u00e4 olosuhteissa. T\u00e4m\u00e4 ominaisuus tekee hitsatuista T-tyyppisist\u00e4 sylintereist\u00e4 ihanteellisia k\u00e4ytett\u00e4v\u00e4ksi sovelluksissa, jotka vaativat korkeaa hy\u00f6tysuhdetta ja luotettavuutta.<\/p>\n<p><img decoding=\"async\" class=\"aligncenter\" src=\"https:\/\/hzpt.com\/wp-content\/uploads\/2023\/12\/random-4.webp\" alt=\"\" title=\"\"><\/p>\n<h2>Hitsatun T-tyyppisen sylinterin k\u00e4ytt\u00f6<\/h2>\n<ol>\n<li>\n<h3>Autoteollisuus<\/h3>\n<p>Hitsattuja T-tyyppisi\u00e4 sylintereit\u00e4 k\u00e4ytet\u00e4\u00e4n laajalti autoteollisuudessa. Niit\u00e4 k\u00e4ytet\u00e4\u00e4n autojen ovissa, konepeltien ja tavaratilan nostimissa, avoautojen katoissa ja ohjaustehostimissa. N\u00e4it\u00e4 sylintereit\u00e4 suositaan, koska ne pystyv\u00e4t tuottamaan suuren voiman pienell\u00e4 tilantarpeella. T-tyyppinen sylinterirakenne sopii hyvin sovelluksiin, joissa voima on siirrett\u00e4v\u00e4 kahteen eri suuntaan.<\/p>\n<p>Lis\u00e4ksi n\u00e4iden sylinterien hitsattu rakenne mahdollistaa niiden toiminnan korkeissa l\u00e4mp\u00f6tiloissa ja paineissa ilman vuotoja. T\u00e4m\u00e4 tekee niist\u00e4 sopivia k\u00e4ytett\u00e4v\u00e4ksi moottoreissa, vaihteistoissa ja jarruj\u00e4rjestelmiss\u00e4.<\/li>\n<li>\n<h3>Valmistava teollisuus<\/h3>\n<p>Hitsattuja T-tyyppisi\u00e4 sylintereit\u00e4 k\u00e4ytet\u00e4\u00e4n my\u00f6s valmistusteollisuudessa. Niit\u00e4 k\u00e4ytet\u00e4\u00e4n hydraulisissa puristimissa, takomokoneissa ja metallinleikkauskoneissa. N\u00e4iden sylinterien suuri voimantuotto tekee niist\u00e4 ihanteellisia sovelluksiin, joissa tarvitaan paljon voimaa pieness\u00e4 tilassa.<\/p>\n<p>T-tyyppinen sylinterirakenne sopii my\u00f6s hyvin sovelluksiin, joissa voima on siirrett\u00e4v\u00e4 kahteen eri suuntaan. Esimerkiksi hydraulisessa puristimessa T-tyyppist\u00e4 sylinteri\u00e4 voidaan k\u00e4ytt\u00e4\u00e4 voiman kohdistamiseen sek\u00e4 pystysuoraan ett\u00e4 vaakasuoraan, mik\u00e4 mahdollistaa monimutkaisemmat valmistusprosessit.<\/li>\n<li>\n<h3>Ilmailuteollisuus<\/h3>\n<p>Hitsattuja T-tyyppisi\u00e4 sylintereit\u00e4 k\u00e4ytet\u00e4\u00e4n ilmailuteollisuudessa monissa eri sovelluksissa. Niit\u00e4 k\u00e4ytet\u00e4\u00e4n laskutelinej\u00e4rjestelmiss\u00e4, rahtiluukuissa ja lennonohjausj\u00e4rjestelmiss\u00e4. N\u00e4iden sylinterien suuri voimantuotto ja kompakti rakenne tekev\u00e4t niist\u00e4 ihanteellisia k\u00e4ytett\u00e4v\u00e4ksi lentokoneen rajoitetussa tilassa.<\/p>\n<p>N\u00e4iden sylinterien hitsattu rakenne tekee niist\u00e4 my\u00f6s kest\u00e4vi\u00e4 lennon aikana esiintyville korkeille paineille ja l\u00e4mp\u00f6tiloille. Lis\u00e4ksi T-tyyppinen sylinterirakenne mahdollistaa voiman siirt\u00e4misen kahteen eri suuntaan, joten se sopii hyvin sovelluksiin, joissa voima on kohdistettava kulmassa.<\/li>\n<li>\n<h3>Rakennusteollisuus<\/h3>\n<p>Hitsattuja T-yhdetyyppisi\u00e4 sylintereit\u00e4 k\u00e4ytet\u00e4\u00e4n rakennusteollisuudessa raskaisiin nosto- ja siirtosovelluksiin. Niit\u00e4 k\u00e4ytet\u00e4\u00e4n nostureissa, kaivinkoneissa ja traktorikaivureissa. N\u00e4iden sylinterien suuri voimantuotto ja kompakti rakenne tekev\u00e4t niist\u00e4 ihanteellisia k\u00e4ytett\u00e4v\u00e4ksi rakennusty\u00f6maan rajoitetussa tilassa.<\/p>\n<p>T-tyyppisen sylinterin rakenne mahdollistaa voiman siirt\u00e4misen kahteen eri suuntaan, joten se sopii hyvin sovelluksiin, joissa voima on kohdistettava kulmassa. Lis\u00e4ksi n\u00e4iden sylinterien hitsattu rakenne mahdollistaa niiden toiminnan korkeissa paineissa ja l\u00e4mp\u00f6tiloissa ilman vuotoja, mik\u00e4 tekee niist\u00e4 sopivia k\u00e4ytett\u00e4v\u00e4ksi ankarissa ulko-olosuhteissa.<\/li>\n<\/ol>\n<h3>Tietoja FMP:st\u00e4<\/h3>\n<p>FMP on johtava hydraulisylintereiden valmistaja ja toimittaja, jolla on yli 30 vuoden kokemus alalta. Teollisuusalueemme sijaitsee Italiassa, ja meill\u00e4 on yli 100 laitetta varmistaaksemme korkealaatuiset tuotteet ja oikea-aikaiset toimitukset asiakkaillemme.<\/p>\n<h4>Tuotteemme ja yrityksemme edut<\/h4>\n<p>1. Laaja valikoima hydraulisylintereit\u00e4<\/p>\n<p>Hydraulisylintereihimme kuuluvat korvakorusylinterit, kaksisuuntaiset automaattiset teleskooppihydraulisylinterit ja monet muut tyypit. Jokainen hydraulisylinteri k\u00e4y l\u00e4pi tiukan k\u00e4sittelyn ja tarkastuksen laadun takaamiseksi.<\/p>\n<p><img decoding=\"async\" src=\"https:\/\/fmp-components.com\/wp-content\/uploads\/2024\/12\/fmp-factory-4.webp\" alt=\"FMP-tehdas\" width=\"800\" title=\"\"><\/p>\n<p>2. Suunnittelupalvelu<\/p>\n<p>Suunnittelutiimill\u00e4mme on laaja kokemus nivelakseleiden tuotesuunnittelusta ja -kehityksest\u00e4. Pystymme vastaamaan asiakkaiden tarpeisiin uusien tuotteiden tai niiden jatkoparannusten suhteen.<\/p>\n<p>3. Kattava tuotepalvelu<\/p>\n<p>Tarjoamme kattavan tuotepalvelun raaka-aineista leikkaamiseen, karkeaan k\u00e4sittelyyn, testaukseen, puhdistukseen, kokoonpanoon, pakkaamiseen ja kuljetukseen. T\u00e4m\u00e4 varmistaa, ett\u00e4 asiakkaamme saavat luotettavan ja laadukkaan tuotteen.<\/p>\n<p>4. N\u00e4yteprosessi<\/p>\n<p>Voimme kehitt\u00e4\u00e4 n\u00e4ytteit\u00e4 tarpeidesi mukaan ja muokata niit\u00e4 jatkuvasti tarpeidesi mukaan. T\u00e4m\u00e4 antaa sinulle mahdollisuuden arvioida tuotetta perusteellisesti ennen ostop\u00e4\u00e4t\u00f6st\u00e4.<\/p>\n<p>5. Tutkimus- ja kehitysvalmiudet<\/p>\n<p>Yrityksemme on omistautunut jatkuvalle parantamiselle ja innovoinnille. Kun markkinoilla ilmenee uusia tarpeita, tutkimme niit\u00e4 ja kehit\u00e4mme uusia malleja asiakkaidemme vaatimusten t\u00e4ytt\u00e4miseksi.<\/p>\n<p>Yhteisty\u00f6 FMP:n kanssa tarkoittaa yhteisty\u00f6t\u00e4 luotettavan ja laatuun keskittyv\u00e4n toimittajan kanssa. Olemme sitoutuneet tarjoamaan asiakkaillemme parhaat mahdolliset tuotteet ja palvelut, jotka auttavat heit\u00e4 menestym\u00e4\u00e4n liiketoiminnassaan.<\/p>\n<p>Tekij\u00e4: CX<\/p>","protected":false},"excerpt":{"rendered":"<p>The 10040 Professional Small Piston Hydraulic Cylinders are engineered for agricultural applications, offering reliable performance and durability. These hydraulic cylinders are designed to efficiently lift, push, and pull heavy loads, making them ideal for various farming equipment, including tractors, harvesters, and other machinery. Key Features: Compact Design: The small piston size allows for easy integration [&hellip;]<\/p>","protected":false},"featured_media":1133,"comment_status":"closed","ping_status":"closed","template":"","meta":{"_et_pb_use_builder":"","_et_pb_old_content":"","_et_gb_content_width":""},"product_brand":[],"product_cat":[31],"product_tag":[34,35],"class_list":{"0":"post-960","1":"product","2":"type-product","3":"status-publish","4":"has-post-thumbnail","6":"product_cat-welded-tee-type-cylinder","7":"product_tag-hydraulic-cylinder","8":"product_tag-welded-tee-type-cylinder","10":"first","11":"instock","12":"product-type-simple"},"_links":{"self":[{"href":"https:\/\/fmp-components.com\/fi\/wp-json\/wp\/v2\/product\/960","targetHints":{"allow":["GET"]}}],"collection":[{"href":"https:\/\/fmp-components.com\/fi\/wp-json\/wp\/v2\/product"}],"about":[{"href":"https:\/\/fmp-components.com\/fi\/wp-json\/wp\/v2\/types\/product"}],"replies":[{"embeddable":true,"href":"https:\/\/fmp-components.com\/fi\/wp-json\/wp\/v2\/comments?post=960"}],"wp:featuredmedia":[{"embeddable":true,"href":"https:\/\/fmp-components.com\/fi\/wp-json\/wp\/v2\/media\/1133"}],"wp:attachment":[{"href":"https:\/\/fmp-components.com\/fi\/wp-json\/wp\/v2\/media?parent=960"}],"wp:term":[{"taxonomy":"product_brand","embeddable":true,"href":"https:\/\/fmp-components.com\/fi\/wp-json\/wp\/v2\/product_brand?post=960"},{"taxonomy":"product_cat","embeddable":true,"href":"https:\/\/fmp-components.com\/fi\/wp-json\/wp\/v2\/product_cat?post=960"},{"taxonomy":"product_tag","embeddable":true,"href":"https:\/\/fmp-components.com\/fi\/wp-json\/wp\/v2\/product_tag?post=960"}],"curies":[{"name":"wp","href":"https:\/\/api.w.org\/{rel}","templated":true}]}}