{"id":958,"date":"2024-12-19T03:39:43","date_gmt":"2024-12-19T03:39:43","guid":{"rendered":"https:\/\/fmp-components.com\/product\/10038-quality-assurance-hydraulic-cylinder-double-acting-hydraulic-cylinder-for-trailer\/"},"modified":"2024-12-19T08:49:07","modified_gmt":"2024-12-19T08:49:07","slug":"10038-quality-assurance-hydraulic-cylinder-double-acting-hydraulic-cylinder-for-trailer","status":"publish","type":"product","link":"https:\/\/fmp-components.com\/fi\/product\/10038-quality-assurance-hydraulic-cylinder-double-acting-hydraulic-cylinder-for-trailer\/","title":{"rendered":"10038 Laadunvarmistushydraulisylinteri Kaksitoiminen hydraulisylinteri per\u00e4vaunuun"},"content":{"rendered":"<p>10038 Quality Assurance -kaksitoiminen hydraulisylinteri on suunniteltu asiantuntevasti per\u00e4vaunuk\u00e4ytt\u00f6\u00f6n, ja se tarjoaa luotettavaa suorituskyky\u00e4 ja parannettua tehokkuutta. T\u00e4m\u00e4 hydraulisylinteri on rakennettu vastaamaan erilaisten per\u00e4vaunutyyppien vaatimuksiin varmistaen optimaalisen toimivuuden ja kest\u00e4vyyden.<\/p>\n<h4>T\u00e4rkeimm\u00e4t ominaisuudet:<\/h4>\n<ul>\n<li><strong>Kaksitoiminen mekanismi:<\/strong><br \/>\nKaksitoiminen rakenne mahdollistaa sujuvan toiminnan sek\u00e4 pidennyksess\u00e4 ett\u00e4 sis\u00e4\u00e4nvedossa, mik\u00e4 tarjoaa tarkan hallinnan nosto- ja laskuteht\u00e4viss\u00e4. T\u00e4m\u00e4 ominaisuus parantaa per\u00e4vaunun toiminnan yleist\u00e4 suorituskyky\u00e4.<\/li>\n<li><strong>Laadunvarmistus:<\/strong><br \/>\nJokainen hydraulisylinteri k\u00e4y l\u00e4pi tiukat laadunvalvontatestit sen varmistamiseksi, ett\u00e4 se t\u00e4ytt\u00e4\u00e4 alan korkeimmat standardit. T\u00e4m\u00e4 sitoutuminen laatuun takaa luotettavuuden ja turvallisuuden k\u00e4yt\u00f6n aikana.<\/li>\n<li><strong>Kest\u00e4v\u00e4 rakenne:<\/strong><br \/>\nKorkealaatuisista materiaaleista valmistettu 10038-hydraulisylinteri on suunniteltu kest\u00e4m\u00e4\u00e4n raskaan k\u00e4yt\u00f6n rasitukset. Sen kest\u00e4v\u00e4 rakenne varmistaa pitk\u00e4ik\u00e4isen suorituskyvyn my\u00f6s haastavissa ymp\u00e4rist\u00f6iss\u00e4.<\/li>\n<li><strong>Monipuoliset sovellukset:<\/strong><br \/>\nT\u00e4m\u00e4 hydraulisylinteri sopii monenlaisiin per\u00e4vaunusovelluksiin, kuten lavettiper\u00e4vaunuihin, kippiper\u00e4vaunuihin ja hy\u00f6typer\u00e4vaunuihin, ja se parantaa erilaisten per\u00e4vaunutyyppien toimivuutta.<\/li>\n<li><strong>Helppo asennus:<\/strong><br \/>\nYksinkertaiseen asennukseen suunniteltu 10038-hydraulisylinteri voidaan integroida nopeasti olemassa oleviin per\u00e4vaunuj\u00e4rjestelmiin, mik\u00e4 minimoi seisokkiajat ja parantaa tuottavuutta.<\/li>\n<\/ul>\n<p><img decoding=\"async\" src=\"https:\/\/hzpt.com\/wp-content\/uploads\/2023\/12\/random-2.webp\" alt=\"\" title=\"\"><\/p>\n<h4>Tekniset tiedot:<\/h4>\n<table style=\"width: 91.5825%; height: 151px;\">\n<thead>\n<tr>\n<th>Tekniset tiedot<\/th>\n<th>Kuvaus<\/th>\n<\/tr>\n<\/thead>\n<tbody>\n<tr>\n<td><strong>Kantavuus<\/strong><\/td>\n<td>Mukautettava<\/td>\n<\/tr>\n<tr>\n<td><strong>Rei\u00e4n koko<\/strong><\/td>\n<td>Erilaisia \u200b\u200bvaihtoehtoja saatavilla<\/td>\n<\/tr>\n<tr>\n<td><strong>Iskun pituus<\/strong><\/td>\n<td>Mukautettava<\/td>\n<\/tr>\n<tr>\n<td><strong>Maksimipaine<\/strong><\/td>\n<td>Jopa 3000 PSI:t\u00e4<\/td>\n<\/tr>\n<tr>\n<td><strong>Materiaali<\/strong><\/td>\n<td>Korkealaatuinen ter\u00e4s<\/td>\n<\/tr>\n<tr>\n<td><strong>Yhteystyyppi<\/strong><\/td>\n<td>Laipallinen tai kierteinen<\/td>\n<\/tr>\n<\/tbody>\n<\/table>\n<h4>Toimintaperiaate:<\/h4>\n<p>10038-mallin kaksitoiminen hydraulisylinteri toimii hydraulinesteen paineen periaatteella. Kun hydraulinestett\u00e4 pumpataan sylinteriin, se kohdistaa voimaa m\u00e4nt\u00e4\u00e4n, jolloin syntyy lineaarinen liike molempiin suuntiin. T\u00e4m\u00e4 tehokas voimansiirto mahdollistaa per\u00e4vaunun toiminnan tarkan hallinnan ja parantaa kokonaistehokkuutta.<\/p>\n<p>Yhteenvetona voidaan todeta, ett\u00e4 10038 Quality Assurance -kaksitoiminen hydraulisylinteri per\u00e4vaunuille on luotettava ja tehokas ratkaisu per\u00e4vaunun suorituskyvyn parantamiseen. Sen kest\u00e4v\u00e4 rakenne, laadunvarmistus ja monipuoliset k\u00e4ytt\u00f6mahdollisuudet tekev\u00e4t siit\u00e4 olennaisen komponentin k\u00e4ytt\u00e4jille, jotka haluavat parantaa per\u00e4vaunuj\u00e4rjestelmi\u00e4\u00e4n.<\/p>\n<p>&nbsp;<\/p>\n<h2>Kysymykset ja vastaukset<\/h2>\n<ol>\n<li>K: Miten kaksitoiminen hydraulisylinteri toimii?<br \/>\n<img decoding=\"async\" src=\"https:\/\/hzpt.com\/wp-content\/uploads\/2023\/12\/random-1.webp?v=1694163707\" alt=\"\" title=\"\"><br \/>\nA: Se toimii p\u00e4\u00e4st\u00e4m\u00e4ll\u00e4 nesteen sis\u00e4\u00e4n m\u00e4nn\u00e4n molemmilta puolilta, mik\u00e4 tuottaa tehoa molempiin suuntiin.<\/li>\n<li>K: Miss\u00e4 sovelluksissa n\u00e4it\u00e4 sylintereit\u00e4 k\u00e4ytet\u00e4\u00e4n?<br \/>\nA: Niit\u00e4 k\u00e4ytet\u00e4\u00e4n laajalti per\u00e4vaunuissa, muiden sovellusten ohella.<\/li>\n<li>K: Miten valitsen oikean hydrauliikka\u00f6ljyn?<br \/>\nA: Hydrauli\u00f6ljyn valinta riippuu k\u00e4ytt\u00f6ymp\u00e4rist\u00f6st\u00e4 ja hydraulij\u00e4rjestelm\u00e4n ominaisuuksista.<\/li>\n<li>K: Milloin \u00f6ljytiivisteet pit\u00e4isi vaihtaa?<br \/>\nA: \u00d6ljytiivisteet on vaihdettava, kun niiss\u00e4 on kulumisen tai vuodon merkkej\u00e4.<\/li>\n<li>K: Miten hydraulisylinteri mitataan?<br \/>\nA: Mittaat rei\u00e4n halkaisijan, m\u00e4nn\u00e4nvarren halkaisijan ja iskunpituuden.<\/li>\n<\/ol>\n<h2>Hitsatun T-tyyppisen sylinterin edut<\/h2>\n<ul>\n<li style=\"list-style-type: none;\">\n<ul>\n<li><strong>Lis\u00e4\u00e4ntynyt voima:<\/strong> Hitsatut T-tyyppiset sylinterit tunnetaan suuresta lujuudestaan, mink\u00e4 ansiosta ne sopivat raskasta nostoa vaativiin sovelluksiin. N\u00e4iden sylinterien valmistuksessa k\u00e4ytetty hitsausprosessi varmistaa, ett\u00e4 sylinteriss\u00e4 ei ole heikkoja kohtia ja se kest\u00e4\u00e4 suurta painetta ja rasitusta.<\/li>\n<\/ul>\n<\/li>\n<\/ul>\n<p>Kun sylinteriin kohdistetaan painetta, se jakautuu tasaisesti koko pinnalle, mik\u00e4 tekee siit\u00e4 kest\u00e4v\u00e4n muodonmuutokselle. T\u00e4m\u00e4 ominaisuus varmistaa, ett\u00e4 sylinteri s\u00e4ilytt\u00e4\u00e4 muotonsa ja rakenteellisen eheytens\u00e4 my\u00f6s \u00e4\u00e4rimm\u00e4isiss\u00e4 olosuhteissa.<\/p>\n<ul>\n<li style=\"list-style-type: none;\">\n<ul>\n<li><strong>Vuotojen ehk\u00e4isy:<\/strong> Hitsatut T-tyyppiset sylinterit on suunniteltu est\u00e4m\u00e4\u00e4n vuodot. Valmistusprosessissa k\u00e4ytetty hitsausprosessi varmistaa, ett\u00e4 sylinteri on t\u00e4ysin tiivis ja vapaa mahdollisista vuodoista. T\u00e4m\u00e4 ominaisuus tekee niist\u00e4 sopivia k\u00e4ytett\u00e4v\u00e4ksi sovelluksissa, joissa vuoto voi aiheuttaa vakavia vaurioita tai vammoja.<\/li>\n<\/ul>\n<\/li>\n<\/ul>\n<p>Hitsatut liitokset ovat sileit\u00e4, ilman rakoja tai uria, joihin roskat tai lika voisivat ker\u00e4\u00e4nty\u00e4, mik\u00e4 v\u00e4hent\u00e4\u00e4 korroosion ja sylinterin vaurioitumisen riski\u00e4.<\/p>\n<ul>\n<li style=\"list-style-type: none;\">\n<ul>\n<li><strong>Mukautettava:<\/strong> Hitsattuja T-tyyppisi\u00e4 sylintereit\u00e4 voidaan r\u00e4\u00e4t\u00e4l\u00f6id\u00e4 tiettyihin sovelluksiin. Sylintereit\u00e4 on saatavana eri kokoisina ja muotoisina, ja ne voidaan valmistaa vastaamaan sovelluksen erityisvaatimuksia.<\/li>\n<\/ul>\n<\/li>\n<\/ul>\n<p>R\u00e4\u00e4t\u00e4l\u00f6intiprosessi mahdollistaa sylinterin suorituskyvyn optimoinnin varmistaen, ett\u00e4 se sopii aiottuun k\u00e4ytt\u00f6tarkoitukseen. T\u00e4m\u00e4 ominaisuus tekee hitsatuista T-tyyppisist\u00e4 sylintereist\u00e4 ihanteellisia k\u00e4ytett\u00e4v\u00e4ksi erilaisissa teollisissa sovelluksissa, kuten rakentamisessa, kaivostoiminnassa ja materiaalink\u00e4sittelyss\u00e4.<\/p>\n<ul>\n<li style=\"list-style-type: none;\">\n<ul>\n<li><strong>Kustannustehokas:<\/strong> Hitsatut T-tyyppiset sylinterit ovat kustannustehokkaita verrattuna muuntyyppisiin sylintereihin. N\u00e4iden sylinterien valmistuksessa k\u00e4ytetty valmistusprosessi on yksinkertainen, mink\u00e4 ansiosta ne ovat halvempia kuin muuntyyppiset sylinterit.<\/li>\n<\/ul>\n<\/li>\n<\/ul>\n<p>Lis\u00e4ksi hitsattujen T-tyyppisten sylinterien korkea lujuus ja kest\u00e4vyys v\u00e4hent\u00e4v\u00e4t usein teht\u00e4vien korjausten ja vaihtojen tarvetta, mik\u00e4 s\u00e4\u00e4st\u00e4\u00e4 yll\u00e4pitokustannuksissa. T\u00e4m\u00e4 ominaisuus tekee niist\u00e4 suositun valinnan monilla toimialoilla, erityisesti niill\u00e4, joilla on rajallinen budjetti.<\/p>\n<ul>\n<li style=\"list-style-type: none;\">\n<ul>\n<li><strong>Lis\u00e4\u00e4ntynyt tehokkuus:<\/strong> Hitsatut T-tyyppiset sylinterit ovat eritt\u00e4in tehokkaita ja toimivia. Sylinterin rakenne varmistaa, ett\u00e4 k\u00e4ytetty voima siirtyy suoraan kuormaan, mik\u00e4 v\u00e4hent\u00e4\u00e4 energiah\u00e4vi\u00f6t\u00e4 ja lis\u00e4\u00e4 tehokkuutta.<\/li>\n<\/ul>\n<\/li>\n<\/ul>\n<p>Hitsatut liitokset ovat vahvoja ja j\u00e4ykki\u00e4, mik\u00e4 minimoi taipuman ja varmistaa, ett\u00e4 sylinteri s\u00e4ilytt\u00e4\u00e4 muotonsa ja rakenteellisen eheytens\u00e4 my\u00f6s \u00e4\u00e4rimm\u00e4isiss\u00e4 olosuhteissa. T\u00e4m\u00e4 ominaisuus tekee hitsatuista T-tyyppisist\u00e4 sylintereist\u00e4 ihanteellisia k\u00e4ytett\u00e4v\u00e4ksi sovelluksissa, jotka vaativat korkeaa hy\u00f6tysuhdetta ja luotettavuutta.<\/p>\n<h2>Hitsatun T-tyyppisen sylinterin k\u00e4ytt\u00f6<\/h2>\n<h3>Johdanto<\/h3>\n<p>Hitsattu T-kappale on hydraulinen sylinterityyppi, jota k\u00e4ytet\u00e4\u00e4n yleisesti teollisissa sovelluksissa. Se on suunniteltu tarjoamaan suuri voima kompaktissa ja kustannustehokkaassa paketissa. T\u00e4m\u00e4n tyyppinen sylinteri koostuu hitsatusta T-kappaleesta ja T-kappaleeseen kiinnitetyst\u00e4 m\u00e4nn\u00e4nvarresta. T-kappale on yhdistetty sylinterin runkoon ja sis\u00e4lt\u00e4\u00e4 m\u00e4nn\u00e4n, joka liikkuu edestakaisin rungon sis\u00e4ll\u00e4 voiman tuottamiseksi.<\/p>\n<p><img loading=\"lazy\" decoding=\"async\" class=\"size-full wp-image-974 aligncenter\" src=\"https:\/\/fmp-components.com\/wp-content\/uploads\/2024\/12\/application-of-Welded-Tee-Type-Cylinder.webp\" alt=\"hitsatun T-tyyppisen sylinterin k\u00e4ytt\u00f6\" width=\"760\" height=\"860\" title=\"\" srcset=\"https:\/\/fmp-components.com\/wp-content\/uploads\/2024\/12\/application-of-Welded-Tee-Type-Cylinder.webp 760w, https:\/\/fmp-components.com\/wp-content\/uploads\/2024\/12\/application-of-Welded-Tee-Type-Cylinder-480x543.webp 480w\" sizes=\"(min-width: 0px) and (max-width: 480px) 480px, (min-width: 481px) 760px, 100vw\" \/><\/p>\n<h3>Hitsatun T-tyyppisen sylinterin edut<\/h3>\n<p>Hitsatun T-tyyppisen sylinterin k\u00e4yt\u00f6ll\u00e4 teollisissa sovelluksissa on useita etuja:<\/p>\n<ul>\n<li><b>Kompakti muotoilu:<\/b> Hitsatut T-tyyppiset sylinterit on suunniteltu kompakteiksi, mik\u00e4 tekee niist\u00e4 ihanteellisia k\u00e4ytett\u00e4v\u00e4ksi sovelluksissa, joissa tilaa on rajoitetusti.<\/li>\n<li><b>Korkea hy\u00f6tysuhde:<\/b> Hitsatut T-tyyppiset sylinterit ovat eritt\u00e4in tehokkaita, mik\u00e4 tarkoittaa, ett\u00e4 ne voivat tuottaa suuren m\u00e4\u00e4r\u00e4n voimaa minimaalisella energiankulutuksella.<\/li>\n<li><b>Kest\u00e4v\u00e4:<\/b> Hitsatut T-tyyppiset sylinterit on suunniteltu eritt\u00e4in kest\u00e4viksi, mik\u00e4 tarkoittaa, ett\u00e4 ne kest\u00e4v\u00e4t ankaria k\u00e4ytt\u00f6olosuhteita ja ovat pitk\u00e4ik\u00e4isi\u00e4.<\/li>\n<li><b>Kustannustehokas:<\/b> Hitsatut T-tyyppiset sylinterit ovat kustannustehokkaita, mik\u00e4 tarkoittaa hyv\u00e4\u00e4 vastinetta rahalle.<\/li>\n<\/ul>\n<h3>Hitsatun T-tyyppisen sylinterin sovellukset<\/h3>\n<p>Hitsattujen T-tyyppisten sylintereiden sovelluksia on monia eri teollisuudenaloilla, mukaan lukien:<\/p>\n<ul>\n<li><b>Valmistus:<\/b> Hitsattuja T-tyyppisi\u00e4 sylintereit\u00e4 k\u00e4ytet\u00e4\u00e4n valmistuksessa koneiden k\u00e4ytt\u00e4miseen, raskaiden kuormien siirt\u00e4miseen ja metalliosien muotoiluun.<\/li>\n<li><b>Maatalous:<\/b> Hitsattuja T-tyyppisi\u00e4 sylintereit\u00e4 k\u00e4ytet\u00e4\u00e4n maataloudessa traktoreiden, puimureiden ja muiden maatalouslaitteiden hydraulij\u00e4rjestelmien k\u00e4ytt\u00e4miseen.<\/li>\n<li><b>Rakentaminen:<\/b> Hitsattuja T-tyyppisi\u00e4 sylintereit\u00e4 k\u00e4ytet\u00e4\u00e4n rakennusalalla koneiden, kuten nostureiden, kaivinkoneiden ja kaivinkoneiden, k\u00e4ytt\u00e4miseen.<\/li>\n<li><b>Kaivostoiminta:<\/b> Hitsattuja T-tyyppisi\u00e4 sylintereit\u00e4 k\u00e4ytet\u00e4\u00e4n kaivosteollisuudessa hydraulisten j\u00e4rjestelmien k\u00e4ytt\u00e4miseen raskaissa laitteissa, kuten puskutraktoreissa, kuormaajissa ja kallioporakoneissa.<\/li>\n<li><b>Kuljetus:<\/b> Hitsattuja T-tyyppisi\u00e4 sylintereit\u00e4 k\u00e4ytet\u00e4\u00e4n kuljetuksessa hydraulij\u00e4rjestelmien k\u00e4ytt\u00e4miseen kuorma-autoissa, linja-autoissa ja muissa ajoneuvoissa.<\/li>\n<\/ul>\n<p>Yhteenvetona voidaan todeta, ett\u00e4 hitsatut T-tyyppiset sylinterit ovat t\u00e4rke\u00e4 komponentti monissa teollisissa sovelluksissa. Ne on suunniteltu kompakteiksi, tehokkaiksi, kest\u00e4viksi ja kustannustehokkaiksi, mik\u00e4 tekee niist\u00e4 ihanteellisen valinnan monenlaisiin sovelluksiin. K\u00e4ytitp\u00e4 sitten koneita tuotantolaitoksessa, maatalouskoneita maatilalla tai raskaita laitteita kaivoksessa, hitsatut T-tyyppiset sylinterit voivat auttaa sinua suorittamaan ty\u00f6t tehokkaasti ja tuloksellisesti.<\/p>\n<h3>Tietoja FMP:st\u00e4<\/h3>\n<p>FMP on johtava hydraulisylintereiden valmistaja ja toimittaja, jolla on yli 30 vuoden kokemus alalta. Italiassa sijaitseva huippumoderni teollisuusalueemme k\u00e4sitt\u00e4\u00e4 yli 100 edistynytt\u00e4 laitetta, mukaan lukien automaattiset kaasusuojatut hitsauskoneet, syv\u00e4reik\u00e4porauskoneet, CNC-sorvit, sylinterihiomakoneet, automaattiset puhdistuskoneet, automaattiset asennuskoneet, automaattiset hydraulisylintereiden suorituskyvyn testauspenkit ja automaattiset maalauslinjat.<\/p>\n<p><img decoding=\"async\" src=\"https:\/\/fmp-components.com\/wp-content\/uploads\/2024\/12\/fmp-factory-4.webp\" alt=\"FMP-tehdas\" width=\"800\" title=\"\"><\/p>\n<p>Tarjoamme laajan valikoiman hydraulisylintereit\u00e4 erilaisiin tarpeisiin:<\/p>\n<ol>\n<li>Hydraulisylinteri: Vakiohydraulisylinterimme on huolellisesti k\u00e4sitelty ja tarkastettu huippulaadun varmistamiseksi. Ne on suunniteltu tarjoamaan poikkeuksellista suorituskyky\u00e4 ja kest\u00e4vyytt\u00e4.<\/li>\n<li>Hydraulisylinteri korvakoruihin: T\u00e4m\u00e4 erikoishydraulisylinteri on suunniteltu erityisesti korvakoruihin. Sen kest\u00e4v\u00e4 rakenne ja tarkka suunnittelu tekev\u00e4t siit\u00e4 luotettavan valinnan.<\/li>\n<li>Kaksisuuntainen automaattinen teleskooppinen hydraulisylinteri: Kaksisuuntainen automaattinen teleskooppinen hydraulisylinterimme tarjoaa monipuolisuutta ja tehokkuutta. Se on suunniteltu k\u00e4sittelem\u00e4\u00e4n vaativia teht\u00e4vi\u00e4 helposti.<\/li>\n<li>Suunnittelupalvelu: Kokenut suunnittelutiimimme on omistautunut tarjoamaan erinomaisia \u200b\u200bsuunnittelu- ja kehityspalveluita. Tarvitsetpa sitten uusia tuotesuunnitelmia tai parannuksia olemassa oleviin, olemme t\u00e4\u00e4ll\u00e4 tukemassa sinua.<\/li>\n<li>Tuotepalvelu: Raaka-aineista kuljetukseen varmistamme saumattoman tuotantoprosessin. Tuotteemme k\u00e4yv\u00e4t l\u00e4pi leikkauksen, karkean k\u00e4sittelyn, testauksen, puhdistuksen, kokoonpanon, pakkauksen ja tiukat laatutarkastukset moitteettomien tulosten saavuttamiseksi.<\/li>\n<\/ol>\n<p>N\u00e4iden avaintuotteiden lis\u00e4ksi tarjoamme my\u00f6s n\u00e4ytteiden kehityspalveluita, jotka t\u00e4ytt\u00e4v\u00e4t erityistarpeesi. Tiimimme voi kehitt\u00e4\u00e4 ja muokata n\u00e4ytteit\u00e4, kunnes ne vastaavat t\u00e4ydellisesti tarpeitasi. Lis\u00e4ksi sitoutumisemme tutkimukseen ja kehitykseen auttaa meit\u00e4 pysym\u00e4\u00e4n markkinoiden trendien edell\u00e4. Tutkimme jatkuvasti markkinoiden kehittyvi\u00e4 tarpeita ja kehit\u00e4mme uusia malleja vastaavasti.<\/p>\n<p>Valitse FMP kaikkiin hydraulisylintereihisi. Korkealaatuisten tuotteidemme, laajan asiantuntemuksemme ja asiakaskeskeisen l\u00e4hestymistapamme ansiosta olemme luotettu kumppanisi. Ota meihin yhteytt\u00e4 jo t\u00e4n\u00e4\u00e4n keskustellaksesi tarpeistasi ja koe FMP:n edut.<\/p>\n<p>Tekij\u00e4: CX<\/p>","protected":false},"excerpt":{"rendered":"<p>The 10038 Quality Assurance Double Acting Hydraulic Cylinder is expertly designed for trailer applications, offering reliable performance and enhanced efficiency. This hydraulic cylinder is built to meet the demands of various trailer types, ensuring optimal functionality and durability. Key Features: Double Acting Mechanism: The double acting design allows for smooth operation in both extension and [&hellip;]<\/p>","protected":false},"featured_media":1133,"comment_status":"closed","ping_status":"closed","template":"","meta":{"_et_pb_use_builder":"","_et_pb_old_content":"","_et_gb_content_width":""},"product_brand":[],"product_cat":[31],"product_tag":[34,35],"class_list":{"0":"post-958","1":"product","2":"type-product","3":"status-publish","4":"has-post-thumbnail","6":"product_cat-welded-tee-type-cylinder","7":"product_tag-hydraulic-cylinder","8":"product_tag-welded-tee-type-cylinder","10":"first","11":"instock","12":"product-type-simple"},"_links":{"self":[{"href":"https:\/\/fmp-components.com\/fi\/wp-json\/wp\/v2\/product\/958","targetHints":{"allow":["GET"]}}],"collection":[{"href":"https:\/\/fmp-components.com\/fi\/wp-json\/wp\/v2\/product"}],"about":[{"href":"https:\/\/fmp-components.com\/fi\/wp-json\/wp\/v2\/types\/product"}],"replies":[{"embeddable":true,"href":"https:\/\/fmp-components.com\/fi\/wp-json\/wp\/v2\/comments?post=958"}],"wp:featuredmedia":[{"embeddable":true,"href":"https:\/\/fmp-components.com\/fi\/wp-json\/wp\/v2\/media\/1133"}],"wp:attachment":[{"href":"https:\/\/fmp-components.com\/fi\/wp-json\/wp\/v2\/media?parent=958"}],"wp:term":[{"taxonomy":"product_brand","embeddable":true,"href":"https:\/\/fmp-components.com\/fi\/wp-json\/wp\/v2\/product_brand?post=958"},{"taxonomy":"product_cat","embeddable":true,"href":"https:\/\/fmp-components.com\/fi\/wp-json\/wp\/v2\/product_cat?post=958"},{"taxonomy":"product_tag","embeddable":true,"href":"https:\/\/fmp-components.com\/fi\/wp-json\/wp\/v2\/product_tag?post=958"}],"curies":[{"name":"wp","href":"https:\/\/api.w.org\/{rel}","templated":true}]}}