{"id":954,"date":"2024-12-19T03:39:43","date_gmt":"2024-12-19T03:39:43","guid":{"rendered":"https:\/\/fmp-components.com\/product\/10034-cost-effective-welded-hydraulic-cylinders-double-acting\/"},"modified":"2024-12-19T08:48:23","modified_gmt":"2024-12-19T08:48:23","slug":"10034-cost-effective-welded-hydraulic-cylinders-double-acting","status":"publish","type":"product","link":"https:\/\/fmp-components.com\/fi\/product\/10034-cost-effective-welded-hydraulic-cylinders-double-acting\/","title":{"rendered":"10034 Kustannustehokkaat hitsatut hydraulisylinterit, kaksitoimiset"},"content":{"rendered":"<p>10034-mallin kustannustehokkaat hitsatut hydraulisylinterit on suunniteltu luotettavaan suorituskykyyn erilaisissa sovelluksissa, ja ne tarjoavat vankan ratkaisun sek\u00e4 teollisuuden ett\u00e4 maatalouden tarpeisiin. N\u00e4m\u00e4 kaksitoimiset sylinterit on suunniteltu tehokkuutta ja kest\u00e4vyytt\u00e4 silm\u00e4ll\u00e4 pit\u00e4en, mik\u00e4 tekee niist\u00e4 arvokkaan lis\u00e4n mihin tahansa hydraulij\u00e4rjestelm\u00e4\u00e4n.<\/p>\n<h4>T\u00e4rkeimm\u00e4t ominaisuudet:<\/h4>\n<ul>\n<li><strong>Kaksitoiminen mekanismi:<\/strong><br \/>\nKaksitoiminen rakenne mahdollistaa tehokkaan toiminnan sek\u00e4 pidennys- ett\u00e4 sis\u00e4\u00e4nvetoasennossa, tarjoten tasaisen ja hallitun liikkeen nosto-, ty\u00f6nt\u00f6- ja vetoteht\u00e4viss\u00e4. T\u00e4m\u00e4 ominaisuus parantaa monipuolisuutta erilaisissa sovelluksissa.<\/li>\n<li><strong>Hitsattu rakenne:<\/strong><br \/>\nHitsatulla rakenteella rakennetut 10034-hydraulisylinterit tarjoavat erinomaisen lujuuden ja kest\u00e4vyyden. T\u00e4m\u00e4 rakennusmenetelm\u00e4 varmistaa vankan rakenteen, joka kest\u00e4\u00e4 korkeita paineita ja vaativia olosuhteita.<\/li>\n<li><strong>Kustannustehokas ratkaisu:<\/strong><br \/>\nN\u00e4m\u00e4 hydraulisylinterit on suunniteltu tarjoamaan erinomaista suorituskyky\u00e4 edulliseen hintaan, ja ne ovat taloudellinen valinta niille, jotka haluavat optimoida hydraulij\u00e4rjestelm\u00e4ns\u00e4 laadusta tinkim\u00e4tt\u00e4.<\/li>\n<li><strong>Monipuoliset sovellukset:<\/strong><br \/>\n10034-hydraulisylinterit sopivat monenlaisiin k\u00e4ytt\u00f6tarkoituksiin, kuten teollisuuskoneisiin, maatalouskoneisiin ja rakennusprojekteihin, ja ne ovat mukautettavissa vastaamaan erilaisiin k\u00e4ytt\u00f6tarpeisiin.<\/li>\n<li><strong>Helppo asennus:<\/strong><br \/>\nRakenne helpottaa asennusta ja mahdollistaa nopean integroinnin olemassa oleviin j\u00e4rjestelmiin. T\u00e4m\u00e4 helppok\u00e4ytt\u00f6isyys minimoi seisokkiajat ja parantaa tuottavuutta.<\/li>\n<\/ul>\n<p><img decoding=\"async\" src=\"https:\/\/hzpt.com\/wp-content\/uploads\/2023\/12\/random-2.webp\" alt=\"\" title=\"\"><\/p>\n<h4>Tekniset tiedot:<\/h4>\n<table style=\"width: 89.7053%; height: 327px;\">\n<thead>\n<tr style=\"height: 23px;\">\n<th style=\"height: 23px;\">Tekniset tiedot<\/th>\n<th style=\"height: 23px;\">Kuvaus<\/th>\n<\/tr>\n<\/thead>\n<tbody>\n<tr style=\"height: 23px;\">\n<td style=\"height: 23px;\"><strong>Kantavuus<\/strong><\/td>\n<td style=\"height: 23px;\">Mukautettava<\/td>\n<\/tr>\n<tr style=\"height: 47px;\">\n<td style=\"height: 47px;\"><strong>Rei\u00e4n koko<\/strong><\/td>\n<td style=\"height: 47px;\">Erilaisia \u200b\u200bvaihtoehtoja saatavilla<\/td>\n<\/tr>\n<tr style=\"height: 23px;\">\n<td style=\"height: 23px;\"><strong>Iskun pituus<\/strong><\/td>\n<td style=\"height: 23px;\">Mukautettava<\/td>\n<\/tr>\n<tr style=\"height: 47px;\">\n<td style=\"height: 47px;\"><strong>Maksimipaine<\/strong><\/td>\n<td style=\"height: 47px;\">Jopa 3000 PSI:t\u00e4<\/td>\n<\/tr>\n<tr style=\"height: 23px;\">\n<td style=\"height: 23px;\"><strong>Materiaali<\/strong><\/td>\n<td style=\"height: 23px;\">Korkealaatuinen ter\u00e4s<\/td>\n<\/tr>\n<tr style=\"height: 23px;\">\n<td style=\"height: 23px;\"><strong>Yhteystyyppi<\/strong><\/td>\n<td style=\"height: 23px;\">Laipallinen tai kierteinen<\/td>\n<\/tr>\n<\/tbody>\n<\/table>\n<h4>Toimintaperiaate:<\/h4>\n<p>10034-hitsatut hydraulisylinterit toimivat hydraulinesteen paineen periaatteella. Kun hydraulinestett\u00e4 pumpataan sylinteriin, se kohdistaa voimaa m\u00e4nt\u00e4\u00e4n, jolloin syntyy lineaarinen liike molempiin suuntiin. T\u00e4m\u00e4 tehokas voimansiirto mahdollistaa tarkan hallinnan erilaisissa teht\u00e4viss\u00e4 ja parantaa toiminnan tehokkuutta.<\/p>\n<p>Yhteenvetona voidaan todeta, ett\u00e4 10034-mallin kustannustehokkaat hitsatut kaksitoimiset hydraulisylinterit ovat luotettava ja edullinen ratkaisu monenlaisiin k\u00e4ytt\u00f6tarkoituksiin. Niiden kest\u00e4v\u00e4 rakenne, monipuolisuus ja helppo asennus tekev\u00e4t niist\u00e4 olennaisen valinnan hydraulisten j\u00e4rjestelmien suorituskyvyn parantamiseksi teollisuus- ja maatalousymp\u00e4rist\u00f6iss\u00e4.<\/p>\n<p>&nbsp;<\/p>\n<p><img decoding=\"async\" class=\"aligncenter\" src=\"https:\/\/hzpt.com\/wp-content\/uploads\/2023\/12\/random-3.webp\" alt=\"\" title=\"\"><\/p>\n<h2>Hitsatun T-tyyppisen sylinterin edut<\/h2>\n<ul>\n<li style=\"list-style-type: none;\">\n<ul>\n<li><strong>Lis\u00e4\u00e4ntynyt voima:<\/strong> Hitsatut T-tyyppiset sylinterit tunnetaan suuresta lujuudestaan, mink\u00e4 ansiosta ne sopivat raskasta nostoa vaativiin sovelluksiin. N\u00e4iden sylinterien valmistuksessa k\u00e4ytetty hitsausprosessi varmistaa, ett\u00e4 sylinteriss\u00e4 ei ole heikkoja kohtia ja se kest\u00e4\u00e4 suurta painetta ja rasitusta.<\/li>\n<\/ul>\n<\/li>\n<\/ul>\n<p>Kun sylinteriin kohdistetaan painetta, se jakautuu tasaisesti koko pinnalle, mik\u00e4 tekee siit\u00e4 kest\u00e4v\u00e4n muodonmuutokselle. T\u00e4m\u00e4 ominaisuus varmistaa, ett\u00e4 sylinteri s\u00e4ilytt\u00e4\u00e4 muotonsa ja rakenteellisen eheytens\u00e4 my\u00f6s \u00e4\u00e4rimm\u00e4isiss\u00e4 olosuhteissa.<\/p>\n<ul>\n<li style=\"list-style-type: none;\">\n<ul>\n<li><strong>Vuotojen ehk\u00e4isy:<\/strong> Hitsatut T-tyyppiset sylinterit on suunniteltu est\u00e4m\u00e4\u00e4n vuodot. Valmistusprosessissa k\u00e4ytetty hitsausprosessi varmistaa, ett\u00e4 sylinteri on t\u00e4ysin tiivis ja vapaa mahdollisista vuodoista. T\u00e4m\u00e4 ominaisuus tekee niist\u00e4 sopivia k\u00e4ytett\u00e4v\u00e4ksi sovelluksissa, joissa vuoto voi aiheuttaa vakavia vaurioita tai vammoja.<\/li>\n<\/ul>\n<\/li>\n<\/ul>\n<p>Hitsatut liitokset ovat sileit\u00e4, ilman rakoja tai uria, joihin roskat tai lika voisivat ker\u00e4\u00e4nty\u00e4, mik\u00e4 v\u00e4hent\u00e4\u00e4 korroosion ja sylinterin vaurioitumisen riski\u00e4.<\/p>\n<ul>\n<li style=\"list-style-type: none;\">\n<ul>\n<li><strong>Mukautettava:<\/strong> Hitsattuja T-tyyppisi\u00e4 sylintereit\u00e4 voidaan r\u00e4\u00e4t\u00e4l\u00f6id\u00e4 tiettyihin sovelluksiin. Sylintereit\u00e4 on saatavana eri kokoisina ja muotoisina, ja ne voidaan valmistaa vastaamaan sovelluksen erityisvaatimuksia.<\/li>\n<\/ul>\n<\/li>\n<\/ul>\n<p>R\u00e4\u00e4t\u00e4l\u00f6intiprosessi mahdollistaa sylinterin suorituskyvyn optimoinnin varmistaen, ett\u00e4 se sopii aiottuun k\u00e4ytt\u00f6tarkoitukseen. T\u00e4m\u00e4 ominaisuus tekee hitsatuista T-tyyppisist\u00e4 sylintereist\u00e4 ihanteellisia k\u00e4ytett\u00e4v\u00e4ksi erilaisissa teollisissa sovelluksissa, kuten rakentamisessa, kaivostoiminnassa ja materiaalink\u00e4sittelyss\u00e4.<\/p>\n<ul>\n<li style=\"list-style-type: none;\">\n<ul>\n<li><strong>Kustannustehokas:<\/strong> Hitsatut T-tyyppiset sylinterit ovat kustannustehokkaita verrattuna muuntyyppisiin sylintereihin. N\u00e4iden sylinterien valmistuksessa k\u00e4ytetty valmistusprosessi on yksinkertainen, mink\u00e4 ansiosta ne ovat halvempia kuin muuntyyppiset sylinterit.<\/li>\n<\/ul>\n<\/li>\n<\/ul>\n<p>Lis\u00e4ksi hitsattujen T-tyyppisten sylinterien korkea lujuus ja kest\u00e4vyys v\u00e4hent\u00e4v\u00e4t usein teht\u00e4vien korjausten ja vaihtojen tarvetta, mik\u00e4 s\u00e4\u00e4st\u00e4\u00e4 yll\u00e4pitokustannuksissa. T\u00e4m\u00e4 ominaisuus tekee niist\u00e4 suositun valinnan monilla toimialoilla, erityisesti niill\u00e4, joilla on rajallinen budjetti.<\/p>\n<ul>\n<li style=\"list-style-type: none;\">\n<ul>\n<li><strong>Lis\u00e4\u00e4ntynyt tehokkuus:<\/strong> Hitsatut T-tyyppiset sylinterit ovat eritt\u00e4in tehokkaita ja toimivia. Sylinterin rakenne varmistaa, ett\u00e4 k\u00e4ytetty voima siirtyy suoraan kuormaan, mik\u00e4 v\u00e4hent\u00e4\u00e4 energiah\u00e4vi\u00f6t\u00e4 ja lis\u00e4\u00e4 tehokkuutta.<\/li>\n<\/ul>\n<\/li>\n<\/ul>\n<p>Hitsatut liitokset ovat vahvoja ja j\u00e4ykki\u00e4, mik\u00e4 minimoi taipuman ja varmistaa, ett\u00e4 sylinteri s\u00e4ilytt\u00e4\u00e4 muotonsa ja rakenteellisen eheytens\u00e4 my\u00f6s \u00e4\u00e4rimm\u00e4isiss\u00e4 olosuhteissa. T\u00e4m\u00e4 ominaisuus tekee hitsatuista T-tyyppisist\u00e4 sylintereist\u00e4 ihanteellisia k\u00e4ytett\u00e4v\u00e4ksi sovelluksissa, jotka vaativat korkeaa hy\u00f6tysuhdetta ja luotettavuutta.<\/p>\n<h2>Hitsatun T-tyyppisen sylinterin k\u00e4ytt\u00f6<\/h2>\n<h3>Johdanto<\/h3>\n<p>Hitsattu T-kappale on hydraulinen sylinterityyppi, jota k\u00e4ytet\u00e4\u00e4n yleisesti teollisissa sovelluksissa. Se on suunniteltu tarjoamaan suuri voima kompaktissa ja kustannustehokkaassa paketissa. T\u00e4m\u00e4n tyyppinen sylinteri koostuu hitsatusta T-kappaleesta ja T-kappaleeseen kiinnitetyst\u00e4 m\u00e4nn\u00e4nvarresta. T-kappale on yhdistetty sylinterin runkoon ja sis\u00e4lt\u00e4\u00e4 m\u00e4nn\u00e4n, joka liikkuu edestakaisin rungon sis\u00e4ll\u00e4 voiman tuottamiseksi.<\/p>\n<h3>Hitsatun T-tyyppisen sylinterin edut<\/h3>\n<p>Hitsatun T-tyyppisen sylinterin k\u00e4yt\u00f6ll\u00e4 teollisissa sovelluksissa on useita etuja:<\/p>\n<ul>\n<li><b>Kompakti muotoilu:<\/b> Hitsatut T-tyyppiset sylinterit on suunniteltu kompakteiksi, mik\u00e4 tekee niist\u00e4 ihanteellisia k\u00e4ytett\u00e4v\u00e4ksi sovelluksissa, joissa tilaa on rajoitetusti.<\/li>\n<li><b>Korkea hy\u00f6tysuhde:<\/b> Hitsatut T-tyyppiset sylinterit ovat eritt\u00e4in tehokkaita, mik\u00e4 tarkoittaa, ett\u00e4 ne voivat tuottaa suuren m\u00e4\u00e4r\u00e4n voimaa minimaalisella energiankulutuksella.<\/li>\n<li><b>Kest\u00e4v\u00e4:<\/b> Hitsatut T-tyyppiset sylinterit on suunniteltu eritt\u00e4in kest\u00e4viksi, mik\u00e4 tarkoittaa, ett\u00e4 ne kest\u00e4v\u00e4t ankaria k\u00e4ytt\u00f6olosuhteita ja ovat pitk\u00e4ik\u00e4isi\u00e4.<\/li>\n<li><b>Kustannustehokas:<\/b> Hitsatut T-tyyppiset sylinterit ovat kustannustehokkaita, mik\u00e4 tarkoittaa hyv\u00e4\u00e4 vastinetta rahalle.<\/li>\n<\/ul>\n<h3>Hitsatun T-tyyppisen sylinterin sovellukset<\/h3>\n<p>Hitsattujen T-tyyppisten sylintereiden sovelluksia on monia eri teollisuudenaloilla, mukaan lukien:<\/p>\n<ul>\n<li><b>Valmistus:<\/b> Hitsattuja T-tyyppisi\u00e4 sylintereit\u00e4 k\u00e4ytet\u00e4\u00e4n valmistuksessa koneiden k\u00e4ytt\u00e4miseen, raskaiden kuormien siirt\u00e4miseen ja metalliosien muotoiluun.<\/li>\n<li><b>Maatalous:<\/b> Hitsattuja T-tyyppisi\u00e4 sylintereit\u00e4 k\u00e4ytet\u00e4\u00e4n maataloudessa traktoreiden, puimureiden ja muiden maatalouslaitteiden hydraulij\u00e4rjestelmien k\u00e4ytt\u00e4miseen.<\/li>\n<li><b>Rakentaminen:<\/b> Hitsattuja T-tyyppisi\u00e4 sylintereit\u00e4 k\u00e4ytet\u00e4\u00e4n rakennusalalla koneiden, kuten nostureiden, kaivinkoneiden ja kaivinkoneiden, k\u00e4ytt\u00e4miseen.<\/li>\n<li><b>Kaivostoiminta:<\/b> Hitsattuja T-tyyppisi\u00e4 sylintereit\u00e4 k\u00e4ytet\u00e4\u00e4n kaivosteollisuudessa hydraulisten j\u00e4rjestelmien k\u00e4ytt\u00e4miseen raskaissa laitteissa, kuten puskutraktoreissa, kuormaajissa ja kallioporakoneissa.<\/li>\n<li><b>Kuljetus:<\/b> Hitsattuja T-tyyppisi\u00e4 sylintereit\u00e4 k\u00e4ytet\u00e4\u00e4n kuljetuksessa hydraulij\u00e4rjestelmien k\u00e4ytt\u00e4miseen kuorma-autoissa, linja-autoissa ja muissa ajoneuvoissa.<\/li>\n<\/ul>\n<p>Yhteenvetona voidaan todeta, ett\u00e4 hitsatut T-tyyppiset sylinterit ovat t\u00e4rke\u00e4 komponentti monissa teollisissa sovelluksissa. Ne on suunniteltu kompakteiksi, tehokkaiksi, kest\u00e4viksi ja kustannustehokkaiksi, mik\u00e4 tekee niist\u00e4 ihanteellisen valinnan monenlaisiin sovelluksiin. K\u00e4ytitp\u00e4 sitten koneita tuotantolaitoksessa, maatalouskoneita maatilalla tai raskaita laitteita kaivoksessa, hitsatut T-tyyppiset sylinterit voivat auttaa sinua suorittamaan ty\u00f6t tehokkaasti ja tuloksellisesti.<\/p>\n<p><img loading=\"lazy\" decoding=\"async\" class=\"size-full wp-image-974 aligncenter\" src=\"https:\/\/fmp-components.com\/wp-content\/uploads\/2024\/12\/application-of-Welded-Tee-Type-Cylinder.webp\" alt=\"hitsatun T-tyyppisen sylinterin k\u00e4ytt\u00f6\" width=\"760\" height=\"860\" title=\"\" srcset=\"https:\/\/fmp-components.com\/wp-content\/uploads\/2024\/12\/application-of-Welded-Tee-Type-Cylinder.webp 760w, https:\/\/fmp-components.com\/wp-content\/uploads\/2024\/12\/application-of-Welded-Tee-Type-Cylinder-480x543.webp 480w\" sizes=\"(min-width: 0px) and (max-width: 480px) 480px, (min-width: 481px) 760px, 100vw\" \/><\/p>\n<h3>Tietoja FMP:st\u00e4<\/h3>\n<p>Yli 30 vuotta sitten perustettu FMP on johtava hydraulisylintereiden valmistaja ja toimittaja. Teollisuusalueemme sijaitsee Italiassa, ja olemme ylpeit\u00e4 huippumoderneista tiloistamme, joissa on yli 100 edistynytt\u00e4 konetta. Laajaan laitevalikoimaamme kuuluvat automaattiset kaasusuojatut hitsauskoneet, syv\u00e4reik\u00e4porauskoneet, CNC-sorvit, sylinterihiomakoneet, automaattiset puhdistuskoneet, automaattiset asennuskoneet, automaattiset hydraulisylintereiden suorituskyvyn testauspenkit, automaattiset maalauslinjat ja paljon muuta.<\/p>\n<p>FMP:ll\u00e4 asetamme laadun ja asiakastyytyv\u00e4isyyden etusijalle. Jokainen hydraulisylinteri k\u00e4y l\u00e4pi perusteellisen k\u00e4sittelyn ja tarkastuksen varmistaaksemme huippulaadun asiakkaillemme.<\/p>\n<h4>Tuotteemme ja yrityksemme edut:<\/h4>\n<ol>\n<li><strong>Suunnittelupalvelu:<\/strong> Kokenut suunnittelutiimimme on hyvin varustautunut hoitamaan nivelakseleiden tuotesuunnittelua ja -kehityst\u00e4. Jos sinulla on vaatimuksia uusille tuotteille tai etsit lis\u00e4parannuksia, olemme t\u00e4\u00e4ll\u00e4 tukemassa sinua.<\/li>\n<li><strong>Tuotepalvelu:<\/strong> Kattava tuotepalvelumme kattaa koko tuotantoprosessin raaka-aineiden hankinnasta leikkaamiseen, karkeaan k\u00e4sittelyyn, testaukseen, puhdistukseen, kokoonpanoon, pakkaamiseen ja kuljetukseen. Pyrimme toimittamaan korkeimpien standardien mukaisia \u200b\u200btuotteita.<\/li>\n<li><strong>N\u00e4yteprosessi:<\/strong> Ymm\u00e4rr\u00e4mme r\u00e4\u00e4t\u00e4l\u00f6ityjen ratkaisujen t\u00e4rkeyden. Tiimimme voi kehitt\u00e4\u00e4 n\u00e4ytteit\u00e4 erityisvaatimustesi mukaisesti ja muokata niit\u00e4 jatkuvasti tarpeidesi mukaan varmistaen, ett\u00e4 lopputuote vastaa t\u00e4ydellisesti odotuksiasi.<\/li>\n<li><strong>Tutkimus ja kehitys:<\/strong> Edistyksellisen\u00e4 yrityksen\u00e4 pysymme ajan tasalla markkinoiden trendeist\u00e4 ja vaatimuksista. Kun uusia malleja tulee markkinoille, tutkimme aktiivisesti markkinoiden tarpeita ja kehit\u00e4mme innovatiivisia ratkaisuja niiden t\u00e4ytt\u00e4miseksi.<\/li>\n<li><strong>Mukauttaminen:<\/strong> Laajan vakiohydraulisylinterivalikoimamme lis\u00e4ksi olemme erikoistuneet r\u00e4\u00e4t\u00e4l\u00f6intiin. Otamme mielell\u00e4mme vastaan \u200b\u200bainutlaatuisia tarpeitasi ja takaamme r\u00e4\u00e4t\u00e4l\u00f6ityj\u00e4 ratkaisuja, jotka sopivat t\u00e4ydellisesti sovellukseesi.<\/li>\n<\/ol>\n<p><img decoding=\"async\" src=\"https:\/\/fmp-components.com\/wp-content\/uploads\/2024\/12\/fmp-factory-4.webp\" alt=\"FMP-tehdas\" width=\"800\" title=\"\"><\/p>\n<p>Tekij\u00e4: CX<\/p>","protected":false},"excerpt":{"rendered":"<p>The 10034 Cost Effective Welded Hydraulic Cylinders are designed for reliable performance in various applications, offering a robust solution for both industrial and agricultural needs. These double acting cylinders are engineered for efficiency and durability, making them a valuable addition to any hydraulic system. Key Features: Double Acting Mechanism: The double acting design allows for [&hellip;]<\/p>","protected":false},"featured_media":1132,"comment_status":"closed","ping_status":"closed","template":"","meta":{"_et_pb_use_builder":"","_et_pb_old_content":"","_et_gb_content_width":""},"product_brand":[],"product_cat":[31],"product_tag":[34,35],"class_list":{"0":"post-954","1":"product","2":"type-product","3":"status-publish","4":"has-post-thumbnail","6":"product_cat-welded-tee-type-cylinder","7":"product_tag-hydraulic-cylinder","8":"product_tag-welded-tee-type-cylinder","10":"first","11":"instock","12":"product-type-simple"},"_links":{"self":[{"href":"https:\/\/fmp-components.com\/fi\/wp-json\/wp\/v2\/product\/954","targetHints":{"allow":["GET"]}}],"collection":[{"href":"https:\/\/fmp-components.com\/fi\/wp-json\/wp\/v2\/product"}],"about":[{"href":"https:\/\/fmp-components.com\/fi\/wp-json\/wp\/v2\/types\/product"}],"replies":[{"embeddable":true,"href":"https:\/\/fmp-components.com\/fi\/wp-json\/wp\/v2\/comments?post=954"}],"wp:featuredmedia":[{"embeddable":true,"href":"https:\/\/fmp-components.com\/fi\/wp-json\/wp\/v2\/media\/1132"}],"wp:attachment":[{"href":"https:\/\/fmp-components.com\/fi\/wp-json\/wp\/v2\/media?parent=954"}],"wp:term":[{"taxonomy":"product_brand","embeddable":true,"href":"https:\/\/fmp-components.com\/fi\/wp-json\/wp\/v2\/product_brand?post=954"},{"taxonomy":"product_cat","embeddable":true,"href":"https:\/\/fmp-components.com\/fi\/wp-json\/wp\/v2\/product_cat?post=954"},{"taxonomy":"product_tag","embeddable":true,"href":"https:\/\/fmp-components.com\/fi\/wp-json\/wp\/v2\/product_tag?post=954"}],"curies":[{"name":"wp","href":"https:\/\/api.w.org\/{rel}","templated":true}]}}