{"id":953,"date":"2024-12-19T03:39:43","date_gmt":"2024-12-19T03:39:43","guid":{"rendered":"https:\/\/fmp-components.com\/product\/10033-good-quality-mini-hydraulic-cylinder-double-acting-for-tractor\/"},"modified":"2024-12-19T08:48:11","modified_gmt":"2024-12-19T08:48:11","slug":"10033-good-quality-mini-hydraulic-cylinder-double-acting-for-tractor","status":"publish","type":"product","link":"https:\/\/fmp-components.com\/fi\/product\/10033-good-quality-mini-hydraulic-cylinder-double-acting-for-tractor\/","title":{"rendered":"10033 Hyv\u00e4laatuinen minihydraulisylinteri, kaksitoiminen traktoriin"},"content":{"rendered":"<p>10033 Good Quality Mini Hydraulisylinteri on suunniteltu erityisesti traktorik\u00e4ytt\u00f6\u00f6n, ja se tarjoaa luotettavaa suorituskyky\u00e4 ja tehokasta toimintaa. T\u00e4m\u00e4 kaksitoiminen hydraulisylinteri on kompakti mutta tehokas, joten se on olennainen osa erilaisia \u200b\u200bmaatalousteht\u00e4vi\u00e4.<\/p>\n<h4>T\u00e4rkeimm\u00e4t ominaisuudet:<\/h4>\n<ul>\n<li><strong>Kaksitoiminen rakenne:<\/strong><br \/>\nKaksitoiminen mekanismi mahdollistaa sujuvan toiminnan sek\u00e4 pidennyksess\u00e4 ett\u00e4 sis\u00e4\u00e4nvedossa, mik\u00e4 tarjoaa erinomaisen hallinnan nosto- ja laskuteht\u00e4viss\u00e4. T\u00e4m\u00e4 ominaisuus parantaa traktorin toiminnan tehokkuutta ja tekee siit\u00e4 ihanteellisen monenlaisiin k\u00e4ytt\u00f6tarkoituksiin.<\/li>\n<li><strong>Minikoko:<\/strong><br \/>\n10033-hydraulisylinterin kompakti rakenne tekee siit\u00e4 t\u00e4ydellisen valinnan traktoreiden ahtaissa tiloissa. Pieni koko ei kuitenkaan heikenn\u00e4 sen kest\u00e4vyytt\u00e4, mik\u00e4 mahdollistaa tehokkaan suorituskyvyn erilaisissa maatalousymp\u00e4rist\u00f6iss\u00e4.<\/li>\n<li><strong>Korkealaatuinen rakenne:<\/strong><br \/>\nKest\u00e4vist\u00e4 materiaaleista valmistettu hydraulisylinteri on rakennettu kest\u00e4m\u00e4\u00e4n maatalousymp\u00e4rist\u00f6jen ankaria olosuhteita. Sen vankka rakenne takaa pitk\u00e4aikaisen luotettavuuden ja suorituskyvyn.<\/li>\n<li><strong>Monipuoliset sovellukset:<\/strong><br \/>\n10033-hydraulisylinteri sopii monenlaisiin traktoriteht\u00e4viin, kuten ty\u00f6koneiden nostoon, lis\u00e4laitteiden laskuun ja muihin hydraulisiin toimintoihin. Monipuolisuus tekee siit\u00e4 arvokkaan ty\u00f6kalun maanviljelij\u00f6ille ja k\u00e4ytt\u00e4jille.<\/li>\n<li><strong>Kustannustehokas ratkaisu:<\/strong><br \/>\nT\u00e4m\u00e4 minikokoinen hydraulisylinteri tarjoaa erinomaista vastinetta rahalle ja luotettavaa suorituskyky\u00e4 edulliseen hintaan. Se on ihanteellinen valinta traktoreiden hydrauliikkakomponenttien p\u00e4ivitt\u00e4miseen tai vaihtamiseen.<\/li>\n<\/ul>\n<p><img loading=\"lazy\" decoding=\"async\" class=\"size-full wp-image-977 aligncenter\" src=\"https:\/\/fmp-components.com\/wp-content\/uploads\/2024\/12\/Welded-Tee-Type-Cylinder3.webp\" alt=\"Hitsattu T-tyyppinen sylinteri\" width=\"653\" height=\"600\" title=\"\" srcset=\"https:\/\/fmp-components.com\/wp-content\/uploads\/2024\/12\/Welded-Tee-Type-Cylinder3.webp 653w, https:\/\/fmp-components.com\/wp-content\/uploads\/2024\/12\/Welded-Tee-Type-Cylinder3-480x441.webp 480w\" sizes=\"(min-width: 0px) and (max-width: 480px) 480px, (min-width: 481px) 653px, 100vw\" \/><\/p>\n<h4>Tekniset tiedot:<\/h4>\n<table style=\"width: 100.145%; height: 246px;\">\n<thead>\n<tr>\n<th>Tekniset tiedot<\/th>\n<th>Kuvaus<\/th>\n<\/tr>\n<\/thead>\n<tbody>\n<tr>\n<td><strong>Kantavuus<\/strong><\/td>\n<td>Mukautettava<\/td>\n<\/tr>\n<tr>\n<td><strong>Rei\u00e4n koko<\/strong><\/td>\n<td>Erilaisia \u200b\u200bvaihtoehtoja saatavilla<\/td>\n<\/tr>\n<tr>\n<td><strong>Iskun pituus<\/strong><\/td>\n<td>Mukautettava<\/td>\n<\/tr>\n<tr>\n<td><strong>Maksimipaine<\/strong><\/td>\n<td>Jopa 3000 PSI:t\u00e4<\/td>\n<\/tr>\n<tr>\n<td><strong>Materiaali<\/strong><\/td>\n<td>Korkealaatuinen ter\u00e4s tai alumiini<\/td>\n<\/tr>\n<tr>\n<td><strong>Yhteystyyppi<\/strong><\/td>\n<td>Laipallinen tai kierteinen<\/td>\n<\/tr>\n<\/tbody>\n<\/table>\n<h4>Toimintaperiaate:<\/h4>\n<p>10033 Mini Hydraulisylinteri toimii hydraulinesteen paineen periaatteella. Kun hydraulinestett\u00e4 sy\u00f6tet\u00e4\u00e4n sylinteriin, se kohdistaa voimaa m\u00e4nt\u00e4\u00e4n, jolloin syntyy lineaarinen liike molempiin suuntiin. T\u00e4m\u00e4 tehokas voimansiirto mahdollistaa traktorin toiminnan tarkan hallinnan ja parantaa kokonaistuottavuutta.<\/p>\n<p>Yhteenvetona voidaan todeta, ett\u00e4 10033 Good Quality Mini Hydraulic Cylinder Double Activity for Tractor on luotettava ja tehokas ratkaisu maatalousk\u00e4ytt\u00f6\u00f6n. Sen kest\u00e4v\u00e4 rakenne, kompakti muotoilu ja monipuolisuus tekev\u00e4t siit\u00e4 olennaisen ty\u00f6kalun traktoreiden suorituskyvyn ja tehokkuuden parantamiseen.<\/p>\n<p><img decoding=\"async\" class=\"aligncenter\" src=\"https:\/\/hzpt.com\/wp-content\/uploads\/2023\/12\/random-3.webp\" alt=\"\" title=\"\"><\/p>\n<h2>Usein kysytyt kysymykset<\/h2>\n<dl>\n<dt>K1: Mik\u00e4 on hydraulisylinterin kapasiteetti?<\/dt>\n<dd>A1: Hydraulisylinteri on kaksitoiminen.<\/dd>\n<dt>K2: Mik\u00e4 on tuotteen kantavuus?<\/dt>\n<dd>A2: Tuotteella on korkea kantavuus.<\/dd>\n<dt>K3: Onko tuote energiatehokas?<\/dt>\n<dd>A3: Kyll\u00e4, hydraulisylinteri hy\u00f6dynt\u00e4\u00e4 tehoa tehokkaasti, mik\u00e4 johtaa pienemp\u00e4\u00e4n energiankulutukseen.<\/dd>\n<dt>K4: Mit\u00e4 turvatoimenpiteit\u00e4 tuotteessa on?<\/dt>\n<dd>A4: Tuote on suunniteltu turvatoimenpiteill\u00e4, jotka est\u00e4v\u00e4t mahdolliset vahingot k\u00e4yt\u00f6n aikana.<\/dd>\n<dt>K5: Mihin t\u00e4t\u00e4 hydraulisylinteri\u00e4 k\u00e4ytet\u00e4\u00e4n?<\/dt>\n<dd>A5: T\u00e4t\u00e4 hydraulisylinteri\u00e4 k\u00e4ytet\u00e4\u00e4n p\u00e4\u00e4asiassa traktoreissa erilaisiin k\u00e4ytt\u00f6tarkoituksiin.<\/dd>\n<\/dl>\n<h2>Hitsatun T-tyyppisen sylinterin edut<\/h2>\n<ul>\n<li style=\"list-style-type: none;\">\n<ul>\n<li><strong>Lis\u00e4\u00e4ntynyt voima:<\/strong> Hitsatut T-tyyppiset sylinterit tunnetaan suuresta lujuudestaan, mink\u00e4 ansiosta ne sopivat raskasta nostoa vaativiin sovelluksiin. N\u00e4iden sylinterien valmistuksessa k\u00e4ytetty hitsausprosessi varmistaa, ett\u00e4 sylinteriss\u00e4 ei ole heikkoja kohtia ja se kest\u00e4\u00e4 suurta painetta ja rasitusta.<\/li>\n<\/ul>\n<\/li>\n<\/ul>\n<p>Kun sylinteriin kohdistetaan painetta, se jakautuu tasaisesti koko pinnalle, mik\u00e4 tekee siit\u00e4 kest\u00e4v\u00e4n muodonmuutokselle. T\u00e4m\u00e4 ominaisuus varmistaa, ett\u00e4 sylinteri s\u00e4ilytt\u00e4\u00e4 muotonsa ja rakenteellisen eheytens\u00e4 my\u00f6s \u00e4\u00e4rimm\u00e4isiss\u00e4 olosuhteissa.<\/p>\n<ul>\n<li style=\"list-style-type: none;\">\n<ul>\n<li><strong>Vuotojen ehk\u00e4isy:<\/strong> Hitsatut T-tyyppiset sylinterit on suunniteltu est\u00e4m\u00e4\u00e4n vuodot. Valmistusprosessissa k\u00e4ytetty hitsausprosessi varmistaa, ett\u00e4 sylinteri on t\u00e4ysin tiivis ja vapaa mahdollisista vuodoista. T\u00e4m\u00e4 ominaisuus tekee niist\u00e4 sopivia k\u00e4ytett\u00e4v\u00e4ksi sovelluksissa, joissa vuoto voi aiheuttaa vakavia vaurioita tai vammoja.<\/li>\n<\/ul>\n<\/li>\n<\/ul>\n<p>Hitsatut liitokset ovat sileit\u00e4, ilman rakoja tai uria, joihin roskat tai lika voisivat ker\u00e4\u00e4nty\u00e4, mik\u00e4 v\u00e4hent\u00e4\u00e4 korroosion ja sylinterin vaurioitumisen riski\u00e4.<\/p>\n<ul>\n<li style=\"list-style-type: none;\">\n<ul>\n<li><strong>Mukautettava:<\/strong> Hitsattuja T-tyyppisi\u00e4 sylintereit\u00e4 voidaan r\u00e4\u00e4t\u00e4l\u00f6id\u00e4 tiettyihin sovelluksiin. Sylintereit\u00e4 on saatavana eri kokoisina ja muotoisina, ja ne voidaan valmistaa vastaamaan sovelluksen erityisvaatimuksia.<\/li>\n<\/ul>\n<\/li>\n<\/ul>\n<p>R\u00e4\u00e4t\u00e4l\u00f6intiprosessi mahdollistaa sylinterin suorituskyvyn optimoinnin varmistaen, ett\u00e4 se sopii aiottuun k\u00e4ytt\u00f6tarkoitukseen. T\u00e4m\u00e4 ominaisuus tekee hitsatuista T-tyyppisist\u00e4 sylintereist\u00e4 ihanteellisia k\u00e4ytett\u00e4v\u00e4ksi erilaisissa teollisissa sovelluksissa, kuten rakentamisessa, kaivostoiminnassa ja materiaalink\u00e4sittelyss\u00e4.<\/p>\n<ul>\n<li style=\"list-style-type: none;\">\n<ul>\n<li><strong>Kustannustehokas:<\/strong> Hitsatut T-tyyppiset sylinterit ovat kustannustehokkaita verrattuna muuntyyppisiin sylintereihin. N\u00e4iden sylinterien valmistuksessa k\u00e4ytetty valmistusprosessi on yksinkertainen, mink\u00e4 ansiosta ne ovat halvempia kuin muuntyyppiset sylinterit.<\/li>\n<\/ul>\n<\/li>\n<\/ul>\n<p>Lis\u00e4ksi hitsattujen T-tyyppisten sylinterien korkea lujuus ja kest\u00e4vyys v\u00e4hent\u00e4v\u00e4t usein teht\u00e4vien korjausten ja vaihtojen tarvetta, mik\u00e4 s\u00e4\u00e4st\u00e4\u00e4 yll\u00e4pitokustannuksissa. T\u00e4m\u00e4 ominaisuus tekee niist\u00e4 suositun valinnan monilla toimialoilla, erityisesti niill\u00e4, joilla on rajallinen budjetti.<\/p>\n<ul>\n<li style=\"list-style-type: none;\">\n<ul>\n<li><strong>Lis\u00e4\u00e4ntynyt tehokkuus:<\/strong> Hitsatut T-tyyppiset sylinterit ovat eritt\u00e4in tehokkaita ja toimivia. Sylinterin rakenne varmistaa, ett\u00e4 k\u00e4ytetty voima siirtyy suoraan kuormaan, mik\u00e4 v\u00e4hent\u00e4\u00e4 energiah\u00e4vi\u00f6t\u00e4 ja lis\u00e4\u00e4 tehokkuutta.<\/li>\n<\/ul>\n<\/li>\n<\/ul>\n<p>Hitsatut liitokset ovat vahvoja ja j\u00e4ykki\u00e4, mik\u00e4 minimoi taipuman ja varmistaa, ett\u00e4 sylinteri s\u00e4ilytt\u00e4\u00e4 muotonsa ja rakenteellisen eheytens\u00e4 my\u00f6s \u00e4\u00e4rimm\u00e4isiss\u00e4 olosuhteissa. T\u00e4m\u00e4 ominaisuus tekee hitsatuista T-tyyppisist\u00e4 sylintereist\u00e4 ihanteellisia k\u00e4ytett\u00e4v\u00e4ksi sovelluksissa, jotka vaativat korkeaa hy\u00f6tysuhdetta ja luotettavuutta.<\/p>\n<p><img loading=\"lazy\" decoding=\"async\" class=\"size-full wp-image-974 aligncenter\" src=\"https:\/\/fmp-components.com\/wp-content\/uploads\/2024\/12\/application-of-Welded-Tee-Type-Cylinder.webp\" alt=\"hitsatun T-tyyppisen sylinterin k\u00e4ytt\u00f6\" width=\"760\" height=\"860\" title=\"\" srcset=\"https:\/\/fmp-components.com\/wp-content\/uploads\/2024\/12\/application-of-Welded-Tee-Type-Cylinder.webp 760w, https:\/\/fmp-components.com\/wp-content\/uploads\/2024\/12\/application-of-Welded-Tee-Type-Cylinder-480x543.webp 480w\" sizes=\"(min-width: 0px) and (max-width: 480px) 480px, (min-width: 481px) 760px, 100vw\" \/><\/p>\n<h2>Hitsatun T-tyyppisen sylinterin k\u00e4ytt\u00f6<\/h2>\n<h3>Johdanto<\/h3>\n<p>Hitsattu T-kappale on hydraulinen sylinterityyppi, jota k\u00e4ytet\u00e4\u00e4n yleisesti teollisissa sovelluksissa. Se on suunniteltu tarjoamaan suuri voima kompaktissa ja kustannustehokkaassa paketissa. T\u00e4m\u00e4n tyyppinen sylinteri koostuu hitsatusta T-kappaleesta ja T-kappaleeseen kiinnitetyst\u00e4 m\u00e4nn\u00e4nvarresta. T-kappale on yhdistetty sylinterin runkoon ja sis\u00e4lt\u00e4\u00e4 m\u00e4nn\u00e4n, joka liikkuu edestakaisin rungon sis\u00e4ll\u00e4 voiman tuottamiseksi.<\/p>\n<h3>Hitsatun T-tyyppisen sylinterin edut<\/h3>\n<p>Hitsatun T-tyyppisen sylinterin k\u00e4yt\u00f6ll\u00e4 teollisissa sovelluksissa on useita etuja:<\/p>\n<ul>\n<li><b>Kompakti muotoilu:<\/b> Hitsatut T-tyyppiset sylinterit on suunniteltu kompakteiksi, mik\u00e4 tekee niist\u00e4 ihanteellisia k\u00e4ytett\u00e4v\u00e4ksi sovelluksissa, joissa tilaa on rajoitetusti.<\/li>\n<li><b>Korkea hy\u00f6tysuhde:<\/b> Hitsatut T-tyyppiset sylinterit ovat eritt\u00e4in tehokkaita, mik\u00e4 tarkoittaa, ett\u00e4 ne voivat tuottaa suuren m\u00e4\u00e4r\u00e4n voimaa minimaalisella energiankulutuksella.<\/li>\n<li><b>Kest\u00e4v\u00e4:<\/b> Hitsatut T-tyyppiset sylinterit on suunniteltu eritt\u00e4in kest\u00e4viksi, mik\u00e4 tarkoittaa, ett\u00e4 ne kest\u00e4v\u00e4t ankaria k\u00e4ytt\u00f6olosuhteita ja ovat pitk\u00e4ik\u00e4isi\u00e4.<\/li>\n<li><b>Kustannustehokas:<\/b> Hitsatut T-tyyppiset sylinterit ovat kustannustehokkaita, mik\u00e4 tarkoittaa hyv\u00e4\u00e4 vastinetta rahalle.<\/li>\n<\/ul>\n<h3>Hitsatun T-tyyppisen sylinterin sovellukset<\/h3>\n<p>Hitsattujen T-tyyppisten sylintereiden sovelluksia on monia eri teollisuudenaloilla, mukaan lukien:<\/p>\n<ul>\n<li><b>Valmistus:<\/b> Hitsattuja T-tyyppisi\u00e4 sylintereit\u00e4 k\u00e4ytet\u00e4\u00e4n valmistuksessa koneiden k\u00e4ytt\u00e4miseen, raskaiden kuormien siirt\u00e4miseen ja metalliosien muotoiluun.<\/li>\n<li><b>Maatalous:<\/b> Hitsattuja T-tyyppisi\u00e4 sylintereit\u00e4 k\u00e4ytet\u00e4\u00e4n maataloudessa traktoreiden, puimureiden ja muiden maatalouslaitteiden hydraulij\u00e4rjestelmien k\u00e4ytt\u00e4miseen.<\/li>\n<li><b>Rakentaminen:<\/b> Hitsattuja T-tyyppisi\u00e4 sylintereit\u00e4 k\u00e4ytet\u00e4\u00e4n rakennusalalla koneiden, kuten nostureiden, kaivinkoneiden ja kaivinkoneiden, k\u00e4ytt\u00e4miseen.<\/li>\n<li><b>Kaivostoiminta:<\/b> Hitsattuja T-tyyppisi\u00e4 sylintereit\u00e4 k\u00e4ytet\u00e4\u00e4n kaivosteollisuudessa hydraulisten j\u00e4rjestelmien k\u00e4ytt\u00e4miseen raskaissa laitteissa, kuten puskutraktoreissa, kuormaajissa ja kallioporakoneissa.<\/li>\n<li><b>Kuljetus:<\/b> Hitsattuja T-tyyppisi\u00e4 sylintereit\u00e4 k\u00e4ytet\u00e4\u00e4n kuljetuksessa hydraulij\u00e4rjestelmien k\u00e4ytt\u00e4miseen kuorma-autoissa, linja-autoissa ja muissa ajoneuvoissa.<\/li>\n<\/ul>\n<p>Yhteenvetona voidaan todeta, ett\u00e4 hitsatut T-tyyppiset sylinterit ovat t\u00e4rke\u00e4 komponentti monissa teollisissa sovelluksissa. Ne on suunniteltu kompakteiksi, tehokkaiksi, kest\u00e4viksi ja kustannustehokkaiksi, mik\u00e4 tekee niist\u00e4 ihanteellisen valinnan monenlaisiin sovelluksiin. K\u00e4ytitp\u00e4 sitten koneita tuotantolaitoksessa, maatalouskoneita maatilalla tai raskaita laitteita kaivoksessa, hitsatut T-tyyppiset sylinterit voivat auttaa sinua suorittamaan ty\u00f6t tehokkaasti ja tuloksellisesti.<\/p>\n<h3>Tietoja FMP:st\u00e4<\/h3>\n<p>FMP on tunnettu hydraulisylintereiden valmistaja ja toimittaja, joka tarjoaa erilaisia \u200b\u200bja r\u00e4\u00e4t\u00e4l\u00f6it\u00e4vi\u00e4 vaihtoehtoja. Yli 30 vuoden kokemuksellaan Italian teollisuusalueella FMP on ansainnut maineen korkealaatuisten tuotteiden ja erinomaisen asiakaspalvelun toimittajana. Olemme ylpeit\u00e4 laajasta laitevalikoimastamme, johon kuuluu yli 100 yksikk\u00f6\u00e4, mukaan lukien automaattiset kaasusuojatut hitsauskoneet, syv\u00e4reik\u00e4porauskoneet, CNC-sorvit, sylinterihiomakoneet, automaattiset puhdistuskoneet, automaattiset asennuskoneet, automaattiset hydraulisylintereiden suorituskyvyn testauspenkit ja automaattiset maalauslinjat.<\/p>\n<p><img decoding=\"async\" src=\"https:\/\/fmp-components.com\/wp-content\/uploads\/2024\/12\/fmp-factory-4.webp\" alt=\"FMP-tehdas\" width=\"800\" title=\"\"><\/p>\n<p>FMP:ll\u00e4 varmistamme, ett\u00e4 jokainen hydraulisylinteri k\u00e4y l\u00e4pi perusteellisen k\u00e4sittelyn ja tarkastuksen taataksemme arvokkaille asiakkaillemme erinomaisen laadun ja luotettavuuden. Sitoutumisemme huippuosaamiseen ulottuu tuotteidemme ulkopuolelle, sill\u00e4 tarjoamme laajan valikoiman palveluita, jotka t\u00e4ytt\u00e4v\u00e4t erityisvaatimuksesi:<\/p>\n<ol>\n<li><strong>Suunnittelupalvelu:<\/strong> Kokenut suunnittelutiimimme on valmiina hoitamaan nivelakselien tuotesuunnittelun ja -kehityksen. Tarvitsetpa sitten uutta tuotetta tai parannuksia olemassa oleviin, olemme t\u00e4\u00e4ll\u00e4 tukemassa sinua.<\/li>\n<li><strong>Tuotepalvelu:<\/strong> Parhaiden raaka-aineiden hankinnasta leikkaamiseen, karkeaan k\u00e4sittelyyn, testaukseen, puhdistukseen, kokoonpanoon, pakkaamiseen ja kuljetukseen, valvomme huolellisesti jokaista tuotantoprosessin vaihetta varmistaaksemme korkeimmat standardit.<\/li>\n<li><strong>N\u00e4yteprosessi:<\/strong> Ymm\u00e4rr\u00e4mme r\u00e4\u00e4t\u00e4l\u00f6ityjen n\u00e4ytteiden t\u00e4rkeyden. Voimme kehitt\u00e4\u00e4 n\u00e4ytteit\u00e4 erityisvaatimustesi mukaisesti ja muokata niit\u00e4 jatkuvasti, kunnes ne vastaavat tarpeitasi.<\/li>\n<li><strong>Tutkimus ja kehitys:<\/strong> Innovaatioihin sitoutuneena yrityksen\u00e4 tutkimme jatkuvasti kehittyvi\u00e4 markkinoiden tarpeita, erityisesti uusien automallien tullessa markkinoille. T\u00e4m\u00e4 mahdollistaa uusien ja parempien hydraulisylinterimallien kehitt\u00e4misen, jotka vastaavat uusimpia trendej\u00e4.<\/li>\n<\/ol>\n<p>Valitsemalla FMP:n luotettavaksi kumppaniksi saat k\u00e4ytt\u00f6\u00f6si huippulaatuiset hydraulisylinterit ja monia etuja. Keskeisi\u00e4 vahvuuksiamme ovat:<\/p>\n<ul>\n<li>Erinomainen laatu: Jokainen hydraulisylinteri k\u00e4y l\u00e4pi tiukan k\u00e4sittelyn ja tarkastuksen poikkeuksellisen suorituskyvyn ja kest\u00e4vyyden takaamiseksi.<\/li>\n<li>R\u00e4\u00e4t\u00e4l\u00f6inti: Tarjoamme r\u00e4\u00e4t\u00e4l\u00f6ityj\u00e4 ratkaisuja ainutlaatuisten tarpeidesi t\u00e4ytt\u00e4miseksi varmistaen, ett\u00e4 hydraulisylinterimme sopivat t\u00e4ydellisesti sovelluksiisi.<\/li>\n<li>Laaja laitevalikoima: Laajan edistyneiden laitteiden valikoiman ansiosta voimme valmistaa hydraulisylintereit\u00e4 erilaisiin spesifikaatioihin ja teollisuuden tarpeisiin.<\/li>\n<li>Kokenut suunnittelutiimi: Taitavalla suunnittelutiimill\u00e4mme on syv\u00e4llinen asiantuntemus tuotesuunnittelusta, mink\u00e4 ansiosta voimme toimittaa innovatiivisia ja luotettavia ratkaisuja.<\/li>\n<li>Kattavat palvelut: Suunnittelusta ja tuotannosta toimitukseen ja myynnin j\u00e4lkeiseen tukeen, omistautunut tiimimme on sitoutunut tarjoamaan saumattoman kokemuksen koko prosessin ajan.<\/li>\n<\/ul>\n<p>Ryhdy FMP:n kumppaniksi jo t\u00e4n\u00e4\u00e4n ja koe erinomaisuus, joka erottaa meid\u00e4t hydraulisylinteriteollisuudessa.<\/p>\n<p>Tekij\u00e4: CX<\/p>","protected":false},"excerpt":{"rendered":"<p>The 10033 Good Quality Mini Hydraulic Cylinder is specifically designed for tractor applications, offering reliable performance and efficient operation. This double acting hydraulic cylinder is compact yet powerful, making it an essential component for various agricultural tasks. Key Features: Double Acting Design: The double acting mechanism allows for smooth operation in both extension and retraction, [&hellip;]<\/p>","protected":false},"featured_media":1133,"comment_status":"closed","ping_status":"closed","template":"","meta":{"_et_pb_use_builder":"","_et_pb_old_content":"","_et_gb_content_width":""},"product_brand":[],"product_cat":[31],"product_tag":[34,35],"class_list":{"0":"post-953","1":"product","2":"type-product","3":"status-publish","4":"has-post-thumbnail","6":"product_cat-welded-tee-type-cylinder","7":"product_tag-hydraulic-cylinder","8":"product_tag-welded-tee-type-cylinder","10":"first","11":"instock","12":"product-type-simple"},"_links":{"self":[{"href":"https:\/\/fmp-components.com\/fi\/wp-json\/wp\/v2\/product\/953","targetHints":{"allow":["GET"]}}],"collection":[{"href":"https:\/\/fmp-components.com\/fi\/wp-json\/wp\/v2\/product"}],"about":[{"href":"https:\/\/fmp-components.com\/fi\/wp-json\/wp\/v2\/types\/product"}],"replies":[{"embeddable":true,"href":"https:\/\/fmp-components.com\/fi\/wp-json\/wp\/v2\/comments?post=953"}],"wp:featuredmedia":[{"embeddable":true,"href":"https:\/\/fmp-components.com\/fi\/wp-json\/wp\/v2\/media\/1133"}],"wp:attachment":[{"href":"https:\/\/fmp-components.com\/fi\/wp-json\/wp\/v2\/media?parent=953"}],"wp:term":[{"taxonomy":"product_brand","embeddable":true,"href":"https:\/\/fmp-components.com\/fi\/wp-json\/wp\/v2\/product_brand?post=953"},{"taxonomy":"product_cat","embeddable":true,"href":"https:\/\/fmp-components.com\/fi\/wp-json\/wp\/v2\/product_cat?post=953"},{"taxonomy":"product_tag","embeddable":true,"href":"https:\/\/fmp-components.com\/fi\/wp-json\/wp\/v2\/product_tag?post=953"}],"curies":[{"name":"wp","href":"https:\/\/api.w.org\/{rel}","templated":true}]}}