{"id":952,"date":"2024-12-19T03:39:43","date_gmt":"2024-12-19T03:39:43","guid":{"rendered":"https:\/\/fmp-components.com\/product\/10032-factory-direct-sale-double-acting-hydraulic-cylinder-for-trailer\/"},"modified":"2024-12-19T08:47:35","modified_gmt":"2024-12-19T08:47:35","slug":"10032-factory-direct-sale-double-acting-hydraulic-cylinder-for-trailer","status":"publish","type":"product","link":"https:\/\/fmp-components.com\/fi\/product\/10032-factory-direct-sale-double-acting-hydraulic-cylinder-for-trailer\/","title":{"rendered":"10032 Tehtaan suoramyynti kaksitoiminen hydraulisylinteri per\u00e4vaunuun"},"content":{"rendered":"<p>Tehtaan suoramyynniss\u00e4 oleva 10032-niminen kaksitoiminen hydraulisylinteri on suunniteltu erityisesti per\u00e4vaunuk\u00e4ytt\u00f6\u00f6n, ja se tarjoaa poikkeuksellisen suorituskyvyn ja luotettavuuden. T\u00e4m\u00e4 hydraulisylinteri on suunniteltu tarjoamaan tehokkaita nosto- ja laskuominaisuuksia, mik\u00e4 tekee siit\u00e4 v\u00e4ltt\u00e4m\u00e4tt\u00f6m\u00e4n tehokkaalle per\u00e4vaunuk\u00e4yt\u00f6lle.<\/p>\n<h4>T\u00e4rkeimm\u00e4t ominaisuudet:<\/h4>\n<ul>\n<li><strong>Kaksitoiminen toiminnallisuus<\/strong>Mahdollistaa sujuvan toiminnan sek\u00e4 pidennyksess\u00e4 ett\u00e4 sis\u00e4\u00e4nvedossa, mik\u00e4 tarjoaa tarkan hallinnan lastaus- ja purkuteht\u00e4viss\u00e4.<\/li>\n<li><strong>Tehtaan suoramyynti<\/strong>Tarjotaan suoraan valmistajalta, mik\u00e4 takaa kilpailukykyisen hinnan ja korkean laadun ilman v\u00e4lik\u00e4si\u00e4.<\/li>\n<li><strong>Kest\u00e4v\u00e4 rakenne<\/strong>Valmistettu eritt\u00e4in lujista materiaaleista kest\u00e4m\u00e4\u00e4n raskaita kuormia ja ankaria k\u00e4ytt\u00f6olosuhteita, mik\u00e4 varmistaa kest\u00e4vyyden ja pitk\u00e4n k\u00e4ytt\u00f6i\u00e4n.<\/li>\n<li><strong>Korroosionkest\u00e4v\u00e4 viimeistely<\/strong>Suojapinnoitettu ruosteelta ja korroosiolta, sopii ulkok\u00e4ytt\u00f6\u00f6n ja erilaisiin s\u00e4\u00e4olosuhteisiin.<\/li>\n<li><strong>Helppo asennus<\/strong>Suunniteltu nopeaan ja helppoon integrointiin olemassa oleviin per\u00e4vaunuj\u00e4rjestelmiin, mik\u00e4 minimoi asennusajan.<\/li>\n<\/ul>\n<h4>Edut:<\/h4>\n<ul>\n<li><strong>Lis\u00e4\u00e4ntynyt tehokkuus<\/strong>Parantaa per\u00e4vaunujen toiminnallista tehokkuutta helpottamalla sujuvia ja luotettavia nosto- ja laskutoimintoja.<\/li>\n<li><strong>Monipuoliset sovellukset<\/strong>Sopii erilaisiin per\u00e4vaunutyyppeihin ja k\u00e4ytt\u00f6tarkoituksiin, joten se on monipuolinen lis\u00e4 kalustoosi.<\/li>\n<li><strong>Alennetut yll\u00e4pitokustannukset<\/strong>Kest\u00e4v\u00e4 rakenne minimoi kulumisen, mik\u00e4 johtaa alhaisempiin yll\u00e4pitokustannuksiin ajan my\u00f6t\u00e4.<\/li>\n<\/ul>\n<p>Tehtaan suoramyyntiin tarkoitettu 10032-kaksitoiminen hydraulisylinteri on olennainen osa per\u00e4vaunuja, sill\u00e4 se tarjoaa luotettavaa suorituskyky\u00e4 ja tehokkuutta. Sen kest\u00e4v\u00e4 rakenne ja tehtaan suoramyynti tekev\u00e4t siit\u00e4 erinomaisen valinnan kaikille, jotka haluavat parantaa per\u00e4vaunujensa toimintaa.<\/p>\n<p><img decoding=\"async\" src=\"https:\/\/hzpt.com\/wp-content\/uploads\/2023\/12\/random-3.webp\" alt=\"\" title=\"\"><\/p>\n<p>&nbsp;<\/p>\n<h2>Hitsatun T-tyyppisen sylinterin edut<\/h2>\n<ul>\n<li style=\"list-style-type: none;\">\n<ul>\n<li><strong>Lis\u00e4\u00e4ntynyt voima:<\/strong> Hitsatut T-tyyppiset sylinterit tunnetaan suuresta lujuudestaan, mink\u00e4 ansiosta ne sopivat raskasta nostoa vaativiin sovelluksiin. N\u00e4iden sylinterien valmistuksessa k\u00e4ytetty hitsausprosessi varmistaa, ett\u00e4 sylinteriss\u00e4 ei ole heikkoja kohtia ja se kest\u00e4\u00e4 suurta painetta ja rasitusta.<\/li>\n<\/ul>\n<\/li>\n<\/ul>\n<p>Kun sylinteriin kohdistetaan painetta, se jakautuu tasaisesti koko pinnalle, mik\u00e4 tekee siit\u00e4 kest\u00e4v\u00e4n muodonmuutokselle. T\u00e4m\u00e4 ominaisuus varmistaa, ett\u00e4 sylinteri s\u00e4ilytt\u00e4\u00e4 muotonsa ja rakenteellisen eheytens\u00e4 my\u00f6s \u00e4\u00e4rimm\u00e4isiss\u00e4 olosuhteissa.<\/p>\n<ul>\n<li style=\"list-style-type: none;\">\n<ul>\n<li><strong>Vuotojen ehk\u00e4isy:<\/strong> Hitsatut T-tyyppiset sylinterit on suunniteltu est\u00e4m\u00e4\u00e4n vuodot. Valmistusprosessissa k\u00e4ytetty hitsausprosessi varmistaa, ett\u00e4 sylinteri on t\u00e4ysin tiivis ja vapaa mahdollisista vuodoista. T\u00e4m\u00e4 ominaisuus tekee niist\u00e4 sopivia k\u00e4ytett\u00e4v\u00e4ksi sovelluksissa, joissa vuoto voi aiheuttaa vakavia vaurioita tai vammoja.<\/li>\n<\/ul>\n<\/li>\n<\/ul>\n<p>Hitsatut liitokset ovat sileit\u00e4, ilman rakoja tai uria, joihin roskat tai lika voisivat ker\u00e4\u00e4nty\u00e4, mik\u00e4 v\u00e4hent\u00e4\u00e4 korroosion ja sylinterin vaurioitumisen riski\u00e4.<\/p>\n<ul>\n<li style=\"list-style-type: none;\">\n<ul>\n<li><strong>Mukautettava:<\/strong> Hitsattuja T-tyyppisi\u00e4 sylintereit\u00e4 voidaan r\u00e4\u00e4t\u00e4l\u00f6id\u00e4 tiettyihin sovelluksiin. Sylintereit\u00e4 on saatavana eri kokoisina ja muotoisina, ja ne voidaan valmistaa vastaamaan sovelluksen erityisvaatimuksia.<\/li>\n<\/ul>\n<\/li>\n<\/ul>\n<p>R\u00e4\u00e4t\u00e4l\u00f6intiprosessi mahdollistaa sylinterin suorituskyvyn optimoinnin varmistaen, ett\u00e4 se sopii aiottuun k\u00e4ytt\u00f6tarkoitukseen. T\u00e4m\u00e4 ominaisuus tekee hitsatuista T-tyyppisist\u00e4 sylintereist\u00e4 ihanteellisia k\u00e4ytett\u00e4v\u00e4ksi erilaisissa teollisissa sovelluksissa, kuten rakentamisessa, kaivostoiminnassa ja materiaalink\u00e4sittelyss\u00e4.<\/p>\n<ul>\n<li style=\"list-style-type: none;\">\n<ul>\n<li><strong>Kustannustehokas:<\/strong> Hitsatut T-tyyppiset sylinterit ovat kustannustehokkaita verrattuna muuntyyppisiin sylintereihin. N\u00e4iden sylinterien valmistuksessa k\u00e4ytetty valmistusprosessi on yksinkertainen, mink\u00e4 ansiosta ne ovat halvempia kuin muuntyyppiset sylinterit.<\/li>\n<\/ul>\n<\/li>\n<\/ul>\n<p>Lis\u00e4ksi hitsattujen T-tyyppisten sylinterien korkea lujuus ja kest\u00e4vyys v\u00e4hent\u00e4v\u00e4t usein teht\u00e4vien korjausten ja vaihtojen tarvetta, mik\u00e4 s\u00e4\u00e4st\u00e4\u00e4 yll\u00e4pitokustannuksissa. T\u00e4m\u00e4 ominaisuus tekee niist\u00e4 suositun valinnan monilla toimialoilla, erityisesti niill\u00e4, joilla on rajallinen budjetti.<\/p>\n<ul>\n<li style=\"list-style-type: none;\">\n<ul>\n<li><strong>Lis\u00e4\u00e4ntynyt tehokkuus:<\/strong> Hitsatut T-tyyppiset sylinterit ovat eritt\u00e4in tehokkaita ja toimivia. Sylinterin rakenne varmistaa, ett\u00e4 k\u00e4ytetty voima siirtyy suoraan kuormaan, mik\u00e4 v\u00e4hent\u00e4\u00e4 energiah\u00e4vi\u00f6t\u00e4 ja lis\u00e4\u00e4 tehokkuutta.<\/li>\n<\/ul>\n<\/li>\n<\/ul>\n<p>Hitsatut liitokset ovat vahvoja ja j\u00e4ykki\u00e4, mik\u00e4 minimoi taipuman ja varmistaa, ett\u00e4 sylinteri s\u00e4ilytt\u00e4\u00e4 muotonsa ja rakenteellisen eheytens\u00e4 my\u00f6s \u00e4\u00e4rimm\u00e4isiss\u00e4 olosuhteissa. T\u00e4m\u00e4 ominaisuus tekee hitsatuista T-tyyppisist\u00e4 sylintereist\u00e4 ihanteellisia k\u00e4ytett\u00e4v\u00e4ksi sovelluksissa, jotka vaativat korkeaa hy\u00f6tysuhdetta ja luotettavuutta.<\/p>\n<p><img decoding=\"async\" src=\"https:\/\/hzpt.com\/wp-content\/uploads\/2023\/12\/random-1.webp?v=1694163707\" alt=\"\" title=\"\"><\/p>\n<h2>Hitsatun T-tyyppisen sylinterin k\u00e4ytt\u00f6<\/h2>\n<ol>\n<li>\n<h3>Autoteollisuus<\/h3>\n<p>Hitsattuja T-tyyppisi\u00e4 sylintereit\u00e4 k\u00e4ytet\u00e4\u00e4n laajalti autoteollisuudessa. Niit\u00e4 k\u00e4ytet\u00e4\u00e4n autojen ovissa, konepeltien ja tavaratilan nostimissa, avoautojen katoissa ja ohjaustehostimissa. N\u00e4it\u00e4 sylintereit\u00e4 suositaan, koska ne pystyv\u00e4t tuottamaan suuren voiman pienell\u00e4 tilantarpeella. T-tyyppinen sylinterirakenne sopii hyvin sovelluksiin, joissa voima on siirrett\u00e4v\u00e4 kahteen eri suuntaan.<\/p>\n<p>Lis\u00e4ksi n\u00e4iden sylinterien hitsattu rakenne mahdollistaa niiden toiminnan korkeissa l\u00e4mp\u00f6tiloissa ja paineissa ilman vuotoja. T\u00e4m\u00e4 tekee niist\u00e4 sopivia k\u00e4ytett\u00e4v\u00e4ksi moottoreissa, vaihteistoissa ja jarruj\u00e4rjestelmiss\u00e4.<\/li>\n<li>\n<h3>Valmistava teollisuus<\/h3>\n<p>Hitsattuja T-tyyppisi\u00e4 sylintereit\u00e4 k\u00e4ytet\u00e4\u00e4n my\u00f6s valmistusteollisuudessa. Niit\u00e4 k\u00e4ytet\u00e4\u00e4n hydraulisissa puristimissa, takomokoneissa ja metallinleikkauskoneissa. N\u00e4iden sylinterien suuri voimantuotto tekee niist\u00e4 ihanteellisia sovelluksiin, joissa tarvitaan paljon voimaa pieness\u00e4 tilassa.<\/p>\n<p>T-tyyppinen sylinterirakenne sopii my\u00f6s hyvin sovelluksiin, joissa voima on siirrett\u00e4v\u00e4 kahteen eri suuntaan. Esimerkiksi hydraulisessa puristimessa T-tyyppist\u00e4 sylinteri\u00e4 voidaan k\u00e4ytt\u00e4\u00e4 voiman kohdistamiseen sek\u00e4 pystysuoraan ett\u00e4 vaakasuoraan, mik\u00e4 mahdollistaa monimutkaisemmat valmistusprosessit.<\/li>\n<li>\n<h3>Ilmailuteollisuus<\/h3>\n<p>Hitsattuja T-tyyppisi\u00e4 sylintereit\u00e4 k\u00e4ytet\u00e4\u00e4n ilmailuteollisuudessa monissa eri sovelluksissa. Niit\u00e4 k\u00e4ytet\u00e4\u00e4n laskutelinej\u00e4rjestelmiss\u00e4, rahtiluukuissa ja lennonohjausj\u00e4rjestelmiss\u00e4. N\u00e4iden sylinterien suuri voimantuotto ja kompakti rakenne tekev\u00e4t niist\u00e4 ihanteellisia k\u00e4ytett\u00e4v\u00e4ksi lentokoneen rajoitetussa tilassa.<\/p>\n<p>N\u00e4iden sylinterien hitsattu rakenne tekee niist\u00e4 my\u00f6s kest\u00e4vi\u00e4 lennon aikana esiintyville korkeille paineille ja l\u00e4mp\u00f6tiloille. Lis\u00e4ksi T-tyyppinen sylinterirakenne mahdollistaa voiman siirt\u00e4misen kahteen eri suuntaan, joten se sopii hyvin sovelluksiin, joissa voima on kohdistettava kulmassa.<\/li>\n<li>\n<h3>Rakennusteollisuus<\/h3>\n<p>Hitsattuja T-yhdetyyppisi\u00e4 sylintereit\u00e4 k\u00e4ytet\u00e4\u00e4n rakennusteollisuudessa raskaisiin nosto- ja siirtosovelluksiin. Niit\u00e4 k\u00e4ytet\u00e4\u00e4n nostureissa, kaivinkoneissa ja traktorikaivureissa. N\u00e4iden sylinterien suuri voimantuotto ja kompakti rakenne tekev\u00e4t niist\u00e4 ihanteellisia k\u00e4ytett\u00e4v\u00e4ksi rakennusty\u00f6maan rajoitetussa tilassa.<\/p>\n<p>T-tyyppisen sylinterin rakenne mahdollistaa voiman siirt\u00e4misen kahteen eri suuntaan, joten se sopii hyvin sovelluksiin, joissa voima on kohdistettava kulmassa. Lis\u00e4ksi n\u00e4iden sylinterien hitsattu rakenne mahdollistaa niiden toiminnan korkeissa paineissa ja l\u00e4mp\u00f6tiloissa ilman vuotoja, mik\u00e4 tekee niist\u00e4 sopivia k\u00e4ytett\u00e4v\u00e4ksi ankarissa ulko-olosuhteissa.<\/li>\n<\/ol>\n<h3>Tietoja FMP:st\u00e4<\/h3>\n<p>FMP on ammattimainen hydraulisylintereiden valmistaja ja jakelija, jolla on yli 30 vuoden kokemus alalta. Teollisuusalueemme sijaitsee Italiassa, ja meill\u00e4 on yli 100 laitetta, mukaan lukien automaattiset kaasusuojatut hitsauskoneet, syv\u00e4reik\u00e4porauskoneet, CNC-sorvit, sylinterihiomakoneet, automaattiset puhdistuskoneet, automaattiset asennuskoneet, automaattiset hydraulisylintereiden suorituskyvyn testauspenkit, automaattiset maalauslinjat ja paljon muuta. Jokainen hydraulisylinteri k\u00e4y l\u00e4pi tiukan k\u00e4sittelyn ja tarkastuksen, jotta voimme taata hyv\u00e4n laadun asiakkaillemme.<\/p>\n<p>T\u00e4ss\u00e4 on viisi syyt\u00e4, miksi sinun kannattaa valita FMP:n:<\/p>\n<p>1. Suunnittelupalvelu: Suunnittelutiimill\u00e4mme on laaja kokemus nivelakselien tuotesuunnittelusta ja -kehityksest\u00e4. Jos sinulla on tarpeita uusille tuotteille tai haluat lis\u00e4parannuksia, tuemme sinua.<\/p>\n<p>2. Tuotepalvelu: Tuotteemme k\u00e4yv\u00e4t l\u00e4pi perusteellisen prosessin, joka sis\u00e4lt\u00e4\u00e4 raaka-aineiden hankinnan, leikkaamisen, karkean k\u00e4sittelyn, testauksen, puhdistuksen, kokoonpanon, pakkauksen ja kuljetuksen. T\u00e4m\u00e4 varmistaa, ett\u00e4 tuotteemme ovat korkealaatuisia ja t\u00e4ytt\u00e4v\u00e4t vaatimuksesi.<\/p>\n<p>3. N\u00e4yteprosessi: Voimme kehitt\u00e4\u00e4 n\u00e4ytteit\u00e4 vaatimustesi mukaan ja muokata niit\u00e4 jatkuvasti tarpeidesi mukaan. T\u00e4m\u00e4 varmistaa, ett\u00e4 saat tuotteistamme juuri sen, mit\u00e4 tarvitset.<\/p>\n<p>4. Tutkimus ja kehitys: Tutkimme jatkuvasti markkinoita ja kehit\u00e4mme uusia malleja vastaamaan asiakkaidemme muuttuviin tarpeisiin.<\/p>\n<p>5. Mukauttaminen: Hyv\u00e4ksymme r\u00e4\u00e4t\u00e4l\u00f6intitilaukset ja voimme tarjota tuotteita, jotka on r\u00e4\u00e4t\u00e4l\u00f6ity juuri sinun tarpeisiisi.<\/p>\n<p>FMP:ll\u00e4 olemme ylpeit\u00e4 voidessamme tarjota korkealaatuisia hydraulisylintereit\u00e4 ja erinomaista asiakaspalvelua. Ota meihin yhteytt\u00e4 jo t\u00e4n\u00e4\u00e4n, jos tarvitset hydraulisylintereit\u00e4.<\/p>\n<p><img decoding=\"async\" src=\"https:\/\/fmp-components.com\/wp-content\/uploads\/2024\/12\/fmp-factory-4.webp\" alt=\"FMP-tehdas\" width=\"800\" title=\"\"><br \/>\nTekij\u00e4: CX<\/p>","protected":false},"excerpt":{"rendered":"<p>The 10032 Factory Direct Sale Double Acting Hydraulic Cylinder is engineered specifically for trailer applications, offering exceptional performance and reliability. This hydraulic cylinder is designed to provide powerful lifting and lowering capabilities, making it essential for efficient trailer operations. Key Features: Double Acting Functionality: Allows for smooth operation in both extension and retraction, providing precise [&hellip;]<\/p>","protected":false},"featured_media":1133,"comment_status":"closed","ping_status":"closed","template":"","meta":{"_et_pb_use_builder":"","_et_pb_old_content":"","_et_gb_content_width":""},"product_brand":[],"product_cat":[31],"product_tag":[34,35],"class_list":{"0":"post-952","1":"product","2":"type-product","3":"status-publish","4":"has-post-thumbnail","6":"product_cat-welded-tee-type-cylinder","7":"product_tag-hydraulic-cylinder","8":"product_tag-welded-tee-type-cylinder","10":"first","11":"instock","12":"product-type-simple"},"_links":{"self":[{"href":"https:\/\/fmp-components.com\/fi\/wp-json\/wp\/v2\/product\/952","targetHints":{"allow":["GET"]}}],"collection":[{"href":"https:\/\/fmp-components.com\/fi\/wp-json\/wp\/v2\/product"}],"about":[{"href":"https:\/\/fmp-components.com\/fi\/wp-json\/wp\/v2\/types\/product"}],"replies":[{"embeddable":true,"href":"https:\/\/fmp-components.com\/fi\/wp-json\/wp\/v2\/comments?post=952"}],"wp:featuredmedia":[{"embeddable":true,"href":"https:\/\/fmp-components.com\/fi\/wp-json\/wp\/v2\/media\/1133"}],"wp:attachment":[{"href":"https:\/\/fmp-components.com\/fi\/wp-json\/wp\/v2\/media?parent=952"}],"wp:term":[{"taxonomy":"product_brand","embeddable":true,"href":"https:\/\/fmp-components.com\/fi\/wp-json\/wp\/v2\/product_brand?post=952"},{"taxonomy":"product_cat","embeddable":true,"href":"https:\/\/fmp-components.com\/fi\/wp-json\/wp\/v2\/product_cat?post=952"},{"taxonomy":"product_tag","embeddable":true,"href":"https:\/\/fmp-components.com\/fi\/wp-json\/wp\/v2\/product_tag?post=952"}],"curies":[{"name":"wp","href":"https:\/\/api.w.org\/{rel}","templated":true}]}}