{"id":951,"date":"2024-12-19T03:39:43","date_gmt":"2024-12-19T03:39:43","guid":{"rendered":"https:\/\/fmp-components.com\/product\/10031-factory-price-adjustable-hydraulic-telescopic-cylinder-for-agriculture\/"},"modified":"2024-12-19T08:46:44","modified_gmt":"2024-12-19T08:46:44","slug":"10031-factory-price-adjustable-hydraulic-telescopic-cylinder-for-agriculture","status":"publish","type":"product","link":"https:\/\/fmp-components.com\/fi\/product\/10031-factory-price-adjustable-hydraulic-telescopic-cylinder-for-agriculture\/","title":{"rendered":"10031 Tehtaan hinta s\u00e4\u00e4dett\u00e4v\u00e4 hydraulinen teleskooppisylinteri maatalouteen"},"content":{"rendered":"<p>Tehdashintainen 10031 s\u00e4\u00e4dett\u00e4v\u00e4 hydraulinen teleskooppisylinteri on suunniteltu erityisesti maatalousk\u00e4ytt\u00f6\u00f6n, ja se tarjoaa monipuolisuutta ja tehokkuutta kompaktissa muodossa. T\u00e4ss\u00e4 hydraulisylinteriss\u00e4 on s\u00e4\u00e4dett\u00e4v\u00e4 rakenne, joka mahdollistaa vaihtelevat jatkopituudet, joten se sopii erinomaisesti monenlaisiin maatalousteht\u00e4viin.<\/p>\n<h4>T\u00e4rkeimm\u00e4t ominaisuudet:<\/h4>\n<ul>\n<li><strong>S\u00e4\u00e4dett\u00e4v\u00e4 muotoilu<\/strong>Teleskooppiominaisuus mahdollistaa iskunpituuden mukauttamisen, mik\u00e4 tarjoaa joustavuutta erilaisiin maataloussovelluksiin.<\/li>\n<li><strong>Tehtaan hinta<\/strong>Kilpailukykyinen hinta laadusta tinkim\u00e4tt\u00e4, mik\u00e4 tekee siit\u00e4 taloudellisen valinnan maanviljelij\u00f6ille ja maatalousalan toimijoille.<\/li>\n<li><strong>Kest\u00e4v\u00e4 rakenne<\/strong>Valmistettu korkealaatuisista materiaaleista lujuuden ja luotettavuuden varmistamiseksi, kest\u00e4en raskaita kuormia ja ankaria olosuhteita.<\/li>\n<li><strong>Korroosionkest\u00e4v\u00e4 pinnoite<\/strong>K\u00e4sitelty ruosteen ja korroosion est\u00e4miseksi, mik\u00e4 varmistaa pitk\u00e4aikaisen suorituskyvyn ulkoymp\u00e4rist\u00f6iss\u00e4.<\/li>\n<li><strong>Helppo asennus<\/strong>Suunniteltu helposti integroitavaksi erilaisiin maatalouskoneisiin, mik\u00e4 helpottaa asennusta ja k\u00e4ytt\u00f6\u00e4.<\/li>\n<\/ul>\n<p><img loading=\"lazy\" decoding=\"async\" class=\"alignnone size-full wp-image-975\" src=\"https:\/\/fmp-components.com\/wp-content\/uploads\/2024\/12\/Welded-Tee-Type-Cylinder1.webp\" alt=\"Hitsattu T-tyyppinen sylinteri\" width=\"759\" height=\"761\" title=\"\" srcset=\"https:\/\/fmp-components.com\/wp-content\/uploads\/2024\/12\/Welded-Tee-Type-Cylinder1.webp 759w, https:\/\/fmp-components.com\/wp-content\/uploads\/2024\/12\/Welded-Tee-Type-Cylinder1-480x481.webp 480w\" sizes=\"(min-width: 0px) and (max-width: 480px) 480px, (min-width: 481px) 759px, 100vw\" \/><\/p>\n<h4>Edut:<\/h4>\n<ul>\n<li><strong>Parannettu tehokkuus<\/strong>Optimoi maatalouskoneiden toiminnallisuuden, mik\u00e4 mahdollistaa sujuvan ja tehokkaan k\u00e4yt\u00f6n.<\/li>\n<li><strong>Monipuoliset sovellukset<\/strong>Sopii monenlaisiin maatalousteht\u00e4viin, kuten nostamiseen, ty\u00f6nt\u00e4miseen ja vet\u00e4miseen, joten se on monipuolinen ty\u00f6kalu kaikille maanviljelij\u00f6ille.<\/li>\n<li><strong>Kustannustehokas ratkaisu<\/strong>Tarjoaa korkean suorituskyvyn tehdashintaan, mik\u00e4 takaa erinomaisen vastineen investoinnille.<\/li>\n<\/ul>\n<p>Tehdashintaan saatava s\u00e4\u00e4dett\u00e4v\u00e4 hydraulinen teleskooppisylinteri 10031 on olennainen osa nykyaikaisia \u200b\u200bmaatalouskoneita, ja se tarjoaa luotettavaa suorituskyky\u00e4 ja mukautuvuutta. Sen kest\u00e4v\u00e4 rakenne ja kilpailukykyinen hinta tekev\u00e4t siit\u00e4 arvokkaan lis\u00e4n mihin tahansa maataloustoimintaan.<\/p>\n<h2>Hitsatun T-tyyppisen sylinterin edut<\/h2>\n<ul>\n<li style=\"list-style-type: none;\">\n<ul>\n<li><strong>Lis\u00e4\u00e4ntynyt voima:<\/strong> Hitsatut T-tyyppiset sylinterit tunnetaan suuresta lujuudestaan, mink\u00e4 ansiosta ne sopivat raskasta nostoa vaativiin sovelluksiin. N\u00e4iden sylinterien valmistuksessa k\u00e4ytetty hitsausprosessi varmistaa, ett\u00e4 sylinteriss\u00e4 ei ole heikkoja kohtia ja se kest\u00e4\u00e4 suurta painetta ja rasitusta.<\/li>\n<\/ul>\n<\/li>\n<\/ul>\n<p>Kun sylinteriin kohdistetaan painetta, se jakautuu tasaisesti koko pinnalle, mik\u00e4 tekee siit\u00e4 kest\u00e4v\u00e4n muodonmuutokselle. T\u00e4m\u00e4 ominaisuus varmistaa, ett\u00e4 sylinteri s\u00e4ilytt\u00e4\u00e4 muotonsa ja rakenteellisen eheytens\u00e4 my\u00f6s \u00e4\u00e4rimm\u00e4isiss\u00e4 olosuhteissa.<\/p>\n<ul>\n<li style=\"list-style-type: none;\">\n<ul>\n<li><strong>Vuotojen ehk\u00e4isy:<\/strong> Hitsatut T-tyyppiset sylinterit on suunniteltu est\u00e4m\u00e4\u00e4n vuodot. Valmistusprosessissa k\u00e4ytetty hitsausprosessi varmistaa, ett\u00e4 sylinteri on t\u00e4ysin tiivis ja vapaa mahdollisista vuodoista. T\u00e4m\u00e4 ominaisuus tekee niist\u00e4 sopivia k\u00e4ytett\u00e4v\u00e4ksi sovelluksissa, joissa vuoto voi aiheuttaa vakavia vaurioita tai vammoja.<\/li>\n<\/ul>\n<\/li>\n<\/ul>\n<p>Hitsatut liitokset ovat sileit\u00e4, ilman rakoja tai uria, joihin roskat tai lika voisivat ker\u00e4\u00e4nty\u00e4, mik\u00e4 v\u00e4hent\u00e4\u00e4 korroosion ja sylinterin vaurioitumisen riski\u00e4.<\/p>\n<ul>\n<li style=\"list-style-type: none;\">\n<ul>\n<li><strong>Mukautettava:<\/strong> Hitsattuja T-tyyppisi\u00e4 sylintereit\u00e4 voidaan r\u00e4\u00e4t\u00e4l\u00f6id\u00e4 tiettyihin sovelluksiin. Sylintereit\u00e4 on saatavana eri kokoisina ja muotoisina, ja ne voidaan valmistaa vastaamaan sovelluksen erityisvaatimuksia.<\/li>\n<\/ul>\n<\/li>\n<\/ul>\n<p>R\u00e4\u00e4t\u00e4l\u00f6intiprosessi mahdollistaa sylinterin suorituskyvyn optimoinnin varmistaen, ett\u00e4 se sopii aiottuun k\u00e4ytt\u00f6tarkoitukseen. T\u00e4m\u00e4 ominaisuus tekee hitsatuista T-tyyppisist\u00e4 sylintereist\u00e4 ihanteellisia k\u00e4ytett\u00e4v\u00e4ksi erilaisissa teollisissa sovelluksissa, kuten rakentamisessa, kaivostoiminnassa ja materiaalink\u00e4sittelyss\u00e4.<\/p>\n<ul>\n<li style=\"list-style-type: none;\">\n<ul>\n<li><strong>Kustannustehokas:<\/strong> Hitsatut T-tyyppiset sylinterit ovat kustannustehokkaita verrattuna muuntyyppisiin sylintereihin. N\u00e4iden sylinterien valmistuksessa k\u00e4ytetty valmistusprosessi on yksinkertainen, mink\u00e4 ansiosta ne ovat halvempia kuin muuntyyppiset sylinterit.<\/li>\n<\/ul>\n<\/li>\n<\/ul>\n<p>Lis\u00e4ksi hitsattujen T-tyyppisten sylinterien korkea lujuus ja kest\u00e4vyys v\u00e4hent\u00e4v\u00e4t usein teht\u00e4vien korjausten ja vaihtojen tarvetta, mik\u00e4 s\u00e4\u00e4st\u00e4\u00e4 yll\u00e4pitokustannuksissa. T\u00e4m\u00e4 ominaisuus tekee niist\u00e4 suositun valinnan monilla toimialoilla, erityisesti niill\u00e4, joilla on rajallinen budjetti.<\/p>\n<ul>\n<li style=\"list-style-type: none;\">\n<ul>\n<li><strong>Lis\u00e4\u00e4ntynyt tehokkuus:<\/strong> Hitsatut T-tyyppiset sylinterit ovat eritt\u00e4in tehokkaita ja toimivia. Sylinterin rakenne varmistaa, ett\u00e4 k\u00e4ytetty voima siirtyy suoraan kuormaan, mik\u00e4 v\u00e4hent\u00e4\u00e4 energiah\u00e4vi\u00f6t\u00e4 ja lis\u00e4\u00e4 tehokkuutta.<\/li>\n<\/ul>\n<\/li>\n<\/ul>\n<p>Hitsatut liitokset ovat vahvoja ja j\u00e4ykki\u00e4, mik\u00e4 minimoi taipuman ja varmistaa, ett\u00e4 sylinteri s\u00e4ilytt\u00e4\u00e4 muotonsa ja rakenteellisen eheytens\u00e4 my\u00f6s \u00e4\u00e4rimm\u00e4isiss\u00e4 olosuhteissa. T\u00e4m\u00e4 ominaisuus tekee hitsatuista T-tyyppisist\u00e4 sylintereist\u00e4 ihanteellisia k\u00e4ytett\u00e4v\u00e4ksi sovelluksissa, jotka vaativat korkeaa hy\u00f6tysuhdetta ja luotettavuutta.<\/p>\n<p><img loading=\"lazy\" decoding=\"async\" class=\"alignnone size-full wp-image-976\" src=\"https:\/\/fmp-components.com\/wp-content\/uploads\/2024\/12\/Welded-Tee-Type-Cylinder2.webp\" alt=\"Hitsattu T-tyyppinen sylinteri\" width=\"764\" height=\"675\" title=\"\" srcset=\"https:\/\/fmp-components.com\/wp-content\/uploads\/2024\/12\/Welded-Tee-Type-Cylinder2.webp 764w, https:\/\/fmp-components.com\/wp-content\/uploads\/2024\/12\/Welded-Tee-Type-Cylinder2-480x424.webp 480w\" sizes=\"(min-width: 0px) and (max-width: 480px) 480px, (min-width: 481px) 764px, 100vw\" \/><\/p>\n<h2>Hitsatun T-tyyppisen sylinterin k\u00e4ytt\u00f6<\/h2>\n<ul>\n<li>\n<h3>Teollisuuskoneet ja -laitteet<\/h3>\n<p>Hitsattua T-tyyppist\u00e4 sylinteri\u00e4 k\u00e4ytet\u00e4\u00e4n laajalti teollisuuskoneissa ja -laitteissa, erityisesti hydraulij\u00e4rjestelmiss\u00e4. Sylinteri koostuu m\u00e4nn\u00e4st\u00e4 ja sylinteriputkesta, jotka on hitsattu yhteen yhdeksi yksik\u00f6ksi. T\u00e4ll\u00e4 rakenteella on useita etuja muihin sylintereihin verrattuna, kuten parempi kest\u00e4vyys, suurempi lujuus ja suurempi tarkkuus.<\/p>\n<p>Yksi hitsatun T-tyyppisen sylinterin t\u00e4rkeimmist\u00e4 sovelluksista teollisuuskoneissa on sen kyky tuottaa tasaista ja tarkkaa voimaa. T\u00e4m\u00e4 on olennaista monissa valmistusprosesseissa, joissa tarvitaan tarkkaa ohjausta lopputuotteen laadun varmistamiseksi. Hitsattua T-tyyppist\u00e4 sylinteri\u00e4 voidaan k\u00e4ytt\u00e4\u00e4 my\u00f6s nesteiden virtauksen s\u00e4\u00e4t\u00e4miseen hydraulij\u00e4rjestelmiss\u00e4, mik\u00e4 mahdollistaa paremman tehokkuuden ja luotettavuuden useissa teollisissa sovelluksissa.<\/li>\n<li>\n<h3>Maatalouskoneet<\/h3>\n<p>Hitsattua T-tyyppist\u00e4 sylinteri\u00e4 k\u00e4ytet\u00e4\u00e4n yleisesti my\u00f6s maatalouskoneissa, kuten traktoreissa ja puimureissa. N\u00e4m\u00e4 koneet vaativat tehokkaat ja luotettavat hydrauliikkaj\u00e4rjestelm\u00e4t toimiakseen tehokkaasti, ja hitsattu T-tyyppinen sylinteri on ihanteellinen valinta t\u00e4h\u00e4n tarkoitukseen.<\/p>\n<p>Sylinterin kest\u00e4v\u00e4 rakenne ja suuri lujuus tekev\u00e4t siit\u00e4 eritt\u00e4in kulumiskest\u00e4v\u00e4n jopa ankarissa k\u00e4ytt\u00f6olosuhteissa. T\u00e4m\u00e4 tekee siit\u00e4 ihanteellisen valinnan maatalouskoneisiin, joissa kest\u00e4vyys on keskeinen kriteeri. Hitsattua T-tyyppist\u00e4 sylinteri\u00e4 voidaan k\u00e4ytt\u00e4\u00e4 my\u00f6s monien maatalousprosessien, kuten istutuksen, sadonkorjuun ja kastelun, vaatimaan tarkkaan ohjaukseen.<\/li>\n<li>\n<h3>Rakennuslaitteet<\/h3>\n<p>Hitsattua T-tyyppist\u00e4 sylinteri\u00e4 k\u00e4ytet\u00e4\u00e4n my\u00f6s laajalti rakennuslaitteissa, kuten kaivinkoneissa, traktorikaivureissa ja puskutraktoreissa. N\u00e4m\u00e4 koneet tarvitsevat tehokkaita ja luotettavia hydraulij\u00e4rjestelmi\u00e4 raskaiden teht\u00e4vien, kuten kaivamisen, nostamisen ja raskaiden kuormien ty\u00f6nt\u00e4misen, suorittamiseen.<\/p>\n<p>Hitsatun T-tyyppisen sylinterin korkea lujuus ja kest\u00e4vyys tekev\u00e4t siit\u00e4 ihanteellisen valinnan k\u00e4ytett\u00e4v\u00e4ksi rakennuslaitteissa. Sen kyky tarjota tarkkaa ohjausta ja tasaista voimaa on olennaista monissa rakennusprosesseissa, kuten kaivamisessa, tasoituksessa ja p\u00e4\u00e4llystyksess\u00e4. Hitsattua T-tyyppist\u00e4 sylinteri\u00e4 voidaan k\u00e4ytt\u00e4\u00e4 my\u00f6s nesteiden virtauksen s\u00e4\u00e4t\u00e4miseen hydraulij\u00e4rjestelmiss\u00e4, mik\u00e4 parantaa rakennuslaitteiden tehokkuutta ja luotettavuutta useissa eri sovelluksissa.<\/li>\n<\/ul>\n<h3>Tietoja FMP:st\u00e4<\/h3>\n<p>FMP on johtava hydraulisylintereiden valmistaja, jolla on yli 30 vuoden kokemus. Teollisuusalueemme sijaitsee Italiassa, ja meill\u00e4 on yli 100 laitetta, mukaan lukien automaattiset kaasusuojatut hitsauskoneet, syv\u00e4reik\u00e4porauskoneet, CNC-sorvit, sylinterihiomakoneet, automaattiset puhdistuskoneet, automaattiset asennuskoneet, automaattiset hydraulisylintereiden suorituskyvyn testauspenkit, automaattiset maalauslinjat ja paljon muuta.<\/p>\n<p>Hydraulisylinterimme ovat erityyppisi\u00e4, mukaan lukien hydraulisylinteri, hydraulisylinterin korvakorusylinteri, kaksisuuntainen automaattinen teleskooppinen hydraulisylinteri ja paljon muuta. Jokainen hydraulisylinteri k\u00e4y l\u00e4pi tiukan k\u00e4sittelyn ja tarkastuksen varmistaaksemme asiakkaillemme hyv\u00e4n laadun. Tarjoamme asiakkaillemme seuraavia etuja:<\/p>\n<ul>\n<li><strong>Suunnittelupalvelu:<\/strong> Suunnittelutiimill\u00e4mme on laaja kokemus nivelakseleiden tuotesuunnittelusta ja -kehityksest\u00e4. Jos sinulla on tarpeita uusille tuotteille tai haluat lis\u00e4parannuksia, tuemme sinua.<\/li>\n<li><strong>Tuotepalvelu:<\/strong> Tuotepalvelumme kattaa raaka-aineet, leikkauksen, karkean k\u00e4sittelyn, testauksen, puhdistuksen, kokoonpanon, pakkauksen ja kuljetuksen. Varmistamme, ett\u00e4 jokainen prosessin vaihe suoritetaan tarkasti ja huolellisesti.<\/li>\n<li><strong>N\u00e4yteprosessi:<\/strong> Voimme kehitt\u00e4\u00e4 n\u00e4ytteit\u00e4 tarpeidesi mukaan ja muokata niit\u00e4 jatkuvasti tarpeidesi mukaan. Olemme sitoutuneet t\u00e4ytt\u00e4m\u00e4\u00e4n ja ylitt\u00e4m\u00e4\u00e4n odotuksesi.<\/li>\n<li><strong>Tutkimus ja kehitys:<\/strong> Pysymme ajan tasalla markkinoiden tarpeista ja kehit\u00e4mme jatkuvasti uusia malleja vastataksemme asiakkaiden kysynt\u00e4\u00e4n. Olemme omistautuneet innovaatioille ja huippuosaamiselle.<\/li>\n<li><strong>Laadunvalvonta:<\/strong> Meill\u00e4 on tiukat laadunvalvontatoimenpiteet varmistaaksemme, ett\u00e4 jokainen tehtaaltamme l\u00e4htev\u00e4 tuote on korkealaatuista. Voit luottaa meihin luotettavien ja kest\u00e4vien hydraulisylintereiden toimittamisessa.<\/li>\n<\/ul>\n<p><img decoding=\"async\" src=\"https:\/\/fmp-components.com\/wp-content\/uploads\/2024\/12\/fmp-factory-4.webp\" alt=\"FMP-tehdas\" width=\"800\" title=\"\"><br \/>\nTekij\u00e4: CX<\/p>","protected":false},"excerpt":{"rendered":"<p>Tehdashintainen 10031 s\u00e4\u00e4dett\u00e4v\u00e4 hydraulinen teleskooppisylinteri on suunniteltu erityisesti maatalousk\u00e4ytt\u00f6\u00f6n, ja se tarjoaa monipuolisuutta ja tehokkuutta kompaktissa muodossa. T\u00e4ss\u00e4 hydraulisylinteriss\u00e4 on s\u00e4\u00e4dett\u00e4v\u00e4 rakenne, joka mahdollistaa vaihtelevat jatkopituudet, joten se sopii erinomaisesti monenlaisiin maatalousteht\u00e4viin. T\u00e4rkeimm\u00e4t ominaisuudet: S\u00e4\u00e4dett\u00e4v\u00e4 rakenne: Teleskooppiominaisuus mahdollistaa [\u2026] mukauttamisen.<\/p>","protected":false},"featured_media":920,"comment_status":"closed","ping_status":"closed","template":"","meta":{"_et_pb_use_builder":"","_et_pb_old_content":"","_et_gb_content_width":""},"product_brand":[],"product_cat":[31],"product_tag":[34,35],"class_list":{"0":"post-951","1":"product","2":"type-product","3":"status-publish","4":"has-post-thumbnail","6":"product_cat-welded-tee-type-cylinder","7":"product_tag-hydraulic-cylinder","8":"product_tag-welded-tee-type-cylinder","10":"first","11":"instock","12":"product-type-simple"},"_links":{"self":[{"href":"https:\/\/fmp-components.com\/fi\/wp-json\/wp\/v2\/product\/951","targetHints":{"allow":["GET"]}}],"collection":[{"href":"https:\/\/fmp-components.com\/fi\/wp-json\/wp\/v2\/product"}],"about":[{"href":"https:\/\/fmp-components.com\/fi\/wp-json\/wp\/v2\/types\/product"}],"replies":[{"embeddable":true,"href":"https:\/\/fmp-components.com\/fi\/wp-json\/wp\/v2\/comments?post=951"}],"wp:featuredmedia":[{"embeddable":true,"href":"https:\/\/fmp-components.com\/fi\/wp-json\/wp\/v2\/media\/920"}],"wp:attachment":[{"href":"https:\/\/fmp-components.com\/fi\/wp-json\/wp\/v2\/media?parent=951"}],"wp:term":[{"taxonomy":"product_brand","embeddable":true,"href":"https:\/\/fmp-components.com\/fi\/wp-json\/wp\/v2\/product_brand?post=951"},{"taxonomy":"product_cat","embeddable":true,"href":"https:\/\/fmp-components.com\/fi\/wp-json\/wp\/v2\/product_cat?post=951"},{"taxonomy":"product_tag","embeddable":true,"href":"https:\/\/fmp-components.com\/fi\/wp-json\/wp\/v2\/product_tag?post=951"}],"curies":[{"name":"wp","href":"https:\/\/api.w.org\/{rel}","templated":true}]}}