{"id":950,"date":"2024-12-19T03:39:43","date_gmt":"2024-12-19T03:39:43","guid":{"rendered":"https:\/\/fmp-components.com\/product\/10030-high-quality-tractor-cylinders-hydraulic-double-acting\/"},"modified":"2024-12-26T08:58:58","modified_gmt":"2024-12-26T08:58:58","slug":"10030-high-quality-tractor-cylinders-hydraulic-double-acting","status":"publish","type":"product","link":"https:\/\/fmp-components.com\/fi\/product\/10030-high-quality-tractor-cylinders-hydraulic-double-acting\/","title":{"rendered":"10030 korkealaatuista traktorin sylinteri\u00e4, hydraulinen, kaksitoiminen"},"content":{"rendered":"<p>Korkealaatuiset 10030-traktorisylinterit on suunniteltu erinomaiseen suorituskykyyn maataloussovelluksissa, ja ne tarjoavat traktoreille luotettavan ja tehokkaan hydraulisen toiminnan. T\u00e4m\u00e4 kaksitoiminen hydraulisylinteri on suunniteltu parantamaan maatalouskoneidesi toimivuutta ja tehokkuutta.<\/p>\n<h4>T\u00e4rkeimm\u00e4t ominaisuudet:<\/h4>\n<ul>\n<li><strong>Kaksitoiminen mekanismi<\/strong>Mahdollistaa tehokkaan toiminnan sek\u00e4 pidennyksess\u00e4 ett\u00e4 sis\u00e4\u00e4nvedossa, mik\u00e4 takaa tarkan hallinnan erilaisissa teht\u00e4viss\u00e4.<\/li>\n<li><strong>Korkealaatuinen rakentaminen<\/strong>Valmistettu ensiluokkaisista materiaaleista kest\u00e4vyyden ja luotettavuuden varmistamiseksi raskaissa kuormissa ja haastavissa olosuhteissa.<\/li>\n<li><strong>Suuri kuormituskapasiteetti<\/strong>Suunniteltu kest\u00e4m\u00e4\u00e4n huomattavia voimia, joten se sopii erinomaisesti vaativiin maatalousk\u00e4ytt\u00f6\u00f6n.<\/li>\n<li><strong>Korroosionkest\u00e4v\u00e4 viimeistely<\/strong>Pinnoitettu suojaamaan ruosteelta ja korroosiolta varmistaen pitk\u00e4kestoisen suorituskyvyn ulkoymp\u00e4rist\u00f6iss\u00e4.<\/li>\n<li><strong>Helppo asennus<\/strong>Suunniteltu helposti integroitavaksi olemassa oleviin traktorij\u00e4rjestelmiin, mik\u00e4 minimoi asennusajan ja parantaa tuottavuutta.<\/li>\n<\/ul>\n<p><img decoding=\"async\" src=\"https:\/\/hzpt.com\/wp-content\/uploads\/2023\/12\/random-2.webp\" alt=\"\" title=\"\"><\/p>\n<h4>Edut:<\/h4>\n<ul>\n<li><strong>Lis\u00e4\u00e4ntynyt tehokkuus<\/strong>Optimoi traktoreiden toiminnan helpottaen sujuvia nosto- ja laskuliikkeit\u00e4 ja parantaen tuottavuutta.<\/li>\n<li><strong>Monipuoliset sovellukset<\/strong>Sopii erilaisiin maatalousteht\u00e4viin, joten se on monipuolinen valinta maanviljelij\u00f6ille ja k\u00e4ytt\u00e4jille.<\/li>\n<li><strong>V\u00e4hemm\u00e4n huoltoa<\/strong>Kest\u00e4v\u00e4 rakenne minimoi kulumisen, mik\u00e4 johtaa alhaisempiin yll\u00e4pitokustannuksiin ja pidemp\u00e4\u00e4n k\u00e4ytt\u00f6aikaan.<\/li>\n<\/ul>\n<p>10030 korkealaatuinen traktorisylinteri, hydraulinen, kaksitoiminen, on olennainen osa nykyaikaisia \u200b\u200bmaatalouskoneita, ja se varmistaa luotettavan suorituskyvyn ja tehokkuuden. Sen kest\u00e4v\u00e4 rakenne ja luotettava toimivuus tekev\u00e4t siit\u00e4 erinomaisen investoinnin mihin tahansa maataloustoimintaan.<\/p>\n<p><img decoding=\"async\" src=\"https:\/\/hzpt.com\/wp-content\/uploads\/2023\/12\/random-4.webp\" alt=\"\" title=\"\"><\/p>\n<h2>Hitsatun T-tyyppisen sylinterin edut<\/h2>\n<ul>\n<li style=\"list-style-type: none;\">\n<ul>\n<li><strong>Lis\u00e4\u00e4ntynyt voima:<\/strong> Hitsatut T-tyyppiset sylinterit tunnetaan suuresta lujuudestaan, mink\u00e4 ansiosta ne sopivat raskasta nostoa vaativiin sovelluksiin. N\u00e4iden sylinterien valmistuksessa k\u00e4ytetty hitsausprosessi varmistaa, ett\u00e4 sylinteriss\u00e4 ei ole heikkoja kohtia ja se kest\u00e4\u00e4 suurta painetta ja rasitusta.<\/li>\n<\/ul>\n<\/li>\n<\/ul>\n<p>Kun sylinteriin kohdistetaan painetta, se jakautuu tasaisesti koko pinnalle, mik\u00e4 tekee siit\u00e4 kest\u00e4v\u00e4n muodonmuutokselle. T\u00e4m\u00e4 ominaisuus varmistaa, ett\u00e4 sylinteri s\u00e4ilytt\u00e4\u00e4 muotonsa ja rakenteellisen eheytens\u00e4 my\u00f6s \u00e4\u00e4rimm\u00e4isiss\u00e4 olosuhteissa.<\/p>\n<ul>\n<li style=\"list-style-type: none;\">\n<ul>\n<li><strong>Vuotojen ehk\u00e4isy:<\/strong> Hitsatut T-tyyppiset sylinterit on suunniteltu est\u00e4m\u00e4\u00e4n vuodot. Valmistusprosessissa k\u00e4ytetty hitsausprosessi varmistaa, ett\u00e4 sylinteri on t\u00e4ysin tiivis ja vapaa mahdollisista vuodoista. T\u00e4m\u00e4 ominaisuus tekee niist\u00e4 sopivia k\u00e4ytett\u00e4v\u00e4ksi sovelluksissa, joissa vuoto voi aiheuttaa vakavia vaurioita tai vammoja.<\/li>\n<\/ul>\n<\/li>\n<\/ul>\n<p>Hitsatut liitokset ovat sileit\u00e4, ilman rakoja tai uria, joihin roskat tai lika voisivat ker\u00e4\u00e4nty\u00e4, mik\u00e4 v\u00e4hent\u00e4\u00e4 korroosion ja sylinterin vaurioitumisen riski\u00e4.<\/p>\n<ul>\n<li style=\"list-style-type: none;\">\n<ul>\n<li><strong>Mukautettava:<\/strong> Hitsattuja T-tyyppisi\u00e4 sylintereit\u00e4 voidaan r\u00e4\u00e4t\u00e4l\u00f6id\u00e4 tiettyihin sovelluksiin. Sylintereit\u00e4 on saatavana eri kokoisina ja muotoisina, ja ne voidaan valmistaa vastaamaan sovelluksen erityisvaatimuksia.<\/li>\n<\/ul>\n<\/li>\n<\/ul>\n<p>R\u00e4\u00e4t\u00e4l\u00f6intiprosessi mahdollistaa sylinterin suorituskyvyn optimoinnin varmistaen, ett\u00e4 se sopii aiottuun k\u00e4ytt\u00f6tarkoitukseen. T\u00e4m\u00e4 ominaisuus tekee hitsatuista T-tyyppisist\u00e4 sylintereist\u00e4 ihanteellisia k\u00e4ytett\u00e4v\u00e4ksi erilaisissa teollisissa sovelluksissa, kuten rakentamisessa, kaivostoiminnassa ja materiaalink\u00e4sittelyss\u00e4.<\/p>\n<ul>\n<li style=\"list-style-type: none;\">\n<ul>\n<li><strong>Kustannustehokas:<\/strong> Hitsatut T-tyyppiset sylinterit ovat kustannustehokkaita verrattuna muuntyyppisiin sylintereihin. N\u00e4iden sylinterien valmistuksessa k\u00e4ytetty valmistusprosessi on yksinkertainen, mink\u00e4 ansiosta ne ovat halvempia kuin muuntyyppiset sylinterit.<\/li>\n<\/ul>\n<\/li>\n<\/ul>\n<p>Lis\u00e4ksi hitsattujen T-tyyppisten sylinterien korkea lujuus ja kest\u00e4vyys v\u00e4hent\u00e4v\u00e4t usein teht\u00e4vien korjausten ja vaihtojen tarvetta, mik\u00e4 s\u00e4\u00e4st\u00e4\u00e4 yll\u00e4pitokustannuksissa. T\u00e4m\u00e4 ominaisuus tekee niist\u00e4 suositun valinnan monilla toimialoilla, erityisesti niill\u00e4, joilla on rajallinen budjetti.<\/p>\n<ul>\n<li style=\"list-style-type: none;\">\n<ul>\n<li><strong>Lis\u00e4\u00e4ntynyt tehokkuus:<\/strong> Hitsatut T-tyyppiset sylinterit ovat eritt\u00e4in tehokkaita ja toimivia. Sylinterin rakenne varmistaa, ett\u00e4 k\u00e4ytetty voima siirtyy suoraan kuormaan, mik\u00e4 v\u00e4hent\u00e4\u00e4 energiah\u00e4vi\u00f6t\u00e4 ja lis\u00e4\u00e4 tehokkuutta.<\/li>\n<\/ul>\n<\/li>\n<\/ul>\n<p>Hitsatut liitokset ovat vahvoja ja j\u00e4ykki\u00e4, mik\u00e4 minimoi taipuman ja varmistaa, ett\u00e4 sylinteri s\u00e4ilytt\u00e4\u00e4 muotonsa ja rakenteellisen eheytens\u00e4 my\u00f6s \u00e4\u00e4rimm\u00e4isiss\u00e4 olosuhteissa. T\u00e4m\u00e4 ominaisuus tekee hitsatuista T-tyyppisist\u00e4 sylintereist\u00e4 ihanteellisia k\u00e4ytett\u00e4v\u00e4ksi sovelluksissa, jotka vaativat korkeaa hy\u00f6tysuhdetta ja luotettavuutta.<\/p>\n<h2>Hitsatun T-tyyppisen sylinterin k\u00e4ytt\u00f6<\/h2>\n<ul>\n<li>\n<h3>Teollisuuskoneet ja -laitteet<\/h3>\n<p>Hitsattua T-tyyppist\u00e4 sylinteri\u00e4 k\u00e4ytet\u00e4\u00e4n laajalti teollisuuskoneissa ja -laitteissa, erityisesti hydraulij\u00e4rjestelmiss\u00e4. Sylinteri koostuu m\u00e4nn\u00e4st\u00e4 ja sylinteriputkesta, jotka on hitsattu yhteen yhdeksi yksik\u00f6ksi. T\u00e4ll\u00e4 rakenteella on useita etuja muihin sylintereihin verrattuna, kuten parempi kest\u00e4vyys, suurempi lujuus ja suurempi tarkkuus.<\/p>\n<p>Yksi hitsatun T-tyyppisen sylinterin t\u00e4rkeimmist\u00e4 sovelluksista teollisuuskoneissa on sen kyky tuottaa tasaista ja tarkkaa voimaa. T\u00e4m\u00e4 on olennaista monissa valmistusprosesseissa, joissa tarvitaan tarkkaa ohjausta lopputuotteen laadun varmistamiseksi. Hitsattua T-tyyppist\u00e4 sylinteri\u00e4 voidaan k\u00e4ytt\u00e4\u00e4 my\u00f6s nesteiden virtauksen s\u00e4\u00e4t\u00e4miseen hydraulij\u00e4rjestelmiss\u00e4, mik\u00e4 mahdollistaa paremman tehokkuuden ja luotettavuuden useissa teollisissa sovelluksissa.<\/li>\n<li>\n<h3>Maatalouskoneet<\/h3>\n<p>Hitsattua T-tyyppist\u00e4 sylinteri\u00e4 k\u00e4ytet\u00e4\u00e4n yleisesti my\u00f6s maatalouskoneissa, kuten traktoreissa ja puimureissa. N\u00e4m\u00e4 koneet vaativat tehokkaat ja luotettavat hydrauliikkaj\u00e4rjestelm\u00e4t toimiakseen tehokkaasti, ja hitsattu T-tyyppinen sylinteri on ihanteellinen valinta t\u00e4h\u00e4n tarkoitukseen.<\/p>\n<p>Sylinterin kest\u00e4v\u00e4 rakenne ja suuri lujuus tekev\u00e4t siit\u00e4 eritt\u00e4in kulumiskest\u00e4v\u00e4n jopa ankarissa k\u00e4ytt\u00f6olosuhteissa. T\u00e4m\u00e4 tekee siit\u00e4 ihanteellisen valinnan maatalouskoneisiin, joissa kest\u00e4vyys on keskeinen kriteeri. Hitsattua T-tyyppist\u00e4 sylinteri\u00e4 voidaan k\u00e4ytt\u00e4\u00e4 my\u00f6s monien maatalousprosessien, kuten istutuksen, sadonkorjuun ja kastelun, vaatimaan tarkkaan ohjaukseen.<\/li>\n<li>\n<h3>Rakennuslaitteet<\/h3>\n<p>Hitsattua T-tyyppist\u00e4 sylinteri\u00e4 k\u00e4ytet\u00e4\u00e4n my\u00f6s laajalti rakennuslaitteissa, kuten kaivinkoneissa, traktorikaivureissa ja puskutraktoreissa. N\u00e4m\u00e4 koneet tarvitsevat tehokkaita ja luotettavia hydraulij\u00e4rjestelmi\u00e4 raskaiden teht\u00e4vien, kuten kaivamisen, nostamisen ja raskaiden kuormien ty\u00f6nt\u00e4misen, suorittamiseen.<\/p>\n<p>Hitsatun T-tyyppisen sylinterin korkea lujuus ja kest\u00e4vyys tekev\u00e4t siit\u00e4 ihanteellisen valinnan k\u00e4ytett\u00e4v\u00e4ksi rakennuslaitteissa. Sen kyky tarjota tarkkaa ohjausta ja tasaista voimaa on olennaista monissa rakennusprosesseissa, kuten kaivamisessa, tasoituksessa ja p\u00e4\u00e4llystyksess\u00e4. Hitsattua T-tyyppist\u00e4 sylinteri\u00e4 voidaan k\u00e4ytt\u00e4\u00e4 my\u00f6s nesteiden virtauksen s\u00e4\u00e4t\u00e4miseen hydraulij\u00e4rjestelmiss\u00e4, mik\u00e4 parantaa rakennuslaitteiden tehokkuutta ja luotettavuutta useissa eri sovelluksissa.<\/li>\n<\/ul>\n<h3>Tietoja FMP:st\u00e4<\/h3>\n<p>FMP:ll\u00e4 on yli 30 vuoden kokemus korkealaatuisten hydraulisylintereiden valmistuksesta, jotka voidaan r\u00e4\u00e4t\u00e4l\u00f6id\u00e4 tarpeidesi mukaan. Teollisuusalueemme sijaitsee Italiassa, ja meill\u00e4 on yli 100 laitetta, mukaan lukien automaattiset kaasusuojatut hitsauskoneet, syv\u00e4reik\u00e4porauskoneet, CNC-sorvit, sylinterihiomakoneet, automaattiset puhdistuskoneet, automaattiset asennuskoneet, automaattiset hydraulisylintereiden suorituskyvyn testauspenkit ja automaattiset maalauslinjat.<\/p>\n<p>Hydraulisylinterimme on valmistettu korkealaatuisista materiaaleista ja ne k\u00e4yv\u00e4t l\u00e4pi tiukat k\u00e4sittely- ja tarkastusprosessit niiden hyv\u00e4n laadun takaamiseksi. Tarjoamme kattavan valikoiman hydraulisylintereit\u00e4, mukaan lukien hydraulisylinterin korvakorusylinterit, kaksisuuntaiset automaattiset teleskooppiset hydraulisylinterit ja paljon muuta.<\/p>\n<h4>FMP-hydraulisylinterien valinnan edut:<\/h4>\n<ul>\n<li><strong>Suunnittelupalvelu:<\/strong> Kokenut suunnittelutiimimme voi tarjota sinulle nivelakselien tuotesuunnittelu- ja kehityspalveluita, ja voimme tukea sinua uusien tuotteiden kehitt\u00e4misess\u00e4 tai olemassa olevien parantamisessa tarpeidesi mukaan.<\/li>\n<li><strong>Tuotepalvelu:<\/strong> Tuotteemme k\u00e4yv\u00e4t l\u00e4pi perusteellisen prosessin, johon kuuluu raaka-aineiden valinta, leikkaus, karkea k\u00e4sittely, testaus, puhdistus, kokoonpano, pakkaaminen ja kuljetus, jotta voimme varmistaa korkealaatuisten tuotteiden toimittamisen asiakkaillemme.<\/li>\n<li><strong>N\u00e4yteprosessi:<\/strong> Voimme kehitt\u00e4\u00e4 n\u00e4ytteit\u00e4 tarpeidesi mukaan ja muokata niit\u00e4 jatkuvasti tarpeidesi mukaan.<\/li>\n<li><strong>Tutkimus ja kehitys:<\/strong> Seuraamme markkinoiden uusimpia trendej\u00e4 ja asiakkaidemme tarpeita ja kehit\u00e4mme uusia malleja vastaamaan markkinoiden muuttuviin vaatimuksiin.<\/li>\n<li><strong>Korkealaatuiset tuotteet:<\/strong> Hydraulisylinterimme on valmistettu korkealaatuisista materiaaleista ja ne k\u00e4yv\u00e4t l\u00e4pi tiukan k\u00e4sittelyn ja tarkastuksen niiden hyv\u00e4n laadun takaamiseksi, varmistaen, ett\u00e4 ne t\u00e4ytt\u00e4v\u00e4t tarpeesi ja ylitt\u00e4v\u00e4t odotuksesi.<\/li>\n<\/ul>\n<p>FMP:ll\u00e4 olemme sitoutuneet tarjoamaan asiakkaillemme korkealaatuisia hydraulisylintereit\u00e4, jotka vastaavat heid\u00e4n tarpeisiinsa ja ylitt\u00e4v\u00e4t heid\u00e4n odotuksensa. Ota meihin yhteytt\u00e4 jo t\u00e4n\u00e4\u00e4n ja katso, kuinka voimme auttaa sinua.<\/p>\n<p><img decoding=\"async\" src=\"https:\/\/fmp-components.com\/wp-content\/uploads\/2024\/12\/fmp-factory-4.webp\" alt=\"FMP-tehdas\" width=\"800\" title=\"\"><\/p>\n<h2>Usein kysytyt kysymykset<\/h2>\n<p><b>K1: Mik\u00e4 on FMP-hydraulisylinterien k\u00e4ytt\u00f6ik\u00e4?<\/b><\/p>\n<p>A1: K\u00e4ytt\u00f6ik\u00e4 riippuu k\u00e4yt\u00f6st\u00e4 ja huollosta. Asianmukaisella huollolla ne voivat kest\u00e4\u00e4 useita vuosia.<\/p>\n<p><b>K2: Kuinka usein hydrauliikka\u00f6ljy tulisi vaihtaa?<\/b><\/p>\n<p>A2: Hydrauli\u00f6ljy on suositeltavaa vaihtaa 1000 k\u00e4ytt\u00f6tunnin v\u00e4lein tai valmistajan ohjeiden mukaisesti.<\/p>\n<p><b>K3: Miten voin mitata hydraulisylinterini?<\/b><\/p>\n<p>A3: Voit mitata sylinterin halkaisijan, m\u00e4nn\u00e4nvarren halkaisijan ja iskunpituuden koon m\u00e4\u00e4ritt\u00e4miseksi.<\/p>\n<p><b>K4: Millaista huoltoa hydraulisylinteri tarvitsee?<\/b><\/p>\n<p>A4: S\u00e4\u00e4nn\u00f6llinen puhdistus ja \u00f6ljy\u00e4minen voivat auttaa yll\u00e4pit\u00e4m\u00e4\u00e4n sylinterin suorituskyky\u00e4 ja pitk\u00e4ik\u00e4isyytt\u00e4.<\/p>\n<p><b>K5: Miss\u00e4 FMP-hydraulisylintereit\u00e4 valmistetaan?<\/b><\/p>\n<p>A5: Hydraulisylinterimme valmistetaan huippumodernissa tehtaassamme Italiassa<\/p>\n<p>Tekij\u00e4: CX<\/p>","protected":false},"excerpt":{"rendered":"<p>The 10030 High Quality Tractor Cylinders are engineered for superior performance in agricultural applications, providing reliable and efficient hydraulic action for tractors. This double-acting hydraulic cylinder is designed to enhance the functionality and effectiveness of your farming equipment. Key Features: Double Acting Mechanism: Enables powerful operation in both extension and retraction, allowing for precise control [&hellip;]<\/p>","protected":false},"featured_media":1132,"comment_status":"closed","ping_status":"closed","template":"","meta":{"_et_pb_use_builder":"","_et_pb_old_content":"","_et_gb_content_width":""},"product_brand":[],"product_cat":[31],"product_tag":[34,35],"class_list":{"0":"post-950","1":"product","2":"type-product","3":"status-publish","4":"has-post-thumbnail","6":"product_cat-welded-tee-type-cylinder","7":"product_tag-hydraulic-cylinder","8":"product_tag-welded-tee-type-cylinder","10":"first","11":"instock","12":"product-type-simple"},"_links":{"self":[{"href":"https:\/\/fmp-components.com\/fi\/wp-json\/wp\/v2\/product\/950","targetHints":{"allow":["GET"]}}],"collection":[{"href":"https:\/\/fmp-components.com\/fi\/wp-json\/wp\/v2\/product"}],"about":[{"href":"https:\/\/fmp-components.com\/fi\/wp-json\/wp\/v2\/types\/product"}],"replies":[{"embeddable":true,"href":"https:\/\/fmp-components.com\/fi\/wp-json\/wp\/v2\/comments?post=950"}],"wp:featuredmedia":[{"embeddable":true,"href":"https:\/\/fmp-components.com\/fi\/wp-json\/wp\/v2\/media\/1132"}],"wp:attachment":[{"href":"https:\/\/fmp-components.com\/fi\/wp-json\/wp\/v2\/media?parent=950"}],"wp:term":[{"taxonomy":"product_brand","embeddable":true,"href":"https:\/\/fmp-components.com\/fi\/wp-json\/wp\/v2\/product_brand?post=950"},{"taxonomy":"product_cat","embeddable":true,"href":"https:\/\/fmp-components.com\/fi\/wp-json\/wp\/v2\/product_cat?post=950"},{"taxonomy":"product_tag","embeddable":true,"href":"https:\/\/fmp-components.com\/fi\/wp-json\/wp\/v2\/product_tag?post=950"}],"curies":[{"name":"wp","href":"https:\/\/api.w.org\/{rel}","templated":true}]}}