{"id":949,"date":"2024-12-19T03:39:43","date_gmt":"2024-12-19T03:39:43","guid":{"rendered":"https:\/\/fmp-components.com\/product\/10029-customized-mini-welded-hydraulic-cylinders-for-agricultural-machinery\/"},"modified":"2024-12-19T08:44:05","modified_gmt":"2024-12-19T08:44:05","slug":"10029-customized-mini-welded-hydraulic-cylinders-for-agricultural-machinery","status":"publish","type":"product","link":"https:\/\/fmp-components.com\/fi\/product\/10029-customized-mini-welded-hydraulic-cylinders-for-agricultural-machinery\/","title":{"rendered":"10029 R\u00e4\u00e4t\u00e4l\u00f6idyt minihitsatut hydraulisylinterit maatalouskoneisiin"},"content":{"rendered":"<p>10029-mallin r\u00e4\u00e4t\u00e4l\u00f6idyt minikokoiset hitsatut hydraulisylinterit on suunniteltu erityisesti maatalouskoneisiin, ja ne tarjoavat kompaktin ja tehokkaan ratkaisun erilaisiin maataloussovelluksiin. N\u00e4m\u00e4 hydraulisylinterit tarjoavat poikkeuksellisen suorituskyvyn ja kest\u00e4vyyden, mink\u00e4 ansiosta ne sopivat ihanteellisesti k\u00e4ytett\u00e4v\u00e4ksi ahtaissa tiloissa ja vaativissa ymp\u00e4rist\u00f6iss\u00e4.<\/p>\n<h4>T\u00e4rkeimm\u00e4t ominaisuudet:<\/h4>\n<ul>\n<li><strong>R\u00e4\u00e4t\u00e4l\u00f6ity suunnittelu<\/strong>R\u00e4\u00e4t\u00e4l\u00f6ity vastaamaan erityisvaatimuksia, mik\u00e4 varmistaa yhteensopivuuden monenlaisten maatalouskoneiden kanssa.<\/li>\n<li><strong>Miniatyyrikoko<\/strong>Kompakti muotoilu mahdollistaa asennuksen ahtaisiin tiloihin tehosta tai suorituskyvyst\u00e4 tinkim\u00e4tt\u00e4.<\/li>\n<li><strong>Hitsattu rakenne<\/strong>Rakennettu kest\u00e4v\u00e4ll\u00e4 hitsatulla rakenteella paremman lujuuden ja luotettavuuden takaamiseksi, sopii raskaaseen k\u00e4ytt\u00f6\u00f6n.<\/li>\n<li><strong>Korroosionkest\u00e4v\u00e4 pinnoite<\/strong>K\u00e4sitelty suojaavilla pinnoitteilla ruosteen ja korroosion est\u00e4miseksi, mik\u00e4 varmistaa pitk\u00e4n k\u00e4ytt\u00f6i\u00e4n ulko-olosuhteissa.<\/li>\n<li><strong>Helppo integrointi<\/strong>Suunniteltu helppoon asennukseen erilaisiin maatalouskoneisiin, mik\u00e4 helpottaa asennusta ja minimoi seisokkiajat.<\/li>\n<\/ul>\n<p><img decoding=\"async\" src=\"https:\/\/hzpt.com\/wp-content\/uploads\/2023\/12\/random-2.webp\" alt=\"\" title=\"\"><\/p>\n<h4>Edut:<\/h4>\n<ul>\n<li><strong>Parannettu tehokkuus<\/strong>Optimoi maatalouskoneiden suorituskyvyn tarjoamalla tasaisen ja tehokkaan hydraulisen toiminnan.<\/li>\n<li><strong>Monipuoliset sovellukset<\/strong>Ihanteellinen monenlaisiin teht\u00e4viin, kuten nostamiseen, ty\u00f6nt\u00e4miseen ja vet\u00e4miseen maataloust\u00f6iss\u00e4.<\/li>\n<li><strong>V\u00e4hemm\u00e4n huoltoa<\/strong>Kest\u00e4v\u00e4 rakenne minimoi kulumisen, mik\u00e4 johtaa alhaisempiin yll\u00e4pitokustannuksiin ajan my\u00f6t\u00e4.<\/li>\n<\/ul>\n<p>10029-mallin r\u00e4\u00e4t\u00e4l\u00f6idyt minikokoiset hitsatut hydraulisylinterit ovat olennainen osa nykyaikaisia \u200b\u200bmaatalouskoneita, ja ne tarjoavat luotettavaa suorituskyky\u00e4 ja tehokkuutta kompaktissa paketissa. Niiden kest\u00e4v\u00e4 rakenne ja r\u00e4\u00e4t\u00e4l\u00f6intimahdollisuudet tekev\u00e4t niist\u00e4 arvokkaan lis\u00e4n mihin tahansa maataloustoimintaan.<\/p>\n<p>&nbsp;<\/p>\n<p><img decoding=\"async\" class=\"aligncenter\" src=\"https:\/\/hzpt.com\/wp-content\/uploads\/2023\/12\/random-3.webp\" alt=\"\" title=\"\"><\/p>\n<p><!-- Add 5 Q&A here --><\/p>\n<h2>Hitsatun T-tyyppisen sylinterin edut<\/h2>\n<ul>\n<li style=\"list-style-type: none;\">\n<ul>\n<li><strong>Lis\u00e4\u00e4ntynyt voima:<\/strong> Hitsatut T-tyyppiset sylinterit tunnetaan suuresta lujuudestaan, mink\u00e4 ansiosta ne sopivat raskasta nostoa vaativiin sovelluksiin. N\u00e4iden sylinterien valmistuksessa k\u00e4ytetty hitsausprosessi varmistaa, ett\u00e4 sylinteriss\u00e4 ei ole heikkoja kohtia ja se kest\u00e4\u00e4 suurta painetta ja rasitusta.<\/li>\n<\/ul>\n<\/li>\n<\/ul>\n<p>Kun sylinteriin kohdistetaan painetta, se jakautuu tasaisesti koko pinnalle, mik\u00e4 tekee siit\u00e4 kest\u00e4v\u00e4n muodonmuutokselle. T\u00e4m\u00e4 ominaisuus varmistaa, ett\u00e4 sylinteri s\u00e4ilytt\u00e4\u00e4 muotonsa ja rakenteellisen eheytens\u00e4 my\u00f6s \u00e4\u00e4rimm\u00e4isiss\u00e4 olosuhteissa.<\/p>\n<ul>\n<li style=\"list-style-type: none;\">\n<ul>\n<li><strong>Vuotojen ehk\u00e4isy:<\/strong> Hitsatut T-tyyppiset sylinterit on suunniteltu est\u00e4m\u00e4\u00e4n vuodot. Valmistusprosessissa k\u00e4ytetty hitsausprosessi varmistaa, ett\u00e4 sylinteri on t\u00e4ysin tiivis ja vapaa mahdollisista vuodoista. T\u00e4m\u00e4 ominaisuus tekee niist\u00e4 sopivia k\u00e4ytett\u00e4v\u00e4ksi sovelluksissa, joissa vuoto voi aiheuttaa vakavia vaurioita tai vammoja.<\/li>\n<\/ul>\n<\/li>\n<\/ul>\n<p>Hitsatut liitokset ovat sileit\u00e4, ilman rakoja tai uria, joihin roskat tai lika voisivat ker\u00e4\u00e4nty\u00e4, mik\u00e4 v\u00e4hent\u00e4\u00e4 korroosion ja sylinterin vaurioitumisen riski\u00e4.<\/p>\n<ul>\n<li style=\"list-style-type: none;\">\n<ul>\n<li><strong>Mukautettava:<\/strong> Hitsattuja T-tyyppisi\u00e4 sylintereit\u00e4 voidaan r\u00e4\u00e4t\u00e4l\u00f6id\u00e4 tiettyihin sovelluksiin. Sylintereit\u00e4 on saatavana eri kokoisina ja muotoisina, ja ne voidaan valmistaa vastaamaan sovelluksen erityisvaatimuksia.<\/li>\n<\/ul>\n<\/li>\n<\/ul>\n<p>R\u00e4\u00e4t\u00e4l\u00f6intiprosessi mahdollistaa sylinterin suorituskyvyn optimoinnin varmistaen, ett\u00e4 se sopii aiottuun k\u00e4ytt\u00f6tarkoitukseen. T\u00e4m\u00e4 ominaisuus tekee hitsatuista T-tyyppisist\u00e4 sylintereist\u00e4 ihanteellisia k\u00e4ytett\u00e4v\u00e4ksi erilaisissa teollisissa sovelluksissa, kuten rakentamisessa, kaivostoiminnassa ja materiaalink\u00e4sittelyss\u00e4.<\/p>\n<ul>\n<li style=\"list-style-type: none;\">\n<ul>\n<li><strong>Kustannustehokas:<\/strong> Hitsatut T-tyyppiset sylinterit ovat kustannustehokkaita verrattuna muuntyyppisiin sylintereihin. N\u00e4iden sylinterien valmistuksessa k\u00e4ytetty valmistusprosessi on yksinkertainen, mink\u00e4 ansiosta ne ovat halvempia kuin muuntyyppiset sylinterit.<\/li>\n<\/ul>\n<\/li>\n<\/ul>\n<p>Lis\u00e4ksi hitsattujen T-tyyppisten sylinterien korkea lujuus ja kest\u00e4vyys v\u00e4hent\u00e4v\u00e4t usein teht\u00e4vien korjausten ja vaihtojen tarvetta, mik\u00e4 s\u00e4\u00e4st\u00e4\u00e4 yll\u00e4pitokustannuksissa. T\u00e4m\u00e4 ominaisuus tekee niist\u00e4 suositun valinnan monilla toimialoilla, erityisesti niill\u00e4, joilla on rajallinen budjetti.<\/p>\n<ul>\n<li style=\"list-style-type: none;\">\n<ul>\n<li><strong>Lis\u00e4\u00e4ntynyt tehokkuus:<\/strong> Hitsatut T-tyyppiset sylinterit ovat eritt\u00e4in tehokkaita ja toimivia. Sylinterin rakenne varmistaa, ett\u00e4 k\u00e4ytetty voima siirtyy suoraan kuormaan, mik\u00e4 v\u00e4hent\u00e4\u00e4 energiah\u00e4vi\u00f6t\u00e4 ja lis\u00e4\u00e4 tehokkuutta.<\/li>\n<\/ul>\n<\/li>\n<\/ul>\n<p>Hitsatut liitokset ovat vahvoja ja j\u00e4ykki\u00e4, mik\u00e4 minimoi taipuman ja varmistaa, ett\u00e4 sylinteri s\u00e4ilytt\u00e4\u00e4 muotonsa ja rakenteellisen eheytens\u00e4 my\u00f6s \u00e4\u00e4rimm\u00e4isiss\u00e4 olosuhteissa. T\u00e4m\u00e4 ominaisuus tekee hitsatuista T-tyyppisist\u00e4 sylintereist\u00e4 ihanteellisia k\u00e4ytett\u00e4v\u00e4ksi sovelluksissa, jotka vaativat korkeaa hy\u00f6tysuhdetta ja luotettavuutta.<\/p>\n<h2>Hitsatun T-tyyppisen sylinterin k\u00e4ytt\u00f6<\/h2>\n<ul>\n<li>\n<h3>Teollisuuskoneet ja -laitteet<\/h3>\n<p>Hitsattua T-tyyppist\u00e4 sylinteri\u00e4 k\u00e4ytet\u00e4\u00e4n laajalti teollisuuskoneissa ja -laitteissa, erityisesti hydraulij\u00e4rjestelmiss\u00e4. Sylinteri koostuu m\u00e4nn\u00e4st\u00e4 ja sylinteriputkesta, jotka on hitsattu yhteen yhdeksi yksik\u00f6ksi. T\u00e4ll\u00e4 rakenteella on useita etuja muihin sylintereihin verrattuna, kuten parempi kest\u00e4vyys, suurempi lujuus ja suurempi tarkkuus.<\/p>\n<p>Yksi hitsatun T-tyyppisen sylinterin t\u00e4rkeimmist\u00e4 sovelluksista teollisuuskoneissa on sen kyky tuottaa tasaista ja tarkkaa voimaa. T\u00e4m\u00e4 on olennaista monissa valmistusprosesseissa, joissa tarvitaan tarkkaa ohjausta lopputuotteen laadun varmistamiseksi. Hitsattua T-tyyppist\u00e4 sylinteri\u00e4 voidaan k\u00e4ytt\u00e4\u00e4 my\u00f6s nesteiden virtauksen s\u00e4\u00e4t\u00e4miseen hydraulij\u00e4rjestelmiss\u00e4, mik\u00e4 mahdollistaa paremman tehokkuuden ja luotettavuuden useissa teollisissa sovelluksissa.<\/li>\n<li>\n<h3>Maatalouskoneet<\/h3>\n<p>Hitsattua T-tyyppist\u00e4 sylinteri\u00e4 k\u00e4ytet\u00e4\u00e4n yleisesti my\u00f6s maatalouskoneissa, kuten traktoreissa ja puimureissa. N\u00e4m\u00e4 koneet vaativat tehokkaat ja luotettavat hydrauliikkaj\u00e4rjestelm\u00e4t toimiakseen tehokkaasti, ja hitsattu T-tyyppinen sylinteri on ihanteellinen valinta t\u00e4h\u00e4n tarkoitukseen.<\/p>\n<p>Sylinterin kest\u00e4v\u00e4 rakenne ja suuri lujuus tekev\u00e4t siit\u00e4 eritt\u00e4in kulumiskest\u00e4v\u00e4n jopa ankarissa k\u00e4ytt\u00f6olosuhteissa. T\u00e4m\u00e4 tekee siit\u00e4 ihanteellisen valinnan maatalouskoneisiin, joissa kest\u00e4vyys on keskeinen kriteeri. Hitsattua T-tyyppist\u00e4 sylinteri\u00e4 voidaan k\u00e4ytt\u00e4\u00e4 my\u00f6s monien maatalousprosessien, kuten istutuksen, sadonkorjuun ja kastelun, vaatimaan tarkkaan ohjaukseen.<\/li>\n<li>\n<h3>Rakennuslaitteet<\/h3>\n<p>Hitsattua T-tyyppist\u00e4 sylinteri\u00e4 k\u00e4ytet\u00e4\u00e4n my\u00f6s laajalti rakennuslaitteissa, kuten kaivinkoneissa, traktorikaivureissa ja puskutraktoreissa. N\u00e4m\u00e4 koneet tarvitsevat tehokkaita ja luotettavia hydraulij\u00e4rjestelmi\u00e4 raskaiden teht\u00e4vien, kuten kaivamisen, nostamisen ja raskaiden kuormien ty\u00f6nt\u00e4misen, suorittamiseen.<\/p>\n<p>Hitsatun T-tyyppisen sylinterin korkea lujuus ja kest\u00e4vyys tekev\u00e4t siit\u00e4 ihanteellisen valinnan k\u00e4ytett\u00e4v\u00e4ksi rakennuslaitteissa. Sen kyky tarjota tarkkaa ohjausta ja tasaista voimaa on olennaista monissa rakennusprosesseissa, kuten kaivamisessa, tasoituksessa ja p\u00e4\u00e4llystyksess\u00e4. Hitsattua T-tyyppist\u00e4 sylinteri\u00e4 voidaan k\u00e4ytt\u00e4\u00e4 my\u00f6s nesteiden virtauksen s\u00e4\u00e4t\u00e4miseen hydraulij\u00e4rjestelmiss\u00e4, mik\u00e4 parantaa rakennuslaitteiden tehokkuutta ja luotettavuutta useissa eri sovelluksissa.<\/li>\n<\/ul>\n<h3>Tietoja FMP:st\u00e4<\/h3>\n<p>FMP on johtava hydraulisylintereiden valmistaja ja toimittaja, jolla on yli 30 vuoden kokemus alalta. Italiassa sijaitseva huippumoderni teollisuusalueemme k\u00e4sitt\u00e4\u00e4 yli 100 huippuluokan laitetta, mukaan lukien automaattiset kaasusuojatut hitsauskoneet, syv\u00e4reik\u00e4porauskoneet, CNC-sorvit, sylinterihiomakoneet, automaattiset puhdistuskoneet, automaattiset asennuskoneet, automaattiset hydraulisylintereiden suorituskyvyn testauspenkit ja automaattiset maalauslinjat.<\/p>\n<p>Hydraulisylinterimme k\u00e4sitell\u00e4\u00e4n ja tarkastetaan huolellisesti varmistaaksemme asiakkaillemme erinomaisen laadun. Tarjoamme laajan valikoiman tuotteita, kuten hydraulisylintereiden korvakorusylintereit\u00e4, kaksisuuntaisia \u200b\u200bautomaattisia teleskooppisia hydraulisylintereit\u00e4 ja paljon muuta. T\u00e4ss\u00e4 on viisi keskeist\u00e4 etua, jotka erottavat meid\u00e4t muista:<\/p>\n<p>1) Suunnittelupalvelu: Kokenut suunnittelutiimimme on erinomainen nivelakselien tuotesuunnittelussa ja -kehityksess\u00e4. Tarvitsetpa sitten uusia tuotteita tai parannuksia olemassa oleviin, olemme t\u00e4\u00e4ll\u00e4 tukemassa sinua jokaisessa vaiheessa.<\/p>\n<p>2) Tuotepalvelu: Kattava tuotepalvelumme kattaa koko tuotantoprosessin raaka-aineista leikkaamiseen, karkeaan k\u00e4sittelyyn, testaukseen, puhdistukseen, kokoonpanoon, pakkaamiseen ja kuljetukseen. Huolellisen yksityiskohtiin panostamisemme ansiosta voit luottaa siihen, ett\u00e4 tuotteemme t\u00e4ytt\u00e4v\u00e4t korkeimmat laatustandardit.<\/p>\n<p>3) N\u00e4yteprosessi: Ymm\u00e4rr\u00e4mme r\u00e4\u00e4t\u00e4l\u00f6ityjen ratkaisujen t\u00e4rkeyden. Tiimimme voi kehitt\u00e4\u00e4 n\u00e4ytteit\u00e4 ainutlaatuisten vaatimustesi mukaisesti ja muokata niit\u00e4 jatkuvasti, kunnes ne vastaavat t\u00e4ydellisesti tarpeitasi. Tyytyv\u00e4isyytesi on meille etusijalla.<\/p>\n<p>4) Tutkimus ja kehitys: FMP:ll\u00e4 pysymme markkinoiden trendien edell\u00e4 ja pyrimme jatkuvasti innovaatioihin. Kun uusia markkinavaatimuksia ilmenee, tutkimme niit\u00e4 ennakoivasti ja kehit\u00e4mme uusia malleja varmistaaksemme, ett\u00e4 tuotteemme pysyv\u00e4t alan eturintamassa.<\/p>\n<p>5) R\u00e4\u00e4t\u00e4l\u00f6inti: Olemme erikoistuneet erityyppisten hydraulisylintereiden tuotantoon ja myyntiin, ja otamme mielell\u00e4mme vastaan \u200b\u200br\u00e4\u00e4t\u00e4l\u00f6ityj\u00e4 tilauksia. Tiimimme on omistautunut r\u00e4\u00e4t\u00e4l\u00f6im\u00e4\u00e4n tuotteemme juuri sinun tarpeisiisi ja tarjoamaan sinulle luotettavia ja kest\u00e4vi\u00e4 ratkaisuja.<\/p>\n<p>Yhteisty\u00f6 FMP:n kanssa tarkoittaa luotettavan toimittajan valitsemista, joka asettaa etusijalle laadun, innovaation ja asiakastyytyv\u00e4isyyden. Kutsumme sinut tutustumaan hydraulisylinterivalikoimaamme ja kokemaan, miten tuotteemme ja palvelumme voivat vaikuttaa yritykseesi.<\/p>\n<p><img decoding=\"async\" src=\"https:\/\/fmp-components.com\/wp-content\/uploads\/2024\/12\/fmp-factory-4.webp\" alt=\"FMP-tehdas\" width=\"800\" title=\"\"><br \/>\nTekij\u00e4: CX<\/p>","protected":false},"excerpt":{"rendered":"<p>The 10029 Customized Mini Welded Hydraulic Cylinders are specifically designed for agricultural machinery, providing a compact and powerful solution for various farming applications. These hydraulic cylinders offer exceptional performance and durability, making them ideal for use in tight spaces and demanding environments. Key Features: Customized Design: Tailored to meet specific requirements, ensuring compatibility with a [&hellip;]<\/p>","protected":false},"featured_media":1133,"comment_status":"closed","ping_status":"closed","template":"","meta":{"_et_pb_use_builder":"","_et_pb_old_content":"","_et_gb_content_width":""},"product_brand":[],"product_cat":[31],"product_tag":[34,35],"class_list":{"0":"post-949","1":"product","2":"type-product","3":"status-publish","4":"has-post-thumbnail","6":"product_cat-welded-tee-type-cylinder","7":"product_tag-hydraulic-cylinder","8":"product_tag-welded-tee-type-cylinder","10":"first","11":"instock","12":"product-type-simple"},"_links":{"self":[{"href":"https:\/\/fmp-components.com\/fi\/wp-json\/wp\/v2\/product\/949","targetHints":{"allow":["GET"]}}],"collection":[{"href":"https:\/\/fmp-components.com\/fi\/wp-json\/wp\/v2\/product"}],"about":[{"href":"https:\/\/fmp-components.com\/fi\/wp-json\/wp\/v2\/types\/product"}],"replies":[{"embeddable":true,"href":"https:\/\/fmp-components.com\/fi\/wp-json\/wp\/v2\/comments?post=949"}],"wp:featuredmedia":[{"embeddable":true,"href":"https:\/\/fmp-components.com\/fi\/wp-json\/wp\/v2\/media\/1133"}],"wp:attachment":[{"href":"https:\/\/fmp-components.com\/fi\/wp-json\/wp\/v2\/media?parent=949"}],"wp:term":[{"taxonomy":"product_brand","embeddable":true,"href":"https:\/\/fmp-components.com\/fi\/wp-json\/wp\/v2\/product_brand?post=949"},{"taxonomy":"product_cat","embeddable":true,"href":"https:\/\/fmp-components.com\/fi\/wp-json\/wp\/v2\/product_cat?post=949"},{"taxonomy":"product_tag","embeddable":true,"href":"https:\/\/fmp-components.com\/fi\/wp-json\/wp\/v2\/product_tag?post=949"}],"curies":[{"name":"wp","href":"https:\/\/api.w.org\/{rel}","templated":true}]}}