{"id":948,"date":"2024-12-19T03:39:43","date_gmt":"2024-12-19T03:39:43","guid":{"rendered":"https:\/\/fmp-components.com\/product\/10028-high-quality-stainless-steel-hydraulic-cylinder-for-rotary-tiller\/"},"modified":"2024-12-19T08:50:32","modified_gmt":"2024-12-19T08:50:32","slug":"10028-high-quality-stainless-steel-hydraulic-cylinder-for-rotary-tiller","status":"publish","type":"product","link":"https:\/\/fmp-components.com\/fi\/product\/10028-high-quality-stainless-steel-hydraulic-cylinder-for-rotary-tiller\/","title":{"rendered":"10028 Korkealaatuinen ruostumattomasta ter\u00e4ksest\u00e4 valmistettu hydraulisylinteri py\u00f6riv\u00e4\u00e4n jyr\u00e4\u00e4n"},"content":{"rendered":"<p>Korkealaatuinen ruostumattomasta ter\u00e4ksest\u00e4 valmistettu 10028-hydraulisylinteri on erityisesti suunniteltu jyrsimille, ja se tarjoaa erinomaisen lujuuden ja luotettavuuden vaativissa maatalousymp\u00e4rist\u00f6iss\u00e4. T\u00e4m\u00e4 hydraulisylinteri tarjoaa poikkeuksellisen suorituskyvyn, mik\u00e4 tekee siit\u00e4 olennaisen osan tehokkaisiin maanmuokkaust\u00f6ihin.<\/p>\n<h4>T\u00e4rkeimm\u00e4t ominaisuudet:<\/h4>\n<ul>\n<li><strong>Korkealaatuinen ruostumattomasta ter\u00e4ksest\u00e4 valmistettu rakenne<\/strong>Valmistettu ensiluokkaisesta ruostumattomasta ter\u00e4ksest\u00e4 kest\u00e4vyyden, korroosionkest\u00e4vyyden ja pitk\u00e4ik\u00e4isen suorituskyvyn varmistamiseksi ankarissa olosuhteissa.<\/li>\n<li><strong>Kaksitoiminen muotoilu<\/strong>Helpottaa tehokasta k\u00e4ytt\u00f6\u00e4 sek\u00e4 pidennys- ett\u00e4 lyhennysvaiheessa, mik\u00e4 parantaa hallintaa maanmuokkausteht\u00e4viss\u00e4.<\/li>\n<li><strong>Vankka kantavuus<\/strong>Suunniteltu kest\u00e4m\u00e4\u00e4n merkitt\u00e4vi\u00e4 voimia, joten se sopii erinomaisesti vaativiin maatalousk\u00e4ytt\u00f6\u00f6n.<\/li>\n<li><strong>Korroosionkest\u00e4v\u00e4 viimeistely<\/strong>Ruostumattomasta ter\u00e4ksest\u00e4 valmistettu pinta suojaa ruosteelta ja kulumiselta varmistaen pitk\u00e4n k\u00e4ytt\u00f6i\u00e4n ja luotettavuuden ulkok\u00e4yt\u00f6ss\u00e4.<\/li>\n<li><strong>Helppo asennus<\/strong>Suunniteltu nopeaan ja helppoon integrointiin jyrsimiin, mik\u00e4 minimoi seisokkiajat ja parantaa tuottavuutta.<\/li>\n<\/ul>\n<h4>Edut:<\/h4>\n<ul>\n<li><strong>Parannettu tehokkuus<\/strong>Optimoi jyrsinten suorituskyvyn ja helpottaa maanmuokkausta tasaisesti ja tehokkaasti.<\/li>\n<li><strong>Monipuoliset sovellukset<\/strong>Sopii monenlaisiin maatalousteht\u00e4viin maanmuokkauksen lis\u00e4ksi, joten se on monipuolinen ty\u00f6kalu maanviljelij\u00f6ille.<\/li>\n<li><strong>V\u00e4h\u00e4inen huoltotarve<\/strong>Kest\u00e4v\u00e4 ruostumattomasta ter\u00e4ksest\u00e4 valmistettu rakenne v\u00e4hent\u00e4\u00e4 kulumista, mik\u00e4 johtaa alhaisempiin yll\u00e4pitokustannuksiin ajan my\u00f6t\u00e4.<\/li>\n<\/ul>\n<p>Korkealaatuinen ruostumattomasta ter\u00e4ksest\u00e4 valmistettu 10028-hydraulisylinteri on t\u00e4rke\u00e4 osa jyrsimi\u00e4, sill\u00e4 se tarjoaa luotettavaa suorituskyky\u00e4 ja tehokkuutta. Sen kest\u00e4v\u00e4 rakenne ja korroosionkest\u00e4v\u00e4t ominaisuudet tekev\u00e4t siit\u00e4 erinomaisen valinnan kaikkiin maatalousteht\u00e4viin, joissa keskityt\u00e4\u00e4n laatuun ja kest\u00e4vyyteen.<\/p>\n<p><img decoding=\"async\" src=\"https:\/\/hzpt.com\/wp-content\/uploads\/2023\/12\/random-1.webp?v=1694163707\" alt=\"\" title=\"\"><\/p>\n<h2>Hitsatun T-tyyppisen sylinterin edut<\/h2>\n<ul>\n<li style=\"list-style-type: none;\">\n<ul>\n<li><strong>Lis\u00e4\u00e4ntynyt voima:<\/strong> Hitsatut T-tyyppiset sylinterit tunnetaan suuresta lujuudestaan, mink\u00e4 ansiosta ne sopivat raskasta nostoa vaativiin sovelluksiin. N\u00e4iden sylinterien valmistuksessa k\u00e4ytetty hitsausprosessi varmistaa, ett\u00e4 sylinteriss\u00e4 ei ole heikkoja kohtia ja se kest\u00e4\u00e4 suurta painetta ja rasitusta.<\/li>\n<\/ul>\n<\/li>\n<\/ul>\n<p>Kun sylinteriin kohdistetaan painetta, se jakautuu tasaisesti koko pinnalle, mik\u00e4 tekee siit\u00e4 kest\u00e4v\u00e4n muodonmuutokselle. T\u00e4m\u00e4 ominaisuus varmistaa, ett\u00e4 sylinteri s\u00e4ilytt\u00e4\u00e4 muotonsa ja rakenteellisen eheytens\u00e4 my\u00f6s \u00e4\u00e4rimm\u00e4isiss\u00e4 olosuhteissa.<\/p>\n<ul>\n<li style=\"list-style-type: none;\">\n<ul>\n<li><strong>Vuotojen ehk\u00e4isy:<\/strong> Hitsatut T-tyyppiset sylinterit on suunniteltu est\u00e4m\u00e4\u00e4n vuodot. Valmistusprosessissa k\u00e4ytetty hitsausprosessi varmistaa, ett\u00e4 sylinteri on t\u00e4ysin tiivis ja vapaa mahdollisista vuodoista. T\u00e4m\u00e4 ominaisuus tekee niist\u00e4 sopivia k\u00e4ytett\u00e4v\u00e4ksi sovelluksissa, joissa vuoto voi aiheuttaa vakavia vaurioita tai vammoja.<\/li>\n<\/ul>\n<\/li>\n<\/ul>\n<p>Hitsatut liitokset ovat sileit\u00e4, ilman rakoja tai uria, joihin roskat tai lika voisivat ker\u00e4\u00e4nty\u00e4, mik\u00e4 v\u00e4hent\u00e4\u00e4 korroosion ja sylinterin vaurioitumisen riski\u00e4.<\/p>\n<ul>\n<li style=\"list-style-type: none;\">\n<ul>\n<li><strong>Mukautettava:<\/strong> Hitsattuja T-tyyppisi\u00e4 sylintereit\u00e4 voidaan r\u00e4\u00e4t\u00e4l\u00f6id\u00e4 tiettyihin sovelluksiin. Sylintereit\u00e4 on saatavana eri kokoisina ja muotoisina, ja ne voidaan valmistaa vastaamaan sovelluksen erityisvaatimuksia.<\/li>\n<\/ul>\n<\/li>\n<\/ul>\n<p>R\u00e4\u00e4t\u00e4l\u00f6intiprosessi mahdollistaa sylinterin suorituskyvyn optimoinnin varmistaen, ett\u00e4 se sopii aiottuun k\u00e4ytt\u00f6tarkoitukseen. T\u00e4m\u00e4 ominaisuus tekee hitsatuista T-tyyppisist\u00e4 sylintereist\u00e4 ihanteellisia k\u00e4ytett\u00e4v\u00e4ksi erilaisissa teollisissa sovelluksissa, kuten rakentamisessa, kaivostoiminnassa ja materiaalink\u00e4sittelyss\u00e4.<\/p>\n<ul>\n<li style=\"list-style-type: none;\">\n<ul>\n<li><strong>Kustannustehokas:<\/strong> Hitsatut T-tyyppiset sylinterit ovat kustannustehokkaita verrattuna muuntyyppisiin sylintereihin. N\u00e4iden sylinterien valmistuksessa k\u00e4ytetty valmistusprosessi on yksinkertainen, mink\u00e4 ansiosta ne ovat halvempia kuin muuntyyppiset sylinterit.<\/li>\n<\/ul>\n<\/li>\n<\/ul>\n<p>Lis\u00e4ksi hitsattujen T-tyyppisten sylinterien korkea lujuus ja kest\u00e4vyys v\u00e4hent\u00e4v\u00e4t usein teht\u00e4vien korjausten ja vaihtojen tarvetta, mik\u00e4 s\u00e4\u00e4st\u00e4\u00e4 yll\u00e4pitokustannuksissa. T\u00e4m\u00e4 ominaisuus tekee niist\u00e4 suositun valinnan monilla toimialoilla, erityisesti niill\u00e4, joilla on rajallinen budjetti.<\/p>\n<ul>\n<li style=\"list-style-type: none;\">\n<ul>\n<li><strong>Lis\u00e4\u00e4ntynyt tehokkuus:<\/strong> Hitsatut T-tyyppiset sylinterit ovat eritt\u00e4in tehokkaita ja toimivia. Sylinterin rakenne varmistaa, ett\u00e4 k\u00e4ytetty voima siirtyy suoraan kuormaan, mik\u00e4 v\u00e4hent\u00e4\u00e4 energiah\u00e4vi\u00f6t\u00e4 ja lis\u00e4\u00e4 tehokkuutta.<\/li>\n<\/ul>\n<\/li>\n<\/ul>\n<p>Hitsatut liitokset ovat vahvoja ja j\u00e4ykki\u00e4, mik\u00e4 minimoi taipuman ja varmistaa, ett\u00e4 sylinteri s\u00e4ilytt\u00e4\u00e4 muotonsa ja rakenteellisen eheytens\u00e4 my\u00f6s \u00e4\u00e4rimm\u00e4isiss\u00e4 olosuhteissa. T\u00e4m\u00e4 ominaisuus tekee hitsatuista T-tyyppisist\u00e4 sylintereist\u00e4 ihanteellisia k\u00e4ytett\u00e4v\u00e4ksi sovelluksissa, jotka vaativat korkeaa hy\u00f6tysuhdetta ja luotettavuutta.<\/p>\n<p><img decoding=\"async\" src=\"https:\/\/hzpt.com\/wp-content\/uploads\/2023\/12\/random-2.webp\" alt=\"\" title=\"\"><\/p>\n<h2>Hitsatun T-tyyppisen sylinterin k\u00e4ytt\u00f6<\/h2>\n<h3>Johdanto<\/h3>\n<p>Hitsattu T-kappale on hydraulinen sylinterityyppi, jota k\u00e4ytet\u00e4\u00e4n yleisesti teollisissa sovelluksissa. Se on suunniteltu tarjoamaan suuri voima kompaktissa ja kustannustehokkaassa paketissa. T\u00e4m\u00e4n tyyppinen sylinteri koostuu hitsatusta T-kappaleesta ja T-kappaleeseen kiinnitetyst\u00e4 m\u00e4nn\u00e4nvarresta. T-kappale on yhdistetty sylinterin runkoon ja sis\u00e4lt\u00e4\u00e4 m\u00e4nn\u00e4n, joka liikkuu edestakaisin rungon sis\u00e4ll\u00e4 voiman tuottamiseksi.<\/p>\n<h3>Hitsatun T-tyyppisen sylinterin edut<\/h3>\n<p>Hitsatun T-tyyppisen sylinterin k\u00e4yt\u00f6ll\u00e4 teollisissa sovelluksissa on useita etuja:<\/p>\n<ul>\n<li><b>Kompakti muotoilu:<\/b> Hitsatut T-tyyppiset sylinterit on suunniteltu kompakteiksi, mik\u00e4 tekee niist\u00e4 ihanteellisia k\u00e4ytett\u00e4v\u00e4ksi sovelluksissa, joissa tilaa on rajoitetusti.<\/li>\n<li><b>Korkea hy\u00f6tysuhde:<\/b> Hitsatut T-tyyppiset sylinterit ovat eritt\u00e4in tehokkaita, mik\u00e4 tarkoittaa, ett\u00e4 ne voivat tuottaa suuren m\u00e4\u00e4r\u00e4n voimaa minimaalisella energiankulutuksella.<\/li>\n<li><b>Kest\u00e4v\u00e4:<\/b> Hitsatut T-tyyppiset sylinterit on suunniteltu eritt\u00e4in kest\u00e4viksi, mik\u00e4 tarkoittaa, ett\u00e4 ne kest\u00e4v\u00e4t ankaria k\u00e4ytt\u00f6olosuhteita ja ovat pitk\u00e4ik\u00e4isi\u00e4.<\/li>\n<li><b>Kustannustehokas:<\/b> Hitsatut T-tyyppiset sylinterit ovat kustannustehokkaita, mik\u00e4 tarkoittaa hyv\u00e4\u00e4 vastinetta rahalle.<\/li>\n<\/ul>\n<h3>Hitsatun T-tyyppisen sylinterin sovellukset<\/h3>\n<p>Hitsattujen T-tyyppisten sylintereiden sovelluksia on monia eri teollisuudenaloilla, mukaan lukien:<\/p>\n<ul>\n<li><b>Valmistus:<\/b> Hitsattuja T-tyyppisi\u00e4 sylintereit\u00e4 k\u00e4ytet\u00e4\u00e4n valmistuksessa koneiden k\u00e4ytt\u00e4miseen, raskaiden kuormien siirt\u00e4miseen ja metalliosien muotoiluun.<\/li>\n<li><b>Maatalous:<\/b> Hitsattuja T-tyyppisi\u00e4 sylintereit\u00e4 k\u00e4ytet\u00e4\u00e4n maataloudessa traktoreiden, puimureiden ja muiden maatalouslaitteiden hydraulij\u00e4rjestelmien k\u00e4ytt\u00e4miseen.<\/li>\n<li><b>Rakentaminen:<\/b> Hitsattuja T-tyyppisi\u00e4 sylintereit\u00e4 k\u00e4ytet\u00e4\u00e4n rakennusalalla koneiden, kuten nostureiden, kaivinkoneiden ja kaivinkoneiden, k\u00e4ytt\u00e4miseen.<\/li>\n<li><b>Kaivostoiminta:<\/b> Hitsattuja T-tyyppisi\u00e4 sylintereit\u00e4 k\u00e4ytet\u00e4\u00e4n kaivosteollisuudessa hydraulisten j\u00e4rjestelmien k\u00e4ytt\u00e4miseen raskaissa laitteissa, kuten puskutraktoreissa, kuormaajissa ja kallioporakoneissa.<\/li>\n<li><b>Kuljetus:<\/b> Hitsattuja T-tyyppisi\u00e4 sylintereit\u00e4 k\u00e4ytet\u00e4\u00e4n kuljetuksessa hydraulij\u00e4rjestelmien k\u00e4ytt\u00e4miseen kuorma-autoissa, linja-autoissa ja muissa ajoneuvoissa.<\/li>\n<\/ul>\n<h3>Johtop\u00e4\u00e4t\u00f6s<\/h3>\n<p>Yhteenvetona voidaan todeta, ett\u00e4 hitsatut T-tyyppiset sylinterit ovat t\u00e4rke\u00e4 komponentti monissa teollisissa sovelluksissa. Ne on suunniteltu kompakteiksi, tehokkaiksi, kest\u00e4viksi ja kustannustehokkaiksi, mik\u00e4 tekee niist\u00e4 ihanteellisen valinnan monenlaisiin sovelluksiin. K\u00e4ytitp\u00e4 sitten koneita tuotantolaitoksessa, maatalouskoneita maatilalla tai raskaita laitteita kaivoksessa, hitsatut T-tyyppiset sylinterit voivat auttaa sinua suorittamaan ty\u00f6t tehokkaasti ja tuloksellisesti.<\/p>\n<h3>Tietoja FMP:st\u00e4<\/h3>\n<p>Yli 30 vuotta toiminut FMP on johtava hydraulisylintereiden valmistaja ja toimittaja. Teollisuusalueemme sijaitsee Italiassa, jossa k\u00e4yt\u00e4mme yli 100 huippuluokan laitetta. Laajaan laitevalikoimaamme kuuluvat automaattiset kaasusuojatut hitsauskoneet, syv\u00e4reik\u00e4porauskoneet, CNC-sorvit, sylinterihiomakoneet, automaattiset puhdistuskoneet, automaattiset asennuskoneet, automaattiset hydraulisylintereiden suorituskyvyn testauspenkit ja automaattiset maalauslinjat.<\/p>\n<p><img decoding=\"async\" src=\"https:\/\/fmp-components.com\/wp-content\/uploads\/2024\/12\/fmp-factory-4.webp\" alt=\"FMP-tehdas\" width=\"800\" title=\"\"><\/p>\n<p>Olemme ylpeit\u00e4 jokaisen hydraulisylinterin huolellisesta k\u00e4sittelyst\u00e4 ja tarkastuksesta, mik\u00e4 takaa arvokkaille asiakkaillemme poikkeuksellisen laadun. FMP:ll\u00e4 tarjoamme laajan valikoiman hydraulisylintereit\u00e4, mukaan lukien hydraulisylinterin korvakorusylinterin ja kaksisuuntaisen automaattisen teleskooppihydraulisylinterin.<\/p>\n<ol>\n<li>Suunnittelupalvelu: Kokenut suunnittelutiimimme on omistautunut tuotesuunnittelulle ja -kehitykselle. Jos tarvitset uusia tuotteita tai parannuksia olemassa oleviin, olemme t\u00e4\u00e4ll\u00e4 tarjotaksemme kattavaa tukea.<\/li>\n<li>Tuotepalvelu: Kattava tuotepalvelumme kattaa koko tuotantoprosessin raaka-aineiden hankinnasta leikkaamiseen, karkeaan k\u00e4sittelyyn, testaukseen, puhdistukseen, kokoonpanoon, pakkaamiseen ja kuljetukseen. Varmistamme tuotteidemme saumattoman ja tehokkaan matkan.<\/li>\n<li>N\u00e4yteprosessi: Ymm\u00e4rr\u00e4mme r\u00e4\u00e4t\u00e4l\u00f6innin t\u00e4rkeyden. Tiimimme voi kehitt\u00e4\u00e4 n\u00e4ytteit\u00e4 erityisvaatimustesi mukaisesti ja muokata niit\u00e4 jatkuvasti vastaamaan kehittyvi\u00e4 tarpeitasi.<\/li>\n<li>Tutkimus ja kehitys: Sitoutumisemme innovaatioihin mukaisesti tutkimme tarkasti markkinoiden vaatimuksia ja kehit\u00e4mme uusia malleja vastaamaan nouseviin tarpeisiin. T\u00e4m\u00e4 auttaa meit\u00e4 pysym\u00e4\u00e4n alan eturintamassa ja tarjoamaan huippuluokan ratkaisuja.<\/li>\n<\/ol>\n<p>Yrityksemme on erikoistunut erityyppisten hydraulisylinterien tuotantoon ja myyntiin, ja otamme mielell\u00e4mme vastaan \u200b\u200b\u200b\u200berikoistilauksia. Valitse FMP, jos haluat luotettavaa laatua, erinomaista palvelua ja laajan valikoiman hydraulisylinteriratkaisuja. Ryhdy kumppaniksemme ja koe ero.<\/p>\n<p>Tekij\u00e4: CX<\/p>","protected":false},"excerpt":{"rendered":"<p>The 10028 High Quality Stainless Steel Hydraulic Cylinder is specially designed for rotary tillers, providing superior strength and reliability in tough agricultural environments. This hydraulic cylinder offers exceptional performance, making it an essential component for efficient tilling operations. Key Features: High-Quality Stainless Steel Construction: Crafted from premium stainless steel to ensure durability, corrosion resistance, and [&hellip;]<\/p>","protected":false},"featured_media":1132,"comment_status":"closed","ping_status":"closed","template":"","meta":{"_et_pb_use_builder":"","_et_pb_old_content":"","_et_gb_content_width":""},"product_brand":[],"product_cat":[31],"product_tag":[34,35],"class_list":{"0":"post-948","1":"product","2":"type-product","3":"status-publish","4":"has-post-thumbnail","6":"product_cat-welded-tee-type-cylinder","7":"product_tag-hydraulic-cylinder","8":"product_tag-welded-tee-type-cylinder","10":"first","11":"instock","12":"product-type-simple"},"_links":{"self":[{"href":"https:\/\/fmp-components.com\/fi\/wp-json\/wp\/v2\/product\/948","targetHints":{"allow":["GET"]}}],"collection":[{"href":"https:\/\/fmp-components.com\/fi\/wp-json\/wp\/v2\/product"}],"about":[{"href":"https:\/\/fmp-components.com\/fi\/wp-json\/wp\/v2\/types\/product"}],"replies":[{"embeddable":true,"href":"https:\/\/fmp-components.com\/fi\/wp-json\/wp\/v2\/comments?post=948"}],"wp:featuredmedia":[{"embeddable":true,"href":"https:\/\/fmp-components.com\/fi\/wp-json\/wp\/v2\/media\/1132"}],"wp:attachment":[{"href":"https:\/\/fmp-components.com\/fi\/wp-json\/wp\/v2\/media?parent=948"}],"wp:term":[{"taxonomy":"product_brand","embeddable":true,"href":"https:\/\/fmp-components.com\/fi\/wp-json\/wp\/v2\/product_brand?post=948"},{"taxonomy":"product_cat","embeddable":true,"href":"https:\/\/fmp-components.com\/fi\/wp-json\/wp\/v2\/product_cat?post=948"},{"taxonomy":"product_tag","embeddable":true,"href":"https:\/\/fmp-components.com\/fi\/wp-json\/wp\/v2\/product_tag?post=948"}],"curies":[{"name":"wp","href":"https:\/\/api.w.org\/{rel}","templated":true}]}}