{"id":945,"date":"2024-12-19T03:39:43","date_gmt":"2024-12-19T03:39:43","guid":{"rendered":"https:\/\/fmp-components.com\/product\/10025-premium-quality-1200mm-stroke-double-acting-hydraulic-cylinder-hydraulic-ram-cylinder\/"},"modified":"2024-12-19T08:58:03","modified_gmt":"2024-12-19T08:58:03","slug":"10025-premium-quality-1200mm-stroke-double-acting-hydraulic-cylinder-hydraulic-ram-cylinder","status":"publish","type":"product","link":"https:\/\/fmp-components.com\/fi\/product\/10025-premium-quality-1200mm-stroke-double-acting-hydraulic-cylinder-hydraulic-ram-cylinder\/","title":{"rendered":"10025 Ensiluokkainen 1200 mm:n iskunpituinen kaksitoiminen hydraulisylinteri, hydraulinen m\u00e4nn\u00e4n sylinteri"},"content":{"rendered":"<p>10025 Premium Quality 1200 mm:n iskunpituinen kaksitoiminen hydraulisylinteri on suunniteltu tarjoamaan tehokasta suorituskyky\u00e4 vaativissa sovelluksissa. T\u00e4m\u00e4 hydraulinen m\u00e4nn\u00e4nsylinteri on suunniteltu tarjoamaan luotettavaa tehoa ja tehokkuutta, joten se sopii erinomaisesti erilaisiin teollisuusteht\u00e4viin ja koneisiin.<\/p>\n<h4>T\u00e4rkeimm\u00e4t ominaisuudet:<\/h4>\n<ul>\n<li><strong>Kaksitoiminen muotoilu<\/strong>Mahdollistaa sujuvan toiminnan sek\u00e4 pidennyksess\u00e4 ett\u00e4 sis\u00e4\u00e4nvedossa ja tarjoaa tarkan hallinnan erilaisiin sovelluksiin.<\/li>\n<li><strong>Pidennetty iskunpituus<\/strong>1200 mm:n iskunpituudellaan t\u00e4m\u00e4 sylinteri tarjoaa paremman ulottuvuuden ja joustavuuden nosto- ja ty\u00f6nt\u00f6teht\u00e4viss\u00e4.<\/li>\n<li><strong>Ensiluokkainen rakenne<\/strong>Valmistettu korkealaatuisista materiaaleista kest\u00e4vyyden ja raskaiden kuormien kest\u00e4vyyden varmistamiseksi, mik\u00e4 takaa pitk\u00e4ik\u00e4isen suorituskyvyn.<\/li>\n<li><strong>Korroosionkest\u00e4v\u00e4 viimeistely<\/strong>Pinnoite est\u00e4\u00e4 ruosteen ja korroosion, joten se soveltuu k\u00e4ytett\u00e4v\u00e4ksi erilaisissa ymp\u00e4rist\u00f6iss\u00e4, kuten ulko- ja teollisuusymp\u00e4rist\u00f6iss\u00e4.<\/li>\n<li><strong>Helppo asennus<\/strong>Suunniteltu suoraviivaiseen integrointiin olemassa oleviin j\u00e4rjestelmiin, mik\u00e4 minimoi seisokkiajat ja parantaa tuottavuutta.<\/li>\n<\/ul>\n<h4>Edut:<\/h4>\n<ul>\n<li><strong>Parannettu tehokkuus<\/strong>Optimoi koneiden toiminnan tarjoamalla luotettavaa hydraulivoimaa raskaiden kuormien nostamiseen ja siirt\u00e4miseen.<\/li>\n<li><strong>Monipuoliset sovellukset<\/strong>Soveltuu monenlaisiin k\u00e4ytt\u00f6tarkoituksiin, kuten rakentamiseen, maatalouteen ja teolliseen toimintaan.<\/li>\n<li><strong>Kustannustehokas ratkaisu<\/strong>Huippusuorituskyky\u00e4 edulliseen hintaan, mik\u00e4 takaa erinomaisen vastineen investoinnillesi.<\/li>\n<\/ul>\n<p>10025 Premium Quality 1200 mm:n iskunpituinen kaksitoiminen hydraulisylinteri on elint\u00e4rke\u00e4 komponentti kaikissa toiminnoissa, jotka vaativat luotettavaa hydraulista toimintaa. Sen kest\u00e4v\u00e4 rakenne ja pidennetty iskunpituus tekev\u00e4t siit\u00e4 arvokkaan ty\u00f6kalun tuottavuuden ja tehokkuuden parantamiseen erilaisissa sovelluksissa.<\/p>\n<h2>\n<img decoding=\"async\" style=\"color: #666666; font-size: 14px;\" src=\"https:\/\/hzpt.com\/wp-content\/uploads\/2023\/12\/random-1.webp?v=1694163707\" alt=\"\" title=\"\"><\/h2>\n<h2>Hitsatun T-tyyppisen sylinterin edut<\/h2>\n<ul>\n<li style=\"list-style-type: none;\">\n<ul>\n<li><strong>Lis\u00e4\u00e4ntynyt voima:<\/strong> Hitsatut T-tyyppiset sylinterit tunnetaan suuresta lujuudestaan, mink\u00e4 ansiosta ne sopivat raskasta nostoa vaativiin sovelluksiin. N\u00e4iden sylinterien valmistuksessa k\u00e4ytetty hitsausprosessi varmistaa, ett\u00e4 sylinteriss\u00e4 ei ole heikkoja kohtia ja se kest\u00e4\u00e4 suurta painetta ja rasitusta.<\/li>\n<\/ul>\n<\/li>\n<\/ul>\n<p>Kun sylinteriin kohdistetaan painetta, se jakautuu tasaisesti koko pinnalle, mik\u00e4 tekee siit\u00e4 kest\u00e4v\u00e4n muodonmuutokselle. T\u00e4m\u00e4 ominaisuus varmistaa, ett\u00e4 sylinteri s\u00e4ilytt\u00e4\u00e4 muotonsa ja rakenteellisen eheytens\u00e4 my\u00f6s \u00e4\u00e4rimm\u00e4isiss\u00e4 olosuhteissa.<\/p>\n<ul>\n<li style=\"list-style-type: none;\">\n<ul>\n<li><strong>Vuotojen ehk\u00e4isy:<\/strong> Hitsatut T-tyyppiset sylinterit on suunniteltu est\u00e4m\u00e4\u00e4n vuodot. Valmistusprosessissa k\u00e4ytetty hitsausprosessi varmistaa, ett\u00e4 sylinteri on t\u00e4ysin tiivis ja vapaa mahdollisista vuodoista. T\u00e4m\u00e4 ominaisuus tekee niist\u00e4 sopivia k\u00e4ytett\u00e4v\u00e4ksi sovelluksissa, joissa vuoto voi aiheuttaa vakavia vaurioita tai vammoja.<\/li>\n<\/ul>\n<\/li>\n<\/ul>\n<p>Hitsatut liitokset ovat sileit\u00e4, ilman rakoja tai uria, joihin roskat tai lika voisivat ker\u00e4\u00e4nty\u00e4, mik\u00e4 v\u00e4hent\u00e4\u00e4 korroosion ja sylinterin vaurioitumisen riski\u00e4.<\/p>\n<ul>\n<li style=\"list-style-type: none;\">\n<ul>\n<li><strong>Mukautettava:<\/strong> Hitsattuja T-tyyppisi\u00e4 sylintereit\u00e4 voidaan r\u00e4\u00e4t\u00e4l\u00f6id\u00e4 tiettyihin sovelluksiin. Sylintereit\u00e4 on saatavana eri kokoisina ja muotoisina, ja ne voidaan valmistaa vastaamaan sovelluksen erityisvaatimuksia.<\/li>\n<\/ul>\n<\/li>\n<\/ul>\n<p>R\u00e4\u00e4t\u00e4l\u00f6intiprosessi mahdollistaa sylinterin suorituskyvyn optimoinnin varmistaen, ett\u00e4 se sopii aiottuun k\u00e4ytt\u00f6tarkoitukseen. T\u00e4m\u00e4 ominaisuus tekee hitsatuista T-tyyppisist\u00e4 sylintereist\u00e4 ihanteellisia k\u00e4ytett\u00e4v\u00e4ksi erilaisissa teollisissa sovelluksissa, kuten rakentamisessa, kaivostoiminnassa ja materiaalink\u00e4sittelyss\u00e4.<\/p>\n<ul>\n<li style=\"list-style-type: none;\">\n<ul>\n<li><strong>Kustannustehokas:<\/strong> Hitsatut T-tyyppiset sylinterit ovat kustannustehokkaita verrattuna muuntyyppisiin sylintereihin. N\u00e4iden sylinterien valmistuksessa k\u00e4ytetty valmistusprosessi on yksinkertainen, mink\u00e4 ansiosta ne ovat halvempia kuin muuntyyppiset sylinterit.<\/li>\n<\/ul>\n<\/li>\n<\/ul>\n<p>Lis\u00e4ksi hitsattujen T-tyyppisten sylinterien korkea lujuus ja kest\u00e4vyys v\u00e4hent\u00e4v\u00e4t usein teht\u00e4vien korjausten ja vaihtojen tarvetta, mik\u00e4 s\u00e4\u00e4st\u00e4\u00e4 yll\u00e4pitokustannuksissa. T\u00e4m\u00e4 ominaisuus tekee niist\u00e4 suositun valinnan monilla toimialoilla, erityisesti niill\u00e4, joilla on rajallinen budjetti.<\/p>\n<ul>\n<li style=\"list-style-type: none;\">\n<ul>\n<li><strong>Lis\u00e4\u00e4ntynyt tehokkuus:<\/strong> Hitsatut T-tyyppiset sylinterit ovat eritt\u00e4in tehokkaita ja toimivia. Sylinterin rakenne varmistaa, ett\u00e4 k\u00e4ytetty voima siirtyy suoraan kuormaan, mik\u00e4 v\u00e4hent\u00e4\u00e4 energiah\u00e4vi\u00f6t\u00e4 ja lis\u00e4\u00e4 tehokkuutta.<\/li>\n<\/ul>\n<\/li>\n<\/ul>\n<p>Hitsatut liitokset ovat vahvoja ja j\u00e4ykki\u00e4, mik\u00e4 minimoi taipuman ja varmistaa, ett\u00e4 sylinteri s\u00e4ilytt\u00e4\u00e4 muotonsa ja rakenteellisen eheytens\u00e4 my\u00f6s \u00e4\u00e4rimm\u00e4isiss\u00e4 olosuhteissa. T\u00e4m\u00e4 ominaisuus tekee hitsatuista T-tyyppisist\u00e4 sylintereist\u00e4 ihanteellisia k\u00e4ytett\u00e4v\u00e4ksi sovelluksissa, jotka vaativat korkeaa hy\u00f6tysuhdetta ja luotettavuutta.<\/p>\n<h2>Hitsatun T-tyyppisen sylinterin k\u00e4ytt\u00f6<\/h2>\n<h3>Johdanto<\/h3>\n<p>Hitsattu T-kappale on hydraulinen sylinterityyppi, jota k\u00e4ytet\u00e4\u00e4n yleisesti teollisissa sovelluksissa. Se on suunniteltu tarjoamaan suuri voima kompaktissa ja kustannustehokkaassa paketissa. T\u00e4m\u00e4n tyyppinen sylinteri koostuu hitsatusta T-kappaleesta ja T-kappaleeseen kiinnitetyst\u00e4 m\u00e4nn\u00e4nvarresta. T-kappale on yhdistetty sylinterin runkoon ja sis\u00e4lt\u00e4\u00e4 m\u00e4nn\u00e4n, joka liikkuu edestakaisin rungon sis\u00e4ll\u00e4 voiman tuottamiseksi.<\/p>\n<h3>Hitsatun T-tyyppisen sylinterin edut<\/h3>\n<p>Hitsatun T-tyyppisen sylinterin k\u00e4yt\u00f6ll\u00e4 teollisissa sovelluksissa on useita etuja:<\/p>\n<ul>\n<li><b>Kompakti muotoilu:<\/b> Hitsatut T-tyyppiset sylinterit on suunniteltu kompakteiksi, mik\u00e4 tekee niist\u00e4 ihanteellisia k\u00e4ytett\u00e4v\u00e4ksi sovelluksissa, joissa tilaa on rajoitetusti.<\/li>\n<li><b>Korkea hy\u00f6tysuhde:<\/b> Hitsatut T-tyyppiset sylinterit ovat eritt\u00e4in tehokkaita, mik\u00e4 tarkoittaa, ett\u00e4 ne voivat tuottaa suuren m\u00e4\u00e4r\u00e4n voimaa minimaalisella energiankulutuksella.<\/li>\n<li><b>Kest\u00e4v\u00e4:<\/b> Hitsatut T-tyyppiset sylinterit on suunniteltu eritt\u00e4in kest\u00e4viksi, mik\u00e4 tarkoittaa, ett\u00e4 ne kest\u00e4v\u00e4t ankaria k\u00e4ytt\u00f6olosuhteita ja ovat pitk\u00e4ik\u00e4isi\u00e4.<\/li>\n<li><b>Kustannustehokas:<\/b> Hitsatut T-tyyppiset sylinterit ovat kustannustehokkaita, mik\u00e4 tarkoittaa hyv\u00e4\u00e4 vastinetta rahalle.<\/li>\n<\/ul>\n<h3>Hitsatun T-tyyppisen sylinterin sovellukset<\/h3>\n<p>Hitsattujen T-tyyppisten sylintereiden sovelluksia on monia eri teollisuudenaloilla, mukaan lukien:<\/p>\n<ul>\n<li><b>Valmistus:<\/b> Hitsattuja T-tyyppisi\u00e4 sylintereit\u00e4 k\u00e4ytet\u00e4\u00e4n valmistuksessa koneiden k\u00e4ytt\u00e4miseen, raskaiden kuormien siirt\u00e4miseen ja metalliosien muotoiluun.<\/li>\n<li><b>Maatalous:<\/b> Hitsattuja T-tyyppisi\u00e4 sylintereit\u00e4 k\u00e4ytet\u00e4\u00e4n maataloudessa traktoreiden, puimureiden ja muiden maatalouslaitteiden hydraulij\u00e4rjestelmien k\u00e4ytt\u00e4miseen.<\/li>\n<li><b>Rakentaminen:<\/b> Hitsattuja T-tyyppisi\u00e4 sylintereit\u00e4 k\u00e4ytet\u00e4\u00e4n rakennusalalla koneiden, kuten nostureiden, kaivinkoneiden ja kaivinkoneiden, k\u00e4ytt\u00e4miseen.<\/li>\n<li><b>Kaivostoiminta:<\/b> Hitsattuja T-tyyppisi\u00e4 sylintereit\u00e4 k\u00e4ytet\u00e4\u00e4n kaivosteollisuudessa hydraulisten j\u00e4rjestelmien k\u00e4ytt\u00e4miseen raskaissa laitteissa, kuten puskutraktoreissa, kuormaajissa ja kallioporakoneissa.<\/li>\n<li><b>Kuljetus:<\/b> Hitsattuja T-tyyppisi\u00e4 sylintereit\u00e4 k\u00e4ytet\u00e4\u00e4n kuljetuksessa hydraulij\u00e4rjestelmien k\u00e4ytt\u00e4miseen kuorma-autoissa, linja-autoissa ja muissa ajoneuvoissa.<\/li>\n<\/ul>\n<h3>Johtop\u00e4\u00e4t\u00f6s<\/h3>\n<p>Yhteenvetona voidaan todeta, ett\u00e4 hitsatut T-tyyppiset sylinterit ovat t\u00e4rke\u00e4 komponentti monissa teollisissa sovelluksissa. Ne on suunniteltu kompakteiksi, tehokkaiksi, kest\u00e4viksi ja kustannustehokkaiksi, mik\u00e4 tekee niist\u00e4 ihanteellisen valinnan monenlaisiin sovelluksiin. K\u00e4ytitp\u00e4 sitten koneita tuotantolaitoksessa, maatalouskoneita maatilalla tai raskaita laitteita kaivoksessa, hitsatut T-tyyppiset sylinterit voivat auttaa sinua suorittamaan ty\u00f6t tehokkaasti ja tuloksellisesti.<\/p>\n<h3>Tietoja FMP:st\u00e4<\/h3>\n<p>Yli 30 vuotta toiminut FMP on johtava hydraulisylintereiden valmistaja ja toimittaja. Teollisuusalueemme sijaitsee strategisesti Italiassa, ja olemme ylpeit\u00e4 laajasta, yli 100 huippuluokan laitteen valikoimastamme. Kattavaan konekantaan kuuluvat automaattiset kaasusuojatut hitsauskoneet, syv\u00e4reik\u00e4porauskoneet, CNC-sorvit, sylinterihiomakoneet, automaattiset puhdistuskoneet, automaattiset asennuskoneet, automaattiset hydraulisylintereiden suorituskyvyn testauspenkit ja automaattiset maalauslinjat.<\/p>\n<p><img decoding=\"async\" src=\"https:\/\/fmp-components.com\/wp-content\/uploads\/2024\/12\/fmp-factory-4.webp\" alt=\"FMP-tehdas\" width=\"800\" title=\"\"><\/p>\n<p>FMP:ll\u00e4 tarjoamme laajan valikoiman hydraulisylintereit\u00e4 vastaamaan monipuolisiin asiakastarpeisiin. Jokainen hydraulisylinteri k\u00e4y l\u00e4pi tiukan k\u00e4sittelyn ja tarkastuksen poikkeuksellisen laadun varmistamiseksi. Esittelemme joitakin t\u00e4rkeimmist\u00e4 tuoteominaisuuksistamme ja yrityksemme eduista:<\/p>\n<ol>\n<li>Suunnittelupalvelu: Kokenut suunnittelutiimimme on erikoistunut nivelakseleiden tuotesuunnitteluun ja -kehitykseen. Olemme valmiita tukemaan sinua uusien tuotteiden luomisessa tai olemassa olevien parantamisessa.<\/li>\n<li>Tuotepalvelu: Raaka-aineista kuljetukseen, kattava tuotepalvelumme kattaa leikkaamisen, karkean k\u00e4sittelyn, testauksen, puhdistuksen, kokoonpanon, pakkauksen ja kuljetuksen. Varmistamme, ett\u00e4 jokainen vaihe suoritetaan huolellisesti erinomaisuuden saavuttamiseksi.<\/li>\n<li>N\u00e4yteprosessi: Ymm\u00e4rr\u00e4mme erityisvaatimusten t\u00e4ytt\u00e4misen t\u00e4rkeyden. Tarjoamme n\u00e4ytteiden kehitt\u00e4mist\u00e4 tarpeidesi mukaan ja teemme jatkuvia muutoksia odotustesi t\u00e4ytt\u00e4miseksi.<\/li>\n<li>Tutkimus ja kehitys: FMP pysyy markkinoiden eturintamassa tutkimalla nousevia autoteollisuuden trendej\u00e4 ja kehitt\u00e4m\u00e4ll\u00e4 jatkuvasti uusia malleja vastaamaan markkinoiden kehittyviin vaatimuksiin.<\/li>\n<li>R\u00e4\u00e4t\u00e4l\u00f6inti: Olemme erikoistuneet erityyppisten hydraulisylintereiden valmistukseen ja myyntiin, ja otamme ylpe\u00e4n\u00e4 vastaan \u200b\u200br\u00e4\u00e4t\u00e4l\u00f6ityj\u00e4 tilauksia. Tiimimme on omistautunut t\u00e4ytt\u00e4m\u00e4\u00e4n ainutlaatuiset vaatimuksesi.<\/li>\n<\/ol>\n<p>Sitoutumisemme laatuun, innovaatioihin ja asiakastyytyv\u00e4isyyteen tekee FMP:st\u00e4 ihanteellisen kumppanin kaikkiin hydraulisylintereihisi. Ota meihin yhteytt\u00e4 jo t\u00e4n\u00e4\u00e4n ja koe erinomaisuus, joka erottaa meid\u00e4t muista.<\/p>\n<p>Tekij\u00e4: CX<\/p>","protected":false},"excerpt":{"rendered":"<p>The 10025 Premium Quality 1200mm Stroke Double Acting Hydraulic Cylinder is engineered for high performance in demanding applications. This hydraulic ram cylinder is designed to provide reliable power and efficiency, making it ideal for various industrial tasks and machinery. Key Features: Double Acting Design: Facilitates smooth operation in both extension and retraction, offering precise control [&hellip;]<\/p>","protected":false},"featured_media":1132,"comment_status":"closed","ping_status":"closed","template":"","meta":{"_et_pb_use_builder":"","_et_pb_old_content":"","_et_gb_content_width":""},"product_brand":[],"product_cat":[31],"product_tag":[34,35],"class_list":{"0":"post-945","1":"product","2":"type-product","3":"status-publish","4":"has-post-thumbnail","6":"product_cat-welded-tee-type-cylinder","7":"product_tag-hydraulic-cylinder","8":"product_tag-welded-tee-type-cylinder","10":"first","11":"instock","12":"product-type-simple"},"_links":{"self":[{"href":"https:\/\/fmp-components.com\/fi\/wp-json\/wp\/v2\/product\/945","targetHints":{"allow":["GET"]}}],"collection":[{"href":"https:\/\/fmp-components.com\/fi\/wp-json\/wp\/v2\/product"}],"about":[{"href":"https:\/\/fmp-components.com\/fi\/wp-json\/wp\/v2\/types\/product"}],"replies":[{"embeddable":true,"href":"https:\/\/fmp-components.com\/fi\/wp-json\/wp\/v2\/comments?post=945"}],"wp:featuredmedia":[{"embeddable":true,"href":"https:\/\/fmp-components.com\/fi\/wp-json\/wp\/v2\/media\/1132"}],"wp:attachment":[{"href":"https:\/\/fmp-components.com\/fi\/wp-json\/wp\/v2\/media?parent=945"}],"wp:term":[{"taxonomy":"product_brand","embeddable":true,"href":"https:\/\/fmp-components.com\/fi\/wp-json\/wp\/v2\/product_brand?post=945"},{"taxonomy":"product_cat","embeddable":true,"href":"https:\/\/fmp-components.com\/fi\/wp-json\/wp\/v2\/product_cat?post=945"},{"taxonomy":"product_tag","embeddable":true,"href":"https:\/\/fmp-components.com\/fi\/wp-json\/wp\/v2\/product_tag?post=945"}],"curies":[{"name":"wp","href":"https:\/\/api.w.org\/{rel}","templated":true}]}}