{"id":944,"date":"2024-12-19T03:39:43","date_gmt":"2024-12-19T03:39:43","guid":{"rendered":"https:\/\/fmp-components.com\/product\/high-quality-welded-hydraulic-piston-cylinder-for-agriculture\/"},"modified":"2024-12-19T08:57:21","modified_gmt":"2024-12-19T08:57:21","slug":"high-quality-welded-hydraulic-piston-cylinder-for-agriculture","status":"publish","type":"product","link":"https:\/\/fmp-components.com\/fi\/product\/high-quality-welded-hydraulic-piston-cylinder-for-agriculture\/","title":{"rendered":"Korkealaatuinen hitsattu hydraulinen m\u00e4nt\u00e4sylinteri maatalouteen"},"content":{"rendered":"<p>Korkealaatuinen hitsattu hydraulinen m\u00e4nt\u00e4sylinteri on suunniteltu erityisesti maatalousk\u00e4ytt\u00f6\u00f6n, ja se tarjoaa kest\u00e4v\u00e4n ja luotettavan suorituskyvyn vaativissa ymp\u00e4rist\u00f6iss\u00e4. T\u00e4m\u00e4 sylinteri yhdist\u00e4\u00e4 edistyneen tekniikan korkealaatuisiin materiaaleihin varmistaen optimaalisen toimivuuden ja kest\u00e4vyyden erilaisissa maatalousteht\u00e4viss\u00e4.<\/p>\n<p><img decoding=\"async\" class=\"aligncenter\" src=\"https:\/\/hzpt.com\/wp-content\/uploads\/2023\/12\/random-3.webp\" alt=\"\" title=\"\"><\/p>\n<h4>T\u00e4rkeimm\u00e4t ominaisuudet:<\/h4>\n<ul>\n<li><strong>Hitsattu rakenne<\/strong>Valmistettu eritt\u00e4in lujilla hitsatuilla liitoksilla rakenteellisen eheyden parantamiseksi ja vuotojen est\u00e4miseksi, mik\u00e4 tekee siit\u00e4 ihanteellisen raskaaseen maatalousk\u00e4ytt\u00f6\u00f6n.<\/li>\n<li><strong>Tehokas toiminta<\/strong>Suunniteltu kaksitoimiseksi, mik\u00e4 mahdollistaa sujuvan toiminnan sek\u00e4 pidennys- ett\u00e4 sis\u00e4\u00e4nvedossa ja tarkan hallinnan.<\/li>\n<li><strong>Korroosionkest\u00e4vyys<\/strong>P\u00e4\u00e4llystetty ruosteen ja korroosion est\u00e4miseksi suojaavilla pinnoitteilla, mik\u00e4 varmistaa pitk\u00e4n k\u00e4ytt\u00f6i\u00e4n ja luotettavan suorituskyvyn ulko-olosuhteissa.<\/li>\n<li><strong>Monipuoliset sovellukset<\/strong>Sopii monenlaisille maatalouskoneille, kuten traktoreille, auroille ja puimureille, mik\u00e4 tekee siit\u00e4 monipuolisen ratkaisun maanviljelij\u00f6ille.<\/li>\n<li><strong>Helppo asennus<\/strong>Suunniteltu saumattomaan integrointiin olemassa oleviin koneisiin, mik\u00e4 minimoi seisokkiajat ja parantaa toiminnan tehokkuutta.<\/li>\n<\/ul>\n<h4>Edut:<\/h4>\n<ul>\n<li><strong>Lis\u00e4\u00e4ntynyt tehokkuus<\/strong>Optimoi maatalouskoneiden suorituskyvyn helpottaen tehokkaita nosto-, ty\u00f6nt\u00f6- ja vetoliikkeit\u00e4.<\/li>\n<li><strong>Kest\u00e4vyys<\/strong>Rakennettu kest\u00e4m\u00e4\u00e4n ankaria maatalousolosuhteita, mik\u00e4 v\u00e4hent\u00e4\u00e4 huoltotarvetta ja pident\u00e4\u00e4 k\u00e4ytt\u00f6ik\u00e4\u00e4.<\/li>\n<li><strong>Kustannustehokas suorituskyky<\/strong>Tarjoaa korkeaa luotettavuutta ja suorituskyky\u00e4 kilpailukykyiseen hintaan, mik\u00e4 takaa erinomaisen vastineen investoinnille.<\/li>\n<\/ul>\n<p>Korkealaatuinen hitsattu hydraulinen m\u00e4nt\u00e4sylinteri on olennainen osa nykyaikaista maataloustoimintaa, sill\u00e4 se tarjoaa luotettavaa suorituskyky\u00e4 ja kest\u00e4vyytt\u00e4. Sen kest\u00e4v\u00e4 rakenne ja monipuolinen muotoilu tekev\u00e4t siit\u00e4 korvaamattoman lis\u00e4n mihin tahansa maatalouskonevalikoimaan.<\/p>\n<p>FMP:n hydraulisylinterill\u00e4 on ainutlaatuisia ominaisuuksia, jotka erottavat sen kilpailijoista. Se on energiatehokas, eritt\u00e4in tehokas ja turvallinen. N\u00e4m\u00e4 ominaisuudet tekev\u00e4t siit\u00e4 arvokkaan lis\u00e4n mihin tahansa maataloustoimintaan.<\/p>\n<p><img decoding=\"async\" class=\"aligncenter\" src=\"https:\/\/hzpt.com\/wp-content\/uploads\/2023\/12\/random-5.webp\" alt=\"\" title=\"\"><\/p>\n<h2>Hitsatun T-tyyppisen sylinterin edut<\/h2>\n<ul>\n<li style=\"list-style-type: none;\">\n<ul>\n<li><strong>Lis\u00e4\u00e4ntynyt voima:<\/strong> Hitsatut T-tyyppiset sylinterit tunnetaan suuresta lujuudestaan, mink\u00e4 ansiosta ne sopivat raskasta nostoa vaativiin sovelluksiin. N\u00e4iden sylinterien valmistuksessa k\u00e4ytetty hitsausprosessi varmistaa, ett\u00e4 sylinteriss\u00e4 ei ole heikkoja kohtia ja se kest\u00e4\u00e4 suurta painetta ja rasitusta.<\/li>\n<\/ul>\n<\/li>\n<\/ul>\n<p>Kun sylinteriin kohdistetaan painetta, se jakautuu tasaisesti koko pinnalle, mik\u00e4 tekee siit\u00e4 kest\u00e4v\u00e4n muodonmuutokselle. T\u00e4m\u00e4 ominaisuus varmistaa, ett\u00e4 sylinteri s\u00e4ilytt\u00e4\u00e4 muotonsa ja rakenteellisen eheytens\u00e4 my\u00f6s \u00e4\u00e4rimm\u00e4isiss\u00e4 olosuhteissa.<\/p>\n<ul>\n<li style=\"list-style-type: none;\">\n<ul>\n<li><strong>Vuotojen ehk\u00e4isy:<\/strong> Hitsatut T-tyyppiset sylinterit on suunniteltu est\u00e4m\u00e4\u00e4n vuodot. Valmistusprosessissa k\u00e4ytetty hitsausprosessi varmistaa, ett\u00e4 sylinteri on t\u00e4ysin tiivis ja vapaa mahdollisista vuodoista. T\u00e4m\u00e4 ominaisuus tekee niist\u00e4 sopivia k\u00e4ytett\u00e4v\u00e4ksi sovelluksissa, joissa vuoto voi aiheuttaa vakavia vaurioita tai vammoja.<\/li>\n<\/ul>\n<\/li>\n<\/ul>\n<p>Hitsatut liitokset ovat sileit\u00e4, ilman rakoja tai uria, joihin roskat tai lika voisivat ker\u00e4\u00e4nty\u00e4, mik\u00e4 v\u00e4hent\u00e4\u00e4 korroosion ja sylinterin vaurioitumisen riski\u00e4.<\/p>\n<ul>\n<li style=\"list-style-type: none;\">\n<ul>\n<li><strong>Mukautettava:<\/strong> Hitsattuja T-tyyppisi\u00e4 sylintereit\u00e4 voidaan r\u00e4\u00e4t\u00e4l\u00f6id\u00e4 tiettyihin sovelluksiin. Sylintereit\u00e4 on saatavana eri kokoisina ja muotoisina, ja ne voidaan valmistaa vastaamaan sovelluksen erityisvaatimuksia.<\/li>\n<\/ul>\n<\/li>\n<\/ul>\n<p>R\u00e4\u00e4t\u00e4l\u00f6intiprosessi mahdollistaa sylinterin suorituskyvyn optimoinnin varmistaen, ett\u00e4 se sopii aiottuun k\u00e4ytt\u00f6tarkoitukseen. T\u00e4m\u00e4 ominaisuus tekee hitsatuista T-tyyppisist\u00e4 sylintereist\u00e4 ihanteellisia k\u00e4ytett\u00e4v\u00e4ksi erilaisissa teollisissa sovelluksissa, kuten rakentamisessa, kaivostoiminnassa ja materiaalink\u00e4sittelyss\u00e4.<\/p>\n<ul>\n<li style=\"list-style-type: none;\">\n<ul>\n<li><strong>Kustannustehokas:<\/strong> Hitsatut T-tyyppiset sylinterit ovat kustannustehokkaita verrattuna muuntyyppisiin sylintereihin. N\u00e4iden sylinterien valmistuksessa k\u00e4ytetty valmistusprosessi on yksinkertainen, mink\u00e4 ansiosta ne ovat halvempia kuin muuntyyppiset sylinterit.<\/li>\n<\/ul>\n<\/li>\n<\/ul>\n<p>Lis\u00e4ksi hitsattujen T-tyyppisten sylinterien korkea lujuus ja kest\u00e4vyys v\u00e4hent\u00e4v\u00e4t usein teht\u00e4vien korjausten ja vaihtojen tarvetta, mik\u00e4 s\u00e4\u00e4st\u00e4\u00e4 yll\u00e4pitokustannuksissa. T\u00e4m\u00e4 ominaisuus tekee niist\u00e4 suositun valinnan monilla toimialoilla, erityisesti niill\u00e4, joilla on rajallinen budjetti.<\/p>\n<ul>\n<li style=\"list-style-type: none;\">\n<ul>\n<li><strong>Lis\u00e4\u00e4ntynyt tehokkuus:<\/strong> Hitsatut T-tyyppiset sylinterit ovat eritt\u00e4in tehokkaita ja toimivia. Sylinterin rakenne varmistaa, ett\u00e4 k\u00e4ytetty voima siirtyy suoraan kuormaan, mik\u00e4 v\u00e4hent\u00e4\u00e4 energiah\u00e4vi\u00f6t\u00e4 ja lis\u00e4\u00e4 tehokkuutta.<\/li>\n<\/ul>\n<\/li>\n<\/ul>\n<p>Hitsatut liitokset ovat vahvoja ja j\u00e4ykki\u00e4, mik\u00e4 minimoi taipuman ja varmistaa, ett\u00e4 sylinteri s\u00e4ilytt\u00e4\u00e4 muotonsa ja rakenteellisen eheytens\u00e4 my\u00f6s \u00e4\u00e4rimm\u00e4isiss\u00e4 olosuhteissa. T\u00e4m\u00e4 ominaisuus tekee hitsatuista T-tyyppisist\u00e4 sylintereist\u00e4 ihanteellisia k\u00e4ytett\u00e4v\u00e4ksi sovelluksissa, jotka vaativat korkeaa hy\u00f6tysuhdetta ja luotettavuutta.<\/p>\n<h2>Hitsatun T-tyyppisen sylinterin k\u00e4ytt\u00f6<\/h2>\n<ul>\n<li>\n<h3>Teollisuuskoneet ja -laitteet<\/h3>\n<p>Hitsattua T-tyyppist\u00e4 sylinteri\u00e4 k\u00e4ytet\u00e4\u00e4n laajalti teollisuuskoneissa ja -laitteissa, erityisesti hydraulij\u00e4rjestelmiss\u00e4. Sylinteri koostuu m\u00e4nn\u00e4st\u00e4 ja sylinteriputkesta, jotka on hitsattu yhteen yhdeksi yksik\u00f6ksi. T\u00e4ll\u00e4 rakenteella on useita etuja muihin sylintereihin verrattuna, kuten parempi kest\u00e4vyys, suurempi lujuus ja suurempi tarkkuus.<\/p>\n<p>Yksi hitsatun T-tyyppisen sylinterin t\u00e4rkeimmist\u00e4 sovelluksista teollisuuskoneissa on sen kyky tuottaa tasaista ja tarkkaa voimaa. T\u00e4m\u00e4 on olennaista monissa valmistusprosesseissa, joissa tarvitaan tarkkaa ohjausta lopputuotteen laadun varmistamiseksi. Hitsattua T-tyyppist\u00e4 sylinteri\u00e4 voidaan k\u00e4ytt\u00e4\u00e4 my\u00f6s nesteiden virtauksen s\u00e4\u00e4t\u00e4miseen hydraulij\u00e4rjestelmiss\u00e4, mik\u00e4 mahdollistaa paremman tehokkuuden ja luotettavuuden useissa teollisissa sovelluksissa.<\/li>\n<li>\n<h3>Maatalouskoneet<\/h3>\n<p>Hitsattua T-tyyppist\u00e4 sylinteri\u00e4 k\u00e4ytet\u00e4\u00e4n yleisesti my\u00f6s maatalouskoneissa, kuten traktoreissa ja puimureissa. N\u00e4m\u00e4 koneet vaativat tehokkaat ja luotettavat hydrauliikkaj\u00e4rjestelm\u00e4t toimiakseen tehokkaasti, ja hitsattu T-tyyppinen sylinteri on ihanteellinen valinta t\u00e4h\u00e4n tarkoitukseen.<\/p>\n<p>Sylinterin kest\u00e4v\u00e4 rakenne ja suuri lujuus tekev\u00e4t siit\u00e4 eritt\u00e4in kulumiskest\u00e4v\u00e4n jopa ankarissa k\u00e4ytt\u00f6olosuhteissa. T\u00e4m\u00e4 tekee siit\u00e4 ihanteellisen valinnan maatalouskoneisiin, joissa kest\u00e4vyys on keskeinen kriteeri. Hitsattua T-tyyppist\u00e4 sylinteri\u00e4 voidaan k\u00e4ytt\u00e4\u00e4 my\u00f6s monien maatalousprosessien, kuten istutuksen, sadonkorjuun ja kastelun, vaatimaan tarkkaan ohjaukseen.<\/li>\n<li>\n<h3>Rakennuslaitteet<\/h3>\n<p>Hitsattua T-tyyppist\u00e4 sylinteri\u00e4 k\u00e4ytet\u00e4\u00e4n my\u00f6s laajalti rakennuslaitteissa, kuten kaivinkoneissa, traktorikaivureissa ja puskutraktoreissa. N\u00e4m\u00e4 koneet tarvitsevat tehokkaita ja luotettavia hydraulij\u00e4rjestelmi\u00e4 raskaiden teht\u00e4vien, kuten kaivamisen, nostamisen ja raskaiden kuormien ty\u00f6nt\u00e4misen, suorittamiseen.<\/p>\n<p>Hitsatun T-tyyppisen sylinterin korkea lujuus ja kest\u00e4vyys tekev\u00e4t siit\u00e4 ihanteellisen valinnan k\u00e4ytett\u00e4v\u00e4ksi rakennuslaitteissa. Sen kyky tarjota tarkkaa ohjausta ja tasaista voimaa on olennaista monissa rakennusprosesseissa, kuten kaivamisessa, tasoituksessa ja p\u00e4\u00e4llystyksess\u00e4. Hitsattua T-tyyppist\u00e4 sylinteri\u00e4 voidaan k\u00e4ytt\u00e4\u00e4 my\u00f6s nesteiden virtauksen s\u00e4\u00e4t\u00e4miseen hydraulij\u00e4rjestelmiss\u00e4, mik\u00e4 parantaa rakennuslaitteiden tehokkuutta ja luotettavuutta useissa eri sovelluksissa.<\/li>\n<\/ul>\n<h3>Tietoja FMP:st\u00e4<\/h3>\n<p>FMP on johtava hydraulisylintereiden valmistaja ja toimittaja, jolla on yli 30 vuoden kokemus alalta. Yrityksemme sijaitsee Italiassa, ja huippumodernilla teollisuusalueellamme on yli 100 edistynytt\u00e4 laitetta. Laajaan laitevalikoimaamme kuuluvat automaattiset kaasusuojatut hitsauskoneet, syv\u00e4reik\u00e4porauskoneet, CNC-sorvit, sylinterihiomakoneet, automaattiset puhdistuskoneet, automaattiset asennuskoneet, automaattiset hydraulisylintereiden suorituskyvyn testauspenkit ja automaattiset maalauslinjat.<\/p>\n<p><img decoding=\"async\" src=\"https:\/\/fmp-components.com\/wp-content\/uploads\/2024\/12\/fmp-factory-4.webp\" alt=\"FMP-tehdas\" width=\"800\" title=\"\"><\/p>\n<p>FMP:ll\u00e4 olemme ylpeit\u00e4 voidessamme toimittaa asiakkaillemme korkealaatuisia hydraulisylintereit\u00e4. Jokainen hydraulisylinteri k\u00e4y l\u00e4pi tiukan k\u00e4sittelyn ja tarkastuksen erinomaisen laadun varmistamiseksi. Tuotevalikoimaamme kuuluvat:<\/p>\n<ol>\n<li style=\"list-style-type: none;\">\n<ol>\n<li>Hydraulinen sylinteri<\/li>\n<\/ol>\n<\/li>\n<\/ol>\n<p>Hydraulisylinterimme on suunniteltu vastaamaan erilaisiin teollisuuden tarpeisiin. Ne on valmistettu ja testattu huolellisesti optimaalisen suorituskyvyn ja kest\u00e4vyyden varmistamiseksi.<\/p>\n<ol>\n<li style=\"list-style-type: none;\">\n<ol>\n<li>Hydraulinen sylinteri Korvakorusylinteri<\/li>\n<\/ol>\n<\/li>\n<\/ol>\n<p>Korvakorusylinterimme on erityisesti suunniteltu tarjoamaan tehokasta ja luotettavaa suorituskyky\u00e4 monenlaisissa sovelluksissa. Ne k\u00e4yv\u00e4t l\u00e4pi tiukat testit toimivuuden ja pitk\u00e4n k\u00e4ytt\u00f6i\u00e4n varmistamiseksi.<\/p>\n<ol>\n<li style=\"list-style-type: none;\">\n<ol>\n<li>Kaksisuuntainen automaattinen teleskooppinen hydraulisylinteri<\/li>\n<\/ol>\n<\/li>\n<\/ol>\n<p>Kaksisuuntaisten automaattisten teleskooppisten hydraulisylintereidemme ansiosta voit odottaa sujuvaa ja tarkkaa toimintaa. N\u00e4m\u00e4 sylinterit on rakennettu kest\u00e4m\u00e4\u00e4n raskaita kuormia ja tarjoavat erinomaisen hallinnan.<\/p>\n<ol>\n<li style=\"list-style-type: none;\">\n<ol>\n<li>Suunnittelupalvelu<\/li>\n<\/ol>\n<\/li>\n<\/ol>\n<p>Kokenut suunnittelutiimimme on valmiina auttamaan sinua tuotesuunnittelussa ja -kehityksess\u00e4. Tarvitsetpa sitten uutta tuotetta tai parannuksia olemassa oleviin, olemme t\u00e4\u00e4ll\u00e4 tukemassa tarpeitasi.<\/p>\n<ol>\n<li style=\"list-style-type: none;\">\n<ol>\n<li>Tuotepalvelu<\/li>\n<\/ol>\n<\/li>\n<\/ol>\n<p>Parhaiden raaka-aineiden hankinnasta pakkaamiseen ja kuljetukseen, varmistamme saumattoman tuotepalvelun. Jokainen vaihe, leikkaamisesta, karkeak\u00e4sittelyst\u00e4 testaukseen, puhdistukseen ja kokoonpanoon asti, toteutetaan huolellisesti korkealaatuisten tuotteiden toimittamiseksi.<\/p>\n<p>N\u00e4iden tuotteiden ja palveluiden lis\u00e4ksi tarjoamme r\u00e4\u00e4t\u00e4l\u00f6ityjen n\u00e4ytteiden kehitt\u00e4mist\u00e4 tarpeidesi mukaan. Omistautunut tiimimme voi jatkuvasti muokata n\u00e4ytteit\u00e4 vastaamaan erityistarpeitasi. Lis\u00e4ksi pysymme markkinatrendien eturintamassa ja investoimme tutkimukseen ja kehitykseen. T\u00e4m\u00e4 antaa meille mahdollisuuden tutkia uusia markkinatarpeita ja kehitt\u00e4\u00e4 innovatiivisia hydraulisylinterimalleja, jotka vastaavat kehittyv\u00e4n autoteollisuuden vaatimuksiin.<\/p>\n<p>Valitse FMP kaikkiin hydraulisylinteritarpeisiisi. Olemme sitoutuneet toimittamaan ensiluokkaisia \u200b\u200btuotteita ja erinomaista asiakaspalvelua. Ota meihin yhteytt\u00e4 jo t\u00e4n\u00e4\u00e4n keskustellaksesi tarpeistasi ja antakaa meid\u00e4n olla luotettava kumppanisi.<\/p>\n<p>&nbsp;<\/p>\n<h2>Usein kysytyt kysymykset<\/h2>\n<h3>K1: Mik\u00e4 on hydraulisen m\u00e4nt\u00e4sylinterin kuormankantokyky?<\/h3>\n<p>A: Kantavuus on esitetty yll\u00e4 olevassa tuotetietojen taulukossa.<\/p>\n<h3>K2: Miten hydraulinen m\u00e4nt\u00e4sylinteri toimii?<\/h3>\n<p>A: Hydraulinen m\u00e4nt\u00e4sylinteri toimii nestevoiman periaatteella, jossa paineistettua hydraulinestett\u00e4 k\u00e4ytet\u00e4\u00e4n voiman ja liikkeen tuottamiseen.<\/p>\n<h3>K3: Mist\u00e4 tied\u00e4n, milloin hydrauliikka\u00f6ljy ja tiivisteet on vaihdettava?<\/h3>\n<p>A: FMP antaa yksityiskohtaiset ohjeet hydrauliikka\u00f6ljyn ja tiivisteiden vaihdon ajankohdasta ja k\u00e4yt\u00e4nn\u00f6ist\u00e4.<\/p>\n<h3>K4: Voinko mukauttaa hydraulista m\u00e4nt\u00e4sylinteri\u00e4ni?<\/h3>\n<p>V: Kyll\u00e4, FMP toivottaa tervetulleeksi r\u00e4\u00e4t\u00e4l\u00f6innin asiakkaiden toimittamien piirustusten tai n\u00e4ytteiden perusteella.<\/p>\n<h3>K5: Millaista tukea voin odottaa FMP:lt\u00e4 oston j\u00e4lkeen?<\/h3>\n<p>A: FMP tarjoaa kattavat ohjeet asennukseen, huoltoon ja korjaukseen varmistaen, ett\u00e4 hydraulisylinterisi toimii optimaalisesti.<\/p>\n<p>Tekij\u00e4: CX<\/p>","protected":false},"excerpt":{"rendered":"<p>The High Quality Welded Hydraulic Piston Cylinder is specifically designed for agricultural applications, providing robust and reliable performance in demanding environments. This cylinder combines advanced engineering with high-quality materials, ensuring optimal functionality and durability for various farming tasks. Key Features: Welded Construction: Engineered with high-strength welded joints to enhance structural integrity and prevent leaks, making [&hellip;]<\/p>","protected":false},"featured_media":1132,"comment_status":"closed","ping_status":"closed","template":"","meta":{"_et_pb_use_builder":"","_et_pb_old_content":"","_et_gb_content_width":""},"product_brand":[],"product_cat":[31],"product_tag":[34,35],"class_list":{"0":"post-944","1":"product","2":"type-product","3":"status-publish","4":"has-post-thumbnail","6":"product_cat-welded-tee-type-cylinder","7":"product_tag-hydraulic-cylinder","8":"product_tag-welded-tee-type-cylinder","10":"first","11":"instock","12":"product-type-simple"},"_links":{"self":[{"href":"https:\/\/fmp-components.com\/fi\/wp-json\/wp\/v2\/product\/944","targetHints":{"allow":["GET"]}}],"collection":[{"href":"https:\/\/fmp-components.com\/fi\/wp-json\/wp\/v2\/product"}],"about":[{"href":"https:\/\/fmp-components.com\/fi\/wp-json\/wp\/v2\/types\/product"}],"replies":[{"embeddable":true,"href":"https:\/\/fmp-components.com\/fi\/wp-json\/wp\/v2\/comments?post=944"}],"wp:featuredmedia":[{"embeddable":true,"href":"https:\/\/fmp-components.com\/fi\/wp-json\/wp\/v2\/media\/1132"}],"wp:attachment":[{"href":"https:\/\/fmp-components.com\/fi\/wp-json\/wp\/v2\/media?parent=944"}],"wp:term":[{"taxonomy":"product_brand","embeddable":true,"href":"https:\/\/fmp-components.com\/fi\/wp-json\/wp\/v2\/product_brand?post=944"},{"taxonomy":"product_cat","embeddable":true,"href":"https:\/\/fmp-components.com\/fi\/wp-json\/wp\/v2\/product_cat?post=944"},{"taxonomy":"product_tag","embeddable":true,"href":"https:\/\/fmp-components.com\/fi\/wp-json\/wp\/v2\/product_tag?post=944"}],"curies":[{"name":"wp","href":"https:\/\/api.w.org\/{rel}","templated":true}]}}