{"id":942,"date":"2024-12-19T03:39:43","date_gmt":"2024-12-19T03:39:43","guid":{"rendered":"https:\/\/fmp-components.com\/product\/10022-china-supplier-small-hydraulic-welded-cylinder-piston-hydraulic-cylinder\/"},"modified":"2024-12-26T08:57:51","modified_gmt":"2024-12-26T08:57:51","slug":"10022-italy-supplier-small-hydraulic-welded-cylinder-piston-hydraulic-cylinder","status":"publish","type":"product","link":"https:\/\/fmp-components.com\/fi\/product\/10022-italy-supplier-small-hydraulic-welded-cylinder-piston-hydraulic-cylinder\/","title":{"rendered":"10022 Italia Toimittaja Pieni hydraulinen hitsattu sylinterim\u00e4nt\u00e4 hydraulisylinteri"},"content":{"rendered":"<p>10022 Italian toimittajan pienikokoinen hydraulinen hitsattu sylinterim\u00e4nt\u00e4hydraulisylinteri on suunniteltu kompakteihin sovelluksiin, joissa tila on rajallinen, mutta suorituskyky on olennaista. T\u00e4ss\u00e4 hydraulisylinteriss\u00e4 on kest\u00e4v\u00e4 hitsattu rakenne, joka varmistaa kest\u00e4vyyden ja luotettavuuden erilaisissa teollisuus- ja maatalousk\u00e4yt\u00f6iss\u00e4.<\/p>\n<h4>T\u00e4rkeimm\u00e4t ominaisuudet:<\/h4>\n<ul>\n<li><strong>Hitsattu rakenne<\/strong>Valmistettu korkealaatuisesta hitsatusta rakenteesta lujuuden parantamiseksi ja vuotojen est\u00e4miseksi, mik\u00e4 tekee siit\u00e4 ihanteellisen vaativiin k\u00e4ytt\u00f6tarkoituksiin.<\/li>\n<li><strong>Kompakti koko<\/strong>Pieni koko mahdollistaa asennuksen ahtaisiin tiloihin, joten se sopii erilaisille koneille ja laitteille.<\/li>\n<li><strong>Kaksitoiminen toiminnallisuus<\/strong>Tarjoaa luotettavan toiminnan sek\u00e4 pidennys- ett\u00e4 sis\u00e4\u00e4nvetovaiheissa ja varmistaa tarkan hallinnan k\u00e4yt\u00f6n aikana.<\/li>\n<li><strong>Korroosionkest\u00e4v\u00e4 viimeistely<\/strong>Pinnoitettu suojaamaan ruosteelta ja korroosiolta, mik\u00e4 varmistaa pitk\u00e4n k\u00e4ytt\u00f6i\u00e4n ja luotettavan suorituskyvyn ulko-olosuhteissa.<\/li>\n<li><strong>Helppo asentaa<\/strong>Suunniteltu suoraviivaiseen integrointiin olemassa oleviin j\u00e4rjestelmiin, mik\u00e4 minimoi seisokkiajat ja parantaa tuottavuutta.<\/li>\n<li><img decoding=\"async\" src=\"https:\/\/hzpt.com\/wp-content\/uploads\/2023\/12\/random-3.webp\" alt=\"\" title=\"\"><\/li>\n<\/ul>\n<h4>Edut:<\/h4>\n<ul>\n<li><strong>Parannettu suorituskyky<\/strong>Optimoi laitteiden toimivuuden ja helpottaa sujuvia ja tehokkaita nosto- ja laskutoimintoja.<\/li>\n<li><strong>Monipuoliset sovellukset<\/strong>Soveltuu monenlaisiin k\u00e4ytt\u00f6tarkoituksiin maataloudessa, rakennusalalla ja teollisuuskoneissa.<\/li>\n<li><strong>Luotettavuus ja kest\u00e4vyys<\/strong>Suunniteltu kest\u00e4m\u00e4\u00e4n ankaria olosuhteita ja raskaita kuormia, mik\u00e4 v\u00e4hent\u00e4\u00e4 huoltotarvetta ja pident\u00e4\u00e4 k\u00e4ytt\u00f6ik\u00e4\u00e4.<\/li>\n<\/ul>\n<p>10022 Italian toimittajan pienikokoinen hydraulinen hitsattu sylinterim\u00e4nt\u00e4hydraulisylinteri on olennainen osa kaikkia laitteita, jotka vaativat luotettavaa hydraulista toimintaa kompaktissa muodossa. Sen kest\u00e4v\u00e4 rakenne ja tehokas suunnittelu tekev\u00e4t siit\u00e4 arvokkaan valinnan erilaisiin sovelluksiin.<\/p>\n<table border=\"1\"><!-- Insert product details here --><\/table>\n<p>&nbsp;<\/p>\n<p><img decoding=\"async\" src=\"https:\/\/hzpt.com\/wp-content\/uploads\/2023\/12\/random-4.webp\" alt=\"\" title=\"\"><\/p>\n<h2>Hitsatun T-tyyppisen sylinterin edut<\/h2>\n<ul>\n<li style=\"list-style-type: none;\">\n<ul>\n<li><strong>Lis\u00e4\u00e4ntynyt voima:<\/strong> Hitsatut T-tyyppiset sylinterit tunnetaan suuresta lujuudestaan, mink\u00e4 ansiosta ne sopivat raskasta nostoa vaativiin sovelluksiin. N\u00e4iden sylinterien valmistuksessa k\u00e4ytetty hitsausprosessi varmistaa, ett\u00e4 sylinteriss\u00e4 ei ole heikkoja kohtia ja se kest\u00e4\u00e4 suurta painetta ja rasitusta.<\/li>\n<\/ul>\n<\/li>\n<\/ul>\n<p>Kun sylinteriin kohdistetaan painetta, se jakautuu tasaisesti koko pinnalle, mik\u00e4 tekee siit\u00e4 kest\u00e4v\u00e4n muodonmuutokselle. T\u00e4m\u00e4 ominaisuus varmistaa, ett\u00e4 sylinteri s\u00e4ilytt\u00e4\u00e4 muotonsa ja rakenteellisen eheytens\u00e4 my\u00f6s \u00e4\u00e4rimm\u00e4isiss\u00e4 olosuhteissa.<\/p>\n<ul>\n<li style=\"list-style-type: none;\">\n<ul>\n<li><strong>Vuotojen ehk\u00e4isy:<\/strong> Hitsatut T-tyyppiset sylinterit on suunniteltu est\u00e4m\u00e4\u00e4n vuodot. Valmistusprosessissa k\u00e4ytetty hitsausprosessi varmistaa, ett\u00e4 sylinteri on t\u00e4ysin tiivis ja vapaa mahdollisista vuodoista. T\u00e4m\u00e4 ominaisuus tekee niist\u00e4 sopivia k\u00e4ytett\u00e4v\u00e4ksi sovelluksissa, joissa vuoto voi aiheuttaa vakavia vaurioita tai vammoja.<\/li>\n<\/ul>\n<\/li>\n<\/ul>\n<p>Hitsatut liitokset ovat sileit\u00e4, ilman rakoja tai uria, joihin roskat tai lika voisivat ker\u00e4\u00e4nty\u00e4, mik\u00e4 v\u00e4hent\u00e4\u00e4 korroosion ja sylinterin vaurioitumisen riski\u00e4.<\/p>\n<ul>\n<li style=\"list-style-type: none;\">\n<ul>\n<li><strong>Mukautettava:<\/strong> Hitsattuja T-tyyppisi\u00e4 sylintereit\u00e4 voidaan r\u00e4\u00e4t\u00e4l\u00f6id\u00e4 tiettyihin sovelluksiin. Sylintereit\u00e4 on saatavana eri kokoisina ja muotoisina, ja ne voidaan valmistaa vastaamaan sovelluksen erityisvaatimuksia.<\/li>\n<\/ul>\n<\/li>\n<\/ul>\n<p>R\u00e4\u00e4t\u00e4l\u00f6intiprosessi mahdollistaa sylinterin suorituskyvyn optimoinnin varmistaen, ett\u00e4 se sopii aiottuun k\u00e4ytt\u00f6tarkoitukseen. T\u00e4m\u00e4 ominaisuus tekee hitsatuista T-tyyppisist\u00e4 sylintereist\u00e4 ihanteellisia k\u00e4ytett\u00e4v\u00e4ksi erilaisissa teollisissa sovelluksissa, kuten rakentamisessa, kaivostoiminnassa ja materiaalink\u00e4sittelyss\u00e4.<\/p>\n<ul>\n<li style=\"list-style-type: none;\">\n<ul>\n<li><strong>Kustannustehokas:<\/strong> Hitsatut T-tyyppiset sylinterit ovat kustannustehokkaita verrattuna muuntyyppisiin sylintereihin. N\u00e4iden sylinterien valmistuksessa k\u00e4ytetty valmistusprosessi on yksinkertainen, mink\u00e4 ansiosta ne ovat halvempia kuin muuntyyppiset sylinterit.<\/li>\n<\/ul>\n<\/li>\n<\/ul>\n<p>Lis\u00e4ksi hitsattujen T-tyyppisten sylinterien korkea lujuus ja kest\u00e4vyys v\u00e4hent\u00e4v\u00e4t usein teht\u00e4vien korjausten ja vaihtojen tarvetta, mik\u00e4 s\u00e4\u00e4st\u00e4\u00e4 yll\u00e4pitokustannuksissa. T\u00e4m\u00e4 ominaisuus tekee niist\u00e4 suositun valinnan monilla toimialoilla, erityisesti niill\u00e4, joilla on rajallinen budjetti.<\/p>\n<ul>\n<li style=\"list-style-type: none;\">\n<ul>\n<li><strong>Lis\u00e4\u00e4ntynyt tehokkuus:<\/strong> Hitsatut T-tyyppiset sylinterit ovat eritt\u00e4in tehokkaita ja toimivia. Sylinterin rakenne varmistaa, ett\u00e4 k\u00e4ytetty voima siirtyy suoraan kuormaan, mik\u00e4 v\u00e4hent\u00e4\u00e4 energiah\u00e4vi\u00f6t\u00e4 ja lis\u00e4\u00e4 tehokkuutta.<\/li>\n<\/ul>\n<\/li>\n<\/ul>\n<p>Hitsatut liitokset ovat vahvoja ja j\u00e4ykki\u00e4, mik\u00e4 minimoi taipuman ja varmistaa, ett\u00e4 sylinteri s\u00e4ilytt\u00e4\u00e4 muotonsa ja rakenteellisen eheytens\u00e4 my\u00f6s \u00e4\u00e4rimm\u00e4isiss\u00e4 olosuhteissa. T\u00e4m\u00e4 ominaisuus tekee hitsatuista T-tyyppisist\u00e4 sylintereist\u00e4 ihanteellisia k\u00e4ytett\u00e4v\u00e4ksi sovelluksissa, jotka vaativat korkeaa hy\u00f6tysuhdetta ja luotettavuutta.<\/p>\n<h2>Hitsatun T-tyyppisen sylinterin k\u00e4ytt\u00f6<\/h2>\n<h3>Johdanto<\/h3>\n<p>Hitsattu T-kappale on hydraulinen sylinterityyppi, jota k\u00e4ytet\u00e4\u00e4n yleisesti teollisissa sovelluksissa. Se on suunniteltu tarjoamaan suuri voima kompaktissa ja kustannustehokkaassa paketissa. T\u00e4m\u00e4n tyyppinen sylinteri koostuu hitsatusta T-kappaleesta ja T-kappaleeseen kiinnitetyst\u00e4 m\u00e4nn\u00e4nvarresta. T-kappale on yhdistetty sylinterin runkoon ja sis\u00e4lt\u00e4\u00e4 m\u00e4nn\u00e4n, joka liikkuu edestakaisin rungon sis\u00e4ll\u00e4 voiman tuottamiseksi.<\/p>\n<h3>Hitsatun T-tyyppisen sylinterin edut<\/h3>\n<p>Hitsatun T-tyyppisen sylinterin k\u00e4yt\u00f6ll\u00e4 teollisissa sovelluksissa on useita etuja:<\/p>\n<ul>\n<li><b>Kompakti muotoilu:<\/b> Hitsatut T-tyyppiset sylinterit on suunniteltu kompakteiksi, mik\u00e4 tekee niist\u00e4 ihanteellisia k\u00e4ytett\u00e4v\u00e4ksi sovelluksissa, joissa tilaa on rajoitetusti.<\/li>\n<li><b>Korkea hy\u00f6tysuhde:<\/b> Hitsatut T-tyyppiset sylinterit ovat eritt\u00e4in tehokkaita, mik\u00e4 tarkoittaa, ett\u00e4 ne voivat tuottaa suuren m\u00e4\u00e4r\u00e4n voimaa minimaalisella energiankulutuksella.<\/li>\n<li><b>Kest\u00e4v\u00e4:<\/b> Hitsatut T-tyyppiset sylinterit on suunniteltu eritt\u00e4in kest\u00e4viksi, mik\u00e4 tarkoittaa, ett\u00e4 ne kest\u00e4v\u00e4t ankaria k\u00e4ytt\u00f6olosuhteita ja ovat pitk\u00e4ik\u00e4isi\u00e4.<\/li>\n<li><b>Kustannustehokas:<\/b> Hitsatut T-tyyppiset sylinterit ovat kustannustehokkaita, mik\u00e4 tarkoittaa hyv\u00e4\u00e4 vastinetta rahalle.<\/li>\n<\/ul>\n<h3>Hitsatun T-tyyppisen sylinterin sovellukset<\/h3>\n<p>Hitsattujen T-tyyppisten sylintereiden sovelluksia on monia eri teollisuudenaloilla, mukaan lukien:<\/p>\n<ul>\n<li><b>Valmistus:<\/b> Hitsattuja T-tyyppisi\u00e4 sylintereit\u00e4 k\u00e4ytet\u00e4\u00e4n valmistuksessa koneiden k\u00e4ytt\u00e4miseen, raskaiden kuormien siirt\u00e4miseen ja metalliosien muotoiluun.<\/li>\n<li><b>Maatalous:<\/b> Hitsattuja T-tyyppisi\u00e4 sylintereit\u00e4 k\u00e4ytet\u00e4\u00e4n maataloudessa traktoreiden, puimureiden ja muiden maatalouslaitteiden hydraulij\u00e4rjestelmien k\u00e4ytt\u00e4miseen.<\/li>\n<li><b>Rakentaminen:<\/b> Hitsattuja T-tyyppisi\u00e4 sylintereit\u00e4 k\u00e4ytet\u00e4\u00e4n rakennusalalla koneiden, kuten nostureiden, kaivinkoneiden ja kaivinkoneiden, k\u00e4ytt\u00e4miseen.<\/li>\n<li><b>Kaivostoiminta:<\/b> Hitsattuja T-tyyppisi\u00e4 sylintereit\u00e4 k\u00e4ytet\u00e4\u00e4n kaivosteollisuudessa hydraulisten j\u00e4rjestelmien k\u00e4ytt\u00e4miseen raskaissa laitteissa, kuten puskutraktoreissa, kuormaajissa ja kallioporakoneissa.<\/li>\n<li><b>Kuljetus:<\/b> Hitsattuja T-tyyppisi\u00e4 sylintereit\u00e4 k\u00e4ytet\u00e4\u00e4n kuljetuksessa hydraulij\u00e4rjestelmien k\u00e4ytt\u00e4miseen kuorma-autoissa, linja-autoissa ja muissa ajoneuvoissa.<\/li>\n<\/ul>\n<h3>Johtop\u00e4\u00e4t\u00f6s<\/h3>\n<p>Yhteenvetona voidaan todeta, ett\u00e4 hitsatut T-tyyppiset sylinterit ovat t\u00e4rke\u00e4 komponentti monissa teollisissa sovelluksissa. Ne on suunniteltu kompakteiksi, tehokkaiksi, kest\u00e4viksi ja kustannustehokkaiksi, mik\u00e4 tekee niist\u00e4 ihanteellisen valinnan monenlaisiin sovelluksiin. K\u00e4ytitp\u00e4 sitten koneita tuotantolaitoksessa, maatalouskoneita maatilalla tai raskaita laitteita kaivoksessa, hitsatut T-tyyppiset sylinterit voivat auttaa sinua suorittamaan ty\u00f6t tehokkaasti ja tuloksellisesti.<\/p>\n<h3>Tietoja FMP:st\u00e4<\/h3>\n<p>Yli 30 vuotta toiminut FMP on johtava hydraulisylintereiden valmistaja ja toimittaja. Italiassa sijaitseva teollisuusalueemme on varustettu yli 100 huippuluokan laitteella, mukaan lukien automaattiset kaasusuojatut hitsauskoneet, syv\u00e4reik\u00e4porauskoneet, CNC-sorvit, sylinterihiomakoneet, automaattiset puhdistuskoneet, automaattiset asennuskoneet, automaattiset hydraulisylintereiden suorituskyvyn testauspenkit ja automaattiset maalauslinjat.<\/p>\n<p><img decoding=\"async\" src=\"https:\/\/fmp-components.com\/wp-content\/uploads\/2024\/12\/fmp-factory-4.webp\" alt=\"FMP-tehdas\" width=\"800\" title=\"\"><\/p>\n<p>Olemme ylpeit\u00e4 tiukoista k\u00e4sittely- ja tarkastusmenettelyist\u00e4mme, jotka varmistavat, ett\u00e4 jokainen hydraulisylinteri k\u00e4y l\u00e4pi perusteellisen tarkastuksen taataksemme asiakkaillemme poikkeuksellisen laadun.<\/p>\n<ol>\n<li><strong>Suunnittelupalvelu:<\/strong> Kokenut suunnittelutiimimme on perehtynyt nivelakseleiden tuotesuunnitteluun ja -kehitykseen. Tarvitsetpa sitten uusia tuotteita tai parannuksia olemassa oleviin, olemme t\u00e4\u00e4ll\u00e4 tukemassa sinua.<\/li>\n<li><strong>Tuotepalvelu:<\/strong> Kattava tuotepalvelumme kattaa koko tuotantoprosessin raaka-aineista leikkaamiseen, karkeaan k\u00e4sittelyyn, testaukseen, puhdistukseen, kokoonpanoon, pakkaamiseen ja kuljetukseen.<\/li>\n<li><strong>N\u00e4yteprosessi:<\/strong> Tarjoamme r\u00e4\u00e4t\u00e4l\u00f6it\u00e4v\u00e4\u00e4 n\u00e4ytekehityst\u00e4 tarpeidesi mukaan. Muokkaamme n\u00e4ytteit\u00e4 jatkuvasti vastaamaan erityistarpeitasi varmistaen, ett\u00e4 lopputuote on r\u00e4\u00e4t\u00e4l\u00f6ity tyydytt\u00e4m\u00e4\u00e4n tarpeesi.<\/li>\n<li><strong>Tutkimus ja kehitys:<\/strong> Markkinatrendien kehittyess\u00e4 pysymme innovaatioiden eturintamassa. Tutkimme laajasti uusia markkinoiden vaatimuksia ja kehit\u00e4mme uusia hydraulisylinterimalleja vastaamaan asiakkaidemme jatkuvasti muuttuviin tarpeisiin.<\/li>\n<li><strong>Mukauttaminen:<\/strong> FMP:ll\u00e4 olemme erikoistuneet erityyppisten hydraulisylintereiden valmistukseen ja myyntiin. Olemme ylpeit\u00e4 kyvyst\u00e4mme r\u00e4\u00e4t\u00e4l\u00f6id\u00e4 tuotteitamme asiakkaidemme ainutlaatuisten tarpeiden mukaan. Suunnittelusta tuotantoon tiimimme pyrkii toimittamaan ratkaisuja, jotka ylitt\u00e4v\u00e4t odotukset.<\/li>\n<\/ol>\n<p>Laajan ja korkealaatuisten tuotteiden valikoimamme sek\u00e4 asiakastyytyv\u00e4isyyteen sitoutumisemme ansiosta kutsumme sinut yhteisty\u00f6h\u00f6n FMP:n kanssa. Koe poikkeukselliset tuotteemme ja palvelumme ja ota selv\u00e4\u00e4, miksi olemme alan ensisijainen valinta.<\/p>\n<p>Tekij\u00e4: CX<\/p>","protected":false},"excerpt":{"rendered":"<p>The 10022 Italy Supplier Small Hydraulic Welded Cylinder Piston Hydraulic Cylinder is designed for compact applications where space is limited but performance is essential. This hydraulic cylinder features a robust welded construction, ensuring durability and reliability in various industrial and agricultural uses. Key Features: Welded Construction: Built with high-quality welded design to enhance strength and [&hellip;]<\/p>","protected":false},"featured_media":1132,"comment_status":"closed","ping_status":"closed","template":"","meta":{"_et_pb_use_builder":"","_et_pb_old_content":"","_et_gb_content_width":""},"product_brand":[],"product_cat":[31],"product_tag":[34,35],"class_list":{"0":"post-942","1":"product","2":"type-product","3":"status-publish","4":"has-post-thumbnail","6":"product_cat-welded-tee-type-cylinder","7":"product_tag-hydraulic-cylinder","8":"product_tag-welded-tee-type-cylinder","10":"first","11":"instock","12":"product-type-simple"},"_links":{"self":[{"href":"https:\/\/fmp-components.com\/fi\/wp-json\/wp\/v2\/product\/942","targetHints":{"allow":["GET"]}}],"collection":[{"href":"https:\/\/fmp-components.com\/fi\/wp-json\/wp\/v2\/product"}],"about":[{"href":"https:\/\/fmp-components.com\/fi\/wp-json\/wp\/v2\/types\/product"}],"replies":[{"embeddable":true,"href":"https:\/\/fmp-components.com\/fi\/wp-json\/wp\/v2\/comments?post=942"}],"wp:featuredmedia":[{"embeddable":true,"href":"https:\/\/fmp-components.com\/fi\/wp-json\/wp\/v2\/media\/1132"}],"wp:attachment":[{"href":"https:\/\/fmp-components.com\/fi\/wp-json\/wp\/v2\/media?parent=942"}],"wp:term":[{"taxonomy":"product_brand","embeddable":true,"href":"https:\/\/fmp-components.com\/fi\/wp-json\/wp\/v2\/product_brand?post=942"},{"taxonomy":"product_cat","embeddable":true,"href":"https:\/\/fmp-components.com\/fi\/wp-json\/wp\/v2\/product_cat?post=942"},{"taxonomy":"product_tag","embeddable":true,"href":"https:\/\/fmp-components.com\/fi\/wp-json\/wp\/v2\/product_tag?post=942"}],"curies":[{"name":"wp","href":"https:\/\/api.w.org\/{rel}","templated":true}]}}