{"id":941,"date":"2024-12-19T03:39:43","date_gmt":"2024-12-19T03:39:43","guid":{"rendered":"https:\/\/fmp-components.com\/product\/10021-hot-sale-customized-hydraulic-cylinder-for-agriculture\/"},"modified":"2024-12-19T08:54:09","modified_gmt":"2024-12-19T08:54:09","slug":"10021-hot-sale-customized-hydraulic-cylinder-for-agriculture","status":"publish","type":"product","link":"https:\/\/fmp-components.com\/fi\/product\/10021-hot-sale-customized-hydraulic-cylinder-for-agriculture\/","title":{"rendered":"10021 Kuuma myynti r\u00e4\u00e4t\u00e4l\u00f6ity hydraulisylinteri maatalouteen"},"content":{"rendered":"<p>10021 Hot Sale -r\u00e4\u00e4t\u00e4l\u00f6ity hydraulisylinteri on suunniteltu erityisesti maatalousk\u00e4ytt\u00f6\u00f6n, ja se tarjoaa r\u00e4\u00e4t\u00e4l\u00f6ityj\u00e4 ratkaisuja viljelij\u00f6iden monimuotoisiin tarpeisiin. T\u00e4m\u00e4 hydraulisylinteri yhdist\u00e4\u00e4 kest\u00e4v\u00e4n rakenteen mukautettaviin ominaisuuksiin, mik\u00e4 varmistaa optimaalisen suorituskyvyn erilaisissa maatalousteht\u00e4viss\u00e4.<\/p>\n<h4>T\u00e4rkeimm\u00e4t ominaisuudet:<\/h4>\n<ul>\n<li><strong>R\u00e4\u00e4t\u00e4l\u00f6ity suunnittelu<\/strong>R\u00e4\u00e4t\u00e4l\u00f6ity vastaamaan erityisvaatimuksia, mik\u00e4 helpottaa yhteensopivuutta monenlaisten maatalouskoneiden ja -laitteiden kanssa.<\/li>\n<li><strong>Korkealaatuinen rakentaminen<\/strong>Valmistettu kest\u00e4vist\u00e4 materiaaleista pitk\u00e4n k\u00e4ytt\u00f6i\u00e4n ja luotettavuuden varmistamiseksi, kest\u00e4\u00e4 maatalousk\u00e4yt\u00f6n rasitukset.<\/li>\n<li><strong>Kaksitoiminen mekanismi<\/strong>Tarjoaa tehokkaan toiminnan sek\u00e4 pidennyksess\u00e4 ett\u00e4 sis\u00e4\u00e4nvedossa, mik\u00e4 mahdollistaa tarkan hallinnan nosto- ja laskuteht\u00e4viss\u00e4.<\/li>\n<li><strong>Korroosionkest\u00e4v\u00e4 pinnoite<\/strong>K\u00e4sitelty suojaavilla pinnoitteilla ruosteen ja korroosion est\u00e4miseksi, mik\u00e4 varmistaa pitk\u00e4kestoisen suorituskyvyn ulkoymp\u00e4rist\u00f6iss\u00e4.<\/li>\n<li><strong>Helppo asennus<\/strong>Suunniteltu integroitavaksi suoraan olemassa oleviin maatalousj\u00e4rjestelmiin, mik\u00e4 minimoi seisokkiajat ja parantaa tuottavuutta.<\/li>\n<\/ul>\n<p><img loading=\"lazy\" decoding=\"async\" class=\"size-full wp-image-977 aligncenter\" src=\"https:\/\/fmp-components.com\/wp-content\/uploads\/2024\/12\/Welded-Tee-Type-Cylinder3.webp\" alt=\"Hitsattu T-tyyppinen sylinteri\" width=\"653\" height=\"600\" title=\"\" srcset=\"https:\/\/fmp-components.com\/wp-content\/uploads\/2024\/12\/Welded-Tee-Type-Cylinder3.webp 653w, https:\/\/fmp-components.com\/wp-content\/uploads\/2024\/12\/Welded-Tee-Type-Cylinder3-480x441.webp 480w\" sizes=\"(min-width: 0px) and (max-width: 480px) 480px, (min-width: 481px) 653px, 100vw\" \/><\/p>\n<h4>Edut:<\/h4>\n<ul>\n<li><strong>Parannettu tehokkuus<\/strong>Optimoi maatalouskoneiden suorituskyvyn ja helpottaa sujuvaa ja tehokasta ty\u00f6skentely\u00e4 pellolla.<\/li>\n<li><strong>Monipuoliset sovellukset<\/strong>Sopii monenlaisiin teht\u00e4viin, kuten nostamiseen, ty\u00f6nt\u00e4miseen ja vet\u00e4miseen, joten se on monipuolinen valinta maanviljelij\u00f6ille.<\/li>\n<li><strong>Kustannustehokas ratkaisu<\/strong>Tarjoaa korkeaa suorituskyky\u00e4 kilpailukykyiseen hintaan, mik\u00e4 takaa erinomaisen vastineen investoinnille.<\/li>\n<\/ul>\n<p>10021 Hot Sale -r\u00e4\u00e4t\u00e4l\u00f6ity hydraulisylinteri on olennainen osa nykyaikaista maataloustoimintaa, ja se tarjoaa luotettavaa suorituskyky\u00e4 ja mukautuvuutta. Sen kest\u00e4v\u00e4 rakenne ja r\u00e4\u00e4t\u00e4l\u00f6intimahdollisuudet tekev\u00e4t siit\u00e4 arvokkaan lis\u00e4n mihin tahansa maatalouskonevalikoimaan.<\/p>\n<h2>Hitsatun T-tyyppisen sylinterin edut<\/h2>\n<ul>\n<li style=\"list-style-type: none;\">\n<ul>\n<li><strong>Lis\u00e4\u00e4ntynyt voima:<\/strong> Hitsatut T-tyyppiset sylinterit tunnetaan suuresta lujuudestaan, mink\u00e4 ansiosta ne sopivat raskasta nostoa vaativiin sovelluksiin. N\u00e4iden sylinterien valmistuksessa k\u00e4ytetty hitsausprosessi varmistaa, ett\u00e4 sylinteriss\u00e4 ei ole heikkoja kohtia ja se kest\u00e4\u00e4 suurta painetta ja rasitusta.<\/li>\n<\/ul>\n<\/li>\n<\/ul>\n<p>Kun sylinteriin kohdistetaan painetta, se jakautuu tasaisesti koko pinnalle, mik\u00e4 tekee siit\u00e4 kest\u00e4v\u00e4n muodonmuutokselle. T\u00e4m\u00e4 ominaisuus varmistaa, ett\u00e4 sylinteri s\u00e4ilytt\u00e4\u00e4 muotonsa ja rakenteellisen eheytens\u00e4 my\u00f6s \u00e4\u00e4rimm\u00e4isiss\u00e4 olosuhteissa.<\/p>\n<ul>\n<li style=\"list-style-type: none;\">\n<ul>\n<li><strong>Vuotojen ehk\u00e4isy:<\/strong> Hitsatut T-tyyppiset sylinterit on suunniteltu est\u00e4m\u00e4\u00e4n vuodot. Valmistusprosessissa k\u00e4ytetty hitsausprosessi varmistaa, ett\u00e4 sylinteri on t\u00e4ysin tiivis ja vapaa mahdollisista vuodoista. T\u00e4m\u00e4 ominaisuus tekee niist\u00e4 sopivia k\u00e4ytett\u00e4v\u00e4ksi sovelluksissa, joissa vuoto voi aiheuttaa vakavia vaurioita tai vammoja.<\/li>\n<\/ul>\n<\/li>\n<\/ul>\n<p>Hitsatut liitokset ovat sileit\u00e4, ilman rakoja tai uria, joihin roskat tai lika voisivat ker\u00e4\u00e4nty\u00e4, mik\u00e4 v\u00e4hent\u00e4\u00e4 korroosion ja sylinterin vaurioitumisen riski\u00e4.<\/p>\n<ul>\n<li style=\"list-style-type: none;\">\n<ul>\n<li><strong>Mukautettava:<\/strong> Hitsattuja T-tyyppisi\u00e4 sylintereit\u00e4 voidaan r\u00e4\u00e4t\u00e4l\u00f6id\u00e4 tiettyihin sovelluksiin. Sylintereit\u00e4 on saatavana eri kokoisina ja muotoisina, ja ne voidaan valmistaa vastaamaan sovelluksen erityisvaatimuksia.<\/li>\n<\/ul>\n<\/li>\n<\/ul>\n<p>R\u00e4\u00e4t\u00e4l\u00f6intiprosessi mahdollistaa sylinterin suorituskyvyn optimoinnin varmistaen, ett\u00e4 se sopii aiottuun k\u00e4ytt\u00f6tarkoitukseen. T\u00e4m\u00e4 ominaisuus tekee hitsatuista T-tyyppisist\u00e4 sylintereist\u00e4 ihanteellisia k\u00e4ytett\u00e4v\u00e4ksi erilaisissa teollisissa sovelluksissa, kuten rakentamisessa, kaivostoiminnassa ja materiaalink\u00e4sittelyss\u00e4.<\/p>\n<ul>\n<li style=\"list-style-type: none;\">\n<ul>\n<li><strong>Kustannustehokas:<\/strong> Hitsatut T-tyyppiset sylinterit ovat kustannustehokkaita verrattuna muuntyyppisiin sylintereihin. N\u00e4iden sylinterien valmistuksessa k\u00e4ytetty valmistusprosessi on yksinkertainen, mink\u00e4 ansiosta ne ovat halvempia kuin muuntyyppiset sylinterit.<\/li>\n<\/ul>\n<\/li>\n<\/ul>\n<p>Lis\u00e4ksi hitsattujen T-tyyppisten sylinterien korkea lujuus ja kest\u00e4vyys v\u00e4hent\u00e4v\u00e4t usein teht\u00e4vien korjausten ja vaihtojen tarvetta, mik\u00e4 s\u00e4\u00e4st\u00e4\u00e4 yll\u00e4pitokustannuksissa. T\u00e4m\u00e4 ominaisuus tekee niist\u00e4 suositun valinnan monilla toimialoilla, erityisesti niill\u00e4, joilla on rajallinen budjetti.<\/p>\n<ul>\n<li style=\"list-style-type: none;\">\n<ul>\n<li><strong>Lis\u00e4\u00e4ntynyt tehokkuus:<\/strong> Hitsatut T-tyyppiset sylinterit ovat eritt\u00e4in tehokkaita ja toimivia. Sylinterin rakenne varmistaa, ett\u00e4 k\u00e4ytetty voima siirtyy suoraan kuormaan, mik\u00e4 v\u00e4hent\u00e4\u00e4 energiah\u00e4vi\u00f6t\u00e4 ja lis\u00e4\u00e4 tehokkuutta.<\/li>\n<\/ul>\n<\/li>\n<\/ul>\n<p>Hitsatut liitokset ovat vahvoja ja j\u00e4ykki\u00e4, mik\u00e4 minimoi taipuman ja varmistaa, ett\u00e4 sylinteri s\u00e4ilytt\u00e4\u00e4 muotonsa ja rakenteellisen eheytens\u00e4 my\u00f6s \u00e4\u00e4rimm\u00e4isiss\u00e4 olosuhteissa. T\u00e4m\u00e4 ominaisuus tekee hitsatuista T-tyyppisist\u00e4 sylintereist\u00e4 ihanteellisia k\u00e4ytett\u00e4v\u00e4ksi sovelluksissa, jotka vaativat korkeaa hy\u00f6tysuhdetta ja luotettavuutta.<\/p>\n<h2>Hitsatun T-tyyppisen sylinterin k\u00e4ytt\u00f6<\/h2>\n<h3>Johdanto<\/h3>\n<p>Hitsattu T-kappale on hydraulinen sylinterityyppi, jota k\u00e4ytet\u00e4\u00e4n yleisesti teollisissa sovelluksissa. Se on suunniteltu tarjoamaan suuri voima kompaktissa ja kustannustehokkaassa paketissa. T\u00e4m\u00e4n tyyppinen sylinteri koostuu hitsatusta T-kappaleesta ja T-kappaleeseen kiinnitetyst\u00e4 m\u00e4nn\u00e4nvarresta. T-kappale on yhdistetty sylinterin runkoon ja sis\u00e4lt\u00e4\u00e4 m\u00e4nn\u00e4n, joka liikkuu edestakaisin rungon sis\u00e4ll\u00e4 voiman tuottamiseksi.<\/p>\n<h3>Hitsatun T-tyyppisen sylinterin edut<\/h3>\n<p>Hitsatun T-tyyppisen sylinterin k\u00e4yt\u00f6ll\u00e4 teollisissa sovelluksissa on useita etuja:<\/p>\n<ul>\n<li><b>Kompakti muotoilu:<\/b> Hitsatut T-tyyppiset sylinterit on suunniteltu kompakteiksi, mik\u00e4 tekee niist\u00e4 ihanteellisia k\u00e4ytett\u00e4v\u00e4ksi sovelluksissa, joissa tilaa on rajoitetusti.<\/li>\n<li><b>Korkea hy\u00f6tysuhde:<\/b> Hitsatut T-tyyppiset sylinterit ovat eritt\u00e4in tehokkaita, mik\u00e4 tarkoittaa, ett\u00e4 ne voivat tuottaa suuren m\u00e4\u00e4r\u00e4n voimaa minimaalisella energiankulutuksella.<\/li>\n<li><b>Kest\u00e4v\u00e4:<\/b> Hitsatut T-tyyppiset sylinterit on suunniteltu eritt\u00e4in kest\u00e4viksi, mik\u00e4 tarkoittaa, ett\u00e4 ne kest\u00e4v\u00e4t ankaria k\u00e4ytt\u00f6olosuhteita ja ovat pitk\u00e4ik\u00e4isi\u00e4.<\/li>\n<li><b>Kustannustehokas:<\/b> Hitsatut T-tyyppiset sylinterit ovat kustannustehokkaita, mik\u00e4 tarkoittaa hyv\u00e4\u00e4 vastinetta rahalle.<\/li>\n<\/ul>\n<p><img loading=\"lazy\" decoding=\"async\" class=\"alignnone size-full wp-image-974\" src=\"https:\/\/fmp-components.com\/wp-content\/uploads\/2024\/12\/application-of-Welded-Tee-Type-Cylinder.webp\" alt=\"hitsatun T-tyyppisen sylinterin k\u00e4ytt\u00f6\" width=\"760\" height=\"860\" title=\"\" srcset=\"https:\/\/fmp-components.com\/wp-content\/uploads\/2024\/12\/application-of-Welded-Tee-Type-Cylinder.webp 760w, https:\/\/fmp-components.com\/wp-content\/uploads\/2024\/12\/application-of-Welded-Tee-Type-Cylinder-480x543.webp 480w\" sizes=\"(min-width: 0px) and (max-width: 480px) 480px, (min-width: 481px) 760px, 100vw\" \/><\/p>\n<h3>Hitsatun T-tyyppisen sylinterin sovellukset<\/h3>\n<p>Hitsattujen T-tyyppisten sylintereiden sovelluksia on monia eri teollisuudenaloilla, mukaan lukien:<\/p>\n<ul>\n<li><b>Valmistus:<\/b> Hitsattuja T-tyyppisi\u00e4 sylintereit\u00e4 k\u00e4ytet\u00e4\u00e4n valmistuksessa koneiden k\u00e4ytt\u00e4miseen, raskaiden kuormien siirt\u00e4miseen ja metalliosien muotoiluun.<\/li>\n<li><b>Maatalous:<\/b> Hitsattuja T-tyyppisi\u00e4 sylintereit\u00e4 k\u00e4ytet\u00e4\u00e4n maataloudessa traktoreiden, puimureiden ja muiden maatalouslaitteiden hydraulij\u00e4rjestelmien k\u00e4ytt\u00e4miseen.<\/li>\n<li><b>Rakentaminen:<\/b> Hitsattuja T-tyyppisi\u00e4 sylintereit\u00e4 k\u00e4ytet\u00e4\u00e4n rakennusalalla koneiden, kuten nostureiden, kaivinkoneiden ja kaivinkoneiden, k\u00e4ytt\u00e4miseen.<\/li>\n<li><b>Kaivostoiminta:<\/b> Hitsattuja T-tyyppisi\u00e4 sylintereit\u00e4 k\u00e4ytet\u00e4\u00e4n kaivosteollisuudessa hydraulisten j\u00e4rjestelmien k\u00e4ytt\u00e4miseen raskaissa laitteissa, kuten puskutraktoreissa, kuormaajissa ja kallioporakoneissa.<\/li>\n<li><b>Kuljetus:<\/b> Hitsattuja T-tyyppisi\u00e4 sylintereit\u00e4 k\u00e4ytet\u00e4\u00e4n kuljetuksessa hydraulij\u00e4rjestelmien k\u00e4ytt\u00e4miseen kuorma-autoissa, linja-autoissa ja muissa ajoneuvoissa.<\/li>\n<\/ul>\n<p>Yhteenvetona voidaan todeta, ett\u00e4 hitsatut T-tyyppiset sylinterit ovat t\u00e4rke\u00e4 komponentti monissa teollisissa sovelluksissa. Ne on suunniteltu kompakteiksi, tehokkaiksi, kest\u00e4viksi ja kustannustehokkaiksi, mik\u00e4 tekee niist\u00e4 ihanteellisen valinnan monenlaisiin sovelluksiin. K\u00e4ytitp\u00e4 sitten koneita tuotantolaitoksessa, maatalouskoneita maatilalla tai raskaita laitteita kaivoksessa, hitsatut T-tyyppiset sylinterit voivat auttaa sinua suorittamaan ty\u00f6t tehokkaasti ja tuloksellisesti.<\/p>\n<h3>Tietoja FMP:st\u00e4<\/h3>\n<p>FMP on johtava korkealaatuisten hydraulisylintereiden valmistaja, jolla on yli 30 vuoden kokemus alalta. Teollisuusalueemme sijaitsee Italiassa ja meill\u00e4 on yli 100 laitetta, mukaan lukien automaattiset kaasusuojatut hitsauskoneet, syv\u00e4reik\u00e4porauskoneet, CNC-sorvit, sylinterihiomakoneet, automaattiset puhdistuskoneet, automaattiset asennuskoneet, automaattiset hydraulisylintereiden suorituskyvyn testauspenkit ja automaattiset maalauslinjat.<\/p>\n<p>Tarjoamme erityyppisi\u00e4 hydraulisylintereit\u00e4, mukaan lukien hydraulisylinterin korvakorusylinterit, kaksisuuntaiset automaattiset teleskooppiset hydraulisylintereet ja paljon muuta. Kaikki n\u00e4m\u00e4 l\u00e4pik\u00e4yv\u00e4t tiukan k\u00e4sittelyn ja tarkastuksen laadun takaamiseksi asiakkaillemme.<\/p>\n<h4>Palvelumme ja etumme<\/h4>\n<ol>\n<li><strong>Suunnittelupalvelu:<\/strong> Suunnittelutiimill\u00e4mme on laaja kokemus nivelakseleiden tuotesuunnittelusta ja -kehityksest\u00e4. Voimme tukea sinua uusien tuotetarpeiden tai olemassa olevien tuotteidesi jatkoparannusten kanssa.<\/li>\n<li><strong>Tuotepalvelu:<\/strong> Tuotantoprosessiimme kuuluu raaka-aineiden valinta, leikkaus, karkea k\u00e4sittely, testaus, puhdistus, kokoonpano, pakkaaminen ja kuljetus varmistaaksemme, ett\u00e4 tuotteemme t\u00e4ytt\u00e4v\u00e4t korkeimmat laatustandardit.<\/li>\n<li><strong>N\u00e4yteprosessi:<\/strong> Voimme kehitt\u00e4\u00e4 n\u00e4ytteit\u00e4 tarpeidesi mukaan ja muokata niit\u00e4 jatkuvasti tarpeidesi mukaan. T\u00e4m\u00e4 varmistaa, ett\u00e4 saat juuri sinun k\u00e4ytt\u00f6tarkoitukseesi sopivan tuotteen.<\/li>\n<li><strong>Tutkimus ja kehitys:<\/strong> Tiimimme tutkii jatkuvasti markkinoita kehitt\u00e4\u00e4kseen uusia malleja, jotka vastaavat nouseviin tarpeisiin. T\u00e4m\u00e4 varmistaa, ett\u00e4 pysymme alan edell\u00e4 ja tarjoamme asiakkaillemme uusimpia ja parhaita tuotteita.<\/li>\n<li><strong>Mukauttaminen:<\/strong> Otamme vastaan \u200b\u200bmittatilausty\u00f6n\u00e4 tehtyj\u00e4 tilauksia ja voimme valmistaa hydraulisylintereit\u00e4 juuri sinun tarpeisiisi sopivina. Laajan laitteistomme ja ammattitaitoisen tiimimme avulla pystymme tarjoamaan r\u00e4\u00e4t\u00e4l\u00f6idyn ratkaisun jokaiselle asiakkaallemme.<\/li>\n<\/ol>\n<p>Valitsemalla FMP:n voit olla varma, ett\u00e4 saat korkealaatuisia hydraulisylintereit\u00e4, jotka on suunniteltu ja valmistettu \u00e4\u00e4rimm\u00e4isen huolellisesti. Ota meihin yhteytt\u00e4 ja kysy lis\u00e4\u00e4 siit\u00e4, miten voimme auttaa sinua hydraulisylintereihisi liittyviss\u00e4 tarpeissasi.<\/p>\n<p><img decoding=\"async\" src=\"https:\/\/fmp-components.com\/wp-content\/uploads\/2024\/12\/fmp-factory-4.webp\" alt=\"FMP-tehdas\" width=\"800\" title=\"\"><br \/>\nTekij\u00e4: CX<\/p>","protected":false},"excerpt":{"rendered":"<p>The 10021 Hot Sale Customized Hydraulic Cylinder is specifically designed for agricultural applications, providing tailored solutions to meet the diverse needs of farmers. This hydraulic cylinder combines robust construction with customizable features, ensuring optimal performance in various farming tasks. Key Features: Customized Design: Tailored to meet specific requirements, facilitating compatibility with a wide range of [&hellip;]<\/p>","protected":false},"featured_media":1132,"comment_status":"closed","ping_status":"closed","template":"","meta":{"_et_pb_use_builder":"","_et_pb_old_content":"","_et_gb_content_width":""},"product_brand":[],"product_cat":[31],"product_tag":[34,35],"class_list":{"0":"post-941","1":"product","2":"type-product","3":"status-publish","4":"has-post-thumbnail","6":"product_cat-welded-tee-type-cylinder","7":"product_tag-hydraulic-cylinder","8":"product_tag-welded-tee-type-cylinder","10":"first","11":"instock","12":"product-type-simple"},"_links":{"self":[{"href":"https:\/\/fmp-components.com\/fi\/wp-json\/wp\/v2\/product\/941","targetHints":{"allow":["GET"]}}],"collection":[{"href":"https:\/\/fmp-components.com\/fi\/wp-json\/wp\/v2\/product"}],"about":[{"href":"https:\/\/fmp-components.com\/fi\/wp-json\/wp\/v2\/types\/product"}],"replies":[{"embeddable":true,"href":"https:\/\/fmp-components.com\/fi\/wp-json\/wp\/v2\/comments?post=941"}],"wp:featuredmedia":[{"embeddable":true,"href":"https:\/\/fmp-components.com\/fi\/wp-json\/wp\/v2\/media\/1132"}],"wp:attachment":[{"href":"https:\/\/fmp-components.com\/fi\/wp-json\/wp\/v2\/media?parent=941"}],"wp:term":[{"taxonomy":"product_brand","embeddable":true,"href":"https:\/\/fmp-components.com\/fi\/wp-json\/wp\/v2\/product_brand?post=941"},{"taxonomy":"product_cat","embeddable":true,"href":"https:\/\/fmp-components.com\/fi\/wp-json\/wp\/v2\/product_cat?post=941"},{"taxonomy":"product_tag","embeddable":true,"href":"https:\/\/fmp-components.com\/fi\/wp-json\/wp\/v2\/product_tag?post=941"}],"curies":[{"name":"wp","href":"https:\/\/api.w.org\/{rel}","templated":true}]}}