{"id":940,"date":"2024-12-19T03:39:43","date_gmt":"2024-12-19T03:39:43","guid":{"rendered":"https:\/\/fmp-components.com\/product\/10020-professional-tow-truck-double-acting-hydraulic-cylinder\/"},"modified":"2024-12-26T08:57:19","modified_gmt":"2024-12-26T08:57:19","slug":"10020-professional-tow-truck-double-acting-hydraulic-cylinder","status":"publish","type":"product","link":"https:\/\/fmp-components.com\/fi\/product\/10020-professional-tow-truck-double-acting-hydraulic-cylinder\/","title":{"rendered":"10020 Ammattimainen hinausauton kaksitoiminen hydraulisylinteri"},"content":{"rendered":"<p>10020 Professional Tow Truckin kaksitoiminen hydraulisylinteri on suunniteltu optimaalista suorituskyky\u00e4 ja luotettavuutta varten hinaussovelluksissa. T\u00e4m\u00e4 hydraulisylinteri on suunniteltu k\u00e4sittelem\u00e4\u00e4n hinausautojen vaativia olosuhteita, ja se tarjoaa tehokkaat nosto- ja laskuominaisuudet varmistaen tehokkuuden ja turvallisuuden kaikissa teht\u00e4viss\u00e4.<\/p>\n<h4>T\u00e4rkeimm\u00e4t ominaisuudet:<\/h4>\n<ul>\n<li><strong>Kaksitoiminen mekanismi<\/strong>Mahdollistaa sujuvan toiminnan sek\u00e4 pidennyksess\u00e4 ett\u00e4 sis\u00e4\u00e4nvedossa, mik\u00e4 tarjoaa tarkan hallinnan hinaus- ja pelastustoimissa.<\/li>\n<li><strong>Ammattitason rakentaminen<\/strong>Valmistettu korkealaatuisista materiaaleista lujuuden ja kest\u00e4vyyden varmistamiseksi, kest\u00e4en raskaita kuormia ja vaativaa k\u00e4ytt\u00f6\u00e4.<\/li>\n<li><strong>Suuri kuormituskapasiteetti<\/strong>Suunniteltu erityisesti kest\u00e4m\u00e4\u00e4n merkitt\u00e4vi\u00e4 voimia, joten se sopii erinomaisesti ammattimaisiin hinausautosovelluksiin.<\/li>\n<li><strong>Korroosionkest\u00e4v\u00e4 viimeistely<\/strong>Pinnoitettu suojaamaan ruosteelta ja korroosiolta varmistaen pitk\u00e4kestoisen suorituskyvyn erilaisissa s\u00e4\u00e4olosuhteissa.<\/li>\n<li><strong>Helppo asennus<\/strong>Suunniteltu helposti integroitavaksi olemassa oleviin hinausautoj\u00e4rjestelmiin, mik\u00e4 minimoi asennusajan ja maksimoi tehokkuuden.<\/li>\n<\/ul>\n<p><img loading=\"lazy\" decoding=\"async\" class=\"alignnone size-full wp-image-975\" src=\"https:\/\/fmp-components.com\/wp-content\/uploads\/2024\/12\/Welded-Tee-Type-Cylinder1.webp\" alt=\"Hitsattu T-tyyppinen sylinteri\" width=\"759\" height=\"761\" title=\"\" srcset=\"https:\/\/fmp-components.com\/wp-content\/uploads\/2024\/12\/Welded-Tee-Type-Cylinder1.webp 759w, https:\/\/fmp-components.com\/wp-content\/uploads\/2024\/12\/Welded-Tee-Type-Cylinder1-480x481.webp 480w\" sizes=\"(min-width: 0px) and (max-width: 480px) 480px, (min-width: 481px) 759px, 100vw\" \/><\/p>\n<h4>Edut:<\/h4>\n<ul>\n<li><strong>Lis\u00e4\u00e4ntynyt tehokkuus<\/strong>Optimoi hinausautojen toiminnan ja helpottaa sujuvaa ja luotettavaa nosto- ja laskutoimintaa.<\/li>\n<li><strong>Monipuoliset sovellukset<\/strong>Soveltuu monenlaisiin hinausteht\u00e4viin, joten se on olennainen osa hinausautojen kuljettajille.<\/li>\n<li><strong>Alennetut yll\u00e4pitokustannukset<\/strong>Kest\u00e4v\u00e4 rakenne minimoi kulumisen, mik\u00e4 johtaa pienempiin huolto- ja vaihtokustannuksiin.<\/li>\n<\/ul>\n<p>10020 Professional Tow Truckin kaksitoiminen hydraulisylinteri on t\u00e4rke\u00e4 osa mit\u00e4 tahansa hinausautoa, joka varmistaa luotettavan suorituskyvyn ja tehokkuuden. Sen kest\u00e4v\u00e4 rakenne ja suuri kuormituskapasiteetti tekev\u00e4t siit\u00e4 erinomaisen valinnan ammattilaisille, jotka etsiv\u00e4t laatua ja kest\u00e4vyytt\u00e4 vetolaitteissaan.<\/p>\n<h3>Ominaisuudet ja toiminnot<\/h3>\n<p>Hydraulisylinterimme on elint\u00e4rke\u00e4 osa monenlaisissa teollisuuskoneissa ja raskaissa ajoneuvoissa. Se on suunniteltu tuottamaan voimaa yksisuuntaisen iskun kautta, mik\u00e4 tekee siit\u00e4 v\u00e4ltt\u00e4m\u00e4tt\u00f6m\u00e4n sovelluksissa, jotka vaativat tarkkaa ja tehokasta lineaarista liikett\u00e4. Kest\u00e4vyydest\u00e4\u00e4n ja tehokkuudestaan \u200b\u200btunnettu hydraulisylinterimme loistaa vaativissa ymp\u00e4rist\u00f6iss\u00e4 ja tarjoaa luotettavaa suorituskyky\u00e4 erilaisissa olosuhteissa.<\/p>\n<h3>Ainutlaatuiset ominaisuudet ja edut<\/h3>\n<ul>\n<li><strong>Energiatehokas:<\/strong><br \/>\nHydraulisylinterimme on suunniteltu maksimoimaan energiankulutus, v\u00e4hent\u00e4m\u00e4\u00e4n virrankulutusta ja s\u00e4ilytt\u00e4m\u00e4\u00e4n samalla korkean k\u00e4ytt\u00f6tehokkuuden. T\u00e4m\u00e4 energiatehokkuus ei ainoastaan \u200b\u200balenna k\u00e4ytt\u00f6kustannuksia, vaan my\u00f6s edist\u00e4\u00e4 ymp\u00e4rist\u00f6n kest\u00e4vyytt\u00e4 minimoimalla j\u00e4tett\u00e4.<\/li>\n<li><strong>Korkea suorituskyky:<\/strong><br \/>\nOptimaalista suorituskyky\u00e4 varten suunniteltu hydraulisylinteri pystyy k\u00e4sittelem\u00e4\u00e4n merkitt\u00e4vi\u00e4 kuormia ja tuottamaan tasaista voimaa. Sen kest\u00e4v\u00e4 rakenne varmistaa, ett\u00e4 se toimii luotettavasti my\u00f6s haastavimmissa olosuhteissa, mik\u00e4 tekee siit\u00e4 ihanteellisen raskaaseen k\u00e4ytt\u00f6\u00f6n.<\/li>\n<li><strong>Turvallinen k\u00e4ytt\u00e4\u00e4:<\/strong><br \/>\nTurvallisuus on hydrauliikkasylinterimme suunnittelussa ensiarvoisen t\u00e4rke\u00e4\u00e4. Siin\u00e4 on edistykselliset turvaominaisuudet, jotka est\u00e4v\u00e4t vahingossa tapahtuvan irtoamisen ja minimoivat hydrauliikkavikojen riskin. T\u00e4m\u00e4 varmistaa, ett\u00e4 k\u00e4ytt\u00e4j\u00e4t voivat ty\u00f6skennell\u00e4 luottavaisin mielin tiet\u00e4en, ett\u00e4 laitteet ovat turvallisia ja luotettavia.<\/li>\n<\/ul>\n<h3>Hydraulij\u00e4rjestelm\u00e4 ja toimintaperiaate<\/h3>\n<p>Hydraulisylinteri toimii paineistetun hydraulinesteen, tyypillisesti \u00f6ljyn, periaatteella, jota k\u00e4ytet\u00e4\u00e4n lineaarisen voiman ja liikkeen tuottamiseen. Kun hydraulinestett\u00e4 pumpataan sylinteriin, se kohdistaa painetta sis\u00e4iseen m\u00e4nt\u00e4\u00e4n. T\u00e4m\u00e4 paine tuottaa voimakkaan voiman, joka ty\u00f6nt\u00e4\u00e4 m\u00e4nt\u00e4\u00e4 eteenp\u00e4in mahdollistaen erilaisia \u200b\u200bsovelluksia, kuten nostamisen, ty\u00f6nt\u00e4misen tai vet\u00e4misen.<\/p>\n<p>Hinausautojen toiminnassa t\u00e4m\u00e4 hydraulinen voima on v\u00e4ltt\u00e4m\u00e4t\u00f6n raskaiden kuormien nostamiseen ja ohjaamiseen tarkasti. Hydraulisylinterin nopeuden ja suunnan s\u00e4\u00e4t\u00f6mahdollisuus antaa k\u00e4ytt\u00e4jille mahdollisuuden suorittaa monimutkaisia \u200b\u200bteht\u00e4vi\u00e4 helposti, mik\u00e4 parantaa hinaustoimintojen kokonaistehokkuutta. Hydraulij\u00e4rjestelm\u00e4n ominaisuuksia hy\u00f6dynt\u00e4m\u00e4ll\u00e4 hydraulisylinterimme edist\u00e4\u00e4 merkitt\u00e4v\u00e4sti teollisuuskoneiden ja -ajoneuvojen tehokkuutta ja turvallisuutta varmistaen, ett\u00e4 ne toimivat huipputehokkaasti.<\/p>\n<p><img loading=\"lazy\" decoding=\"async\" class=\"size-full wp-image-976 aligncenter\" src=\"https:\/\/fmp-components.com\/wp-content\/uploads\/2024\/12\/Welded-Tee-Type-Cylinder2.webp\" alt=\"Hitsattu T-tyyppinen sylinteri\" width=\"764\" height=\"675\" title=\"\" srcset=\"https:\/\/fmp-components.com\/wp-content\/uploads\/2024\/12\/Welded-Tee-Type-Cylinder2.webp 764w, https:\/\/fmp-components.com\/wp-content\/uploads\/2024\/12\/Welded-Tee-Type-Cylinder2-480x424.webp 480w\" sizes=\"(min-width: 0px) and (max-width: 480px) 480px, (min-width: 481px) 764px, 100vw\" \/><\/p>\n<h2>Hydraulisylinterin k\u00e4ytt\u00f6<\/h2>\n<p>Hydraulisylinterimme k\u00e4ytt\u00f6kohteet ovat p\u00e4\u00e4asiassa hinausautoissa. Sill\u00e4 on ratkaiseva rooli ajoneuvojen hinaamisessa, koska se tarjoaa tarvittavan voiman.<\/p>\n<p>Tutustu tehtaaseemme virtuaalikierroksella ja tutustu tuotantoprosessiimme tarkemmin: <iframe loading=\"lazy\" id=\"FMP VR ????\" title=\"FMP VR ????\" src=\"https:\/\/v.holoworld.com.cn\/v\/virtualbuy.html?id=78a76263-47ab-485f-b978-0dafacfb4096\" width=\"800\" height=\"600\"><\/iframe><\/p>\n<h2>Tietoja hydraulisylinterist\u00e4<\/h2>\n<p>Hydraulisylintereill\u00e4 on rikas historia, ja niit\u00e4 on saatavilla erityyppisin\u00e4, joilla jokaisella on omat ainutlaatuiset etunsa. Ne on helppo asentaa, vaativat vain v\u00e4h\u00e4n huoltoa ja tarjoavat pitk\u00e4n k\u00e4ytt\u00f6i\u00e4n.<\/p>\n<h2>Tuotevalikoima ja markkinointi<\/h2>\n<p>Oikean hydrauli\u00f6ljyn ja tiivisteen valinta on ratkaisevan t\u00e4rke\u00e4\u00e4 hydraulisylinterin tehokkaan toiminnan kannalta. Me FMP:ll\u00e4 tarjoamme kattavaa opastusta tuotteen valintaan, asennukseen ja huoltoon.<\/p>\n<p>FMP:ll\u00e4 on johtava asema Italian liikkuvien koneiden hydraulisylinterien osamarkkinoilla. Tuotteisiimme kuuluvat hydrauliset kallistussylinterit, hydrauliset ohjaussylinterit ja hydrauliset nostosylinterit. Suunnittelukapasiteettimme on 200 000 sarjaa, ja meill\u00e4 on 300 sarjaa erilaisia \u200b\u200bt\u00e4ysautomaattisia CNC-tuotantolaitteita ja t\u00e4ysautomaattisia hydraulisylinterien kokoonpanolaitteita.<\/p>\n<p>Kaksitoimisten hydraulisylintereiden lis\u00e4ksi toimitamme my\u00f6s nostolavasylintereit\u00e4, teollisuusajoneuvojen hydraulisylintereit\u00e4, porauslauttojen sylintereit\u00e4, kuorma-autonostureiden sylintereit\u00e4, rakennuskoneiden hydraulisylintereit\u00e4, <b>Trukin hydraulisylinterit<\/b>, kippiautojen sylinterit ja saniteettikoneiden hydraulisylinterit. Toivotamme asiakkaat tervetulleiksi r\u00e4\u00e4t\u00e4l\u00f6im\u00e4\u00e4n tilauksiaan.<\/p>\n<p><img decoding=\"async\" class=\"aligncenter\" src=\"https:\/\/hzpt.com\/wp-content\/uploads\/2023\/12\/random-4.webp\" alt=\"\" title=\"\"><\/p>\n<h2>Hitsatun T-tyyppisen sylinterin edut<\/h2>\n<ul>\n<li style=\"list-style-type: none;\">\n<ul>\n<li><strong>Lis\u00e4\u00e4ntynyt voima:<\/strong> Hitsatut T-tyyppiset sylinterit tunnetaan suuresta lujuudestaan, mink\u00e4 ansiosta ne sopivat raskasta nostoa vaativiin sovelluksiin. N\u00e4iden sylinterien valmistuksessa k\u00e4ytetty hitsausprosessi varmistaa, ett\u00e4 sylinteriss\u00e4 ei ole heikkoja kohtia ja se kest\u00e4\u00e4 suurta painetta ja rasitusta.<\/li>\n<\/ul>\n<\/li>\n<\/ul>\n<p>Kun sylinteriin kohdistetaan painetta, se jakautuu tasaisesti koko pinnalle, mik\u00e4 tekee siit\u00e4 kest\u00e4v\u00e4n muodonmuutokselle. T\u00e4m\u00e4 ominaisuus varmistaa, ett\u00e4 sylinteri s\u00e4ilytt\u00e4\u00e4 muotonsa ja rakenteellisen eheytens\u00e4 my\u00f6s \u00e4\u00e4rimm\u00e4isiss\u00e4 olosuhteissa.<\/p>\n<ul>\n<li style=\"list-style-type: none;\">\n<ul>\n<li><strong>Vuotojen ehk\u00e4isy:<\/strong> Hitsatut T-tyyppiset sylinterit on suunniteltu est\u00e4m\u00e4\u00e4n vuodot. Valmistusprosessissa k\u00e4ytetty hitsausprosessi varmistaa, ett\u00e4 sylinteri on t\u00e4ysin tiivis ja vapaa mahdollisista vuodoista. T\u00e4m\u00e4 ominaisuus tekee niist\u00e4 sopivia k\u00e4ytett\u00e4v\u00e4ksi sovelluksissa, joissa vuoto voi aiheuttaa vakavia vaurioita tai vammoja.<\/li>\n<\/ul>\n<\/li>\n<\/ul>\n<p>Hitsatut liitokset ovat sileit\u00e4, ilman rakoja tai uria, joihin roskat tai lika voisivat ker\u00e4\u00e4nty\u00e4, mik\u00e4 v\u00e4hent\u00e4\u00e4 korroosion ja sylinterin vaurioitumisen riski\u00e4.<\/p>\n<ul>\n<li style=\"list-style-type: none;\">\n<ul>\n<li><strong>Mukautettava:<\/strong> Hitsattuja T-tyyppisi\u00e4 sylintereit\u00e4 voidaan r\u00e4\u00e4t\u00e4l\u00f6id\u00e4 tiettyihin sovelluksiin. Sylintereit\u00e4 on saatavana eri kokoisina ja muotoisina, ja ne voidaan valmistaa vastaamaan sovelluksen erityisvaatimuksia.<\/li>\n<\/ul>\n<\/li>\n<\/ul>\n<p>R\u00e4\u00e4t\u00e4l\u00f6intiprosessi mahdollistaa sylinterin suorituskyvyn optimoinnin varmistaen, ett\u00e4 se sopii aiottuun k\u00e4ytt\u00f6tarkoitukseen. T\u00e4m\u00e4 ominaisuus tekee hitsatuista T-tyyppisist\u00e4 sylintereist\u00e4 ihanteellisia k\u00e4ytett\u00e4v\u00e4ksi erilaisissa teollisissa sovelluksissa, kuten rakentamisessa, kaivostoiminnassa ja materiaalink\u00e4sittelyss\u00e4.<\/p>\n<ul>\n<li style=\"list-style-type: none;\">\n<ul>\n<li><strong>Kustannustehokas:<\/strong> Hitsatut T-tyyppiset sylinterit ovat kustannustehokkaita verrattuna muuntyyppisiin sylintereihin. N\u00e4iden sylinterien valmistuksessa k\u00e4ytetty valmistusprosessi on yksinkertainen, mink\u00e4 ansiosta ne ovat halvempia kuin muuntyyppiset sylinterit.<\/li>\n<\/ul>\n<\/li>\n<\/ul>\n<p>Lis\u00e4ksi hitsattujen T-tyyppisten sylinterien korkea lujuus ja kest\u00e4vyys v\u00e4hent\u00e4v\u00e4t usein teht\u00e4vien korjausten ja vaihtojen tarvetta, mik\u00e4 s\u00e4\u00e4st\u00e4\u00e4 yll\u00e4pitokustannuksissa. T\u00e4m\u00e4 ominaisuus tekee niist\u00e4 suositun valinnan monilla toimialoilla, erityisesti niill\u00e4, joilla on rajallinen budjetti.<\/p>\n<ul>\n<li style=\"list-style-type: none;\">\n<ul>\n<li><strong>Lis\u00e4\u00e4ntynyt tehokkuus:<\/strong> Hitsatut T-tyyppiset sylinterit ovat eritt\u00e4in tehokkaita ja toimivia. Sylinterin rakenne varmistaa, ett\u00e4 k\u00e4ytetty voima siirtyy suoraan kuormaan, mik\u00e4 v\u00e4hent\u00e4\u00e4 energiah\u00e4vi\u00f6t\u00e4 ja lis\u00e4\u00e4 tehokkuutta.<\/li>\n<\/ul>\n<\/li>\n<\/ul>\n<p>Hitsatut liitokset ovat vahvoja ja j\u00e4ykki\u00e4, mik\u00e4 minimoi taipuman ja varmistaa, ett\u00e4 sylinteri s\u00e4ilytt\u00e4\u00e4 muotonsa ja rakenteellisen eheytens\u00e4 my\u00f6s \u00e4\u00e4rimm\u00e4isiss\u00e4 olosuhteissa. T\u00e4m\u00e4 ominaisuus tekee hitsatuista T-tyyppisist\u00e4 sylintereist\u00e4 ihanteellisia k\u00e4ytett\u00e4v\u00e4ksi sovelluksissa, jotka vaativat korkeaa hy\u00f6tysuhdetta ja luotettavuutta.<\/p>\n<h2>Hitsatun T-tyyppisen sylinterin k\u00e4ytt\u00f6<\/h2>\n<p>Hitsattu T-kappale on hydraulinen sylinterityyppi, jota k\u00e4ytet\u00e4\u00e4n yleisesti teollisissa sovelluksissa. Se on suunniteltu tarjoamaan suuri voima kompaktissa ja kustannustehokkaassa paketissa. T\u00e4m\u00e4n tyyppinen sylinteri koostuu hitsatusta T-kappaleesta ja T-kappaleeseen kiinnitetyst\u00e4 m\u00e4nn\u00e4nvarresta. T-kappale on yhdistetty sylinterin runkoon ja sis\u00e4lt\u00e4\u00e4 m\u00e4nn\u00e4n, joka liikkuu edestakaisin rungon sis\u00e4ll\u00e4 voiman tuottamiseksi.<\/p>\n<p><img loading=\"lazy\" decoding=\"async\" class=\"size-full wp-image-977 aligncenter\" src=\"https:\/\/fmp-components.com\/wp-content\/uploads\/2024\/12\/Welded-Tee-Type-Cylinder3.webp\" alt=\"Hitsattu T-tyyppinen sylinteri\" width=\"653\" height=\"600\" title=\"\" srcset=\"https:\/\/fmp-components.com\/wp-content\/uploads\/2024\/12\/Welded-Tee-Type-Cylinder3.webp 653w, https:\/\/fmp-components.com\/wp-content\/uploads\/2024\/12\/Welded-Tee-Type-Cylinder3-480x441.webp 480w\" sizes=\"(min-width: 0px) and (max-width: 480px) 480px, (min-width: 481px) 653px, 100vw\" \/><\/p>\n<h3>Hitsatun T-tyyppisen sylinterin edut<\/h3>\n<p>Hitsatun T-tyyppisen sylinterin k\u00e4yt\u00f6ll\u00e4 teollisissa sovelluksissa on useita etuja:<\/p>\n<ul>\n<li><b>Kompakti muotoilu:<\/b> Hitsatut T-tyyppiset sylinterit on suunniteltu kompakteiksi, mik\u00e4 tekee niist\u00e4 ihanteellisia k\u00e4ytett\u00e4v\u00e4ksi sovelluksissa, joissa tilaa on rajoitetusti.<\/li>\n<li><b>Korkea hy\u00f6tysuhde:<\/b> Hitsatut T-tyyppiset sylinterit ovat eritt\u00e4in tehokkaita, mik\u00e4 tarkoittaa, ett\u00e4 ne voivat tuottaa suuren m\u00e4\u00e4r\u00e4n voimaa minimaalisella energiankulutuksella.<\/li>\n<li><b>Kest\u00e4v\u00e4:<\/b> Hitsatut T-tyyppiset sylinterit on suunniteltu eritt\u00e4in kest\u00e4viksi, mik\u00e4 tarkoittaa, ett\u00e4 ne kest\u00e4v\u00e4t ankaria k\u00e4ytt\u00f6olosuhteita ja ovat pitk\u00e4ik\u00e4isi\u00e4.<\/li>\n<li><b>Kustannustehokas:<\/b> Hitsatut T-tyyppiset sylinterit ovat kustannustehokkaita, mik\u00e4 tarkoittaa hyv\u00e4\u00e4 vastinetta rahalle.<\/li>\n<\/ul>\n<h3>Hitsatun T-tyyppisen sylinterin sovellukset<\/h3>\n<p>Hitsattujen T-tyyppisten sylintereiden sovelluksia on monia eri teollisuudenaloilla, mukaan lukien:<\/p>\n<ul>\n<li><b>Valmistus:<\/b> Hitsattuja T-tyyppisi\u00e4 sylintereit\u00e4 k\u00e4ytet\u00e4\u00e4n valmistuksessa koneiden k\u00e4ytt\u00e4miseen, raskaiden kuormien siirt\u00e4miseen ja metalliosien muotoiluun.<\/li>\n<li><b>Maatalous:<\/b> Hitsattuja T-tyyppisi\u00e4 sylintereit\u00e4 k\u00e4ytet\u00e4\u00e4n maataloudessa traktoreiden, puimureiden ja muiden maatalouslaitteiden hydraulij\u00e4rjestelmien k\u00e4ytt\u00e4miseen.<\/li>\n<li><b>Rakentaminen:<\/b> Hitsattuja T-tyyppisi\u00e4 sylintereit\u00e4 k\u00e4ytet\u00e4\u00e4n rakennusalalla koneiden, kuten nostureiden, kaivinkoneiden ja kaivinkoneiden, k\u00e4ytt\u00e4miseen.<\/li>\n<li><b>Kaivostoiminta:<\/b> Hitsattuja T-tyyppisi\u00e4 sylintereit\u00e4 k\u00e4ytet\u00e4\u00e4n kaivosteollisuudessa hydraulisten j\u00e4rjestelmien k\u00e4ytt\u00e4miseen raskaissa laitteissa, kuten puskutraktoreissa, kuormaajissa ja kallioporakoneissa.<\/li>\n<li><b>Kuljetus:<\/b> Hitsattuja T-tyyppisi\u00e4 sylintereit\u00e4 k\u00e4ytet\u00e4\u00e4n kuljetuksessa hydraulij\u00e4rjestelmien k\u00e4ytt\u00e4miseen kuorma-autoissa, linja-autoissa ja muissa ajoneuvoissa.<\/li>\n<\/ul>\n<p>Hitsatut T-tyyppiset sylinterit ovat t\u00e4rke\u00e4 osa monissa teollisissa sovelluksissa. Ne on suunniteltu kompakteiksi, tehokkaiksi, kest\u00e4viksi ja kustannustehokkaiksi, mik\u00e4 tekee niist\u00e4 ihanteellisen valinnan monenlaisiin sovelluksiin. K\u00e4ytitp\u00e4 sitten koneita tuotantolaitoksessa, maatalouskoneita maatilalla tai raskaita laitteita kaivoksessa, hitsatut T-tyyppiset sylinterit voivat auttaa sinua suorittamaan ty\u00f6t tehokkaasti ja tuloksellisesti.<\/p>\n<p><img loading=\"lazy\" decoding=\"async\" class=\"size-full wp-image-974 aligncenter\" src=\"https:\/\/fmp-components.com\/wp-content\/uploads\/2024\/12\/application-of-Welded-Tee-Type-Cylinder.webp\" alt=\"hitsatun T-tyyppisen sylinterin k\u00e4ytt\u00f6\" width=\"760\" height=\"860\" title=\"\" srcset=\"https:\/\/fmp-components.com\/wp-content\/uploads\/2024\/12\/application-of-Welded-Tee-Type-Cylinder.webp 760w, https:\/\/fmp-components.com\/wp-content\/uploads\/2024\/12\/application-of-Welded-Tee-Type-Cylinder-480x543.webp 480w\" sizes=\"(min-width: 0px) and (max-width: 480px) 480px, (min-width: 481px) 760px, 100vw\" \/><\/p>\n<h3>Tietoja FMP:st\u00e4<\/h3>\n<p>Yli 30 vuotta toiminut FMP on johtava hydraulisylintereiden valmistaja ja toimittaja. Teollisuusalueemme sijaitsee Italiassa, ja olemme ylpeit\u00e4 laajasta tuotevalikoimastamme ja edistyneest\u00e4 laitteistostamme, joka k\u00e4sitt\u00e4\u00e4 yli 100 yksikk\u00f6\u00e4.<\/p>\n<p>Huippuluokan konekantaamme kuuluu automaattisia kaasusuojattuja hitsauskoneita, syv\u00e4reik\u00e4porauskoneita, CNC-sorveja, sylinterihiomakoneita, automaattisia puhdistuskoneita, automaattisia asennuskoneita, automaattisia hydraulisylinterien suorituskyvyn testauspenkkej\u00e4 ja automaattisia maalauslinjoja. Jokainen hydraulisylinteri, mukaan lukien hydraulisylinterin korvakorusylinteri ja kaksisuuntainen automaattinen teleskooppinen hydraulisylinteri, k\u00e4y l\u00e4pi perusteellisen k\u00e4sittelyn ja tarkastuksen varmistaaksemme asiakkaillemme erinomaisen laadun.<\/p>\n<p>T\u00e4ss\u00e4 on viisi t\u00e4rkeint\u00e4 etua FMP:n valitsemisesta:<\/p>\n<ol>\n<li><strong>Suunnittelupalvelu:<\/strong> Kokenut suunnittelutiimimme on taitava nivelakseleiden tuotesuunnittelussa ja -kehityksess\u00e4. Tarvitsetpa sitten uusia tuotteita tai parannuksia olemassa oleviin, olemme t\u00e4\u00e4ll\u00e4 tukemassa sinua koko prosessin ajan.<\/li>\n<li><strong>Tuotepalvelu:<\/strong> Kattava tuotepalvelumme kattaa huolellisen tuotantoprosessin, johon kuuluu raaka-aineiden hankinta, leikkaus, karkea k\u00e4sittely, testaus, puhdistus, kokoonpano, pakkaaminen ja kuljetus. Omistautuneen yksityiskohtiin panostamme varmistaaksemme, ett\u00e4 tuotteemme ovat korkealaatuisia.<\/li>\n<li><strong>N\u00e4yteprosessi:<\/strong> Tarjoamme n\u00e4ytteiden kehitt\u00e4mist\u00e4 erityisvaatimustesi mukaisesti. Olemme sitoutuneet jatkuvasti muokkaamaan n\u00e4ytteit\u00e4 tarpeidesi mukaan varmistaaksemme, ett\u00e4 saat tuotteita, jotka vastaavat t\u00e4ydellisesti odotuksiasi.<\/li>\n<li><strong>Tutkimus ja kehitys:<\/strong> FMP:ll\u00e4 tutkimme jatkuvasti markkinoita ja pysymme ajan tasalla uusista trendeist\u00e4 ja vaatimuksista. T\u00e4m\u00e4 mahdollistaa uusien mallien ja mallien kehitt\u00e4misen varmistaen, ett\u00e4 tuotteemme t\u00e4ytt\u00e4v\u00e4t alan uusimmat standardit ja vaatimukset.<\/li>\n<li><strong>Mukauttaminen:<\/strong> Yrityksemme on erikoistunut erityyppisten hydraulisylintereiden tuotantoon ja myyntiin, ja otamme mielell\u00e4mme vastaan \u200b\u200bmy\u00f6s mittatilausty\u00f6n\u00e4 tehtyj\u00e4 tilauksia. Tarvitsetpa sitten tietyn kokoisia, muotoisia tai toimivia sylinterityyppej\u00e4, meill\u00e4 on asiantuntemusta ja joustavuutta t\u00e4ytt\u00e4\u00e4 ainutlaatuiset vaatimuksesi.<\/li>\n<\/ol>\n<p><img decoding=\"async\" src=\"https:\/\/fmp-components.com\/wp-content\/uploads\/2024\/12\/fmp-factory-4.webp\" alt=\"FMP-tehdas\" width=\"800\" title=\"\"><\/p>\n<h2>Kysymykset ja vastaukset<\/h2>\n<p>K: Mik\u00e4 on 10020-hydraulisylinterin kuormankantokyky?<\/p>\n<p>A: Kantavuus on mallikohtainen.<\/p>\n<p>K: Kuinka usein hydrauliikka\u00f6ljy on vaihdettava?<\/p>\n<p>A: Se riippuu pitk\u00e4lti k\u00e4yt\u00f6st\u00e4, mutta suosittelemme \u00f6ljytason tarkistamista s\u00e4\u00e4nn\u00f6llisesti optimaalisen suorituskyvyn saavuttamiseksi.<\/p>\n<p>K: Miten hydraulisylinteri mitataan?<\/p>\n<p>A: Voit mitata hydraulisylinterin sen porauksen, iskun ja m\u00e4nn\u00e4n halkaisijan perusteella.<\/p>\n<p>K: Miten hydraulisylinteri toimii?<\/p>\n<p>A: Hydraulisylinteri toimii paineistamalla hydraulinestett\u00e4 tuottaakseen lineaarista voimaa ja liikett\u00e4.<\/p>\n<p>K: Voinko mukauttaa tilaustani?<\/p>\n<p>V: Kyll\u00e4, FMP:ll\u00e4 toivotamme asiakkaat tervetulleiksi r\u00e4\u00e4t\u00e4l\u00f6im\u00e4\u00e4n tilauksiaan vaatimustensa mukaan.<\/p>\n<p><img loading=\"lazy\" decoding=\"async\" class=\"\" src=\"https:\/\/hzpt.com\/wp-content\/uploads\/2023\/12\/random-6.webp\" alt=\"FMP-tehdas\" width=\"836\" height=\"634\" title=\"\"><\/p>\n<p>Tekij\u00e4: CX<\/p>","protected":false},"excerpt":{"rendered":"<p>The 10020 Professional Tow Truck Double Acting Hydraulic Cylinder is engineered for optimal performance and reliability in towing applications. Designed to handle the demanding conditions of tow truck operations, this hydraulic cylinder provides powerful lifting and lowering capabilities, ensuring efficiency and safety in all tasks. Key Features: Double Acting Mechanism: Allows for smooth operation in [&hellip;]<\/p>","protected":false},"featured_media":1133,"comment_status":"closed","ping_status":"closed","template":"","meta":{"_et_pb_use_builder":"","_et_pb_old_content":"","_et_gb_content_width":""},"product_brand":[],"product_cat":[31],"product_tag":[34,35],"class_list":{"0":"post-940","1":"product","2":"type-product","3":"status-publish","4":"has-post-thumbnail","6":"product_cat-welded-tee-type-cylinder","7":"product_tag-hydraulic-cylinder","8":"product_tag-welded-tee-type-cylinder","10":"first","11":"instock","12":"product-type-simple"},"_links":{"self":[{"href":"https:\/\/fmp-components.com\/fi\/wp-json\/wp\/v2\/product\/940","targetHints":{"allow":["GET"]}}],"collection":[{"href":"https:\/\/fmp-components.com\/fi\/wp-json\/wp\/v2\/product"}],"about":[{"href":"https:\/\/fmp-components.com\/fi\/wp-json\/wp\/v2\/types\/product"}],"replies":[{"embeddable":true,"href":"https:\/\/fmp-components.com\/fi\/wp-json\/wp\/v2\/comments?post=940"}],"wp:featuredmedia":[{"embeddable":true,"href":"https:\/\/fmp-components.com\/fi\/wp-json\/wp\/v2\/media\/1133"}],"wp:attachment":[{"href":"https:\/\/fmp-components.com\/fi\/wp-json\/wp\/v2\/media?parent=940"}],"wp:term":[{"taxonomy":"product_brand","embeddable":true,"href":"https:\/\/fmp-components.com\/fi\/wp-json\/wp\/v2\/product_brand?post=940"},{"taxonomy":"product_cat","embeddable":true,"href":"https:\/\/fmp-components.com\/fi\/wp-json\/wp\/v2\/product_cat?post=940"},{"taxonomy":"product_tag","embeddable":true,"href":"https:\/\/fmp-components.com\/fi\/wp-json\/wp\/v2\/product_tag?post=940"}],"curies":[{"name":"wp","href":"https:\/\/api.w.org\/{rel}","templated":true}]}}