{"id":936,"date":"2024-12-19T03:39:00","date_gmt":"2024-12-19T03:39:00","guid":{"rendered":"https:\/\/fmp-components.com\/product\/10016-hot-selling-trailer-hydraulic-cylinder-for-agriculture\/"},"modified":"2024-12-19T09:03:54","modified_gmt":"2024-12-19T09:03:54","slug":"10016-hot-selling-trailer-hydraulic-cylinder-for-agriculture","status":"publish","type":"product","link":"https:\/\/fmp-components.com\/fi\/product\/10016-hot-selling-trailer-hydraulic-cylinder-for-agriculture\/","title":{"rendered":"10016 Kuuma myynti per\u00e4vaunun hydraulisylinteri maatalouteen"},"content":{"rendered":"<p>10016-per\u00e4vaunun eritt\u00e4in suosittu hydraulisylinteri on asiantuntevasti suunniteltu parantamaan maatalousper\u00e4vaunujen toimivuutta ja tarjoamaan luotettavaa suorituskyky\u00e4 ja kest\u00e4vyytt\u00e4. T\u00e4m\u00e4 hydraulisylinteri on olennainen osa maanviljelij\u00f6ille, jotka haluavat maksimoida tehokkuuden ja helppok\u00e4ytt\u00f6isyyden maataloustoiminnassaan.<\/p>\n<h4>T\u00e4rkeimm\u00e4t ominaisuudet:<\/h4>\n<ul>\n<li><strong>Tehokas hydraulinen suorituskyky:<\/strong><br \/>\n10016-hydraulisylinteri on suunniteltu optimaalista hydraulinesteen suorituskyky\u00e4 varten, mik\u00e4 varmistaa sujuvan ja tehokkaan toiminnan per\u00e4vaunujen lavan nostamisessa ja laskemisessa. T\u00e4m\u00e4 tehokkuus on ratkaisevan t\u00e4rke\u00e4\u00e4 nopeaa lastausta ja purkua varten, mik\u00e4 parantaa kokonaistuottavuutta.<\/li>\n<li><strong>Kest\u00e4v\u00e4 rakenne:<\/strong><br \/>\nKorkealaatuisista materiaaleista valmistettu hydraulisylinteri on rakennettu kest\u00e4m\u00e4\u00e4n maatalousymp\u00e4rist\u00f6jen vaativat olosuhteet. Sen kest\u00e4v\u00e4 rakenne varmistaa pitk\u00e4ik\u00e4isen suorituskyvyn my\u00f6s raskaissa kuormissa ja usein toistuvassa k\u00e4yt\u00f6ss\u00e4.<\/li>\n<li><strong>Monipuoliset sovellukset:<\/strong><br \/>\nErityisesti maatalousper\u00e4vaunuja varten suunniteltu hydraulisylinteri on riitt\u00e4v\u00e4n monipuolinen k\u00e4ytett\u00e4v\u00e4ksi erilaisissa sovelluksissa, kuten hein\u00e4nkuljetuksessa, karjan kuljetuksessa ja yleisiss\u00e4 maatalousteht\u00e4viss\u00e4. Sen muunneltavuus tekee siit\u00e4 arvokkaan lis\u00e4n mihin tahansa maataloustoimintaan.<\/li>\n<li><strong>K\u00e4ytt\u00e4j\u00e4yst\u00e4v\u00e4llinen muotoilu:<\/strong><br \/>\n10016-sylinterin intuitiivinen muotoilu yksinkertaistaa asennusta ja k\u00e4ytt\u00f6\u00e4. Se on yhteensopiva useiden per\u00e4vaunumallien kanssa, joten viljelij\u00e4t voivat helposti p\u00e4ivitt\u00e4\u00e4 laitteitaan ilman laajoja muutoksia.<\/li>\n<li><strong>Myydyin tuote:<\/strong><br \/>\nTodistetun suorituskykyns\u00e4 ja luotettavuutensa ansiosta 10016-hydraulisylinterist\u00e4 on tullut myyntimenestys maatalousalan ammattilaisten keskuudessa. Sen suosio on osoitus sen laadusta ja tehokkuudesta maataloustoiminnan parantamisessa.<\/li>\n<\/ul>\n<p><img loading=\"lazy\" decoding=\"async\" class=\"size-full wp-image-976 aligncenter\" src=\"https:\/\/fmp-components.com\/wp-content\/uploads\/2024\/12\/Welded-Tee-Type-Cylinder2.webp\" alt=\"Hitsattu T-tyyppinen sylinteri\" width=\"764\" height=\"675\" title=\"\" srcset=\"https:\/\/fmp-components.com\/wp-content\/uploads\/2024\/12\/Welded-Tee-Type-Cylinder2.webp 764w, https:\/\/fmp-components.com\/wp-content\/uploads\/2024\/12\/Welded-Tee-Type-Cylinder2-480x424.webp 480w\" sizes=\"(min-width: 0px) and (max-width: 480px) 480px, (min-width: 481px) 764px, 100vw\" \/><\/p>\n<h4>Tekniset tiedot:<\/h4>\n<table style=\"width: 97.9238%; height: 185px;\">\n<thead>\n<tr style=\"height: 23px;\">\n<th style=\"height: 23px;\">Tekniset tiedot<\/th>\n<th style=\"height: 23px;\">Kuvaus<\/th>\n<\/tr>\n<\/thead>\n<tbody>\n<tr style=\"height: 23px;\">\n<td style=\"height: 23px;\"><strong>Rei\u00e4n koko<\/strong><\/td>\n<td style=\"height: 23px;\">Mukautettava<\/td>\n<\/tr>\n<tr style=\"height: 23px;\">\n<td style=\"height: 23px;\"><strong>Iskun pituus<\/strong><\/td>\n<td style=\"height: 23px;\">Erilaisia \u200b\u200bvaihtoehtoja saatavilla<\/td>\n<\/tr>\n<tr style=\"height: 23px;\">\n<td style=\"height: 23px;\"><strong>Maksimipaine<\/strong><\/td>\n<td style=\"height: 23px;\">Jopa 3000 PSI:t\u00e4<\/td>\n<\/tr>\n<tr style=\"height: 23px;\">\n<td style=\"height: 23px;\"><strong>Materiaali<\/strong><\/td>\n<td style=\"height: 23px;\">Korkealaatuinen ter\u00e4s tai alumiini<\/td>\n<\/tr>\n<tr style=\"height: 23px;\">\n<td style=\"height: 23px;\"><strong>Yhteystyyppi<\/strong><\/td>\n<td style=\"height: 23px;\">Laipallinen tai kierteinen<\/td>\n<\/tr>\n<\/tbody>\n<\/table>\n<h4>Toimintaperiaate:<\/h4>\n<p>10016-per\u00e4vaunun hydraulisylinteri toimii hydraulinesteen paineen periaatteella. Kun hydraulinestett\u00e4 pumpataan sylinteriin, se kohdistaa voimaa m\u00e4nt\u00e4\u00e4n, mik\u00e4 mahdollistaa per\u00e4vaunun lavan hallitun nostamisen ja laskemisen. T\u00e4m\u00e4 tehokas voimansiirto varmistaa, ett\u00e4 maanviljelij\u00e4t voivat k\u00e4sitell\u00e4 raskaita kuormia helposti ja tarkasti.<\/p>\n<p>10016-per\u00e4vaunun hydraulisylinteri on luotettava ja tehokas ratkaisu maatalousper\u00e4vaunujen toiminnan parantamiseen. Sen kest\u00e4v\u00e4 rakenne, k\u00e4ytt\u00e4j\u00e4yst\u00e4v\u00e4llinen muotoilu ja monipuolisuus tekev\u00e4t siit\u00e4 v\u00e4ltt\u00e4m\u00e4tt\u00f6m\u00e4n ty\u00f6kalun maanviljelij\u00f6ille, jotka haluavat parantaa tuottavuuttaan ja tehokkuuttaan pellolla.<\/p>\n<h3>Usein kysytyt kysymykset<\/h3>\n<p>\u2013 Voivatko per\u00e4vaunun hydraulisylintereit\u00e4 mukauttaa?<br \/>\nKyll\u00e4, tarjoamme r\u00e4\u00e4t\u00e4l\u00f6inti\u00e4 spesifikaatioidesi ja vaatimustesi mukaan.<\/p>\n<p>\u2013 Mik\u00e4 on per\u00e4vaunun hydraulisylinterin kantokyky?<br \/>\nKantavuus riippuu mallista. Katso lis\u00e4tietoja tuotteen tiedoista.<\/p>\n<p>\u2013 Miten per\u00e4vaunun hydraulisylinteri toimii?<br \/>\nHydraulisylinterit toimivat nestemekaniikan periaatteella. Kun sylinteriss\u00e4 olevaan nesteeseen kohdistetaan paine, se luo voiman, joka voi liikuttaa raskaita esineit\u00e4.<\/p>\n<p>\u2013 Mik\u00e4 on n\u00e4iden sylinterien energiatehokkuus?<br \/>\nPer\u00e4vaunujemme hydraulisylinterit on suunniteltu kuluttamaan v\u00e4hemm\u00e4n energiaa, mik\u00e4 tekee niist\u00e4 kustannustehokkaita ja ymp\u00e4rist\u00f6yst\u00e4v\u00e4llisi\u00e4.<\/p>\n<p>\u2013 Ovatko n\u00e4m\u00e4 sylinterit turvallisia?<br \/>\nKyll\u00e4, sylinterimme on valmistettu huippulaatuisista materiaaleista ja edistyneell\u00e4 teknologialla, mik\u00e4 takaa turvallisen ja luotettavan suorituskyvyn.<\/p>\n<h2>Hitsatun T-tyyppisen sylinterin edut<\/h2>\n<ul>\n<li style=\"list-style-type: none;\">\n<ul>\n<li><strong>Lis\u00e4\u00e4ntynyt voima:<\/strong> Hitsatut T-tyyppiset sylinterit tunnetaan suuresta lujuudestaan, mink\u00e4 ansiosta ne sopivat raskasta nostoa vaativiin sovelluksiin. N\u00e4iden sylinterien valmistuksessa k\u00e4ytetty hitsausprosessi varmistaa, ett\u00e4 sylinteriss\u00e4 ei ole heikkoja kohtia ja se kest\u00e4\u00e4 suurta painetta ja rasitusta.<\/li>\n<\/ul>\n<\/li>\n<\/ul>\n<p>Kun sylinteriin kohdistetaan painetta, se jakautuu tasaisesti koko pinnalle, mik\u00e4 tekee siit\u00e4 kest\u00e4v\u00e4n muodonmuutokselle. T\u00e4m\u00e4 ominaisuus varmistaa, ett\u00e4 sylinteri s\u00e4ilytt\u00e4\u00e4 muotonsa ja rakenteellisen eheytens\u00e4 my\u00f6s \u00e4\u00e4rimm\u00e4isiss\u00e4 olosuhteissa.<\/p>\n<ul>\n<li style=\"list-style-type: none;\">\n<ul>\n<li><strong>Vuotojen ehk\u00e4isy:<\/strong> Hitsatut T-tyyppiset sylinterit on suunniteltu est\u00e4m\u00e4\u00e4n vuodot. Valmistusprosessissa k\u00e4ytetty hitsausprosessi varmistaa, ett\u00e4 sylinteri on t\u00e4ysin tiivis ja vapaa mahdollisista vuodoista. T\u00e4m\u00e4 ominaisuus tekee niist\u00e4 sopivia k\u00e4ytett\u00e4v\u00e4ksi sovelluksissa, joissa vuoto voi aiheuttaa vakavia vaurioita tai vammoja.<\/li>\n<\/ul>\n<\/li>\n<\/ul>\n<p>Hitsatut liitokset ovat sileit\u00e4, ilman rakoja tai uria, joihin roskat tai lika voisivat ker\u00e4\u00e4nty\u00e4, mik\u00e4 v\u00e4hent\u00e4\u00e4 korroosion ja sylinterin vaurioitumisen riski\u00e4.<\/p>\n<ul>\n<li style=\"list-style-type: none;\">\n<ul>\n<li><strong>Mukautettava:<\/strong> Hitsattuja T-tyyppisi\u00e4 sylintereit\u00e4 voidaan r\u00e4\u00e4t\u00e4l\u00f6id\u00e4 tiettyihin sovelluksiin. Sylintereit\u00e4 on saatavana eri kokoisina ja muotoisina, ja ne voidaan valmistaa vastaamaan sovelluksen erityisvaatimuksia.<\/li>\n<\/ul>\n<\/li>\n<\/ul>\n<p>R\u00e4\u00e4t\u00e4l\u00f6intiprosessi mahdollistaa sylinterin suorituskyvyn optimoinnin varmistaen, ett\u00e4 se sopii aiottuun k\u00e4ytt\u00f6tarkoitukseen. T\u00e4m\u00e4 ominaisuus tekee hitsatuista T-tyyppisist\u00e4 sylintereist\u00e4 ihanteellisia k\u00e4ytett\u00e4v\u00e4ksi erilaisissa teollisissa sovelluksissa, kuten rakentamisessa, kaivostoiminnassa ja materiaalink\u00e4sittelyss\u00e4.<\/p>\n<ul>\n<li style=\"list-style-type: none;\">\n<ul>\n<li><strong>Kustannustehokas:<\/strong> Hitsatut T-tyyppiset sylinterit ovat kustannustehokkaita verrattuna muuntyyppisiin sylintereihin. N\u00e4iden sylinterien valmistuksessa k\u00e4ytetty valmistusprosessi on yksinkertainen, mink\u00e4 ansiosta ne ovat halvempia kuin muuntyyppiset sylinterit.<\/li>\n<\/ul>\n<\/li>\n<\/ul>\n<p>Lis\u00e4ksi hitsattujen T-tyyppisten sylinterien korkea lujuus ja kest\u00e4vyys v\u00e4hent\u00e4v\u00e4t usein teht\u00e4vien korjausten ja vaihtojen tarvetta, mik\u00e4 s\u00e4\u00e4st\u00e4\u00e4 yll\u00e4pitokustannuksissa. T\u00e4m\u00e4 ominaisuus tekee niist\u00e4 suositun valinnan monilla toimialoilla, erityisesti niill\u00e4, joilla on rajallinen budjetti.<\/p>\n<ul>\n<li style=\"list-style-type: none;\">\n<ul>\n<li><strong>Lis\u00e4\u00e4ntynyt tehokkuus:<\/strong> Hitsatut T-tyyppiset sylinterit ovat eritt\u00e4in tehokkaita ja toimivia. Sylinterin rakenne varmistaa, ett\u00e4 k\u00e4ytetty voima siirtyy suoraan kuormaan, mik\u00e4 v\u00e4hent\u00e4\u00e4 energiah\u00e4vi\u00f6t\u00e4 ja lis\u00e4\u00e4 tehokkuutta.<\/li>\n<\/ul>\n<\/li>\n<\/ul>\n<p>Hitsatut liitokset ovat vahvoja ja j\u00e4ykki\u00e4, mik\u00e4 minimoi taipuman ja varmistaa, ett\u00e4 sylinteri s\u00e4ilytt\u00e4\u00e4 muotonsa ja rakenteellisen eheytens\u00e4 my\u00f6s \u00e4\u00e4rimm\u00e4isiss\u00e4 olosuhteissa. T\u00e4m\u00e4 ominaisuus tekee hitsatuista T-tyyppisist\u00e4 sylintereist\u00e4 ihanteellisia k\u00e4ytett\u00e4v\u00e4ksi sovelluksissa, jotka vaativat korkeaa hy\u00f6tysuhdetta ja luotettavuutta.<\/p>\n<h2>Hitsatun T-tyyppisen sylinterin k\u00e4ytt\u00f6<\/h2>\n<h3>Johdanto<\/h3>\n<p>Hitsattu T-kappale on hydraulinen sylinterityyppi, jota k\u00e4ytet\u00e4\u00e4n yleisesti teollisissa sovelluksissa. Se on suunniteltu tarjoamaan suuri voima kompaktissa ja kustannustehokkaassa paketissa. T\u00e4m\u00e4n tyyppinen sylinteri koostuu hitsatusta T-kappaleesta ja T-kappaleeseen kiinnitetyst\u00e4 m\u00e4nn\u00e4nvarresta. T-kappale on yhdistetty sylinterin runkoon ja sis\u00e4lt\u00e4\u00e4 m\u00e4nn\u00e4n, joka liikkuu edestakaisin rungon sis\u00e4ll\u00e4 voiman tuottamiseksi.<\/p>\n<h3>Hitsatun T-tyyppisen sylinterin edut<\/h3>\n<p>Hitsatun T-tyyppisen sylinterin k\u00e4yt\u00f6ll\u00e4 teollisissa sovelluksissa on useita etuja:<\/p>\n<ul>\n<li><b>Kompakti muotoilu:<\/b> Hitsatut T-tyyppiset sylinterit on suunniteltu kompakteiksi, mik\u00e4 tekee niist\u00e4 ihanteellisia k\u00e4ytett\u00e4v\u00e4ksi sovelluksissa, joissa tilaa on rajoitetusti.<\/li>\n<li><b>Korkea hy\u00f6tysuhde:<\/b> Hitsatut T-tyyppiset sylinterit ovat eritt\u00e4in tehokkaita, mik\u00e4 tarkoittaa, ett\u00e4 ne voivat tuottaa suuren m\u00e4\u00e4r\u00e4n voimaa minimaalisella energiankulutuksella.<\/li>\n<li><b>Kest\u00e4v\u00e4:<\/b> Hitsatut T-tyyppiset sylinterit on suunniteltu eritt\u00e4in kest\u00e4viksi, mik\u00e4 tarkoittaa, ett\u00e4 ne kest\u00e4v\u00e4t ankaria k\u00e4ytt\u00f6olosuhteita ja ovat pitk\u00e4ik\u00e4isi\u00e4.<\/li>\n<li><b>Kustannustehokas:<\/b> Hitsatut T-tyyppiset sylinterit ovat kustannustehokkaita, mik\u00e4 tarkoittaa hyv\u00e4\u00e4 vastinetta rahalle.<\/li>\n<\/ul>\n<h3>Hitsatun T-tyyppisen sylinterin sovellukset<\/h3>\n<p>Hitsattujen T-tyyppisten sylintereiden sovelluksia on monia eri teollisuudenaloilla, mukaan lukien:<\/p>\n<ul>\n<li><b>Valmistus:<\/b> Hitsattuja T-tyyppisi\u00e4 sylintereit\u00e4 k\u00e4ytet\u00e4\u00e4n valmistuksessa koneiden k\u00e4ytt\u00e4miseen, raskaiden kuormien siirt\u00e4miseen ja metalliosien muotoiluun.<\/li>\n<li><b>Maatalous:<\/b> Hitsattuja T-tyyppisi\u00e4 sylintereit\u00e4 k\u00e4ytet\u00e4\u00e4n maataloudessa traktoreiden, puimureiden ja muiden maatalouslaitteiden hydraulij\u00e4rjestelmien k\u00e4ytt\u00e4miseen.<\/li>\n<li><b>Rakentaminen:<\/b> Hitsattuja T-tyyppisi\u00e4 sylintereit\u00e4 k\u00e4ytet\u00e4\u00e4n rakennusalalla koneiden, kuten nostureiden, kaivinkoneiden ja kaivinkoneiden, k\u00e4ytt\u00e4miseen.<\/li>\n<li><b>Kaivostoiminta:<\/b> Hitsattuja T-tyyppisi\u00e4 sylintereit\u00e4 k\u00e4ytet\u00e4\u00e4n kaivosteollisuudessa hydraulisten j\u00e4rjestelmien k\u00e4ytt\u00e4miseen raskaissa laitteissa, kuten puskutraktoreissa, kuormaajissa ja kallioporakoneissa.<\/li>\n<li><b>Kuljetus:<\/b> Hitsattuja T-tyyppisi\u00e4 sylintereit\u00e4 k\u00e4ytet\u00e4\u00e4n kuljetuksessa hydraulij\u00e4rjestelmien k\u00e4ytt\u00e4miseen kuorma-autoissa, linja-autoissa ja muissa ajoneuvoissa.<\/li>\n<\/ul>\n<p>Yhteenvetona voidaan todeta, ett\u00e4 hitsatut T-tyyppiset sylinterit ovat t\u00e4rke\u00e4 komponentti monissa teollisissa sovelluksissa. Ne on suunniteltu kompakteiksi, tehokkaiksi, kest\u00e4viksi ja kustannustehokkaiksi, mik\u00e4 tekee niist\u00e4 ihanteellisen valinnan monenlaisiin sovelluksiin. K\u00e4ytitp\u00e4 sitten koneita tuotantolaitoksessa, maatalouskoneita maatilalla tai raskaita laitteita kaivoksessa, hitsatut T-tyyppiset sylinterit voivat auttaa sinua suorittamaan ty\u00f6t tehokkaasti ja tuloksellisesti.<\/p>\n<p><img loading=\"lazy\" decoding=\"async\" class=\"size-full wp-image-974 aligncenter\" src=\"https:\/\/fmp-components.com\/wp-content\/uploads\/2024\/12\/application-of-Welded-Tee-Type-Cylinder.webp\" alt=\"hitsatun T-tyyppisen sylinterin k\u00e4ytt\u00f6\" width=\"760\" height=\"860\" title=\"\" srcset=\"https:\/\/fmp-components.com\/wp-content\/uploads\/2024\/12\/application-of-Welded-Tee-Type-Cylinder.webp 760w, https:\/\/fmp-components.com\/wp-content\/uploads\/2024\/12\/application-of-Welded-Tee-Type-Cylinder-480x543.webp 480w\" sizes=\"(min-width: 0px) and (max-width: 480px) 480px, (min-width: 481px) 760px, 100vw\" \/><\/p>\n<h3>Tietoja FMP:st\u00e4<\/h3>\n<p>FMP, jolla on yli 30 vuoden kokemus Italiasta, on johtava erityyppisten hydraulisylintereiden valmistaja ja myyj\u00e4. Olemme ylpeit\u00e4 voidessamme tarjota r\u00e4\u00e4t\u00e4l\u00f6ityj\u00e4 ratkaisuja asiakkaidemme ainutlaatuisten tarpeiden t\u00e4ytt\u00e4miseksi. Yli 100 huippuluokan laitteella, mukaan lukien automaattiset kaasusuojatut hitsauskoneet, syv\u00e4reik\u00e4porauskoneet, CNC-sorvit, sylinterihiomakoneet, automaattiset puhdistuskoneet, automaattiset asennuskoneet, automaattiset hydraulisylintereiden suorituskyvyn testauspenkit ja automaattiset maalauslinjat, varmistamme tuotteidemme korkeimmat laatustandardit.<\/p>\n<p><strong>1) Suunnittelupalvelu:<\/strong> Kokenut suunnittelutiimimme on taitava tuotesuunnittelussa ja -kehityksess\u00e4. Tarvitsetpa sitten uusia tuotteita tai parannuksia olemassa oleviin, olemme t\u00e4\u00e4ll\u00e4 tukenasi.<\/p>\n<p><strong>2) Tuotepalvelu:<\/strong> Raaka-aineista leikkaamiseen, karkeaan k\u00e4sittelyyn, testaukseen, puhdistukseen, kokoonpanoon, pakkaamiseen ja kuljetukseen, hallitsemme jokaisen vaiheen huolellisesti varmistaaksemme erinomaisen laadun.<\/p>\n<p><strong>3) N\u00e4yteprosessi:<\/strong> Voimme kehitt\u00e4\u00e4 n\u00e4ytteit\u00e4 erityisvaatimustesi mukaisesti ja muokata niit\u00e4 jatkuvasti tarpeidesi mukaan. Tyytyv\u00e4isyytesi on meille etusijalla.<\/p>\n<p><strong>4) Tutkimus ja kehitys:<\/strong> Keskittyen markkinatrendeihin ja asiakkaiden vaatimuksiin, tutkimme jatkuvasti uusia tarpeita ja kehit\u00e4mme innovatiivisia hydraulisylinterimalleja.<\/p>\n<p><strong>5) Tiukka k\u00e4sittely ja tarkastus:<\/strong> Jokainen hydraulisylinteri k\u00e4y l\u00e4pi perusteellisen k\u00e4sittelyn ja tarkastuksen, jotta voimme taata poikkeuksellisen laadun ja luotettavuuden arvokkaille asiakkaillemme.<\/p>\n<p><img decoding=\"async\" src=\"https:\/\/fmp-components.com\/wp-content\/uploads\/2024\/12\/fmp-factory-4.webp\" alt=\"FMP-tehdas\" width=\"800\" title=\"\"><br \/>\nTekij\u00e4: CX<\/p>","protected":false},"excerpt":{"rendered":"<p>The 10016 Hot Selling Trailer Hydraulic Cylinder is expertly designed to enhance the functionality of agricultural trailers, providing reliable performance and robust durability. This hydraulic cylinder is an essential component for farmers looking to maximize efficiency and ease of operation in their agricultural activities. Key Features: Efficient Hydraulic Performance: The 10016 hydraulic cylinder is engineered [&hellip;]<\/p>","protected":false},"featured_media":1132,"comment_status":"closed","ping_status":"closed","template":"","meta":{"_et_pb_use_builder":"","_et_pb_old_content":"","_et_gb_content_width":""},"product_brand":[],"product_cat":[31],"product_tag":[34,35],"class_list":{"0":"post-936","1":"product","2":"type-product","3":"status-publish","4":"has-post-thumbnail","6":"product_cat-welded-tee-type-cylinder","7":"product_tag-hydraulic-cylinder","8":"product_tag-welded-tee-type-cylinder","10":"first","11":"instock","12":"product-type-simple"},"_links":{"self":[{"href":"https:\/\/fmp-components.com\/fi\/wp-json\/wp\/v2\/product\/936","targetHints":{"allow":["GET"]}}],"collection":[{"href":"https:\/\/fmp-components.com\/fi\/wp-json\/wp\/v2\/product"}],"about":[{"href":"https:\/\/fmp-components.com\/fi\/wp-json\/wp\/v2\/types\/product"}],"replies":[{"embeddable":true,"href":"https:\/\/fmp-components.com\/fi\/wp-json\/wp\/v2\/comments?post=936"}],"wp:featuredmedia":[{"embeddable":true,"href":"https:\/\/fmp-components.com\/fi\/wp-json\/wp\/v2\/media\/1132"}],"wp:attachment":[{"href":"https:\/\/fmp-components.com\/fi\/wp-json\/wp\/v2\/media?parent=936"}],"wp:term":[{"taxonomy":"product_brand","embeddable":true,"href":"https:\/\/fmp-components.com\/fi\/wp-json\/wp\/v2\/product_brand?post=936"},{"taxonomy":"product_cat","embeddable":true,"href":"https:\/\/fmp-components.com\/fi\/wp-json\/wp\/v2\/product_cat?post=936"},{"taxonomy":"product_tag","embeddable":true,"href":"https:\/\/fmp-components.com\/fi\/wp-json\/wp\/v2\/product_tag?post=936"}],"curies":[{"name":"wp","href":"https:\/\/api.w.org\/{rel}","templated":true}]}}